{"id":1881873,"date":"2026-04-04T11:22:37","date_gmt":"2026-04-04T09:22:37","guid":{"rendered":"https:\/\/dev6.erresse-shop.it\/shop\/sin%20categor\u00eda\/guzzini-dolcevita-jarra-transparente-con-tapa\/"},"modified":"2025-09-14T09:21:20","modified_gmt":"2025-09-14T07:21:20","slug":"guzzini-dolcevita-jarra-transparente-con-tapa","status":"publish","type":"product","link":"https:\/\/dev6.erresse-shop.it\/es\/shop\/tabla\/jarras-garaffas-botellas\/guzzini-dolcevita-jarra-transparente-con-tapa\/","title":{"rendered":"GUZZINI Dolcevita Jarra transparente con tapa"},"content":{"rendered":"<p>Jarra con tapa fabricada con material de base biol\u00f3gica*: un moderno pl\u00e1stico de base biol\u00f3gica fabricado a partir de desechos y residuos de biomasa vegetal, por lo que es renovable, no f\u00f3sil y 100% reciclable.<\/p>\n<p>*El producto est\u00e1 fabricado con un 60% de pl\u00e1stico biol\u00f3gico. El pl\u00e1stico puede rastrearse hasta el material de desecho biol\u00f3gico atribuido a este producto mediante el enfoque de balance de masas ISCC.<\/p>\n<p>Tapa guardapolvo con rejilla antihielo<br \/>\nBoquilla de goteo<br \/>\nExcelente ergonom\u00eda del mango<br \/>\nFabricado con pl\u00e1stico de origen biol\u00f3gico* y 100% reciclable<br \/>\nCapacidad 1,75 l<\/p>\n<p>Dise\u00f1ador: Pio&amp;Tito Toso<\/p>\n","protected":false},"excerpt":{"rendered":"<p>Jarra con tapa fabricada con material de base biol\u00f3gica*: un moderno pl\u00e1stico de base biol\u00f3gica fabricado a partir de desechos y residuos de biomasa vegetal, por lo que es renovable, no f\u00f3sil y 100% reciclable. *El producto est\u00e1 fabricado con un 60% de pl\u00e1stico biol\u00f3gico. El pl\u00e1stico puede rastrearse hasta el material de desecho biol\u00f3gico [&hellip;]<\/p>\n","protected":false},"featured_media":6285566,"template":"","meta":{"_acf_changed":false},"product_cat":[11899,11887,11671],"product_tag":[],"class_list":{"0":"post-1881873","1":"product","2":"type-product","3":"status-publish","4":"has-post-thumbnail","6":"product_cat-jarras-garaffas-botellas","7":"product_cat-tabla","8":"product_cat-tavola","10":"first","11":"instock","12":"taxable","13":"shipping-taxable","14":"purchasable","15":"product-type-simple","swatches":"rey-swatches","show_selected":"","stretch_labels":"rey-swatches--stretch-labels"},"acf":[],"yoast_head":"<!-- This site is optimized with the Yoast SEO plugin v25.4 - https:\/\/yoast.com\/wordpress\/plugins\/seo\/ -->\n<title>GUZZINI Dolcevita Jarra transparente con tapa - dev6 Erresse<\/title>\n<meta name=\"description\" content=\"Jarra con tapa fabricada con material de base biol\u00f3gica*: un moderno pl\u00e1stico de base biol\u00f3gica fabricado a partir de desechos y residuos de biomasa\" \/>\n<meta name=\"robots\" content=\"noindex, follow, max-snippet:-1, max-image-preview:large, max-video-preview:-1\" \/>\n<meta property=\"og:locale\" content=\"es_ES\" \/>\n<meta property=\"og:type\" content=\"article\" \/>\n<meta property=\"og:title\" content=\"GUZZINI Dolcevita Jarra transparente con tapa - dev6 Erresse\" \/>\n<meta property=\"og:description\" content=\"Jarra con tapa fabricada con material de base biol\u00f3gica*: un moderno pl\u00e1stico de base biol\u00f3gica fabricado a partir de desechos y residuos de biomasa\" \/>\n<meta property=\"og:url\" content=\"https:\/\/dev6.erresse-shop.it\/es\/shop\/tabla\/jarras-garaffas-botellas\/guzzini-dolcevita-jarra-transparente-con-tapa\/\" \/>\n<meta property=\"og:site_name\" content=\"dev6 Erresse\" \/>\n<meta property=\"og:image\" content=\"https:\/\/interpim.erresse-shop.it\/Import\/Prodotti\/guzzini-dolcevita-caraffa-con-coperchio-trasparente.jpg\" \/><meta property=\"og:image\" content=\"https:\/\/interpim.erresse-shop.it\/Import\/Prodotti\/guzzini-dolcevita-caraffa-con-coperchio-trasparente.jpg\" \/>\n\t<meta property=\"og:image:width\" content=\"1024\" \/>\n\t<meta property=\"og:image:height\" content=\"1024\" \/>\n\t<meta property=\"og:image:type\" content=\"image\/jpeg\" \/>\n<meta name=\"twitter:card\" content=\"summary_large_image\" \/>\n<meta name=\"twitter:image\" content=\"https:\/\/interpim.erresse-shop.it\/Import\/Prodotti\/guzzini-dolcevita-caraffa-con-coperchio-trasparente.jpg\" \/>\n<script type=\"application\/ld+json\" class=\"yoast-schema-graph\">{\"@context\":\"https:\/\/schema.org\",\"@graph\":[{\"@type\":\"WebPage\",\"@id\":\"https:\/\/dev6.erresse-shop.it\/es\/shop\/tabla\/jarras-garaffas-botellas\/guzzini-dolcevita-jarra-transparente-con-tapa\/\",\"url\":\"https:\/\/dev6.erresse-shop.it\/es\/shop\/tabla\/jarras-garaffas-botellas\/guzzini-dolcevita-jarra-transparente-con-tapa\/\",\"name\":\"GUZZINI Dolcevita Jarra transparente con tapa - dev6 Erresse\",\"isPartOf\":{\"@id\":\"https:\/\/dev6.erresse-shop.it\/#website\"},\"primaryImageOfPage\":{\"@id\":\"https:\/\/dev6.erresse-shop.it\/es\/shop\/tabla\/jarras-garaffas-botellas\/guzzini-dolcevita-jarra-transparente-con-tapa\/#primaryimage\"},\"image\":{\"@id\":\"https:\/\/dev6.erresse-shop.it\/es\/shop\/tabla\/jarras-garaffas-botellas\/guzzini-dolcevita-jarra-transparente-con-tapa\/#primaryimage\"},\"thumbnailUrl\":\"https:\/\/i3.wp.com\/interpim.erresse-shop.it\/Import\/Prodotti\/guzzini-dolcevita-caraffa-con-coperchio-trasparente.jpg?ssl=1\",\"datePublished\":\"2026-04-04T09:22:37+00:00\",\"description\":\"Jarra con tapa fabricada con material de base biol\u00f3gica*: un moderno pl\u00e1stico de base biol\u00f3gica fabricado a partir de desechos y residuos de biomasa\",\"breadcrumb\":{\"@id\":\"https:\/\/dev6.erresse-shop.it\/es\/shop\/tabla\/jarras-garaffas-botellas\/guzzini-dolcevita-jarra-transparente-con-tapa\/#breadcrumb\"},\"inLanguage\":\"es\",\"potentialAction\":[{\"@type\":\"ReadAction\",\"target\":[\"https:\/\/dev6.erresse-shop.it\/es\/shop\/tabla\/jarras-garaffas-botellas\/guzzini-dolcevita-jarra-transparente-con-tapa\/\"]}]},{\"@type\":\"ImageObject\",\"inLanguage\":\"es\",\"@id\":\"https:\/\/dev6.erresse-shop.it\/es\/shop\/tabla\/jarras-garaffas-botellas\/guzzini-dolcevita-jarra-transparente-con-tapa\/#primaryimage\",\"url\":\"https:\/\/i3.wp.com\/interpim.erresse-shop.it\/Import\/Prodotti\/guzzini-dolcevita-caraffa-con-coperchio-trasparente.jpg?ssl=1\",\"contentUrl\":\"https:\/\/i3.wp.com\/interpim.erresse-shop.it\/Import\/Prodotti\/guzzini-dolcevita-caraffa-con-coperchio-trasparente.jpg?ssl=1\"},{\"@type\":\"BreadcrumbList\",\"@id\":\"https:\/\/dev6.erresse-shop.it\/es\/shop\/tabla\/jarras-garaffas-botellas\/guzzini-dolcevita-jarra-transparente-con-tapa\/#breadcrumb\",\"itemListElement\":[{\"@type\":\"ListItem\",\"position\":1,\"name\":\"Home\",\"item\":\"https:\/\/dev6.erresse-shop.it\/\"},{\"@type\":\"ListItem\",\"position\":2,\"name\":\"Tienda\",\"item\":\"https:\/\/dev6.erresse-shop.it\/shop\/\"},{\"@type\":\"ListItem\",\"position\":3,\"name\":\"GUZZINI Dolcevita Jarra transparente con tapa\"}]},{\"@type\":\"WebSite\",\"@id\":\"https:\/\/dev6.erresse-shop.it\/#website\",\"url\":\"https:\/\/dev6.erresse-shop.it\/\",\"name\":\"Erresse Shop\",\"description\":\"\",\"publisher\":{\"@id\":\"https:\/\/dev6.erresse-shop.it\/#organization\"},\"potentialAction\":[{\"@type\":\"SearchAction\",\"target\":{\"@type\":\"EntryPoint\",\"urlTemplate\":\"https:\/\/dev6.erresse-shop.it\/?s={search_term_string}\"},\"query-input\":{\"@type\":\"PropertyValueSpecification\",\"valueRequired\":true,\"valueName\":\"search_term_string\"}}],\"inLanguage\":\"es\"},{\"@type\":\"Organization\",\"@id\":\"https:\/\/dev6.erresse-shop.it\/#organization\",\"name\":\"Erresse Shop\",\"url\":\"https:\/\/dev6.erresse-shop.it\/\",\"logo\":{\"@type\":\"ImageObject\",\"inLanguage\":\"es\",\"@id\":\"https:\/\/dev6.erresse-shop.it\/#\/schema\/logo\/image\/\",\"url\":\"https:\/\/dev6.erresse-shop.it\/wp-content\/uploads\/2025\/01\/LOGO-ERRESSE-CLASSICO.svg\",\"contentUrl\":\"https:\/\/dev6.erresse-shop.it\/wp-content\/uploads\/2025\/01\/LOGO-ERRESSE-CLASSICO.svg\",\"caption\":\"Erresse Shop\"},\"image\":{\"@id\":\"https:\/\/dev6.erresse-shop.it\/#\/schema\/logo\/image\/\"}}]}<\/script>\n<!-- \/ Yoast SEO plugin. -->","yoast_head_json":{"title":"GUZZINI Dolcevita Jarra transparente con tapa - dev6 Erresse","description":"Jarra con tapa fabricada con material de base biol\u00f3gica*: un moderno pl\u00e1stico de base biol\u00f3gica fabricado a partir de desechos y residuos de biomasa","robots":{"index":"noindex","follow":"follow","max-snippet":"max-snippet:-1","max-image-preview":"max-image-preview:large","max-video-preview":"max-video-preview:-1"},"og_locale":"es_ES","og_type":"article","og_title":"GUZZINI Dolcevita Jarra transparente con tapa - dev6 Erresse","og_description":"Jarra con tapa fabricada con material de base biol\u00f3gica*: un moderno pl\u00e1stico de base biol\u00f3gica fabricado a partir de desechos y residuos de biomasa","og_url":"https:\/\/dev6.erresse-shop.it\/es\/shop\/tabla\/jarras-garaffas-botellas\/guzzini-dolcevita-jarra-transparente-con-tapa\/","og_site_name":"dev6 Erresse","og_image":[{"url":"https:\/\/interpim.erresse-shop.it\/Import\/Prodotti\/guzzini-dolcevita-caraffa-con-coperchio-trasparente.jpg","type":"","width":"","height":""},{"url":"https:\/\/interpim.erresse-shop.it\/Import\/Prodotti\/guzzini-dolcevita-caraffa-con-coperchio-trasparente.jpg","width":1024,"height":1024,"type":"image\/jpeg"}],"twitter_card":"summary_large_image","twitter_image":"https:\/\/interpim.erresse-shop.it\/Import\/Prodotti\/guzzini-dolcevita-caraffa-con-coperchio-trasparente.jpg","schema":{"@context":"https:\/\/schema.org","@graph":[{"@type":"WebPage","@id":"https:\/\/dev6.erresse-shop.it\/es\/shop\/tabla\/jarras-garaffas-botellas\/guzzini-dolcevita-jarra-transparente-con-tapa\/","url":"https:\/\/dev6.erresse-shop.it\/es\/shop\/tabla\/jarras-garaffas-botellas\/guzzini-dolcevita-jarra-transparente-con-tapa\/","name":"GUZZINI Dolcevita Jarra transparente con tapa - dev6 Erresse","isPartOf":{"@id":"https:\/\/dev6.erresse-shop.it\/#website"},"primaryImageOfPage":{"@id":"https:\/\/dev6.erresse-shop.it\/es\/shop\/tabla\/jarras-garaffas-botellas\/guzzini-dolcevita-jarra-transparente-con-tapa\/#primaryimage"},"image":{"@id":"https:\/\/dev6.erresse-shop.it\/es\/shop\/tabla\/jarras-garaffas-botellas\/guzzini-dolcevita-jarra-transparente-con-tapa\/#primaryimage"},"thumbnailUrl":"https:\/\/i3.wp.com\/interpim.erresse-shop.it\/Import\/Prodotti\/guzzini-dolcevita-caraffa-con-coperchio-trasparente.jpg?ssl=1","datePublished":"2026-04-04T09:22:37+00:00","description":"Jarra con tapa fabricada con material de base biol\u00f3gica*: un moderno pl\u00e1stico de base biol\u00f3gica fabricado a partir de desechos y residuos de biomasa","breadcrumb":{"@id":"https:\/\/dev6.erresse-shop.it\/es\/shop\/tabla\/jarras-garaffas-botellas\/guzzini-dolcevita-jarra-transparente-con-tapa\/#breadcrumb"},"inLanguage":"es","potentialAction":[{"@type":"ReadAction","target":["https:\/\/dev6.erresse-shop.it\/es\/shop\/tabla\/jarras-garaffas-botellas\/guzzini-dolcevita-jarra-transparente-con-tapa\/"]}]},{"@type":"ImageObject","inLanguage":"es","@id":"https:\/\/dev6.erresse-shop.it\/es\/shop\/tabla\/jarras-garaffas-botellas\/guzzini-dolcevita-jarra-transparente-con-tapa\/#primaryimage","url":"https:\/\/i3.wp.com\/interpim.erresse-shop.it\/Import\/Prodotti\/guzzini-dolcevita-caraffa-con-coperchio-trasparente.jpg?ssl=1","contentUrl":"https:\/\/i3.wp.com\/interpim.erresse-shop.it\/Import\/Prodotti\/guzzini-dolcevita-caraffa-con-coperchio-trasparente.jpg?ssl=1"},{"@type":"BreadcrumbList","@id":"https:\/\/dev6.erresse-shop.it\/es\/shop\/tabla\/jarras-garaffas-botellas\/guzzini-dolcevita-jarra-transparente-con-tapa\/#breadcrumb","itemListElement":[{"@type":"ListItem","position":1,"name":"Home","item":"https:\/\/dev6.erresse-shop.it\/"},{"@type":"ListItem","position":2,"name":"Tienda","item":"https:\/\/dev6.erresse-shop.it\/shop\/"},{"@type":"ListItem","position":3,"name":"GUZZINI Dolcevita Jarra transparente con tapa"}]},{"@type":"WebSite","@id":"https:\/\/dev6.erresse-shop.it\/#website","url":"https:\/\/dev6.erresse-shop.it\/","name":"Erresse Shop","description":"","publisher":{"@id":"https:\/\/dev6.erresse-shop.it\/#organization"},"potentialAction":[{"@type":"SearchAction","target":{"@type":"EntryPoint","urlTemplate":"https:\/\/dev6.erresse-shop.it\/?s={search_term_string}"},"query-input":{"@type":"PropertyValueSpecification","valueRequired":true,"valueName":"search_term_string"}}],"inLanguage":"es"},{"@type":"Organization","@id":"https:\/\/dev6.erresse-shop.it\/#organization","name":"Erresse Shop","url":"https:\/\/dev6.erresse-shop.it\/","logo":{"@type":"ImageObject","inLanguage":"es","@id":"https:\/\/dev6.erresse-shop.it\/#\/schema\/logo\/image\/","url":"https:\/\/dev6.erresse-shop.it\/wp-content\/uploads\/2025\/01\/LOGO-ERRESSE-CLASSICO.svg","contentUrl":"https:\/\/dev6.erresse-shop.it\/wp-content\/uploads\/2025\/01\/LOGO-ERRESSE-CLASSICO.svg","caption":"Erresse Shop"},"image":{"@id":"https:\/\/dev6.erresse-shop.it\/#\/schema\/logo\/image\/"}}]}},"df_price":36,"df_sale_price":"","df_regular_price":36,"df_image_link":"https:\/\/i3.wp.com\/interpim.erresse-shop.it\/Import\/Prodotti\/guzzini-dolcevita-caraffa-con-coperchio-trasparente.jpg?resize=300,300&ssl=1","fifu_image_url":"https:\/\/interpim.erresse-shop.it\/Import\/Prodotti\/guzzini-dolcevita-caraffa-con-coperchio-trasparente.jpg","_links":{"self":[{"href":"https:\/\/dev6.erresse-shop.it\/es\/wp-json\/wp\/v2\/product\/1881873","targetHints":{"allow":["GET"]}}],"collection":[{"href":"https:\/\/dev6.erresse-shop.it\/es\/wp-json\/wp\/v2\/product"}],"about":[{"href":"https:\/\/dev6.erresse-shop.it\/es\/wp-json\/wp\/v2\/types\/product"}],"wp:featuredmedia":[{"embeddable":true,"href":"https:\/\/dev6.erresse-shop.it\/es\/wp-json\/wp\/v2\/media\/6285566"}],"wp:attachment":[{"href":"https:\/\/dev6.erresse-shop.it\/es\/wp-json\/wp\/v2\/media?parent=1881873"}],"wp:term":[{"taxonomy":"product_cat","embeddable":true,"href":"https:\/\/dev6.erresse-shop.it\/es\/wp-json\/wp\/v2\/product_cat?post=1881873"},{"taxonomy":"product_tag","embeddable":true,"href":"https:\/\/dev6.erresse-shop.it\/es\/wp-json\/wp\/v2\/product_tag?post=1881873"}],"curies":[{"name":"wp","href":"https:\/\/api.w.org\/{rel}","templated":true}]}}