{"id":1881857,"date":"2026-04-12T11:25:18","date_gmt":"2026-04-12T09:25:18","guid":{"rendered":"https:\/\/dev6.erresse-shop.it\/shop\/sin%20categor\u00eda\/zwilling-sommelier-bomba-de-vacio-para-vino\/"},"modified":"2025-09-14T09:20:50","modified_gmt":"2025-09-14T07:20:50","slug":"zwilling-sommelier-bomba-de-vacio-para-vino","status":"publish","type":"product","link":"https:\/\/dev6.erresse-shop.it\/es\/shop\/tabla\/vino\/zwilling-sommelier-bomba-de-vacio-para-vino\/","title":{"rendered":"ZWILLING Sommelier Bomba de vac\u00edo para vino"},"content":{"rendered":"<p>La bomba elimina el ox\u00edgeno de la botella abierta, lo que garantiza el mantenimiento de un sabor \u00f3ptimo. Incluye dos tapones de goma con una v\u00e1lvula de control incorporada para facilitar su funcionamiento.<\/p>\n<p>Extrae el ox\u00edgeno de la botella abierta, evitando que el vino se oxide.<br \/>\nDe este modo, el sabor y el aroma del vino se mantienen en la botella herm\u00e9ticamente cerrada hasta siete d\u00edas.<\/p>\n","protected":false},"excerpt":{"rendered":"<p>La bomba elimina el ox\u00edgeno de la botella abierta, lo que garantiza el mantenimiento de un sabor \u00f3ptimo. Incluye dos tapones de goma con una v\u00e1lvula de control incorporada para facilitar su funcionamiento. Extrae el ox\u00edgeno de la botella abierta, evitando que el vino se oxide. De este modo, el sabor y el aroma del [&hellip;]<\/p>\n","protected":false},"featured_media":6368804,"template":"","meta":{"_acf_changed":false},"product_cat":[11887,11961],"product_tag":[],"class_list":{"0":"post-1881857","1":"product","2":"type-product","3":"status-publish","4":"has-post-thumbnail","6":"product_cat-tabla","7":"product_cat-vino","9":"first","10":"instock","11":"sale","12":"taxable","13":"shipping-taxable","14":"purchasable","15":"product-type-simple","swatches":"rey-swatches","show_selected":"","stretch_labels":"rey-swatches--stretch-labels"},"acf":[],"yoast_head":"<!-- This site is optimized with the Yoast SEO plugin v25.4 - https:\/\/yoast.com\/wordpress\/plugins\/seo\/ -->\n<title>ZWILLING Sommelier Bomba de vac\u00edo para vino - dev6 Erresse<\/title>\n<meta name=\"description\" content=\"La bomba elimina el ox\u00edgeno de la botella abierta, lo que garantiza el mantenimiento de un sabor \u00f3ptimo. Incluye dos tapones de goma con una v\u00e1lvula de\" \/>\n<meta name=\"robots\" content=\"noindex, follow, max-snippet:-1, max-image-preview:large, max-video-preview:-1\" \/>\n<meta property=\"og:locale\" content=\"es_ES\" \/>\n<meta property=\"og:type\" content=\"article\" \/>\n<meta property=\"og:title\" content=\"ZWILLING Sommelier Bomba de vac\u00edo para vino - dev6 Erresse\" \/>\n<meta property=\"og:description\" content=\"La bomba elimina el ox\u00edgeno de la botella abierta, lo que garantiza el mantenimiento de un sabor \u00f3ptimo. Incluye dos tapones de goma con una v\u00e1lvula de\" \/>\n<meta property=\"og:url\" content=\"https:\/\/dev6.erresse-shop.it\/es\/shop\/tabla\/vino\/zwilling-sommelier-bomba-de-vacio-para-vino\/\" \/>\n<meta property=\"og:site_name\" content=\"dev6 Erresse\" \/>\n<meta property=\"og:image\" content=\"https:\/\/interpim.erresse-shop.it\/img-catalogo\/zwilling\/zwilling-sommelier-pompa-tappa-vino.png\" \/><meta property=\"og:image\" content=\"https:\/\/interpim.erresse-shop.it\/img-catalogo\/zwilling\/zwilling-sommelier-pompa-tappa-vino.png\" \/>\n\t<meta property=\"og:image:width\" content=\"1024\" \/>\n\t<meta property=\"og:image:height\" content=\"1024\" \/>\n\t<meta property=\"og:image:type\" content=\"image\/jpeg\" \/>\n<meta name=\"twitter:card\" content=\"summary_large_image\" \/>\n<meta name=\"twitter:image\" content=\"https:\/\/interpim.erresse-shop.it\/img-catalogo\/zwilling\/zwilling-sommelier-pompa-tappa-vino.png\" \/>\n<script type=\"application\/ld+json\" class=\"yoast-schema-graph\">{\"@context\":\"https:\/\/schema.org\",\"@graph\":[{\"@type\":\"WebPage\",\"@id\":\"https:\/\/dev6.erresse-shop.it\/es\/shop\/tabla\/vino\/zwilling-sommelier-bomba-de-vacio-para-vino\/\",\"url\":\"https:\/\/dev6.erresse-shop.it\/es\/shop\/tabla\/vino\/zwilling-sommelier-bomba-de-vacio-para-vino\/\",\"name\":\"ZWILLING Sommelier Bomba de vac\u00edo para vino - dev6 Erresse\",\"isPartOf\":{\"@id\":\"https:\/\/dev6.erresse-shop.it\/#website\"},\"primaryImageOfPage\":{\"@id\":\"https:\/\/dev6.erresse-shop.it\/es\/shop\/tabla\/vino\/zwilling-sommelier-bomba-de-vacio-para-vino\/#primaryimage\"},\"image\":{\"@id\":\"https:\/\/dev6.erresse-shop.it\/es\/shop\/tabla\/vino\/zwilling-sommelier-bomba-de-vacio-para-vino\/#primaryimage\"},\"thumbnailUrl\":\"https:\/\/i0.wp.com\/interpim.erresse-shop.it\/img-catalogo\/zwilling\/zwilling-sommelier-pompa-tappa-vino.png?ssl=1\",\"datePublished\":\"2026-04-12T09:25:18+00:00\",\"description\":\"La bomba elimina el ox\u00edgeno de la botella abierta, lo que garantiza el mantenimiento de un sabor \u00f3ptimo. Incluye dos tapones de goma con una v\u00e1lvula de\",\"breadcrumb\":{\"@id\":\"https:\/\/dev6.erresse-shop.it\/es\/shop\/tabla\/vino\/zwilling-sommelier-bomba-de-vacio-para-vino\/#breadcrumb\"},\"inLanguage\":\"es\",\"potentialAction\":[{\"@type\":\"ReadAction\",\"target\":[\"https:\/\/dev6.erresse-shop.it\/es\/shop\/tabla\/vino\/zwilling-sommelier-bomba-de-vacio-para-vino\/\"]}]},{\"@type\":\"ImageObject\",\"inLanguage\":\"es\",\"@id\":\"https:\/\/dev6.erresse-shop.it\/es\/shop\/tabla\/vino\/zwilling-sommelier-bomba-de-vacio-para-vino\/#primaryimage\",\"url\":\"https:\/\/i0.wp.com\/interpim.erresse-shop.it\/img-catalogo\/zwilling\/zwilling-sommelier-pompa-tappa-vino.png?ssl=1\",\"contentUrl\":\"https:\/\/i0.wp.com\/interpim.erresse-shop.it\/img-catalogo\/zwilling\/zwilling-sommelier-pompa-tappa-vino.png?ssl=1\"},{\"@type\":\"BreadcrumbList\",\"@id\":\"https:\/\/dev6.erresse-shop.it\/es\/shop\/tabla\/vino\/zwilling-sommelier-bomba-de-vacio-para-vino\/#breadcrumb\",\"itemListElement\":[{\"@type\":\"ListItem\",\"position\":1,\"name\":\"Home\",\"item\":\"https:\/\/dev6.erresse-shop.it\/\"},{\"@type\":\"ListItem\",\"position\":2,\"name\":\"Tienda\",\"item\":\"https:\/\/dev6.erresse-shop.it\/shop\/\"},{\"@type\":\"ListItem\",\"position\":3,\"name\":\"ZWILLING Sommelier Bomba de vac\u00edo para vino\"}]},{\"@type\":\"WebSite\",\"@id\":\"https:\/\/dev6.erresse-shop.it\/#website\",\"url\":\"https:\/\/dev6.erresse-shop.it\/\",\"name\":\"Erresse Shop\",\"description\":\"\",\"publisher\":{\"@id\":\"https:\/\/dev6.erresse-shop.it\/#organization\"},\"potentialAction\":[{\"@type\":\"SearchAction\",\"target\":{\"@type\":\"EntryPoint\",\"urlTemplate\":\"https:\/\/dev6.erresse-shop.it\/?s={search_term_string}\"},\"query-input\":{\"@type\":\"PropertyValueSpecification\",\"valueRequired\":true,\"valueName\":\"search_term_string\"}}],\"inLanguage\":\"es\"},{\"@type\":\"Organization\",\"@id\":\"https:\/\/dev6.erresse-shop.it\/#organization\",\"name\":\"Erresse Shop\",\"url\":\"https:\/\/dev6.erresse-shop.it\/\",\"logo\":{\"@type\":\"ImageObject\",\"inLanguage\":\"es\",\"@id\":\"https:\/\/dev6.erresse-shop.it\/#\/schema\/logo\/image\/\",\"url\":\"https:\/\/dev6.erresse-shop.it\/wp-content\/uploads\/2025\/01\/LOGO-ERRESSE-CLASSICO.svg\",\"contentUrl\":\"https:\/\/dev6.erresse-shop.it\/wp-content\/uploads\/2025\/01\/LOGO-ERRESSE-CLASSICO.svg\",\"caption\":\"Erresse Shop\"},\"image\":{\"@id\":\"https:\/\/dev6.erresse-shop.it\/#\/schema\/logo\/image\/\"}}]}<\/script>\n<!-- \/ Yoast SEO plugin. -->","yoast_head_json":{"title":"ZWILLING Sommelier Bomba de vac\u00edo para vino - dev6 Erresse","description":"La bomba elimina el ox\u00edgeno de la botella abierta, lo que garantiza el mantenimiento de un sabor \u00f3ptimo. Incluye dos tapones de goma con una v\u00e1lvula de","robots":{"index":"noindex","follow":"follow","max-snippet":"max-snippet:-1","max-image-preview":"max-image-preview:large","max-video-preview":"max-video-preview:-1"},"og_locale":"es_ES","og_type":"article","og_title":"ZWILLING Sommelier Bomba de vac\u00edo para vino - dev6 Erresse","og_description":"La bomba elimina el ox\u00edgeno de la botella abierta, lo que garantiza el mantenimiento de un sabor \u00f3ptimo. Incluye dos tapones de goma con una v\u00e1lvula de","og_url":"https:\/\/dev6.erresse-shop.it\/es\/shop\/tabla\/vino\/zwilling-sommelier-bomba-de-vacio-para-vino\/","og_site_name":"dev6 Erresse","og_image":[{"url":"https:\/\/interpim.erresse-shop.it\/img-catalogo\/zwilling\/zwilling-sommelier-pompa-tappa-vino.png","type":"","width":"","height":""},{"url":"https:\/\/interpim.erresse-shop.it\/img-catalogo\/zwilling\/zwilling-sommelier-pompa-tappa-vino.png","width":1024,"height":1024,"type":"image\/jpeg"}],"twitter_card":"summary_large_image","twitter_image":"https:\/\/interpim.erresse-shop.it\/img-catalogo\/zwilling\/zwilling-sommelier-pompa-tappa-vino.png","schema":{"@context":"https:\/\/schema.org","@graph":[{"@type":"WebPage","@id":"https:\/\/dev6.erresse-shop.it\/es\/shop\/tabla\/vino\/zwilling-sommelier-bomba-de-vacio-para-vino\/","url":"https:\/\/dev6.erresse-shop.it\/es\/shop\/tabla\/vino\/zwilling-sommelier-bomba-de-vacio-para-vino\/","name":"ZWILLING Sommelier Bomba de vac\u00edo para vino - dev6 Erresse","isPartOf":{"@id":"https:\/\/dev6.erresse-shop.it\/#website"},"primaryImageOfPage":{"@id":"https:\/\/dev6.erresse-shop.it\/es\/shop\/tabla\/vino\/zwilling-sommelier-bomba-de-vacio-para-vino\/#primaryimage"},"image":{"@id":"https:\/\/dev6.erresse-shop.it\/es\/shop\/tabla\/vino\/zwilling-sommelier-bomba-de-vacio-para-vino\/#primaryimage"},"thumbnailUrl":"https:\/\/i0.wp.com\/interpim.erresse-shop.it\/img-catalogo\/zwilling\/zwilling-sommelier-pompa-tappa-vino.png?ssl=1","datePublished":"2026-04-12T09:25:18+00:00","description":"La bomba elimina el ox\u00edgeno de la botella abierta, lo que garantiza el mantenimiento de un sabor \u00f3ptimo. Incluye dos tapones de goma con una v\u00e1lvula de","breadcrumb":{"@id":"https:\/\/dev6.erresse-shop.it\/es\/shop\/tabla\/vino\/zwilling-sommelier-bomba-de-vacio-para-vino\/#breadcrumb"},"inLanguage":"es","potentialAction":[{"@type":"ReadAction","target":["https:\/\/dev6.erresse-shop.it\/es\/shop\/tabla\/vino\/zwilling-sommelier-bomba-de-vacio-para-vino\/"]}]},{"@type":"ImageObject","inLanguage":"es","@id":"https:\/\/dev6.erresse-shop.it\/es\/shop\/tabla\/vino\/zwilling-sommelier-bomba-de-vacio-para-vino\/#primaryimage","url":"https:\/\/i0.wp.com\/interpim.erresse-shop.it\/img-catalogo\/zwilling\/zwilling-sommelier-pompa-tappa-vino.png?ssl=1","contentUrl":"https:\/\/i0.wp.com\/interpim.erresse-shop.it\/img-catalogo\/zwilling\/zwilling-sommelier-pompa-tappa-vino.png?ssl=1"},{"@type":"BreadcrumbList","@id":"https:\/\/dev6.erresse-shop.it\/es\/shop\/tabla\/vino\/zwilling-sommelier-bomba-de-vacio-para-vino\/#breadcrumb","itemListElement":[{"@type":"ListItem","position":1,"name":"Home","item":"https:\/\/dev6.erresse-shop.it\/"},{"@type":"ListItem","position":2,"name":"Tienda","item":"https:\/\/dev6.erresse-shop.it\/shop\/"},{"@type":"ListItem","position":3,"name":"ZWILLING Sommelier Bomba de vac\u00edo para vino"}]},{"@type":"WebSite","@id":"https:\/\/dev6.erresse-shop.it\/#website","url":"https:\/\/dev6.erresse-shop.it\/","name":"Erresse Shop","description":"","publisher":{"@id":"https:\/\/dev6.erresse-shop.it\/#organization"},"potentialAction":[{"@type":"SearchAction","target":{"@type":"EntryPoint","urlTemplate":"https:\/\/dev6.erresse-shop.it\/?s={search_term_string}"},"query-input":{"@type":"PropertyValueSpecification","valueRequired":true,"valueName":"search_term_string"}}],"inLanguage":"es"},{"@type":"Organization","@id":"https:\/\/dev6.erresse-shop.it\/#organization","name":"Erresse Shop","url":"https:\/\/dev6.erresse-shop.it\/","logo":{"@type":"ImageObject","inLanguage":"es","@id":"https:\/\/dev6.erresse-shop.it\/#\/schema\/logo\/image\/","url":"https:\/\/dev6.erresse-shop.it\/wp-content\/uploads\/2025\/01\/LOGO-ERRESSE-CLASSICO.svg","contentUrl":"https:\/\/dev6.erresse-shop.it\/wp-content\/uploads\/2025\/01\/LOGO-ERRESSE-CLASSICO.svg","caption":"Erresse Shop"},"image":{"@id":"https:\/\/dev6.erresse-shop.it\/#\/schema\/logo\/image\/"}}]}},"df_price":37,"df_sale_price":37,"df_regular_price":42.95,"df_image_link":"https:\/\/i0.wp.com\/interpim.erresse-shop.it\/img-catalogo\/zwilling\/zwilling-sommelier-pompa-tappa-vino.png?resize=300,300&ssl=1","fifu_image_url":"https:\/\/interpim.erresse-shop.it\/img-catalogo\/zwilling\/zwilling-sommelier-pompa-tappa-vino.png","_links":{"self":[{"href":"https:\/\/dev6.erresse-shop.it\/es\/wp-json\/wp\/v2\/product\/1881857","targetHints":{"allow":["GET"]}}],"collection":[{"href":"https:\/\/dev6.erresse-shop.it\/es\/wp-json\/wp\/v2\/product"}],"about":[{"href":"https:\/\/dev6.erresse-shop.it\/es\/wp-json\/wp\/v2\/types\/product"}],"wp:featuredmedia":[{"embeddable":true,"href":"https:\/\/dev6.erresse-shop.it\/es\/wp-json\/wp\/v2\/media\/6368804"}],"wp:attachment":[{"href":"https:\/\/dev6.erresse-shop.it\/es\/wp-json\/wp\/v2\/media?parent=1881857"}],"wp:term":[{"taxonomy":"product_cat","embeddable":true,"href":"https:\/\/dev6.erresse-shop.it\/es\/wp-json\/wp\/v2\/product_cat?post=1881857"},{"taxonomy":"product_tag","embeddable":true,"href":"https:\/\/dev6.erresse-shop.it\/es\/wp-json\/wp\/v2\/product_tag?post=1881857"}],"curies":[{"name":"wp","href":"https:\/\/api.w.org\/{rel}","templated":true}]}}