{"id":1881847,"date":"2026-04-12T11:23:12","date_gmt":"2026-04-12T09:23:12","guid":{"rendered":"https:\/\/dev6.erresse-shop.it\/shop\/sin%20categor\u00eda\/zwilling-pro-desnatadora\/"},"modified":"2025-09-14T09:20:27","modified_gmt":"2025-09-14T07:20:27","slug":"zwilling-pro-desnatadora","status":"publish","type":"product","link":"https:\/\/dev6.erresse-shop.it\/es\/shop\/cocina\/herramientas\/zwilling-pro-desnatadora\/","title":{"rendered":"ZWILLING PRO Desnatadora"},"content":{"rendered":"<p>Una espumadera es un accesorio de cocina perfecto para escurrir el exceso de grasas o almidones. Tambi\u00e9n es ideal para introducir o sacar de las cacerolas alimentos m\u00e1s delicados, como sp\u00e4tzle, verduras o frituras sin salpicar. El skimmer de la colecci\u00f3n ZWILLING Pro con orificios circulares est\u00e1 fabricado en acero inoxidable de alta calidad y fue desarrollado por los dise\u00f1adores Matteo Thun y Antonio Rodriguez. Por eso es tan elegante y, sobre todo, tiene un dise\u00f1o atemporal que seguir\u00e1 impresionando en los a\u00f1os venideros. El dise\u00f1o del mango no s\u00f3lo se centra en la est\u00e9tica, sino tambi\u00e9n en la ergonom\u00eda y la practicidad. El skimmer es especialmente f\u00e1cil de manejar y, gracias al gran anillo del mango, se puede colgar c\u00f3modamente de diferentes tipos de ganchos. La forma c\u00f3ncava tambi\u00e9n permite retirar los alimentos del fondo de la cacerola, incluso los m\u00e1s peque\u00f1os, gracias a los agujeros practicados en la espumadera. Una vez usado, simplemente puede meterlo en el lavavajillas y colgarlo en la barra de utensilios de la cocina para exhibirlo.<\/p>\n<p>Dise\u00f1o minimalista de Matteo Thun y Antonio Rodr\u00edguez.<br \/>\nHecho de acero inoxidable de alta calidad<br \/>\nMangos de dise\u00f1o ergon\u00f3mico para trabajar sin esfuerzo, con transici\u00f3n continua al v\u00e1stago que garantiza la m\u00e1xima higiene.<br \/>\nAptas para el lavavajillas<br \/>\nIdeal para retirar alimentos m\u00e1s peque\u00f1os de la freidora o cacerola: el exceso de l\u00edquido se drena a trav\u00e9s de las aberturas grandes<\/p>\n","protected":false},"excerpt":{"rendered":"<p>Una espumadera es un accesorio de cocina perfecto para escurrir el exceso de grasas o almidones. Tambi\u00e9n es ideal para introducir o sacar de las cacerolas alimentos m\u00e1s delicados, como sp\u00e4tzle, verduras o frituras sin salpicar. El skimmer de la colecci\u00f3n ZWILLING Pro con orificios circulares est\u00e1 fabricado en acero inoxidable de alta calidad y [&hellip;]<\/p>\n","protected":false},"featured_media":6368795,"template":"","meta":{"_acf_changed":false},"product_cat":[11884,11668,11900],"product_tag":[],"class_list":{"0":"post-1881847","1":"product","2":"type-product","3":"status-publish","4":"has-post-thumbnail","6":"product_cat-cocina","7":"product_cat-cucina","8":"product_cat-herramientas","10":"first","11":"instock","12":"taxable","13":"shipping-taxable","14":"purchasable","15":"product-type-simple","swatches":"rey-swatches","show_selected":"","stretch_labels":"rey-swatches--stretch-labels"},"acf":[],"yoast_head":"<!-- This site is optimized with the Yoast SEO plugin v25.4 - https:\/\/yoast.com\/wordpress\/plugins\/seo\/ -->\n<title>ZWILLING PRO Desnatadora - dev6 Erresse<\/title>\n<meta name=\"description\" content=\"Una espumadera es un accesorio de cocina perfecto para escurrir el exceso de grasas o almidones. Tambi\u00e9n es ideal para introducir o sacar de las cacerolas\" \/>\n<meta name=\"robots\" content=\"noindex, follow, max-snippet:-1, max-image-preview:large, max-video-preview:-1\" \/>\n<meta property=\"og:locale\" content=\"es_ES\" \/>\n<meta property=\"og:type\" content=\"article\" \/>\n<meta property=\"og:title\" content=\"ZWILLING PRO Desnatadora - dev6 Erresse\" \/>\n<meta property=\"og:description\" content=\"Una espumadera es un accesorio de cocina perfecto para escurrir el exceso de grasas o almidones. Tambi\u00e9n es ideal para introducir o sacar de las cacerolas\" \/>\n<meta property=\"og:url\" content=\"https:\/\/dev6.erresse-shop.it\/es\/shop\/cocina\/herramientas\/zwilling-pro-desnatadora\/\" \/>\n<meta property=\"og:site_name\" content=\"dev6 Erresse\" \/>\n<meta property=\"og:image\" content=\"https:\/\/interpim.erresse-shop.it\/img-catalogo\/zwilling\/zwilling-pro-schiumarola.png\" \/><meta property=\"og:image\" content=\"https:\/\/interpim.erresse-shop.it\/img-catalogo\/zwilling\/zwilling-pro-schiumarola.png\" \/>\n\t<meta property=\"og:image:width\" content=\"1024\" \/>\n\t<meta property=\"og:image:height\" content=\"1024\" \/>\n\t<meta property=\"og:image:type\" content=\"image\/jpeg\" \/>\n<meta name=\"twitter:card\" content=\"summary_large_image\" \/>\n<meta name=\"twitter:image\" content=\"https:\/\/interpim.erresse-shop.it\/img-catalogo\/zwilling\/zwilling-pro-schiumarola.png\" \/>\n<script type=\"application\/ld+json\" class=\"yoast-schema-graph\">{\"@context\":\"https:\/\/schema.org\",\"@graph\":[{\"@type\":\"WebPage\",\"@id\":\"https:\/\/dev6.erresse-shop.it\/es\/shop\/cocina\/herramientas\/zwilling-pro-desnatadora\/\",\"url\":\"https:\/\/dev6.erresse-shop.it\/es\/shop\/cocina\/herramientas\/zwilling-pro-desnatadora\/\",\"name\":\"ZWILLING PRO Desnatadora - dev6 Erresse\",\"isPartOf\":{\"@id\":\"https:\/\/dev6.erresse-shop.it\/#website\"},\"primaryImageOfPage\":{\"@id\":\"https:\/\/dev6.erresse-shop.it\/es\/shop\/cocina\/herramientas\/zwilling-pro-desnatadora\/#primaryimage\"},\"image\":{\"@id\":\"https:\/\/dev6.erresse-shop.it\/es\/shop\/cocina\/herramientas\/zwilling-pro-desnatadora\/#primaryimage\"},\"thumbnailUrl\":\"https:\/\/i2.wp.com\/interpim.erresse-shop.it\/img-catalogo\/zwilling\/zwilling-pro-schiumarola.png?ssl=1\",\"datePublished\":\"2026-04-12T09:23:12+00:00\",\"description\":\"Una espumadera es un accesorio de cocina perfecto para escurrir el exceso de grasas o almidones. Tambi\u00e9n es ideal para introducir o sacar de las cacerolas\",\"breadcrumb\":{\"@id\":\"https:\/\/dev6.erresse-shop.it\/es\/shop\/cocina\/herramientas\/zwilling-pro-desnatadora\/#breadcrumb\"},\"inLanguage\":\"es\",\"potentialAction\":[{\"@type\":\"ReadAction\",\"target\":[\"https:\/\/dev6.erresse-shop.it\/es\/shop\/cocina\/herramientas\/zwilling-pro-desnatadora\/\"]}]},{\"@type\":\"ImageObject\",\"inLanguage\":\"es\",\"@id\":\"https:\/\/dev6.erresse-shop.it\/es\/shop\/cocina\/herramientas\/zwilling-pro-desnatadora\/#primaryimage\",\"url\":\"https:\/\/i2.wp.com\/interpim.erresse-shop.it\/img-catalogo\/zwilling\/zwilling-pro-schiumarola.png?ssl=1\",\"contentUrl\":\"https:\/\/i2.wp.com\/interpim.erresse-shop.it\/img-catalogo\/zwilling\/zwilling-pro-schiumarola.png?ssl=1\"},{\"@type\":\"BreadcrumbList\",\"@id\":\"https:\/\/dev6.erresse-shop.it\/es\/shop\/cocina\/herramientas\/zwilling-pro-desnatadora\/#breadcrumb\",\"itemListElement\":[{\"@type\":\"ListItem\",\"position\":1,\"name\":\"Home\",\"item\":\"https:\/\/dev6.erresse-shop.it\/\"},{\"@type\":\"ListItem\",\"position\":2,\"name\":\"Tienda\",\"item\":\"https:\/\/dev6.erresse-shop.it\/shop\/\"},{\"@type\":\"ListItem\",\"position\":3,\"name\":\"ZWILLING PRO Desnatadora\"}]},{\"@type\":\"WebSite\",\"@id\":\"https:\/\/dev6.erresse-shop.it\/#website\",\"url\":\"https:\/\/dev6.erresse-shop.it\/\",\"name\":\"Erresse Shop\",\"description\":\"\",\"publisher\":{\"@id\":\"https:\/\/dev6.erresse-shop.it\/#organization\"},\"potentialAction\":[{\"@type\":\"SearchAction\",\"target\":{\"@type\":\"EntryPoint\",\"urlTemplate\":\"https:\/\/dev6.erresse-shop.it\/?s={search_term_string}\"},\"query-input\":{\"@type\":\"PropertyValueSpecification\",\"valueRequired\":true,\"valueName\":\"search_term_string\"}}],\"inLanguage\":\"es\"},{\"@type\":\"Organization\",\"@id\":\"https:\/\/dev6.erresse-shop.it\/#organization\",\"name\":\"Erresse Shop\",\"url\":\"https:\/\/dev6.erresse-shop.it\/\",\"logo\":{\"@type\":\"ImageObject\",\"inLanguage\":\"es\",\"@id\":\"https:\/\/dev6.erresse-shop.it\/#\/schema\/logo\/image\/\",\"url\":\"https:\/\/dev6.erresse-shop.it\/wp-content\/uploads\/2025\/01\/LOGO-ERRESSE-CLASSICO.svg\",\"contentUrl\":\"https:\/\/dev6.erresse-shop.it\/wp-content\/uploads\/2025\/01\/LOGO-ERRESSE-CLASSICO.svg\",\"caption\":\"Erresse Shop\"},\"image\":{\"@id\":\"https:\/\/dev6.erresse-shop.it\/#\/schema\/logo\/image\/\"}}]}<\/script>\n<!-- \/ Yoast SEO plugin. -->","yoast_head_json":{"title":"ZWILLING PRO Desnatadora - dev6 Erresse","description":"Una espumadera es un accesorio de cocina perfecto para escurrir el exceso de grasas o almidones. Tambi\u00e9n es ideal para introducir o sacar de las cacerolas","robots":{"index":"noindex","follow":"follow","max-snippet":"max-snippet:-1","max-image-preview":"max-image-preview:large","max-video-preview":"max-video-preview:-1"},"og_locale":"es_ES","og_type":"article","og_title":"ZWILLING PRO Desnatadora - dev6 Erresse","og_description":"Una espumadera es un accesorio de cocina perfecto para escurrir el exceso de grasas o almidones. Tambi\u00e9n es ideal para introducir o sacar de las cacerolas","og_url":"https:\/\/dev6.erresse-shop.it\/es\/shop\/cocina\/herramientas\/zwilling-pro-desnatadora\/","og_site_name":"dev6 Erresse","og_image":[{"url":"https:\/\/interpim.erresse-shop.it\/img-catalogo\/zwilling\/zwilling-pro-schiumarola.png","type":"","width":"","height":""},{"url":"https:\/\/interpim.erresse-shop.it\/img-catalogo\/zwilling\/zwilling-pro-schiumarola.png","width":1024,"height":1024,"type":"image\/jpeg"}],"twitter_card":"summary_large_image","twitter_image":"https:\/\/interpim.erresse-shop.it\/img-catalogo\/zwilling\/zwilling-pro-schiumarola.png","schema":{"@context":"https:\/\/schema.org","@graph":[{"@type":"WebPage","@id":"https:\/\/dev6.erresse-shop.it\/es\/shop\/cocina\/herramientas\/zwilling-pro-desnatadora\/","url":"https:\/\/dev6.erresse-shop.it\/es\/shop\/cocina\/herramientas\/zwilling-pro-desnatadora\/","name":"ZWILLING PRO Desnatadora - dev6 Erresse","isPartOf":{"@id":"https:\/\/dev6.erresse-shop.it\/#website"},"primaryImageOfPage":{"@id":"https:\/\/dev6.erresse-shop.it\/es\/shop\/cocina\/herramientas\/zwilling-pro-desnatadora\/#primaryimage"},"image":{"@id":"https:\/\/dev6.erresse-shop.it\/es\/shop\/cocina\/herramientas\/zwilling-pro-desnatadora\/#primaryimage"},"thumbnailUrl":"https:\/\/i2.wp.com\/interpim.erresse-shop.it\/img-catalogo\/zwilling\/zwilling-pro-schiumarola.png?ssl=1","datePublished":"2026-04-12T09:23:12+00:00","description":"Una espumadera es un accesorio de cocina perfecto para escurrir el exceso de grasas o almidones. Tambi\u00e9n es ideal para introducir o sacar de las cacerolas","breadcrumb":{"@id":"https:\/\/dev6.erresse-shop.it\/es\/shop\/cocina\/herramientas\/zwilling-pro-desnatadora\/#breadcrumb"},"inLanguage":"es","potentialAction":[{"@type":"ReadAction","target":["https:\/\/dev6.erresse-shop.it\/es\/shop\/cocina\/herramientas\/zwilling-pro-desnatadora\/"]}]},{"@type":"ImageObject","inLanguage":"es","@id":"https:\/\/dev6.erresse-shop.it\/es\/shop\/cocina\/herramientas\/zwilling-pro-desnatadora\/#primaryimage","url":"https:\/\/i2.wp.com\/interpim.erresse-shop.it\/img-catalogo\/zwilling\/zwilling-pro-schiumarola.png?ssl=1","contentUrl":"https:\/\/i2.wp.com\/interpim.erresse-shop.it\/img-catalogo\/zwilling\/zwilling-pro-schiumarola.png?ssl=1"},{"@type":"BreadcrumbList","@id":"https:\/\/dev6.erresse-shop.it\/es\/shop\/cocina\/herramientas\/zwilling-pro-desnatadora\/#breadcrumb","itemListElement":[{"@type":"ListItem","position":1,"name":"Home","item":"https:\/\/dev6.erresse-shop.it\/"},{"@type":"ListItem","position":2,"name":"Tienda","item":"https:\/\/dev6.erresse-shop.it\/shop\/"},{"@type":"ListItem","position":3,"name":"ZWILLING PRO Desnatadora"}]},{"@type":"WebSite","@id":"https:\/\/dev6.erresse-shop.it\/#website","url":"https:\/\/dev6.erresse-shop.it\/","name":"Erresse Shop","description":"","publisher":{"@id":"https:\/\/dev6.erresse-shop.it\/#organization"},"potentialAction":[{"@type":"SearchAction","target":{"@type":"EntryPoint","urlTemplate":"https:\/\/dev6.erresse-shop.it\/?s={search_term_string}"},"query-input":{"@type":"PropertyValueSpecification","valueRequired":true,"valueName":"search_term_string"}}],"inLanguage":"es"},{"@type":"Organization","@id":"https:\/\/dev6.erresse-shop.it\/#organization","name":"Erresse Shop","url":"https:\/\/dev6.erresse-shop.it\/","logo":{"@type":"ImageObject","inLanguage":"es","@id":"https:\/\/dev6.erresse-shop.it\/#\/schema\/logo\/image\/","url":"https:\/\/dev6.erresse-shop.it\/wp-content\/uploads\/2025\/01\/LOGO-ERRESSE-CLASSICO.svg","contentUrl":"https:\/\/dev6.erresse-shop.it\/wp-content\/uploads\/2025\/01\/LOGO-ERRESSE-CLASSICO.svg","caption":"Erresse Shop"},"image":{"@id":"https:\/\/dev6.erresse-shop.it\/#\/schema\/logo\/image\/"}}]}},"df_price":26.95,"df_sale_price":"","df_regular_price":26.95,"df_image_link":"https:\/\/i2.wp.com\/interpim.erresse-shop.it\/img-catalogo\/zwilling\/zwilling-pro-schiumarola.png?resize=300,300&ssl=1","fifu_image_url":"https:\/\/interpim.erresse-shop.it\/img-catalogo\/zwilling\/zwilling-pro-schiumarola.png","_links":{"self":[{"href":"https:\/\/dev6.erresse-shop.it\/es\/wp-json\/wp\/v2\/product\/1881847","targetHints":{"allow":["GET"]}}],"collection":[{"href":"https:\/\/dev6.erresse-shop.it\/es\/wp-json\/wp\/v2\/product"}],"about":[{"href":"https:\/\/dev6.erresse-shop.it\/es\/wp-json\/wp\/v2\/types\/product"}],"wp:featuredmedia":[{"embeddable":true,"href":"https:\/\/dev6.erresse-shop.it\/es\/wp-json\/wp\/v2\/media\/6368795"}],"wp:attachment":[{"href":"https:\/\/dev6.erresse-shop.it\/es\/wp-json\/wp\/v2\/media?parent=1881847"}],"wp:term":[{"taxonomy":"product_cat","embeddable":true,"href":"https:\/\/dev6.erresse-shop.it\/es\/wp-json\/wp\/v2\/product_cat?post=1881847"},{"taxonomy":"product_tag","embeddable":true,"href":"https:\/\/dev6.erresse-shop.it\/es\/wp-json\/wp\/v2\/product_tag?post=1881847"}],"curies":[{"name":"wp","href":"https:\/\/api.w.org\/{rel}","templated":true}]}}