{"id":1881809,"date":"2026-04-12T11:21:11","date_gmt":"2026-04-12T09:21:11","guid":{"rendered":"https:\/\/dev6.erresse-shop.it\/shop\/sin%20categor\u00eda\/zwilling-z-cut-rallador-espiral\/"},"modified":"2025-09-14T09:19:03","modified_gmt":"2025-09-14T07:19:03","slug":"zwilling-z-cut-rallador-espiral","status":"publish","type":"product","link":"https:\/\/dev6.erresse-shop.it\/es\/shop\/cocina\/herramientas\/zwilling-z-cut-rallador-espiral\/","title":{"rendered":"ZWILLING Z-CUT Rallador Espiral"},"content":{"rendered":"<p>Cocinar con ingredientes frescos y saludables nunca ha sido tan r\u00e1pido. El espiralizador ZWILLING serie Z-Cut permite procesar frutas y verduras de una forma realmente eficiente. Puedes elegir entre hacer espirales de verduras, hacer espaguetis o fettuccine veganos con calabacines o crear sabrosas espirales de patatas: utiliza toda tu imaginaci\u00f3n gracias a los tres insertos equipados con cuchillas que transforman esta herramienta indispensable en cortadora de verduras, cortador de espaguetis y mucho m\u00e1s. \u00bfQu\u00e9 marca la diferencia? \u00a1Las cuchillas ZWILLING, por supuesto! Y no es de extra\u00f1ar, ya que son el resultado de nuestro amplio conocimiento y de las tecnolog\u00edas que utilizamos para las hojas y los cuchillos. Las cuchillas son tan afiladas que puedes utilizarlas para hacer porciones f\u00e1ciles de morder sin ning\u00fan esfuerzo. El rallador fue dise\u00f1ado por el d\u00fao de dise\u00f1adores milaneses Matteo Thun y Antonio Rodr\u00edguez: te encantar\u00e1 su aspecto minimalista y atemporal. Sin olvidar la practicidad: guarde los insertos de cuchillas que no utilice en el cuerpo de pl\u00e1stico, listos para su uso. Los materiales utilizados (acero inoxidable 18\/10 y pl\u00e1stico de alta calidad) hacen que el espiralizador sea f\u00e1cil de limpiar y siempre perfecto en el tiempo. \u00bfSab\u00edas que tambi\u00e9n puedes lavar todo en el lavavajillas?<\/p>\n<p>Espiralizador 4 en 1: para hacer espaguetis y fettuccine de verduras, con 3 anchos diferentes<br \/>\nPara preparar verduras en espiral, verduras para comer crudas o incre\u00edbles decoraciones de frutas para el postre.<br \/>\nApto para lavavajillas, mantiene su forma y apariencia y dura mucho tiempo.<br \/>\nFabricado en acero inoxidable 18\/10<\/p>\n","protected":false},"excerpt":{"rendered":"<p>Cocinar con ingredientes frescos y saludables nunca ha sido tan r\u00e1pido. El espiralizador ZWILLING serie Z-Cut permite procesar frutas y verduras de una forma realmente eficiente. Puedes elegir entre hacer espirales de verduras, hacer espaguetis o fettuccine veganos con calabacines o crear sabrosas espirales de patatas: utiliza toda tu imaginaci\u00f3n gracias a los tres insertos [&hellip;]<\/p>\n","protected":false},"featured_media":6368726,"template":"","meta":{"_acf_changed":false},"product_cat":[11884,11900,11945,11684],"product_tag":[],"class_list":{"0":"post-1881809","1":"product","2":"type-product","3":"status-publish","4":"has-post-thumbnail","6":"product_cat-cocina","7":"product_cat-herramientas","8":"product_cat-ralladores","9":"product_cat-utensili","11":"first","12":"instock","13":"taxable","14":"shipping-taxable","15":"purchasable","16":"product-type-simple","swatches":"rey-swatches","show_selected":"","stretch_labels":"rey-swatches--stretch-labels"},"acf":[],"yoast_head":"<!-- This site is optimized with the Yoast SEO plugin v25.4 - https:\/\/yoast.com\/wordpress\/plugins\/seo\/ -->\n<title>ZWILLING Z-CUT Rallador Espiral - dev6 Erresse<\/title>\n<meta name=\"description\" content=\"Cocinar con ingredientes frescos y saludables nunca ha sido tan r\u00e1pido. El espiralizador ZWILLING serie Z-Cut permite procesar frutas y verduras de una\" \/>\n<meta name=\"robots\" content=\"noindex, follow, max-snippet:-1, max-image-preview:large, max-video-preview:-1\" \/>\n<meta property=\"og:locale\" content=\"es_ES\" \/>\n<meta property=\"og:type\" content=\"article\" \/>\n<meta property=\"og:title\" content=\"ZWILLING Z-CUT Rallador Espiral - dev6 Erresse\" \/>\n<meta property=\"og:description\" content=\"Cocinar con ingredientes frescos y saludables nunca ha sido tan r\u00e1pido. El espiralizador ZWILLING serie Z-Cut permite procesar frutas y verduras de una\" \/>\n<meta property=\"og:url\" content=\"https:\/\/dev6.erresse-shop.it\/es\/shop\/cocina\/herramientas\/zwilling-z-cut-rallador-espiral\/\" \/>\n<meta property=\"og:site_name\" content=\"dev6 Erresse\" \/>\n<meta property=\"og:image\" content=\"https:\/\/interpim.erresse-shop.it\/img-catalogo\/zwilling\/zwilling-z-cut-grattugia-spirale.png\" \/><meta property=\"og:image\" content=\"https:\/\/interpim.erresse-shop.it\/img-catalogo\/zwilling\/zwilling-z-cut-grattugia-spirale.png\" \/>\n\t<meta property=\"og:image:width\" content=\"1024\" \/>\n\t<meta property=\"og:image:height\" content=\"1024\" \/>\n\t<meta property=\"og:image:type\" content=\"image\/jpeg\" \/>\n<meta name=\"twitter:card\" content=\"summary_large_image\" \/>\n<meta name=\"twitter:image\" content=\"https:\/\/interpim.erresse-shop.it\/img-catalogo\/zwilling\/zwilling-z-cut-grattugia-spirale.png\" \/>\n<script type=\"application\/ld+json\" class=\"yoast-schema-graph\">{\"@context\":\"https:\/\/schema.org\",\"@graph\":[{\"@type\":\"WebPage\",\"@id\":\"https:\/\/dev6.erresse-shop.it\/es\/shop\/cocina\/herramientas\/zwilling-z-cut-rallador-espiral\/\",\"url\":\"https:\/\/dev6.erresse-shop.it\/es\/shop\/cocina\/herramientas\/zwilling-z-cut-rallador-espiral\/\",\"name\":\"ZWILLING Z-CUT Rallador Espiral - dev6 Erresse\",\"isPartOf\":{\"@id\":\"https:\/\/dev6.erresse-shop.it\/#website\"},\"primaryImageOfPage\":{\"@id\":\"https:\/\/dev6.erresse-shop.it\/es\/shop\/cocina\/herramientas\/zwilling-z-cut-rallador-espiral\/#primaryimage\"},\"image\":{\"@id\":\"https:\/\/dev6.erresse-shop.it\/es\/shop\/cocina\/herramientas\/zwilling-z-cut-rallador-espiral\/#primaryimage\"},\"thumbnailUrl\":\"https:\/\/i3.wp.com\/interpim.erresse-shop.it\/img-catalogo\/zwilling\/zwilling-z-cut-grattugia-spirale.png?ssl=1\",\"datePublished\":\"2026-04-12T09:21:11+00:00\",\"description\":\"Cocinar con ingredientes frescos y saludables nunca ha sido tan r\u00e1pido. El espiralizador ZWILLING serie Z-Cut permite procesar frutas y verduras de una\",\"breadcrumb\":{\"@id\":\"https:\/\/dev6.erresse-shop.it\/es\/shop\/cocina\/herramientas\/zwilling-z-cut-rallador-espiral\/#breadcrumb\"},\"inLanguage\":\"es\",\"potentialAction\":[{\"@type\":\"ReadAction\",\"target\":[\"https:\/\/dev6.erresse-shop.it\/es\/shop\/cocina\/herramientas\/zwilling-z-cut-rallador-espiral\/\"]}]},{\"@type\":\"ImageObject\",\"inLanguage\":\"es\",\"@id\":\"https:\/\/dev6.erresse-shop.it\/es\/shop\/cocina\/herramientas\/zwilling-z-cut-rallador-espiral\/#primaryimage\",\"url\":\"https:\/\/i3.wp.com\/interpim.erresse-shop.it\/img-catalogo\/zwilling\/zwilling-z-cut-grattugia-spirale.png?ssl=1\",\"contentUrl\":\"https:\/\/i3.wp.com\/interpim.erresse-shop.it\/img-catalogo\/zwilling\/zwilling-z-cut-grattugia-spirale.png?ssl=1\"},{\"@type\":\"BreadcrumbList\",\"@id\":\"https:\/\/dev6.erresse-shop.it\/es\/shop\/cocina\/herramientas\/zwilling-z-cut-rallador-espiral\/#breadcrumb\",\"itemListElement\":[{\"@type\":\"ListItem\",\"position\":1,\"name\":\"Home\",\"item\":\"https:\/\/dev6.erresse-shop.it\/\"},{\"@type\":\"ListItem\",\"position\":2,\"name\":\"Tienda\",\"item\":\"https:\/\/dev6.erresse-shop.it\/shop\/\"},{\"@type\":\"ListItem\",\"position\":3,\"name\":\"ZWILLING Z-CUT Rallador Espiral\"}]},{\"@type\":\"WebSite\",\"@id\":\"https:\/\/dev6.erresse-shop.it\/#website\",\"url\":\"https:\/\/dev6.erresse-shop.it\/\",\"name\":\"Erresse Shop\",\"description\":\"\",\"publisher\":{\"@id\":\"https:\/\/dev6.erresse-shop.it\/#organization\"},\"potentialAction\":[{\"@type\":\"SearchAction\",\"target\":{\"@type\":\"EntryPoint\",\"urlTemplate\":\"https:\/\/dev6.erresse-shop.it\/?s={search_term_string}\"},\"query-input\":{\"@type\":\"PropertyValueSpecification\",\"valueRequired\":true,\"valueName\":\"search_term_string\"}}],\"inLanguage\":\"es\"},{\"@type\":\"Organization\",\"@id\":\"https:\/\/dev6.erresse-shop.it\/#organization\",\"name\":\"Erresse Shop\",\"url\":\"https:\/\/dev6.erresse-shop.it\/\",\"logo\":{\"@type\":\"ImageObject\",\"inLanguage\":\"es\",\"@id\":\"https:\/\/dev6.erresse-shop.it\/#\/schema\/logo\/image\/\",\"url\":\"https:\/\/dev6.erresse-shop.it\/wp-content\/uploads\/2025\/01\/LOGO-ERRESSE-CLASSICO.svg\",\"contentUrl\":\"https:\/\/dev6.erresse-shop.it\/wp-content\/uploads\/2025\/01\/LOGO-ERRESSE-CLASSICO.svg\",\"caption\":\"Erresse Shop\"},\"image\":{\"@id\":\"https:\/\/dev6.erresse-shop.it\/#\/schema\/logo\/image\/\"}}]}<\/script>\n<!-- \/ Yoast SEO plugin. -->","yoast_head_json":{"title":"ZWILLING Z-CUT Rallador Espiral - dev6 Erresse","description":"Cocinar con ingredientes frescos y saludables nunca ha sido tan r\u00e1pido. El espiralizador ZWILLING serie Z-Cut permite procesar frutas y verduras de una","robots":{"index":"noindex","follow":"follow","max-snippet":"max-snippet:-1","max-image-preview":"max-image-preview:large","max-video-preview":"max-video-preview:-1"},"og_locale":"es_ES","og_type":"article","og_title":"ZWILLING Z-CUT Rallador Espiral - dev6 Erresse","og_description":"Cocinar con ingredientes frescos y saludables nunca ha sido tan r\u00e1pido. El espiralizador ZWILLING serie Z-Cut permite procesar frutas y verduras de una","og_url":"https:\/\/dev6.erresse-shop.it\/es\/shop\/cocina\/herramientas\/zwilling-z-cut-rallador-espiral\/","og_site_name":"dev6 Erresse","og_image":[{"url":"https:\/\/interpim.erresse-shop.it\/img-catalogo\/zwilling\/zwilling-z-cut-grattugia-spirale.png","type":"","width":"","height":""},{"url":"https:\/\/interpim.erresse-shop.it\/img-catalogo\/zwilling\/zwilling-z-cut-grattugia-spirale.png","width":1024,"height":1024,"type":"image\/jpeg"}],"twitter_card":"summary_large_image","twitter_image":"https:\/\/interpim.erresse-shop.it\/img-catalogo\/zwilling\/zwilling-z-cut-grattugia-spirale.png","schema":{"@context":"https:\/\/schema.org","@graph":[{"@type":"WebPage","@id":"https:\/\/dev6.erresse-shop.it\/es\/shop\/cocina\/herramientas\/zwilling-z-cut-rallador-espiral\/","url":"https:\/\/dev6.erresse-shop.it\/es\/shop\/cocina\/herramientas\/zwilling-z-cut-rallador-espiral\/","name":"ZWILLING Z-CUT Rallador Espiral - dev6 Erresse","isPartOf":{"@id":"https:\/\/dev6.erresse-shop.it\/#website"},"primaryImageOfPage":{"@id":"https:\/\/dev6.erresse-shop.it\/es\/shop\/cocina\/herramientas\/zwilling-z-cut-rallador-espiral\/#primaryimage"},"image":{"@id":"https:\/\/dev6.erresse-shop.it\/es\/shop\/cocina\/herramientas\/zwilling-z-cut-rallador-espiral\/#primaryimage"},"thumbnailUrl":"https:\/\/i3.wp.com\/interpim.erresse-shop.it\/img-catalogo\/zwilling\/zwilling-z-cut-grattugia-spirale.png?ssl=1","datePublished":"2026-04-12T09:21:11+00:00","description":"Cocinar con ingredientes frescos y saludables nunca ha sido tan r\u00e1pido. El espiralizador ZWILLING serie Z-Cut permite procesar frutas y verduras de una","breadcrumb":{"@id":"https:\/\/dev6.erresse-shop.it\/es\/shop\/cocina\/herramientas\/zwilling-z-cut-rallador-espiral\/#breadcrumb"},"inLanguage":"es","potentialAction":[{"@type":"ReadAction","target":["https:\/\/dev6.erresse-shop.it\/es\/shop\/cocina\/herramientas\/zwilling-z-cut-rallador-espiral\/"]}]},{"@type":"ImageObject","inLanguage":"es","@id":"https:\/\/dev6.erresse-shop.it\/es\/shop\/cocina\/herramientas\/zwilling-z-cut-rallador-espiral\/#primaryimage","url":"https:\/\/i3.wp.com\/interpim.erresse-shop.it\/img-catalogo\/zwilling\/zwilling-z-cut-grattugia-spirale.png?ssl=1","contentUrl":"https:\/\/i3.wp.com\/interpim.erresse-shop.it\/img-catalogo\/zwilling\/zwilling-z-cut-grattugia-spirale.png?ssl=1"},{"@type":"BreadcrumbList","@id":"https:\/\/dev6.erresse-shop.it\/es\/shop\/cocina\/herramientas\/zwilling-z-cut-rallador-espiral\/#breadcrumb","itemListElement":[{"@type":"ListItem","position":1,"name":"Home","item":"https:\/\/dev6.erresse-shop.it\/"},{"@type":"ListItem","position":2,"name":"Tienda","item":"https:\/\/dev6.erresse-shop.it\/shop\/"},{"@type":"ListItem","position":3,"name":"ZWILLING Z-CUT Rallador Espiral"}]},{"@type":"WebSite","@id":"https:\/\/dev6.erresse-shop.it\/#website","url":"https:\/\/dev6.erresse-shop.it\/","name":"Erresse Shop","description":"","publisher":{"@id":"https:\/\/dev6.erresse-shop.it\/#organization"},"potentialAction":[{"@type":"SearchAction","target":{"@type":"EntryPoint","urlTemplate":"https:\/\/dev6.erresse-shop.it\/?s={search_term_string}"},"query-input":{"@type":"PropertyValueSpecification","valueRequired":true,"valueName":"search_term_string"}}],"inLanguage":"es"},{"@type":"Organization","@id":"https:\/\/dev6.erresse-shop.it\/#organization","name":"Erresse Shop","url":"https:\/\/dev6.erresse-shop.it\/","logo":{"@type":"ImageObject","inLanguage":"es","@id":"https:\/\/dev6.erresse-shop.it\/#\/schema\/logo\/image\/","url":"https:\/\/dev6.erresse-shop.it\/wp-content\/uploads\/2025\/01\/LOGO-ERRESSE-CLASSICO.svg","contentUrl":"https:\/\/dev6.erresse-shop.it\/wp-content\/uploads\/2025\/01\/LOGO-ERRESSE-CLASSICO.svg","caption":"Erresse Shop"},"image":{"@id":"https:\/\/dev6.erresse-shop.it\/#\/schema\/logo\/image\/"}}]}},"df_price":17.95,"df_sale_price":"","df_regular_price":17.95,"df_image_link":"https:\/\/i3.wp.com\/interpim.erresse-shop.it\/img-catalogo\/zwilling\/zwilling-z-cut-grattugia-spirale.png?resize=300,300&ssl=1","fifu_image_url":"https:\/\/interpim.erresse-shop.it\/img-catalogo\/zwilling\/zwilling-z-cut-grattugia-spirale.png","_links":{"self":[{"href":"https:\/\/dev6.erresse-shop.it\/es\/wp-json\/wp\/v2\/product\/1881809","targetHints":{"allow":["GET"]}}],"collection":[{"href":"https:\/\/dev6.erresse-shop.it\/es\/wp-json\/wp\/v2\/product"}],"about":[{"href":"https:\/\/dev6.erresse-shop.it\/es\/wp-json\/wp\/v2\/types\/product"}],"wp:featuredmedia":[{"embeddable":true,"href":"https:\/\/dev6.erresse-shop.it\/es\/wp-json\/wp\/v2\/media\/6368726"}],"wp:attachment":[{"href":"https:\/\/dev6.erresse-shop.it\/es\/wp-json\/wp\/v2\/media?parent=1881809"}],"wp:term":[{"taxonomy":"product_cat","embeddable":true,"href":"https:\/\/dev6.erresse-shop.it\/es\/wp-json\/wp\/v2\/product_cat?post=1881809"},{"taxonomy":"product_tag","embeddable":true,"href":"https:\/\/dev6.erresse-shop.it\/es\/wp-json\/wp\/v2\/product_tag?post=1881809"}],"curies":[{"name":"wp","href":"https:\/\/api.w.org\/{rel}","templated":true}]}}