{"id":1881807,"date":"2026-04-12T11:21:11","date_gmt":"2026-04-12T09:21:11","guid":{"rendered":"https:\/\/dev6.erresse-shop.it\/shop\/sin%20categor\u00eda\/zwilling-z-cut-rallador-fino\/"},"modified":"2025-09-14T09:18:58","modified_gmt":"2025-09-14T07:18:58","slug":"zwilling-z-cut-rallador-fino","status":"publish","type":"product","link":"https:\/\/dev6.erresse-shop.it\/es\/shop\/cocina\/herramientas\/zwilling-z-cut-rallador-fino\/","title":{"rendered":"ZWILLING Z-CUT rallador fino"},"content":{"rendered":"<p>Un aut\u00e9ntico todoterreno, peque\u00f1o pero potente, dedicado a quienes se miman con ingredientes frescos y sanos: descubre el rallador fino de la serie ZWILLING Z-Cut. Esta herramienta multifuncional es el resultado de nuestro amplio conocimiento y encarna las tecnolog\u00edas que utilizamos para hojas y cuchillos. Perfecto para rallar y rallar finamente los m\u00e1s diversos ingredientes: desde c\u00edtricos hasta parmesano o nuez moscada. El rallador fino no s\u00f3lo es vers\u00e1til, sino tambi\u00e9n muy eficiente: gracias a la tecnolog\u00eda patentada ZWILLING Z-Cut. Las cuchillas con dise\u00f1o en Z y funci\u00f3n de corte bidireccional te permiten rallar sin esfuerzo. Y las hojas, fabricadas en acero 18\/10, son realmente afiladas. Los accesorios te permitir\u00e1n aprovechar la versatilidad del rallador de la forma que prefieras. Por ejemplo, el recipiente dise\u00f1ado espec\u00edficamente para recoger lo que rallas de forma pr\u00e1ctica y sin ensuciar. Pero \u00bfy si quisieras rallar el parmesano directamente en el plato? No hay problema, el contenedor se puede retirar con un simple gesto. El rallador est\u00e1 equipado con un accesorio para procesar hasta los ingredientes m\u00e1s peque\u00f1os. Gracias a la protecci\u00f3n integrada para los dedos, no hay riesgo de lesiones, incluso al rallar un peque\u00f1o trozo de jengibre. El rallador fino fue desarrollado en Alemania y dise\u00f1ado por el d\u00fao de dise\u00f1adores milaneses Matteo Thun y Antonio Rodr\u00edguez. Despu\u00e9s de su uso, tambi\u00e9n podr\u00e1s meterlo en el lavavajillas, por lo que ser\u00e1 realmente f\u00e1cil de limpiar.<\/p>\n<p>Rallador multifuncional 3 en 1 con protecci\u00f3n para los dedos<br \/>\nDise\u00f1o ZWILLING Z-Cut con tecnolog\u00eda de cuchilla bidireccional<br \/>\nResultados \u00f3ptimos, sin ning\u00fan esfuerzo.<br \/>\nAlmohadillas antideslizantes para usarlo siempre de forma segura<br \/>\nApto para lavavajillas, mantiene su forma y apariencia y dura mucho tiempo.<\/p>\n","protected":false},"excerpt":{"rendered":"<p>Un aut\u00e9ntico todoterreno, peque\u00f1o pero potente, dedicado a quienes se miman con ingredientes frescos y sanos: descubre el rallador fino de la serie ZWILLING Z-Cut. Esta herramienta multifuncional es el resultado de nuestro amplio conocimiento y encarna las tecnolog\u00edas que utilizamos para hojas y cuchillos. Perfecto para rallar y rallar finamente los m\u00e1s diversos ingredientes: [&hellip;]<\/p>\n","protected":false},"featured_media":6368715,"template":"","meta":{"_acf_changed":false},"product_cat":[11884,11900,11945,11684],"product_tag":[],"class_list":{"0":"post-1881807","1":"product","2":"type-product","3":"status-publish","4":"has-post-thumbnail","6":"product_cat-cocina","7":"product_cat-herramientas","8":"product_cat-ralladores","9":"product_cat-utensili","11":"first","12":"instock","13":"taxable","14":"shipping-taxable","15":"purchasable","16":"product-type-simple","swatches":"rey-swatches","show_selected":"","stretch_labels":"rey-swatches--stretch-labels"},"acf":[],"yoast_head":"<!-- This site is optimized with the Yoast SEO plugin v25.4 - https:\/\/yoast.com\/wordpress\/plugins\/seo\/ -->\n<title>ZWILLING Z-CUT rallador fino - dev6 Erresse<\/title>\n<meta name=\"description\" content=\"Un aut\u00e9ntico todoterreno, peque\u00f1o pero potente, dedicado a quienes se miman con ingredientes frescos y sanos: descubre el rallador fino de la serie\" \/>\n<meta name=\"robots\" content=\"noindex, follow, max-snippet:-1, max-image-preview:large, max-video-preview:-1\" \/>\n<meta property=\"og:locale\" content=\"es_ES\" \/>\n<meta property=\"og:type\" content=\"article\" \/>\n<meta property=\"og:title\" content=\"ZWILLING Z-CUT rallador fino - dev6 Erresse\" \/>\n<meta property=\"og:description\" content=\"Un aut\u00e9ntico todoterreno, peque\u00f1o pero potente, dedicado a quienes se miman con ingredientes frescos y sanos: descubre el rallador fino de la serie\" \/>\n<meta property=\"og:url\" content=\"https:\/\/dev6.erresse-shop.it\/es\/shop\/cocina\/herramientas\/zwilling-z-cut-rallador-fino\/\" \/>\n<meta property=\"og:site_name\" content=\"dev6 Erresse\" \/>\n<meta property=\"og:image\" content=\"https:\/\/interpim.erresse-shop.it\/wp-content\/uploads\/2024\/07\/ZWILLING-Z-CUT-Grattugia-Fine.jpg\/zwilling-z-cut-grattugia-fine.jpg\" \/><meta property=\"og:image\" content=\"https:\/\/interpim.erresse-shop.it\/wp-content\/uploads\/2024\/07\/ZWILLING-Z-CUT-Grattugia-Fine.jpg\/zwilling-z-cut-grattugia-fine.jpg\" \/>\n\t<meta property=\"og:image:width\" content=\"1024\" \/>\n\t<meta property=\"og:image:height\" content=\"1024\" \/>\n\t<meta property=\"og:image:type\" content=\"image\/jpeg\" \/>\n<meta name=\"twitter:card\" content=\"summary_large_image\" \/>\n<meta name=\"twitter:image\" content=\"https:\/\/interpim.erresse-shop.it\/wp-content\/uploads\/2024\/07\/ZWILLING-Z-CUT-Grattugia-Fine.jpg\/zwilling-z-cut-grattugia-fine.jpg\" \/>\n<script type=\"application\/ld+json\" class=\"yoast-schema-graph\">{\"@context\":\"https:\/\/schema.org\",\"@graph\":[{\"@type\":\"WebPage\",\"@id\":\"https:\/\/dev6.erresse-shop.it\/es\/shop\/cocina\/herramientas\/zwilling-z-cut-rallador-fino\/\",\"url\":\"https:\/\/dev6.erresse-shop.it\/es\/shop\/cocina\/herramientas\/zwilling-z-cut-rallador-fino\/\",\"name\":\"ZWILLING Z-CUT rallador fino - dev6 Erresse\",\"isPartOf\":{\"@id\":\"https:\/\/dev6.erresse-shop.it\/#website\"},\"primaryImageOfPage\":{\"@id\":\"https:\/\/dev6.erresse-shop.it\/es\/shop\/cocina\/herramientas\/zwilling-z-cut-rallador-fino\/#primaryimage\"},\"image\":{\"@id\":\"https:\/\/dev6.erresse-shop.it\/es\/shop\/cocina\/herramientas\/zwilling-z-cut-rallador-fino\/#primaryimage\"},\"thumbnailUrl\":\"https:\/\/i2.wp.com\/interpim.erresse-shop.it\/wp-content\/uploads\/2024\/07\/ZWILLING-Z-CUT-Grattugia-Fine.jpg\/zwilling-z-cut-grattugia-fine.jpg?ssl=1\",\"datePublished\":\"2026-04-12T09:21:11+00:00\",\"description\":\"Un aut\u00e9ntico todoterreno, peque\u00f1o pero potente, dedicado a quienes se miman con ingredientes frescos y sanos: descubre el rallador fino de la serie\",\"breadcrumb\":{\"@id\":\"https:\/\/dev6.erresse-shop.it\/es\/shop\/cocina\/herramientas\/zwilling-z-cut-rallador-fino\/#breadcrumb\"},\"inLanguage\":\"es\",\"potentialAction\":[{\"@type\":\"ReadAction\",\"target\":[\"https:\/\/dev6.erresse-shop.it\/es\/shop\/cocina\/herramientas\/zwilling-z-cut-rallador-fino\/\"]}]},{\"@type\":\"ImageObject\",\"inLanguage\":\"es\",\"@id\":\"https:\/\/dev6.erresse-shop.it\/es\/shop\/cocina\/herramientas\/zwilling-z-cut-rallador-fino\/#primaryimage\",\"url\":\"https:\/\/i2.wp.com\/interpim.erresse-shop.it\/wp-content\/uploads\/2024\/07\/ZWILLING-Z-CUT-Grattugia-Fine.jpg\/zwilling-z-cut-grattugia-fine.jpg?ssl=1\",\"contentUrl\":\"https:\/\/i2.wp.com\/interpim.erresse-shop.it\/wp-content\/uploads\/2024\/07\/ZWILLING-Z-CUT-Grattugia-Fine.jpg\/zwilling-z-cut-grattugia-fine.jpg?ssl=1\"},{\"@type\":\"BreadcrumbList\",\"@id\":\"https:\/\/dev6.erresse-shop.it\/es\/shop\/cocina\/herramientas\/zwilling-z-cut-rallador-fino\/#breadcrumb\",\"itemListElement\":[{\"@type\":\"ListItem\",\"position\":1,\"name\":\"Home\",\"item\":\"https:\/\/dev6.erresse-shop.it\/\"},{\"@type\":\"ListItem\",\"position\":2,\"name\":\"Tienda\",\"item\":\"https:\/\/dev6.erresse-shop.it\/shop\/\"},{\"@type\":\"ListItem\",\"position\":3,\"name\":\"ZWILLING Z-CUT rallador fino\"}]},{\"@type\":\"WebSite\",\"@id\":\"https:\/\/dev6.erresse-shop.it\/#website\",\"url\":\"https:\/\/dev6.erresse-shop.it\/\",\"name\":\"Erresse Shop\",\"description\":\"\",\"publisher\":{\"@id\":\"https:\/\/dev6.erresse-shop.it\/#organization\"},\"potentialAction\":[{\"@type\":\"SearchAction\",\"target\":{\"@type\":\"EntryPoint\",\"urlTemplate\":\"https:\/\/dev6.erresse-shop.it\/?s={search_term_string}\"},\"query-input\":{\"@type\":\"PropertyValueSpecification\",\"valueRequired\":true,\"valueName\":\"search_term_string\"}}],\"inLanguage\":\"es\"},{\"@type\":\"Organization\",\"@id\":\"https:\/\/dev6.erresse-shop.it\/#organization\",\"name\":\"Erresse Shop\",\"url\":\"https:\/\/dev6.erresse-shop.it\/\",\"logo\":{\"@type\":\"ImageObject\",\"inLanguage\":\"es\",\"@id\":\"https:\/\/dev6.erresse-shop.it\/#\/schema\/logo\/image\/\",\"url\":\"https:\/\/dev6.erresse-shop.it\/wp-content\/uploads\/2025\/01\/LOGO-ERRESSE-CLASSICO.svg\",\"contentUrl\":\"https:\/\/dev6.erresse-shop.it\/wp-content\/uploads\/2025\/01\/LOGO-ERRESSE-CLASSICO.svg\",\"caption\":\"Erresse Shop\"},\"image\":{\"@id\":\"https:\/\/dev6.erresse-shop.it\/#\/schema\/logo\/image\/\"}}]}<\/script>\n<!-- \/ Yoast SEO plugin. -->","yoast_head_json":{"title":"ZWILLING Z-CUT rallador fino - dev6 Erresse","description":"Un aut\u00e9ntico todoterreno, peque\u00f1o pero potente, dedicado a quienes se miman con ingredientes frescos y sanos: descubre el rallador fino de la serie","robots":{"index":"noindex","follow":"follow","max-snippet":"max-snippet:-1","max-image-preview":"max-image-preview:large","max-video-preview":"max-video-preview:-1"},"og_locale":"es_ES","og_type":"article","og_title":"ZWILLING Z-CUT rallador fino - dev6 Erresse","og_description":"Un aut\u00e9ntico todoterreno, peque\u00f1o pero potente, dedicado a quienes se miman con ingredientes frescos y sanos: descubre el rallador fino de la serie","og_url":"https:\/\/dev6.erresse-shop.it\/es\/shop\/cocina\/herramientas\/zwilling-z-cut-rallador-fino\/","og_site_name":"dev6 Erresse","og_image":[{"url":"https:\/\/interpim.erresse-shop.it\/wp-content\/uploads\/2024\/07\/ZWILLING-Z-CUT-Grattugia-Fine.jpg\/zwilling-z-cut-grattugia-fine.jpg","type":"","width":"","height":""},{"url":"https:\/\/interpim.erresse-shop.it\/wp-content\/uploads\/2024\/07\/ZWILLING-Z-CUT-Grattugia-Fine.jpg\/zwilling-z-cut-grattugia-fine.jpg","width":1024,"height":1024,"type":"image\/jpeg"}],"twitter_card":"summary_large_image","twitter_image":"https:\/\/interpim.erresse-shop.it\/wp-content\/uploads\/2024\/07\/ZWILLING-Z-CUT-Grattugia-Fine.jpg\/zwilling-z-cut-grattugia-fine.jpg","schema":{"@context":"https:\/\/schema.org","@graph":[{"@type":"WebPage","@id":"https:\/\/dev6.erresse-shop.it\/es\/shop\/cocina\/herramientas\/zwilling-z-cut-rallador-fino\/","url":"https:\/\/dev6.erresse-shop.it\/es\/shop\/cocina\/herramientas\/zwilling-z-cut-rallador-fino\/","name":"ZWILLING Z-CUT rallador fino - dev6 Erresse","isPartOf":{"@id":"https:\/\/dev6.erresse-shop.it\/#website"},"primaryImageOfPage":{"@id":"https:\/\/dev6.erresse-shop.it\/es\/shop\/cocina\/herramientas\/zwilling-z-cut-rallador-fino\/#primaryimage"},"image":{"@id":"https:\/\/dev6.erresse-shop.it\/es\/shop\/cocina\/herramientas\/zwilling-z-cut-rallador-fino\/#primaryimage"},"thumbnailUrl":"https:\/\/i2.wp.com\/interpim.erresse-shop.it\/wp-content\/uploads\/2024\/07\/ZWILLING-Z-CUT-Grattugia-Fine.jpg\/zwilling-z-cut-grattugia-fine.jpg?ssl=1","datePublished":"2026-04-12T09:21:11+00:00","description":"Un aut\u00e9ntico todoterreno, peque\u00f1o pero potente, dedicado a quienes se miman con ingredientes frescos y sanos: descubre el rallador fino de la serie","breadcrumb":{"@id":"https:\/\/dev6.erresse-shop.it\/es\/shop\/cocina\/herramientas\/zwilling-z-cut-rallador-fino\/#breadcrumb"},"inLanguage":"es","potentialAction":[{"@type":"ReadAction","target":["https:\/\/dev6.erresse-shop.it\/es\/shop\/cocina\/herramientas\/zwilling-z-cut-rallador-fino\/"]}]},{"@type":"ImageObject","inLanguage":"es","@id":"https:\/\/dev6.erresse-shop.it\/es\/shop\/cocina\/herramientas\/zwilling-z-cut-rallador-fino\/#primaryimage","url":"https:\/\/i2.wp.com\/interpim.erresse-shop.it\/wp-content\/uploads\/2024\/07\/ZWILLING-Z-CUT-Grattugia-Fine.jpg\/zwilling-z-cut-grattugia-fine.jpg?ssl=1","contentUrl":"https:\/\/i2.wp.com\/interpim.erresse-shop.it\/wp-content\/uploads\/2024\/07\/ZWILLING-Z-CUT-Grattugia-Fine.jpg\/zwilling-z-cut-grattugia-fine.jpg?ssl=1"},{"@type":"BreadcrumbList","@id":"https:\/\/dev6.erresse-shop.it\/es\/shop\/cocina\/herramientas\/zwilling-z-cut-rallador-fino\/#breadcrumb","itemListElement":[{"@type":"ListItem","position":1,"name":"Home","item":"https:\/\/dev6.erresse-shop.it\/"},{"@type":"ListItem","position":2,"name":"Tienda","item":"https:\/\/dev6.erresse-shop.it\/shop\/"},{"@type":"ListItem","position":3,"name":"ZWILLING Z-CUT rallador fino"}]},{"@type":"WebSite","@id":"https:\/\/dev6.erresse-shop.it\/#website","url":"https:\/\/dev6.erresse-shop.it\/","name":"Erresse Shop","description":"","publisher":{"@id":"https:\/\/dev6.erresse-shop.it\/#organization"},"potentialAction":[{"@type":"SearchAction","target":{"@type":"EntryPoint","urlTemplate":"https:\/\/dev6.erresse-shop.it\/?s={search_term_string}"},"query-input":{"@type":"PropertyValueSpecification","valueRequired":true,"valueName":"search_term_string"}}],"inLanguage":"es"},{"@type":"Organization","@id":"https:\/\/dev6.erresse-shop.it\/#organization","name":"Erresse Shop","url":"https:\/\/dev6.erresse-shop.it\/","logo":{"@type":"ImageObject","inLanguage":"es","@id":"https:\/\/dev6.erresse-shop.it\/#\/schema\/logo\/image\/","url":"https:\/\/dev6.erresse-shop.it\/wp-content\/uploads\/2025\/01\/LOGO-ERRESSE-CLASSICO.svg","contentUrl":"https:\/\/dev6.erresse-shop.it\/wp-content\/uploads\/2025\/01\/LOGO-ERRESSE-CLASSICO.svg","caption":"Erresse Shop"},"image":{"@id":"https:\/\/dev6.erresse-shop.it\/#\/schema\/logo\/image\/"}}]}},"df_price":19.95,"df_sale_price":"","df_regular_price":19.95,"df_image_link":"https:\/\/i2.wp.com\/interpim.erresse-shop.it\/wp-content\/uploads\/2024\/07\/ZWILLING-Z-CUT-Grattugia-Fine.jpg\/zwilling-z-cut-grattugia-fine.jpg?resize=300,300&ssl=1","fifu_image_url":"https:\/\/interpim.erresse-shop.it\/wp-content\/uploads\/2024\/07\/ZWILLING-Z-CUT-Grattugia-Fine.jpg\/zwilling-z-cut-grattugia-fine.jpg","_links":{"self":[{"href":"https:\/\/dev6.erresse-shop.it\/es\/wp-json\/wp\/v2\/product\/1881807","targetHints":{"allow":["GET"]}}],"collection":[{"href":"https:\/\/dev6.erresse-shop.it\/es\/wp-json\/wp\/v2\/product"}],"about":[{"href":"https:\/\/dev6.erresse-shop.it\/es\/wp-json\/wp\/v2\/types\/product"}],"wp:featuredmedia":[{"embeddable":true,"href":"https:\/\/dev6.erresse-shop.it\/es\/wp-json\/wp\/v2\/media\/6368715"}],"wp:attachment":[{"href":"https:\/\/dev6.erresse-shop.it\/es\/wp-json\/wp\/v2\/media?parent=1881807"}],"wp:term":[{"taxonomy":"product_cat","embeddable":true,"href":"https:\/\/dev6.erresse-shop.it\/es\/wp-json\/wp\/v2\/product_cat?post=1881807"},{"taxonomy":"product_tag","embeddable":true,"href":"https:\/\/dev6.erresse-shop.it\/es\/wp-json\/wp\/v2\/product_tag?post=1881807"}],"curies":[{"name":"wp","href":"https:\/\/api.w.org\/{rel}","templated":true}]}}