{"id":1881803,"date":"2026-04-12T11:21:11","date_gmt":"2026-04-12T09:21:11","guid":{"rendered":"https:\/\/dev6.erresse-shop.it\/shop\/sin%20categor\u00eda\/zwilling-z-cut-rallador-multifuncion\/"},"modified":"2026-01-16T22:20:19","modified_gmt":"2026-01-16T21:20:19","slug":"zwilling-z-cut-rallador-multifuncion","status":"publish","type":"product","link":"https:\/\/dev6.erresse-shop.it\/es\/shop\/cocina\/herramientas\/zwilling-z-cut-rallador-multifuncion\/","title":{"rendered":"ZWILLING Z-CUT Rallador Multifunci\u00f3n"},"content":{"rendered":"<p>El todoterreno compacto para tu cocina: el rallador multifunci\u00f3n de la serie ZWILLING Z-Cut corta, rebana y ralla con una sola herramienta indispensable. Las cuatro cuchillas intercambiables (rallador fino, medio, grueso y cuchilla de corte) hacen que esta herramienta multifuncional sea indispensable para procesar frutas, verduras, quesos duros, frutos secos y chocolate de forma r\u00e1pida y sencilla. Incre\u00edblemente eficiente: este rallador vers\u00e1til utiliza la tecnolog\u00eda patentada Z-Cut. Las hojas son el resultado de nuestro amplio conocimiento y de las tecnolog\u00edas que utilizamos para hojas y cuchillos. Gracias a la funci\u00f3n de corte bidireccional, cortar los ingredientes en porciones f\u00e1ciles de morder es muy sencillo. El accesorio para peque\u00f1as cantidades es ideal para procesar ingredientes diminutos, sin riesgo de lesiones gracias a la protecci\u00f3n integrada para los dedos. El recipiente tambi\u00e9n se puede quitar f\u00e1cilmente y con su fondo de goma le da al rallador una estabilidad incre\u00edble, para un mayor control. Incluso el ojo quiere su parte: su dise\u00f1o moderno y minimalista surge de la creatividad del d\u00fao milan\u00e9s Matteo Thun y Antonio Rodr\u00edguez. El rallador se puede lavar c\u00f3modamente en el lavavajillas y es muy f\u00e1cil de limpiar. Un consejo: prueba a utilizar el rallador directamente sobre los sets de envasado al vac\u00edo ZWILLING FRESH &amp; SAVE de tama\u00f1o M o L para conservar lo que has rallado, sin tener que decantar y sin ensuciar.<\/p>\n<p>Rallador multifuncional compacto 7 en 1<br \/>\n4 inserciones de cuchillas intercambiables para rallar, cortar fino o rebanar<br \/>\nAccesorio con protecci\u00f3n para dedos integrada: m\u00e1xima seguridad<br \/>\nDise\u00f1o ZWILLING Z-Cut con tecnolog\u00eda de cuchilla bidireccional<br \/>\nResultados \u00f3ptimos, sin ning\u00fan esfuerzo.<br \/>\nApto para lavavajillas, mantiene la forma y la apariencia.<br \/>\nAlmohadillas antideslizantes para usarlo siempre de forma segura<br \/>\n\u00dasalo con los sets FRESH &amp; SAVE en talla M y L<\/p>\n","protected":false},"excerpt":{"rendered":"<p>El todoterreno compacto para tu cocina: el rallador multifunci\u00f3n de la serie ZWILLING Z-Cut corta, rebana y ralla con una sola herramienta indispensable. Las cuatro cuchillas intercambiables (rallador fino, medio, grueso y cuchilla de corte) hacen que esta herramienta multifuncional sea indispensable para procesar frutas, verduras, quesos duros, frutos secos y chocolate de forma r\u00e1pida [&hellip;]<\/p>\n","protected":false},"featured_media":6368683,"template":"","meta":{"_acf_changed":false},"product_cat":[11884,11900,11945,11684],"product_tag":[],"class_list":{"0":"post-1881803","1":"product","2":"type-product","3":"status-publish","4":"has-post-thumbnail","6":"product_cat-cocina","7":"product_cat-herramientas","8":"product_cat-ralladores","9":"product_cat-utensili","11":"first","12":"instock","13":"sale","14":"taxable","15":"shipping-taxable","16":"purchasable","17":"product-type-simple","swatches":"rey-swatches","show_selected":"","stretch_labels":"rey-swatches--stretch-labels"},"acf":[],"yoast_head":"<!-- This site is optimized with the Yoast SEO plugin v25.4 - https:\/\/yoast.com\/wordpress\/plugins\/seo\/ -->\n<title>ZWILLING Z-CUT Rallador Multifunci\u00f3n - dev6 Erresse<\/title>\n<meta name=\"description\" content=\"El todoterreno compacto para tu cocina: el rallador multifunci\u00f3n de la serie ZWILLING Z-Cut corta, rebana y ralla con una sola herramienta indispensable.\" \/>\n<meta name=\"robots\" content=\"noindex, follow, max-snippet:-1, max-image-preview:large, max-video-preview:-1\" \/>\n<meta property=\"og:locale\" content=\"es_ES\" \/>\n<meta property=\"og:type\" content=\"article\" \/>\n<meta property=\"og:title\" content=\"ZWILLING Z-CUT Rallador Multifunci\u00f3n - dev6 Erresse\" \/>\n<meta property=\"og:description\" content=\"El todoterreno compacto para tu cocina: el rallador multifunci\u00f3n de la serie ZWILLING Z-Cut corta, rebana y ralla con una sola herramienta indispensable.\" \/>\n<meta property=\"og:url\" content=\"https:\/\/dev6.erresse-shop.it\/es\/shop\/cocina\/herramientas\/zwilling-z-cut-rallador-multifuncion\/\" \/>\n<meta property=\"og:site_name\" content=\"dev6 Erresse\" \/>\n<meta property=\"og:image\" content=\"https:\/\/interpim.erresse-shop.it\/wp-content\/uploads\/2024\/07\/ZWILLING-Z-CUT-Grattugia-Multifunzione.jpg\/zwilling-z-cut-grattugia-multifunzione.jpg\" \/><meta property=\"og:image\" content=\"https:\/\/interpim.erresse-shop.it\/wp-content\/uploads\/2024\/07\/ZWILLING-Z-CUT-Grattugia-Multifunzione.jpg\/zwilling-z-cut-grattugia-multifunzione.jpg\" \/>\n\t<meta property=\"og:image:width\" content=\"1024\" \/>\n\t<meta property=\"og:image:height\" content=\"1024\" \/>\n\t<meta property=\"og:image:type\" content=\"image\/jpeg\" \/>\n<meta name=\"twitter:card\" content=\"summary_large_image\" \/>\n<meta name=\"twitter:image\" content=\"https:\/\/interpim.erresse-shop.it\/wp-content\/uploads\/2024\/07\/ZWILLING-Z-CUT-Grattugia-Multifunzione.jpg\/zwilling-z-cut-grattugia-multifunzione.jpg\" \/>\n<script type=\"application\/ld+json\" class=\"yoast-schema-graph\">{\"@context\":\"https:\/\/schema.org\",\"@graph\":[{\"@type\":\"WebPage\",\"@id\":\"https:\/\/dev6.erresse-shop.it\/es\/shop\/cocina\/herramientas\/zwilling-z-cut-rallador-multifuncion\/\",\"url\":\"https:\/\/dev6.erresse-shop.it\/es\/shop\/cocina\/herramientas\/zwilling-z-cut-rallador-multifuncion\/\",\"name\":\"ZWILLING Z-CUT Rallador Multifunci\u00f3n - dev6 Erresse\",\"isPartOf\":{\"@id\":\"https:\/\/dev6.erresse-shop.it\/#website\"},\"primaryImageOfPage\":{\"@id\":\"https:\/\/dev6.erresse-shop.it\/es\/shop\/cocina\/herramientas\/zwilling-z-cut-rallador-multifuncion\/#primaryimage\"},\"image\":{\"@id\":\"https:\/\/dev6.erresse-shop.it\/es\/shop\/cocina\/herramientas\/zwilling-z-cut-rallador-multifuncion\/#primaryimage\"},\"thumbnailUrl\":\"https:\/\/i0.wp.com\/interpim.erresse-shop.it\/wp-content\/uploads\/2024\/07\/ZWILLING-Z-CUT-Grattugia-Multifunzione.jpg\/zwilling-z-cut-grattugia-multifunzione.jpg?ssl=1\",\"datePublished\":\"2026-04-12T09:21:11+00:00\",\"description\":\"El todoterreno compacto para tu cocina: el rallador multifunci\u00f3n de la serie ZWILLING Z-Cut corta, rebana y ralla con una sola herramienta indispensable.\",\"breadcrumb\":{\"@id\":\"https:\/\/dev6.erresse-shop.it\/es\/shop\/cocina\/herramientas\/zwilling-z-cut-rallador-multifuncion\/#breadcrumb\"},\"inLanguage\":\"es\",\"potentialAction\":[{\"@type\":\"ReadAction\",\"target\":[\"https:\/\/dev6.erresse-shop.it\/es\/shop\/cocina\/herramientas\/zwilling-z-cut-rallador-multifuncion\/\"]}]},{\"@type\":\"ImageObject\",\"inLanguage\":\"es\",\"@id\":\"https:\/\/dev6.erresse-shop.it\/es\/shop\/cocina\/herramientas\/zwilling-z-cut-rallador-multifuncion\/#primaryimage\",\"url\":\"https:\/\/i0.wp.com\/interpim.erresse-shop.it\/wp-content\/uploads\/2024\/07\/ZWILLING-Z-CUT-Grattugia-Multifunzione.jpg\/zwilling-z-cut-grattugia-multifunzione.jpg?ssl=1\",\"contentUrl\":\"https:\/\/i0.wp.com\/interpim.erresse-shop.it\/wp-content\/uploads\/2024\/07\/ZWILLING-Z-CUT-Grattugia-Multifunzione.jpg\/zwilling-z-cut-grattugia-multifunzione.jpg?ssl=1\"},{\"@type\":\"BreadcrumbList\",\"@id\":\"https:\/\/dev6.erresse-shop.it\/es\/shop\/cocina\/herramientas\/zwilling-z-cut-rallador-multifuncion\/#breadcrumb\",\"itemListElement\":[{\"@type\":\"ListItem\",\"position\":1,\"name\":\"Home\",\"item\":\"https:\/\/dev6.erresse-shop.it\/\"},{\"@type\":\"ListItem\",\"position\":2,\"name\":\"Tienda\",\"item\":\"https:\/\/dev6.erresse-shop.it\/shop\/\"},{\"@type\":\"ListItem\",\"position\":3,\"name\":\"ZWILLING Z-CUT Rallador Multifunci\u00f3n\"}]},{\"@type\":\"WebSite\",\"@id\":\"https:\/\/dev6.erresse-shop.it\/#website\",\"url\":\"https:\/\/dev6.erresse-shop.it\/\",\"name\":\"Erresse Shop\",\"description\":\"\",\"publisher\":{\"@id\":\"https:\/\/dev6.erresse-shop.it\/#organization\"},\"potentialAction\":[{\"@type\":\"SearchAction\",\"target\":{\"@type\":\"EntryPoint\",\"urlTemplate\":\"https:\/\/dev6.erresse-shop.it\/?s={search_term_string}\"},\"query-input\":{\"@type\":\"PropertyValueSpecification\",\"valueRequired\":true,\"valueName\":\"search_term_string\"}}],\"inLanguage\":\"es\"},{\"@type\":\"Organization\",\"@id\":\"https:\/\/dev6.erresse-shop.it\/#organization\",\"name\":\"Erresse Shop\",\"url\":\"https:\/\/dev6.erresse-shop.it\/\",\"logo\":{\"@type\":\"ImageObject\",\"inLanguage\":\"es\",\"@id\":\"https:\/\/dev6.erresse-shop.it\/#\/schema\/logo\/image\/\",\"url\":\"https:\/\/dev6.erresse-shop.it\/wp-content\/uploads\/2025\/01\/LOGO-ERRESSE-CLASSICO.svg\",\"contentUrl\":\"https:\/\/dev6.erresse-shop.it\/wp-content\/uploads\/2025\/01\/LOGO-ERRESSE-CLASSICO.svg\",\"caption\":\"Erresse Shop\"},\"image\":{\"@id\":\"https:\/\/dev6.erresse-shop.it\/#\/schema\/logo\/image\/\"}}]}<\/script>\n<!-- \/ Yoast SEO plugin. -->","yoast_head_json":{"title":"ZWILLING Z-CUT Rallador Multifunci\u00f3n - dev6 Erresse","description":"El todoterreno compacto para tu cocina: el rallador multifunci\u00f3n de la serie ZWILLING Z-Cut corta, rebana y ralla con una sola herramienta indispensable.","robots":{"index":"noindex","follow":"follow","max-snippet":"max-snippet:-1","max-image-preview":"max-image-preview:large","max-video-preview":"max-video-preview:-1"},"og_locale":"es_ES","og_type":"article","og_title":"ZWILLING Z-CUT Rallador Multifunci\u00f3n - dev6 Erresse","og_description":"El todoterreno compacto para tu cocina: el rallador multifunci\u00f3n de la serie ZWILLING Z-Cut corta, rebana y ralla con una sola herramienta indispensable.","og_url":"https:\/\/dev6.erresse-shop.it\/es\/shop\/cocina\/herramientas\/zwilling-z-cut-rallador-multifuncion\/","og_site_name":"dev6 Erresse","og_image":[{"url":"https:\/\/interpim.erresse-shop.it\/wp-content\/uploads\/2024\/07\/ZWILLING-Z-CUT-Grattugia-Multifunzione.jpg\/zwilling-z-cut-grattugia-multifunzione.jpg","type":"","width":"","height":""},{"url":"https:\/\/interpim.erresse-shop.it\/wp-content\/uploads\/2024\/07\/ZWILLING-Z-CUT-Grattugia-Multifunzione.jpg\/zwilling-z-cut-grattugia-multifunzione.jpg","width":1024,"height":1024,"type":"image\/jpeg"}],"twitter_card":"summary_large_image","twitter_image":"https:\/\/interpim.erresse-shop.it\/wp-content\/uploads\/2024\/07\/ZWILLING-Z-CUT-Grattugia-Multifunzione.jpg\/zwilling-z-cut-grattugia-multifunzione.jpg","schema":{"@context":"https:\/\/schema.org","@graph":[{"@type":"WebPage","@id":"https:\/\/dev6.erresse-shop.it\/es\/shop\/cocina\/herramientas\/zwilling-z-cut-rallador-multifuncion\/","url":"https:\/\/dev6.erresse-shop.it\/es\/shop\/cocina\/herramientas\/zwilling-z-cut-rallador-multifuncion\/","name":"ZWILLING Z-CUT Rallador Multifunci\u00f3n - dev6 Erresse","isPartOf":{"@id":"https:\/\/dev6.erresse-shop.it\/#website"},"primaryImageOfPage":{"@id":"https:\/\/dev6.erresse-shop.it\/es\/shop\/cocina\/herramientas\/zwilling-z-cut-rallador-multifuncion\/#primaryimage"},"image":{"@id":"https:\/\/dev6.erresse-shop.it\/es\/shop\/cocina\/herramientas\/zwilling-z-cut-rallador-multifuncion\/#primaryimage"},"thumbnailUrl":"https:\/\/i0.wp.com\/interpim.erresse-shop.it\/wp-content\/uploads\/2024\/07\/ZWILLING-Z-CUT-Grattugia-Multifunzione.jpg\/zwilling-z-cut-grattugia-multifunzione.jpg?ssl=1","datePublished":"2026-04-12T09:21:11+00:00","description":"El todoterreno compacto para tu cocina: el rallador multifunci\u00f3n de la serie ZWILLING Z-Cut corta, rebana y ralla con una sola herramienta indispensable.","breadcrumb":{"@id":"https:\/\/dev6.erresse-shop.it\/es\/shop\/cocina\/herramientas\/zwilling-z-cut-rallador-multifuncion\/#breadcrumb"},"inLanguage":"es","potentialAction":[{"@type":"ReadAction","target":["https:\/\/dev6.erresse-shop.it\/es\/shop\/cocina\/herramientas\/zwilling-z-cut-rallador-multifuncion\/"]}]},{"@type":"ImageObject","inLanguage":"es","@id":"https:\/\/dev6.erresse-shop.it\/es\/shop\/cocina\/herramientas\/zwilling-z-cut-rallador-multifuncion\/#primaryimage","url":"https:\/\/i0.wp.com\/interpim.erresse-shop.it\/wp-content\/uploads\/2024\/07\/ZWILLING-Z-CUT-Grattugia-Multifunzione.jpg\/zwilling-z-cut-grattugia-multifunzione.jpg?ssl=1","contentUrl":"https:\/\/i0.wp.com\/interpim.erresse-shop.it\/wp-content\/uploads\/2024\/07\/ZWILLING-Z-CUT-Grattugia-Multifunzione.jpg\/zwilling-z-cut-grattugia-multifunzione.jpg?ssl=1"},{"@type":"BreadcrumbList","@id":"https:\/\/dev6.erresse-shop.it\/es\/shop\/cocina\/herramientas\/zwilling-z-cut-rallador-multifuncion\/#breadcrumb","itemListElement":[{"@type":"ListItem","position":1,"name":"Home","item":"https:\/\/dev6.erresse-shop.it\/"},{"@type":"ListItem","position":2,"name":"Tienda","item":"https:\/\/dev6.erresse-shop.it\/shop\/"},{"@type":"ListItem","position":3,"name":"ZWILLING Z-CUT Rallador Multifunci\u00f3n"}]},{"@type":"WebSite","@id":"https:\/\/dev6.erresse-shop.it\/#website","url":"https:\/\/dev6.erresse-shop.it\/","name":"Erresse Shop","description":"","publisher":{"@id":"https:\/\/dev6.erresse-shop.it\/#organization"},"potentialAction":[{"@type":"SearchAction","target":{"@type":"EntryPoint","urlTemplate":"https:\/\/dev6.erresse-shop.it\/?s={search_term_string}"},"query-input":{"@type":"PropertyValueSpecification","valueRequired":true,"valueName":"search_term_string"}}],"inLanguage":"es"},{"@type":"Organization","@id":"https:\/\/dev6.erresse-shop.it\/#organization","name":"Erresse Shop","url":"https:\/\/dev6.erresse-shop.it\/","logo":{"@type":"ImageObject","inLanguage":"es","@id":"https:\/\/dev6.erresse-shop.it\/#\/schema\/logo\/image\/","url":"https:\/\/dev6.erresse-shop.it\/wp-content\/uploads\/2025\/01\/LOGO-ERRESSE-CLASSICO.svg","contentUrl":"https:\/\/dev6.erresse-shop.it\/wp-content\/uploads\/2025\/01\/LOGO-ERRESSE-CLASSICO.svg","caption":"Erresse Shop"},"image":{"@id":"https:\/\/dev6.erresse-shop.it\/#\/schema\/logo\/image\/"}}]}},"df_price":32,"df_sale_price":32,"df_regular_price":44.95,"df_image_link":"https:\/\/i0.wp.com\/interpim.erresse-shop.it\/wp-content\/uploads\/2024\/07\/ZWILLING-Z-CUT-Grattugia-Multifunzione.jpg\/zwilling-z-cut-grattugia-multifunzione.jpg?resize=300,300&ssl=1","fifu_image_url":"https:\/\/interpim.erresse-shop.it\/wp-content\/uploads\/2024\/07\/ZWILLING-Z-CUT-Grattugia-Multifunzione.jpg\/zwilling-z-cut-grattugia-multifunzione.jpg","_links":{"self":[{"href":"https:\/\/dev6.erresse-shop.it\/es\/wp-json\/wp\/v2\/product\/1881803","targetHints":{"allow":["GET"]}}],"collection":[{"href":"https:\/\/dev6.erresse-shop.it\/es\/wp-json\/wp\/v2\/product"}],"about":[{"href":"https:\/\/dev6.erresse-shop.it\/es\/wp-json\/wp\/v2\/types\/product"}],"wp:featuredmedia":[{"embeddable":true,"href":"https:\/\/dev6.erresse-shop.it\/es\/wp-json\/wp\/v2\/media\/6368683"}],"wp:attachment":[{"href":"https:\/\/dev6.erresse-shop.it\/es\/wp-json\/wp\/v2\/media?parent=1881803"}],"wp:term":[{"taxonomy":"product_cat","embeddable":true,"href":"https:\/\/dev6.erresse-shop.it\/es\/wp-json\/wp\/v2\/product_cat?post=1881803"},{"taxonomy":"product_tag","embeddable":true,"href":"https:\/\/dev6.erresse-shop.it\/es\/wp-json\/wp\/v2\/product_tag?post=1881803"}],"curies":[{"name":"wp","href":"https:\/\/api.w.org\/{rel}","templated":true}]}}