{"id":1881781,"date":"2026-04-12T11:21:11","date_gmt":"2026-04-12T09:21:11","guid":{"rendered":"https:\/\/dev6.erresse-shop.it\/shop\/sin%20categor\u00eda\/la-pavoni-molinillo-de-cafe-kube-mill-negro\/"},"modified":"2026-01-16T22:20:16","modified_gmt":"2026-01-16T21:20:16","slug":"la-pavoni-molinillo-de-cafe-kube-mill-negro","status":"publish","type":"product","link":"https:\/\/dev6.erresse-shop.it\/es\/shop\/pequenos-electrodomesticos\/molinillos-de-cafe\/la-pavoni-molinillo-de-cafe-kube-mill-negro\/","title":{"rendered":"LA PAVONI Molinillo de caf\u00e9 Kube Mill Negro"},"content":{"rendered":"<p>El nuevo molinillo plano Kube Mill cuenta con una tolva de 150 g y un mando de ajuste sencillo para una regulaci\u00f3n f\u00e1cil e intuitiva. Su exclusivo sistema antivibraci\u00f3n reduce el ruido de molienda en aproximadamente 20 dB en comparaci\u00f3n con los molinillos de caf\u00e9 convencionales.<\/p>\n<p>CARACTER\u00cdSTICAS<\/p>\n<p>EST\u00c9TICA<br \/>\nTipo de logo: Aplicado<br \/>\nColor: Negro<br \/>\nAcabado: Negro<br \/>\nColor del cuerpo: Negro<\/p>\n<p>PROGRAMAS \/ FUNCIONES<br \/>\nNivel de molido de caf\u00e9 ajustable: S\u00ed<br \/>\nTipo de dosificaci\u00f3n: Continua<br \/>\nAjuste microm\u00e9trico continuo: S\u00ed<br \/>\nFunci\u00f3n manual: S\u00ed<\/p>\n<p>CARACTER\u00cdSTICAS T\u00c9CNICAS<br \/>\nPotencia: 310 W<br \/>\nProductividad: 1,1-1,5 g\/s Espresso<br \/>\nMaterial del cuerpo: Aluminio<br \/>\nRPM del motor: 1350<br \/>\nDi\u00e1metro de la muela: 50<br \/>\nMaterial del molinillo: Acero endurecido<br \/>\nCapacidad del recipiente de caf\u00e9 en grano: 150 g<br \/>\nTipo de molienda: Plana<br \/>\nCentrado del portafiltro: S\u00ed<\/p>\n<p>CONEXI\u00d3N EL\u00c9CTRICA<br \/>\nEnchufe: (F;E) Schuko<br \/>\nTipo de enchufe: Schuko<br \/>\nTensi\u00f3n (V): 220-240 V<br \/>\nFrecuencia Hz: 50\/60 Hz<\/p>\n<p>INFORMACI\u00d3N LOG\u00cdSTICA<br \/>\nAnchura del producto: 130 mm<br \/>\nProfundidad del producto: 190 mm<br \/>\nAltura del producto: 330 mm<br \/>\nPeso: 5.500 kg<\/p>\n<p>No se vende fuera de Europa<\/p>\n","protected":false},"excerpt":{"rendered":"<p>El nuevo molinillo plano Kube Mill cuenta con una tolva de 150 g y un mando de ajuste sencillo para una regulaci\u00f3n f\u00e1cil e intuitiva. Su exclusivo sistema antivibraci\u00f3n reduce el ruido de molienda en aproximadamente 20 dB en comparaci\u00f3n con los molinillos de caf\u00e9 convencionales. CARACTER\u00cdSTICAS EST\u00c9TICA Tipo de logo: Aplicado Color: Negro Acabado: [&hellip;]<\/p>\n","protected":false},"featured_media":6368593,"template":"","meta":{"_acf_changed":false},"product_cat":[11981,11947],"product_tag":[],"class_list":{"0":"post-1881781","1":"product","2":"type-product","3":"status-publish","4":"has-post-thumbnail","6":"product_cat-molinillos-de-cafe","7":"product_cat-pequenos-electrodomesticos","9":"first","10":"instock","11":"sale","12":"taxable","13":"shipping-taxable","14":"purchasable","15":"product-type-simple","swatches":"rey-swatches","show_selected":"","stretch_labels":"rey-swatches--stretch-labels"},"acf":[],"yoast_head":"<!-- This site is optimized with the Yoast SEO plugin v25.4 - https:\/\/yoast.com\/wordpress\/plugins\/seo\/ -->\n<title>LA PAVONI Molinillo de caf\u00e9 Kube Mill Negro - dev6 Erresse<\/title>\n<meta name=\"description\" content=\"El nuevo molinillo plano Kube Mill cuenta con una tolva de 150 g y un mando de ajuste sencillo para una regulaci\u00f3n f\u00e1cil e intuitiva. Su exclusivo sistema\" \/>\n<meta name=\"robots\" content=\"noindex, follow, max-snippet:-1, max-image-preview:large, max-video-preview:-1\" \/>\n<meta property=\"og:locale\" content=\"es_ES\" \/>\n<meta property=\"og:type\" content=\"article\" \/>\n<meta property=\"og:title\" content=\"LA PAVONI Molinillo de caf\u00e9 Kube Mill Negro - dev6 Erresse\" \/>\n<meta property=\"og:description\" content=\"El nuevo molinillo plano Kube Mill cuenta con una tolva de 150 g y un mando de ajuste sencillo para una regulaci\u00f3n f\u00e1cil e intuitiva. Su exclusivo sistema\" \/>\n<meta property=\"og:url\" content=\"https:\/\/dev6.erresse-shop.it\/es\/shop\/pequenos-electrodomesticos\/molinillos-de-cafe\/la-pavoni-molinillo-de-cafe-kube-mill-negro\/\" \/>\n<meta property=\"og:site_name\" content=\"dev6 Erresse\" \/>\n<meta property=\"og:image\" content=\"https:\/\/interpim.erresse-shop.it\/wp-content\/uploads\/2024\/07\/LA-PAVONI-Macinacaffe-Kube-Mill-Nero.jpg\/la-pavoni-macinacaffe-kube-mill-nero.jpg\" \/><meta property=\"og:image\" content=\"https:\/\/interpim.erresse-shop.it\/wp-content\/uploads\/2024\/07\/LA-PAVONI-Macinacaffe-Kube-Mill-Nero.jpg\/la-pavoni-macinacaffe-kube-mill-nero.jpg\" \/>\n\t<meta property=\"og:image:width\" content=\"1024\" \/>\n\t<meta property=\"og:image:height\" content=\"1024\" \/>\n\t<meta property=\"og:image:type\" content=\"image\/jpeg\" \/>\n<meta name=\"twitter:card\" content=\"summary_large_image\" \/>\n<meta name=\"twitter:image\" content=\"https:\/\/interpim.erresse-shop.it\/wp-content\/uploads\/2024\/07\/LA-PAVONI-Macinacaffe-Kube-Mill-Nero.jpg\/la-pavoni-macinacaffe-kube-mill-nero.jpg\" \/>\n<script type=\"application\/ld+json\" class=\"yoast-schema-graph\">{\"@context\":\"https:\/\/schema.org\",\"@graph\":[{\"@type\":\"WebPage\",\"@id\":\"https:\/\/dev6.erresse-shop.it\/es\/shop\/pequenos-electrodomesticos\/molinillos-de-cafe\/la-pavoni-molinillo-de-cafe-kube-mill-negro\/\",\"url\":\"https:\/\/dev6.erresse-shop.it\/es\/shop\/pequenos-electrodomesticos\/molinillos-de-cafe\/la-pavoni-molinillo-de-cafe-kube-mill-negro\/\",\"name\":\"LA PAVONI Molinillo de caf\u00e9 Kube Mill Negro - dev6 Erresse\",\"isPartOf\":{\"@id\":\"https:\/\/dev6.erresse-shop.it\/#website\"},\"primaryImageOfPage\":{\"@id\":\"https:\/\/dev6.erresse-shop.it\/es\/shop\/pequenos-electrodomesticos\/molinillos-de-cafe\/la-pavoni-molinillo-de-cafe-kube-mill-negro\/#primaryimage\"},\"image\":{\"@id\":\"https:\/\/dev6.erresse-shop.it\/es\/shop\/pequenos-electrodomesticos\/molinillos-de-cafe\/la-pavoni-molinillo-de-cafe-kube-mill-negro\/#primaryimage\"},\"thumbnailUrl\":\"https:\/\/i2.wp.com\/interpim.erresse-shop.it\/wp-content\/uploads\/2024\/07\/LA-PAVONI-Macinacaffe-Kube-Mill-Nero.jpg\/la-pavoni-macinacaffe-kube-mill-nero.jpg?ssl=1\",\"datePublished\":\"2026-04-12T09:21:11+00:00\",\"description\":\"El nuevo molinillo plano Kube Mill cuenta con una tolva de 150 g y un mando de ajuste sencillo para una regulaci\u00f3n f\u00e1cil e intuitiva. Su exclusivo sistema\",\"breadcrumb\":{\"@id\":\"https:\/\/dev6.erresse-shop.it\/es\/shop\/pequenos-electrodomesticos\/molinillos-de-cafe\/la-pavoni-molinillo-de-cafe-kube-mill-negro\/#breadcrumb\"},\"inLanguage\":\"es\",\"potentialAction\":[{\"@type\":\"ReadAction\",\"target\":[\"https:\/\/dev6.erresse-shop.it\/es\/shop\/pequenos-electrodomesticos\/molinillos-de-cafe\/la-pavoni-molinillo-de-cafe-kube-mill-negro\/\"]}]},{\"@type\":\"ImageObject\",\"inLanguage\":\"es\",\"@id\":\"https:\/\/dev6.erresse-shop.it\/es\/shop\/pequenos-electrodomesticos\/molinillos-de-cafe\/la-pavoni-molinillo-de-cafe-kube-mill-negro\/#primaryimage\",\"url\":\"https:\/\/i2.wp.com\/interpim.erresse-shop.it\/wp-content\/uploads\/2024\/07\/LA-PAVONI-Macinacaffe-Kube-Mill-Nero.jpg\/la-pavoni-macinacaffe-kube-mill-nero.jpg?ssl=1\",\"contentUrl\":\"https:\/\/i2.wp.com\/interpim.erresse-shop.it\/wp-content\/uploads\/2024\/07\/LA-PAVONI-Macinacaffe-Kube-Mill-Nero.jpg\/la-pavoni-macinacaffe-kube-mill-nero.jpg?ssl=1\"},{\"@type\":\"BreadcrumbList\",\"@id\":\"https:\/\/dev6.erresse-shop.it\/es\/shop\/pequenos-electrodomesticos\/molinillos-de-cafe\/la-pavoni-molinillo-de-cafe-kube-mill-negro\/#breadcrumb\",\"itemListElement\":[{\"@type\":\"ListItem\",\"position\":1,\"name\":\"Home\",\"item\":\"https:\/\/dev6.erresse-shop.it\/\"},{\"@type\":\"ListItem\",\"position\":2,\"name\":\"Tienda\",\"item\":\"https:\/\/dev6.erresse-shop.it\/shop\/\"},{\"@type\":\"ListItem\",\"position\":3,\"name\":\"LA PAVONI Molinillo de caf\u00e9 Kube Mill Negro\"}]},{\"@type\":\"WebSite\",\"@id\":\"https:\/\/dev6.erresse-shop.it\/#website\",\"url\":\"https:\/\/dev6.erresse-shop.it\/\",\"name\":\"Erresse Shop\",\"description\":\"\",\"publisher\":{\"@id\":\"https:\/\/dev6.erresse-shop.it\/#organization\"},\"potentialAction\":[{\"@type\":\"SearchAction\",\"target\":{\"@type\":\"EntryPoint\",\"urlTemplate\":\"https:\/\/dev6.erresse-shop.it\/?s={search_term_string}\"},\"query-input\":{\"@type\":\"PropertyValueSpecification\",\"valueRequired\":true,\"valueName\":\"search_term_string\"}}],\"inLanguage\":\"es\"},{\"@type\":\"Organization\",\"@id\":\"https:\/\/dev6.erresse-shop.it\/#organization\",\"name\":\"Erresse Shop\",\"url\":\"https:\/\/dev6.erresse-shop.it\/\",\"logo\":{\"@type\":\"ImageObject\",\"inLanguage\":\"es\",\"@id\":\"https:\/\/dev6.erresse-shop.it\/#\/schema\/logo\/image\/\",\"url\":\"https:\/\/dev6.erresse-shop.it\/wp-content\/uploads\/2025\/01\/LOGO-ERRESSE-CLASSICO.svg\",\"contentUrl\":\"https:\/\/dev6.erresse-shop.it\/wp-content\/uploads\/2025\/01\/LOGO-ERRESSE-CLASSICO.svg\",\"caption\":\"Erresse Shop\"},\"image\":{\"@id\":\"https:\/\/dev6.erresse-shop.it\/#\/schema\/logo\/image\/\"}}]}<\/script>\n<!-- \/ Yoast SEO plugin. -->","yoast_head_json":{"title":"LA PAVONI Molinillo de caf\u00e9 Kube Mill Negro - dev6 Erresse","description":"El nuevo molinillo plano Kube Mill cuenta con una tolva de 150 g y un mando de ajuste sencillo para una regulaci\u00f3n f\u00e1cil e intuitiva. Su exclusivo sistema","robots":{"index":"noindex","follow":"follow","max-snippet":"max-snippet:-1","max-image-preview":"max-image-preview:large","max-video-preview":"max-video-preview:-1"},"og_locale":"es_ES","og_type":"article","og_title":"LA PAVONI Molinillo de caf\u00e9 Kube Mill Negro - dev6 Erresse","og_description":"El nuevo molinillo plano Kube Mill cuenta con una tolva de 150 g y un mando de ajuste sencillo para una regulaci\u00f3n f\u00e1cil e intuitiva. Su exclusivo sistema","og_url":"https:\/\/dev6.erresse-shop.it\/es\/shop\/pequenos-electrodomesticos\/molinillos-de-cafe\/la-pavoni-molinillo-de-cafe-kube-mill-negro\/","og_site_name":"dev6 Erresse","og_image":[{"url":"https:\/\/interpim.erresse-shop.it\/wp-content\/uploads\/2024\/07\/LA-PAVONI-Macinacaffe-Kube-Mill-Nero.jpg\/la-pavoni-macinacaffe-kube-mill-nero.jpg","type":"","width":"","height":""},{"url":"https:\/\/interpim.erresse-shop.it\/wp-content\/uploads\/2024\/07\/LA-PAVONI-Macinacaffe-Kube-Mill-Nero.jpg\/la-pavoni-macinacaffe-kube-mill-nero.jpg","width":1024,"height":1024,"type":"image\/jpeg"}],"twitter_card":"summary_large_image","twitter_image":"https:\/\/interpim.erresse-shop.it\/wp-content\/uploads\/2024\/07\/LA-PAVONI-Macinacaffe-Kube-Mill-Nero.jpg\/la-pavoni-macinacaffe-kube-mill-nero.jpg","schema":{"@context":"https:\/\/schema.org","@graph":[{"@type":"WebPage","@id":"https:\/\/dev6.erresse-shop.it\/es\/shop\/pequenos-electrodomesticos\/molinillos-de-cafe\/la-pavoni-molinillo-de-cafe-kube-mill-negro\/","url":"https:\/\/dev6.erresse-shop.it\/es\/shop\/pequenos-electrodomesticos\/molinillos-de-cafe\/la-pavoni-molinillo-de-cafe-kube-mill-negro\/","name":"LA PAVONI Molinillo de caf\u00e9 Kube Mill Negro - dev6 Erresse","isPartOf":{"@id":"https:\/\/dev6.erresse-shop.it\/#website"},"primaryImageOfPage":{"@id":"https:\/\/dev6.erresse-shop.it\/es\/shop\/pequenos-electrodomesticos\/molinillos-de-cafe\/la-pavoni-molinillo-de-cafe-kube-mill-negro\/#primaryimage"},"image":{"@id":"https:\/\/dev6.erresse-shop.it\/es\/shop\/pequenos-electrodomesticos\/molinillos-de-cafe\/la-pavoni-molinillo-de-cafe-kube-mill-negro\/#primaryimage"},"thumbnailUrl":"https:\/\/i2.wp.com\/interpim.erresse-shop.it\/wp-content\/uploads\/2024\/07\/LA-PAVONI-Macinacaffe-Kube-Mill-Nero.jpg\/la-pavoni-macinacaffe-kube-mill-nero.jpg?ssl=1","datePublished":"2026-04-12T09:21:11+00:00","description":"El nuevo molinillo plano Kube Mill cuenta con una tolva de 150 g y un mando de ajuste sencillo para una regulaci\u00f3n f\u00e1cil e intuitiva. Su exclusivo sistema","breadcrumb":{"@id":"https:\/\/dev6.erresse-shop.it\/es\/shop\/pequenos-electrodomesticos\/molinillos-de-cafe\/la-pavoni-molinillo-de-cafe-kube-mill-negro\/#breadcrumb"},"inLanguage":"es","potentialAction":[{"@type":"ReadAction","target":["https:\/\/dev6.erresse-shop.it\/es\/shop\/pequenos-electrodomesticos\/molinillos-de-cafe\/la-pavoni-molinillo-de-cafe-kube-mill-negro\/"]}]},{"@type":"ImageObject","inLanguage":"es","@id":"https:\/\/dev6.erresse-shop.it\/es\/shop\/pequenos-electrodomesticos\/molinillos-de-cafe\/la-pavoni-molinillo-de-cafe-kube-mill-negro\/#primaryimage","url":"https:\/\/i2.wp.com\/interpim.erresse-shop.it\/wp-content\/uploads\/2024\/07\/LA-PAVONI-Macinacaffe-Kube-Mill-Nero.jpg\/la-pavoni-macinacaffe-kube-mill-nero.jpg?ssl=1","contentUrl":"https:\/\/i2.wp.com\/interpim.erresse-shop.it\/wp-content\/uploads\/2024\/07\/LA-PAVONI-Macinacaffe-Kube-Mill-Nero.jpg\/la-pavoni-macinacaffe-kube-mill-nero.jpg?ssl=1"},{"@type":"BreadcrumbList","@id":"https:\/\/dev6.erresse-shop.it\/es\/shop\/pequenos-electrodomesticos\/molinillos-de-cafe\/la-pavoni-molinillo-de-cafe-kube-mill-negro\/#breadcrumb","itemListElement":[{"@type":"ListItem","position":1,"name":"Home","item":"https:\/\/dev6.erresse-shop.it\/"},{"@type":"ListItem","position":2,"name":"Tienda","item":"https:\/\/dev6.erresse-shop.it\/shop\/"},{"@type":"ListItem","position":3,"name":"LA PAVONI Molinillo de caf\u00e9 Kube Mill Negro"}]},{"@type":"WebSite","@id":"https:\/\/dev6.erresse-shop.it\/#website","url":"https:\/\/dev6.erresse-shop.it\/","name":"Erresse Shop","description":"","publisher":{"@id":"https:\/\/dev6.erresse-shop.it\/#organization"},"potentialAction":[{"@type":"SearchAction","target":{"@type":"EntryPoint","urlTemplate":"https:\/\/dev6.erresse-shop.it\/?s={search_term_string}"},"query-input":{"@type":"PropertyValueSpecification","valueRequired":true,"valueName":"search_term_string"}}],"inLanguage":"es"},{"@type":"Organization","@id":"https:\/\/dev6.erresse-shop.it\/#organization","name":"Erresse Shop","url":"https:\/\/dev6.erresse-shop.it\/","logo":{"@type":"ImageObject","inLanguage":"es","@id":"https:\/\/dev6.erresse-shop.it\/#\/schema\/logo\/image\/","url":"https:\/\/dev6.erresse-shop.it\/wp-content\/uploads\/2025\/01\/LOGO-ERRESSE-CLASSICO.svg","contentUrl":"https:\/\/dev6.erresse-shop.it\/wp-content\/uploads\/2025\/01\/LOGO-ERRESSE-CLASSICO.svg","caption":"Erresse Shop"},"image":{"@id":"https:\/\/dev6.erresse-shop.it\/#\/schema\/logo\/image\/"}}]}},"df_price":399.9,"df_sale_price":399.9,"df_regular_price":469,"df_image_link":"https:\/\/i2.wp.com\/interpim.erresse-shop.it\/wp-content\/uploads\/2024\/07\/LA-PAVONI-Macinacaffe-Kube-Mill-Nero.jpg\/la-pavoni-macinacaffe-kube-mill-nero.jpg?resize=300,300&ssl=1","fifu_image_url":"https:\/\/interpim.erresse-shop.it\/wp-content\/uploads\/2024\/07\/LA-PAVONI-Macinacaffe-Kube-Mill-Nero.jpg\/la-pavoni-macinacaffe-kube-mill-nero.jpg","_links":{"self":[{"href":"https:\/\/dev6.erresse-shop.it\/es\/wp-json\/wp\/v2\/product\/1881781","targetHints":{"allow":["GET"]}}],"collection":[{"href":"https:\/\/dev6.erresse-shop.it\/es\/wp-json\/wp\/v2\/product"}],"about":[{"href":"https:\/\/dev6.erresse-shop.it\/es\/wp-json\/wp\/v2\/types\/product"}],"wp:featuredmedia":[{"embeddable":true,"href":"https:\/\/dev6.erresse-shop.it\/es\/wp-json\/wp\/v2\/media\/6368593"}],"wp:attachment":[{"href":"https:\/\/dev6.erresse-shop.it\/es\/wp-json\/wp\/v2\/media?parent=1881781"}],"wp:term":[{"taxonomy":"product_cat","embeddable":true,"href":"https:\/\/dev6.erresse-shop.it\/es\/wp-json\/wp\/v2\/product_cat?post=1881781"},{"taxonomy":"product_tag","embeddable":true,"href":"https:\/\/dev6.erresse-shop.it\/es\/wp-json\/wp\/v2\/product_tag?post=1881781"}],"curies":[{"name":"wp","href":"https:\/\/api.w.org\/{rel}","templated":true}]}}