{"id":1881775,"date":"2026-04-04T11:18:28","date_gmt":"2026-04-04T09:18:28","guid":{"rendered":"https:\/\/dev6.erresse-shop.it\/shop\/sin%20categor\u00eda\/mario-luca-giusti-moreschina-plato-hondo-negro\/"},"modified":"2025-09-14T09:17:49","modified_gmt":"2025-09-14T07:17:49","slug":"mario-luca-giusti-moreschina-plato-hondo-negro","status":"publish","type":"product","link":"https:\/\/dev6.erresse-shop.it\/es\/shop\/tabla\/platos\/mario-luca-giusti-moreschina-plato-hondo-negro\/","title":{"rendered":"MARIO LUCA GIUSTI Moreschina Plato hondo Negro"},"content":{"rendered":"<p>Instrucciones de uso del producto melanina<br \/>\n\u2013 probado por T\u00dcV, SGS, Intertek<br \/>\n\u2013 absolutamente ins\u00edpido e inodoro<br \/>\n\u2013 sin BPA<br \/>\n\u2013 no indestructible<br \/>\n\u2013 congelable<br \/>\n\u2013 apto para lavavajillas (sin embargo, tenga en cuenta que el lavavajillas puede decolorar los colores de la vajilla)<br \/>\n\u2013 se recomienda lavar a mano para aumentar la vida \u00fatil del producto<br \/>\n\u2013 no apto para microondas<br \/>\n\u2013 no apto para horno convencional<br \/>\n\u2013 Resistente de -10\u00b0C a 50\u00b0C<br \/>\n\u2013 utilice s\u00f3lo detergentes neutros y materiales no abrasivos<br \/>\n\u2013 La melamina es un material pl\u00e1stico termoestable fuerte, ligero y duro, pero con el aspecto de un producto cer\u00e1mico. Es muy resistente a ara\u00f1azos y roturas, pero no es 100% indestructible; puede rayarse y romperse.<\/p>\n<p>Especificaciones t\u00e9cnicas<\/p>\n<p>Di\u00e1metro 19 cm<\/p>\n","protected":false},"excerpt":{"rendered":"<p>Instrucciones de uso del producto melanina \u2013 probado por T\u00dcV, SGS, Intertek \u2013 absolutamente ins\u00edpido e inodoro \u2013 sin BPA \u2013 no indestructible \u2013 congelable \u2013 apto para lavavajillas (sin embargo, tenga en cuenta que el lavavajillas puede decolorar los colores de la vajilla) \u2013 se recomienda lavar a mano para aumentar la vida \u00fatil [&hellip;]<\/p>\n","protected":false},"featured_media":6285283,"template":"","meta":{"_acf_changed":false},"product_cat":[11906,11887,11671],"product_tag":[],"class_list":{"0":"post-1881775","1":"product","2":"type-product","3":"status-publish","4":"has-post-thumbnail","6":"product_cat-platos","7":"product_cat-tabla","8":"product_cat-tavola","10":"first","11":"instock","12":"taxable","13":"shipping-taxable","14":"purchasable","15":"product-type-simple","swatches":"rey-swatches","show_selected":"","stretch_labels":"rey-swatches--stretch-labels"},"acf":[],"yoast_head":"<!-- This site is optimized with the Yoast SEO plugin v25.4 - https:\/\/yoast.com\/wordpress\/plugins\/seo\/ -->\n<title>MARIO LUCA GIUSTI Moreschina Plato hondo Negro - dev6 Erresse<\/title>\n<meta name=\"description\" content=\"Instrucciones de uso del producto melanina \u2013 probado por T\u00dcV, SGS, Intertek \u2013 absolutamente ins\u00edpido e inodoro \u2013 sin BPA \u2013 no indestructible \u2013 congelable\" \/>\n<meta name=\"robots\" content=\"noindex, follow, max-snippet:-1, max-image-preview:large, max-video-preview:-1\" \/>\n<meta property=\"og:locale\" content=\"es_ES\" \/>\n<meta property=\"og:type\" content=\"article\" \/>\n<meta property=\"og:title\" content=\"MARIO LUCA GIUSTI Moreschina Plato hondo Negro - dev6 Erresse\" \/>\n<meta property=\"og:description\" content=\"Instrucciones de uso del producto melanina \u2013 probado por T\u00dcV, SGS, Intertek \u2013 absolutamente ins\u00edpido e inodoro \u2013 sin BPA \u2013 no indestructible \u2013 congelable\" \/>\n<meta property=\"og:url\" content=\"https:\/\/dev6.erresse-shop.it\/es\/shop\/tabla\/platos\/mario-luca-giusti-moreschina-plato-hondo-negro\/\" \/>\n<meta property=\"og:site_name\" content=\"dev6 Erresse\" \/>\n<meta property=\"og:image\" content=\"https:\/\/interpim.erresse-shop.it\/Import\/Prodotti\/mario-luca-giusti-moreschina-piatto-fondo-nero.jpg\" \/><meta property=\"og:image\" content=\"https:\/\/interpim.erresse-shop.it\/Import\/Prodotti\/mario-luca-giusti-moreschina-piatto-fondo-nero.jpg\" \/>\n\t<meta property=\"og:image:width\" content=\"1024\" \/>\n\t<meta property=\"og:image:height\" content=\"1024\" \/>\n\t<meta property=\"og:image:type\" content=\"image\/jpeg\" \/>\n<meta name=\"twitter:card\" content=\"summary_large_image\" \/>\n<meta name=\"twitter:image\" content=\"https:\/\/interpim.erresse-shop.it\/Import\/Prodotti\/mario-luca-giusti-moreschina-piatto-fondo-nero.jpg\" \/>\n<script type=\"application\/ld+json\" class=\"yoast-schema-graph\">{\"@context\":\"https:\/\/schema.org\",\"@graph\":[{\"@type\":\"WebPage\",\"@id\":\"https:\/\/dev6.erresse-shop.it\/es\/shop\/tabla\/platos\/mario-luca-giusti-moreschina-plato-hondo-negro\/\",\"url\":\"https:\/\/dev6.erresse-shop.it\/es\/shop\/tabla\/platos\/mario-luca-giusti-moreschina-plato-hondo-negro\/\",\"name\":\"MARIO LUCA GIUSTI Moreschina Plato hondo Negro - dev6 Erresse\",\"isPartOf\":{\"@id\":\"https:\/\/dev6.erresse-shop.it\/#website\"},\"primaryImageOfPage\":{\"@id\":\"https:\/\/dev6.erresse-shop.it\/es\/shop\/tabla\/platos\/mario-luca-giusti-moreschina-plato-hondo-negro\/#primaryimage\"},\"image\":{\"@id\":\"https:\/\/dev6.erresse-shop.it\/es\/shop\/tabla\/platos\/mario-luca-giusti-moreschina-plato-hondo-negro\/#primaryimage\"},\"thumbnailUrl\":\"https:\/\/i2.wp.com\/interpim.erresse-shop.it\/Import\/Prodotti\/mario-luca-giusti-moreschina-piatto-fondo-nero.jpg?ssl=1\",\"datePublished\":\"2026-04-04T09:18:28+00:00\",\"description\":\"Instrucciones de uso del producto melanina \u2013 probado por T\u00dcV, SGS, Intertek \u2013 absolutamente ins\u00edpido e inodoro \u2013 sin BPA \u2013 no indestructible \u2013 congelable\",\"breadcrumb\":{\"@id\":\"https:\/\/dev6.erresse-shop.it\/es\/shop\/tabla\/platos\/mario-luca-giusti-moreschina-plato-hondo-negro\/#breadcrumb\"},\"inLanguage\":\"es\",\"potentialAction\":[{\"@type\":\"ReadAction\",\"target\":[\"https:\/\/dev6.erresse-shop.it\/es\/shop\/tabla\/platos\/mario-luca-giusti-moreschina-plato-hondo-negro\/\"]}]},{\"@type\":\"ImageObject\",\"inLanguage\":\"es\",\"@id\":\"https:\/\/dev6.erresse-shop.it\/es\/shop\/tabla\/platos\/mario-luca-giusti-moreschina-plato-hondo-negro\/#primaryimage\",\"url\":\"https:\/\/i2.wp.com\/interpim.erresse-shop.it\/Import\/Prodotti\/mario-luca-giusti-moreschina-piatto-fondo-nero.jpg?ssl=1\",\"contentUrl\":\"https:\/\/i2.wp.com\/interpim.erresse-shop.it\/Import\/Prodotti\/mario-luca-giusti-moreschina-piatto-fondo-nero.jpg?ssl=1\"},{\"@type\":\"BreadcrumbList\",\"@id\":\"https:\/\/dev6.erresse-shop.it\/es\/shop\/tabla\/platos\/mario-luca-giusti-moreschina-plato-hondo-negro\/#breadcrumb\",\"itemListElement\":[{\"@type\":\"ListItem\",\"position\":1,\"name\":\"Home\",\"item\":\"https:\/\/dev6.erresse-shop.it\/\"},{\"@type\":\"ListItem\",\"position\":2,\"name\":\"Tienda\",\"item\":\"https:\/\/dev6.erresse-shop.it\/shop\/\"},{\"@type\":\"ListItem\",\"position\":3,\"name\":\"MARIO LUCA GIUSTI Moreschina Plato hondo Negro\"}]},{\"@type\":\"WebSite\",\"@id\":\"https:\/\/dev6.erresse-shop.it\/#website\",\"url\":\"https:\/\/dev6.erresse-shop.it\/\",\"name\":\"Erresse Shop\",\"description\":\"\",\"publisher\":{\"@id\":\"https:\/\/dev6.erresse-shop.it\/#organization\"},\"potentialAction\":[{\"@type\":\"SearchAction\",\"target\":{\"@type\":\"EntryPoint\",\"urlTemplate\":\"https:\/\/dev6.erresse-shop.it\/?s={search_term_string}\"},\"query-input\":{\"@type\":\"PropertyValueSpecification\",\"valueRequired\":true,\"valueName\":\"search_term_string\"}}],\"inLanguage\":\"es\"},{\"@type\":\"Organization\",\"@id\":\"https:\/\/dev6.erresse-shop.it\/#organization\",\"name\":\"Erresse Shop\",\"url\":\"https:\/\/dev6.erresse-shop.it\/\",\"logo\":{\"@type\":\"ImageObject\",\"inLanguage\":\"es\",\"@id\":\"https:\/\/dev6.erresse-shop.it\/#\/schema\/logo\/image\/\",\"url\":\"https:\/\/dev6.erresse-shop.it\/wp-content\/uploads\/2025\/01\/LOGO-ERRESSE-CLASSICO.svg\",\"contentUrl\":\"https:\/\/dev6.erresse-shop.it\/wp-content\/uploads\/2025\/01\/LOGO-ERRESSE-CLASSICO.svg\",\"caption\":\"Erresse Shop\"},\"image\":{\"@id\":\"https:\/\/dev6.erresse-shop.it\/#\/schema\/logo\/image\/\"}}]}<\/script>\n<!-- \/ Yoast SEO plugin. -->","yoast_head_json":{"title":"MARIO LUCA GIUSTI Moreschina Plato hondo Negro - dev6 Erresse","description":"Instrucciones de uso del producto melanina \u2013 probado por T\u00dcV, SGS, Intertek \u2013 absolutamente ins\u00edpido e inodoro \u2013 sin BPA \u2013 no indestructible \u2013 congelable","robots":{"index":"noindex","follow":"follow","max-snippet":"max-snippet:-1","max-image-preview":"max-image-preview:large","max-video-preview":"max-video-preview:-1"},"og_locale":"es_ES","og_type":"article","og_title":"MARIO LUCA GIUSTI Moreschina Plato hondo Negro - dev6 Erresse","og_description":"Instrucciones de uso del producto melanina \u2013 probado por T\u00dcV, SGS, Intertek \u2013 absolutamente ins\u00edpido e inodoro \u2013 sin BPA \u2013 no indestructible \u2013 congelable","og_url":"https:\/\/dev6.erresse-shop.it\/es\/shop\/tabla\/platos\/mario-luca-giusti-moreschina-plato-hondo-negro\/","og_site_name":"dev6 Erresse","og_image":[{"url":"https:\/\/interpim.erresse-shop.it\/Import\/Prodotti\/mario-luca-giusti-moreschina-piatto-fondo-nero.jpg","type":"","width":"","height":""},{"url":"https:\/\/interpim.erresse-shop.it\/Import\/Prodotti\/mario-luca-giusti-moreschina-piatto-fondo-nero.jpg","width":1024,"height":1024,"type":"image\/jpeg"}],"twitter_card":"summary_large_image","twitter_image":"https:\/\/interpim.erresse-shop.it\/Import\/Prodotti\/mario-luca-giusti-moreschina-piatto-fondo-nero.jpg","schema":{"@context":"https:\/\/schema.org","@graph":[{"@type":"WebPage","@id":"https:\/\/dev6.erresse-shop.it\/es\/shop\/tabla\/platos\/mario-luca-giusti-moreschina-plato-hondo-negro\/","url":"https:\/\/dev6.erresse-shop.it\/es\/shop\/tabla\/platos\/mario-luca-giusti-moreschina-plato-hondo-negro\/","name":"MARIO LUCA GIUSTI Moreschina Plato hondo Negro - dev6 Erresse","isPartOf":{"@id":"https:\/\/dev6.erresse-shop.it\/#website"},"primaryImageOfPage":{"@id":"https:\/\/dev6.erresse-shop.it\/es\/shop\/tabla\/platos\/mario-luca-giusti-moreschina-plato-hondo-negro\/#primaryimage"},"image":{"@id":"https:\/\/dev6.erresse-shop.it\/es\/shop\/tabla\/platos\/mario-luca-giusti-moreschina-plato-hondo-negro\/#primaryimage"},"thumbnailUrl":"https:\/\/i2.wp.com\/interpim.erresse-shop.it\/Import\/Prodotti\/mario-luca-giusti-moreschina-piatto-fondo-nero.jpg?ssl=1","datePublished":"2026-04-04T09:18:28+00:00","description":"Instrucciones de uso del producto melanina \u2013 probado por T\u00dcV, SGS, Intertek \u2013 absolutamente ins\u00edpido e inodoro \u2013 sin BPA \u2013 no indestructible \u2013 congelable","breadcrumb":{"@id":"https:\/\/dev6.erresse-shop.it\/es\/shop\/tabla\/platos\/mario-luca-giusti-moreschina-plato-hondo-negro\/#breadcrumb"},"inLanguage":"es","potentialAction":[{"@type":"ReadAction","target":["https:\/\/dev6.erresse-shop.it\/es\/shop\/tabla\/platos\/mario-luca-giusti-moreschina-plato-hondo-negro\/"]}]},{"@type":"ImageObject","inLanguage":"es","@id":"https:\/\/dev6.erresse-shop.it\/es\/shop\/tabla\/platos\/mario-luca-giusti-moreschina-plato-hondo-negro\/#primaryimage","url":"https:\/\/i2.wp.com\/interpim.erresse-shop.it\/Import\/Prodotti\/mario-luca-giusti-moreschina-piatto-fondo-nero.jpg?ssl=1","contentUrl":"https:\/\/i2.wp.com\/interpim.erresse-shop.it\/Import\/Prodotti\/mario-luca-giusti-moreschina-piatto-fondo-nero.jpg?ssl=1"},{"@type":"BreadcrumbList","@id":"https:\/\/dev6.erresse-shop.it\/es\/shop\/tabla\/platos\/mario-luca-giusti-moreschina-plato-hondo-negro\/#breadcrumb","itemListElement":[{"@type":"ListItem","position":1,"name":"Home","item":"https:\/\/dev6.erresse-shop.it\/"},{"@type":"ListItem","position":2,"name":"Tienda","item":"https:\/\/dev6.erresse-shop.it\/shop\/"},{"@type":"ListItem","position":3,"name":"MARIO LUCA GIUSTI Moreschina Plato hondo Negro"}]},{"@type":"WebSite","@id":"https:\/\/dev6.erresse-shop.it\/#website","url":"https:\/\/dev6.erresse-shop.it\/","name":"Erresse Shop","description":"","publisher":{"@id":"https:\/\/dev6.erresse-shop.it\/#organization"},"potentialAction":[{"@type":"SearchAction","target":{"@type":"EntryPoint","urlTemplate":"https:\/\/dev6.erresse-shop.it\/?s={search_term_string}"},"query-input":{"@type":"PropertyValueSpecification","valueRequired":true,"valueName":"search_term_string"}}],"inLanguage":"es"},{"@type":"Organization","@id":"https:\/\/dev6.erresse-shop.it\/#organization","name":"Erresse Shop","url":"https:\/\/dev6.erresse-shop.it\/","logo":{"@type":"ImageObject","inLanguage":"es","@id":"https:\/\/dev6.erresse-shop.it\/#\/schema\/logo\/image\/","url":"https:\/\/dev6.erresse-shop.it\/wp-content\/uploads\/2025\/01\/LOGO-ERRESSE-CLASSICO.svg","contentUrl":"https:\/\/dev6.erresse-shop.it\/wp-content\/uploads\/2025\/01\/LOGO-ERRESSE-CLASSICO.svg","caption":"Erresse Shop"},"image":{"@id":"https:\/\/dev6.erresse-shop.it\/#\/schema\/logo\/image\/"}}]}},"df_price":27,"df_sale_price":"","df_regular_price":27,"df_image_link":"https:\/\/i2.wp.com\/interpim.erresse-shop.it\/Import\/Prodotti\/mario-luca-giusti-moreschina-piatto-fondo-nero.jpg?resize=300,300&ssl=1","fifu_image_url":"https:\/\/interpim.erresse-shop.it\/Import\/Prodotti\/mario-luca-giusti-moreschina-piatto-fondo-nero.jpg","_links":{"self":[{"href":"https:\/\/dev6.erresse-shop.it\/es\/wp-json\/wp\/v2\/product\/1881775","targetHints":{"allow":["GET"]}}],"collection":[{"href":"https:\/\/dev6.erresse-shop.it\/es\/wp-json\/wp\/v2\/product"}],"about":[{"href":"https:\/\/dev6.erresse-shop.it\/es\/wp-json\/wp\/v2\/types\/product"}],"wp:featuredmedia":[{"embeddable":true,"href":"https:\/\/dev6.erresse-shop.it\/es\/wp-json\/wp\/v2\/media\/6285283"}],"wp:attachment":[{"href":"https:\/\/dev6.erresse-shop.it\/es\/wp-json\/wp\/v2\/media?parent=1881775"}],"wp:term":[{"taxonomy":"product_cat","embeddable":true,"href":"https:\/\/dev6.erresse-shop.it\/es\/wp-json\/wp\/v2\/product_cat?post=1881775"},{"taxonomy":"product_tag","embeddable":true,"href":"https:\/\/dev6.erresse-shop.it\/es\/wp-json\/wp\/v2\/product_tag?post=1881775"}],"curies":[{"name":"wp","href":"https:\/\/api.w.org\/{rel}","templated":true}]}}