{"id":1881705,"date":"2026-04-04T11:14:32","date_gmt":"2026-04-04T09:14:32","guid":{"rendered":"https:\/\/dev6.erresse-shop.it\/shop\/sin%20categor\u00eda\/mario-luca-giusti-fulmine-ensaladera-rojo\/"},"modified":"2025-09-14T09:15:58","modified_gmt":"2025-09-14T07:15:58","slug":"mario-luca-giusti-fulmine-ensaladera-rojo","status":"publish","type":"product","link":"https:\/\/dev6.erresse-shop.it\/es\/shop\/tabla\/ensaladeras-y-soperas\/mario-luca-giusti-fulmine-ensaladera-rojo\/","title":{"rendered":"MARIO LUCA GIUSTI Fulmine Ensaladera Rojo"},"content":{"rendered":"<p>Instrucciones de uso del producto acr\u00edlico<\/p>\n<p>probado por T\u00dcV, SGS, Intertek<br \/>\n\u2013 absolutamente ins\u00edpido e inodoro<br \/>\n\u2013 sin BPA<br \/>\n\u2013 No indestructible<br \/>\n\u2013 Resistente de -10\u00b0C a 50\u00b0C<br \/>\n\u2013 congelable<br \/>\n\u2013 se recomienda lavar a mano para aumentar la vida \u00fatil del producto<br \/>\n\u2013 no apto para lavavajillas<br \/>\n\u2013 no apto para microondas<br \/>\n\u2013 utilizar s\u00f3lo detergentes neutros y materiales no abrasivos<\/p>\n<p>Lo siguiente puede decolorar el producto o volverlo opaco a largo plazo:<br \/>\n\u2013 Dejar los productos durante un largo periodo de tiempo a temperaturas y humedad elevadas<br \/>\n\u2013 Dosificaci\u00f3n incorrecta del detergente<br \/>\n\u2013 Utilizaci\u00f3n de un detergente que contenga aluminio o protecci\u00f3n met\u00e1lica.<br \/>\n\u2013 Los productos l\u00e1cteos, el caf\u00e9, el cacao, el t\u00e9 o el alcohol pueden dejar un borde en el cristal si se dejan toda la noche. Lave el cristal con agua tibia y jab\u00f3n inmediatamente despu\u00e9s de usarlo, l\u00e1velo a mano o utilice nuestro producto de limpieza. Quite el polvo con regularidad.<\/p>\n<p>Especificaciones t\u00e9cnicas<\/p>\n<p>Altura: 11 cm<br \/>\nDi\u00e1metro: 25 cm<br \/>\nCapacidad: 1800 ml<\/p>\n","protected":false},"excerpt":{"rendered":"<p>Instrucciones de uso del producto acr\u00edlico probado por T\u00dcV, SGS, Intertek \u2013 absolutamente ins\u00edpido e inodoro \u2013 sin BPA \u2013 No indestructible \u2013 Resistente de -10\u00b0C a 50\u00b0C \u2013 congelable \u2013 se recomienda lavar a mano para aumentar la vida \u00fatil del producto \u2013 no apto para lavavajillas \u2013 no apto para microondas \u2013 utilizar [&hellip;]<\/p>\n","protected":false},"featured_media":6285166,"template":"","meta":{"_acf_changed":false},"product_cat":[11908,11887,11671],"product_tag":[],"class_list":{"0":"post-1881705","1":"product","2":"type-product","3":"status-publish","4":"has-post-thumbnail","6":"product_cat-ensaladeras-y-soperas","7":"product_cat-tabla","8":"product_cat-tavola","10":"first","11":"instock","12":"sale","13":"taxable","14":"shipping-taxable","15":"purchasable","16":"product-type-simple","swatches":"rey-swatches","show_selected":"","stretch_labels":"rey-swatches--stretch-labels"},"acf":[],"yoast_head":"<!-- This site is optimized with the Yoast SEO plugin v25.4 - https:\/\/yoast.com\/wordpress\/plugins\/seo\/ -->\n<title>MARIO LUCA GIUSTI Fulmine Ensaladera Rojo - dev6 Erresse<\/title>\n<meta name=\"description\" content=\"Instrucciones de uso del producto acr\u00edlico probado por T\u00dcV, SGS, Intertek \u2013 absolutamente ins\u00edpido e inodoro \u2013 sin BPA \u2013 No indestructible \u2013 Resistente de\" \/>\n<meta name=\"robots\" content=\"noindex, follow, max-snippet:-1, max-image-preview:large, max-video-preview:-1\" \/>\n<meta property=\"og:locale\" content=\"es_ES\" \/>\n<meta property=\"og:type\" content=\"article\" \/>\n<meta property=\"og:title\" content=\"MARIO LUCA GIUSTI Fulmine Ensaladera Rojo - dev6 Erresse\" \/>\n<meta property=\"og:description\" content=\"Instrucciones de uso del producto acr\u00edlico probado por T\u00dcV, SGS, Intertek \u2013 absolutamente ins\u00edpido e inodoro \u2013 sin BPA \u2013 No indestructible \u2013 Resistente de\" \/>\n<meta property=\"og:url\" content=\"https:\/\/dev6.erresse-shop.it\/es\/shop\/tabla\/ensaladeras-y-soperas\/mario-luca-giusti-fulmine-ensaladera-rojo\/\" \/>\n<meta property=\"og:site_name\" content=\"dev6 Erresse\" \/>\n<meta property=\"og:image\" content=\"https:\/\/interpim.erresse-shop.it\/Import\/Prodotti\/mario-luca-giusti-fulmine-insalatiera-rossa.jpg\" \/><meta property=\"og:image\" content=\"https:\/\/interpim.erresse-shop.it\/Import\/Prodotti\/mario-luca-giusti-fulmine-insalatiera-rossa.jpg\" \/>\n\t<meta property=\"og:image:width\" content=\"1024\" \/>\n\t<meta property=\"og:image:height\" content=\"1024\" \/>\n\t<meta property=\"og:image:type\" content=\"image\/jpeg\" \/>\n<meta name=\"twitter:card\" content=\"summary_large_image\" \/>\n<meta name=\"twitter:image\" content=\"https:\/\/interpim.erresse-shop.it\/Import\/Prodotti\/mario-luca-giusti-fulmine-insalatiera-rossa.jpg\" \/>\n<script type=\"application\/ld+json\" class=\"yoast-schema-graph\">{\"@context\":\"https:\/\/schema.org\",\"@graph\":[{\"@type\":\"WebPage\",\"@id\":\"https:\/\/dev6.erresse-shop.it\/es\/shop\/tabla\/ensaladeras-y-soperas\/mario-luca-giusti-fulmine-ensaladera-rojo\/\",\"url\":\"https:\/\/dev6.erresse-shop.it\/es\/shop\/tabla\/ensaladeras-y-soperas\/mario-luca-giusti-fulmine-ensaladera-rojo\/\",\"name\":\"MARIO LUCA GIUSTI Fulmine Ensaladera Rojo - dev6 Erresse\",\"isPartOf\":{\"@id\":\"https:\/\/dev6.erresse-shop.it\/#website\"},\"primaryImageOfPage\":{\"@id\":\"https:\/\/dev6.erresse-shop.it\/es\/shop\/tabla\/ensaladeras-y-soperas\/mario-luca-giusti-fulmine-ensaladera-rojo\/#primaryimage\"},\"image\":{\"@id\":\"https:\/\/dev6.erresse-shop.it\/es\/shop\/tabla\/ensaladeras-y-soperas\/mario-luca-giusti-fulmine-ensaladera-rojo\/#primaryimage\"},\"thumbnailUrl\":\"https:\/\/i2.wp.com\/interpim.erresse-shop.it\/Import\/Prodotti\/mario-luca-giusti-fulmine-insalatiera-rossa.jpg?ssl=1\",\"datePublished\":\"2026-04-04T09:14:32+00:00\",\"description\":\"Instrucciones de uso del producto acr\u00edlico probado por T\u00dcV, SGS, Intertek \u2013 absolutamente ins\u00edpido e inodoro \u2013 sin BPA \u2013 No indestructible \u2013 Resistente de\",\"breadcrumb\":{\"@id\":\"https:\/\/dev6.erresse-shop.it\/es\/shop\/tabla\/ensaladeras-y-soperas\/mario-luca-giusti-fulmine-ensaladera-rojo\/#breadcrumb\"},\"inLanguage\":\"es\",\"potentialAction\":[{\"@type\":\"ReadAction\",\"target\":[\"https:\/\/dev6.erresse-shop.it\/es\/shop\/tabla\/ensaladeras-y-soperas\/mario-luca-giusti-fulmine-ensaladera-rojo\/\"]}]},{\"@type\":\"ImageObject\",\"inLanguage\":\"es\",\"@id\":\"https:\/\/dev6.erresse-shop.it\/es\/shop\/tabla\/ensaladeras-y-soperas\/mario-luca-giusti-fulmine-ensaladera-rojo\/#primaryimage\",\"url\":\"https:\/\/i2.wp.com\/interpim.erresse-shop.it\/Import\/Prodotti\/mario-luca-giusti-fulmine-insalatiera-rossa.jpg?ssl=1\",\"contentUrl\":\"https:\/\/i2.wp.com\/interpim.erresse-shop.it\/Import\/Prodotti\/mario-luca-giusti-fulmine-insalatiera-rossa.jpg?ssl=1\"},{\"@type\":\"BreadcrumbList\",\"@id\":\"https:\/\/dev6.erresse-shop.it\/es\/shop\/tabla\/ensaladeras-y-soperas\/mario-luca-giusti-fulmine-ensaladera-rojo\/#breadcrumb\",\"itemListElement\":[{\"@type\":\"ListItem\",\"position\":1,\"name\":\"Home\",\"item\":\"https:\/\/dev6.erresse-shop.it\/\"},{\"@type\":\"ListItem\",\"position\":2,\"name\":\"Tienda\",\"item\":\"https:\/\/dev6.erresse-shop.it\/shop\/\"},{\"@type\":\"ListItem\",\"position\":3,\"name\":\"MARIO LUCA GIUSTI Fulmine Ensaladera Rojo\"}]},{\"@type\":\"WebSite\",\"@id\":\"https:\/\/dev6.erresse-shop.it\/#website\",\"url\":\"https:\/\/dev6.erresse-shop.it\/\",\"name\":\"Erresse Shop\",\"description\":\"\",\"publisher\":{\"@id\":\"https:\/\/dev6.erresse-shop.it\/#organization\"},\"potentialAction\":[{\"@type\":\"SearchAction\",\"target\":{\"@type\":\"EntryPoint\",\"urlTemplate\":\"https:\/\/dev6.erresse-shop.it\/?s={search_term_string}\"},\"query-input\":{\"@type\":\"PropertyValueSpecification\",\"valueRequired\":true,\"valueName\":\"search_term_string\"}}],\"inLanguage\":\"es\"},{\"@type\":\"Organization\",\"@id\":\"https:\/\/dev6.erresse-shop.it\/#organization\",\"name\":\"Erresse Shop\",\"url\":\"https:\/\/dev6.erresse-shop.it\/\",\"logo\":{\"@type\":\"ImageObject\",\"inLanguage\":\"es\",\"@id\":\"https:\/\/dev6.erresse-shop.it\/#\/schema\/logo\/image\/\",\"url\":\"https:\/\/dev6.erresse-shop.it\/wp-content\/uploads\/2025\/01\/LOGO-ERRESSE-CLASSICO.svg\",\"contentUrl\":\"https:\/\/dev6.erresse-shop.it\/wp-content\/uploads\/2025\/01\/LOGO-ERRESSE-CLASSICO.svg\",\"caption\":\"Erresse Shop\"},\"image\":{\"@id\":\"https:\/\/dev6.erresse-shop.it\/#\/schema\/logo\/image\/\"}}]}<\/script>\n<!-- \/ Yoast SEO plugin. -->","yoast_head_json":{"title":"MARIO LUCA GIUSTI Fulmine Ensaladera Rojo - dev6 Erresse","description":"Instrucciones de uso del producto acr\u00edlico probado por T\u00dcV, SGS, Intertek \u2013 absolutamente ins\u00edpido e inodoro \u2013 sin BPA \u2013 No indestructible \u2013 Resistente de","robots":{"index":"noindex","follow":"follow","max-snippet":"max-snippet:-1","max-image-preview":"max-image-preview:large","max-video-preview":"max-video-preview:-1"},"og_locale":"es_ES","og_type":"article","og_title":"MARIO LUCA GIUSTI Fulmine Ensaladera Rojo - dev6 Erresse","og_description":"Instrucciones de uso del producto acr\u00edlico probado por T\u00dcV, SGS, Intertek \u2013 absolutamente ins\u00edpido e inodoro \u2013 sin BPA \u2013 No indestructible \u2013 Resistente de","og_url":"https:\/\/dev6.erresse-shop.it\/es\/shop\/tabla\/ensaladeras-y-soperas\/mario-luca-giusti-fulmine-ensaladera-rojo\/","og_site_name":"dev6 Erresse","og_image":[{"url":"https:\/\/interpim.erresse-shop.it\/Import\/Prodotti\/mario-luca-giusti-fulmine-insalatiera-rossa.jpg","type":"","width":"","height":""},{"url":"https:\/\/interpim.erresse-shop.it\/Import\/Prodotti\/mario-luca-giusti-fulmine-insalatiera-rossa.jpg","width":1024,"height":1024,"type":"image\/jpeg"}],"twitter_card":"summary_large_image","twitter_image":"https:\/\/interpim.erresse-shop.it\/Import\/Prodotti\/mario-luca-giusti-fulmine-insalatiera-rossa.jpg","schema":{"@context":"https:\/\/schema.org","@graph":[{"@type":"WebPage","@id":"https:\/\/dev6.erresse-shop.it\/es\/shop\/tabla\/ensaladeras-y-soperas\/mario-luca-giusti-fulmine-ensaladera-rojo\/","url":"https:\/\/dev6.erresse-shop.it\/es\/shop\/tabla\/ensaladeras-y-soperas\/mario-luca-giusti-fulmine-ensaladera-rojo\/","name":"MARIO LUCA GIUSTI Fulmine Ensaladera Rojo - dev6 Erresse","isPartOf":{"@id":"https:\/\/dev6.erresse-shop.it\/#website"},"primaryImageOfPage":{"@id":"https:\/\/dev6.erresse-shop.it\/es\/shop\/tabla\/ensaladeras-y-soperas\/mario-luca-giusti-fulmine-ensaladera-rojo\/#primaryimage"},"image":{"@id":"https:\/\/dev6.erresse-shop.it\/es\/shop\/tabla\/ensaladeras-y-soperas\/mario-luca-giusti-fulmine-ensaladera-rojo\/#primaryimage"},"thumbnailUrl":"https:\/\/i2.wp.com\/interpim.erresse-shop.it\/Import\/Prodotti\/mario-luca-giusti-fulmine-insalatiera-rossa.jpg?ssl=1","datePublished":"2026-04-04T09:14:32+00:00","description":"Instrucciones de uso del producto acr\u00edlico probado por T\u00dcV, SGS, Intertek \u2013 absolutamente ins\u00edpido e inodoro \u2013 sin BPA \u2013 No indestructible \u2013 Resistente de","breadcrumb":{"@id":"https:\/\/dev6.erresse-shop.it\/es\/shop\/tabla\/ensaladeras-y-soperas\/mario-luca-giusti-fulmine-ensaladera-rojo\/#breadcrumb"},"inLanguage":"es","potentialAction":[{"@type":"ReadAction","target":["https:\/\/dev6.erresse-shop.it\/es\/shop\/tabla\/ensaladeras-y-soperas\/mario-luca-giusti-fulmine-ensaladera-rojo\/"]}]},{"@type":"ImageObject","inLanguage":"es","@id":"https:\/\/dev6.erresse-shop.it\/es\/shop\/tabla\/ensaladeras-y-soperas\/mario-luca-giusti-fulmine-ensaladera-rojo\/#primaryimage","url":"https:\/\/i2.wp.com\/interpim.erresse-shop.it\/Import\/Prodotti\/mario-luca-giusti-fulmine-insalatiera-rossa.jpg?ssl=1","contentUrl":"https:\/\/i2.wp.com\/interpim.erresse-shop.it\/Import\/Prodotti\/mario-luca-giusti-fulmine-insalatiera-rossa.jpg?ssl=1"},{"@type":"BreadcrumbList","@id":"https:\/\/dev6.erresse-shop.it\/es\/shop\/tabla\/ensaladeras-y-soperas\/mario-luca-giusti-fulmine-ensaladera-rojo\/#breadcrumb","itemListElement":[{"@type":"ListItem","position":1,"name":"Home","item":"https:\/\/dev6.erresse-shop.it\/"},{"@type":"ListItem","position":2,"name":"Tienda","item":"https:\/\/dev6.erresse-shop.it\/shop\/"},{"@type":"ListItem","position":3,"name":"MARIO LUCA GIUSTI Fulmine Ensaladera Rojo"}]},{"@type":"WebSite","@id":"https:\/\/dev6.erresse-shop.it\/#website","url":"https:\/\/dev6.erresse-shop.it\/","name":"Erresse Shop","description":"","publisher":{"@id":"https:\/\/dev6.erresse-shop.it\/#organization"},"potentialAction":[{"@type":"SearchAction","target":{"@type":"EntryPoint","urlTemplate":"https:\/\/dev6.erresse-shop.it\/?s={search_term_string}"},"query-input":{"@type":"PropertyValueSpecification","valueRequired":true,"valueName":"search_term_string"}}],"inLanguage":"es"},{"@type":"Organization","@id":"https:\/\/dev6.erresse-shop.it\/#organization","name":"Erresse Shop","url":"https:\/\/dev6.erresse-shop.it\/","logo":{"@type":"ImageObject","inLanguage":"es","@id":"https:\/\/dev6.erresse-shop.it\/#\/schema\/logo\/image\/","url":"https:\/\/dev6.erresse-shop.it\/wp-content\/uploads\/2025\/01\/LOGO-ERRESSE-CLASSICO.svg","contentUrl":"https:\/\/dev6.erresse-shop.it\/wp-content\/uploads\/2025\/01\/LOGO-ERRESSE-CLASSICO.svg","caption":"Erresse Shop"},"image":{"@id":"https:\/\/dev6.erresse-shop.it\/#\/schema\/logo\/image\/"}}]}},"df_price":74.95,"df_sale_price":74.95,"df_regular_price":83,"df_image_link":"https:\/\/i2.wp.com\/interpim.erresse-shop.it\/Import\/Prodotti\/mario-luca-giusti-fulmine-insalatiera-rossa.jpg?resize=300,300&ssl=1","fifu_image_url":"https:\/\/interpim.erresse-shop.it\/Import\/Prodotti\/mario-luca-giusti-fulmine-insalatiera-rossa.jpg","_links":{"self":[{"href":"https:\/\/dev6.erresse-shop.it\/es\/wp-json\/wp\/v2\/product\/1881705","targetHints":{"allow":["GET"]}}],"collection":[{"href":"https:\/\/dev6.erresse-shop.it\/es\/wp-json\/wp\/v2\/product"}],"about":[{"href":"https:\/\/dev6.erresse-shop.it\/es\/wp-json\/wp\/v2\/types\/product"}],"wp:featuredmedia":[{"embeddable":true,"href":"https:\/\/dev6.erresse-shop.it\/es\/wp-json\/wp\/v2\/media\/6285166"}],"wp:attachment":[{"href":"https:\/\/dev6.erresse-shop.it\/es\/wp-json\/wp\/v2\/media?parent=1881705"}],"wp:term":[{"taxonomy":"product_cat","embeddable":true,"href":"https:\/\/dev6.erresse-shop.it\/es\/wp-json\/wp\/v2\/product_cat?post=1881705"},{"taxonomy":"product_tag","embeddable":true,"href":"https:\/\/dev6.erresse-shop.it\/es\/wp-json\/wp\/v2\/product_tag?post=1881705"}],"curies":[{"name":"wp","href":"https:\/\/api.w.org\/{rel}","templated":true}]}}