{"id":1881635,"date":"2026-04-12T11:13:04","date_gmt":"2026-04-12T09:13:04","guid":{"rendered":"https:\/\/dev6.erresse-shop.it\/shop\/sin%20categor\u00eda\/magimix-robot-de-cocina-cuisine-4200xl-rojo\/"},"modified":"2025-07-19T04:21:26","modified_gmt":"2025-07-19T02:21:26","slug":"magimix-robot-de-cocina-cuisine-4200xl-rojo","status":"publish","type":"product","link":"https:\/\/dev6.erresse-shop.it\/es\/shop\/pequenos-electrodomesticos\/procesadores-de-alimentos\/magimix-robot-de-cocina-cuisine-4200xl-rojo\/","title":{"rendered":"MAGIMIX Robot de Cocina Cuisine 4200XL Rojo"},"content":{"rendered":"<p>MAGIMIX. GARANT\u00cdA ITALIANA<\/p>\n<p>Es en Francia, en el coraz\u00f3n de la Borgo\u00f1a, regi\u00f3n famosa por su gastronom\u00eda, donde Magimix invent\u00f3 el robot de cocina hace m\u00e1s de cuarenta a\u00f1os.<br \/>\nHoy en d\u00eda, los aparatos Magimix son la versi\u00f3n dom\u00e9stica de los aparatos dise\u00f1ados para los profesionales. Los mejores restaurantes del mundo utilizan la versi\u00f3n profesional de nuestros productos.<br \/>\nDentro de la gama Magimix, encontrar\u00e1 toda la gama de peque\u00f1os electrodom\u00e9sticos de cocina.<br \/>\nSiempre a la vanguardia de la innovaci\u00f3n en la cocina, Magimix se complace en presentar su \u00faltima colecci\u00f3n para el placer de cocinar como un gran cocinero.<\/p>\n<p>COCINA 4200XL. Cuisine Syst\u00e8me 4200 le ayudar\u00e1 a realizar todas sus preparaciones a la perfecci\u00f3n para que tenga el placer de cocinar como un gran cocinero.<\/p>\n<p>3 botones para acceder a todas las funciones. El motor se adapta a la preparaci\u00f3n. Un recetario para cada modelo.<br \/>\nUna caja que permite guardar los accesorios est\u00e1ndar para ocupar menos espacio.<br \/>\nPara satisfacer las necesidades de cada receta y ahorrar tiempo al usuario, Magimix ha creado un bol peque\u00f1o y otro mediano.<br \/>\nColocados en el interior de la cubeta grande, estos 3 recipientes funcionan de forma independiente y permiten realizar la preparaci\u00f3n uno tras otro.<br \/>\nTodos los procesadores de alimentos se fabrican \u00edntegramente en Francia. Sus motores profesionales, que consumen poca energ\u00eda y son ultrasilenciosos, tienen una garant\u00eda de 30 a\u00f1os.<br \/>\nLos accesorios de precisi\u00f3n son de acero Sabatier, fabricados en Francia (en Thiers) para garantizar un corte perfecto.<\/p>\n<p>Recipiente grande de 3 litros<br \/>\nRecipiente mediano 2,6 litros<br \/>\nMinicuenco de 1,2 litros<br \/>\nRecetario 40 recetas<br \/>\nEsp\u00e1tula 1<\/p>\n<p>Capacidad:<br \/>\nBrioche 800 g<br \/>\nMasa de pan 1 kg<br \/>\nMasa bris\u00e9 1,2 kg<br \/>\nSalsa de nata de 1,3 litros<br \/>\nCarne picada 1 kg<br \/>\nZanahorias 1 kg<br \/>\nAlb\u00famina 6<\/p>\n<p>Material 0% BPA<br \/>\nPotencia del motor 950 W<br \/>\nGarant\u00eda 3 a\u00f1os<br \/>\nGarant\u00eda del motor 30 a\u00f1os<br \/>\nDimensiones H425 x W210 x P260 mm<br \/>\nPeso 10,8 kg<br \/>\nFabricado en Francia<\/p>\n<p>No se vende fuera de Europa<\/p>\n","protected":false},"excerpt":{"rendered":"<p>MAGIMIX. GARANT\u00cdA ITALIANA Es en Francia, en el coraz\u00f3n de la Borgo\u00f1a, regi\u00f3n famosa por su gastronom\u00eda, donde Magimix invent\u00f3 el robot de cocina hace m\u00e1s de cuarenta a\u00f1os. Hoy en d\u00eda, los aparatos Magimix son la versi\u00f3n dom\u00e9stica de los aparatos dise\u00f1ados para los profesionales. Los mejores restaurantes del mundo utilizan la versi\u00f3n profesional [&hellip;]<\/p>\n","protected":false},"featured_media":6368274,"template":"","meta":{"_acf_changed":false},"product_cat":[11947,11958],"product_tag":[],"class_list":{"0":"post-1881635","1":"product","2":"type-product","3":"status-publish","4":"has-post-thumbnail","6":"product_cat-pequenos-electrodomesticos","7":"product_cat-procesadores-de-alimentos","9":"first","10":"instock","11":"sale","12":"taxable","13":"shipping-taxable","14":"purchasable","15":"product-type-simple","swatches":"rey-swatches","show_selected":"","stretch_labels":"rey-swatches--stretch-labels"},"acf":[],"yoast_head":"<!-- This site is optimized with the Yoast SEO plugin v25.4 - https:\/\/yoast.com\/wordpress\/plugins\/seo\/ -->\n<title>MAGIMIX Robot de Cocina Cuisine 4200XL Rojo - dev6 Erresse<\/title>\n<meta name=\"description\" content=\"MAGIMIX. GARANT\u00cdA ITALIANA Es en Francia, en el coraz\u00f3n de la Borgo\u00f1a, regi\u00f3n famosa por su gastronom\u00eda, donde Magimix invent\u00f3 el robot de cocina hace m\u00e1s\" \/>\n<meta name=\"robots\" content=\"noindex, follow, max-snippet:-1, max-image-preview:large, max-video-preview:-1\" \/>\n<meta property=\"og:locale\" content=\"es_ES\" \/>\n<meta property=\"og:type\" content=\"article\" \/>\n<meta property=\"og:title\" content=\"MAGIMIX Robot de Cocina Cuisine 4200XL Rojo - dev6 Erresse\" \/>\n<meta property=\"og:description\" content=\"MAGIMIX. GARANT\u00cdA ITALIANA Es en Francia, en el coraz\u00f3n de la Borgo\u00f1a, regi\u00f3n famosa por su gastronom\u00eda, donde Magimix invent\u00f3 el robot de cocina hace m\u00e1s\" \/>\n<meta property=\"og:url\" content=\"https:\/\/dev6.erresse-shop.it\/es\/shop\/pequenos-electrodomesticos\/procesadores-de-alimentos\/magimix-robot-de-cocina-cuisine-4200xl-rojo\/\" \/>\n<meta property=\"og:site_name\" content=\"dev6 Erresse\" \/>\n<meta property=\"og:image\" content=\"https:\/\/interpim.erresse-shop.it\/wp-content\/uploads\/2024\/06\/MAGIMIX-Robot-da-cucina-Cuisine-4200XL-Rosso.jpg\/magimix-robot-da-cucina-cuisine-4200xl-rosso.jpg\" \/><meta property=\"og:image\" content=\"https:\/\/interpim.erresse-shop.it\/wp-content\/uploads\/2024\/06\/MAGIMIX-Robot-da-cucina-Cuisine-4200XL-Rosso.jpg\/magimix-robot-da-cucina-cuisine-4200xl-rosso.jpg\" \/>\n\t<meta property=\"og:image:width\" content=\"1024\" \/>\n\t<meta property=\"og:image:height\" content=\"1024\" \/>\n\t<meta property=\"og:image:type\" content=\"image\/jpeg\" \/>\n<meta name=\"twitter:card\" content=\"summary_large_image\" \/>\n<meta name=\"twitter:image\" content=\"https:\/\/interpim.erresse-shop.it\/wp-content\/uploads\/2024\/06\/MAGIMIX-Robot-da-cucina-Cuisine-4200XL-Rosso.jpg\/magimix-robot-da-cucina-cuisine-4200xl-rosso.jpg\" \/>\n<script type=\"application\/ld+json\" class=\"yoast-schema-graph\">{\"@context\":\"https:\/\/schema.org\",\"@graph\":[{\"@type\":\"WebPage\",\"@id\":\"https:\/\/dev6.erresse-shop.it\/es\/shop\/pequenos-electrodomesticos\/procesadores-de-alimentos\/magimix-robot-de-cocina-cuisine-4200xl-rojo\/\",\"url\":\"https:\/\/dev6.erresse-shop.it\/es\/shop\/pequenos-electrodomesticos\/procesadores-de-alimentos\/magimix-robot-de-cocina-cuisine-4200xl-rojo\/\",\"name\":\"MAGIMIX Robot de Cocina Cuisine 4200XL Rojo - dev6 Erresse\",\"isPartOf\":{\"@id\":\"https:\/\/dev6.erresse-shop.it\/#website\"},\"primaryImageOfPage\":{\"@id\":\"https:\/\/dev6.erresse-shop.it\/es\/shop\/pequenos-electrodomesticos\/procesadores-de-alimentos\/magimix-robot-de-cocina-cuisine-4200xl-rojo\/#primaryimage\"},\"image\":{\"@id\":\"https:\/\/dev6.erresse-shop.it\/es\/shop\/pequenos-electrodomesticos\/procesadores-de-alimentos\/magimix-robot-de-cocina-cuisine-4200xl-rojo\/#primaryimage\"},\"thumbnailUrl\":\"https:\/\/i2.wp.com\/interpim.erresse-shop.it\/wp-content\/uploads\/2024\/06\/MAGIMIX-Robot-da-cucina-Cuisine-4200XL-Rosso.jpg\/magimix-robot-da-cucina-cuisine-4200xl-rosso.jpg?ssl=1\",\"datePublished\":\"2026-04-12T09:13:04+00:00\",\"description\":\"MAGIMIX. GARANT\u00cdA ITALIANA Es en Francia, en el coraz\u00f3n de la Borgo\u00f1a, regi\u00f3n famosa por su gastronom\u00eda, donde Magimix invent\u00f3 el robot de cocina hace m\u00e1s\",\"breadcrumb\":{\"@id\":\"https:\/\/dev6.erresse-shop.it\/es\/shop\/pequenos-electrodomesticos\/procesadores-de-alimentos\/magimix-robot-de-cocina-cuisine-4200xl-rojo\/#breadcrumb\"},\"inLanguage\":\"es\",\"potentialAction\":[{\"@type\":\"ReadAction\",\"target\":[\"https:\/\/dev6.erresse-shop.it\/es\/shop\/pequenos-electrodomesticos\/procesadores-de-alimentos\/magimix-robot-de-cocina-cuisine-4200xl-rojo\/\"]}]},{\"@type\":\"ImageObject\",\"inLanguage\":\"es\",\"@id\":\"https:\/\/dev6.erresse-shop.it\/es\/shop\/pequenos-electrodomesticos\/procesadores-de-alimentos\/magimix-robot-de-cocina-cuisine-4200xl-rojo\/#primaryimage\",\"url\":\"https:\/\/i2.wp.com\/interpim.erresse-shop.it\/wp-content\/uploads\/2024\/06\/MAGIMIX-Robot-da-cucina-Cuisine-4200XL-Rosso.jpg\/magimix-robot-da-cucina-cuisine-4200xl-rosso.jpg?ssl=1\",\"contentUrl\":\"https:\/\/i2.wp.com\/interpim.erresse-shop.it\/wp-content\/uploads\/2024\/06\/MAGIMIX-Robot-da-cucina-Cuisine-4200XL-Rosso.jpg\/magimix-robot-da-cucina-cuisine-4200xl-rosso.jpg?ssl=1\"},{\"@type\":\"BreadcrumbList\",\"@id\":\"https:\/\/dev6.erresse-shop.it\/es\/shop\/pequenos-electrodomesticos\/procesadores-de-alimentos\/magimix-robot-de-cocina-cuisine-4200xl-rojo\/#breadcrumb\",\"itemListElement\":[{\"@type\":\"ListItem\",\"position\":1,\"name\":\"Home\",\"item\":\"https:\/\/dev6.erresse-shop.it\/\"},{\"@type\":\"ListItem\",\"position\":2,\"name\":\"Tienda\",\"item\":\"https:\/\/dev6.erresse-shop.it\/shop\/\"},{\"@type\":\"ListItem\",\"position\":3,\"name\":\"MAGIMIX Robot de Cocina Cuisine 4200XL Rojo\"}]},{\"@type\":\"WebSite\",\"@id\":\"https:\/\/dev6.erresse-shop.it\/#website\",\"url\":\"https:\/\/dev6.erresse-shop.it\/\",\"name\":\"Erresse Shop\",\"description\":\"\",\"publisher\":{\"@id\":\"https:\/\/dev6.erresse-shop.it\/#organization\"},\"potentialAction\":[{\"@type\":\"SearchAction\",\"target\":{\"@type\":\"EntryPoint\",\"urlTemplate\":\"https:\/\/dev6.erresse-shop.it\/?s={search_term_string}\"},\"query-input\":{\"@type\":\"PropertyValueSpecification\",\"valueRequired\":true,\"valueName\":\"search_term_string\"}}],\"inLanguage\":\"es\"},{\"@type\":\"Organization\",\"@id\":\"https:\/\/dev6.erresse-shop.it\/#organization\",\"name\":\"Erresse Shop\",\"url\":\"https:\/\/dev6.erresse-shop.it\/\",\"logo\":{\"@type\":\"ImageObject\",\"inLanguage\":\"es\",\"@id\":\"https:\/\/dev6.erresse-shop.it\/#\/schema\/logo\/image\/\",\"url\":\"https:\/\/dev6.erresse-shop.it\/wp-content\/uploads\/2025\/01\/LOGO-ERRESSE-CLASSICO.svg\",\"contentUrl\":\"https:\/\/dev6.erresse-shop.it\/wp-content\/uploads\/2025\/01\/LOGO-ERRESSE-CLASSICO.svg\",\"caption\":\"Erresse Shop\"},\"image\":{\"@id\":\"https:\/\/dev6.erresse-shop.it\/#\/schema\/logo\/image\/\"}}]}<\/script>\n<!-- \/ Yoast SEO plugin. -->","yoast_head_json":{"title":"MAGIMIX Robot de Cocina Cuisine 4200XL Rojo - dev6 Erresse","description":"MAGIMIX. GARANT\u00cdA ITALIANA Es en Francia, en el coraz\u00f3n de la Borgo\u00f1a, regi\u00f3n famosa por su gastronom\u00eda, donde Magimix invent\u00f3 el robot de cocina hace m\u00e1s","robots":{"index":"noindex","follow":"follow","max-snippet":"max-snippet:-1","max-image-preview":"max-image-preview:large","max-video-preview":"max-video-preview:-1"},"og_locale":"es_ES","og_type":"article","og_title":"MAGIMIX Robot de Cocina Cuisine 4200XL Rojo - dev6 Erresse","og_description":"MAGIMIX. GARANT\u00cdA ITALIANA Es en Francia, en el coraz\u00f3n de la Borgo\u00f1a, regi\u00f3n famosa por su gastronom\u00eda, donde Magimix invent\u00f3 el robot de cocina hace m\u00e1s","og_url":"https:\/\/dev6.erresse-shop.it\/es\/shop\/pequenos-electrodomesticos\/procesadores-de-alimentos\/magimix-robot-de-cocina-cuisine-4200xl-rojo\/","og_site_name":"dev6 Erresse","og_image":[{"url":"https:\/\/interpim.erresse-shop.it\/wp-content\/uploads\/2024\/06\/MAGIMIX-Robot-da-cucina-Cuisine-4200XL-Rosso.jpg\/magimix-robot-da-cucina-cuisine-4200xl-rosso.jpg","type":"","width":"","height":""},{"url":"https:\/\/interpim.erresse-shop.it\/wp-content\/uploads\/2024\/06\/MAGIMIX-Robot-da-cucina-Cuisine-4200XL-Rosso.jpg\/magimix-robot-da-cucina-cuisine-4200xl-rosso.jpg","width":1024,"height":1024,"type":"image\/jpeg"}],"twitter_card":"summary_large_image","twitter_image":"https:\/\/interpim.erresse-shop.it\/wp-content\/uploads\/2024\/06\/MAGIMIX-Robot-da-cucina-Cuisine-4200XL-Rosso.jpg\/magimix-robot-da-cucina-cuisine-4200xl-rosso.jpg","schema":{"@context":"https:\/\/schema.org","@graph":[{"@type":"WebPage","@id":"https:\/\/dev6.erresse-shop.it\/es\/shop\/pequenos-electrodomesticos\/procesadores-de-alimentos\/magimix-robot-de-cocina-cuisine-4200xl-rojo\/","url":"https:\/\/dev6.erresse-shop.it\/es\/shop\/pequenos-electrodomesticos\/procesadores-de-alimentos\/magimix-robot-de-cocina-cuisine-4200xl-rojo\/","name":"MAGIMIX Robot de Cocina Cuisine 4200XL Rojo - dev6 Erresse","isPartOf":{"@id":"https:\/\/dev6.erresse-shop.it\/#website"},"primaryImageOfPage":{"@id":"https:\/\/dev6.erresse-shop.it\/es\/shop\/pequenos-electrodomesticos\/procesadores-de-alimentos\/magimix-robot-de-cocina-cuisine-4200xl-rojo\/#primaryimage"},"image":{"@id":"https:\/\/dev6.erresse-shop.it\/es\/shop\/pequenos-electrodomesticos\/procesadores-de-alimentos\/magimix-robot-de-cocina-cuisine-4200xl-rojo\/#primaryimage"},"thumbnailUrl":"https:\/\/i2.wp.com\/interpim.erresse-shop.it\/wp-content\/uploads\/2024\/06\/MAGIMIX-Robot-da-cucina-Cuisine-4200XL-Rosso.jpg\/magimix-robot-da-cucina-cuisine-4200xl-rosso.jpg?ssl=1","datePublished":"2026-04-12T09:13:04+00:00","description":"MAGIMIX. GARANT\u00cdA ITALIANA Es en Francia, en el coraz\u00f3n de la Borgo\u00f1a, regi\u00f3n famosa por su gastronom\u00eda, donde Magimix invent\u00f3 el robot de cocina hace m\u00e1s","breadcrumb":{"@id":"https:\/\/dev6.erresse-shop.it\/es\/shop\/pequenos-electrodomesticos\/procesadores-de-alimentos\/magimix-robot-de-cocina-cuisine-4200xl-rojo\/#breadcrumb"},"inLanguage":"es","potentialAction":[{"@type":"ReadAction","target":["https:\/\/dev6.erresse-shop.it\/es\/shop\/pequenos-electrodomesticos\/procesadores-de-alimentos\/magimix-robot-de-cocina-cuisine-4200xl-rojo\/"]}]},{"@type":"ImageObject","inLanguage":"es","@id":"https:\/\/dev6.erresse-shop.it\/es\/shop\/pequenos-electrodomesticos\/procesadores-de-alimentos\/magimix-robot-de-cocina-cuisine-4200xl-rojo\/#primaryimage","url":"https:\/\/i2.wp.com\/interpim.erresse-shop.it\/wp-content\/uploads\/2024\/06\/MAGIMIX-Robot-da-cucina-Cuisine-4200XL-Rosso.jpg\/magimix-robot-da-cucina-cuisine-4200xl-rosso.jpg?ssl=1","contentUrl":"https:\/\/i2.wp.com\/interpim.erresse-shop.it\/wp-content\/uploads\/2024\/06\/MAGIMIX-Robot-da-cucina-Cuisine-4200XL-Rosso.jpg\/magimix-robot-da-cucina-cuisine-4200xl-rosso.jpg?ssl=1"},{"@type":"BreadcrumbList","@id":"https:\/\/dev6.erresse-shop.it\/es\/shop\/pequenos-electrodomesticos\/procesadores-de-alimentos\/magimix-robot-de-cocina-cuisine-4200xl-rojo\/#breadcrumb","itemListElement":[{"@type":"ListItem","position":1,"name":"Home","item":"https:\/\/dev6.erresse-shop.it\/"},{"@type":"ListItem","position":2,"name":"Tienda","item":"https:\/\/dev6.erresse-shop.it\/shop\/"},{"@type":"ListItem","position":3,"name":"MAGIMIX Robot de Cocina Cuisine 4200XL Rojo"}]},{"@type":"WebSite","@id":"https:\/\/dev6.erresse-shop.it\/#website","url":"https:\/\/dev6.erresse-shop.it\/","name":"Erresse Shop","description":"","publisher":{"@id":"https:\/\/dev6.erresse-shop.it\/#organization"},"potentialAction":[{"@type":"SearchAction","target":{"@type":"EntryPoint","urlTemplate":"https:\/\/dev6.erresse-shop.it\/?s={search_term_string}"},"query-input":{"@type":"PropertyValueSpecification","valueRequired":true,"valueName":"search_term_string"}}],"inLanguage":"es"},{"@type":"Organization","@id":"https:\/\/dev6.erresse-shop.it\/#organization","name":"Erresse Shop","url":"https:\/\/dev6.erresse-shop.it\/","logo":{"@type":"ImageObject","inLanguage":"es","@id":"https:\/\/dev6.erresse-shop.it\/#\/schema\/logo\/image\/","url":"https:\/\/dev6.erresse-shop.it\/wp-content\/uploads\/2025\/01\/LOGO-ERRESSE-CLASSICO.svg","contentUrl":"https:\/\/dev6.erresse-shop.it\/wp-content\/uploads\/2025\/01\/LOGO-ERRESSE-CLASSICO.svg","caption":"Erresse Shop"},"image":{"@id":"https:\/\/dev6.erresse-shop.it\/#\/schema\/logo\/image\/"}}]}},"df_price":429,"df_sale_price":429,"df_regular_price":520,"df_image_link":"https:\/\/i2.wp.com\/interpim.erresse-shop.it\/wp-content\/uploads\/2024\/06\/MAGIMIX-Robot-da-cucina-Cuisine-4200XL-Rosso.jpg\/magimix-robot-da-cucina-cuisine-4200xl-rosso.jpg?resize=300,300&ssl=1","fifu_image_url":"https:\/\/interpim.erresse-shop.it\/wp-content\/uploads\/2024\/06\/MAGIMIX-Robot-da-cucina-Cuisine-4200XL-Rosso.jpg\/magimix-robot-da-cucina-cuisine-4200xl-rosso.jpg","_links":{"self":[{"href":"https:\/\/dev6.erresse-shop.it\/es\/wp-json\/wp\/v2\/product\/1881635","targetHints":{"allow":["GET"]}}],"collection":[{"href":"https:\/\/dev6.erresse-shop.it\/es\/wp-json\/wp\/v2\/product"}],"about":[{"href":"https:\/\/dev6.erresse-shop.it\/es\/wp-json\/wp\/v2\/types\/product"}],"wp:featuredmedia":[{"embeddable":true,"href":"https:\/\/dev6.erresse-shop.it\/es\/wp-json\/wp\/v2\/media\/6368274"}],"wp:attachment":[{"href":"https:\/\/dev6.erresse-shop.it\/es\/wp-json\/wp\/v2\/media?parent=1881635"}],"wp:term":[{"taxonomy":"product_cat","embeddable":true,"href":"https:\/\/dev6.erresse-shop.it\/es\/wp-json\/wp\/v2\/product_cat?post=1881635"},{"taxonomy":"product_tag","embeddable":true,"href":"https:\/\/dev6.erresse-shop.it\/es\/wp-json\/wp\/v2\/product_tag?post=1881635"}],"curies":[{"name":"wp","href":"https:\/\/api.w.org\/{rel}","templated":true}]}}