{"id":1881633,"date":"2026-04-12T11:13:04","date_gmt":"2026-04-12T09:13:04","guid":{"rendered":"https:\/\/dev6.erresse-shop.it\/shop\/sin%20categor\u00eda\/la-pavoni-maquina-de-cafe-new-cellini-evoluzione\/"},"modified":"2025-07-19T04:21:25","modified_gmt":"2025-07-19T02:21:25","slug":"la-pavoni-maquina-de-cafe-new-cellini-evoluzione","status":"publish","type":"product","link":"https:\/\/dev6.erresse-shop.it\/es\/shop\/pequenos-electrodomesticos\/maquinas-de-cafe\/manual-es\/la-pavoni-maquina-de-cafe-new-cellini-evoluzione\/","title":{"rendered":"LA PAVONI M\u00e1quina de Caf\u00e9 New Cellini Evoluzione"},"content":{"rendered":"<p>El modelo Cellini Evoluzione tiene una caldera de cobre con brida de lat\u00f3n. Caldera con aislamiento exterior para una mayor estabilidad t\u00e9rmica y ahorro de energ\u00eda.<\/p>\n<p>Bastidor y topes de acero inoxidable AISI 304.<\/p>\n<p>Dos man\u00f3metros profesionales, uno para el control de la presi\u00f3n de la bomba y otro para la presi\u00f3n de la caldera, que garantizan el correcto proceso de extracci\u00f3n, la electrobomba rotativa profesional con posibilidad de uso con dep\u00f3sito o conexi\u00f3n a la red de agua, y el presostato mec\u00e1nico comercial completan las avanzadas caracter\u00edsticas t\u00e9cnicas de este modelo.<\/p>\n<p>Todas las m\u00e1quinas semiprofesionales La Pavoni 230V est\u00e1n certificadas por:<\/p>\n<p>\nEST\u00c9TICA<\/p>\n<p>Color: Acero inoxidable<br \/>\nAcabado: Pulido<br \/>\nEst\u00e9tica: Evoluci\u00f3n<br \/>\nSerie: Cellini<br \/>\nColor de la carrocer\u00eda: Acero pulido<br \/>\nMaterial del cuerpo: Acero inoxidable<br \/>\nMaterial de la rejilla apoyavasos: Acero<br \/>\nMaterial de la varilla de vapor: Acero inoxidable \u2013 Toque fr\u00edo<br \/>\nMaterial de la boquilla dispensadora de agua caliente: Acero inoxidable-Cool Touch<br \/>\nGrupo Dispensador: E61<br \/>\nMaterial del grupo dispensador: Lat\u00f3n<br \/>\nColor del grupo del dispensador: Cromo<br \/>\nTipo de mando: Palanca<\/p>\n<p>PROGRAMAS \/ FUNCIONES<\/p>\n<p>Funci\u00f3n de dispensaci\u00f3n de caf\u00e9: S\u00ed<br \/>\nFunci\u00f3n vapor: S\u00ed<br \/>\nFunci\u00f3n de agua caliente: S\u00ed<br \/>\nAdvertencia de falta de agua: S\u00ed<\/p>\n<p>CARACTER\u00cdSTICAS T\u00c9CNICAS<\/p>\n<p>Autonivel electr\u00f3nico: S\u00ed<br \/>\nDispositivo antivaho: S\u00ed<br \/>\nTipo de caldera: Caldera individual con intercambiador de calor<br \/>\nMaterial de la caldera: Cobre y Lat\u00f3n<br \/>\nCapacidad de la caldera: 1,8 l<br \/>\nTipo de bomba: Rotativa<br \/>\nPresi\u00f3n de la bomba: 20 bar<br \/>\nCapacidad del dep\u00f3sito de agua: 2,9 l<br \/>\nContenedor de agua extra\u00edble: S\u00ed<br \/>\nConexi\u00f3n a la red de agua: S\u00ed<br \/>\nMan\u00f3metro de la bomba: S\u00ed<br \/>\nMan\u00f3metro de caldera: S\u00ed<br \/>\nLuz indicadora de temperatura: S\u00ed<br \/>\nCalentador de tazas: Pasivo<br \/>\nVarita dispensadora de vapor: Yes-Cool Touch<br \/>\nBoquilla de suministro de agua caliente: S\u00ed<\/p>\n<p>ACCESORIOS INCLUIDOS<\/p>\n<p>Filtros: 1 taza\/ 2 tazas\/ Ciego<br \/>\nCepillo de limpieza: S\u00ed<br \/>\nPressino: S\u00ed<br \/>\nVaso medidor: S\u00ed<br \/>\nPortafiltro: Ca\u00f1o doble, Ca\u00f1o simple<br \/>\nDi\u00e1metro interior del portafiltro (con filtro): 58 mm<br \/>\nJunta portafiltro: S\u00ed<br \/>\nConexi\u00f3n de manguera a la red de agua: S\u00ed<br \/>\nManguera de drenaje de agua: S\u00ed<\/p>\n<p>CONEXI\u00d3N EL\u00c9CTRICA<\/p>\n<p>Espina: (F;E) Schuko<br \/>\nVoltaje (V): 220-240 V<br \/>\nFrecuencia Hz: 50\/60 Hz<br \/>\nLongitud Cable de alimentaci\u00f3n : 1,8 m<\/p>\n<p>No est\u00e1 a la venta fuera de Europa<\/p>\n","protected":false},"excerpt":{"rendered":"<p>El modelo Cellini Evoluzione tiene una caldera de cobre con brida de lat\u00f3n. Caldera con aislamiento exterior para una mayor estabilidad t\u00e9rmica y ahorro de energ\u00eda. Bastidor y topes de acero inoxidable AISI 304. Dos man\u00f3metros profesionales, uno para el control de la presi\u00f3n de la bomba y otro para la presi\u00f3n de la caldera, [&hellip;]<\/p>\n","protected":false},"featured_media":6368269,"template":"","meta":{"_acf_changed":false},"product_cat":[11982,11955,11947],"product_tag":[],"class_list":{"0":"post-1881633","1":"product","2":"type-product","3":"status-publish","4":"has-post-thumbnail","6":"product_cat-manual-es","7":"product_cat-maquinas-de-cafe","8":"product_cat-pequenos-electrodomesticos","10":"first","11":"instock","12":"sale","13":"taxable","14":"shipping-taxable","15":"purchasable","16":"product-type-simple","swatches":"rey-swatches","show_selected":"","stretch_labels":"rey-swatches--stretch-labels"},"acf":[],"yoast_head":"<!-- This site is optimized with the Yoast SEO plugin v25.4 - https:\/\/yoast.com\/wordpress\/plugins\/seo\/ -->\n<title>LA PAVONI M\u00e1quina de Caf\u00e9 New Cellini Evoluzione - dev6 Erresse<\/title>\n<meta name=\"description\" content=\"El modelo Cellini Evoluzione tiene una caldera de cobre con brida de lat\u00f3n. Caldera con aislamiento exterior para una mayor estabilidad t\u00e9rmica y ahorro\" \/>\n<meta name=\"robots\" content=\"noindex, follow, max-snippet:-1, max-image-preview:large, max-video-preview:-1\" \/>\n<meta property=\"og:locale\" content=\"es_ES\" \/>\n<meta property=\"og:type\" content=\"article\" \/>\n<meta property=\"og:title\" content=\"LA PAVONI M\u00e1quina de Caf\u00e9 New Cellini Evoluzione - dev6 Erresse\" \/>\n<meta property=\"og:description\" content=\"El modelo Cellini Evoluzione tiene una caldera de cobre con brida de lat\u00f3n. Caldera con aislamiento exterior para una mayor estabilidad t\u00e9rmica y ahorro\" \/>\n<meta property=\"og:url\" content=\"https:\/\/dev6.erresse-shop.it\/es\/shop\/pequenos-electrodomesticos\/maquinas-de-cafe\/manual-es\/la-pavoni-maquina-de-cafe-new-cellini-evoluzione\/\" \/>\n<meta property=\"og:site_name\" content=\"dev6 Erresse\" \/>\n<meta property=\"og:image\" content=\"https:\/\/interpim.erresse-shop.it\/Import\/Prodotti\/la-pavoni-macchina-da-caffe-nuova-cellini-evoluzione.jpg\" \/><meta property=\"og:image\" content=\"https:\/\/interpim.erresse-shop.it\/Import\/Prodotti\/la-pavoni-macchina-da-caffe-nuova-cellini-evoluzione.jpg\" \/>\n\t<meta property=\"og:image:width\" content=\"1024\" \/>\n\t<meta property=\"og:image:height\" content=\"1024\" \/>\n\t<meta property=\"og:image:type\" content=\"image\/jpeg\" \/>\n<meta name=\"twitter:card\" content=\"summary_large_image\" \/>\n<meta name=\"twitter:image\" content=\"https:\/\/interpim.erresse-shop.it\/Import\/Prodotti\/la-pavoni-macchina-da-caffe-nuova-cellini-evoluzione.jpg\" \/>\n<script type=\"application\/ld+json\" class=\"yoast-schema-graph\">{\"@context\":\"https:\/\/schema.org\",\"@graph\":[{\"@type\":\"WebPage\",\"@id\":\"https:\/\/dev6.erresse-shop.it\/es\/shop\/pequenos-electrodomesticos\/maquinas-de-cafe\/manual-es\/la-pavoni-maquina-de-cafe-new-cellini-evoluzione\/\",\"url\":\"https:\/\/dev6.erresse-shop.it\/es\/shop\/pequenos-electrodomesticos\/maquinas-de-cafe\/manual-es\/la-pavoni-maquina-de-cafe-new-cellini-evoluzione\/\",\"name\":\"LA PAVONI M\u00e1quina de Caf\u00e9 New Cellini Evoluzione - dev6 Erresse\",\"isPartOf\":{\"@id\":\"https:\/\/dev6.erresse-shop.it\/#website\"},\"primaryImageOfPage\":{\"@id\":\"https:\/\/dev6.erresse-shop.it\/es\/shop\/pequenos-electrodomesticos\/maquinas-de-cafe\/manual-es\/la-pavoni-maquina-de-cafe-new-cellini-evoluzione\/#primaryimage\"},\"image\":{\"@id\":\"https:\/\/dev6.erresse-shop.it\/es\/shop\/pequenos-electrodomesticos\/maquinas-de-cafe\/manual-es\/la-pavoni-maquina-de-cafe-new-cellini-evoluzione\/#primaryimage\"},\"thumbnailUrl\":\"https:\/\/i3.wp.com\/interpim.erresse-shop.it\/Import\/Prodotti\/la-pavoni-macchina-da-caffe-nuova-cellini-evoluzione.jpg?ssl=1\",\"datePublished\":\"2026-04-12T09:13:04+00:00\",\"description\":\"El modelo Cellini Evoluzione tiene una caldera de cobre con brida de lat\u00f3n. Caldera con aislamiento exterior para una mayor estabilidad t\u00e9rmica y ahorro\",\"breadcrumb\":{\"@id\":\"https:\/\/dev6.erresse-shop.it\/es\/shop\/pequenos-electrodomesticos\/maquinas-de-cafe\/manual-es\/la-pavoni-maquina-de-cafe-new-cellini-evoluzione\/#breadcrumb\"},\"inLanguage\":\"es\",\"potentialAction\":[{\"@type\":\"ReadAction\",\"target\":[\"https:\/\/dev6.erresse-shop.it\/es\/shop\/pequenos-electrodomesticos\/maquinas-de-cafe\/manual-es\/la-pavoni-maquina-de-cafe-new-cellini-evoluzione\/\"]}]},{\"@type\":\"ImageObject\",\"inLanguage\":\"es\",\"@id\":\"https:\/\/dev6.erresse-shop.it\/es\/shop\/pequenos-electrodomesticos\/maquinas-de-cafe\/manual-es\/la-pavoni-maquina-de-cafe-new-cellini-evoluzione\/#primaryimage\",\"url\":\"https:\/\/i3.wp.com\/interpim.erresse-shop.it\/Import\/Prodotti\/la-pavoni-macchina-da-caffe-nuova-cellini-evoluzione.jpg?ssl=1\",\"contentUrl\":\"https:\/\/i3.wp.com\/interpim.erresse-shop.it\/Import\/Prodotti\/la-pavoni-macchina-da-caffe-nuova-cellini-evoluzione.jpg?ssl=1\"},{\"@type\":\"BreadcrumbList\",\"@id\":\"https:\/\/dev6.erresse-shop.it\/es\/shop\/pequenos-electrodomesticos\/maquinas-de-cafe\/manual-es\/la-pavoni-maquina-de-cafe-new-cellini-evoluzione\/#breadcrumb\",\"itemListElement\":[{\"@type\":\"ListItem\",\"position\":1,\"name\":\"Home\",\"item\":\"https:\/\/dev6.erresse-shop.it\/\"},{\"@type\":\"ListItem\",\"position\":2,\"name\":\"Tienda\",\"item\":\"https:\/\/dev6.erresse-shop.it\/shop\/\"},{\"@type\":\"ListItem\",\"position\":3,\"name\":\"LA PAVONI M\u00e1quina de Caf\u00e9 New Cellini Evoluzione\"}]},{\"@type\":\"WebSite\",\"@id\":\"https:\/\/dev6.erresse-shop.it\/#website\",\"url\":\"https:\/\/dev6.erresse-shop.it\/\",\"name\":\"Erresse Shop\",\"description\":\"\",\"publisher\":{\"@id\":\"https:\/\/dev6.erresse-shop.it\/#organization\"},\"potentialAction\":[{\"@type\":\"SearchAction\",\"target\":{\"@type\":\"EntryPoint\",\"urlTemplate\":\"https:\/\/dev6.erresse-shop.it\/?s={search_term_string}\"},\"query-input\":{\"@type\":\"PropertyValueSpecification\",\"valueRequired\":true,\"valueName\":\"search_term_string\"}}],\"inLanguage\":\"es\"},{\"@type\":\"Organization\",\"@id\":\"https:\/\/dev6.erresse-shop.it\/#organization\",\"name\":\"Erresse Shop\",\"url\":\"https:\/\/dev6.erresse-shop.it\/\",\"logo\":{\"@type\":\"ImageObject\",\"inLanguage\":\"es\",\"@id\":\"https:\/\/dev6.erresse-shop.it\/#\/schema\/logo\/image\/\",\"url\":\"https:\/\/dev6.erresse-shop.it\/wp-content\/uploads\/2025\/01\/LOGO-ERRESSE-CLASSICO.svg\",\"contentUrl\":\"https:\/\/dev6.erresse-shop.it\/wp-content\/uploads\/2025\/01\/LOGO-ERRESSE-CLASSICO.svg\",\"caption\":\"Erresse Shop\"},\"image\":{\"@id\":\"https:\/\/dev6.erresse-shop.it\/#\/schema\/logo\/image\/\"}}]}<\/script>\n<!-- \/ Yoast SEO plugin. -->","yoast_head_json":{"title":"LA PAVONI M\u00e1quina de Caf\u00e9 New Cellini Evoluzione - dev6 Erresse","description":"El modelo Cellini Evoluzione tiene una caldera de cobre con brida de lat\u00f3n. Caldera con aislamiento exterior para una mayor estabilidad t\u00e9rmica y ahorro","robots":{"index":"noindex","follow":"follow","max-snippet":"max-snippet:-1","max-image-preview":"max-image-preview:large","max-video-preview":"max-video-preview:-1"},"og_locale":"es_ES","og_type":"article","og_title":"LA PAVONI M\u00e1quina de Caf\u00e9 New Cellini Evoluzione - dev6 Erresse","og_description":"El modelo Cellini Evoluzione tiene una caldera de cobre con brida de lat\u00f3n. Caldera con aislamiento exterior para una mayor estabilidad t\u00e9rmica y ahorro","og_url":"https:\/\/dev6.erresse-shop.it\/es\/shop\/pequenos-electrodomesticos\/maquinas-de-cafe\/manual-es\/la-pavoni-maquina-de-cafe-new-cellini-evoluzione\/","og_site_name":"dev6 Erresse","og_image":[{"url":"https:\/\/interpim.erresse-shop.it\/Import\/Prodotti\/la-pavoni-macchina-da-caffe-nuova-cellini-evoluzione.jpg","type":"","width":"","height":""},{"url":"https:\/\/interpim.erresse-shop.it\/Import\/Prodotti\/la-pavoni-macchina-da-caffe-nuova-cellini-evoluzione.jpg","width":1024,"height":1024,"type":"image\/jpeg"}],"twitter_card":"summary_large_image","twitter_image":"https:\/\/interpim.erresse-shop.it\/Import\/Prodotti\/la-pavoni-macchina-da-caffe-nuova-cellini-evoluzione.jpg","schema":{"@context":"https:\/\/schema.org","@graph":[{"@type":"WebPage","@id":"https:\/\/dev6.erresse-shop.it\/es\/shop\/pequenos-electrodomesticos\/maquinas-de-cafe\/manual-es\/la-pavoni-maquina-de-cafe-new-cellini-evoluzione\/","url":"https:\/\/dev6.erresse-shop.it\/es\/shop\/pequenos-electrodomesticos\/maquinas-de-cafe\/manual-es\/la-pavoni-maquina-de-cafe-new-cellini-evoluzione\/","name":"LA PAVONI M\u00e1quina de Caf\u00e9 New Cellini Evoluzione - dev6 Erresse","isPartOf":{"@id":"https:\/\/dev6.erresse-shop.it\/#website"},"primaryImageOfPage":{"@id":"https:\/\/dev6.erresse-shop.it\/es\/shop\/pequenos-electrodomesticos\/maquinas-de-cafe\/manual-es\/la-pavoni-maquina-de-cafe-new-cellini-evoluzione\/#primaryimage"},"image":{"@id":"https:\/\/dev6.erresse-shop.it\/es\/shop\/pequenos-electrodomesticos\/maquinas-de-cafe\/manual-es\/la-pavoni-maquina-de-cafe-new-cellini-evoluzione\/#primaryimage"},"thumbnailUrl":"https:\/\/i3.wp.com\/interpim.erresse-shop.it\/Import\/Prodotti\/la-pavoni-macchina-da-caffe-nuova-cellini-evoluzione.jpg?ssl=1","datePublished":"2026-04-12T09:13:04+00:00","description":"El modelo Cellini Evoluzione tiene una caldera de cobre con brida de lat\u00f3n. Caldera con aislamiento exterior para una mayor estabilidad t\u00e9rmica y ahorro","breadcrumb":{"@id":"https:\/\/dev6.erresse-shop.it\/es\/shop\/pequenos-electrodomesticos\/maquinas-de-cafe\/manual-es\/la-pavoni-maquina-de-cafe-new-cellini-evoluzione\/#breadcrumb"},"inLanguage":"es","potentialAction":[{"@type":"ReadAction","target":["https:\/\/dev6.erresse-shop.it\/es\/shop\/pequenos-electrodomesticos\/maquinas-de-cafe\/manual-es\/la-pavoni-maquina-de-cafe-new-cellini-evoluzione\/"]}]},{"@type":"ImageObject","inLanguage":"es","@id":"https:\/\/dev6.erresse-shop.it\/es\/shop\/pequenos-electrodomesticos\/maquinas-de-cafe\/manual-es\/la-pavoni-maquina-de-cafe-new-cellini-evoluzione\/#primaryimage","url":"https:\/\/i3.wp.com\/interpim.erresse-shop.it\/Import\/Prodotti\/la-pavoni-macchina-da-caffe-nuova-cellini-evoluzione.jpg?ssl=1","contentUrl":"https:\/\/i3.wp.com\/interpim.erresse-shop.it\/Import\/Prodotti\/la-pavoni-macchina-da-caffe-nuova-cellini-evoluzione.jpg?ssl=1"},{"@type":"BreadcrumbList","@id":"https:\/\/dev6.erresse-shop.it\/es\/shop\/pequenos-electrodomesticos\/maquinas-de-cafe\/manual-es\/la-pavoni-maquina-de-cafe-new-cellini-evoluzione\/#breadcrumb","itemListElement":[{"@type":"ListItem","position":1,"name":"Home","item":"https:\/\/dev6.erresse-shop.it\/"},{"@type":"ListItem","position":2,"name":"Tienda","item":"https:\/\/dev6.erresse-shop.it\/shop\/"},{"@type":"ListItem","position":3,"name":"LA PAVONI M\u00e1quina de Caf\u00e9 New Cellini Evoluzione"}]},{"@type":"WebSite","@id":"https:\/\/dev6.erresse-shop.it\/#website","url":"https:\/\/dev6.erresse-shop.it\/","name":"Erresse Shop","description":"","publisher":{"@id":"https:\/\/dev6.erresse-shop.it\/#organization"},"potentialAction":[{"@type":"SearchAction","target":{"@type":"EntryPoint","urlTemplate":"https:\/\/dev6.erresse-shop.it\/?s={search_term_string}"},"query-input":{"@type":"PropertyValueSpecification","valueRequired":true,"valueName":"search_term_string"}}],"inLanguage":"es"},{"@type":"Organization","@id":"https:\/\/dev6.erresse-shop.it\/#organization","name":"Erresse Shop","url":"https:\/\/dev6.erresse-shop.it\/","logo":{"@type":"ImageObject","inLanguage":"es","@id":"https:\/\/dev6.erresse-shop.it\/#\/schema\/logo\/image\/","url":"https:\/\/dev6.erresse-shop.it\/wp-content\/uploads\/2025\/01\/LOGO-ERRESSE-CLASSICO.svg","contentUrl":"https:\/\/dev6.erresse-shop.it\/wp-content\/uploads\/2025\/01\/LOGO-ERRESSE-CLASSICO.svg","caption":"Erresse Shop"},"image":{"@id":"https:\/\/dev6.erresse-shop.it\/#\/schema\/logo\/image\/"}}]}},"df_price":1649,"df_sale_price":1649,"df_regular_price":1849,"df_image_link":"https:\/\/i3.wp.com\/interpim.erresse-shop.it\/Import\/Prodotti\/la-pavoni-macchina-da-caffe-nuova-cellini-evoluzione.jpg?resize=300,300&ssl=1","fifu_image_url":"https:\/\/interpim.erresse-shop.it\/Import\/Prodotti\/la-pavoni-macchina-da-caffe-nuova-cellini-evoluzione.jpg","_links":{"self":[{"href":"https:\/\/dev6.erresse-shop.it\/es\/wp-json\/wp\/v2\/product\/1881633","targetHints":{"allow":["GET"]}}],"collection":[{"href":"https:\/\/dev6.erresse-shop.it\/es\/wp-json\/wp\/v2\/product"}],"about":[{"href":"https:\/\/dev6.erresse-shop.it\/es\/wp-json\/wp\/v2\/types\/product"}],"wp:featuredmedia":[{"embeddable":true,"href":"https:\/\/dev6.erresse-shop.it\/es\/wp-json\/wp\/v2\/media\/6368269"}],"wp:attachment":[{"href":"https:\/\/dev6.erresse-shop.it\/es\/wp-json\/wp\/v2\/media?parent=1881633"}],"wp:term":[{"taxonomy":"product_cat","embeddable":true,"href":"https:\/\/dev6.erresse-shop.it\/es\/wp-json\/wp\/v2\/product_cat?post=1881633"},{"taxonomy":"product_tag","embeddable":true,"href":"https:\/\/dev6.erresse-shop.it\/es\/wp-json\/wp\/v2\/product_tag?post=1881633"}],"curies":[{"name":"wp","href":"https:\/\/api.w.org\/{rel}","templated":true}]}}