{"id":1881629,"date":"2026-04-12T11:13:04","date_gmt":"2026-04-12T09:13:04","guid":{"rendered":"https:\/\/dev6.erresse-shop.it\/shop\/sin%20categor\u00eda\/smeg-placa-de-induccion-portatil-verde\/"},"modified":"2025-07-04T23:43:56","modified_gmt":"2025-07-04T21:43:56","slug":"smeg-placa-de-induccion-portatil-verde","status":"publish","type":"product","link":"https:\/\/dev6.erresse-shop.it\/es\/shop\/pequenos-electrodomesticos\/parrillas-y-barbacoas\/smeg-placa-de-induccion-portatil-verde\/","title":{"rendered":"SMEG Placa de inducci\u00f3n port\u00e1til Verde"},"content":{"rendered":"<p>Placa de inducci\u00f3n port\u00e1til con sonda de temperatura externa, para controlar con precisi\u00f3n los resultados de la cocci\u00f3n y experimentar con preparaciones de nivel profesional. Crea siempre nuevos platos gracias a los programas de barbacoa y fritura preestablecidos.<\/p>\n<p>EST\u00c9TICA<br \/>\nColor: Verde esmeralda<br \/>\nAcabado: Mate<br \/>\nEst\u00e9tica: Colecci\u00f3n<br \/>\nMaterial del cuerpo: Pl\u00e1stico<br \/>\nMaterial del panel frontal: Aluminio<br \/>\nColor del panel frontal: Aluminio<br \/>\nAcabado del panel frontal: Cepillado con borde pulido<br \/>\nAcabado de la carrocer\u00eda: Mate<br \/>\nMaterial pies antideslizantes: Goma<br \/>\nTipo de vidrio: Cer\u00e1mica<br \/>\nPosici\u00f3n de control: Delantero<br \/>\nControl deslizante: S\u00ed<br \/>\nColor del LED de control: Rojo<br \/>\nBorde del vidrio: Biselado<br \/>\nColor serigraf\u00eda: Gris<\/p>\n<p>PROGRAMAS \/ FUNCIONES<br \/>\nFunci\u00f3n de pausa: S\u00ed<br \/>\nSe\u00f1ales audibles: Opcional<br \/>\nApagado autom\u00e1tico: S\u00ed<br \/>\nN\u00famero de zonas de cocci\u00f3n por inducci\u00f3n: 1<br \/>\nNiveles de potencia: 9<\/p>\n<p>COMANDOS<br \/>\nPantalla: S\u00ed<br \/>\nTipo de controles: Tocar<br \/>\nBot\u00f3n ON\/OFF: S\u00ed<\/p>\n<p>CARACTER\u00cdSTICAS T\u00c9CNICAS<br \/>\nTecnolog\u00eda de visualizaci\u00f3n: LED<br \/>\nDetecci\u00f3n de presencia de marihuana: S\u00ed<br \/>\nApagado autom\u00e1tico en caso de sobrecalentamiento: S\u00ed<br \/>\nParada autom\u00e1tica en caso de desbordamiento: S\u00ed<br \/>\nIndicador de calor residual: S\u00ed<\/p>\n<p>CONEXI\u00d3N EL\u00c9CTRICA<br \/>\nVoltaje (V): 220-240 V<br \/>\nFrecuencia Hz: 50\/60 Hz<br \/>\nLongitud del cable de alimentaci\u00f3n: 1 m<\/p>\n<p>No est\u00e1 a la venta fuera de Europa<\/p>\n","protected":false},"excerpt":{"rendered":"<p>Placa de inducci\u00f3n port\u00e1til con sonda de temperatura externa, para controlar con precisi\u00f3n los resultados de la cocci\u00f3n y experimentar con preparaciones de nivel profesional. Crea siempre nuevos platos gracias a los programas de barbacoa y fritura preestablecidos. EST\u00c9TICA Color: Verde esmeralda Acabado: Mate Est\u00e9tica: Colecci\u00f3n Material del cuerpo: Pl\u00e1stico Material del panel frontal: Aluminio [&hellip;]<\/p>\n","protected":false},"featured_media":6368248,"template":"","meta":{"_acf_changed":false},"product_cat":[11979,11947],"product_tag":[],"class_list":{"0":"post-1881629","1":"product","2":"type-product","3":"status-publish","4":"has-post-thumbnail","6":"product_cat-parrillas-y-barbacoas","7":"product_cat-pequenos-electrodomesticos","9":"first","10":"instock","11":"sale","12":"taxable","13":"shipping-taxable","14":"purchasable","15":"product-type-simple","swatches":"rey-swatches","show_selected":"","stretch_labels":"rey-swatches--stretch-labels"},"acf":[],"yoast_head":"<!-- This site is optimized with the Yoast SEO plugin v25.4 - https:\/\/yoast.com\/wordpress\/plugins\/seo\/ -->\n<title>SMEG Placa de inducci\u00f3n port\u00e1til Verde - dev6 Erresse<\/title>\n<meta name=\"description\" content=\"Placa de inducci\u00f3n port\u00e1til con sonda de temperatura externa, para controlar con precisi\u00f3n los resultados de la cocci\u00f3n y experimentar con preparaciones\" \/>\n<meta name=\"robots\" content=\"noindex, follow, max-snippet:-1, max-image-preview:large, max-video-preview:-1\" \/>\n<meta property=\"og:locale\" content=\"es_ES\" \/>\n<meta property=\"og:type\" content=\"article\" \/>\n<meta property=\"og:title\" content=\"SMEG Placa de inducci\u00f3n port\u00e1til Verde - dev6 Erresse\" \/>\n<meta property=\"og:description\" content=\"Placa de inducci\u00f3n port\u00e1til con sonda de temperatura externa, para controlar con precisi\u00f3n los resultados de la cocci\u00f3n y experimentar con preparaciones\" \/>\n<meta property=\"og:url\" content=\"https:\/\/dev6.erresse-shop.it\/es\/shop\/pequenos-electrodomesticos\/parrillas-y-barbacoas\/smeg-placa-de-induccion-portatil-verde\/\" \/>\n<meta property=\"og:site_name\" content=\"dev6 Erresse\" \/>\n<meta property=\"og:image\" content=\"https:\/\/interpim.erresse-shop.it\/wp-content\/uploads\/2024\/05\/SMEG-Piastra-a-Induzione-Portatile.jpg\/smeg-piastra-a-induzione-portatile.jpg\" \/><meta property=\"og:image\" content=\"https:\/\/interpim.erresse-shop.it\/wp-content\/uploads\/2024\/05\/SMEG-Piastra-a-Induzione-Portatile.jpg\/smeg-piastra-a-induzione-portatile.jpg\" \/>\n\t<meta property=\"og:image:width\" content=\"1024\" \/>\n\t<meta property=\"og:image:height\" content=\"1024\" \/>\n\t<meta property=\"og:image:type\" content=\"image\/jpeg\" \/>\n<meta name=\"twitter:card\" content=\"summary_large_image\" \/>\n<meta name=\"twitter:image\" content=\"https:\/\/interpim.erresse-shop.it\/wp-content\/uploads\/2024\/05\/SMEG-Piastra-a-Induzione-Portatile.jpg\/smeg-piastra-a-induzione-portatile.jpg\" \/>\n<script type=\"application\/ld+json\" class=\"yoast-schema-graph\">{\"@context\":\"https:\/\/schema.org\",\"@graph\":[{\"@type\":\"WebPage\",\"@id\":\"https:\/\/dev6.erresse-shop.it\/es\/shop\/pequenos-electrodomesticos\/parrillas-y-barbacoas\/smeg-placa-de-induccion-portatil-verde\/\",\"url\":\"https:\/\/dev6.erresse-shop.it\/es\/shop\/pequenos-electrodomesticos\/parrillas-y-barbacoas\/smeg-placa-de-induccion-portatil-verde\/\",\"name\":\"SMEG Placa de inducci\u00f3n port\u00e1til Verde - dev6 Erresse\",\"isPartOf\":{\"@id\":\"https:\/\/dev6.erresse-shop.it\/#website\"},\"primaryImageOfPage\":{\"@id\":\"https:\/\/dev6.erresse-shop.it\/es\/shop\/pequenos-electrodomesticos\/parrillas-y-barbacoas\/smeg-placa-de-induccion-portatil-verde\/#primaryimage\"},\"image\":{\"@id\":\"https:\/\/dev6.erresse-shop.it\/es\/shop\/pequenos-electrodomesticos\/parrillas-y-barbacoas\/smeg-placa-de-induccion-portatil-verde\/#primaryimage\"},\"thumbnailUrl\":\"https:\/\/i1.wp.com\/interpim.erresse-shop.it\/wp-content\/uploads\/2024\/05\/SMEG-Piastra-a-Induzione-Portatile.jpg\/smeg-piastra-a-induzione-portatile.jpg?ssl=1\",\"datePublished\":\"2026-04-12T09:13:04+00:00\",\"description\":\"Placa de inducci\u00f3n port\u00e1til con sonda de temperatura externa, para controlar con precisi\u00f3n los resultados de la cocci\u00f3n y experimentar con preparaciones\",\"breadcrumb\":{\"@id\":\"https:\/\/dev6.erresse-shop.it\/es\/shop\/pequenos-electrodomesticos\/parrillas-y-barbacoas\/smeg-placa-de-induccion-portatil-verde\/#breadcrumb\"},\"inLanguage\":\"es\",\"potentialAction\":[{\"@type\":\"ReadAction\",\"target\":[\"https:\/\/dev6.erresse-shop.it\/es\/shop\/pequenos-electrodomesticos\/parrillas-y-barbacoas\/smeg-placa-de-induccion-portatil-verde\/\"]}]},{\"@type\":\"ImageObject\",\"inLanguage\":\"es\",\"@id\":\"https:\/\/dev6.erresse-shop.it\/es\/shop\/pequenos-electrodomesticos\/parrillas-y-barbacoas\/smeg-placa-de-induccion-portatil-verde\/#primaryimage\",\"url\":\"https:\/\/i1.wp.com\/interpim.erresse-shop.it\/wp-content\/uploads\/2024\/05\/SMEG-Piastra-a-Induzione-Portatile.jpg\/smeg-piastra-a-induzione-portatile.jpg?ssl=1\",\"contentUrl\":\"https:\/\/i1.wp.com\/interpim.erresse-shop.it\/wp-content\/uploads\/2024\/05\/SMEG-Piastra-a-Induzione-Portatile.jpg\/smeg-piastra-a-induzione-portatile.jpg?ssl=1\"},{\"@type\":\"BreadcrumbList\",\"@id\":\"https:\/\/dev6.erresse-shop.it\/es\/shop\/pequenos-electrodomesticos\/parrillas-y-barbacoas\/smeg-placa-de-induccion-portatil-verde\/#breadcrumb\",\"itemListElement\":[{\"@type\":\"ListItem\",\"position\":1,\"name\":\"Home\",\"item\":\"https:\/\/dev6.erresse-shop.it\/\"},{\"@type\":\"ListItem\",\"position\":2,\"name\":\"Tienda\",\"item\":\"https:\/\/dev6.erresse-shop.it\/shop\/\"},{\"@type\":\"ListItem\",\"position\":3,\"name\":\"SMEG Placa de inducci\u00f3n port\u00e1til Verde\"}]},{\"@type\":\"WebSite\",\"@id\":\"https:\/\/dev6.erresse-shop.it\/#website\",\"url\":\"https:\/\/dev6.erresse-shop.it\/\",\"name\":\"Erresse Shop\",\"description\":\"\",\"publisher\":{\"@id\":\"https:\/\/dev6.erresse-shop.it\/#organization\"},\"potentialAction\":[{\"@type\":\"SearchAction\",\"target\":{\"@type\":\"EntryPoint\",\"urlTemplate\":\"https:\/\/dev6.erresse-shop.it\/?s={search_term_string}\"},\"query-input\":{\"@type\":\"PropertyValueSpecification\",\"valueRequired\":true,\"valueName\":\"search_term_string\"}}],\"inLanguage\":\"es\"},{\"@type\":\"Organization\",\"@id\":\"https:\/\/dev6.erresse-shop.it\/#organization\",\"name\":\"Erresse Shop\",\"url\":\"https:\/\/dev6.erresse-shop.it\/\",\"logo\":{\"@type\":\"ImageObject\",\"inLanguage\":\"es\",\"@id\":\"https:\/\/dev6.erresse-shop.it\/#\/schema\/logo\/image\/\",\"url\":\"https:\/\/dev6.erresse-shop.it\/wp-content\/uploads\/2025\/01\/LOGO-ERRESSE-CLASSICO.svg\",\"contentUrl\":\"https:\/\/dev6.erresse-shop.it\/wp-content\/uploads\/2025\/01\/LOGO-ERRESSE-CLASSICO.svg\",\"caption\":\"Erresse Shop\"},\"image\":{\"@id\":\"https:\/\/dev6.erresse-shop.it\/#\/schema\/logo\/image\/\"}}]}<\/script>\n<!-- \/ Yoast SEO plugin. -->","yoast_head_json":{"title":"SMEG Placa de inducci\u00f3n port\u00e1til Verde - dev6 Erresse","description":"Placa de inducci\u00f3n port\u00e1til con sonda de temperatura externa, para controlar con precisi\u00f3n los resultados de la cocci\u00f3n y experimentar con preparaciones","robots":{"index":"noindex","follow":"follow","max-snippet":"max-snippet:-1","max-image-preview":"max-image-preview:large","max-video-preview":"max-video-preview:-1"},"og_locale":"es_ES","og_type":"article","og_title":"SMEG Placa de inducci\u00f3n port\u00e1til Verde - dev6 Erresse","og_description":"Placa de inducci\u00f3n port\u00e1til con sonda de temperatura externa, para controlar con precisi\u00f3n los resultados de la cocci\u00f3n y experimentar con preparaciones","og_url":"https:\/\/dev6.erresse-shop.it\/es\/shop\/pequenos-electrodomesticos\/parrillas-y-barbacoas\/smeg-placa-de-induccion-portatil-verde\/","og_site_name":"dev6 Erresse","og_image":[{"url":"https:\/\/interpim.erresse-shop.it\/wp-content\/uploads\/2024\/05\/SMEG-Piastra-a-Induzione-Portatile.jpg\/smeg-piastra-a-induzione-portatile.jpg","type":"","width":"","height":""},{"url":"https:\/\/interpim.erresse-shop.it\/wp-content\/uploads\/2024\/05\/SMEG-Piastra-a-Induzione-Portatile.jpg\/smeg-piastra-a-induzione-portatile.jpg","width":1024,"height":1024,"type":"image\/jpeg"}],"twitter_card":"summary_large_image","twitter_image":"https:\/\/interpim.erresse-shop.it\/wp-content\/uploads\/2024\/05\/SMEG-Piastra-a-Induzione-Portatile.jpg\/smeg-piastra-a-induzione-portatile.jpg","schema":{"@context":"https:\/\/schema.org","@graph":[{"@type":"WebPage","@id":"https:\/\/dev6.erresse-shop.it\/es\/shop\/pequenos-electrodomesticos\/parrillas-y-barbacoas\/smeg-placa-de-induccion-portatil-verde\/","url":"https:\/\/dev6.erresse-shop.it\/es\/shop\/pequenos-electrodomesticos\/parrillas-y-barbacoas\/smeg-placa-de-induccion-portatil-verde\/","name":"SMEG Placa de inducci\u00f3n port\u00e1til Verde - dev6 Erresse","isPartOf":{"@id":"https:\/\/dev6.erresse-shop.it\/#website"},"primaryImageOfPage":{"@id":"https:\/\/dev6.erresse-shop.it\/es\/shop\/pequenos-electrodomesticos\/parrillas-y-barbacoas\/smeg-placa-de-induccion-portatil-verde\/#primaryimage"},"image":{"@id":"https:\/\/dev6.erresse-shop.it\/es\/shop\/pequenos-electrodomesticos\/parrillas-y-barbacoas\/smeg-placa-de-induccion-portatil-verde\/#primaryimage"},"thumbnailUrl":"https:\/\/i1.wp.com\/interpim.erresse-shop.it\/wp-content\/uploads\/2024\/05\/SMEG-Piastra-a-Induzione-Portatile.jpg\/smeg-piastra-a-induzione-portatile.jpg?ssl=1","datePublished":"2026-04-12T09:13:04+00:00","description":"Placa de inducci\u00f3n port\u00e1til con sonda de temperatura externa, para controlar con precisi\u00f3n los resultados de la cocci\u00f3n y experimentar con preparaciones","breadcrumb":{"@id":"https:\/\/dev6.erresse-shop.it\/es\/shop\/pequenos-electrodomesticos\/parrillas-y-barbacoas\/smeg-placa-de-induccion-portatil-verde\/#breadcrumb"},"inLanguage":"es","potentialAction":[{"@type":"ReadAction","target":["https:\/\/dev6.erresse-shop.it\/es\/shop\/pequenos-electrodomesticos\/parrillas-y-barbacoas\/smeg-placa-de-induccion-portatil-verde\/"]}]},{"@type":"ImageObject","inLanguage":"es","@id":"https:\/\/dev6.erresse-shop.it\/es\/shop\/pequenos-electrodomesticos\/parrillas-y-barbacoas\/smeg-placa-de-induccion-portatil-verde\/#primaryimage","url":"https:\/\/i1.wp.com\/interpim.erresse-shop.it\/wp-content\/uploads\/2024\/05\/SMEG-Piastra-a-Induzione-Portatile.jpg\/smeg-piastra-a-induzione-portatile.jpg?ssl=1","contentUrl":"https:\/\/i1.wp.com\/interpim.erresse-shop.it\/wp-content\/uploads\/2024\/05\/SMEG-Piastra-a-Induzione-Portatile.jpg\/smeg-piastra-a-induzione-portatile.jpg?ssl=1"},{"@type":"BreadcrumbList","@id":"https:\/\/dev6.erresse-shop.it\/es\/shop\/pequenos-electrodomesticos\/parrillas-y-barbacoas\/smeg-placa-de-induccion-portatil-verde\/#breadcrumb","itemListElement":[{"@type":"ListItem","position":1,"name":"Home","item":"https:\/\/dev6.erresse-shop.it\/"},{"@type":"ListItem","position":2,"name":"Tienda","item":"https:\/\/dev6.erresse-shop.it\/shop\/"},{"@type":"ListItem","position":3,"name":"SMEG Placa de inducci\u00f3n port\u00e1til Verde"}]},{"@type":"WebSite","@id":"https:\/\/dev6.erresse-shop.it\/#website","url":"https:\/\/dev6.erresse-shop.it\/","name":"Erresse Shop","description":"","publisher":{"@id":"https:\/\/dev6.erresse-shop.it\/#organization"},"potentialAction":[{"@type":"SearchAction","target":{"@type":"EntryPoint","urlTemplate":"https:\/\/dev6.erresse-shop.it\/?s={search_term_string}"},"query-input":{"@type":"PropertyValueSpecification","valueRequired":true,"valueName":"search_term_string"}}],"inLanguage":"es"},{"@type":"Organization","@id":"https:\/\/dev6.erresse-shop.it\/#organization","name":"Erresse Shop","url":"https:\/\/dev6.erresse-shop.it\/","logo":{"@type":"ImageObject","inLanguage":"es","@id":"https:\/\/dev6.erresse-shop.it\/#\/schema\/logo\/image\/","url":"https:\/\/dev6.erresse-shop.it\/wp-content\/uploads\/2025\/01\/LOGO-ERRESSE-CLASSICO.svg","contentUrl":"https:\/\/dev6.erresse-shop.it\/wp-content\/uploads\/2025\/01\/LOGO-ERRESSE-CLASSICO.svg","caption":"Erresse Shop"},"image":{"@id":"https:\/\/dev6.erresse-shop.it\/#\/schema\/logo\/image\/"}}]}},"df_price":329,"df_sale_price":329,"df_regular_price":349,"df_image_link":"https:\/\/i1.wp.com\/interpim.erresse-shop.it\/wp-content\/uploads\/2024\/05\/SMEG-Piastra-a-Induzione-Portatile.jpg\/smeg-piastra-a-induzione-portatile.jpg?resize=300,300&ssl=1","fifu_image_url":"https:\/\/interpim.erresse-shop.it\/wp-content\/uploads\/2024\/05\/SMEG-Piastra-a-Induzione-Portatile.jpg\/smeg-piastra-a-induzione-portatile.jpg","_links":{"self":[{"href":"https:\/\/dev6.erresse-shop.it\/es\/wp-json\/wp\/v2\/product\/1881629","targetHints":{"allow":["GET"]}}],"collection":[{"href":"https:\/\/dev6.erresse-shop.it\/es\/wp-json\/wp\/v2\/product"}],"about":[{"href":"https:\/\/dev6.erresse-shop.it\/es\/wp-json\/wp\/v2\/types\/product"}],"wp:featuredmedia":[{"embeddable":true,"href":"https:\/\/dev6.erresse-shop.it\/es\/wp-json\/wp\/v2\/media\/6368248"}],"wp:attachment":[{"href":"https:\/\/dev6.erresse-shop.it\/es\/wp-json\/wp\/v2\/media?parent=1881629"}],"wp:term":[{"taxonomy":"product_cat","embeddable":true,"href":"https:\/\/dev6.erresse-shop.it\/es\/wp-json\/wp\/v2\/product_cat?post=1881629"},{"taxonomy":"product_tag","embeddable":true,"href":"https:\/\/dev6.erresse-shop.it\/es\/wp-json\/wp\/v2\/product_tag?post=1881629"}],"curies":[{"name":"wp","href":"https:\/\/api.w.org\/{rel}","templated":true}]}}