{"id":1881615,"date":"2026-04-12T11:13:04","date_gmt":"2026-04-12T09:13:04","guid":{"rendered":"https:\/\/dev6.erresse-shop.it\/shop\/sin%20categor\u00eda\/riedel-performance-pinot-noir-set-de-4\/"},"modified":"2025-07-04T23:43:15","modified_gmt":"2025-07-04T21:43:15","slug":"riedel-performance-pinot-noir-set-de-4","status":"publish","type":"product","link":"https:\/\/dev6.erresse-shop.it\/es\/shop\/tabla\/vasos\/riedel-performance-pinot-noir-set-de-4\/","title":{"rendered":"RIEDEL Performance Pinot Noir Set de 4"},"content":{"rendered":"<p>La copa Pinot Noir armoniza la fragilidad y el car\u00e1cter afrutado y fresco de los vinos ligeros del Nuevo Mundo.<br \/>\nCreada en varios talleres, esta copa en forma de tulip\u00e1n con el borde ligeramente ensanchado realza el dulzor del vino, equilibra idealmente la acidez y modera el toque de alcohol, d\u00e1ndole una imagen perfecta.<br \/>\nAdem\u00e1s de caracterizar el dise\u00f1o, el impacto \u00f3ptico de la serie RIEDEL Performance tiene un efecto sorprendente sobre los rasgos arom\u00e1ticos del vino. RIEDEL Performance es la primera serie de copas de vino que presenta copas con un ligero impacto \u00f3ptico para potenciar el rendimiento arom\u00e1tico. Nacida de la colaboraci\u00f3n entre Georg y Maximilian Riedel, RIEDEL Performance es una colecci\u00f3n pr\u00e1ctica y tecnol\u00f3gicamente avanzada de copas espec\u00edficas para uvas.<\/p>\n<p>Este art\u00edculo es un producto Premium fabricado a m\u00e1quina.<\/p>\n<p>PREMIUM denota la ventaja de una copa RIEDEL soplada a m\u00e1quina sobre una artesanal. La diferencia radica en la precisi\u00f3n.<\/p>\n<p>El paquete contiene un juego de 4.<\/p>\n<p>Especificaciones<\/p>\n<p>Material: Cristal<\/p>\n<p>Capacidad 834,0 ccm<\/p>\n<p>Altura 245,0 mm<\/p>\n<p>Apto para lavavajillas<\/p>\n","protected":false},"excerpt":{"rendered":"<p>La copa Pinot Noir armoniza la fragilidad y el car\u00e1cter afrutado y fresco de los vinos ligeros del Nuevo Mundo. Creada en varios talleres, esta copa en forma de tulip\u00e1n con el borde ligeramente ensanchado realza el dulzor del vino, equilibra idealmente la acidez y modera el toque de alcohol, d\u00e1ndole una imagen perfecta. Adem\u00e1s [&hellip;]<\/p>\n","protected":false},"featured_media":6368211,"template":"","meta":{"_acf_changed":false},"product_cat":[11887,11671,11901],"product_tag":[],"class_list":{"0":"post-1881615","1":"product","2":"type-product","3":"status-publish","4":"has-post-thumbnail","6":"product_cat-tabla","7":"product_cat-tavola","8":"product_cat-vasos","10":"first","11":"instock","12":"sale","13":"taxable","14":"shipping-taxable","15":"purchasable","16":"product-type-simple","swatches":"rey-swatches","show_selected":"","stretch_labels":"rey-swatches--stretch-labels"},"acf":[],"yoast_head":"<!-- This site is optimized with the Yoast SEO plugin v25.4 - https:\/\/yoast.com\/wordpress\/plugins\/seo\/ -->\n<title>RIEDEL Performance Pinot Noir Set de 4 - dev6 Erresse<\/title>\n<meta name=\"description\" content=\"La copa Pinot Noir armoniza la fragilidad y el car\u00e1cter afrutado y fresco de los vinos ligeros del Nuevo Mundo. Creada en varios talleres, esta copa en\" \/>\n<meta name=\"robots\" content=\"noindex, follow, max-snippet:-1, max-image-preview:large, max-video-preview:-1\" \/>\n<meta property=\"og:locale\" content=\"es_ES\" \/>\n<meta property=\"og:type\" content=\"article\" \/>\n<meta property=\"og:title\" content=\"RIEDEL Performance Pinot Noir Set de 4 - dev6 Erresse\" \/>\n<meta property=\"og:description\" content=\"La copa Pinot Noir armoniza la fragilidad y el car\u00e1cter afrutado y fresco de los vinos ligeros del Nuevo Mundo. Creada en varios talleres, esta copa en\" \/>\n<meta property=\"og:url\" content=\"https:\/\/dev6.erresse-shop.it\/es\/shop\/tabla\/vasos\/riedel-performance-pinot-noir-set-de-4\/\" \/>\n<meta property=\"og:site_name\" content=\"dev6 Erresse\" \/>\n<meta property=\"og:image\" content=\"https:\/\/interpim.erresse-shop.it\/img-catalogo\/riedel\/riedel-pinot-nero.jpg\" \/><meta property=\"og:image\" content=\"https:\/\/interpim.erresse-shop.it\/img-catalogo\/riedel\/riedel-pinot-nero.jpg\" \/>\n\t<meta property=\"og:image:width\" content=\"1024\" \/>\n\t<meta property=\"og:image:height\" content=\"1024\" \/>\n\t<meta property=\"og:image:type\" content=\"image\/jpeg\" \/>\n<meta name=\"twitter:card\" content=\"summary_large_image\" \/>\n<meta name=\"twitter:image\" content=\"https:\/\/interpim.erresse-shop.it\/img-catalogo\/riedel\/riedel-pinot-nero.jpg\" \/>\n<script type=\"application\/ld+json\" class=\"yoast-schema-graph\">{\"@context\":\"https:\/\/schema.org\",\"@graph\":[{\"@type\":\"WebPage\",\"@id\":\"https:\/\/dev6.erresse-shop.it\/es\/shop\/tabla\/vasos\/riedel-performance-pinot-noir-set-de-4\/\",\"url\":\"https:\/\/dev6.erresse-shop.it\/es\/shop\/tabla\/vasos\/riedel-performance-pinot-noir-set-de-4\/\",\"name\":\"RIEDEL Performance Pinot Noir Set de 4 - dev6 Erresse\",\"isPartOf\":{\"@id\":\"https:\/\/dev6.erresse-shop.it\/#website\"},\"primaryImageOfPage\":{\"@id\":\"https:\/\/dev6.erresse-shop.it\/es\/shop\/tabla\/vasos\/riedel-performance-pinot-noir-set-de-4\/#primaryimage\"},\"image\":{\"@id\":\"https:\/\/dev6.erresse-shop.it\/es\/shop\/tabla\/vasos\/riedel-performance-pinot-noir-set-de-4\/#primaryimage\"},\"thumbnailUrl\":\"https:\/\/i2.wp.com\/interpim.erresse-shop.it\/img-catalogo\/riedel\/riedel-pinot-nero.jpg?ssl=1\",\"datePublished\":\"2026-04-12T09:13:04+00:00\",\"description\":\"La copa Pinot Noir armoniza la fragilidad y el car\u00e1cter afrutado y fresco de los vinos ligeros del Nuevo Mundo. Creada en varios talleres, esta copa en\",\"breadcrumb\":{\"@id\":\"https:\/\/dev6.erresse-shop.it\/es\/shop\/tabla\/vasos\/riedel-performance-pinot-noir-set-de-4\/#breadcrumb\"},\"inLanguage\":\"es\",\"potentialAction\":[{\"@type\":\"ReadAction\",\"target\":[\"https:\/\/dev6.erresse-shop.it\/es\/shop\/tabla\/vasos\/riedel-performance-pinot-noir-set-de-4\/\"]}]},{\"@type\":\"ImageObject\",\"inLanguage\":\"es\",\"@id\":\"https:\/\/dev6.erresse-shop.it\/es\/shop\/tabla\/vasos\/riedel-performance-pinot-noir-set-de-4\/#primaryimage\",\"url\":\"https:\/\/i2.wp.com\/interpim.erresse-shop.it\/img-catalogo\/riedel\/riedel-pinot-nero.jpg?ssl=1\",\"contentUrl\":\"https:\/\/i2.wp.com\/interpim.erresse-shop.it\/img-catalogo\/riedel\/riedel-pinot-nero.jpg?ssl=1\"},{\"@type\":\"BreadcrumbList\",\"@id\":\"https:\/\/dev6.erresse-shop.it\/es\/shop\/tabla\/vasos\/riedel-performance-pinot-noir-set-de-4\/#breadcrumb\",\"itemListElement\":[{\"@type\":\"ListItem\",\"position\":1,\"name\":\"Home\",\"item\":\"https:\/\/dev6.erresse-shop.it\/\"},{\"@type\":\"ListItem\",\"position\":2,\"name\":\"Tienda\",\"item\":\"https:\/\/dev6.erresse-shop.it\/shop\/\"},{\"@type\":\"ListItem\",\"position\":3,\"name\":\"RIEDEL Performance Pinot Noir Set de 4\"}]},{\"@type\":\"WebSite\",\"@id\":\"https:\/\/dev6.erresse-shop.it\/#website\",\"url\":\"https:\/\/dev6.erresse-shop.it\/\",\"name\":\"Erresse Shop\",\"description\":\"\",\"publisher\":{\"@id\":\"https:\/\/dev6.erresse-shop.it\/#organization\"},\"potentialAction\":[{\"@type\":\"SearchAction\",\"target\":{\"@type\":\"EntryPoint\",\"urlTemplate\":\"https:\/\/dev6.erresse-shop.it\/?s={search_term_string}\"},\"query-input\":{\"@type\":\"PropertyValueSpecification\",\"valueRequired\":true,\"valueName\":\"search_term_string\"}}],\"inLanguage\":\"es\"},{\"@type\":\"Organization\",\"@id\":\"https:\/\/dev6.erresse-shop.it\/#organization\",\"name\":\"Erresse Shop\",\"url\":\"https:\/\/dev6.erresse-shop.it\/\",\"logo\":{\"@type\":\"ImageObject\",\"inLanguage\":\"es\",\"@id\":\"https:\/\/dev6.erresse-shop.it\/#\/schema\/logo\/image\/\",\"url\":\"https:\/\/dev6.erresse-shop.it\/wp-content\/uploads\/2025\/01\/LOGO-ERRESSE-CLASSICO.svg\",\"contentUrl\":\"https:\/\/dev6.erresse-shop.it\/wp-content\/uploads\/2025\/01\/LOGO-ERRESSE-CLASSICO.svg\",\"caption\":\"Erresse Shop\"},\"image\":{\"@id\":\"https:\/\/dev6.erresse-shop.it\/#\/schema\/logo\/image\/\"}}]}<\/script>\n<!-- \/ Yoast SEO plugin. -->","yoast_head_json":{"title":"RIEDEL Performance Pinot Noir Set de 4 - dev6 Erresse","description":"La copa Pinot Noir armoniza la fragilidad y el car\u00e1cter afrutado y fresco de los vinos ligeros del Nuevo Mundo. Creada en varios talleres, esta copa en","robots":{"index":"noindex","follow":"follow","max-snippet":"max-snippet:-1","max-image-preview":"max-image-preview:large","max-video-preview":"max-video-preview:-1"},"og_locale":"es_ES","og_type":"article","og_title":"RIEDEL Performance Pinot Noir Set de 4 - dev6 Erresse","og_description":"La copa Pinot Noir armoniza la fragilidad y el car\u00e1cter afrutado y fresco de los vinos ligeros del Nuevo Mundo. Creada en varios talleres, esta copa en","og_url":"https:\/\/dev6.erresse-shop.it\/es\/shop\/tabla\/vasos\/riedel-performance-pinot-noir-set-de-4\/","og_site_name":"dev6 Erresse","og_image":[{"url":"https:\/\/interpim.erresse-shop.it\/img-catalogo\/riedel\/riedel-pinot-nero.jpg","type":"","width":"","height":""},{"url":"https:\/\/interpim.erresse-shop.it\/img-catalogo\/riedel\/riedel-pinot-nero.jpg","width":1024,"height":1024,"type":"image\/jpeg"}],"twitter_card":"summary_large_image","twitter_image":"https:\/\/interpim.erresse-shop.it\/img-catalogo\/riedel\/riedel-pinot-nero.jpg","schema":{"@context":"https:\/\/schema.org","@graph":[{"@type":"WebPage","@id":"https:\/\/dev6.erresse-shop.it\/es\/shop\/tabla\/vasos\/riedel-performance-pinot-noir-set-de-4\/","url":"https:\/\/dev6.erresse-shop.it\/es\/shop\/tabla\/vasos\/riedel-performance-pinot-noir-set-de-4\/","name":"RIEDEL Performance Pinot Noir Set de 4 - dev6 Erresse","isPartOf":{"@id":"https:\/\/dev6.erresse-shop.it\/#website"},"primaryImageOfPage":{"@id":"https:\/\/dev6.erresse-shop.it\/es\/shop\/tabla\/vasos\/riedel-performance-pinot-noir-set-de-4\/#primaryimage"},"image":{"@id":"https:\/\/dev6.erresse-shop.it\/es\/shop\/tabla\/vasos\/riedel-performance-pinot-noir-set-de-4\/#primaryimage"},"thumbnailUrl":"https:\/\/i2.wp.com\/interpim.erresse-shop.it\/img-catalogo\/riedel\/riedel-pinot-nero.jpg?ssl=1","datePublished":"2026-04-12T09:13:04+00:00","description":"La copa Pinot Noir armoniza la fragilidad y el car\u00e1cter afrutado y fresco de los vinos ligeros del Nuevo Mundo. Creada en varios talleres, esta copa en","breadcrumb":{"@id":"https:\/\/dev6.erresse-shop.it\/es\/shop\/tabla\/vasos\/riedel-performance-pinot-noir-set-de-4\/#breadcrumb"},"inLanguage":"es","potentialAction":[{"@type":"ReadAction","target":["https:\/\/dev6.erresse-shop.it\/es\/shop\/tabla\/vasos\/riedel-performance-pinot-noir-set-de-4\/"]}]},{"@type":"ImageObject","inLanguage":"es","@id":"https:\/\/dev6.erresse-shop.it\/es\/shop\/tabla\/vasos\/riedel-performance-pinot-noir-set-de-4\/#primaryimage","url":"https:\/\/i2.wp.com\/interpim.erresse-shop.it\/img-catalogo\/riedel\/riedel-pinot-nero.jpg?ssl=1","contentUrl":"https:\/\/i2.wp.com\/interpim.erresse-shop.it\/img-catalogo\/riedel\/riedel-pinot-nero.jpg?ssl=1"},{"@type":"BreadcrumbList","@id":"https:\/\/dev6.erresse-shop.it\/es\/shop\/tabla\/vasos\/riedel-performance-pinot-noir-set-de-4\/#breadcrumb","itemListElement":[{"@type":"ListItem","position":1,"name":"Home","item":"https:\/\/dev6.erresse-shop.it\/"},{"@type":"ListItem","position":2,"name":"Tienda","item":"https:\/\/dev6.erresse-shop.it\/shop\/"},{"@type":"ListItem","position":3,"name":"RIEDEL Performance Pinot Noir Set de 4"}]},{"@type":"WebSite","@id":"https:\/\/dev6.erresse-shop.it\/#website","url":"https:\/\/dev6.erresse-shop.it\/","name":"Erresse Shop","description":"","publisher":{"@id":"https:\/\/dev6.erresse-shop.it\/#organization"},"potentialAction":[{"@type":"SearchAction","target":{"@type":"EntryPoint","urlTemplate":"https:\/\/dev6.erresse-shop.it\/?s={search_term_string}"},"query-input":{"@type":"PropertyValueSpecification","valueRequired":true,"valueName":"search_term_string"}}],"inLanguage":"es"},{"@type":"Organization","@id":"https:\/\/dev6.erresse-shop.it\/#organization","name":"Erresse Shop","url":"https:\/\/dev6.erresse-shop.it\/","logo":{"@type":"ImageObject","inLanguage":"es","@id":"https:\/\/dev6.erresse-shop.it\/#\/schema\/logo\/image\/","url":"https:\/\/dev6.erresse-shop.it\/wp-content\/uploads\/2025\/01\/LOGO-ERRESSE-CLASSICO.svg","contentUrl":"https:\/\/dev6.erresse-shop.it\/wp-content\/uploads\/2025\/01\/LOGO-ERRESSE-CLASSICO.svg","caption":"Erresse Shop"},"image":{"@id":"https:\/\/dev6.erresse-shop.it\/#\/schema\/logo\/image\/"}}]}},"df_price":92.95,"df_sale_price":92.95,"df_regular_price":118,"df_image_link":"https:\/\/i2.wp.com\/interpim.erresse-shop.it\/img-catalogo\/riedel\/riedel-pinot-nero.jpg?resize=300,300&ssl=1","fifu_image_url":"https:\/\/interpim.erresse-shop.it\/img-catalogo\/riedel\/riedel-pinot-nero.jpg","_links":{"self":[{"href":"https:\/\/dev6.erresse-shop.it\/es\/wp-json\/wp\/v2\/product\/1881615","targetHints":{"allow":["GET"]}}],"collection":[{"href":"https:\/\/dev6.erresse-shop.it\/es\/wp-json\/wp\/v2\/product"}],"about":[{"href":"https:\/\/dev6.erresse-shop.it\/es\/wp-json\/wp\/v2\/types\/product"}],"wp:featuredmedia":[{"embeddable":true,"href":"https:\/\/dev6.erresse-shop.it\/es\/wp-json\/wp\/v2\/media\/6368211"}],"wp:attachment":[{"href":"https:\/\/dev6.erresse-shop.it\/es\/wp-json\/wp\/v2\/media?parent=1881615"}],"wp:term":[{"taxonomy":"product_cat","embeddable":true,"href":"https:\/\/dev6.erresse-shop.it\/es\/wp-json\/wp\/v2\/product_cat?post=1881615"},{"taxonomy":"product_tag","embeddable":true,"href":"https:\/\/dev6.erresse-shop.it\/es\/wp-json\/wp\/v2\/product_tag?post=1881615"}],"curies":[{"name":"wp","href":"https:\/\/api.w.org\/{rel}","templated":true}]}}