{"id":1881607,"date":"2026-04-12T11:11:00","date_gmt":"2026-04-12T09:11:00","guid":{"rendered":"https:\/\/dev6.erresse-shop.it\/shop\/sin%20categor\u00eda\/riedel-veloce-riesling-set-de-6\/"},"modified":"2025-09-14T09:13:07","modified_gmt":"2025-09-14T07:13:07","slug":"riedel-veloce-riesling-set-de-6","status":"publish","type":"product","link":"https:\/\/dev6.erresse-shop.it\/es\/shop\/tabla\/vasos\/riedel-veloce-riesling-set-de-6\/","title":{"rendered":"RIEDEL Veloce Riesling Set de 6"},"content":{"rendered":"<p>La copa Riesling es perfecta para equilibrar la elevada acidez y los az\u00facares residuales de los vinos blancos afrutados.<br \/>\nLa forma de esta copa se ha redise\u00f1ado para incluirla en esta colecci\u00f3n. La forma de diamante es perfecta para los vinos grandes y atrevidos del Nuevo Mundo, gracias a sus \u00e1ngulos extremos que dan al vino m\u00e1s espacio para desarrollar sus aromas. Ayuda a equilibrar el car\u00e1cter fresco y los ricos elementos minerales, enfatizando los maravillosos aromas afrutados.RIEDEL Veloce es un gran logro basado en la tecnolog\u00eda punta de la f\u00e1brica RIEDEL.<\/p>\n<p>Las \u00faltimas tecnolog\u00edas de producci\u00f3n dan como resultado objetos que parecen hechos a mano pero ofrecen la precisi\u00f3n de la producci\u00f3n mec\u00e1nica. M\u00e1s ligeras y finas, son perfectas para los vinos del Nuevo Mundo e incorporan una base grabada con el nombre de la variedad de uva para la que se recomienda la copa. Este art\u00edculo es un producto premium fabricado a m\u00e1quina.<br \/>\nPREMIUM indica la ventaja de una copa RIEDEL soplada a m\u00e1quina sobre una artesanal. La diferencia radica en la precisi\u00f3n.<\/p>\n<p>Este art\u00edculo se puede lavar en el lavavajillas.<br \/>\nEl paquete contiene 6 piezas.<\/p>\n<p>Especificaciones<\/p>\n<p>Dise\u00f1o a\u00f1o 2024<br \/>\nCapacidad 570.0 ccm<br \/>\nAltura 247.0 mm<br \/>\nCantidad de cajas 6<br \/>\nTipo de fabricaci\u00f3n Hecho a m\u00e1quina<br \/>\nMaterial Cristal<\/p>\n","protected":false},"excerpt":{"rendered":"<p>La copa Riesling es perfecta para equilibrar la elevada acidez y los az\u00facares residuales de los vinos blancos afrutados. La forma de esta copa se ha redise\u00f1ado para incluirla en esta colecci\u00f3n. La forma de diamante es perfecta para los vinos grandes y atrevidos del Nuevo Mundo, gracias a sus \u00e1ngulos extremos que dan al [&hellip;]<\/p>\n","protected":false},"featured_media":6368194,"template":"","meta":{"_acf_changed":false},"product_cat":[11887,11671,11901],"product_tag":[],"class_list":{"0":"post-1881607","1":"product","2":"type-product","3":"status-publish","4":"has-post-thumbnail","6":"product_cat-tabla","7":"product_cat-tavola","8":"product_cat-vasos","10":"first","11":"instock","12":"sale","13":"taxable","14":"shipping-taxable","15":"purchasable","16":"product-type-simple","swatches":"rey-swatches","show_selected":"","stretch_labels":"rey-swatches--stretch-labels"},"acf":[],"yoast_head":"<!-- This site is optimized with the Yoast SEO plugin v25.4 - https:\/\/yoast.com\/wordpress\/plugins\/seo\/ -->\n<title>RIEDEL Veloce Riesling Set de 6 - dev6 Erresse<\/title>\n<meta name=\"description\" content=\"La copa Riesling es perfecta para equilibrar la elevada acidez y los az\u00facares residuales de los vinos blancos afrutados. La forma de esta copa se ha\" \/>\n<meta name=\"robots\" content=\"noindex, follow, max-snippet:-1, max-image-preview:large, max-video-preview:-1\" \/>\n<meta property=\"og:locale\" content=\"es_ES\" \/>\n<meta property=\"og:type\" content=\"article\" \/>\n<meta property=\"og:title\" content=\"RIEDEL Veloce Riesling Set de 6 - dev6 Erresse\" \/>\n<meta property=\"og:description\" content=\"La copa Riesling es perfecta para equilibrar la elevada acidez y los az\u00facares residuales de los vinos blancos afrutados. La forma de esta copa se ha\" \/>\n<meta property=\"og:url\" content=\"https:\/\/dev6.erresse-shop.it\/es\/shop\/tabla\/vasos\/riedel-veloce-riesling-set-de-6\/\" \/>\n<meta property=\"og:site_name\" content=\"dev6 Erresse\" \/>\n<meta property=\"og:image\" content=\"https:\/\/interpim.erresse-shop.it\/img-catalogo\/riedel\/riedel-veloce-6-pcs.jpg\" \/><meta property=\"og:image\" content=\"https:\/\/interpim.erresse-shop.it\/img-catalogo\/riedel\/riedel-veloce-6-pcs.jpg\" \/>\n\t<meta property=\"og:image:width\" content=\"1024\" \/>\n\t<meta property=\"og:image:height\" content=\"1024\" \/>\n\t<meta property=\"og:image:type\" content=\"image\/jpeg\" \/>\n<meta name=\"twitter:card\" content=\"summary_large_image\" \/>\n<meta name=\"twitter:image\" content=\"https:\/\/interpim.erresse-shop.it\/img-catalogo\/riedel\/riedel-veloce-6-pcs.jpg\" \/>\n<script type=\"application\/ld+json\" class=\"yoast-schema-graph\">{\"@context\":\"https:\/\/schema.org\",\"@graph\":[{\"@type\":\"WebPage\",\"@id\":\"https:\/\/dev6.erresse-shop.it\/es\/shop\/tabla\/vasos\/riedel-veloce-riesling-set-de-6\/\",\"url\":\"https:\/\/dev6.erresse-shop.it\/es\/shop\/tabla\/vasos\/riedel-veloce-riesling-set-de-6\/\",\"name\":\"RIEDEL Veloce Riesling Set de 6 - dev6 Erresse\",\"isPartOf\":{\"@id\":\"https:\/\/dev6.erresse-shop.it\/#website\"},\"primaryImageOfPage\":{\"@id\":\"https:\/\/dev6.erresse-shop.it\/es\/shop\/tabla\/vasos\/riedel-veloce-riesling-set-de-6\/#primaryimage\"},\"image\":{\"@id\":\"https:\/\/dev6.erresse-shop.it\/es\/shop\/tabla\/vasos\/riedel-veloce-riesling-set-de-6\/#primaryimage\"},\"thumbnailUrl\":\"https:\/\/i1.wp.com\/interpim.erresse-shop.it\/img-catalogo\/riedel\/riedel-veloce-6-pcs.jpg?ssl=1\",\"datePublished\":\"2026-04-12T09:11:00+00:00\",\"description\":\"La copa Riesling es perfecta para equilibrar la elevada acidez y los az\u00facares residuales de los vinos blancos afrutados. La forma de esta copa se ha\",\"breadcrumb\":{\"@id\":\"https:\/\/dev6.erresse-shop.it\/es\/shop\/tabla\/vasos\/riedel-veloce-riesling-set-de-6\/#breadcrumb\"},\"inLanguage\":\"es\",\"potentialAction\":[{\"@type\":\"ReadAction\",\"target\":[\"https:\/\/dev6.erresse-shop.it\/es\/shop\/tabla\/vasos\/riedel-veloce-riesling-set-de-6\/\"]}]},{\"@type\":\"ImageObject\",\"inLanguage\":\"es\",\"@id\":\"https:\/\/dev6.erresse-shop.it\/es\/shop\/tabla\/vasos\/riedel-veloce-riesling-set-de-6\/#primaryimage\",\"url\":\"https:\/\/i1.wp.com\/interpim.erresse-shop.it\/img-catalogo\/riedel\/riedel-veloce-6-pcs.jpg?ssl=1\",\"contentUrl\":\"https:\/\/i1.wp.com\/interpim.erresse-shop.it\/img-catalogo\/riedel\/riedel-veloce-6-pcs.jpg?ssl=1\"},{\"@type\":\"BreadcrumbList\",\"@id\":\"https:\/\/dev6.erresse-shop.it\/es\/shop\/tabla\/vasos\/riedel-veloce-riesling-set-de-6\/#breadcrumb\",\"itemListElement\":[{\"@type\":\"ListItem\",\"position\":1,\"name\":\"Home\",\"item\":\"https:\/\/dev6.erresse-shop.it\/\"},{\"@type\":\"ListItem\",\"position\":2,\"name\":\"Tienda\",\"item\":\"https:\/\/dev6.erresse-shop.it\/shop\/\"},{\"@type\":\"ListItem\",\"position\":3,\"name\":\"RIEDEL Veloce Riesling Set de 6\"}]},{\"@type\":\"WebSite\",\"@id\":\"https:\/\/dev6.erresse-shop.it\/#website\",\"url\":\"https:\/\/dev6.erresse-shop.it\/\",\"name\":\"Erresse Shop\",\"description\":\"\",\"publisher\":{\"@id\":\"https:\/\/dev6.erresse-shop.it\/#organization\"},\"potentialAction\":[{\"@type\":\"SearchAction\",\"target\":{\"@type\":\"EntryPoint\",\"urlTemplate\":\"https:\/\/dev6.erresse-shop.it\/?s={search_term_string}\"},\"query-input\":{\"@type\":\"PropertyValueSpecification\",\"valueRequired\":true,\"valueName\":\"search_term_string\"}}],\"inLanguage\":\"es\"},{\"@type\":\"Organization\",\"@id\":\"https:\/\/dev6.erresse-shop.it\/#organization\",\"name\":\"Erresse Shop\",\"url\":\"https:\/\/dev6.erresse-shop.it\/\",\"logo\":{\"@type\":\"ImageObject\",\"inLanguage\":\"es\",\"@id\":\"https:\/\/dev6.erresse-shop.it\/#\/schema\/logo\/image\/\",\"url\":\"https:\/\/dev6.erresse-shop.it\/wp-content\/uploads\/2025\/01\/LOGO-ERRESSE-CLASSICO.svg\",\"contentUrl\":\"https:\/\/dev6.erresse-shop.it\/wp-content\/uploads\/2025\/01\/LOGO-ERRESSE-CLASSICO.svg\",\"caption\":\"Erresse Shop\"},\"image\":{\"@id\":\"https:\/\/dev6.erresse-shop.it\/#\/schema\/logo\/image\/\"}}]}<\/script>\n<!-- \/ Yoast SEO plugin. -->","yoast_head_json":{"title":"RIEDEL Veloce Riesling Set de 6 - dev6 Erresse","description":"La copa Riesling es perfecta para equilibrar la elevada acidez y los az\u00facares residuales de los vinos blancos afrutados. La forma de esta copa se ha","robots":{"index":"noindex","follow":"follow","max-snippet":"max-snippet:-1","max-image-preview":"max-image-preview:large","max-video-preview":"max-video-preview:-1"},"og_locale":"es_ES","og_type":"article","og_title":"RIEDEL Veloce Riesling Set de 6 - dev6 Erresse","og_description":"La copa Riesling es perfecta para equilibrar la elevada acidez y los az\u00facares residuales de los vinos blancos afrutados. La forma de esta copa se ha","og_url":"https:\/\/dev6.erresse-shop.it\/es\/shop\/tabla\/vasos\/riedel-veloce-riesling-set-de-6\/","og_site_name":"dev6 Erresse","og_image":[{"url":"https:\/\/interpim.erresse-shop.it\/img-catalogo\/riedel\/riedel-veloce-6-pcs.jpg","type":"","width":"","height":""},{"url":"https:\/\/interpim.erresse-shop.it\/img-catalogo\/riedel\/riedel-veloce-6-pcs.jpg","width":1024,"height":1024,"type":"image\/jpeg"}],"twitter_card":"summary_large_image","twitter_image":"https:\/\/interpim.erresse-shop.it\/img-catalogo\/riedel\/riedel-veloce-6-pcs.jpg","schema":{"@context":"https:\/\/schema.org","@graph":[{"@type":"WebPage","@id":"https:\/\/dev6.erresse-shop.it\/es\/shop\/tabla\/vasos\/riedel-veloce-riesling-set-de-6\/","url":"https:\/\/dev6.erresse-shop.it\/es\/shop\/tabla\/vasos\/riedel-veloce-riesling-set-de-6\/","name":"RIEDEL Veloce Riesling Set de 6 - dev6 Erresse","isPartOf":{"@id":"https:\/\/dev6.erresse-shop.it\/#website"},"primaryImageOfPage":{"@id":"https:\/\/dev6.erresse-shop.it\/es\/shop\/tabla\/vasos\/riedel-veloce-riesling-set-de-6\/#primaryimage"},"image":{"@id":"https:\/\/dev6.erresse-shop.it\/es\/shop\/tabla\/vasos\/riedel-veloce-riesling-set-de-6\/#primaryimage"},"thumbnailUrl":"https:\/\/i1.wp.com\/interpim.erresse-shop.it\/img-catalogo\/riedel\/riedel-veloce-6-pcs.jpg?ssl=1","datePublished":"2026-04-12T09:11:00+00:00","description":"La copa Riesling es perfecta para equilibrar la elevada acidez y los az\u00facares residuales de los vinos blancos afrutados. La forma de esta copa se ha","breadcrumb":{"@id":"https:\/\/dev6.erresse-shop.it\/es\/shop\/tabla\/vasos\/riedel-veloce-riesling-set-de-6\/#breadcrumb"},"inLanguage":"es","potentialAction":[{"@type":"ReadAction","target":["https:\/\/dev6.erresse-shop.it\/es\/shop\/tabla\/vasos\/riedel-veloce-riesling-set-de-6\/"]}]},{"@type":"ImageObject","inLanguage":"es","@id":"https:\/\/dev6.erresse-shop.it\/es\/shop\/tabla\/vasos\/riedel-veloce-riesling-set-de-6\/#primaryimage","url":"https:\/\/i1.wp.com\/interpim.erresse-shop.it\/img-catalogo\/riedel\/riedel-veloce-6-pcs.jpg?ssl=1","contentUrl":"https:\/\/i1.wp.com\/interpim.erresse-shop.it\/img-catalogo\/riedel\/riedel-veloce-6-pcs.jpg?ssl=1"},{"@type":"BreadcrumbList","@id":"https:\/\/dev6.erresse-shop.it\/es\/shop\/tabla\/vasos\/riedel-veloce-riesling-set-de-6\/#breadcrumb","itemListElement":[{"@type":"ListItem","position":1,"name":"Home","item":"https:\/\/dev6.erresse-shop.it\/"},{"@type":"ListItem","position":2,"name":"Tienda","item":"https:\/\/dev6.erresse-shop.it\/shop\/"},{"@type":"ListItem","position":3,"name":"RIEDEL Veloce Riesling Set de 6"}]},{"@type":"WebSite","@id":"https:\/\/dev6.erresse-shop.it\/#website","url":"https:\/\/dev6.erresse-shop.it\/","name":"Erresse Shop","description":"","publisher":{"@id":"https:\/\/dev6.erresse-shop.it\/#organization"},"potentialAction":[{"@type":"SearchAction","target":{"@type":"EntryPoint","urlTemplate":"https:\/\/dev6.erresse-shop.it\/?s={search_term_string}"},"query-input":{"@type":"PropertyValueSpecification","valueRequired":true,"valueName":"search_term_string"}}],"inLanguage":"es"},{"@type":"Organization","@id":"https:\/\/dev6.erresse-shop.it\/#organization","name":"Erresse Shop","url":"https:\/\/dev6.erresse-shop.it\/","logo":{"@type":"ImageObject","inLanguage":"es","@id":"https:\/\/dev6.erresse-shop.it\/#\/schema\/logo\/image\/","url":"https:\/\/dev6.erresse-shop.it\/wp-content\/uploads\/2025\/01\/LOGO-ERRESSE-CLASSICO.svg","contentUrl":"https:\/\/dev6.erresse-shop.it\/wp-content\/uploads\/2025\/01\/LOGO-ERRESSE-CLASSICO.svg","caption":"Erresse Shop"},"image":{"@id":"https:\/\/dev6.erresse-shop.it\/#\/schema\/logo\/image\/"}}]}},"df_price":139.95,"df_sale_price":139.95,"df_regular_price":177,"df_image_link":"https:\/\/i1.wp.com\/interpim.erresse-shop.it\/img-catalogo\/riedel\/riedel-veloce-6-pcs.jpg?resize=300,300&ssl=1","fifu_image_url":"https:\/\/interpim.erresse-shop.it\/img-catalogo\/riedel\/riedel-veloce-6-pcs.jpg","_links":{"self":[{"href":"https:\/\/dev6.erresse-shop.it\/es\/wp-json\/wp\/v2\/product\/1881607","targetHints":{"allow":["GET"]}}],"collection":[{"href":"https:\/\/dev6.erresse-shop.it\/es\/wp-json\/wp\/v2\/product"}],"about":[{"href":"https:\/\/dev6.erresse-shop.it\/es\/wp-json\/wp\/v2\/types\/product"}],"wp:featuredmedia":[{"embeddable":true,"href":"https:\/\/dev6.erresse-shop.it\/es\/wp-json\/wp\/v2\/media\/6368194"}],"wp:attachment":[{"href":"https:\/\/dev6.erresse-shop.it\/es\/wp-json\/wp\/v2\/media?parent=1881607"}],"wp:term":[{"taxonomy":"product_cat","embeddable":true,"href":"https:\/\/dev6.erresse-shop.it\/es\/wp-json\/wp\/v2\/product_cat?post=1881607"},{"taxonomy":"product_tag","embeddable":true,"href":"https:\/\/dev6.erresse-shop.it\/es\/wp-json\/wp\/v2\/product_tag?post=1881607"}],"curies":[{"name":"wp","href":"https:\/\/api.w.org\/{rel}","templated":true}]}}