{"id":1881399,"date":"2026-04-12T11:00:48","date_gmt":"2026-04-12T09:00:48","guid":{"rendered":"https:\/\/dev6.erresse-shop.it\/shop\/sin%20categor\u00eda\/joseph-joseph-glide-plus-tabla-de-planchar-ecru\/"},"modified":"2025-12-08T17:54:53","modified_gmt":"2025-12-08T16:54:53","slug":"joseph-joseph-glide-plus-tabla-de-planchar-ecru","status":"publish","type":"product","link":"https:\/\/dev6.erresse-shop.it\/es\/shop\/mobiliario\/tablas-de-planchar\/joseph-joseph-glide-plus-tabla-de-planchar-ecru\/","title":{"rendered":"JOSEPH JOSEPH Glide Plus Tabla de planchar Ecru"},"content":{"rendered":"<p>Esta revolucionaria tabla de planchar de tama\u00f1o normal presenta un exclusivo dise\u00f1o de soporte que la hace m\u00e1s compacta cuando est\u00e1 plegada que otras tablas de planchar convencionales.<\/p>\n<p>Compacta y delgada cuando est\u00e1 plegada<br \/>\nR\u00e1pida y f\u00e1cil de montar, se puede ajustar en siete posiciones de altura, desde 84 cm (33 pulgadas) hasta un m\u00e1ximo de 99 cm (39 pulgadas).<br \/>\nTapa avanzada y f\u00e1cil de cambiar con tecnolog\u00eda DripShield\u2122 y reposaplanchas de silicona resistente al calor.<br \/>\nGancho para colgar independiente incluido para un f\u00e1cil almacenamiento<br \/>\nTapa f\u00e1cilmente intercambiable con gancho para cable<\/p>\n<p>Cuidado y uso:<\/p>\n<p>Tapa \u2013 limpiar s\u00f3lo con un pa\u00f1o, no lavar a m\u00e1quina.<br \/>\nMarco \u2013 limpiar con un pa\u00f1o h\u00famedo, no utilizar pa\u00f1os abrasivos ni limpiadores qu\u00edmicos fuertes.<br \/>\nPrecauci\u00f3n: No deje la plancha caliente sin vigilancia sobre el soporte de silicona.<br \/>\nMantenga a los ni\u00f1os alejados de la tabla de planchar cuando est\u00e9 en uso y gu\u00e1rdela de forma segura despu\u00e9s de utilizarla.<br \/>\nEl armaz\u00f3n tiene una garant\u00eda de 5 a\u00f1os contra defectos de fabricaci\u00f3n, todas las dem\u00e1s piezas tienen una garant\u00eda de 2 a\u00f1os.<\/p>\n<p>Dimensiones:<\/p>\n<p>Dimensiones de la tabla: H130 x W38cm (51\u00bc x 15 pulgadas)<\/p>\n<p>Cerrado (patas incluidas): H136 x W38 x D8.5cm (H53\u00bd x L15 x D3\u00bd pulgadas)<\/p>\n<p>Peso: 6,4 kg<\/p>\n","protected":false},"excerpt":{"rendered":"<p>Esta revolucionaria tabla de planchar de tama\u00f1o normal presenta un exclusivo dise\u00f1o de soporte que la hace m\u00e1s compacta cuando est\u00e1 plegada que otras tablas de planchar convencionales. Compacta y delgada cuando est\u00e1 plegada R\u00e1pida y f\u00e1cil de montar, se puede ajustar en siete posiciones de altura, desde 84 cm (33 pulgadas) hasta un m\u00e1ximo [&hellip;]<\/p>\n","protected":false},"featured_media":6368015,"template":"","meta":{"_acf_changed":false},"product_cat":[11666,11882,11923],"product_tag":[],"class_list":{"0":"post-1881399","1":"product","2":"type-product","3":"status-publish","4":"has-post-thumbnail","6":"product_cat-arredamento-casa","7":"product_cat-mobiliario","8":"product_cat-tablas-de-planchar","10":"first","11":"instock","12":"sale","13":"taxable","14":"shipping-taxable","15":"purchasable","16":"product-type-simple","swatches":"rey-swatches","show_selected":"","stretch_labels":"rey-swatches--stretch-labels"},"acf":[],"yoast_head":"<!-- This site is optimized with the Yoast SEO plugin v25.4 - https:\/\/yoast.com\/wordpress\/plugins\/seo\/ -->\n<title>JOSEPH JOSEPH Glide Plus Tabla de planchar Ecru - dev6 Erresse<\/title>\n<meta name=\"description\" content=\"Esta revolucionaria tabla de planchar de tama\u00f1o normal presenta un exclusivo dise\u00f1o de soporte que la hace m\u00e1s compacta cuando est\u00e1 plegada que otras\" \/>\n<meta name=\"robots\" content=\"noindex, follow, max-snippet:-1, max-image-preview:large, max-video-preview:-1\" \/>\n<meta property=\"og:locale\" content=\"es_ES\" \/>\n<meta property=\"og:type\" content=\"article\" \/>\n<meta property=\"og:title\" content=\"JOSEPH JOSEPH Glide Plus Tabla de planchar Ecru - dev6 Erresse\" \/>\n<meta property=\"og:description\" content=\"Esta revolucionaria tabla de planchar de tama\u00f1o normal presenta un exclusivo dise\u00f1o de soporte que la hace m\u00e1s compacta cuando est\u00e1 plegada que otras\" \/>\n<meta property=\"og:url\" content=\"https:\/\/dev6.erresse-shop.it\/es\/shop\/mobiliario\/tablas-de-planchar\/joseph-joseph-glide-plus-tabla-de-planchar-ecru\/\" \/>\n<meta property=\"og:site_name\" content=\"dev6 Erresse\" \/>\n<meta property=\"og:image\" content=\"https:\/\/interpim.erresse-shop.it\/Import\/Prodotti\/joseph-joseph-glide-compact-asse-da-stiro-ecru.png\" \/><meta property=\"og:image\" content=\"https:\/\/interpim.erresse-shop.it\/Import\/Prodotti\/joseph-joseph-glide-compact-asse-da-stiro-ecru.png\" \/>\n\t<meta property=\"og:image:width\" content=\"1024\" \/>\n\t<meta property=\"og:image:height\" content=\"1024\" \/>\n\t<meta property=\"og:image:type\" content=\"image\/jpeg\" \/>\n<meta name=\"twitter:card\" content=\"summary_large_image\" \/>\n<meta name=\"twitter:image\" content=\"https:\/\/interpim.erresse-shop.it\/Import\/Prodotti\/joseph-joseph-glide-compact-asse-da-stiro-ecru.png\" \/>\n<script type=\"application\/ld+json\" class=\"yoast-schema-graph\">{\"@context\":\"https:\/\/schema.org\",\"@graph\":[{\"@type\":\"WebPage\",\"@id\":\"https:\/\/dev6.erresse-shop.it\/es\/shop\/mobiliario\/tablas-de-planchar\/joseph-joseph-glide-plus-tabla-de-planchar-ecru\/\",\"url\":\"https:\/\/dev6.erresse-shop.it\/es\/shop\/mobiliario\/tablas-de-planchar\/joseph-joseph-glide-plus-tabla-de-planchar-ecru\/\",\"name\":\"JOSEPH JOSEPH Glide Plus Tabla de planchar Ecru - dev6 Erresse\",\"isPartOf\":{\"@id\":\"https:\/\/dev6.erresse-shop.it\/#website\"},\"primaryImageOfPage\":{\"@id\":\"https:\/\/dev6.erresse-shop.it\/es\/shop\/mobiliario\/tablas-de-planchar\/joseph-joseph-glide-plus-tabla-de-planchar-ecru\/#primaryimage\"},\"image\":{\"@id\":\"https:\/\/dev6.erresse-shop.it\/es\/shop\/mobiliario\/tablas-de-planchar\/joseph-joseph-glide-plus-tabla-de-planchar-ecru\/#primaryimage\"},\"thumbnailUrl\":\"https:\/\/i2.wp.com\/interpim.erresse-shop.it\/Import\/Prodotti\/joseph-joseph-glide-compact-asse-da-stiro-ecru.png?ssl=1\",\"datePublished\":\"2026-04-12T09:00:48+00:00\",\"description\":\"Esta revolucionaria tabla de planchar de tama\u00f1o normal presenta un exclusivo dise\u00f1o de soporte que la hace m\u00e1s compacta cuando est\u00e1 plegada que otras\",\"breadcrumb\":{\"@id\":\"https:\/\/dev6.erresse-shop.it\/es\/shop\/mobiliario\/tablas-de-planchar\/joseph-joseph-glide-plus-tabla-de-planchar-ecru\/#breadcrumb\"},\"inLanguage\":\"es\",\"potentialAction\":[{\"@type\":\"ReadAction\",\"target\":[\"https:\/\/dev6.erresse-shop.it\/es\/shop\/mobiliario\/tablas-de-planchar\/joseph-joseph-glide-plus-tabla-de-planchar-ecru\/\"]}]},{\"@type\":\"ImageObject\",\"inLanguage\":\"es\",\"@id\":\"https:\/\/dev6.erresse-shop.it\/es\/shop\/mobiliario\/tablas-de-planchar\/joseph-joseph-glide-plus-tabla-de-planchar-ecru\/#primaryimage\",\"url\":\"https:\/\/i2.wp.com\/interpim.erresse-shop.it\/Import\/Prodotti\/joseph-joseph-glide-compact-asse-da-stiro-ecru.png?ssl=1\",\"contentUrl\":\"https:\/\/i2.wp.com\/interpim.erresse-shop.it\/Import\/Prodotti\/joseph-joseph-glide-compact-asse-da-stiro-ecru.png?ssl=1\"},{\"@type\":\"BreadcrumbList\",\"@id\":\"https:\/\/dev6.erresse-shop.it\/es\/shop\/mobiliario\/tablas-de-planchar\/joseph-joseph-glide-plus-tabla-de-planchar-ecru\/#breadcrumb\",\"itemListElement\":[{\"@type\":\"ListItem\",\"position\":1,\"name\":\"Home\",\"item\":\"https:\/\/dev6.erresse-shop.it\/\"},{\"@type\":\"ListItem\",\"position\":2,\"name\":\"Tienda\",\"item\":\"https:\/\/dev6.erresse-shop.it\/shop\/\"},{\"@type\":\"ListItem\",\"position\":3,\"name\":\"JOSEPH JOSEPH Glide Plus Tabla de planchar Ecru\"}]},{\"@type\":\"WebSite\",\"@id\":\"https:\/\/dev6.erresse-shop.it\/#website\",\"url\":\"https:\/\/dev6.erresse-shop.it\/\",\"name\":\"Erresse Shop\",\"description\":\"\",\"publisher\":{\"@id\":\"https:\/\/dev6.erresse-shop.it\/#organization\"},\"potentialAction\":[{\"@type\":\"SearchAction\",\"target\":{\"@type\":\"EntryPoint\",\"urlTemplate\":\"https:\/\/dev6.erresse-shop.it\/?s={search_term_string}\"},\"query-input\":{\"@type\":\"PropertyValueSpecification\",\"valueRequired\":true,\"valueName\":\"search_term_string\"}}],\"inLanguage\":\"es\"},{\"@type\":\"Organization\",\"@id\":\"https:\/\/dev6.erresse-shop.it\/#organization\",\"name\":\"Erresse Shop\",\"url\":\"https:\/\/dev6.erresse-shop.it\/\",\"logo\":{\"@type\":\"ImageObject\",\"inLanguage\":\"es\",\"@id\":\"https:\/\/dev6.erresse-shop.it\/#\/schema\/logo\/image\/\",\"url\":\"https:\/\/dev6.erresse-shop.it\/wp-content\/uploads\/2025\/01\/LOGO-ERRESSE-CLASSICO.svg\",\"contentUrl\":\"https:\/\/dev6.erresse-shop.it\/wp-content\/uploads\/2025\/01\/LOGO-ERRESSE-CLASSICO.svg\",\"caption\":\"Erresse Shop\"},\"image\":{\"@id\":\"https:\/\/dev6.erresse-shop.it\/#\/schema\/logo\/image\/\"}}]}<\/script>\n<!-- \/ Yoast SEO plugin. -->","yoast_head_json":{"title":"JOSEPH JOSEPH Glide Plus Tabla de planchar Ecru - dev6 Erresse","description":"Esta revolucionaria tabla de planchar de tama\u00f1o normal presenta un exclusivo dise\u00f1o de soporte que la hace m\u00e1s compacta cuando est\u00e1 plegada que otras","robots":{"index":"noindex","follow":"follow","max-snippet":"max-snippet:-1","max-image-preview":"max-image-preview:large","max-video-preview":"max-video-preview:-1"},"og_locale":"es_ES","og_type":"article","og_title":"JOSEPH JOSEPH Glide Plus Tabla de planchar Ecru - dev6 Erresse","og_description":"Esta revolucionaria tabla de planchar de tama\u00f1o normal presenta un exclusivo dise\u00f1o de soporte que la hace m\u00e1s compacta cuando est\u00e1 plegada que otras","og_url":"https:\/\/dev6.erresse-shop.it\/es\/shop\/mobiliario\/tablas-de-planchar\/joseph-joseph-glide-plus-tabla-de-planchar-ecru\/","og_site_name":"dev6 Erresse","og_image":[{"url":"https:\/\/interpim.erresse-shop.it\/Import\/Prodotti\/joseph-joseph-glide-compact-asse-da-stiro-ecru.png","type":"","width":"","height":""},{"url":"https:\/\/interpim.erresse-shop.it\/Import\/Prodotti\/joseph-joseph-glide-compact-asse-da-stiro-ecru.png","width":1024,"height":1024,"type":"image\/jpeg"}],"twitter_card":"summary_large_image","twitter_image":"https:\/\/interpim.erresse-shop.it\/Import\/Prodotti\/joseph-joseph-glide-compact-asse-da-stiro-ecru.png","schema":{"@context":"https:\/\/schema.org","@graph":[{"@type":"WebPage","@id":"https:\/\/dev6.erresse-shop.it\/es\/shop\/mobiliario\/tablas-de-planchar\/joseph-joseph-glide-plus-tabla-de-planchar-ecru\/","url":"https:\/\/dev6.erresse-shop.it\/es\/shop\/mobiliario\/tablas-de-planchar\/joseph-joseph-glide-plus-tabla-de-planchar-ecru\/","name":"JOSEPH JOSEPH Glide Plus Tabla de planchar Ecru - dev6 Erresse","isPartOf":{"@id":"https:\/\/dev6.erresse-shop.it\/#website"},"primaryImageOfPage":{"@id":"https:\/\/dev6.erresse-shop.it\/es\/shop\/mobiliario\/tablas-de-planchar\/joseph-joseph-glide-plus-tabla-de-planchar-ecru\/#primaryimage"},"image":{"@id":"https:\/\/dev6.erresse-shop.it\/es\/shop\/mobiliario\/tablas-de-planchar\/joseph-joseph-glide-plus-tabla-de-planchar-ecru\/#primaryimage"},"thumbnailUrl":"https:\/\/i2.wp.com\/interpim.erresse-shop.it\/Import\/Prodotti\/joseph-joseph-glide-compact-asse-da-stiro-ecru.png?ssl=1","datePublished":"2026-04-12T09:00:48+00:00","description":"Esta revolucionaria tabla de planchar de tama\u00f1o normal presenta un exclusivo dise\u00f1o de soporte que la hace m\u00e1s compacta cuando est\u00e1 plegada que otras","breadcrumb":{"@id":"https:\/\/dev6.erresse-shop.it\/es\/shop\/mobiliario\/tablas-de-planchar\/joseph-joseph-glide-plus-tabla-de-planchar-ecru\/#breadcrumb"},"inLanguage":"es","potentialAction":[{"@type":"ReadAction","target":["https:\/\/dev6.erresse-shop.it\/es\/shop\/mobiliario\/tablas-de-planchar\/joseph-joseph-glide-plus-tabla-de-planchar-ecru\/"]}]},{"@type":"ImageObject","inLanguage":"es","@id":"https:\/\/dev6.erresse-shop.it\/es\/shop\/mobiliario\/tablas-de-planchar\/joseph-joseph-glide-plus-tabla-de-planchar-ecru\/#primaryimage","url":"https:\/\/i2.wp.com\/interpim.erresse-shop.it\/Import\/Prodotti\/joseph-joseph-glide-compact-asse-da-stiro-ecru.png?ssl=1","contentUrl":"https:\/\/i2.wp.com\/interpim.erresse-shop.it\/Import\/Prodotti\/joseph-joseph-glide-compact-asse-da-stiro-ecru.png?ssl=1"},{"@type":"BreadcrumbList","@id":"https:\/\/dev6.erresse-shop.it\/es\/shop\/mobiliario\/tablas-de-planchar\/joseph-joseph-glide-plus-tabla-de-planchar-ecru\/#breadcrumb","itemListElement":[{"@type":"ListItem","position":1,"name":"Home","item":"https:\/\/dev6.erresse-shop.it\/"},{"@type":"ListItem","position":2,"name":"Tienda","item":"https:\/\/dev6.erresse-shop.it\/shop\/"},{"@type":"ListItem","position":3,"name":"JOSEPH JOSEPH Glide Plus Tabla de planchar Ecru"}]},{"@type":"WebSite","@id":"https:\/\/dev6.erresse-shop.it\/#website","url":"https:\/\/dev6.erresse-shop.it\/","name":"Erresse Shop","description":"","publisher":{"@id":"https:\/\/dev6.erresse-shop.it\/#organization"},"potentialAction":[{"@type":"SearchAction","target":{"@type":"EntryPoint","urlTemplate":"https:\/\/dev6.erresse-shop.it\/?s={search_term_string}"},"query-input":{"@type":"PropertyValueSpecification","valueRequired":true,"valueName":"search_term_string"}}],"inLanguage":"es"},{"@type":"Organization","@id":"https:\/\/dev6.erresse-shop.it\/#organization","name":"Erresse Shop","url":"https:\/\/dev6.erresse-shop.it\/","logo":{"@type":"ImageObject","inLanguage":"es","@id":"https:\/\/dev6.erresse-shop.it\/#\/schema\/logo\/image\/","url":"https:\/\/dev6.erresse-shop.it\/wp-content\/uploads\/2025\/01\/LOGO-ERRESSE-CLASSICO.svg","contentUrl":"https:\/\/dev6.erresse-shop.it\/wp-content\/uploads\/2025\/01\/LOGO-ERRESSE-CLASSICO.svg","caption":"Erresse Shop"},"image":{"@id":"https:\/\/dev6.erresse-shop.it\/#\/schema\/logo\/image\/"}}]}},"df_price":149.95,"df_sale_price":149.95,"df_regular_price":179.99,"df_image_link":"https:\/\/i2.wp.com\/interpim.erresse-shop.it\/Import\/Prodotti\/joseph-joseph-glide-compact-asse-da-stiro-ecru.png?resize=300,300&ssl=1","fifu_image_url":"https:\/\/interpim.erresse-shop.it\/Import\/Prodotti\/joseph-joseph-glide-compact-asse-da-stiro-ecru.png","_links":{"self":[{"href":"https:\/\/dev6.erresse-shop.it\/es\/wp-json\/wp\/v2\/product\/1881399","targetHints":{"allow":["GET"]}}],"collection":[{"href":"https:\/\/dev6.erresse-shop.it\/es\/wp-json\/wp\/v2\/product"}],"about":[{"href":"https:\/\/dev6.erresse-shop.it\/es\/wp-json\/wp\/v2\/types\/product"}],"wp:featuredmedia":[{"embeddable":true,"href":"https:\/\/dev6.erresse-shop.it\/es\/wp-json\/wp\/v2\/media\/6368015"}],"wp:attachment":[{"href":"https:\/\/dev6.erresse-shop.it\/es\/wp-json\/wp\/v2\/media?parent=1881399"}],"wp:term":[{"taxonomy":"product_cat","embeddable":true,"href":"https:\/\/dev6.erresse-shop.it\/es\/wp-json\/wp\/v2\/product_cat?post=1881399"},{"taxonomy":"product_tag","embeddable":true,"href":"https:\/\/dev6.erresse-shop.it\/es\/wp-json\/wp\/v2\/product_tag?post=1881399"}],"curies":[{"name":"wp","href":"https:\/\/api.w.org\/{rel}","templated":true}]}}