{"id":1881397,"date":"2026-04-12T11:00:48","date_gmt":"2026-04-12T09:00:48","guid":{"rendered":"https:\/\/dev6.erresse-shop.it\/shop\/sin%20categor\u00eda\/joseph-joseph-panera-con-tapa-de-bambu-blanca\/"},"modified":"2025-09-14T09:07:16","modified_gmt":"2025-09-14T07:07:16","slug":"joseph-joseph-panera-con-tapa-de-bambu-blanca","status":"publish","type":"product","link":"https:\/\/dev6.erresse-shop.it\/es\/shop\/tabla\/cestas-y-cuencos\/joseph-joseph-panera-con-tapa-de-bambu-blanca\/","title":{"rendered":"JOSEPH JOSEPH Panera con Tapa de Bamb\u00fa Blanca"},"content":{"rendered":"<p>Este elegante recipiente para pan le permite almacenar pan, bollos y pasteles durante m\u00e1s tiempo, con una tapa de bamb\u00fa especialmente dise\u00f1ada que sirve como tabla de cortar para desmenuzar el pan.<\/p>\n<p>Recipiente f\u00e1cil de limpiar con base antideslizante<br \/>\nTapa de bamb\u00fa reversible para tabla de cortar<br \/>\nRanuras de recogida de migas en el lateral de la tabla de cortar<br \/>\nAsa f\u00e1cil de levantar<\/p>\n<p>Cuidado y uso:<\/p>\n<p>S\u00f3lo para almacenar alimentos secos<br \/>\nBase y tapa \u2013 lavar y secar a mano<br \/>\nNo empapar la tapa<br \/>\nEngrasar el bamb\u00fa regularmente con un aceite alimentario mineral para mantenerlo en buen estado.<br \/>\nAseg\u00farese de que la tapa est\u00e9 completamente seca antes de guardarla<br \/>\nSin BPA<\/p>\n<p>Dimensiones:<\/p>\n<p>H18 x W37 x D22cm (H7 x W14\u00bd x D8\u00be pulgadas)<\/p>\n<p>Peso:<\/p>\n<p>1.5kg<\/p>\n<p>Creado por Morph para Joseph Joseph<\/p>\n","protected":false},"excerpt":{"rendered":"<p>Este elegante recipiente para pan le permite almacenar pan, bollos y pasteles durante m\u00e1s tiempo, con una tapa de bamb\u00fa especialmente dise\u00f1ada que sirve como tabla de cortar para desmenuzar el pan. Recipiente f\u00e1cil de limpiar con base antideslizante Tapa de bamb\u00fa reversible para tabla de cortar Ranuras de recogida de migas en el lateral [&hellip;]<\/p>\n","protected":false},"featured_media":6368008,"template":"","meta":{"_acf_changed":false},"product_cat":[11907,11887,11671],"product_tag":[],"class_list":{"0":"post-1881397","1":"product","2":"type-product","3":"status-publish","4":"has-post-thumbnail","6":"product_cat-cestas-y-cuencos","7":"product_cat-tabla","8":"product_cat-tavola","10":"first","11":"instock","12":"sale","13":"taxable","14":"shipping-taxable","15":"purchasable","16":"product-type-simple","swatches":"rey-swatches","show_selected":"","stretch_labels":"rey-swatches--stretch-labels"},"acf":[],"yoast_head":"<!-- This site is optimized with the Yoast SEO plugin v25.4 - https:\/\/yoast.com\/wordpress\/plugins\/seo\/ -->\n<title>JOSEPH JOSEPH Panera con Tapa de Bamb\u00fa Blanca - dev6 Erresse<\/title>\n<meta name=\"description\" content=\"Este elegante recipiente para pan le permite almacenar pan, bollos y pasteles durante m\u00e1s tiempo, con una tapa de bamb\u00fa especialmente dise\u00f1ada que sirve\" \/>\n<meta name=\"robots\" content=\"noindex, follow, max-snippet:-1, max-image-preview:large, max-video-preview:-1\" \/>\n<meta property=\"og:locale\" content=\"es_ES\" \/>\n<meta property=\"og:type\" content=\"article\" \/>\n<meta property=\"og:title\" content=\"JOSEPH JOSEPH Panera con Tapa de Bamb\u00fa Blanca - dev6 Erresse\" \/>\n<meta property=\"og:description\" content=\"Este elegante recipiente para pan le permite almacenar pan, bollos y pasteles durante m\u00e1s tiempo, con una tapa de bamb\u00fa especialmente dise\u00f1ada que sirve\" \/>\n<meta property=\"og:url\" content=\"https:\/\/dev6.erresse-shop.it\/es\/shop\/tabla\/cestas-y-cuencos\/joseph-joseph-panera-con-tapa-de-bambu-blanca\/\" \/>\n<meta property=\"og:site_name\" content=\"dev6 Erresse\" \/>\n<meta property=\"og:image\" content=\"https:\/\/interpim.erresse-shop.it\/Import\/Prodotti\/joseph-joseph-cestino-per-il-pane-con-coperchio-in-bambu.png\" \/><meta property=\"og:image\" content=\"https:\/\/interpim.erresse-shop.it\/Import\/Prodotti\/joseph-joseph-cestino-per-il-pane-con-coperchio-in-bambu.png\" \/>\n\t<meta property=\"og:image:width\" content=\"1024\" \/>\n\t<meta property=\"og:image:height\" content=\"1024\" \/>\n\t<meta property=\"og:image:type\" content=\"image\/jpeg\" \/>\n<meta name=\"twitter:card\" content=\"summary_large_image\" \/>\n<meta name=\"twitter:image\" content=\"https:\/\/interpim.erresse-shop.it\/Import\/Prodotti\/joseph-joseph-cestino-per-il-pane-con-coperchio-in-bambu.png\" \/>\n<script type=\"application\/ld+json\" class=\"yoast-schema-graph\">{\"@context\":\"https:\/\/schema.org\",\"@graph\":[{\"@type\":\"WebPage\",\"@id\":\"https:\/\/dev6.erresse-shop.it\/es\/shop\/tabla\/cestas-y-cuencos\/joseph-joseph-panera-con-tapa-de-bambu-blanca\/\",\"url\":\"https:\/\/dev6.erresse-shop.it\/es\/shop\/tabla\/cestas-y-cuencos\/joseph-joseph-panera-con-tapa-de-bambu-blanca\/\",\"name\":\"JOSEPH JOSEPH Panera con Tapa de Bamb\u00fa Blanca - dev6 Erresse\",\"isPartOf\":{\"@id\":\"https:\/\/dev6.erresse-shop.it\/#website\"},\"primaryImageOfPage\":{\"@id\":\"https:\/\/dev6.erresse-shop.it\/es\/shop\/tabla\/cestas-y-cuencos\/joseph-joseph-panera-con-tapa-de-bambu-blanca\/#primaryimage\"},\"image\":{\"@id\":\"https:\/\/dev6.erresse-shop.it\/es\/shop\/tabla\/cestas-y-cuencos\/joseph-joseph-panera-con-tapa-de-bambu-blanca\/#primaryimage\"},\"thumbnailUrl\":\"https:\/\/i0.wp.com\/interpim.erresse-shop.it\/Import\/Prodotti\/joseph-joseph-cestino-per-il-pane-con-coperchio-in-bambu.png?ssl=1\",\"datePublished\":\"2026-04-12T09:00:48+00:00\",\"description\":\"Este elegante recipiente para pan le permite almacenar pan, bollos y pasteles durante m\u00e1s tiempo, con una tapa de bamb\u00fa especialmente dise\u00f1ada que sirve\",\"breadcrumb\":{\"@id\":\"https:\/\/dev6.erresse-shop.it\/es\/shop\/tabla\/cestas-y-cuencos\/joseph-joseph-panera-con-tapa-de-bambu-blanca\/#breadcrumb\"},\"inLanguage\":\"es\",\"potentialAction\":[{\"@type\":\"ReadAction\",\"target\":[\"https:\/\/dev6.erresse-shop.it\/es\/shop\/tabla\/cestas-y-cuencos\/joseph-joseph-panera-con-tapa-de-bambu-blanca\/\"]}]},{\"@type\":\"ImageObject\",\"inLanguage\":\"es\",\"@id\":\"https:\/\/dev6.erresse-shop.it\/es\/shop\/tabla\/cestas-y-cuencos\/joseph-joseph-panera-con-tapa-de-bambu-blanca\/#primaryimage\",\"url\":\"https:\/\/i0.wp.com\/interpim.erresse-shop.it\/Import\/Prodotti\/joseph-joseph-cestino-per-il-pane-con-coperchio-in-bambu.png?ssl=1\",\"contentUrl\":\"https:\/\/i0.wp.com\/interpim.erresse-shop.it\/Import\/Prodotti\/joseph-joseph-cestino-per-il-pane-con-coperchio-in-bambu.png?ssl=1\"},{\"@type\":\"BreadcrumbList\",\"@id\":\"https:\/\/dev6.erresse-shop.it\/es\/shop\/tabla\/cestas-y-cuencos\/joseph-joseph-panera-con-tapa-de-bambu-blanca\/#breadcrumb\",\"itemListElement\":[{\"@type\":\"ListItem\",\"position\":1,\"name\":\"Home\",\"item\":\"https:\/\/dev6.erresse-shop.it\/\"},{\"@type\":\"ListItem\",\"position\":2,\"name\":\"Tienda\",\"item\":\"https:\/\/dev6.erresse-shop.it\/shop\/\"},{\"@type\":\"ListItem\",\"position\":3,\"name\":\"JOSEPH JOSEPH Panera con Tapa de Bamb\u00fa Blanca\"}]},{\"@type\":\"WebSite\",\"@id\":\"https:\/\/dev6.erresse-shop.it\/#website\",\"url\":\"https:\/\/dev6.erresse-shop.it\/\",\"name\":\"Erresse Shop\",\"description\":\"\",\"publisher\":{\"@id\":\"https:\/\/dev6.erresse-shop.it\/#organization\"},\"potentialAction\":[{\"@type\":\"SearchAction\",\"target\":{\"@type\":\"EntryPoint\",\"urlTemplate\":\"https:\/\/dev6.erresse-shop.it\/?s={search_term_string}\"},\"query-input\":{\"@type\":\"PropertyValueSpecification\",\"valueRequired\":true,\"valueName\":\"search_term_string\"}}],\"inLanguage\":\"es\"},{\"@type\":\"Organization\",\"@id\":\"https:\/\/dev6.erresse-shop.it\/#organization\",\"name\":\"Erresse Shop\",\"url\":\"https:\/\/dev6.erresse-shop.it\/\",\"logo\":{\"@type\":\"ImageObject\",\"inLanguage\":\"es\",\"@id\":\"https:\/\/dev6.erresse-shop.it\/#\/schema\/logo\/image\/\",\"url\":\"https:\/\/dev6.erresse-shop.it\/wp-content\/uploads\/2025\/01\/LOGO-ERRESSE-CLASSICO.svg\",\"contentUrl\":\"https:\/\/dev6.erresse-shop.it\/wp-content\/uploads\/2025\/01\/LOGO-ERRESSE-CLASSICO.svg\",\"caption\":\"Erresse Shop\"},\"image\":{\"@id\":\"https:\/\/dev6.erresse-shop.it\/#\/schema\/logo\/image\/\"}}]}<\/script>\n<!-- \/ Yoast SEO plugin. -->","yoast_head_json":{"title":"JOSEPH JOSEPH Panera con Tapa de Bamb\u00fa Blanca - dev6 Erresse","description":"Este elegante recipiente para pan le permite almacenar pan, bollos y pasteles durante m\u00e1s tiempo, con una tapa de bamb\u00fa especialmente dise\u00f1ada que sirve","robots":{"index":"noindex","follow":"follow","max-snippet":"max-snippet:-1","max-image-preview":"max-image-preview:large","max-video-preview":"max-video-preview:-1"},"og_locale":"es_ES","og_type":"article","og_title":"JOSEPH JOSEPH Panera con Tapa de Bamb\u00fa Blanca - dev6 Erresse","og_description":"Este elegante recipiente para pan le permite almacenar pan, bollos y pasteles durante m\u00e1s tiempo, con una tapa de bamb\u00fa especialmente dise\u00f1ada que sirve","og_url":"https:\/\/dev6.erresse-shop.it\/es\/shop\/tabla\/cestas-y-cuencos\/joseph-joseph-panera-con-tapa-de-bambu-blanca\/","og_site_name":"dev6 Erresse","og_image":[{"url":"https:\/\/interpim.erresse-shop.it\/Import\/Prodotti\/joseph-joseph-cestino-per-il-pane-con-coperchio-in-bambu.png","type":"","width":"","height":""},{"url":"https:\/\/interpim.erresse-shop.it\/Import\/Prodotti\/joseph-joseph-cestino-per-il-pane-con-coperchio-in-bambu.png","width":1024,"height":1024,"type":"image\/jpeg"}],"twitter_card":"summary_large_image","twitter_image":"https:\/\/interpim.erresse-shop.it\/Import\/Prodotti\/joseph-joseph-cestino-per-il-pane-con-coperchio-in-bambu.png","schema":{"@context":"https:\/\/schema.org","@graph":[{"@type":"WebPage","@id":"https:\/\/dev6.erresse-shop.it\/es\/shop\/tabla\/cestas-y-cuencos\/joseph-joseph-panera-con-tapa-de-bambu-blanca\/","url":"https:\/\/dev6.erresse-shop.it\/es\/shop\/tabla\/cestas-y-cuencos\/joseph-joseph-panera-con-tapa-de-bambu-blanca\/","name":"JOSEPH JOSEPH Panera con Tapa de Bamb\u00fa Blanca - dev6 Erresse","isPartOf":{"@id":"https:\/\/dev6.erresse-shop.it\/#website"},"primaryImageOfPage":{"@id":"https:\/\/dev6.erresse-shop.it\/es\/shop\/tabla\/cestas-y-cuencos\/joseph-joseph-panera-con-tapa-de-bambu-blanca\/#primaryimage"},"image":{"@id":"https:\/\/dev6.erresse-shop.it\/es\/shop\/tabla\/cestas-y-cuencos\/joseph-joseph-panera-con-tapa-de-bambu-blanca\/#primaryimage"},"thumbnailUrl":"https:\/\/i0.wp.com\/interpim.erresse-shop.it\/Import\/Prodotti\/joseph-joseph-cestino-per-il-pane-con-coperchio-in-bambu.png?ssl=1","datePublished":"2026-04-12T09:00:48+00:00","description":"Este elegante recipiente para pan le permite almacenar pan, bollos y pasteles durante m\u00e1s tiempo, con una tapa de bamb\u00fa especialmente dise\u00f1ada que sirve","breadcrumb":{"@id":"https:\/\/dev6.erresse-shop.it\/es\/shop\/tabla\/cestas-y-cuencos\/joseph-joseph-panera-con-tapa-de-bambu-blanca\/#breadcrumb"},"inLanguage":"es","potentialAction":[{"@type":"ReadAction","target":["https:\/\/dev6.erresse-shop.it\/es\/shop\/tabla\/cestas-y-cuencos\/joseph-joseph-panera-con-tapa-de-bambu-blanca\/"]}]},{"@type":"ImageObject","inLanguage":"es","@id":"https:\/\/dev6.erresse-shop.it\/es\/shop\/tabla\/cestas-y-cuencos\/joseph-joseph-panera-con-tapa-de-bambu-blanca\/#primaryimage","url":"https:\/\/i0.wp.com\/interpim.erresse-shop.it\/Import\/Prodotti\/joseph-joseph-cestino-per-il-pane-con-coperchio-in-bambu.png?ssl=1","contentUrl":"https:\/\/i0.wp.com\/interpim.erresse-shop.it\/Import\/Prodotti\/joseph-joseph-cestino-per-il-pane-con-coperchio-in-bambu.png?ssl=1"},{"@type":"BreadcrumbList","@id":"https:\/\/dev6.erresse-shop.it\/es\/shop\/tabla\/cestas-y-cuencos\/joseph-joseph-panera-con-tapa-de-bambu-blanca\/#breadcrumb","itemListElement":[{"@type":"ListItem","position":1,"name":"Home","item":"https:\/\/dev6.erresse-shop.it\/"},{"@type":"ListItem","position":2,"name":"Tienda","item":"https:\/\/dev6.erresse-shop.it\/shop\/"},{"@type":"ListItem","position":3,"name":"JOSEPH JOSEPH Panera con Tapa de Bamb\u00fa Blanca"}]},{"@type":"WebSite","@id":"https:\/\/dev6.erresse-shop.it\/#website","url":"https:\/\/dev6.erresse-shop.it\/","name":"Erresse Shop","description":"","publisher":{"@id":"https:\/\/dev6.erresse-shop.it\/#organization"},"potentialAction":[{"@type":"SearchAction","target":{"@type":"EntryPoint","urlTemplate":"https:\/\/dev6.erresse-shop.it\/?s={search_term_string}"},"query-input":{"@type":"PropertyValueSpecification","valueRequired":true,"valueName":"search_term_string"}}],"inLanguage":"es"},{"@type":"Organization","@id":"https:\/\/dev6.erresse-shop.it\/#organization","name":"Erresse Shop","url":"https:\/\/dev6.erresse-shop.it\/","logo":{"@type":"ImageObject","inLanguage":"es","@id":"https:\/\/dev6.erresse-shop.it\/#\/schema\/logo\/image\/","url":"https:\/\/dev6.erresse-shop.it\/wp-content\/uploads\/2025\/01\/LOGO-ERRESSE-CLASSICO.svg","contentUrl":"https:\/\/dev6.erresse-shop.it\/wp-content\/uploads\/2025\/01\/LOGO-ERRESSE-CLASSICO.svg","caption":"Erresse Shop"},"image":{"@id":"https:\/\/dev6.erresse-shop.it\/#\/schema\/logo\/image\/"}}]}},"df_price":56.95,"df_sale_price":56.95,"df_regular_price":69.99,"df_image_link":"https:\/\/i0.wp.com\/interpim.erresse-shop.it\/Import\/Prodotti\/joseph-joseph-cestino-per-il-pane-con-coperchio-in-bambu.png?resize=300,300&ssl=1","fifu_image_url":"https:\/\/interpim.erresse-shop.it\/Import\/Prodotti\/joseph-joseph-cestino-per-il-pane-con-coperchio-in-bambu.png","_links":{"self":[{"href":"https:\/\/dev6.erresse-shop.it\/es\/wp-json\/wp\/v2\/product\/1881397","targetHints":{"allow":["GET"]}}],"collection":[{"href":"https:\/\/dev6.erresse-shop.it\/es\/wp-json\/wp\/v2\/product"}],"about":[{"href":"https:\/\/dev6.erresse-shop.it\/es\/wp-json\/wp\/v2\/types\/product"}],"wp:featuredmedia":[{"embeddable":true,"href":"https:\/\/dev6.erresse-shop.it\/es\/wp-json\/wp\/v2\/media\/6368008"}],"wp:attachment":[{"href":"https:\/\/dev6.erresse-shop.it\/es\/wp-json\/wp\/v2\/media?parent=1881397"}],"wp:term":[{"taxonomy":"product_cat","embeddable":true,"href":"https:\/\/dev6.erresse-shop.it\/es\/wp-json\/wp\/v2\/product_cat?post=1881397"},{"taxonomy":"product_tag","embeddable":true,"href":"https:\/\/dev6.erresse-shop.it\/es\/wp-json\/wp\/v2\/product_tag?post=1881397"}],"curies":[{"name":"wp","href":"https:\/\/api.w.org\/{rel}","templated":true}]}}