{"id":1881391,"date":"2026-04-12T11:00:48","date_gmt":"2026-04-12T09:00:48","guid":{"rendered":"https:\/\/dev6.erresse-shop.it\/shop\/sin%20categor\u00eda\/joseph-folio-juego-de-3-tablas-de-cortar-de-bambu-con-funda-de-acero\/"},"modified":"2025-11-22T18:12:46","modified_gmt":"2025-11-22T17:12:46","slug":"joseph-folio-juego-de-3-tablas-de-cortar-de-bambu-con-funda-de-acero","status":"publish","type":"product","link":"https:\/\/dev6.erresse-shop.it\/es\/shop\/cocina\/tablas-de-cortar\/joseph-folio-juego-de-3-tablas-de-cortar-de-bambu-con-funda-de-acero\/","title":{"rendered":"JOSEPH Folio\u2122 Juego de 3 tablas de cortar de bamb\u00fa con funda de acero"},"content":{"rendered":"<p>Caracter\u00edsticas del producto:<\/p>\n<p>Este juego de calidad, que incluye un estuche delgado y tres tablas de cortar , destaca entre todas las dem\u00e1s piezas de su encimera.<\/p>\n<p>Tablas de corte de doble cara con pies antideslizantes<br \/>\nDuraderas superficies de corte de bamb\u00fa<br \/>\nBarras de acero inoxidable para facilitar la selecci\u00f3n de las tablas<br \/>\nCarcasa de acero inoxidable antihuellas<br \/>\nEl estuche mantiene las tablas separadas para permitir la circulaci\u00f3n del aire<\/p>\n<p>Cuidado y uso:<\/p>\n<p>Tablas \u2013 lavar a mano y secar \u2013 no sumergir.<br \/>\nCaja \u2013 limpiar con un pa\u00f1o suave y h\u00famedo.<br \/>\nNo utilice pa\u00f1os abrasivos ni limpiadores qu\u00edmicos fuertes.<br \/>\nLa superficie de las tablas, que no es un cuchillo, est\u00e1 dise\u00f1ada para marcarse ligeramente durante el uso.<\/p>\n<p>Dimensiones:<\/p>\n<p>H28,7 x A38 x P8,5 cm (H11,3 x L14,9 x D3,3 pulgadas)<\/p>\n<p>\u00a0<\/p>\n<p>Dise\u00f1ado por Joseph Joseph<\/p>\n","protected":false},"excerpt":{"rendered":"<p>Caracter\u00edsticas del producto: Este juego de calidad, que incluye un estuche delgado y tres tablas de cortar , destaca entre todas las dem\u00e1s piezas de su encimera. Tablas de corte de doble cara con pies antideslizantes Duraderas superficies de corte de bamb\u00fa Barras de acero inoxidable para facilitar la selecci\u00f3n de las tablas Carcasa de [&hellip;]<\/p>\n","protected":false},"featured_media":6367994,"template":"","meta":{"_acf_changed":false},"product_cat":[11884,11668,11934],"product_tag":[],"class_list":{"0":"post-1881391","1":"product","2":"type-product","3":"status-publish","4":"has-post-thumbnail","6":"product_cat-cocina","7":"product_cat-cucina","8":"product_cat-tablas-de-cortar","10":"first","11":"instock","12":"sale","13":"taxable","14":"shipping-taxable","15":"purchasable","16":"product-type-simple","swatches":"rey-swatches","show_selected":"","stretch_labels":"rey-swatches--stretch-labels"},"acf":[],"yoast_head":"<!-- This site is optimized with the Yoast SEO plugin v25.4 - https:\/\/yoast.com\/wordpress\/plugins\/seo\/ -->\n<title>JOSEPH Folio\u2122 Juego de 3 tablas de cortar de bamb\u00fa con funda de acero - dev6 Erresse<\/title>\n<meta name=\"description\" content=\"Caracter\u00edsticas del producto: Este juego de calidad, que incluye un estuche delgado y tres tablas de cortar , destaca entre todas las dem\u00e1s piezas de su\" \/>\n<meta name=\"robots\" content=\"noindex, follow, max-snippet:-1, max-image-preview:large, max-video-preview:-1\" \/>\n<meta property=\"og:locale\" content=\"es_ES\" \/>\n<meta property=\"og:type\" content=\"article\" \/>\n<meta property=\"og:title\" content=\"JOSEPH Folio\u2122 Juego de 3 tablas de cortar de bamb\u00fa con funda de acero - dev6 Erresse\" \/>\n<meta property=\"og:description\" content=\"Caracter\u00edsticas del producto: Este juego de calidad, que incluye un estuche delgado y tres tablas de cortar , destaca entre todas las dem\u00e1s piezas de su\" \/>\n<meta property=\"og:url\" content=\"https:\/\/dev6.erresse-shop.it\/es\/shop\/cocina\/tablas-de-cortar\/joseph-folio-juego-de-3-tablas-de-cortar-de-bambu-con-funda-de-acero\/\" \/>\n<meta property=\"og:site_name\" content=\"dev6 Erresse\" \/>\n<meta property=\"og:image\" content=\"https:\/\/interpim.erresse-shop.it\/wp-content\/uploads\/2024\/05\/JOSEPH-JOSEPH-Folio\u2122-Set-di-3-Taglieri-in-Bambu-con-Custodia-in-Acciaio.jpg\/joseph-joseph-folio-e2-84-a2-set-di-3-taglieri-in-bambu-con-custodia-in-acciaio.jpg\" \/><meta property=\"og:image\" content=\"https:\/\/interpim.erresse-shop.it\/wp-content\/uploads\/2024\/05\/JOSEPH-JOSEPH-Folio\u2122-Set-di-3-Taglieri-in-Bambu-con-Custodia-in-Acciaio.jpg\/joseph-joseph-folio-e2-84-a2-set-di-3-taglieri-in-bambu-con-custodia-in-acciaio.jpg\" \/>\n\t<meta property=\"og:image:width\" content=\"1024\" \/>\n\t<meta property=\"og:image:height\" content=\"1024\" \/>\n\t<meta property=\"og:image:type\" content=\"image\/jpeg\" \/>\n<meta name=\"twitter:card\" content=\"summary_large_image\" \/>\n<meta name=\"twitter:image\" content=\"https:\/\/interpim.erresse-shop.it\/wp-content\/uploads\/2024\/05\/JOSEPH-JOSEPH-Folio\u2122-Set-di-3-Taglieri-in-Bambu-con-Custodia-in-Acciaio.jpg\/joseph-joseph-folio-e2-84-a2-set-di-3-taglieri-in-bambu-con-custodia-in-acciaio.jpg\" \/>\n<script type=\"application\/ld+json\" class=\"yoast-schema-graph\">{\"@context\":\"https:\/\/schema.org\",\"@graph\":[{\"@type\":\"WebPage\",\"@id\":\"https:\/\/dev6.erresse-shop.it\/es\/shop\/cocina\/tablas-de-cortar\/joseph-folio-juego-de-3-tablas-de-cortar-de-bambu-con-funda-de-acero\/\",\"url\":\"https:\/\/dev6.erresse-shop.it\/es\/shop\/cocina\/tablas-de-cortar\/joseph-folio-juego-de-3-tablas-de-cortar-de-bambu-con-funda-de-acero\/\",\"name\":\"JOSEPH Folio\u2122 Juego de 3 tablas de cortar de bamb\u00fa con funda de acero - dev6 Erresse\",\"isPartOf\":{\"@id\":\"https:\/\/dev6.erresse-shop.it\/#website\"},\"primaryImageOfPage\":{\"@id\":\"https:\/\/dev6.erresse-shop.it\/es\/shop\/cocina\/tablas-de-cortar\/joseph-folio-juego-de-3-tablas-de-cortar-de-bambu-con-funda-de-acero\/#primaryimage\"},\"image\":{\"@id\":\"https:\/\/dev6.erresse-shop.it\/es\/shop\/cocina\/tablas-de-cortar\/joseph-folio-juego-de-3-tablas-de-cortar-de-bambu-con-funda-de-acero\/#primaryimage\"},\"thumbnailUrl\":\"https:\/\/i3.wp.com\/interpim.erresse-shop.it\/wp-content\/uploads\/2024\/05\/JOSEPH-JOSEPH-Folio\u2122-Set-di-3-Taglieri-in-Bambu-con-Custodia-in-Acciaio.jpg\/joseph-joseph-folio-e2-84-a2-set-di-3-taglieri-in-bambu-con-custodia-in-acciaio.jpg?ssl=1\",\"datePublished\":\"2026-04-12T09:00:48+00:00\",\"description\":\"Caracter\u00edsticas del producto: Este juego de calidad, que incluye un estuche delgado y tres tablas de cortar , destaca entre todas las dem\u00e1s piezas de su\",\"breadcrumb\":{\"@id\":\"https:\/\/dev6.erresse-shop.it\/es\/shop\/cocina\/tablas-de-cortar\/joseph-folio-juego-de-3-tablas-de-cortar-de-bambu-con-funda-de-acero\/#breadcrumb\"},\"inLanguage\":\"es\",\"potentialAction\":[{\"@type\":\"ReadAction\",\"target\":[\"https:\/\/dev6.erresse-shop.it\/es\/shop\/cocina\/tablas-de-cortar\/joseph-folio-juego-de-3-tablas-de-cortar-de-bambu-con-funda-de-acero\/\"]}]},{\"@type\":\"ImageObject\",\"inLanguage\":\"es\",\"@id\":\"https:\/\/dev6.erresse-shop.it\/es\/shop\/cocina\/tablas-de-cortar\/joseph-folio-juego-de-3-tablas-de-cortar-de-bambu-con-funda-de-acero\/#primaryimage\",\"url\":\"https:\/\/i3.wp.com\/interpim.erresse-shop.it\/wp-content\/uploads\/2024\/05\/JOSEPH-JOSEPH-Folio\u2122-Set-di-3-Taglieri-in-Bambu-con-Custodia-in-Acciaio.jpg\/joseph-joseph-folio-e2-84-a2-set-di-3-taglieri-in-bambu-con-custodia-in-acciaio.jpg?ssl=1\",\"contentUrl\":\"https:\/\/i3.wp.com\/interpim.erresse-shop.it\/wp-content\/uploads\/2024\/05\/JOSEPH-JOSEPH-Folio\u2122-Set-di-3-Taglieri-in-Bambu-con-Custodia-in-Acciaio.jpg\/joseph-joseph-folio-e2-84-a2-set-di-3-taglieri-in-bambu-con-custodia-in-acciaio.jpg?ssl=1\"},{\"@type\":\"BreadcrumbList\",\"@id\":\"https:\/\/dev6.erresse-shop.it\/es\/shop\/cocina\/tablas-de-cortar\/joseph-folio-juego-de-3-tablas-de-cortar-de-bambu-con-funda-de-acero\/#breadcrumb\",\"itemListElement\":[{\"@type\":\"ListItem\",\"position\":1,\"name\":\"Home\",\"item\":\"https:\/\/dev6.erresse-shop.it\/\"},{\"@type\":\"ListItem\",\"position\":2,\"name\":\"Tienda\",\"item\":\"https:\/\/dev6.erresse-shop.it\/shop\/\"},{\"@type\":\"ListItem\",\"position\":3,\"name\":\"JOSEPH Folio\u2122 Juego de 3 tablas de cortar de bamb\u00fa con funda de acero\"}]},{\"@type\":\"WebSite\",\"@id\":\"https:\/\/dev6.erresse-shop.it\/#website\",\"url\":\"https:\/\/dev6.erresse-shop.it\/\",\"name\":\"Erresse Shop\",\"description\":\"\",\"publisher\":{\"@id\":\"https:\/\/dev6.erresse-shop.it\/#organization\"},\"potentialAction\":[{\"@type\":\"SearchAction\",\"target\":{\"@type\":\"EntryPoint\",\"urlTemplate\":\"https:\/\/dev6.erresse-shop.it\/?s={search_term_string}\"},\"query-input\":{\"@type\":\"PropertyValueSpecification\",\"valueRequired\":true,\"valueName\":\"search_term_string\"}}],\"inLanguage\":\"es\"},{\"@type\":\"Organization\",\"@id\":\"https:\/\/dev6.erresse-shop.it\/#organization\",\"name\":\"Erresse Shop\",\"url\":\"https:\/\/dev6.erresse-shop.it\/\",\"logo\":{\"@type\":\"ImageObject\",\"inLanguage\":\"es\",\"@id\":\"https:\/\/dev6.erresse-shop.it\/#\/schema\/logo\/image\/\",\"url\":\"https:\/\/dev6.erresse-shop.it\/wp-content\/uploads\/2025\/01\/LOGO-ERRESSE-CLASSICO.svg\",\"contentUrl\":\"https:\/\/dev6.erresse-shop.it\/wp-content\/uploads\/2025\/01\/LOGO-ERRESSE-CLASSICO.svg\",\"caption\":\"Erresse Shop\"},\"image\":{\"@id\":\"https:\/\/dev6.erresse-shop.it\/#\/schema\/logo\/image\/\"}}]}<\/script>\n<!-- \/ Yoast SEO plugin. -->","yoast_head_json":{"title":"JOSEPH Folio\u2122 Juego de 3 tablas de cortar de bamb\u00fa con funda de acero - dev6 Erresse","description":"Caracter\u00edsticas del producto: Este juego de calidad, que incluye un estuche delgado y tres tablas de cortar , destaca entre todas las dem\u00e1s piezas de su","robots":{"index":"noindex","follow":"follow","max-snippet":"max-snippet:-1","max-image-preview":"max-image-preview:large","max-video-preview":"max-video-preview:-1"},"og_locale":"es_ES","og_type":"article","og_title":"JOSEPH Folio\u2122 Juego de 3 tablas de cortar de bamb\u00fa con funda de acero - dev6 Erresse","og_description":"Caracter\u00edsticas del producto: Este juego de calidad, que incluye un estuche delgado y tres tablas de cortar , destaca entre todas las dem\u00e1s piezas de su","og_url":"https:\/\/dev6.erresse-shop.it\/es\/shop\/cocina\/tablas-de-cortar\/joseph-folio-juego-de-3-tablas-de-cortar-de-bambu-con-funda-de-acero\/","og_site_name":"dev6 Erresse","og_image":[{"url":"https:\/\/interpim.erresse-shop.it\/wp-content\/uploads\/2024\/05\/JOSEPH-JOSEPH-Folio\u2122-Set-di-3-Taglieri-in-Bambu-con-Custodia-in-Acciaio.jpg\/joseph-joseph-folio-e2-84-a2-set-di-3-taglieri-in-bambu-con-custodia-in-acciaio.jpg","type":"","width":"","height":""},{"url":"https:\/\/interpim.erresse-shop.it\/wp-content\/uploads\/2024\/05\/JOSEPH-JOSEPH-Folio\u2122-Set-di-3-Taglieri-in-Bambu-con-Custodia-in-Acciaio.jpg\/joseph-joseph-folio-e2-84-a2-set-di-3-taglieri-in-bambu-con-custodia-in-acciaio.jpg","width":1024,"height":1024,"type":"image\/jpeg"}],"twitter_card":"summary_large_image","twitter_image":"https:\/\/interpim.erresse-shop.it\/wp-content\/uploads\/2024\/05\/JOSEPH-JOSEPH-Folio\u2122-Set-di-3-Taglieri-in-Bambu-con-Custodia-in-Acciaio.jpg\/joseph-joseph-folio-e2-84-a2-set-di-3-taglieri-in-bambu-con-custodia-in-acciaio.jpg","schema":{"@context":"https:\/\/schema.org","@graph":[{"@type":"WebPage","@id":"https:\/\/dev6.erresse-shop.it\/es\/shop\/cocina\/tablas-de-cortar\/joseph-folio-juego-de-3-tablas-de-cortar-de-bambu-con-funda-de-acero\/","url":"https:\/\/dev6.erresse-shop.it\/es\/shop\/cocina\/tablas-de-cortar\/joseph-folio-juego-de-3-tablas-de-cortar-de-bambu-con-funda-de-acero\/","name":"JOSEPH Folio\u2122 Juego de 3 tablas de cortar de bamb\u00fa con funda de acero - dev6 Erresse","isPartOf":{"@id":"https:\/\/dev6.erresse-shop.it\/#website"},"primaryImageOfPage":{"@id":"https:\/\/dev6.erresse-shop.it\/es\/shop\/cocina\/tablas-de-cortar\/joseph-folio-juego-de-3-tablas-de-cortar-de-bambu-con-funda-de-acero\/#primaryimage"},"image":{"@id":"https:\/\/dev6.erresse-shop.it\/es\/shop\/cocina\/tablas-de-cortar\/joseph-folio-juego-de-3-tablas-de-cortar-de-bambu-con-funda-de-acero\/#primaryimage"},"thumbnailUrl":"https:\/\/i3.wp.com\/interpim.erresse-shop.it\/wp-content\/uploads\/2024\/05\/JOSEPH-JOSEPH-Folio\u2122-Set-di-3-Taglieri-in-Bambu-con-Custodia-in-Acciaio.jpg\/joseph-joseph-folio-e2-84-a2-set-di-3-taglieri-in-bambu-con-custodia-in-acciaio.jpg?ssl=1","datePublished":"2026-04-12T09:00:48+00:00","description":"Caracter\u00edsticas del producto: Este juego de calidad, que incluye un estuche delgado y tres tablas de cortar , destaca entre todas las dem\u00e1s piezas de su","breadcrumb":{"@id":"https:\/\/dev6.erresse-shop.it\/es\/shop\/cocina\/tablas-de-cortar\/joseph-folio-juego-de-3-tablas-de-cortar-de-bambu-con-funda-de-acero\/#breadcrumb"},"inLanguage":"es","potentialAction":[{"@type":"ReadAction","target":["https:\/\/dev6.erresse-shop.it\/es\/shop\/cocina\/tablas-de-cortar\/joseph-folio-juego-de-3-tablas-de-cortar-de-bambu-con-funda-de-acero\/"]}]},{"@type":"ImageObject","inLanguage":"es","@id":"https:\/\/dev6.erresse-shop.it\/es\/shop\/cocina\/tablas-de-cortar\/joseph-folio-juego-de-3-tablas-de-cortar-de-bambu-con-funda-de-acero\/#primaryimage","url":"https:\/\/i3.wp.com\/interpim.erresse-shop.it\/wp-content\/uploads\/2024\/05\/JOSEPH-JOSEPH-Folio\u2122-Set-di-3-Taglieri-in-Bambu-con-Custodia-in-Acciaio.jpg\/joseph-joseph-folio-e2-84-a2-set-di-3-taglieri-in-bambu-con-custodia-in-acciaio.jpg?ssl=1","contentUrl":"https:\/\/i3.wp.com\/interpim.erresse-shop.it\/wp-content\/uploads\/2024\/05\/JOSEPH-JOSEPH-Folio\u2122-Set-di-3-Taglieri-in-Bambu-con-Custodia-in-Acciaio.jpg\/joseph-joseph-folio-e2-84-a2-set-di-3-taglieri-in-bambu-con-custodia-in-acciaio.jpg?ssl=1"},{"@type":"BreadcrumbList","@id":"https:\/\/dev6.erresse-shop.it\/es\/shop\/cocina\/tablas-de-cortar\/joseph-folio-juego-de-3-tablas-de-cortar-de-bambu-con-funda-de-acero\/#breadcrumb","itemListElement":[{"@type":"ListItem","position":1,"name":"Home","item":"https:\/\/dev6.erresse-shop.it\/"},{"@type":"ListItem","position":2,"name":"Tienda","item":"https:\/\/dev6.erresse-shop.it\/shop\/"},{"@type":"ListItem","position":3,"name":"JOSEPH Folio\u2122 Juego de 3 tablas de cortar de bamb\u00fa con funda de acero"}]},{"@type":"WebSite","@id":"https:\/\/dev6.erresse-shop.it\/#website","url":"https:\/\/dev6.erresse-shop.it\/","name":"Erresse Shop","description":"","publisher":{"@id":"https:\/\/dev6.erresse-shop.it\/#organization"},"potentialAction":[{"@type":"SearchAction","target":{"@type":"EntryPoint","urlTemplate":"https:\/\/dev6.erresse-shop.it\/?s={search_term_string}"},"query-input":{"@type":"PropertyValueSpecification","valueRequired":true,"valueName":"search_term_string"}}],"inLanguage":"es"},{"@type":"Organization","@id":"https:\/\/dev6.erresse-shop.it\/#organization","name":"Erresse Shop","url":"https:\/\/dev6.erresse-shop.it\/","logo":{"@type":"ImageObject","inLanguage":"es","@id":"https:\/\/dev6.erresse-shop.it\/#\/schema\/logo\/image\/","url":"https:\/\/dev6.erresse-shop.it\/wp-content\/uploads\/2025\/01\/LOGO-ERRESSE-CLASSICO.svg","contentUrl":"https:\/\/dev6.erresse-shop.it\/wp-content\/uploads\/2025\/01\/LOGO-ERRESSE-CLASSICO.svg","caption":"Erresse Shop"},"image":{"@id":"https:\/\/dev6.erresse-shop.it\/#\/schema\/logo\/image\/"}}]}},"df_price":89.95,"df_sale_price":89.95,"df_regular_price":119.99,"df_image_link":"https:\/\/i3.wp.com\/interpim.erresse-shop.it\/wp-content\/uploads\/2024\/05\/JOSEPH-JOSEPH-Folio\u2122-Set-di-3-Taglieri-in-Bambu-con-Custodia-in-Acciaio.jpg\/joseph-joseph-folio-e2-84-a2-set-di-3-taglieri-in-bambu-con-custodia-in-acciaio.jpg?resize=300,300&ssl=1","fifu_image_url":"https:\/\/interpim.erresse-shop.it\/wp-content\/uploads\/2024\/05\/JOSEPH-JOSEPH-Folio\u2122-Set-di-3-Taglieri-in-Bambu-con-Custodia-in-Acciaio.jpg\/joseph-joseph-folio-e2-84-a2-set-di-3-taglieri-in-bambu-con-custodia-in-acciaio.jpg","_links":{"self":[{"href":"https:\/\/dev6.erresse-shop.it\/es\/wp-json\/wp\/v2\/product\/1881391","targetHints":{"allow":["GET"]}}],"collection":[{"href":"https:\/\/dev6.erresse-shop.it\/es\/wp-json\/wp\/v2\/product"}],"about":[{"href":"https:\/\/dev6.erresse-shop.it\/es\/wp-json\/wp\/v2\/types\/product"}],"wp:featuredmedia":[{"embeddable":true,"href":"https:\/\/dev6.erresse-shop.it\/es\/wp-json\/wp\/v2\/media\/6367994"}],"wp:attachment":[{"href":"https:\/\/dev6.erresse-shop.it\/es\/wp-json\/wp\/v2\/media?parent=1881391"}],"wp:term":[{"taxonomy":"product_cat","embeddable":true,"href":"https:\/\/dev6.erresse-shop.it\/es\/wp-json\/wp\/v2\/product_cat?post=1881391"},{"taxonomy":"product_tag","embeddable":true,"href":"https:\/\/dev6.erresse-shop.it\/es\/wp-json\/wp\/v2\/product_tag?post=1881391"}],"curies":[{"name":"wp","href":"https:\/\/api.w.org\/{rel}","templated":true}]}}