{"id":1881385,"date":"2026-04-04T10:58:08","date_gmt":"2026-04-04T08:58:08","guid":{"rendered":"https:\/\/dev6.erresse-shop.it\/shop\/sin%20categor\u00eda\/joseph-joseph-flexa-funda-para-tabla-de-planchar-easy-fit-azul\/"},"modified":"2025-09-14T09:06:52","modified_gmt":"2025-09-14T07:06:52","slug":"joseph-joseph-flexa-funda-para-tabla-de-planchar-easy-fit-azul","status":"publish","type":"product","link":"https:\/\/dev6.erresse-shop.it\/es\/shop\/mobiliario\/tablas-de-planchar\/joseph-joseph-flexa-funda-para-tabla-de-planchar-easy-fit-azul\/","title":{"rendered":"JOSEPH JOSEPH Flexa\u2122 Funda para tabla de planchar Easy-fit azul"},"content":{"rendered":"<p>Flexa\u2122 es la ingeniosa soluci\u00f3n a las fundas de repuesto para tablas de planchar de mala calidad y mal ajustadas. Dise\u00f1ada con una innovadora nariz StretchMesh\u2122 que se ajusta a la punta de cualquier tabla de planchar, tambi\u00e9n cuenta con una correa el\u00e1stica que se puede apretar en el centro y un cord\u00f3n tensor de la ranilla f\u00e1cil de conectar. Una capa superior duradera y resistente a los desgarros y un respaldo de espuma suave proporcionan una experiencia de planchado s\u00faper suave y c\u00f3moda.<\/p>\n<p>La nariz StretchMesh\u2122 se adapta r\u00e1pida y f\u00e1cilmente a la punta de cualquier tabla.<br \/>\nDuradera capa superior de algod\u00f3n ripstop<br \/>\nCapa inferior de espuma suave para una experiencia de planchado s\u00faper suave<br \/>\nCorrea el\u00e1stica para un ajuste perfecto<br \/>\nCord\u00f3n tensor con ranilla f\u00e1cil de atar<\/p>\n<p>Cuidado y uso:<\/p>\n<p>No lavar a m\u00e1quina.<br \/>\nConsulte la etiqueta de cuidados.<\/p>\n<p>Dimensiones:<\/p>\n<p>Para tablas de 135 cm de largo por 45 cm de ancho.<\/p>\n","protected":false},"excerpt":{"rendered":"<p>Flexa\u2122 es la ingeniosa soluci\u00f3n a las fundas de repuesto para tablas de planchar de mala calidad y mal ajustadas. Dise\u00f1ada con una innovadora nariz StretchMesh\u2122 que se ajusta a la punta de cualquier tabla de planchar, tambi\u00e9n cuenta con una correa el\u00e1stica que se puede apretar en el centro y un cord\u00f3n tensor de [&hellip;]<\/p>\n","protected":false},"featured_media":6284704,"template":"","meta":{"_acf_changed":false},"product_cat":[11666,11882,11923],"product_tag":[],"class_list":{"0":"post-1881385","1":"product","2":"type-product","3":"status-publish","4":"has-post-thumbnail","6":"product_cat-arredamento-casa","7":"product_cat-mobiliario","8":"product_cat-tablas-de-planchar","10":"first","11":"instock","12":"taxable","13":"shipping-taxable","14":"purchasable","15":"product-type-simple","swatches":"rey-swatches","show_selected":"","stretch_labels":"rey-swatches--stretch-labels"},"acf":[],"yoast_head":"<!-- This site is optimized with the Yoast SEO plugin v25.4 - https:\/\/yoast.com\/wordpress\/plugins\/seo\/ -->\n<title>JOSEPH JOSEPH Flexa\u2122 Funda para tabla de planchar Easy-fit azul - dev6 Erresse<\/title>\n<meta name=\"description\" content=\"Flexa\u2122 es la ingeniosa soluci\u00f3n a las fundas de repuesto para tablas de planchar de mala calidad y mal ajustadas. Dise\u00f1ada con una innovadora nariz\" \/>\n<meta name=\"robots\" content=\"noindex, follow, max-snippet:-1, max-image-preview:large, max-video-preview:-1\" \/>\n<meta property=\"og:locale\" content=\"es_ES\" \/>\n<meta property=\"og:type\" content=\"article\" \/>\n<meta property=\"og:title\" content=\"JOSEPH JOSEPH Flexa\u2122 Funda para tabla de planchar Easy-fit azul - dev6 Erresse\" \/>\n<meta property=\"og:description\" content=\"Flexa\u2122 es la ingeniosa soluci\u00f3n a las fundas de repuesto para tablas de planchar de mala calidad y mal ajustadas. Dise\u00f1ada con una innovadora nariz\" \/>\n<meta property=\"og:url\" content=\"https:\/\/dev6.erresse-shop.it\/es\/shop\/mobiliario\/tablas-de-planchar\/joseph-joseph-flexa-funda-para-tabla-de-planchar-easy-fit-azul\/\" \/>\n<meta property=\"og:site_name\" content=\"dev6 Erresse\" \/>\n<meta property=\"og:image\" content=\"https:\/\/interpim.erresse-shop.it\/wp-content\/uploads\/2024\/05\/JOSEPH-JOSEPH-Flexa\u2122-Copri-asse-da-stiro-Easy-fit-blu.jpg\/joseph-joseph-flexa-e2-84-a2-copri-asse-da-stiro-easy-fit-blu.jpg\" \/><meta property=\"og:image\" content=\"https:\/\/interpim.erresse-shop.it\/wp-content\/uploads\/2024\/05\/JOSEPH-JOSEPH-Flexa\u2122-Copri-asse-da-stiro-Easy-fit-blu.jpg\/joseph-joseph-flexa-e2-84-a2-copri-asse-da-stiro-easy-fit-blu.jpg\" \/>\n\t<meta property=\"og:image:width\" content=\"1024\" \/>\n\t<meta property=\"og:image:height\" content=\"1024\" \/>\n\t<meta property=\"og:image:type\" content=\"image\/jpeg\" \/>\n<meta name=\"twitter:card\" content=\"summary_large_image\" \/>\n<meta name=\"twitter:image\" content=\"https:\/\/interpim.erresse-shop.it\/wp-content\/uploads\/2024\/05\/JOSEPH-JOSEPH-Flexa\u2122-Copri-asse-da-stiro-Easy-fit-blu.jpg\/joseph-joseph-flexa-e2-84-a2-copri-asse-da-stiro-easy-fit-blu.jpg\" \/>\n<script type=\"application\/ld+json\" class=\"yoast-schema-graph\">{\"@context\":\"https:\/\/schema.org\",\"@graph\":[{\"@type\":\"WebPage\",\"@id\":\"https:\/\/dev6.erresse-shop.it\/es\/shop\/mobiliario\/tablas-de-planchar\/joseph-joseph-flexa-funda-para-tabla-de-planchar-easy-fit-azul\/\",\"url\":\"https:\/\/dev6.erresse-shop.it\/es\/shop\/mobiliario\/tablas-de-planchar\/joseph-joseph-flexa-funda-para-tabla-de-planchar-easy-fit-azul\/\",\"name\":\"JOSEPH JOSEPH Flexa\u2122 Funda para tabla de planchar Easy-fit azul - dev6 Erresse\",\"isPartOf\":{\"@id\":\"https:\/\/dev6.erresse-shop.it\/#website\"},\"primaryImageOfPage\":{\"@id\":\"https:\/\/dev6.erresse-shop.it\/es\/shop\/mobiliario\/tablas-de-planchar\/joseph-joseph-flexa-funda-para-tabla-de-planchar-easy-fit-azul\/#primaryimage\"},\"image\":{\"@id\":\"https:\/\/dev6.erresse-shop.it\/es\/shop\/mobiliario\/tablas-de-planchar\/joseph-joseph-flexa-funda-para-tabla-de-planchar-easy-fit-azul\/#primaryimage\"},\"thumbnailUrl\":\"https:\/\/i2.wp.com\/interpim.erresse-shop.it\/wp-content\/uploads\/2024\/05\/JOSEPH-JOSEPH-Flexa\u2122-Copri-asse-da-stiro-Easy-fit-blu.jpg\/joseph-joseph-flexa-e2-84-a2-copri-asse-da-stiro-easy-fit-blu.jpg?ssl=1\",\"datePublished\":\"2026-04-04T08:58:08+00:00\",\"description\":\"Flexa\u2122 es la ingeniosa soluci\u00f3n a las fundas de repuesto para tablas de planchar de mala calidad y mal ajustadas. Dise\u00f1ada con una innovadora nariz\",\"breadcrumb\":{\"@id\":\"https:\/\/dev6.erresse-shop.it\/es\/shop\/mobiliario\/tablas-de-planchar\/joseph-joseph-flexa-funda-para-tabla-de-planchar-easy-fit-azul\/#breadcrumb\"},\"inLanguage\":\"es\",\"potentialAction\":[{\"@type\":\"ReadAction\",\"target\":[\"https:\/\/dev6.erresse-shop.it\/es\/shop\/mobiliario\/tablas-de-planchar\/joseph-joseph-flexa-funda-para-tabla-de-planchar-easy-fit-azul\/\"]}]},{\"@type\":\"ImageObject\",\"inLanguage\":\"es\",\"@id\":\"https:\/\/dev6.erresse-shop.it\/es\/shop\/mobiliario\/tablas-de-planchar\/joseph-joseph-flexa-funda-para-tabla-de-planchar-easy-fit-azul\/#primaryimage\",\"url\":\"https:\/\/i2.wp.com\/interpim.erresse-shop.it\/wp-content\/uploads\/2024\/05\/JOSEPH-JOSEPH-Flexa\u2122-Copri-asse-da-stiro-Easy-fit-blu.jpg\/joseph-joseph-flexa-e2-84-a2-copri-asse-da-stiro-easy-fit-blu.jpg?ssl=1\",\"contentUrl\":\"https:\/\/i2.wp.com\/interpim.erresse-shop.it\/wp-content\/uploads\/2024\/05\/JOSEPH-JOSEPH-Flexa\u2122-Copri-asse-da-stiro-Easy-fit-blu.jpg\/joseph-joseph-flexa-e2-84-a2-copri-asse-da-stiro-easy-fit-blu.jpg?ssl=1\"},{\"@type\":\"BreadcrumbList\",\"@id\":\"https:\/\/dev6.erresse-shop.it\/es\/shop\/mobiliario\/tablas-de-planchar\/joseph-joseph-flexa-funda-para-tabla-de-planchar-easy-fit-azul\/#breadcrumb\",\"itemListElement\":[{\"@type\":\"ListItem\",\"position\":1,\"name\":\"Home\",\"item\":\"https:\/\/dev6.erresse-shop.it\/\"},{\"@type\":\"ListItem\",\"position\":2,\"name\":\"Tienda\",\"item\":\"https:\/\/dev6.erresse-shop.it\/shop\/\"},{\"@type\":\"ListItem\",\"position\":3,\"name\":\"JOSEPH JOSEPH Flexa\u2122 Funda para tabla de planchar Easy-fit azul\"}]},{\"@type\":\"WebSite\",\"@id\":\"https:\/\/dev6.erresse-shop.it\/#website\",\"url\":\"https:\/\/dev6.erresse-shop.it\/\",\"name\":\"Erresse Shop\",\"description\":\"\",\"publisher\":{\"@id\":\"https:\/\/dev6.erresse-shop.it\/#organization\"},\"potentialAction\":[{\"@type\":\"SearchAction\",\"target\":{\"@type\":\"EntryPoint\",\"urlTemplate\":\"https:\/\/dev6.erresse-shop.it\/?s={search_term_string}\"},\"query-input\":{\"@type\":\"PropertyValueSpecification\",\"valueRequired\":true,\"valueName\":\"search_term_string\"}}],\"inLanguage\":\"es\"},{\"@type\":\"Organization\",\"@id\":\"https:\/\/dev6.erresse-shop.it\/#organization\",\"name\":\"Erresse Shop\",\"url\":\"https:\/\/dev6.erresse-shop.it\/\",\"logo\":{\"@type\":\"ImageObject\",\"inLanguage\":\"es\",\"@id\":\"https:\/\/dev6.erresse-shop.it\/#\/schema\/logo\/image\/\",\"url\":\"https:\/\/dev6.erresse-shop.it\/wp-content\/uploads\/2025\/01\/LOGO-ERRESSE-CLASSICO.svg\",\"contentUrl\":\"https:\/\/dev6.erresse-shop.it\/wp-content\/uploads\/2025\/01\/LOGO-ERRESSE-CLASSICO.svg\",\"caption\":\"Erresse Shop\"},\"image\":{\"@id\":\"https:\/\/dev6.erresse-shop.it\/#\/schema\/logo\/image\/\"}}]}<\/script>\n<!-- \/ Yoast SEO plugin. -->","yoast_head_json":{"title":"JOSEPH JOSEPH Flexa\u2122 Funda para tabla de planchar Easy-fit azul - dev6 Erresse","description":"Flexa\u2122 es la ingeniosa soluci\u00f3n a las fundas de repuesto para tablas de planchar de mala calidad y mal ajustadas. Dise\u00f1ada con una innovadora nariz","robots":{"index":"noindex","follow":"follow","max-snippet":"max-snippet:-1","max-image-preview":"max-image-preview:large","max-video-preview":"max-video-preview:-1"},"og_locale":"es_ES","og_type":"article","og_title":"JOSEPH JOSEPH Flexa\u2122 Funda para tabla de planchar Easy-fit azul - dev6 Erresse","og_description":"Flexa\u2122 es la ingeniosa soluci\u00f3n a las fundas de repuesto para tablas de planchar de mala calidad y mal ajustadas. Dise\u00f1ada con una innovadora nariz","og_url":"https:\/\/dev6.erresse-shop.it\/es\/shop\/mobiliario\/tablas-de-planchar\/joseph-joseph-flexa-funda-para-tabla-de-planchar-easy-fit-azul\/","og_site_name":"dev6 Erresse","og_image":[{"url":"https:\/\/interpim.erresse-shop.it\/wp-content\/uploads\/2024\/05\/JOSEPH-JOSEPH-Flexa\u2122-Copri-asse-da-stiro-Easy-fit-blu.jpg\/joseph-joseph-flexa-e2-84-a2-copri-asse-da-stiro-easy-fit-blu.jpg","type":"","width":"","height":""},{"url":"https:\/\/interpim.erresse-shop.it\/wp-content\/uploads\/2024\/05\/JOSEPH-JOSEPH-Flexa\u2122-Copri-asse-da-stiro-Easy-fit-blu.jpg\/joseph-joseph-flexa-e2-84-a2-copri-asse-da-stiro-easy-fit-blu.jpg","width":1024,"height":1024,"type":"image\/jpeg"}],"twitter_card":"summary_large_image","twitter_image":"https:\/\/interpim.erresse-shop.it\/wp-content\/uploads\/2024\/05\/JOSEPH-JOSEPH-Flexa\u2122-Copri-asse-da-stiro-Easy-fit-blu.jpg\/joseph-joseph-flexa-e2-84-a2-copri-asse-da-stiro-easy-fit-blu.jpg","schema":{"@context":"https:\/\/schema.org","@graph":[{"@type":"WebPage","@id":"https:\/\/dev6.erresse-shop.it\/es\/shop\/mobiliario\/tablas-de-planchar\/joseph-joseph-flexa-funda-para-tabla-de-planchar-easy-fit-azul\/","url":"https:\/\/dev6.erresse-shop.it\/es\/shop\/mobiliario\/tablas-de-planchar\/joseph-joseph-flexa-funda-para-tabla-de-planchar-easy-fit-azul\/","name":"JOSEPH JOSEPH Flexa\u2122 Funda para tabla de planchar Easy-fit azul - dev6 Erresse","isPartOf":{"@id":"https:\/\/dev6.erresse-shop.it\/#website"},"primaryImageOfPage":{"@id":"https:\/\/dev6.erresse-shop.it\/es\/shop\/mobiliario\/tablas-de-planchar\/joseph-joseph-flexa-funda-para-tabla-de-planchar-easy-fit-azul\/#primaryimage"},"image":{"@id":"https:\/\/dev6.erresse-shop.it\/es\/shop\/mobiliario\/tablas-de-planchar\/joseph-joseph-flexa-funda-para-tabla-de-planchar-easy-fit-azul\/#primaryimage"},"thumbnailUrl":"https:\/\/i2.wp.com\/interpim.erresse-shop.it\/wp-content\/uploads\/2024\/05\/JOSEPH-JOSEPH-Flexa\u2122-Copri-asse-da-stiro-Easy-fit-blu.jpg\/joseph-joseph-flexa-e2-84-a2-copri-asse-da-stiro-easy-fit-blu.jpg?ssl=1","datePublished":"2026-04-04T08:58:08+00:00","description":"Flexa\u2122 es la ingeniosa soluci\u00f3n a las fundas de repuesto para tablas de planchar de mala calidad y mal ajustadas. Dise\u00f1ada con una innovadora nariz","breadcrumb":{"@id":"https:\/\/dev6.erresse-shop.it\/es\/shop\/mobiliario\/tablas-de-planchar\/joseph-joseph-flexa-funda-para-tabla-de-planchar-easy-fit-azul\/#breadcrumb"},"inLanguage":"es","potentialAction":[{"@type":"ReadAction","target":["https:\/\/dev6.erresse-shop.it\/es\/shop\/mobiliario\/tablas-de-planchar\/joseph-joseph-flexa-funda-para-tabla-de-planchar-easy-fit-azul\/"]}]},{"@type":"ImageObject","inLanguage":"es","@id":"https:\/\/dev6.erresse-shop.it\/es\/shop\/mobiliario\/tablas-de-planchar\/joseph-joseph-flexa-funda-para-tabla-de-planchar-easy-fit-azul\/#primaryimage","url":"https:\/\/i2.wp.com\/interpim.erresse-shop.it\/wp-content\/uploads\/2024\/05\/JOSEPH-JOSEPH-Flexa\u2122-Copri-asse-da-stiro-Easy-fit-blu.jpg\/joseph-joseph-flexa-e2-84-a2-copri-asse-da-stiro-easy-fit-blu.jpg?ssl=1","contentUrl":"https:\/\/i2.wp.com\/interpim.erresse-shop.it\/wp-content\/uploads\/2024\/05\/JOSEPH-JOSEPH-Flexa\u2122-Copri-asse-da-stiro-Easy-fit-blu.jpg\/joseph-joseph-flexa-e2-84-a2-copri-asse-da-stiro-easy-fit-blu.jpg?ssl=1"},{"@type":"BreadcrumbList","@id":"https:\/\/dev6.erresse-shop.it\/es\/shop\/mobiliario\/tablas-de-planchar\/joseph-joseph-flexa-funda-para-tabla-de-planchar-easy-fit-azul\/#breadcrumb","itemListElement":[{"@type":"ListItem","position":1,"name":"Home","item":"https:\/\/dev6.erresse-shop.it\/"},{"@type":"ListItem","position":2,"name":"Tienda","item":"https:\/\/dev6.erresse-shop.it\/shop\/"},{"@type":"ListItem","position":3,"name":"JOSEPH JOSEPH Flexa\u2122 Funda para tabla de planchar Easy-fit azul"}]},{"@type":"WebSite","@id":"https:\/\/dev6.erresse-shop.it\/#website","url":"https:\/\/dev6.erresse-shop.it\/","name":"Erresse Shop","description":"","publisher":{"@id":"https:\/\/dev6.erresse-shop.it\/#organization"},"potentialAction":[{"@type":"SearchAction","target":{"@type":"EntryPoint","urlTemplate":"https:\/\/dev6.erresse-shop.it\/?s={search_term_string}"},"query-input":{"@type":"PropertyValueSpecification","valueRequired":true,"valueName":"search_term_string"}}],"inLanguage":"es"},{"@type":"Organization","@id":"https:\/\/dev6.erresse-shop.it\/#organization","name":"Erresse Shop","url":"https:\/\/dev6.erresse-shop.it\/","logo":{"@type":"ImageObject","inLanguage":"es","@id":"https:\/\/dev6.erresse-shop.it\/#\/schema\/logo\/image\/","url":"https:\/\/dev6.erresse-shop.it\/wp-content\/uploads\/2025\/01\/LOGO-ERRESSE-CLASSICO.svg","contentUrl":"https:\/\/dev6.erresse-shop.it\/wp-content\/uploads\/2025\/01\/LOGO-ERRESSE-CLASSICO.svg","caption":"Erresse Shop"},"image":{"@id":"https:\/\/dev6.erresse-shop.it\/#\/schema\/logo\/image\/"}}]}},"df_price":34.9,"df_sale_price":"","df_regular_price":34.9,"df_image_link":"https:\/\/i2.wp.com\/interpim.erresse-shop.it\/wp-content\/uploads\/2024\/05\/JOSEPH-JOSEPH-Flexa\u2122-Copri-asse-da-stiro-Easy-fit-blu.jpg\/joseph-joseph-flexa-e2-84-a2-copri-asse-da-stiro-easy-fit-blu.jpg?resize=300,300&ssl=1","fifu_image_url":"https:\/\/interpim.erresse-shop.it\/wp-content\/uploads\/2024\/05\/JOSEPH-JOSEPH-Flexa\u2122-Copri-asse-da-stiro-Easy-fit-blu.jpg\/joseph-joseph-flexa-e2-84-a2-copri-asse-da-stiro-easy-fit-blu.jpg","_links":{"self":[{"href":"https:\/\/dev6.erresse-shop.it\/es\/wp-json\/wp\/v2\/product\/1881385","targetHints":{"allow":["GET"]}}],"collection":[{"href":"https:\/\/dev6.erresse-shop.it\/es\/wp-json\/wp\/v2\/product"}],"about":[{"href":"https:\/\/dev6.erresse-shop.it\/es\/wp-json\/wp\/v2\/types\/product"}],"wp:featuredmedia":[{"embeddable":true,"href":"https:\/\/dev6.erresse-shop.it\/es\/wp-json\/wp\/v2\/media\/6284704"}],"wp:attachment":[{"href":"https:\/\/dev6.erresse-shop.it\/es\/wp-json\/wp\/v2\/media?parent=1881385"}],"wp:term":[{"taxonomy":"product_cat","embeddable":true,"href":"https:\/\/dev6.erresse-shop.it\/es\/wp-json\/wp\/v2\/product_cat?post=1881385"},{"taxonomy":"product_tag","embeddable":true,"href":"https:\/\/dev6.erresse-shop.it\/es\/wp-json\/wp\/v2\/product_tag?post=1881385"}],"curies":[{"name":"wp","href":"https:\/\/api.w.org\/{rel}","templated":true}]}}