{"id":1881353,"date":"2026-04-12T10:59:01","date_gmt":"2026-04-12T08:59:01","guid":{"rendered":"https:\/\/dev6.erresse-shop.it\/shop\/sin%20categor\u00eda\/smeg-dolce-e-gabbana-tostadora-de-2-rebanadas-azul\/"},"modified":"2025-07-04T23:31:58","modified_gmt":"2025-07-04T21:31:58","slug":"smeg-dolce-e-gabbana-tostadora-de-2-rebanadas-azul","status":"publish","type":"product","link":"https:\/\/dev6.erresse-shop.it\/es\/shop\/pequenos-electrodomesticos\/tostadoras\/smeg-dolce-e-gabbana-tostadora-de-2-rebanadas-azul\/","title":{"rendered":"SMEG Dolce e Gabbana Tostadora de 2 rebanadas Azul"},"content":{"rendered":"<p>PROGRAMAS PREESTABLECIDOS<br \/>\nFunci\u00f3n calentamiento para calentar tostadas o rebanadas de pan o para continuar el tostado si el resultado no es satisfactorio, descongelaci\u00f3n para descongelar el pan que desea tostar inmediatamente, bagel para dorar s\u00f3lo una cara del pan sin tostar la otra, ideal para rebanadas para untar.<\/p>\n<p>ESPACIOS AMPLIOS<br \/>\nEl centrado autom\u00e1tico de las rebanadas de pan dentro de los amplios compartimentos permite un tostado perfectamente uniforme. Una vez transcurrido el tiempo de tostado seleccionado, las rebanadas se expulsan autom\u00e1ticamente para una extracci\u00f3n segura.<\/p>\n<p>PR\u00c1CTICOS ACCESORIOS OPCIONALES<br \/>\nPinzas para s\u00e1ndwiches para facilitar la cocci\u00f3n del pan con la cobertura deseada y una parrilla para s\u00e1ndwiches para calentar s\u00e1ndwiches, bollos o brioches y servirlos calientes, directamente en la mesa.<\/p>\n<p>EST\u00c9TICA<br \/>\nColor: Decorado \/ Especial<br \/>\nDecorado \/ Especial Color: Azul Mediterr\u00e1neo<br \/>\nAcabado: Brillante<br \/>\nEst\u00e9tica: Estilo a\u00f1os 50<br \/>\nSerie: Azul Mediterr\u00e1neo<br \/>\nColaboraciones: Smeg &amp; Dolce&amp;Gabbana<br \/>\nColor base: Cromo pulido<br \/>\nColor superior: Cromo pulido<br \/>\nMaterial del cuerpo: Acero<br \/>\nMaterial de la base: Pl\u00e1stico<br \/>\nMaterial de la parte superior: Acero<\/p>\n<p>PROGRAMAS \/ FUNCIONES<br \/>\nN\u00ba de niveles de tostado: 6<br \/>\nFunci\u00f3n de calentamiento: S\u00ed<br \/>\nFunci\u00f3n descongelaci\u00f3n: S\u00ed<br \/>\nFunci\u00f3n Bagel: S\u00ed<\/p>\n<p>COMANDOS<br \/>\nTipo de mando: Palanca, Botones, Pomo<br \/>\nMaterial de la palanca: Acero inoxidable<br \/>\nMaterial del mando: Pl\u00e1stico<br \/>\nMaterial de los botones: Pl\u00e1stico<\/p>\n<p>CARACTER\u00cdSTICAS T\u00c9CNICAS<br \/>\nActivaci\u00f3n del ciclo: Palanca deslizante<br \/>\nActivaci\u00f3n de funciones: Botones retroiluminados<br \/>\nAjuste del nivel de tostado: Bot\u00f3n retroiluminado<br \/>\nAnchura del compartimento: 36 mm<br \/>\nExpulsi\u00f3n autom\u00e1tica al final del ciclo: S\u00ed<br \/>\nBandeja recogemigas: S\u00ed<br \/>\nMaterial del caj\u00f3n: Acero inoxidable pulido<br \/>\nBase antideslizante: S\u00ed<br \/>\nEnrollacables integrado: S\u00ed<\/p>\n<p>CONEXI\u00d3N EL\u00c9CTRICA<br \/>\nPotencia: 950 W<br \/>\nTensi\u00f3n: 220-240 V<br \/>\nFrecuencia: 50\/60 Hz<br \/>\nLongitud del cable de alimentaci\u00f3n: 1 m<\/p>\n<p>No se puede vender fuera de Europa<\/p>\n","protected":false},"excerpt":{"rendered":"<p>PROGRAMAS PREESTABLECIDOS Funci\u00f3n calentamiento para calentar tostadas o rebanadas de pan o para continuar el tostado si el resultado no es satisfactorio, descongelaci\u00f3n para descongelar el pan que desea tostar inmediatamente, bagel para dorar s\u00f3lo una cara del pan sin tostar la otra, ideal para rebanadas para untar. ESPACIOS AMPLIOS El centrado autom\u00e1tico de las [&hellip;]<\/p>\n","protected":false},"featured_media":6367930,"template":"","meta":{"_acf_changed":false},"product_cat":[11947,11960],"product_tag":[],"class_list":{"0":"post-1881353","1":"product","2":"type-product","3":"status-publish","4":"has-post-thumbnail","6":"product_cat-pequenos-electrodomesticos","7":"product_cat-tostadoras","9":"first","10":"instock","11":"sale","12":"taxable","13":"shipping-taxable","14":"purchasable","15":"product-type-simple","swatches":"rey-swatches","show_selected":"","stretch_labels":"rey-swatches--stretch-labels"},"acf":[],"yoast_head":"<!-- This site is optimized with the Yoast SEO plugin v25.4 - https:\/\/yoast.com\/wordpress\/plugins\/seo\/ -->\n<title>SMEG Dolce e Gabbana Tostadora de 2 rebanadas Azul - dev6 Erresse<\/title>\n<meta name=\"description\" content=\"PROGRAMAS PREESTABLECIDOS Funci\u00f3n calentamiento para calentar tostadas o rebanadas de pan o para continuar el tostado si el resultado no es satisfactorio,\" \/>\n<meta name=\"robots\" content=\"noindex, follow, max-snippet:-1, max-image-preview:large, max-video-preview:-1\" \/>\n<meta property=\"og:locale\" content=\"es_ES\" \/>\n<meta property=\"og:type\" content=\"article\" \/>\n<meta property=\"og:title\" content=\"SMEG Dolce e Gabbana Tostadora de 2 rebanadas Azul - dev6 Erresse\" \/>\n<meta property=\"og:description\" content=\"PROGRAMAS PREESTABLECIDOS Funci\u00f3n calentamiento para calentar tostadas o rebanadas de pan o para continuar el tostado si el resultado no es satisfactorio,\" \/>\n<meta property=\"og:url\" content=\"https:\/\/dev6.erresse-shop.it\/es\/shop\/pequenos-electrodomesticos\/tostadoras\/smeg-dolce-e-gabbana-tostadora-de-2-rebanadas-azul\/\" \/>\n<meta property=\"og:site_name\" content=\"dev6 Erresse\" \/>\n<meta property=\"og:image\" content=\"https:\/\/interpim.erresse-shop.it\/wp-content\/uploads\/2024\/05\/SMEG-Dolce-e-Gabbana-Tostapane-2-Fette-Blu-1.jpg\/smeg-dolce-e-gabbana-tostapane-2-fette-blu-1.jpg\" \/><meta property=\"og:image\" content=\"https:\/\/interpim.erresse-shop.it\/wp-content\/uploads\/2024\/05\/SMEG-Dolce-e-Gabbana-Tostapane-2-Fette-Blu-1.jpg\/smeg-dolce-e-gabbana-tostapane-2-fette-blu-1.jpg\" \/>\n\t<meta property=\"og:image:width\" content=\"1024\" \/>\n\t<meta property=\"og:image:height\" content=\"1024\" \/>\n\t<meta property=\"og:image:type\" content=\"image\/jpeg\" \/>\n<meta name=\"twitter:card\" content=\"summary_large_image\" \/>\n<meta name=\"twitter:image\" content=\"https:\/\/interpim.erresse-shop.it\/wp-content\/uploads\/2024\/05\/SMEG-Dolce-e-Gabbana-Tostapane-2-Fette-Blu-1.jpg\/smeg-dolce-e-gabbana-tostapane-2-fette-blu-1.jpg\" \/>\n<script type=\"application\/ld+json\" class=\"yoast-schema-graph\">{\"@context\":\"https:\/\/schema.org\",\"@graph\":[{\"@type\":\"WebPage\",\"@id\":\"https:\/\/dev6.erresse-shop.it\/es\/shop\/pequenos-electrodomesticos\/tostadoras\/smeg-dolce-e-gabbana-tostadora-de-2-rebanadas-azul\/\",\"url\":\"https:\/\/dev6.erresse-shop.it\/es\/shop\/pequenos-electrodomesticos\/tostadoras\/smeg-dolce-e-gabbana-tostadora-de-2-rebanadas-azul\/\",\"name\":\"SMEG Dolce e Gabbana Tostadora de 2 rebanadas Azul - dev6 Erresse\",\"isPartOf\":{\"@id\":\"https:\/\/dev6.erresse-shop.it\/#website\"},\"primaryImageOfPage\":{\"@id\":\"https:\/\/dev6.erresse-shop.it\/es\/shop\/pequenos-electrodomesticos\/tostadoras\/smeg-dolce-e-gabbana-tostadora-de-2-rebanadas-azul\/#primaryimage\"},\"image\":{\"@id\":\"https:\/\/dev6.erresse-shop.it\/es\/shop\/pequenos-electrodomesticos\/tostadoras\/smeg-dolce-e-gabbana-tostadora-de-2-rebanadas-azul\/#primaryimage\"},\"thumbnailUrl\":\"https:\/\/i2.wp.com\/interpim.erresse-shop.it\/wp-content\/uploads\/2024\/05\/SMEG-Dolce-e-Gabbana-Tostapane-2-Fette-Blu-1.jpg\/smeg-dolce-e-gabbana-tostapane-2-fette-blu-1.jpg?ssl=1\",\"datePublished\":\"2026-04-12T08:59:01+00:00\",\"description\":\"PROGRAMAS PREESTABLECIDOS Funci\u00f3n calentamiento para calentar tostadas o rebanadas de pan o para continuar el tostado si el resultado no es satisfactorio,\",\"breadcrumb\":{\"@id\":\"https:\/\/dev6.erresse-shop.it\/es\/shop\/pequenos-electrodomesticos\/tostadoras\/smeg-dolce-e-gabbana-tostadora-de-2-rebanadas-azul\/#breadcrumb\"},\"inLanguage\":\"es\",\"potentialAction\":[{\"@type\":\"ReadAction\",\"target\":[\"https:\/\/dev6.erresse-shop.it\/es\/shop\/pequenos-electrodomesticos\/tostadoras\/smeg-dolce-e-gabbana-tostadora-de-2-rebanadas-azul\/\"]}]},{\"@type\":\"ImageObject\",\"inLanguage\":\"es\",\"@id\":\"https:\/\/dev6.erresse-shop.it\/es\/shop\/pequenos-electrodomesticos\/tostadoras\/smeg-dolce-e-gabbana-tostadora-de-2-rebanadas-azul\/#primaryimage\",\"url\":\"https:\/\/i2.wp.com\/interpim.erresse-shop.it\/wp-content\/uploads\/2024\/05\/SMEG-Dolce-e-Gabbana-Tostapane-2-Fette-Blu-1.jpg\/smeg-dolce-e-gabbana-tostapane-2-fette-blu-1.jpg?ssl=1\",\"contentUrl\":\"https:\/\/i2.wp.com\/interpim.erresse-shop.it\/wp-content\/uploads\/2024\/05\/SMEG-Dolce-e-Gabbana-Tostapane-2-Fette-Blu-1.jpg\/smeg-dolce-e-gabbana-tostapane-2-fette-blu-1.jpg?ssl=1\"},{\"@type\":\"BreadcrumbList\",\"@id\":\"https:\/\/dev6.erresse-shop.it\/es\/shop\/pequenos-electrodomesticos\/tostadoras\/smeg-dolce-e-gabbana-tostadora-de-2-rebanadas-azul\/#breadcrumb\",\"itemListElement\":[{\"@type\":\"ListItem\",\"position\":1,\"name\":\"Home\",\"item\":\"https:\/\/dev6.erresse-shop.it\/\"},{\"@type\":\"ListItem\",\"position\":2,\"name\":\"Tienda\",\"item\":\"https:\/\/dev6.erresse-shop.it\/shop\/\"},{\"@type\":\"ListItem\",\"position\":3,\"name\":\"SMEG Dolce e Gabbana Tostadora de 2 rebanadas Azul\"}]},{\"@type\":\"WebSite\",\"@id\":\"https:\/\/dev6.erresse-shop.it\/#website\",\"url\":\"https:\/\/dev6.erresse-shop.it\/\",\"name\":\"Erresse Shop\",\"description\":\"\",\"publisher\":{\"@id\":\"https:\/\/dev6.erresse-shop.it\/#organization\"},\"potentialAction\":[{\"@type\":\"SearchAction\",\"target\":{\"@type\":\"EntryPoint\",\"urlTemplate\":\"https:\/\/dev6.erresse-shop.it\/?s={search_term_string}\"},\"query-input\":{\"@type\":\"PropertyValueSpecification\",\"valueRequired\":true,\"valueName\":\"search_term_string\"}}],\"inLanguage\":\"es\"},{\"@type\":\"Organization\",\"@id\":\"https:\/\/dev6.erresse-shop.it\/#organization\",\"name\":\"Erresse Shop\",\"url\":\"https:\/\/dev6.erresse-shop.it\/\",\"logo\":{\"@type\":\"ImageObject\",\"inLanguage\":\"es\",\"@id\":\"https:\/\/dev6.erresse-shop.it\/#\/schema\/logo\/image\/\",\"url\":\"https:\/\/dev6.erresse-shop.it\/wp-content\/uploads\/2025\/01\/LOGO-ERRESSE-CLASSICO.svg\",\"contentUrl\":\"https:\/\/dev6.erresse-shop.it\/wp-content\/uploads\/2025\/01\/LOGO-ERRESSE-CLASSICO.svg\",\"caption\":\"Erresse Shop\"},\"image\":{\"@id\":\"https:\/\/dev6.erresse-shop.it\/#\/schema\/logo\/image\/\"}}]}<\/script>\n<!-- \/ Yoast SEO plugin. -->","yoast_head_json":{"title":"SMEG Dolce e Gabbana Tostadora de 2 rebanadas Azul - dev6 Erresse","description":"PROGRAMAS PREESTABLECIDOS Funci\u00f3n calentamiento para calentar tostadas o rebanadas de pan o para continuar el tostado si el resultado no es satisfactorio,","robots":{"index":"noindex","follow":"follow","max-snippet":"max-snippet:-1","max-image-preview":"max-image-preview:large","max-video-preview":"max-video-preview:-1"},"og_locale":"es_ES","og_type":"article","og_title":"SMEG Dolce e Gabbana Tostadora de 2 rebanadas Azul - dev6 Erresse","og_description":"PROGRAMAS PREESTABLECIDOS Funci\u00f3n calentamiento para calentar tostadas o rebanadas de pan o para continuar el tostado si el resultado no es satisfactorio,","og_url":"https:\/\/dev6.erresse-shop.it\/es\/shop\/pequenos-electrodomesticos\/tostadoras\/smeg-dolce-e-gabbana-tostadora-de-2-rebanadas-azul\/","og_site_name":"dev6 Erresse","og_image":[{"url":"https:\/\/interpim.erresse-shop.it\/wp-content\/uploads\/2024\/05\/SMEG-Dolce-e-Gabbana-Tostapane-2-Fette-Blu-1.jpg\/smeg-dolce-e-gabbana-tostapane-2-fette-blu-1.jpg","type":"","width":"","height":""},{"url":"https:\/\/interpim.erresse-shop.it\/wp-content\/uploads\/2024\/05\/SMEG-Dolce-e-Gabbana-Tostapane-2-Fette-Blu-1.jpg\/smeg-dolce-e-gabbana-tostapane-2-fette-blu-1.jpg","width":1024,"height":1024,"type":"image\/jpeg"}],"twitter_card":"summary_large_image","twitter_image":"https:\/\/interpim.erresse-shop.it\/wp-content\/uploads\/2024\/05\/SMEG-Dolce-e-Gabbana-Tostapane-2-Fette-Blu-1.jpg\/smeg-dolce-e-gabbana-tostapane-2-fette-blu-1.jpg","schema":{"@context":"https:\/\/schema.org","@graph":[{"@type":"WebPage","@id":"https:\/\/dev6.erresse-shop.it\/es\/shop\/pequenos-electrodomesticos\/tostadoras\/smeg-dolce-e-gabbana-tostadora-de-2-rebanadas-azul\/","url":"https:\/\/dev6.erresse-shop.it\/es\/shop\/pequenos-electrodomesticos\/tostadoras\/smeg-dolce-e-gabbana-tostadora-de-2-rebanadas-azul\/","name":"SMEG Dolce e Gabbana Tostadora de 2 rebanadas Azul - dev6 Erresse","isPartOf":{"@id":"https:\/\/dev6.erresse-shop.it\/#website"},"primaryImageOfPage":{"@id":"https:\/\/dev6.erresse-shop.it\/es\/shop\/pequenos-electrodomesticos\/tostadoras\/smeg-dolce-e-gabbana-tostadora-de-2-rebanadas-azul\/#primaryimage"},"image":{"@id":"https:\/\/dev6.erresse-shop.it\/es\/shop\/pequenos-electrodomesticos\/tostadoras\/smeg-dolce-e-gabbana-tostadora-de-2-rebanadas-azul\/#primaryimage"},"thumbnailUrl":"https:\/\/i2.wp.com\/interpim.erresse-shop.it\/wp-content\/uploads\/2024\/05\/SMEG-Dolce-e-Gabbana-Tostapane-2-Fette-Blu-1.jpg\/smeg-dolce-e-gabbana-tostapane-2-fette-blu-1.jpg?ssl=1","datePublished":"2026-04-12T08:59:01+00:00","description":"PROGRAMAS PREESTABLECIDOS Funci\u00f3n calentamiento para calentar tostadas o rebanadas de pan o para continuar el tostado si el resultado no es satisfactorio,","breadcrumb":{"@id":"https:\/\/dev6.erresse-shop.it\/es\/shop\/pequenos-electrodomesticos\/tostadoras\/smeg-dolce-e-gabbana-tostadora-de-2-rebanadas-azul\/#breadcrumb"},"inLanguage":"es","potentialAction":[{"@type":"ReadAction","target":["https:\/\/dev6.erresse-shop.it\/es\/shop\/pequenos-electrodomesticos\/tostadoras\/smeg-dolce-e-gabbana-tostadora-de-2-rebanadas-azul\/"]}]},{"@type":"ImageObject","inLanguage":"es","@id":"https:\/\/dev6.erresse-shop.it\/es\/shop\/pequenos-electrodomesticos\/tostadoras\/smeg-dolce-e-gabbana-tostadora-de-2-rebanadas-azul\/#primaryimage","url":"https:\/\/i2.wp.com\/interpim.erresse-shop.it\/wp-content\/uploads\/2024\/05\/SMEG-Dolce-e-Gabbana-Tostapane-2-Fette-Blu-1.jpg\/smeg-dolce-e-gabbana-tostapane-2-fette-blu-1.jpg?ssl=1","contentUrl":"https:\/\/i2.wp.com\/interpim.erresse-shop.it\/wp-content\/uploads\/2024\/05\/SMEG-Dolce-e-Gabbana-Tostapane-2-Fette-Blu-1.jpg\/smeg-dolce-e-gabbana-tostapane-2-fette-blu-1.jpg?ssl=1"},{"@type":"BreadcrumbList","@id":"https:\/\/dev6.erresse-shop.it\/es\/shop\/pequenos-electrodomesticos\/tostadoras\/smeg-dolce-e-gabbana-tostadora-de-2-rebanadas-azul\/#breadcrumb","itemListElement":[{"@type":"ListItem","position":1,"name":"Home","item":"https:\/\/dev6.erresse-shop.it\/"},{"@type":"ListItem","position":2,"name":"Tienda","item":"https:\/\/dev6.erresse-shop.it\/shop\/"},{"@type":"ListItem","position":3,"name":"SMEG Dolce e Gabbana Tostadora de 2 rebanadas Azul"}]},{"@type":"WebSite","@id":"https:\/\/dev6.erresse-shop.it\/#website","url":"https:\/\/dev6.erresse-shop.it\/","name":"Erresse Shop","description":"","publisher":{"@id":"https:\/\/dev6.erresse-shop.it\/#organization"},"potentialAction":[{"@type":"SearchAction","target":{"@type":"EntryPoint","urlTemplate":"https:\/\/dev6.erresse-shop.it\/?s={search_term_string}"},"query-input":{"@type":"PropertyValueSpecification","valueRequired":true,"valueName":"search_term_string"}}],"inLanguage":"es"},{"@type":"Organization","@id":"https:\/\/dev6.erresse-shop.it\/#organization","name":"Erresse Shop","url":"https:\/\/dev6.erresse-shop.it\/","logo":{"@type":"ImageObject","inLanguage":"es","@id":"https:\/\/dev6.erresse-shop.it\/#\/schema\/logo\/image\/","url":"https:\/\/dev6.erresse-shop.it\/wp-content\/uploads\/2025\/01\/LOGO-ERRESSE-CLASSICO.svg","contentUrl":"https:\/\/dev6.erresse-shop.it\/wp-content\/uploads\/2025\/01\/LOGO-ERRESSE-CLASSICO.svg","caption":"Erresse Shop"},"image":{"@id":"https:\/\/dev6.erresse-shop.it\/#\/schema\/logo\/image\/"}}]}},"df_price":549,"df_sale_price":549,"df_regular_price":599,"df_image_link":"https:\/\/i2.wp.com\/interpim.erresse-shop.it\/wp-content\/uploads\/2024\/05\/SMEG-Dolce-e-Gabbana-Tostapane-2-Fette-Blu-1.jpg\/smeg-dolce-e-gabbana-tostapane-2-fette-blu-1.jpg?resize=300,300&ssl=1","fifu_image_url":"https:\/\/interpim.erresse-shop.it\/wp-content\/uploads\/2024\/05\/SMEG-Dolce-e-Gabbana-Tostapane-2-Fette-Blu-1.jpg\/smeg-dolce-e-gabbana-tostapane-2-fette-blu-1.jpg","_links":{"self":[{"href":"https:\/\/dev6.erresse-shop.it\/es\/wp-json\/wp\/v2\/product\/1881353","targetHints":{"allow":["GET"]}}],"collection":[{"href":"https:\/\/dev6.erresse-shop.it\/es\/wp-json\/wp\/v2\/product"}],"about":[{"href":"https:\/\/dev6.erresse-shop.it\/es\/wp-json\/wp\/v2\/types\/product"}],"wp:featuredmedia":[{"embeddable":true,"href":"https:\/\/dev6.erresse-shop.it\/es\/wp-json\/wp\/v2\/media\/6367930"}],"wp:attachment":[{"href":"https:\/\/dev6.erresse-shop.it\/es\/wp-json\/wp\/v2\/media?parent=1881353"}],"wp:term":[{"taxonomy":"product_cat","embeddable":true,"href":"https:\/\/dev6.erresse-shop.it\/es\/wp-json\/wp\/v2\/product_cat?post=1881353"},{"taxonomy":"product_tag","embeddable":true,"href":"https:\/\/dev6.erresse-shop.it\/es\/wp-json\/wp\/v2\/product_tag?post=1881353"}],"curies":[{"name":"wp","href":"https:\/\/api.w.org\/{rel}","templated":true}]}}