{"id":1881351,"date":"2026-04-04T10:56:22","date_gmt":"2026-04-04T08:56:22","guid":{"rendered":"https:\/\/dev6.erresse-shop.it\/shop\/sin%20categor\u00eda\/smeg-dolce-gabbana-espumador-de-leche-azul\/"},"modified":"2025-07-04T23:31:55","modified_gmt":"2025-07-04T21:31:55","slug":"smeg-dolce-gabbana-espumador-de-leche-azul","status":"publish","type":"product","link":"https:\/\/dev6.erresse-shop.it\/es\/shop\/pequenos-electrodomesticos\/espumadores-de-leche\/smeg-dolce-gabbana-espumador-de-leche-azul\/","title":{"rendered":"SMEG Dolce &#038; Gabbana Espumador de Leche Azul"},"content":{"rendered":"<p>SMEG Serie a\u00f1os 50<\/p>\n<p>Objetos de encuentro simb\u00f3licos, iconos que transforman el espacio, los nuevos peque\u00f1os de la l\u00ednea Anni \u201950s, dise\u00f1ados en colaboraci\u00f3n con Matteo Bazzicalupo y Raffaella Mangiarotti de deepdesign, evocan otros tiempos y dan forma a lugares cotidianos, invisten lo que ya existe o ha existido de un nuevo significado, como sucede en el arte y la memoria.<br \/>\nProductos de formas redondeadas y compactas, son protagonistas de la cocina, pensados para quienes desean vivir una experiencia de chef, pero no s\u00f3lo. Para los que aman rodearse de objetos con un fuerte car\u00e1cter est\u00e9tico sin perder de vista las prestaciones de alta calidad.<\/p>\n<p>UN OBJETO DE DISE\u00d1O REPLETO DE TECNOLOG\u00cdA<br \/>\nDise\u00f1ado para ofrecer un alto rendimiento, facilidad, seguridad y comodidad de uso. El sistema de calentamiento por inducci\u00f3n, r\u00e1pido y seguro, se activa s\u00f3lo despu\u00e9s de seleccionar el tipo de preparaci\u00f3n deseada y se apaga autom\u00e1ticamente al finalizar el programa.<\/p>\n<p>\u00bfCAPUCHINO, LECHE CALIENTE O CHOCOLATE CALIENTE? NO LIMITE EL PLACER DE UNA PAUSA<br \/>\nLa MFF01 no es s\u00f3lo una m\u00e1quina para hacer capuchinos. Gracias a 6 programas autom\u00e1ticos y una funci\u00f3n manual, puede preparar bebidas calientes y fr\u00edas con o sin espuma, satisfaciendo completamente el gusto personal de cada invitado. Basta con cambiar el batidor suministrado para utilizar el espumador de leche tambi\u00e9n para la preparaci\u00f3n de t\u00e9, infusiones y otras bebidas calientes solubles, como el caf\u00e9 de cebada.<\/p>\n<p>PROGRAMA CHOCOLATE<br \/>\nSeleccionando la funci\u00f3n chocolate y utilizando los ingredientes de la receta tradicional -leche y trozos de chocolate-, gracias al suave movimiento del batidor y a la \u00f3ptima temperatura preajustada, se puede obtener sin esfuerzo un chocolate con cuerpo, suave y genuino.<\/p>\n<p>EST\u00c9TICA<br \/>\nColor: Decorado \/ Especial<br \/>\nAcabado: Brillante<br \/>\nSerie: Estilo a\u00f1os 50<br \/>\nColaboraciones: Smeg &amp; Dolce&amp;Gabbana<br \/>\nMaterial del cuerpo: Acero inoxidable<br \/>\nMaterial de la tapa: pl\u00e1stico sin BPA<br \/>\nMaterial del tap\u00f3n medidor: Pl\u00e1stico sin BPA<br \/>\nMaterial de la jarra: Acero inoxidable<br \/>\nColor del asa: Gris por dentro \/ Cromo pulido por fuera<br \/>\nMaterial del asa: Interior de pl\u00e1stico \/ Exterior de acero inoxidable<br \/>\nMaterial del cuello: Pl\u00e1stico<br \/>\nColor base: Cromo pulido<br \/>\nColor cuello: Cromo pulido<br \/>\nMaterial de la placa base: Pl\u00e1stico<br \/>\nColor del cable de alimentaci\u00f3n: Gris<\/p>\n<p>COMANDOS<br \/>\nTipo de mando: Bot\u00f3n, Pomo<br \/>\nMaterial del mando: Pl\u00e1stico<br \/>\nMaterial de los botones: Pl\u00e1stico<\/p>\n<p>PROGRAMAS \/ FUNCIONES<br \/>\nFunci\u00f3n Chocolate caliente: S\u00ed<br \/>\nFunci\u00f3n Leche caliente: S\u00ed<br \/>\nFunci\u00f3n Leche caliente con espuma ligera: S\u00ed<br \/>\nFunci\u00f3n Leche Caliente con espuma gruesa: S\u00ed<br \/>\nFunci\u00f3n Leche Helada con espuma ligera: S\u00ed<br \/>\nFunci\u00f3n Leche fr\u00eda con espuma gruesa: S\u00ed<br \/>\nFunci\u00f3n caliente manual: S\u00ed<br \/>\nFunci\u00f3n fr\u00edo manual: S\u00ed<\/p>\n<p>CARACTER\u00cdSTICAS T\u00c9CNICAS<br \/>\nSistema de inducci\u00f3n con desconexi\u00f3n autom\u00e1tica: S\u00ed<br \/>\nTapa medidora extra\u00edble: S\u00ed<br \/>\nJarra extra\u00edble: S\u00ed<br \/>\nCapacidad de la jarra espumadora de leche: 250 ml \/ 1 taza<br \/>\nCapacidad de la jarra para calentar leche y chocolate: 600 ml \/ 2,5 tazas<br \/>\nBase antideslizante: S\u00ed<br \/>\nEnrollador de cable integrado: S\u00ed<\/p>\n<p>CONEXI\u00d3N EL\u00c9CTRICA<br \/>\nTensi\u00f3n:220-240 V<br \/>\nFrecuencia:50\/60 Hz<br \/>\nPotencia:500 W<br \/>\nLongitud del cable de alimentaci\u00f3n:1 m<\/p>\n<p>ACCESORIOS INCLUIDOS<br \/>\nBatidor liso para leche caliente y funci\u00f3n manual: S\u00ed<br \/>\nBatidor dentado para espumador de leche y funci\u00f3n manual: S\u00ed<br \/>\nMaterial del batidor: Pl\u00e1stico<br \/>\nColor del batidor: Gris<\/p>\n<p>No est\u00e1 a la venta fuera de Europa<\/p>\n","protected":false},"excerpt":{"rendered":"<p>SMEG Serie a\u00f1os 50 Objetos de encuentro simb\u00f3licos, iconos que transforman el espacio, los nuevos peque\u00f1os de la l\u00ednea Anni \u201950s, dise\u00f1ados en colaboraci\u00f3n con Matteo Bazzicalupo y Raffaella Mangiarotti de deepdesign, evocan otros tiempos y dan forma a lugares cotidianos, invisten lo que ya existe o ha existido de un nuevo significado, como sucede [&hellip;]<\/p>\n","protected":false},"featured_media":6284653,"template":"","meta":{"_acf_changed":false},"product_cat":[11983,11947],"product_tag":[],"class_list":{"0":"post-1881351","1":"product","2":"type-product","3":"status-publish","4":"has-post-thumbnail","6":"product_cat-espumadores-de-leche","7":"product_cat-pequenos-electrodomesticos","9":"first","10":"instock","11":"sale","12":"taxable","13":"shipping-taxable","14":"purchasable","15":"product-type-simple","swatches":"rey-swatches","show_selected":"","stretch_labels":"rey-swatches--stretch-labels"},"acf":[],"yoast_head":"<!-- This site is optimized with the Yoast SEO plugin v25.4 - https:\/\/yoast.com\/wordpress\/plugins\/seo\/ -->\n<title>SMEG Dolce &#038; Gabbana Espumador de Leche Azul - dev6 Erresse<\/title>\n<meta name=\"description\" content=\"SMEG Serie a\u00f1os 50 Objetos de encuentro simb\u00f3licos, iconos que transforman el espacio, los nuevos peque\u00f1os de la l\u00ednea Anni \u201950s, dise\u00f1ados en\" \/>\n<meta name=\"robots\" content=\"noindex, follow, max-snippet:-1, max-image-preview:large, max-video-preview:-1\" \/>\n<meta property=\"og:locale\" content=\"es_ES\" \/>\n<meta property=\"og:type\" content=\"article\" \/>\n<meta property=\"og:title\" content=\"SMEG Dolce &#038; Gabbana Espumador de Leche Azul - dev6 Erresse\" \/>\n<meta property=\"og:description\" content=\"SMEG Serie a\u00f1os 50 Objetos de encuentro simb\u00f3licos, iconos que transforman el espacio, los nuevos peque\u00f1os de la l\u00ednea Anni \u201950s, dise\u00f1ados en\" \/>\n<meta property=\"og:url\" content=\"https:\/\/dev6.erresse-shop.it\/es\/shop\/pequenos-electrodomesticos\/espumadores-de-leche\/smeg-dolce-gabbana-espumador-de-leche-azul\/\" \/>\n<meta property=\"og:site_name\" content=\"dev6 Erresse\" \/>\n<meta property=\"og:image\" content=\"https:\/\/interpim.erresse-shop.it\/Import\/Prodotti\/smeg-dolce-gabbana-montalatte-blu.jpg\" \/><meta property=\"og:image\" content=\"https:\/\/interpim.erresse-shop.it\/Import\/Prodotti\/smeg-dolce-gabbana-montalatte-blu.jpg\" \/>\n\t<meta property=\"og:image:width\" content=\"1024\" \/>\n\t<meta property=\"og:image:height\" content=\"1024\" \/>\n\t<meta property=\"og:image:type\" content=\"image\/jpeg\" \/>\n<meta name=\"twitter:card\" content=\"summary_large_image\" \/>\n<meta name=\"twitter:image\" content=\"https:\/\/interpim.erresse-shop.it\/Import\/Prodotti\/smeg-dolce-gabbana-montalatte-blu.jpg\" \/>\n<script type=\"application\/ld+json\" class=\"yoast-schema-graph\">{\"@context\":\"https:\/\/schema.org\",\"@graph\":[{\"@type\":\"WebPage\",\"@id\":\"https:\/\/dev6.erresse-shop.it\/es\/shop\/pequenos-electrodomesticos\/espumadores-de-leche\/smeg-dolce-gabbana-espumador-de-leche-azul\/\",\"url\":\"https:\/\/dev6.erresse-shop.it\/es\/shop\/pequenos-electrodomesticos\/espumadores-de-leche\/smeg-dolce-gabbana-espumador-de-leche-azul\/\",\"name\":\"SMEG Dolce &#038; Gabbana Espumador de Leche Azul - dev6 Erresse\",\"isPartOf\":{\"@id\":\"https:\/\/dev6.erresse-shop.it\/#website\"},\"primaryImageOfPage\":{\"@id\":\"https:\/\/dev6.erresse-shop.it\/es\/shop\/pequenos-electrodomesticos\/espumadores-de-leche\/smeg-dolce-gabbana-espumador-de-leche-azul\/#primaryimage\"},\"image\":{\"@id\":\"https:\/\/dev6.erresse-shop.it\/es\/shop\/pequenos-electrodomesticos\/espumadores-de-leche\/smeg-dolce-gabbana-espumador-de-leche-azul\/#primaryimage\"},\"thumbnailUrl\":\"https:\/\/i0.wp.com\/interpim.erresse-shop.it\/Import\/Prodotti\/smeg-dolce-gabbana-montalatte-blu.jpg?ssl=1\",\"datePublished\":\"2026-04-04T08:56:22+00:00\",\"description\":\"SMEG Serie a\u00f1os 50 Objetos de encuentro simb\u00f3licos, iconos que transforman el espacio, los nuevos peque\u00f1os de la l\u00ednea Anni \u201950s, dise\u00f1ados en\",\"breadcrumb\":{\"@id\":\"https:\/\/dev6.erresse-shop.it\/es\/shop\/pequenos-electrodomesticos\/espumadores-de-leche\/smeg-dolce-gabbana-espumador-de-leche-azul\/#breadcrumb\"},\"inLanguage\":\"es\",\"potentialAction\":[{\"@type\":\"ReadAction\",\"target\":[\"https:\/\/dev6.erresse-shop.it\/es\/shop\/pequenos-electrodomesticos\/espumadores-de-leche\/smeg-dolce-gabbana-espumador-de-leche-azul\/\"]}]},{\"@type\":\"ImageObject\",\"inLanguage\":\"es\",\"@id\":\"https:\/\/dev6.erresse-shop.it\/es\/shop\/pequenos-electrodomesticos\/espumadores-de-leche\/smeg-dolce-gabbana-espumador-de-leche-azul\/#primaryimage\",\"url\":\"https:\/\/i0.wp.com\/interpim.erresse-shop.it\/Import\/Prodotti\/smeg-dolce-gabbana-montalatte-blu.jpg?ssl=1\",\"contentUrl\":\"https:\/\/i0.wp.com\/interpim.erresse-shop.it\/Import\/Prodotti\/smeg-dolce-gabbana-montalatte-blu.jpg?ssl=1\"},{\"@type\":\"BreadcrumbList\",\"@id\":\"https:\/\/dev6.erresse-shop.it\/es\/shop\/pequenos-electrodomesticos\/espumadores-de-leche\/smeg-dolce-gabbana-espumador-de-leche-azul\/#breadcrumb\",\"itemListElement\":[{\"@type\":\"ListItem\",\"position\":1,\"name\":\"Home\",\"item\":\"https:\/\/dev6.erresse-shop.it\/\"},{\"@type\":\"ListItem\",\"position\":2,\"name\":\"Tienda\",\"item\":\"https:\/\/dev6.erresse-shop.it\/shop\/\"},{\"@type\":\"ListItem\",\"position\":3,\"name\":\"SMEG Dolce &#038; Gabbana Espumador de Leche Azul\"}]},{\"@type\":\"WebSite\",\"@id\":\"https:\/\/dev6.erresse-shop.it\/#website\",\"url\":\"https:\/\/dev6.erresse-shop.it\/\",\"name\":\"Erresse Shop\",\"description\":\"\",\"publisher\":{\"@id\":\"https:\/\/dev6.erresse-shop.it\/#organization\"},\"potentialAction\":[{\"@type\":\"SearchAction\",\"target\":{\"@type\":\"EntryPoint\",\"urlTemplate\":\"https:\/\/dev6.erresse-shop.it\/?s={search_term_string}\"},\"query-input\":{\"@type\":\"PropertyValueSpecification\",\"valueRequired\":true,\"valueName\":\"search_term_string\"}}],\"inLanguage\":\"es\"},{\"@type\":\"Organization\",\"@id\":\"https:\/\/dev6.erresse-shop.it\/#organization\",\"name\":\"Erresse Shop\",\"url\":\"https:\/\/dev6.erresse-shop.it\/\",\"logo\":{\"@type\":\"ImageObject\",\"inLanguage\":\"es\",\"@id\":\"https:\/\/dev6.erresse-shop.it\/#\/schema\/logo\/image\/\",\"url\":\"https:\/\/dev6.erresse-shop.it\/wp-content\/uploads\/2025\/01\/LOGO-ERRESSE-CLASSICO.svg\",\"contentUrl\":\"https:\/\/dev6.erresse-shop.it\/wp-content\/uploads\/2025\/01\/LOGO-ERRESSE-CLASSICO.svg\",\"caption\":\"Erresse Shop\"},\"image\":{\"@id\":\"https:\/\/dev6.erresse-shop.it\/#\/schema\/logo\/image\/\"}}]}<\/script>\n<!-- \/ Yoast SEO plugin. -->","yoast_head_json":{"title":"SMEG Dolce &#038; Gabbana Espumador de Leche Azul - dev6 Erresse","description":"SMEG Serie a\u00f1os 50 Objetos de encuentro simb\u00f3licos, iconos que transforman el espacio, los nuevos peque\u00f1os de la l\u00ednea Anni \u201950s, dise\u00f1ados en","robots":{"index":"noindex","follow":"follow","max-snippet":"max-snippet:-1","max-image-preview":"max-image-preview:large","max-video-preview":"max-video-preview:-1"},"og_locale":"es_ES","og_type":"article","og_title":"SMEG Dolce &#038; Gabbana Espumador de Leche Azul - dev6 Erresse","og_description":"SMEG Serie a\u00f1os 50 Objetos de encuentro simb\u00f3licos, iconos que transforman el espacio, los nuevos peque\u00f1os de la l\u00ednea Anni \u201950s, dise\u00f1ados en","og_url":"https:\/\/dev6.erresse-shop.it\/es\/shop\/pequenos-electrodomesticos\/espumadores-de-leche\/smeg-dolce-gabbana-espumador-de-leche-azul\/","og_site_name":"dev6 Erresse","og_image":[{"url":"https:\/\/interpim.erresse-shop.it\/Import\/Prodotti\/smeg-dolce-gabbana-montalatte-blu.jpg","type":"","width":"","height":""},{"url":"https:\/\/interpim.erresse-shop.it\/Import\/Prodotti\/smeg-dolce-gabbana-montalatte-blu.jpg","width":1024,"height":1024,"type":"image\/jpeg"}],"twitter_card":"summary_large_image","twitter_image":"https:\/\/interpim.erresse-shop.it\/Import\/Prodotti\/smeg-dolce-gabbana-montalatte-blu.jpg","schema":{"@context":"https:\/\/schema.org","@graph":[{"@type":"WebPage","@id":"https:\/\/dev6.erresse-shop.it\/es\/shop\/pequenos-electrodomesticos\/espumadores-de-leche\/smeg-dolce-gabbana-espumador-de-leche-azul\/","url":"https:\/\/dev6.erresse-shop.it\/es\/shop\/pequenos-electrodomesticos\/espumadores-de-leche\/smeg-dolce-gabbana-espumador-de-leche-azul\/","name":"SMEG Dolce &#038; Gabbana Espumador de Leche Azul - dev6 Erresse","isPartOf":{"@id":"https:\/\/dev6.erresse-shop.it\/#website"},"primaryImageOfPage":{"@id":"https:\/\/dev6.erresse-shop.it\/es\/shop\/pequenos-electrodomesticos\/espumadores-de-leche\/smeg-dolce-gabbana-espumador-de-leche-azul\/#primaryimage"},"image":{"@id":"https:\/\/dev6.erresse-shop.it\/es\/shop\/pequenos-electrodomesticos\/espumadores-de-leche\/smeg-dolce-gabbana-espumador-de-leche-azul\/#primaryimage"},"thumbnailUrl":"https:\/\/i0.wp.com\/interpim.erresse-shop.it\/Import\/Prodotti\/smeg-dolce-gabbana-montalatte-blu.jpg?ssl=1","datePublished":"2026-04-04T08:56:22+00:00","description":"SMEG Serie a\u00f1os 50 Objetos de encuentro simb\u00f3licos, iconos que transforman el espacio, los nuevos peque\u00f1os de la l\u00ednea Anni \u201950s, dise\u00f1ados en","breadcrumb":{"@id":"https:\/\/dev6.erresse-shop.it\/es\/shop\/pequenos-electrodomesticos\/espumadores-de-leche\/smeg-dolce-gabbana-espumador-de-leche-azul\/#breadcrumb"},"inLanguage":"es","potentialAction":[{"@type":"ReadAction","target":["https:\/\/dev6.erresse-shop.it\/es\/shop\/pequenos-electrodomesticos\/espumadores-de-leche\/smeg-dolce-gabbana-espumador-de-leche-azul\/"]}]},{"@type":"ImageObject","inLanguage":"es","@id":"https:\/\/dev6.erresse-shop.it\/es\/shop\/pequenos-electrodomesticos\/espumadores-de-leche\/smeg-dolce-gabbana-espumador-de-leche-azul\/#primaryimage","url":"https:\/\/i0.wp.com\/interpim.erresse-shop.it\/Import\/Prodotti\/smeg-dolce-gabbana-montalatte-blu.jpg?ssl=1","contentUrl":"https:\/\/i0.wp.com\/interpim.erresse-shop.it\/Import\/Prodotti\/smeg-dolce-gabbana-montalatte-blu.jpg?ssl=1"},{"@type":"BreadcrumbList","@id":"https:\/\/dev6.erresse-shop.it\/es\/shop\/pequenos-electrodomesticos\/espumadores-de-leche\/smeg-dolce-gabbana-espumador-de-leche-azul\/#breadcrumb","itemListElement":[{"@type":"ListItem","position":1,"name":"Home","item":"https:\/\/dev6.erresse-shop.it\/"},{"@type":"ListItem","position":2,"name":"Tienda","item":"https:\/\/dev6.erresse-shop.it\/shop\/"},{"@type":"ListItem","position":3,"name":"SMEG Dolce &#038; Gabbana Espumador de Leche Azul"}]},{"@type":"WebSite","@id":"https:\/\/dev6.erresse-shop.it\/#website","url":"https:\/\/dev6.erresse-shop.it\/","name":"Erresse Shop","description":"","publisher":{"@id":"https:\/\/dev6.erresse-shop.it\/#organization"},"potentialAction":[{"@type":"SearchAction","target":{"@type":"EntryPoint","urlTemplate":"https:\/\/dev6.erresse-shop.it\/?s={search_term_string}"},"query-input":{"@type":"PropertyValueSpecification","valueRequired":true,"valueName":"search_term_string"}}],"inLanguage":"es"},{"@type":"Organization","@id":"https:\/\/dev6.erresse-shop.it\/#organization","name":"Erresse Shop","url":"https:\/\/dev6.erresse-shop.it\/","logo":{"@type":"ImageObject","inLanguage":"es","@id":"https:\/\/dev6.erresse-shop.it\/#\/schema\/logo\/image\/","url":"https:\/\/dev6.erresse-shop.it\/wp-content\/uploads\/2025\/01\/LOGO-ERRESSE-CLASSICO.svg","contentUrl":"https:\/\/dev6.erresse-shop.it\/wp-content\/uploads\/2025\/01\/LOGO-ERRESSE-CLASSICO.svg","caption":"Erresse Shop"},"image":{"@id":"https:\/\/dev6.erresse-shop.it\/#\/schema\/logo\/image\/"}}]}},"df_price":549,"df_sale_price":549,"df_regular_price":599,"df_image_link":"https:\/\/i0.wp.com\/interpim.erresse-shop.it\/Import\/Prodotti\/smeg-dolce-gabbana-montalatte-blu.jpg?resize=300,300&ssl=1","fifu_image_url":"https:\/\/interpim.erresse-shop.it\/Import\/Prodotti\/smeg-dolce-gabbana-montalatte-blu.jpg","_links":{"self":[{"href":"https:\/\/dev6.erresse-shop.it\/es\/wp-json\/wp\/v2\/product\/1881351","targetHints":{"allow":["GET"]}}],"collection":[{"href":"https:\/\/dev6.erresse-shop.it\/es\/wp-json\/wp\/v2\/product"}],"about":[{"href":"https:\/\/dev6.erresse-shop.it\/es\/wp-json\/wp\/v2\/types\/product"}],"wp:featuredmedia":[{"embeddable":true,"href":"https:\/\/dev6.erresse-shop.it\/es\/wp-json\/wp\/v2\/media\/6284653"}],"wp:attachment":[{"href":"https:\/\/dev6.erresse-shop.it\/es\/wp-json\/wp\/v2\/media?parent=1881351"}],"wp:term":[{"taxonomy":"product_cat","embeddable":true,"href":"https:\/\/dev6.erresse-shop.it\/es\/wp-json\/wp\/v2\/product_cat?post=1881351"},{"taxonomy":"product_tag","embeddable":true,"href":"https:\/\/dev6.erresse-shop.it\/es\/wp-json\/wp\/v2\/product_tag?post=1881351"}],"curies":[{"name":"wp","href":"https:\/\/api.w.org\/{rel}","templated":true}]}}