{"id":1881343,"date":"2026-04-12T10:59:01","date_gmt":"2026-04-12T08:59:01","guid":{"rendered":"https:\/\/dev6.erresse-shop.it\/shop\/sin%20categor\u00eda\/bascula-de-cocina-smegverde\/"},"modified":"2025-07-04T23:31:41","modified_gmt":"2025-07-04T21:31:41","slug":"bascula-de-cocina-smegverde","status":"publish","type":"product","link":"https:\/\/dev6.erresse-shop.it\/es\/shop\/pequenos-electrodomesticos\/escalas\/bascula-de-cocina-smegverde\/","title":{"rendered":"B\u00e1scula de Cocina SMEGVerde"},"content":{"rendered":"<p>Hay un lugar para todo lo que necesitas y la b\u00e1scula de cocina Smeg es el objeto compacto y vers\u00e1til que combina el placer del dise\u00f1o con la pasi\u00f3n por la cocina.<\/p>\n<p>Dise\u00f1o de b\u00e1scula digital<\/p>\n<p>La b\u00e1scula de cocina digital Smeg es el accesorio ideal para quienes buscan precisi\u00f3n, estilo y practicidad en la cocina. Su estructura ligera y su dise\u00f1o refinado, caracterizado por un panel de aluminio cepillado y una superficie de color mate, lo convierten en un aut\u00e9ntico objeto de dise\u00f1o.<\/p>\n<p>El bol extra\u00edble de acero inoxidable de 1,8 litros no s\u00f3lo aporta elegancia a la b\u00e1scula, sino que tambi\u00e9n ofrece facilidad de limpieza y mantenimiento, siendo apta para lavavajillas, higi\u00e9nica y resistente a los olores. La pantalla LED y los botones de aluminio completan su aspecto moderno y sofisticado, haciendo que la cocina sea a\u00fan m\u00e1s acogedora y moderna.<\/p>\n<p>Preciso y vers\u00e1til<\/p>\n<p>Con una capacidad m\u00e1xima de 5 kg y una precisi\u00f3n de medici\u00f3n de 1 gramo, la b\u00e1scula Smeg permite pesar cualquier tipo de ingrediente con absoluta precisi\u00f3n.<\/p>\n<p>La funci\u00f3n de tara te permite restablecer el peso del bol, permiti\u00e9ndote pesar los ingredientes uno tras otro sin tener que empezar de cero. Adem\u00e1s, es posible seleccionar hasta 4 unidades de medida y realizar conversiones, garantizando la flexibilidad necesaria para recetas de todo tipo.<\/p>\n<p>Bater\u00eda recargable<\/p>\n<p>Gracias a la bater\u00eda recargable de iones de litio, la b\u00e1scula digital Smeg es una excelente soluci\u00f3n para quienes buscan practicidad y fiabilidad. La carga por cable USB elimina la necesidad de reemplazar las bater\u00edas con frecuencia, mientras que el modo de espera autom\u00e1tico reduce el consumo de energ\u00eda al apagar la b\u00e1scula cuando no est\u00e1 en uso.<br \/>\nEsta caracter\u00edstica no s\u00f3lo prolonga la duraci\u00f3n de la bater\u00eda, sino que tambi\u00e9n contribuye a un enfoque de cocina m\u00e1s ecol\u00f3gico.<\/p>\n<p>EST\u00c9TICA\n<\/p>\n<p class=\"p1\">Color: Verde esmeralda<br \/>\nAcabado: Mate<br \/>\nEst\u00e9tica: Colecci\u00f3n<br \/>\nAcabado del panel superior: Cepillado con borde pulido<br \/>\nMaterial de la cubeta exterior: Pl\u00e1stico<br \/>\nAcabado de la cubeta exterior: Pulido<br \/>\nMaterial de los botones: Aluminio<br \/>\nMaterial del panel superior: Aluminio<br \/>\nAcabado de la base: Mate<br \/>\nAcabado de la cazoleta interior: Cepillado<br \/>\nMaterial de la cazoleta interior: Acero inoxidable<br \/>\nMaterial de la base: Pl\u00e1stico<br \/>\nMaterial de los pies antideslizantes: Pl\u00e1stico<br \/>\nColor del cable USB: Gris oscuro<\/p>\n<p>PROGRAMAS \/ FUNCIONES<\/p>\n<p class=\"p1\">Modo de espera: S\u00ed<br \/>\nFunci\u00f3n de unidad de medida: S\u00ed<br \/>\nFunci\u00f3n de tara: S\u00ed<\/p>\n<p>COMANDOS<\/p>\n<p>Pantalla LED: S\u00ed<br \/>\nColor del LED encendido: Blanco<br \/>\nTipo de controles: Botones<br \/>\nInterruptor ON\/OFF: S\u00ed<br \/>\nBot\u00f3n Activaci\u00f3n\/UNIT: S\u00ed<br \/>\nBot\u00f3n TARA: S\u00ed<\/p>\n<p>CARACTER\u00cdSTICAS T\u00c9CNICAS<\/p>\n<p class=\"p2\">Capacidad m\u00e1xima: 5 kg \/ 5000 ml \/ 11 lb \/ 175 fl.oz<br \/>\nIncrementos: 1 g \/ 1 ml \/ 0,1 oz \/ 0,1 fl.oz<br \/>\nCapacidad taz\u00f3n: 1.8 Lt\/ 60 Oz\/ 7 Tazas<br \/>\nCuenco interior apto para lavavajillas: S\u00ed<br \/>\nDuraci\u00f3n de la bater\u00eda: 36 horas<br \/>\nUnidades de medida: g, ml, lb.oz, fl.oz<br \/>\nBase antideslizante: S\u00ed<\/p>\n<p>ESPECIFICACIONES EL\u00c9CTRICAS\n<\/p>\n<p class=\"p1\">Tipo de bater\u00eda: Li-Ion 1200 mAh<br \/>\nFuente de alimentaci\u00f3n: Bater\u00eda recargable<br \/>\nLongitud del cable USB: 60 cm<\/p>\n<p>\u00a0<\/p>\n<p>No est\u00e1 a la venta fuera de Europa<\/p>\n","protected":false},"excerpt":{"rendered":"<p>Hay un lugar para todo lo que necesitas y la b\u00e1scula de cocina Smeg es el objeto compacto y vers\u00e1til que combina el placer del dise\u00f1o con la pasi\u00f3n por la cocina. Dise\u00f1o de b\u00e1scula digital La b\u00e1scula de cocina digital Smeg es el accesorio ideal para quienes buscan precisi\u00f3n, estilo y practicidad en la [&hellip;]<\/p>\n","protected":false},"featured_media":6367874,"template":"","meta":{"_acf_changed":false},"product_cat":[11969,11947],"product_tag":[],"class_list":{"0":"post-1881343","1":"product","2":"type-product","3":"status-publish","4":"has-post-thumbnail","6":"product_cat-escalas","7":"product_cat-pequenos-electrodomesticos","9":"first","10":"instock","11":"sale","12":"taxable","13":"shipping-taxable","14":"purchasable","15":"product-type-simple","swatches":"rey-swatches","show_selected":"","stretch_labels":"rey-swatches--stretch-labels"},"acf":[],"yoast_head":"<!-- This site is optimized with the Yoast SEO plugin v25.4 - https:\/\/yoast.com\/wordpress\/plugins\/seo\/ -->\n<title>B\u00e1scula de Cocina SMEGVerde - dev6 Erresse<\/title>\n<meta name=\"description\" content=\"Hay un lugar para todo lo que necesitas y la b\u00e1scula de cocina Smeg es el objeto compacto y vers\u00e1til que combina el placer del dise\u00f1o con la pasi\u00f3n por la\" \/>\n<meta name=\"robots\" content=\"noindex, follow, max-snippet:-1, max-image-preview:large, max-video-preview:-1\" \/>\n<meta property=\"og:locale\" content=\"es_ES\" \/>\n<meta property=\"og:type\" content=\"article\" \/>\n<meta property=\"og:title\" content=\"B\u00e1scula de Cocina SMEGVerde - dev6 Erresse\" \/>\n<meta property=\"og:description\" content=\"Hay un lugar para todo lo que necesitas y la b\u00e1scula de cocina Smeg es el objeto compacto y vers\u00e1til que combina el placer del dise\u00f1o con la pasi\u00f3n por la\" \/>\n<meta property=\"og:url\" content=\"https:\/\/dev6.erresse-shop.it\/es\/shop\/pequenos-electrodomesticos\/escalas\/bascula-de-cocina-smegverde\/\" \/>\n<meta property=\"og:site_name\" content=\"dev6 Erresse\" \/>\n<meta property=\"og:image\" content=\"https:\/\/interpim.erresse-shop.it\/img-catalogo\/smeg\/smeg-bilancia-da-cucina-verde.jpg\" \/><meta property=\"og:image\" content=\"https:\/\/interpim.erresse-shop.it\/img-catalogo\/smeg\/smeg-bilancia-da-cucina-verde.jpg\" \/>\n\t<meta property=\"og:image:width\" content=\"1024\" \/>\n\t<meta property=\"og:image:height\" content=\"1024\" \/>\n\t<meta property=\"og:image:type\" content=\"image\/jpeg\" \/>\n<meta name=\"twitter:card\" content=\"summary_large_image\" \/>\n<meta name=\"twitter:image\" content=\"https:\/\/interpim.erresse-shop.it\/img-catalogo\/smeg\/smeg-bilancia-da-cucina-verde.jpg\" \/>\n<script type=\"application\/ld+json\" class=\"yoast-schema-graph\">{\"@context\":\"https:\/\/schema.org\",\"@graph\":[{\"@type\":\"WebPage\",\"@id\":\"https:\/\/dev6.erresse-shop.it\/es\/shop\/pequenos-electrodomesticos\/escalas\/bascula-de-cocina-smegverde\/\",\"url\":\"https:\/\/dev6.erresse-shop.it\/es\/shop\/pequenos-electrodomesticos\/escalas\/bascula-de-cocina-smegverde\/\",\"name\":\"B\u00e1scula de Cocina SMEGVerde - dev6 Erresse\",\"isPartOf\":{\"@id\":\"https:\/\/dev6.erresse-shop.it\/#website\"},\"primaryImageOfPage\":{\"@id\":\"https:\/\/dev6.erresse-shop.it\/es\/shop\/pequenos-electrodomesticos\/escalas\/bascula-de-cocina-smegverde\/#primaryimage\"},\"image\":{\"@id\":\"https:\/\/dev6.erresse-shop.it\/es\/shop\/pequenos-electrodomesticos\/escalas\/bascula-de-cocina-smegverde\/#primaryimage\"},\"thumbnailUrl\":\"https:\/\/i1.wp.com\/interpim.erresse-shop.it\/img-catalogo\/smeg\/smeg-bilancia-da-cucina-verde.jpg?ssl=1\",\"datePublished\":\"2026-04-12T08:59:01+00:00\",\"description\":\"Hay un lugar para todo lo que necesitas y la b\u00e1scula de cocina Smeg es el objeto compacto y vers\u00e1til que combina el placer del dise\u00f1o con la pasi\u00f3n por la\",\"breadcrumb\":{\"@id\":\"https:\/\/dev6.erresse-shop.it\/es\/shop\/pequenos-electrodomesticos\/escalas\/bascula-de-cocina-smegverde\/#breadcrumb\"},\"inLanguage\":\"es\",\"potentialAction\":[{\"@type\":\"ReadAction\",\"target\":[\"https:\/\/dev6.erresse-shop.it\/es\/shop\/pequenos-electrodomesticos\/escalas\/bascula-de-cocina-smegverde\/\"]}]},{\"@type\":\"ImageObject\",\"inLanguage\":\"es\",\"@id\":\"https:\/\/dev6.erresse-shop.it\/es\/shop\/pequenos-electrodomesticos\/escalas\/bascula-de-cocina-smegverde\/#primaryimage\",\"url\":\"https:\/\/i1.wp.com\/interpim.erresse-shop.it\/img-catalogo\/smeg\/smeg-bilancia-da-cucina-verde.jpg?ssl=1\",\"contentUrl\":\"https:\/\/i1.wp.com\/interpim.erresse-shop.it\/img-catalogo\/smeg\/smeg-bilancia-da-cucina-verde.jpg?ssl=1\"},{\"@type\":\"BreadcrumbList\",\"@id\":\"https:\/\/dev6.erresse-shop.it\/es\/shop\/pequenos-electrodomesticos\/escalas\/bascula-de-cocina-smegverde\/#breadcrumb\",\"itemListElement\":[{\"@type\":\"ListItem\",\"position\":1,\"name\":\"Home\",\"item\":\"https:\/\/dev6.erresse-shop.it\/\"},{\"@type\":\"ListItem\",\"position\":2,\"name\":\"Tienda\",\"item\":\"https:\/\/dev6.erresse-shop.it\/shop\/\"},{\"@type\":\"ListItem\",\"position\":3,\"name\":\"B\u00e1scula de Cocina SMEGVerde\"}]},{\"@type\":\"WebSite\",\"@id\":\"https:\/\/dev6.erresse-shop.it\/#website\",\"url\":\"https:\/\/dev6.erresse-shop.it\/\",\"name\":\"Erresse Shop\",\"description\":\"\",\"publisher\":{\"@id\":\"https:\/\/dev6.erresse-shop.it\/#organization\"},\"potentialAction\":[{\"@type\":\"SearchAction\",\"target\":{\"@type\":\"EntryPoint\",\"urlTemplate\":\"https:\/\/dev6.erresse-shop.it\/?s={search_term_string}\"},\"query-input\":{\"@type\":\"PropertyValueSpecification\",\"valueRequired\":true,\"valueName\":\"search_term_string\"}}],\"inLanguage\":\"es\"},{\"@type\":\"Organization\",\"@id\":\"https:\/\/dev6.erresse-shop.it\/#organization\",\"name\":\"Erresse Shop\",\"url\":\"https:\/\/dev6.erresse-shop.it\/\",\"logo\":{\"@type\":\"ImageObject\",\"inLanguage\":\"es\",\"@id\":\"https:\/\/dev6.erresse-shop.it\/#\/schema\/logo\/image\/\",\"url\":\"https:\/\/dev6.erresse-shop.it\/wp-content\/uploads\/2025\/01\/LOGO-ERRESSE-CLASSICO.svg\",\"contentUrl\":\"https:\/\/dev6.erresse-shop.it\/wp-content\/uploads\/2025\/01\/LOGO-ERRESSE-CLASSICO.svg\",\"caption\":\"Erresse Shop\"},\"image\":{\"@id\":\"https:\/\/dev6.erresse-shop.it\/#\/schema\/logo\/image\/\"}}]}<\/script>\n<!-- \/ Yoast SEO plugin. -->","yoast_head_json":{"title":"B\u00e1scula de Cocina SMEGVerde - dev6 Erresse","description":"Hay un lugar para todo lo que necesitas y la b\u00e1scula de cocina Smeg es el objeto compacto y vers\u00e1til que combina el placer del dise\u00f1o con la pasi\u00f3n por la","robots":{"index":"noindex","follow":"follow","max-snippet":"max-snippet:-1","max-image-preview":"max-image-preview:large","max-video-preview":"max-video-preview:-1"},"og_locale":"es_ES","og_type":"article","og_title":"B\u00e1scula de Cocina SMEGVerde - dev6 Erresse","og_description":"Hay un lugar para todo lo que necesitas y la b\u00e1scula de cocina Smeg es el objeto compacto y vers\u00e1til que combina el placer del dise\u00f1o con la pasi\u00f3n por la","og_url":"https:\/\/dev6.erresse-shop.it\/es\/shop\/pequenos-electrodomesticos\/escalas\/bascula-de-cocina-smegverde\/","og_site_name":"dev6 Erresse","og_image":[{"url":"https:\/\/interpim.erresse-shop.it\/img-catalogo\/smeg\/smeg-bilancia-da-cucina-verde.jpg","type":"","width":"","height":""},{"url":"https:\/\/interpim.erresse-shop.it\/img-catalogo\/smeg\/smeg-bilancia-da-cucina-verde.jpg","width":1024,"height":1024,"type":"image\/jpeg"}],"twitter_card":"summary_large_image","twitter_image":"https:\/\/interpim.erresse-shop.it\/img-catalogo\/smeg\/smeg-bilancia-da-cucina-verde.jpg","schema":{"@context":"https:\/\/schema.org","@graph":[{"@type":"WebPage","@id":"https:\/\/dev6.erresse-shop.it\/es\/shop\/pequenos-electrodomesticos\/escalas\/bascula-de-cocina-smegverde\/","url":"https:\/\/dev6.erresse-shop.it\/es\/shop\/pequenos-electrodomesticos\/escalas\/bascula-de-cocina-smegverde\/","name":"B\u00e1scula de Cocina SMEGVerde - dev6 Erresse","isPartOf":{"@id":"https:\/\/dev6.erresse-shop.it\/#website"},"primaryImageOfPage":{"@id":"https:\/\/dev6.erresse-shop.it\/es\/shop\/pequenos-electrodomesticos\/escalas\/bascula-de-cocina-smegverde\/#primaryimage"},"image":{"@id":"https:\/\/dev6.erresse-shop.it\/es\/shop\/pequenos-electrodomesticos\/escalas\/bascula-de-cocina-smegverde\/#primaryimage"},"thumbnailUrl":"https:\/\/i1.wp.com\/interpim.erresse-shop.it\/img-catalogo\/smeg\/smeg-bilancia-da-cucina-verde.jpg?ssl=1","datePublished":"2026-04-12T08:59:01+00:00","description":"Hay un lugar para todo lo que necesitas y la b\u00e1scula de cocina Smeg es el objeto compacto y vers\u00e1til que combina el placer del dise\u00f1o con la pasi\u00f3n por la","breadcrumb":{"@id":"https:\/\/dev6.erresse-shop.it\/es\/shop\/pequenos-electrodomesticos\/escalas\/bascula-de-cocina-smegverde\/#breadcrumb"},"inLanguage":"es","potentialAction":[{"@type":"ReadAction","target":["https:\/\/dev6.erresse-shop.it\/es\/shop\/pequenos-electrodomesticos\/escalas\/bascula-de-cocina-smegverde\/"]}]},{"@type":"ImageObject","inLanguage":"es","@id":"https:\/\/dev6.erresse-shop.it\/es\/shop\/pequenos-electrodomesticos\/escalas\/bascula-de-cocina-smegverde\/#primaryimage","url":"https:\/\/i1.wp.com\/interpim.erresse-shop.it\/img-catalogo\/smeg\/smeg-bilancia-da-cucina-verde.jpg?ssl=1","contentUrl":"https:\/\/i1.wp.com\/interpim.erresse-shop.it\/img-catalogo\/smeg\/smeg-bilancia-da-cucina-verde.jpg?ssl=1"},{"@type":"BreadcrumbList","@id":"https:\/\/dev6.erresse-shop.it\/es\/shop\/pequenos-electrodomesticos\/escalas\/bascula-de-cocina-smegverde\/#breadcrumb","itemListElement":[{"@type":"ListItem","position":1,"name":"Home","item":"https:\/\/dev6.erresse-shop.it\/"},{"@type":"ListItem","position":2,"name":"Tienda","item":"https:\/\/dev6.erresse-shop.it\/shop\/"},{"@type":"ListItem","position":3,"name":"B\u00e1scula de Cocina SMEGVerde"}]},{"@type":"WebSite","@id":"https:\/\/dev6.erresse-shop.it\/#website","url":"https:\/\/dev6.erresse-shop.it\/","name":"Erresse Shop","description":"","publisher":{"@id":"https:\/\/dev6.erresse-shop.it\/#organization"},"potentialAction":[{"@type":"SearchAction","target":{"@type":"EntryPoint","urlTemplate":"https:\/\/dev6.erresse-shop.it\/?s={search_term_string}"},"query-input":{"@type":"PropertyValueSpecification","valueRequired":true,"valueName":"search_term_string"}}],"inLanguage":"es"},{"@type":"Organization","@id":"https:\/\/dev6.erresse-shop.it\/#organization","name":"Erresse Shop","url":"https:\/\/dev6.erresse-shop.it\/","logo":{"@type":"ImageObject","inLanguage":"es","@id":"https:\/\/dev6.erresse-shop.it\/#\/schema\/logo\/image\/","url":"https:\/\/dev6.erresse-shop.it\/wp-content\/uploads\/2025\/01\/LOGO-ERRESSE-CLASSICO.svg","contentUrl":"https:\/\/dev6.erresse-shop.it\/wp-content\/uploads\/2025\/01\/LOGO-ERRESSE-CLASSICO.svg","caption":"Erresse Shop"},"image":{"@id":"https:\/\/dev6.erresse-shop.it\/#\/schema\/logo\/image\/"}}]}},"df_price":142,"df_sale_price":142,"df_regular_price":149,"df_image_link":"https:\/\/i1.wp.com\/interpim.erresse-shop.it\/img-catalogo\/smeg\/smeg-bilancia-da-cucina-verde.jpg?resize=300,300&ssl=1","fifu_image_url":"https:\/\/interpim.erresse-shop.it\/img-catalogo\/smeg\/smeg-bilancia-da-cucina-verde.jpg","_links":{"self":[{"href":"https:\/\/dev6.erresse-shop.it\/es\/wp-json\/wp\/v2\/product\/1881343","targetHints":{"allow":["GET"]}}],"collection":[{"href":"https:\/\/dev6.erresse-shop.it\/es\/wp-json\/wp\/v2\/product"}],"about":[{"href":"https:\/\/dev6.erresse-shop.it\/es\/wp-json\/wp\/v2\/types\/product"}],"wp:featuredmedia":[{"embeddable":true,"href":"https:\/\/dev6.erresse-shop.it\/es\/wp-json\/wp\/v2\/media\/6367874"}],"wp:attachment":[{"href":"https:\/\/dev6.erresse-shop.it\/es\/wp-json\/wp\/v2\/media?parent=1881343"}],"wp:term":[{"taxonomy":"product_cat","embeddable":true,"href":"https:\/\/dev6.erresse-shop.it\/es\/wp-json\/wp\/v2\/product_cat?post=1881343"},{"taxonomy":"product_tag","embeddable":true,"href":"https:\/\/dev6.erresse-shop.it\/es\/wp-json\/wp\/v2\/product_tag?post=1881343"}],"curies":[{"name":"wp","href":"https:\/\/api.w.org\/{rel}","templated":true}]}}