{"id":1881277,"date":"2026-04-12T10:55:31","date_gmt":"2026-04-12T08:55:31","guid":{"rendered":"https:\/\/dev6.erresse-shop.it\/shop\/sin%20categor\u00eda\/smeg-aesthetic-50s-horno-combinado-vapor-azul-claro\/"},"modified":"2025-07-04T23:29:03","modified_gmt":"2025-07-04T21:29:03","slug":"smeg-aesthetic-50s-horno-combinado-vapor-azul-claro-8","status":"publish","type":"product","link":"https:\/\/dev6.erresse-shop.it\/es\/shop\/pequenos-electrodomesticos\/hornos\/smeg-aesthetic-50s-horno-combinado-vapor-azul-claro-8\/","title":{"rendered":"SMEG Aesthetic 50s Horno Combinado Vapor Azul Claro"},"content":{"rendered":"<p>Serie SMEG 50s<\/p>\n<p>Objetos de encuentro simb\u00f3lico, iconos que transforman el espacio que ocupan, los nuevos peque\u00f1os de la l\u00ednea Anni \u201950s, dise\u00f1ados en colaboraci\u00f3n con Matteo Bazzicalupo y Raffaella Mangiarotti de deepdesign, evocan otros tiempos y dan forma a lugares cotidianos, invirtiendo lo que ya existe o ha existido con un nuevo significado, como sucede en el arte y la memoria.<br \/>\nProductos de formas redondeadas y compactas, son protagonistas de la cocina, pensados para quienes desean tener una experiencia de chef, pero no s\u00f3lo. Para quien ama rodearse de objetos de fuerte car\u00e1cter est\u00e9tico sin perder de vista las prestaciones de alta calidad.<\/p>\n<p>Horno mixto 10 en 1 Made in Italy: la mejor tecnolog\u00eda de los hornos dom\u00e9sticos Smeg, dise\u00f1ada para la encimera de su cocina. Versatilidad y resultados de nivel profesional gracias a la cocci\u00f3n tradicional, con recetas al vapor y chef autom\u00e1tico.<\/p>\n<p>EST\u00c9TICA<\/p>\n<p>Color: Azul claro<br \/>\nAcabado: Brillante<br \/>\nEst\u00e9tica: Estilo a\u00f1os 50<br \/>\nColor ventana: Ahumado<br \/>\nColor base: Gris mate<br \/>\nMaterial del asa: Aluminio<br \/>\nMaterial del dep\u00f3sito: Pl\u00e1stico<br \/>\nMaterial de los pies antideslizantes: Caucho<br \/>\nColor de la palanca de apertura del dep\u00f3sito: Azul pastel<br \/>\nMaterial de la ventana: Cristal con marco de pl\u00e1stico pulido<br \/>\nMaterial de la palanca de apertura del dep\u00f3sito: Pl\u00e1stico<\/p>\n<p>PROGRAMAS \/ FUNCIONES<\/p>\n<p>N\u00ba de funciones de cocci\u00f3n: 10<br \/>\nAviso de descalcificaci\u00f3n: S\u00ed<br \/>\nAviso de dep\u00f3sito de agua vac\u00edo\/faltante: S\u00ed<br \/>\nAvisos ac\u00fasticos: Opcional<br \/>\nFunci\u00f3n grill: S\u00ed<br \/>\nFunci\u00f3n ventilada: S\u00ed<br \/>\nFunci\u00f3n ventilada b\u00e1sica: S\u00ed<br \/>\nFunci\u00f3n Air Fry: S\u00ed<br \/>\nFunci\u00f3n est\u00e1tica: S\u00ed<br \/>\nMen\u00fa de cocci\u00f3n tradicional: Est\u00e1tica, Ventilada, Grill, Base ventilada, Air fry, Mantener caliente, Descongelar<br \/>\nN\u00ba de recetas autom\u00e1ticas: 33<br \/>\nFunci\u00f3n combinada vapor &#43; grill ventilado: S\u00ed (20-70%)<br \/>\nFunci\u00f3n vapor puro: S\u00ed (100%)<br \/>\nFunci\u00f3n descongelaci\u00f3n: S\u00ed<br \/>\nMen\u00fa Chef: Carnes y aves, Pescados y mariscos, Verduras y guarniciones, Tartas y postres, Pan \/ pizza y flanes<br \/>\nFunci\u00f3n mantener caliente: S\u00ed<br \/>\nFunci\u00f3n combinada vapor &#43; ventilado: S\u00ed (20-70%)<br \/>\nMen\u00fa de cocci\u00f3n al vapor: Vapor puro (100%), Vapor combinado &#43; ventilado, Vapor combinado &#43; grill ventilado<\/p>\n<p>COMANDOS<br \/>\nTipo de mando: Botones<br \/>\nMaterial de los botones: Pl\u00e1stico<br \/>\nColor de los botones: Blanco<br \/>\nN\u00famero de botones para bebidas: 4<br \/>\nEncendido\/apagado autom\u00e1tico<\/p>\n<p>CARACTER\u00cdSTICAS T\u00c9CNICAS<\/p>\n<p>Tecnolog\u00eda de visualizaci\u00f3n: LCD en color<br \/>\nDep\u00f3sito de agua extra\u00edble: S\u00ed<br \/>\nAjuste de temperatura: Electr\u00f3nico<br \/>\nTemperatura m\u00ednima: 40 \u00b0C<br \/>\nTemperatura m\u00e1xima: 230 \u00b0C<br \/>\nMaterial de la cavidad: Esmaltado<br \/>\nN\u00famero de estantes: 3<br \/>\nTipo de estantes: Marcos met\u00e1licos<br \/>\nVentilador: Simple<\/p>\n<p>CONEXI\u00d3N EL\u00c9CTRICA<br \/>\nTensi\u00f3n (V): 220-240 V<br \/>\nFrecuencia Hz: 50\/60 Hz<br \/>\nLongitud del cable de alimentaci\u00f3n: 1 m<\/p>\n<p>No se vende fuera de Europa<\/p>\n","protected":false},"excerpt":{"rendered":"<p>Serie SMEG 50s Objetos de encuentro simb\u00f3lico, iconos que transforman el espacio que ocupan, los nuevos peque\u00f1os de la l\u00ednea Anni \u201950s, dise\u00f1ados en colaboraci\u00f3n con Matteo Bazzicalupo y Raffaella Mangiarotti de deepdesign, evocan otros tiempos y dan forma a lugares cotidianos, invirtiendo lo que ya existe o ha existido con un nuevo significado, como [&hellip;]<\/p>\n","protected":false},"featured_media":6367794,"template":"","meta":{"_acf_changed":false},"product_cat":[11977,11947],"product_tag":[],"class_list":{"0":"post-1881277","1":"product","2":"type-product","3":"status-publish","4":"has-post-thumbnail","6":"product_cat-hornos","7":"product_cat-pequenos-electrodomesticos","9":"first","10":"instock","11":"sale","12":"taxable","13":"shipping-taxable","14":"purchasable","15":"product-type-simple","swatches":"rey-swatches","show_selected":"","stretch_labels":"rey-swatches--stretch-labels"},"acf":[],"yoast_head":"<!-- This site is optimized with the Yoast SEO plugin v25.4 - https:\/\/yoast.com\/wordpress\/plugins\/seo\/ -->\n<title>SMEG Aesthetic 50s Horno Combinado Vapor Azul Claro - dev6 Erresse<\/title>\n<meta name=\"description\" content=\"Serie SMEG 50s Objetos de encuentro simb\u00f3lico, iconos que transforman el espacio que ocupan, los nuevos peque\u00f1os de la l\u00ednea Anni \u201950s, dise\u00f1ados en\" \/>\n<meta name=\"robots\" content=\"noindex, follow, max-snippet:-1, max-image-preview:large, max-video-preview:-1\" \/>\n<meta property=\"og:locale\" content=\"es_ES\" \/>\n<meta property=\"og:type\" content=\"article\" \/>\n<meta property=\"og:title\" content=\"SMEG Aesthetic 50s Horno Combinado Vapor Azul Claro - dev6 Erresse\" \/>\n<meta property=\"og:description\" content=\"Serie SMEG 50s Objetos de encuentro simb\u00f3lico, iconos que transforman el espacio que ocupan, los nuevos peque\u00f1os de la l\u00ednea Anni \u201950s, dise\u00f1ados en\" \/>\n<meta property=\"og:url\" content=\"https:\/\/dev6.erresse-shop.it\/es\/shop\/pequenos-electrodomesticos\/hornos\/smeg-aesthetic-50s-horno-combinado-vapor-azul-claro-8\/\" \/>\n<meta property=\"og:site_name\" content=\"dev6 Erresse\" \/>\n<meta property=\"og:image\" content=\"https:\/\/interpim.erresse-shop.it\/Import\/Prodotti\/smeg-estetica-anni-50-forno-combinato-a-vapore-azzurro.jpg\" \/><meta property=\"og:image\" content=\"https:\/\/interpim.erresse-shop.it\/Import\/Prodotti\/smeg-estetica-anni-50-forno-combinato-a-vapore-azzurro.jpg\" \/>\n\t<meta property=\"og:image:width\" content=\"1024\" \/>\n\t<meta property=\"og:image:height\" content=\"1024\" \/>\n\t<meta property=\"og:image:type\" content=\"image\/jpeg\" \/>\n<meta name=\"twitter:card\" content=\"summary_large_image\" \/>\n<meta name=\"twitter:image\" content=\"https:\/\/interpim.erresse-shop.it\/Import\/Prodotti\/smeg-estetica-anni-50-forno-combinato-a-vapore-azzurro.jpg\" \/>\n<script type=\"application\/ld+json\" class=\"yoast-schema-graph\">{\"@context\":\"https:\/\/schema.org\",\"@graph\":[{\"@type\":\"WebPage\",\"@id\":\"https:\/\/dev6.erresse-shop.it\/es\/shop\/pequenos-electrodomesticos\/hornos\/smeg-aesthetic-50s-horno-combinado-vapor-azul-claro-8\/\",\"url\":\"https:\/\/dev6.erresse-shop.it\/es\/shop\/pequenos-electrodomesticos\/hornos\/smeg-aesthetic-50s-horno-combinado-vapor-azul-claro-8\/\",\"name\":\"SMEG Aesthetic 50s Horno Combinado Vapor Azul Claro - dev6 Erresse\",\"isPartOf\":{\"@id\":\"https:\/\/dev6.erresse-shop.it\/#website\"},\"primaryImageOfPage\":{\"@id\":\"https:\/\/dev6.erresse-shop.it\/es\/shop\/pequenos-electrodomesticos\/hornos\/smeg-aesthetic-50s-horno-combinado-vapor-azul-claro-8\/#primaryimage\"},\"image\":{\"@id\":\"https:\/\/dev6.erresse-shop.it\/es\/shop\/pequenos-electrodomesticos\/hornos\/smeg-aesthetic-50s-horno-combinado-vapor-azul-claro-8\/#primaryimage\"},\"thumbnailUrl\":\"https:\/\/i3.wp.com\/interpim.erresse-shop.it\/Import\/Prodotti\/smeg-estetica-anni-50-forno-combinato-a-vapore-azzurro.jpg?ssl=1\",\"datePublished\":\"2026-04-12T08:55:31+00:00\",\"description\":\"Serie SMEG 50s Objetos de encuentro simb\u00f3lico, iconos que transforman el espacio que ocupan, los nuevos peque\u00f1os de la l\u00ednea Anni \u201950s, dise\u00f1ados en\",\"breadcrumb\":{\"@id\":\"https:\/\/dev6.erresse-shop.it\/es\/shop\/pequenos-electrodomesticos\/hornos\/smeg-aesthetic-50s-horno-combinado-vapor-azul-claro-8\/#breadcrumb\"},\"inLanguage\":\"es\",\"potentialAction\":[{\"@type\":\"ReadAction\",\"target\":[\"https:\/\/dev6.erresse-shop.it\/es\/shop\/pequenos-electrodomesticos\/hornos\/smeg-aesthetic-50s-horno-combinado-vapor-azul-claro-8\/\"]}]},{\"@type\":\"ImageObject\",\"inLanguage\":\"es\",\"@id\":\"https:\/\/dev6.erresse-shop.it\/es\/shop\/pequenos-electrodomesticos\/hornos\/smeg-aesthetic-50s-horno-combinado-vapor-azul-claro-8\/#primaryimage\",\"url\":\"https:\/\/i3.wp.com\/interpim.erresse-shop.it\/Import\/Prodotti\/smeg-estetica-anni-50-forno-combinato-a-vapore-azzurro.jpg?ssl=1\",\"contentUrl\":\"https:\/\/i3.wp.com\/interpim.erresse-shop.it\/Import\/Prodotti\/smeg-estetica-anni-50-forno-combinato-a-vapore-azzurro.jpg?ssl=1\"},{\"@type\":\"BreadcrumbList\",\"@id\":\"https:\/\/dev6.erresse-shop.it\/es\/shop\/pequenos-electrodomesticos\/hornos\/smeg-aesthetic-50s-horno-combinado-vapor-azul-claro-8\/#breadcrumb\",\"itemListElement\":[{\"@type\":\"ListItem\",\"position\":1,\"name\":\"Home\",\"item\":\"https:\/\/dev6.erresse-shop.it\/\"},{\"@type\":\"ListItem\",\"position\":2,\"name\":\"Tienda\",\"item\":\"https:\/\/dev6.erresse-shop.it\/shop\/\"},{\"@type\":\"ListItem\",\"position\":3,\"name\":\"SMEG Aesthetic 50s Horno Combinado Vapor Azul Claro\"}]},{\"@type\":\"WebSite\",\"@id\":\"https:\/\/dev6.erresse-shop.it\/#website\",\"url\":\"https:\/\/dev6.erresse-shop.it\/\",\"name\":\"Erresse Shop\",\"description\":\"\",\"publisher\":{\"@id\":\"https:\/\/dev6.erresse-shop.it\/#organization\"},\"potentialAction\":[{\"@type\":\"SearchAction\",\"target\":{\"@type\":\"EntryPoint\",\"urlTemplate\":\"https:\/\/dev6.erresse-shop.it\/?s={search_term_string}\"},\"query-input\":{\"@type\":\"PropertyValueSpecification\",\"valueRequired\":true,\"valueName\":\"search_term_string\"}}],\"inLanguage\":\"es\"},{\"@type\":\"Organization\",\"@id\":\"https:\/\/dev6.erresse-shop.it\/#organization\",\"name\":\"Erresse Shop\",\"url\":\"https:\/\/dev6.erresse-shop.it\/\",\"logo\":{\"@type\":\"ImageObject\",\"inLanguage\":\"es\",\"@id\":\"https:\/\/dev6.erresse-shop.it\/#\/schema\/logo\/image\/\",\"url\":\"https:\/\/dev6.erresse-shop.it\/wp-content\/uploads\/2025\/01\/LOGO-ERRESSE-CLASSICO.svg\",\"contentUrl\":\"https:\/\/dev6.erresse-shop.it\/wp-content\/uploads\/2025\/01\/LOGO-ERRESSE-CLASSICO.svg\",\"caption\":\"Erresse Shop\"},\"image\":{\"@id\":\"https:\/\/dev6.erresse-shop.it\/#\/schema\/logo\/image\/\"}}]}<\/script>\n<!-- \/ Yoast SEO plugin. -->","yoast_head_json":{"title":"SMEG Aesthetic 50s Horno Combinado Vapor Azul Claro - dev6 Erresse","description":"Serie SMEG 50s Objetos de encuentro simb\u00f3lico, iconos que transforman el espacio que ocupan, los nuevos peque\u00f1os de la l\u00ednea Anni \u201950s, dise\u00f1ados en","robots":{"index":"noindex","follow":"follow","max-snippet":"max-snippet:-1","max-image-preview":"max-image-preview:large","max-video-preview":"max-video-preview:-1"},"og_locale":"es_ES","og_type":"article","og_title":"SMEG Aesthetic 50s Horno Combinado Vapor Azul Claro - dev6 Erresse","og_description":"Serie SMEG 50s Objetos de encuentro simb\u00f3lico, iconos que transforman el espacio que ocupan, los nuevos peque\u00f1os de la l\u00ednea Anni \u201950s, dise\u00f1ados en","og_url":"https:\/\/dev6.erresse-shop.it\/es\/shop\/pequenos-electrodomesticos\/hornos\/smeg-aesthetic-50s-horno-combinado-vapor-azul-claro-8\/","og_site_name":"dev6 Erresse","og_image":[{"url":"https:\/\/interpim.erresse-shop.it\/Import\/Prodotti\/smeg-estetica-anni-50-forno-combinato-a-vapore-azzurro.jpg","type":"","width":"","height":""},{"url":"https:\/\/interpim.erresse-shop.it\/Import\/Prodotti\/smeg-estetica-anni-50-forno-combinato-a-vapore-azzurro.jpg","width":1024,"height":1024,"type":"image\/jpeg"}],"twitter_card":"summary_large_image","twitter_image":"https:\/\/interpim.erresse-shop.it\/Import\/Prodotti\/smeg-estetica-anni-50-forno-combinato-a-vapore-azzurro.jpg","schema":{"@context":"https:\/\/schema.org","@graph":[{"@type":"WebPage","@id":"https:\/\/dev6.erresse-shop.it\/es\/shop\/pequenos-electrodomesticos\/hornos\/smeg-aesthetic-50s-horno-combinado-vapor-azul-claro-8\/","url":"https:\/\/dev6.erresse-shop.it\/es\/shop\/pequenos-electrodomesticos\/hornos\/smeg-aesthetic-50s-horno-combinado-vapor-azul-claro-8\/","name":"SMEG Aesthetic 50s Horno Combinado Vapor Azul Claro - dev6 Erresse","isPartOf":{"@id":"https:\/\/dev6.erresse-shop.it\/#website"},"primaryImageOfPage":{"@id":"https:\/\/dev6.erresse-shop.it\/es\/shop\/pequenos-electrodomesticos\/hornos\/smeg-aesthetic-50s-horno-combinado-vapor-azul-claro-8\/#primaryimage"},"image":{"@id":"https:\/\/dev6.erresse-shop.it\/es\/shop\/pequenos-electrodomesticos\/hornos\/smeg-aesthetic-50s-horno-combinado-vapor-azul-claro-8\/#primaryimage"},"thumbnailUrl":"https:\/\/i3.wp.com\/interpim.erresse-shop.it\/Import\/Prodotti\/smeg-estetica-anni-50-forno-combinato-a-vapore-azzurro.jpg?ssl=1","datePublished":"2026-04-12T08:55:31+00:00","description":"Serie SMEG 50s Objetos de encuentro simb\u00f3lico, iconos que transforman el espacio que ocupan, los nuevos peque\u00f1os de la l\u00ednea Anni \u201950s, dise\u00f1ados en","breadcrumb":{"@id":"https:\/\/dev6.erresse-shop.it\/es\/shop\/pequenos-electrodomesticos\/hornos\/smeg-aesthetic-50s-horno-combinado-vapor-azul-claro-8\/#breadcrumb"},"inLanguage":"es","potentialAction":[{"@type":"ReadAction","target":["https:\/\/dev6.erresse-shop.it\/es\/shop\/pequenos-electrodomesticos\/hornos\/smeg-aesthetic-50s-horno-combinado-vapor-azul-claro-8\/"]}]},{"@type":"ImageObject","inLanguage":"es","@id":"https:\/\/dev6.erresse-shop.it\/es\/shop\/pequenos-electrodomesticos\/hornos\/smeg-aesthetic-50s-horno-combinado-vapor-azul-claro-8\/#primaryimage","url":"https:\/\/i3.wp.com\/interpim.erresse-shop.it\/Import\/Prodotti\/smeg-estetica-anni-50-forno-combinato-a-vapore-azzurro.jpg?ssl=1","contentUrl":"https:\/\/i3.wp.com\/interpim.erresse-shop.it\/Import\/Prodotti\/smeg-estetica-anni-50-forno-combinato-a-vapore-azzurro.jpg?ssl=1"},{"@type":"BreadcrumbList","@id":"https:\/\/dev6.erresse-shop.it\/es\/shop\/pequenos-electrodomesticos\/hornos\/smeg-aesthetic-50s-horno-combinado-vapor-azul-claro-8\/#breadcrumb","itemListElement":[{"@type":"ListItem","position":1,"name":"Home","item":"https:\/\/dev6.erresse-shop.it\/"},{"@type":"ListItem","position":2,"name":"Tienda","item":"https:\/\/dev6.erresse-shop.it\/shop\/"},{"@type":"ListItem","position":3,"name":"SMEG Aesthetic 50s Horno Combinado Vapor Azul Claro"}]},{"@type":"WebSite","@id":"https:\/\/dev6.erresse-shop.it\/#website","url":"https:\/\/dev6.erresse-shop.it\/","name":"Erresse Shop","description":"","publisher":{"@id":"https:\/\/dev6.erresse-shop.it\/#organization"},"potentialAction":[{"@type":"SearchAction","target":{"@type":"EntryPoint","urlTemplate":"https:\/\/dev6.erresse-shop.it\/?s={search_term_string}"},"query-input":{"@type":"PropertyValueSpecification","valueRequired":true,"valueName":"search_term_string"}}],"inLanguage":"es"},{"@type":"Organization","@id":"https:\/\/dev6.erresse-shop.it\/#organization","name":"Erresse Shop","url":"https:\/\/dev6.erresse-shop.it\/","logo":{"@type":"ImageObject","inLanguage":"es","@id":"https:\/\/dev6.erresse-shop.it\/#\/schema\/logo\/image\/","url":"https:\/\/dev6.erresse-shop.it\/wp-content\/uploads\/2025\/01\/LOGO-ERRESSE-CLASSICO.svg","contentUrl":"https:\/\/dev6.erresse-shop.it\/wp-content\/uploads\/2025\/01\/LOGO-ERRESSE-CLASSICO.svg","caption":"Erresse Shop"},"image":{"@id":"https:\/\/dev6.erresse-shop.it\/#\/schema\/logo\/image\/"}}]}},"df_price":799,"df_sale_price":799,"df_regular_price":899,"df_image_link":"https:\/\/i3.wp.com\/interpim.erresse-shop.it\/Import\/Prodotti\/smeg-estetica-anni-50-forno-combinato-a-vapore-azzurro.jpg?resize=300,300&ssl=1","fifu_image_url":"https:\/\/interpim.erresse-shop.it\/Import\/Prodotti\/smeg-estetica-anni-50-forno-combinato-a-vapore-azzurro.jpg","_links":{"self":[{"href":"https:\/\/dev6.erresse-shop.it\/es\/wp-json\/wp\/v2\/product\/1881277","targetHints":{"allow":["GET"]}}],"collection":[{"href":"https:\/\/dev6.erresse-shop.it\/es\/wp-json\/wp\/v2\/product"}],"about":[{"href":"https:\/\/dev6.erresse-shop.it\/es\/wp-json\/wp\/v2\/types\/product"}],"wp:featuredmedia":[{"embeddable":true,"href":"https:\/\/dev6.erresse-shop.it\/es\/wp-json\/wp\/v2\/media\/6367794"}],"wp:attachment":[{"href":"https:\/\/dev6.erresse-shop.it\/es\/wp-json\/wp\/v2\/media?parent=1881277"}],"wp:term":[{"taxonomy":"product_cat","embeddable":true,"href":"https:\/\/dev6.erresse-shop.it\/es\/wp-json\/wp\/v2\/product_cat?post=1881277"},{"taxonomy":"product_tag","embeddable":true,"href":"https:\/\/dev6.erresse-shop.it\/es\/wp-json\/wp\/v2\/product_tag?post=1881277"}],"curies":[{"name":"wp","href":"https:\/\/api.w.org\/{rel}","templated":true}]}}