{"id":1881275,"date":"2026-04-12T10:55:31","date_gmt":"2026-04-12T08:55:31","guid":{"rendered":"https:\/\/dev6.erresse-shop.it\/shop\/sin%20categor\u00eda\/smeg-cafetera-automatica-con-varilla-de-vapor-blanca\/"},"modified":"2025-07-04T23:28:56","modified_gmt":"2025-07-04T21:28:56","slug":"smeg-cafetera-automatica-con-varilla-de-vapor-blanca","status":"publish","type":"product","link":"https:\/\/dev6.erresse-shop.it\/es\/shop\/pequenos-electrodomesticos\/maquinas-de-cafe\/automatico\/smeg-cafetera-automatica-con-varilla-de-vapor-blanca\/","title":{"rendered":"SMEG Cafetera Autom\u00e1tica con Varilla de Vapor Blanca"},"content":{"rendered":"<p>F\u00c1CIL DE USAR<br \/>\nSimplemente llene el recipiente con sus granos de caf\u00e9 favoritos y seleccione su bebida. Gracias al panel de control intuitivo y las funciones one touch, en unos segundos su caf\u00e9 estar\u00e1 listo.<\/p>\n<p>BEBIDAS M\u00daLTIPLES<br \/>\nA partir de granos reci\u00e9n molidos se pueden obtener diferentes bebidas seg\u00fan su gusto: caf\u00e9 negro, Espresso, Americano, caf\u00e9 Ristretto y, con funci\u00f3n de vaporizaci\u00f3n \/ vaporizaci\u00f3n de la leche, tambi\u00e9n capuchinos y latte macchiato.<\/p>\n<p>F\u00c1CIL MANTENIMIENTO<br \/>\nSu mantenimiento es muy sencillo ya que cuenta con una unidad de infusi\u00f3n extra\u00edble y un tanque que permite limpiar la m\u00e1quina con facilidad. Finalmente, la molienda directa del caf\u00e9 permite evitar el uso de c\u00e1psulas, minimizando el desperdicio.<\/p>\n<p>EST\u00c9TICA<br \/>\nColor: Blanco<br \/>\nAcabado: Mate<br \/>\nEst\u00e9tica: 50\u2019s Style<br \/>\nMaterial del cuerpo: Pl\u00e1stico<br \/>\nMaterial del panel frontal: Aluminio<br \/>\nAcabado panel frontal: Aluminio cepillado con borde pulido<br \/>\nMaterial de la base apoya tazas: Aluminio<br \/>\nAcabado de la bandeja: Aluminio cepillado con borde pulido<br \/>\nMaterial dep\u00f3sito de agua: SAN<br \/>\nColor dep\u00f3sito de agua: Gris ahumado<br \/>\nMaterial del asa del dep\u00f3sito de agua: Pl\u00e1stico<br \/>\nColor del asa del dep\u00f3sito de agua: Gris<br \/>\nMaterial del dispensador de caf\u00e9: Pl\u00e1stico<br \/>\nSteam nozzle material: Steel<\/p>\n<p>PROGRAMAS\/FUNCIONES<br \/>\nFunci\u00f3n men\u00fa principal: S\u00ed<br \/>\nFunci\u00f3n men\u00fa secundario: S\u00ed<br \/>\nFunci\u00f3n caf\u00e9 Ristretto: S\u00ed<br \/>\nFunci\u00f3n caf\u00e9 expresso: S\u00ed<br \/>\nFunci\u00f3n caf\u00e9: S\u00ed<br \/>\nFunci\u00f3n de agua caliente para el t\u00e9 y otras bebidas: S\u00ed<br \/>\nFunci\u00f3n caf\u00e9 Ristretto (light): S\u00ed<br \/>\nFunci\u00f3n caf\u00e9 expresso (light): S\u00ed<br \/>\nFunci\u00f3n caf\u00e9 largo: S\u00ed<br \/>\nFunci\u00f3n vapor: S\u00ed<br \/>\nNivel de molido ajustable: S\u00ed<br \/>\nLargo de caf\u00e9 ajustable: S\u00ed<br \/>\nAltura del dispensador ajustable: S\u00ed<br \/>\nNivel m\u00ednimo \/ m\u00e1ximo del dispensador de caf\u00e9: S\u00ed<br \/>\nDureza del agua ajustable: blanda \/ media \/ dura<br \/>\nEnjuage autom\u00e1tico: S\u00ed<br \/>\nLimpieza manual del dispensador de caf\u00e9: S\u00ed<br \/>\nSteam nozzle manual cleaning: S\u00ed<br \/>\nAlarma de descalcificaci\u00f3n: S\u00ed<br \/>\nAlarma dep\u00f3sito de posos de caf\u00e9 lleno: S\u00ed<br \/>\nAlarma falta de caf\u00e9: S\u00ed<br \/>\nAlarma dep\u00f3sito de agua vac\u00edo: S\u00ed<br \/>\nAlarma de falta grupo de preparaci\u00f3n o no insertado correctamente: S\u00ed<br \/>\nAlarma de sonido despu\u00e9s de la preparaci\u00f3n: Opcional<br \/>\nDispensador de caf\u00e9 iluminado: S\u00ed<br \/>\nApagado autom\u00e1tico: S\u00ed<\/p>\n<p>MANDOS<br \/>\nTipo mandos: Botones<br \/>\nMaterial botones: Pl\u00e1stico<br \/>\nColor botones: Blanco<br \/>\nN\u00ba de botones para bebidas: 4<br \/>\nBot\u00f3n de men\u00fa: 1<br \/>\nBot\u00f3n On\/Off: S\u00ed<\/p>\n<p>CARACTER\u00cdSTICAS T\u00c9CNICAS<br \/>\nSistema de calentamiento: Thermoblock<br \/>\nPresi\u00f3n bomba: 19 bar<br \/>\nUnidad de preparaci\u00f3n extra\u00edble: S\u00ed<br \/>\nCapacidad del contenedor de granos de caf\u00e9: 150 g<br \/>\nCapacidad del contenedor de posos de caf\u00e9: 8<br \/>\nRecipiente de agua extra\u00edble: S\u00ed<br \/>\nCapacidad del contenedor de agua: 1.4 l<br \/>\nCaj\u00f3n recoje-gotas: S\u00ed<br \/>\nDispensador agua caliente\/vapor: S\u00ed<\/p>\n<p>CONEXI\u00d3N EL\u00c9CTRICA<br \/>\nTensi\u00f3n (V): 220-240 V<br \/>\nFrecuencia Hz: 50\/60 Hz<br \/>\nLargo cable enchufe: 1 m<\/p>\n<p>No se vende fuera de Europa<\/p>\n","protected":false},"excerpt":{"rendered":"<p>F\u00c1CIL DE USAR Simplemente llene el recipiente con sus granos de caf\u00e9 favoritos y seleccione su bebida. Gracias al panel de control intuitivo y las funciones one touch, en unos segundos su caf\u00e9 estar\u00e1 listo. BEBIDAS M\u00daLTIPLES A partir de granos reci\u00e9n molidos se pueden obtener diferentes bebidas seg\u00fan su gusto: caf\u00e9 negro, Espresso, Americano, [&hellip;]<\/p>\n","protected":false},"featured_media":6367775,"template":"","meta":{"_acf_changed":false},"product_cat":[11968,11955,11947],"product_tag":[],"class_list":{"0":"post-1881275","1":"product","2":"type-product","3":"status-publish","4":"has-post-thumbnail","6":"product_cat-automatico","7":"product_cat-maquinas-de-cafe","8":"product_cat-pequenos-electrodomesticos","10":"first","11":"instock","12":"sale","13":"taxable","14":"shipping-taxable","15":"purchasable","16":"product-type-simple","swatches":"rey-swatches","show_selected":"","stretch_labels":"rey-swatches--stretch-labels"},"acf":[],"yoast_head":"<!-- This site is optimized with the Yoast SEO plugin v25.4 - https:\/\/yoast.com\/wordpress\/plugins\/seo\/ -->\n<title>SMEG Cafetera Autom\u00e1tica con Varilla de Vapor Blanca - dev6 Erresse<\/title>\n<meta name=\"description\" content=\"F\u00c1CIL DE USAR Simplemente llene el recipiente con sus granos de caf\u00e9 favoritos y seleccione su bebida. Gracias al panel de control intuitivo y las\" \/>\n<meta name=\"robots\" content=\"noindex, follow, max-snippet:-1, max-image-preview:large, max-video-preview:-1\" \/>\n<meta property=\"og:locale\" content=\"es_ES\" \/>\n<meta property=\"og:type\" content=\"article\" \/>\n<meta property=\"og:title\" content=\"SMEG Cafetera Autom\u00e1tica con Varilla de Vapor Blanca - dev6 Erresse\" \/>\n<meta property=\"og:description\" content=\"F\u00c1CIL DE USAR Simplemente llene el recipiente con sus granos de caf\u00e9 favoritos y seleccione su bebida. Gracias al panel de control intuitivo y las\" \/>\n<meta property=\"og:url\" content=\"https:\/\/dev6.erresse-shop.it\/es\/shop\/pequenos-electrodomesticos\/maquinas-de-cafe\/automatico\/smeg-cafetera-automatica-con-varilla-de-vapor-blanca\/\" \/>\n<meta property=\"og:site_name\" content=\"dev6 Erresse\" \/>\n<meta property=\"og:image\" content=\"https:\/\/interpim.erresse-shop.it\/img-catalogo\/smeg\/smeg-macchina-da-caffe-automatica-con-lancia-vapore-bianco.png\" \/><meta property=\"og:image\" content=\"https:\/\/interpim.erresse-shop.it\/img-catalogo\/smeg\/smeg-macchina-da-caffe-automatica-con-lancia-vapore-bianco.png\" \/>\n\t<meta property=\"og:image:width\" content=\"1024\" \/>\n\t<meta property=\"og:image:height\" content=\"1024\" \/>\n\t<meta property=\"og:image:type\" content=\"image\/jpeg\" \/>\n<meta name=\"twitter:card\" content=\"summary_large_image\" \/>\n<meta name=\"twitter:image\" content=\"https:\/\/interpim.erresse-shop.it\/img-catalogo\/smeg\/smeg-macchina-da-caffe-automatica-con-lancia-vapore-bianco.png\" \/>\n<script type=\"application\/ld+json\" class=\"yoast-schema-graph\">{\"@context\":\"https:\/\/schema.org\",\"@graph\":[{\"@type\":\"WebPage\",\"@id\":\"https:\/\/dev6.erresse-shop.it\/es\/shop\/pequenos-electrodomesticos\/maquinas-de-cafe\/automatico\/smeg-cafetera-automatica-con-varilla-de-vapor-blanca\/\",\"url\":\"https:\/\/dev6.erresse-shop.it\/es\/shop\/pequenos-electrodomesticos\/maquinas-de-cafe\/automatico\/smeg-cafetera-automatica-con-varilla-de-vapor-blanca\/\",\"name\":\"SMEG Cafetera Autom\u00e1tica con Varilla de Vapor Blanca - dev6 Erresse\",\"isPartOf\":{\"@id\":\"https:\/\/dev6.erresse-shop.it\/#website\"},\"primaryImageOfPage\":{\"@id\":\"https:\/\/dev6.erresse-shop.it\/es\/shop\/pequenos-electrodomesticos\/maquinas-de-cafe\/automatico\/smeg-cafetera-automatica-con-varilla-de-vapor-blanca\/#primaryimage\"},\"image\":{\"@id\":\"https:\/\/dev6.erresse-shop.it\/es\/shop\/pequenos-electrodomesticos\/maquinas-de-cafe\/automatico\/smeg-cafetera-automatica-con-varilla-de-vapor-blanca\/#primaryimage\"},\"thumbnailUrl\":\"https:\/\/i0.wp.com\/interpim.erresse-shop.it\/img-catalogo\/smeg\/smeg-macchina-da-caffe-automatica-con-lancia-vapore-bianco.png?ssl=1\",\"datePublished\":\"2026-04-12T08:55:31+00:00\",\"description\":\"F\u00c1CIL DE USAR Simplemente llene el recipiente con sus granos de caf\u00e9 favoritos y seleccione su bebida. Gracias al panel de control intuitivo y las\",\"breadcrumb\":{\"@id\":\"https:\/\/dev6.erresse-shop.it\/es\/shop\/pequenos-electrodomesticos\/maquinas-de-cafe\/automatico\/smeg-cafetera-automatica-con-varilla-de-vapor-blanca\/#breadcrumb\"},\"inLanguage\":\"es\",\"potentialAction\":[{\"@type\":\"ReadAction\",\"target\":[\"https:\/\/dev6.erresse-shop.it\/es\/shop\/pequenos-electrodomesticos\/maquinas-de-cafe\/automatico\/smeg-cafetera-automatica-con-varilla-de-vapor-blanca\/\"]}]},{\"@type\":\"ImageObject\",\"inLanguage\":\"es\",\"@id\":\"https:\/\/dev6.erresse-shop.it\/es\/shop\/pequenos-electrodomesticos\/maquinas-de-cafe\/automatico\/smeg-cafetera-automatica-con-varilla-de-vapor-blanca\/#primaryimage\",\"url\":\"https:\/\/i0.wp.com\/interpim.erresse-shop.it\/img-catalogo\/smeg\/smeg-macchina-da-caffe-automatica-con-lancia-vapore-bianco.png?ssl=1\",\"contentUrl\":\"https:\/\/i0.wp.com\/interpim.erresse-shop.it\/img-catalogo\/smeg\/smeg-macchina-da-caffe-automatica-con-lancia-vapore-bianco.png?ssl=1\"},{\"@type\":\"BreadcrumbList\",\"@id\":\"https:\/\/dev6.erresse-shop.it\/es\/shop\/pequenos-electrodomesticos\/maquinas-de-cafe\/automatico\/smeg-cafetera-automatica-con-varilla-de-vapor-blanca\/#breadcrumb\",\"itemListElement\":[{\"@type\":\"ListItem\",\"position\":1,\"name\":\"Home\",\"item\":\"https:\/\/dev6.erresse-shop.it\/\"},{\"@type\":\"ListItem\",\"position\":2,\"name\":\"Tienda\",\"item\":\"https:\/\/dev6.erresse-shop.it\/shop\/\"},{\"@type\":\"ListItem\",\"position\":3,\"name\":\"SMEG Cafetera Autom\u00e1tica con Varilla de Vapor Blanca\"}]},{\"@type\":\"WebSite\",\"@id\":\"https:\/\/dev6.erresse-shop.it\/#website\",\"url\":\"https:\/\/dev6.erresse-shop.it\/\",\"name\":\"Erresse Shop\",\"description\":\"\",\"publisher\":{\"@id\":\"https:\/\/dev6.erresse-shop.it\/#organization\"},\"potentialAction\":[{\"@type\":\"SearchAction\",\"target\":{\"@type\":\"EntryPoint\",\"urlTemplate\":\"https:\/\/dev6.erresse-shop.it\/?s={search_term_string}\"},\"query-input\":{\"@type\":\"PropertyValueSpecification\",\"valueRequired\":true,\"valueName\":\"search_term_string\"}}],\"inLanguage\":\"es\"},{\"@type\":\"Organization\",\"@id\":\"https:\/\/dev6.erresse-shop.it\/#organization\",\"name\":\"Erresse Shop\",\"url\":\"https:\/\/dev6.erresse-shop.it\/\",\"logo\":{\"@type\":\"ImageObject\",\"inLanguage\":\"es\",\"@id\":\"https:\/\/dev6.erresse-shop.it\/#\/schema\/logo\/image\/\",\"url\":\"https:\/\/dev6.erresse-shop.it\/wp-content\/uploads\/2025\/01\/LOGO-ERRESSE-CLASSICO.svg\",\"contentUrl\":\"https:\/\/dev6.erresse-shop.it\/wp-content\/uploads\/2025\/01\/LOGO-ERRESSE-CLASSICO.svg\",\"caption\":\"Erresse Shop\"},\"image\":{\"@id\":\"https:\/\/dev6.erresse-shop.it\/#\/schema\/logo\/image\/\"}}]}<\/script>\n<!-- \/ Yoast SEO plugin. -->","yoast_head_json":{"title":"SMEG Cafetera Autom\u00e1tica con Varilla de Vapor Blanca - dev6 Erresse","description":"F\u00c1CIL DE USAR Simplemente llene el recipiente con sus granos de caf\u00e9 favoritos y seleccione su bebida. Gracias al panel de control intuitivo y las","robots":{"index":"noindex","follow":"follow","max-snippet":"max-snippet:-1","max-image-preview":"max-image-preview:large","max-video-preview":"max-video-preview:-1"},"og_locale":"es_ES","og_type":"article","og_title":"SMEG Cafetera Autom\u00e1tica con Varilla de Vapor Blanca - dev6 Erresse","og_description":"F\u00c1CIL DE USAR Simplemente llene el recipiente con sus granos de caf\u00e9 favoritos y seleccione su bebida. Gracias al panel de control intuitivo y las","og_url":"https:\/\/dev6.erresse-shop.it\/es\/shop\/pequenos-electrodomesticos\/maquinas-de-cafe\/automatico\/smeg-cafetera-automatica-con-varilla-de-vapor-blanca\/","og_site_name":"dev6 Erresse","og_image":[{"url":"https:\/\/interpim.erresse-shop.it\/img-catalogo\/smeg\/smeg-macchina-da-caffe-automatica-con-lancia-vapore-bianco.png","type":"","width":"","height":""},{"url":"https:\/\/interpim.erresse-shop.it\/img-catalogo\/smeg\/smeg-macchina-da-caffe-automatica-con-lancia-vapore-bianco.png","width":1024,"height":1024,"type":"image\/jpeg"}],"twitter_card":"summary_large_image","twitter_image":"https:\/\/interpim.erresse-shop.it\/img-catalogo\/smeg\/smeg-macchina-da-caffe-automatica-con-lancia-vapore-bianco.png","schema":{"@context":"https:\/\/schema.org","@graph":[{"@type":"WebPage","@id":"https:\/\/dev6.erresse-shop.it\/es\/shop\/pequenos-electrodomesticos\/maquinas-de-cafe\/automatico\/smeg-cafetera-automatica-con-varilla-de-vapor-blanca\/","url":"https:\/\/dev6.erresse-shop.it\/es\/shop\/pequenos-electrodomesticos\/maquinas-de-cafe\/automatico\/smeg-cafetera-automatica-con-varilla-de-vapor-blanca\/","name":"SMEG Cafetera Autom\u00e1tica con Varilla de Vapor Blanca - dev6 Erresse","isPartOf":{"@id":"https:\/\/dev6.erresse-shop.it\/#website"},"primaryImageOfPage":{"@id":"https:\/\/dev6.erresse-shop.it\/es\/shop\/pequenos-electrodomesticos\/maquinas-de-cafe\/automatico\/smeg-cafetera-automatica-con-varilla-de-vapor-blanca\/#primaryimage"},"image":{"@id":"https:\/\/dev6.erresse-shop.it\/es\/shop\/pequenos-electrodomesticos\/maquinas-de-cafe\/automatico\/smeg-cafetera-automatica-con-varilla-de-vapor-blanca\/#primaryimage"},"thumbnailUrl":"https:\/\/i0.wp.com\/interpim.erresse-shop.it\/img-catalogo\/smeg\/smeg-macchina-da-caffe-automatica-con-lancia-vapore-bianco.png?ssl=1","datePublished":"2026-04-12T08:55:31+00:00","description":"F\u00c1CIL DE USAR Simplemente llene el recipiente con sus granos de caf\u00e9 favoritos y seleccione su bebida. Gracias al panel de control intuitivo y las","breadcrumb":{"@id":"https:\/\/dev6.erresse-shop.it\/es\/shop\/pequenos-electrodomesticos\/maquinas-de-cafe\/automatico\/smeg-cafetera-automatica-con-varilla-de-vapor-blanca\/#breadcrumb"},"inLanguage":"es","potentialAction":[{"@type":"ReadAction","target":["https:\/\/dev6.erresse-shop.it\/es\/shop\/pequenos-electrodomesticos\/maquinas-de-cafe\/automatico\/smeg-cafetera-automatica-con-varilla-de-vapor-blanca\/"]}]},{"@type":"ImageObject","inLanguage":"es","@id":"https:\/\/dev6.erresse-shop.it\/es\/shop\/pequenos-electrodomesticos\/maquinas-de-cafe\/automatico\/smeg-cafetera-automatica-con-varilla-de-vapor-blanca\/#primaryimage","url":"https:\/\/i0.wp.com\/interpim.erresse-shop.it\/img-catalogo\/smeg\/smeg-macchina-da-caffe-automatica-con-lancia-vapore-bianco.png?ssl=1","contentUrl":"https:\/\/i0.wp.com\/interpim.erresse-shop.it\/img-catalogo\/smeg\/smeg-macchina-da-caffe-automatica-con-lancia-vapore-bianco.png?ssl=1"},{"@type":"BreadcrumbList","@id":"https:\/\/dev6.erresse-shop.it\/es\/shop\/pequenos-electrodomesticos\/maquinas-de-cafe\/automatico\/smeg-cafetera-automatica-con-varilla-de-vapor-blanca\/#breadcrumb","itemListElement":[{"@type":"ListItem","position":1,"name":"Home","item":"https:\/\/dev6.erresse-shop.it\/"},{"@type":"ListItem","position":2,"name":"Tienda","item":"https:\/\/dev6.erresse-shop.it\/shop\/"},{"@type":"ListItem","position":3,"name":"SMEG Cafetera Autom\u00e1tica con Varilla de Vapor Blanca"}]},{"@type":"WebSite","@id":"https:\/\/dev6.erresse-shop.it\/#website","url":"https:\/\/dev6.erresse-shop.it\/","name":"Erresse Shop","description":"","publisher":{"@id":"https:\/\/dev6.erresse-shop.it\/#organization"},"potentialAction":[{"@type":"SearchAction","target":{"@type":"EntryPoint","urlTemplate":"https:\/\/dev6.erresse-shop.it\/?s={search_term_string}"},"query-input":{"@type":"PropertyValueSpecification","valueRequired":true,"valueName":"search_term_string"}}],"inLanguage":"es"},{"@type":"Organization","@id":"https:\/\/dev6.erresse-shop.it\/#organization","name":"Erresse Shop","url":"https:\/\/dev6.erresse-shop.it\/","logo":{"@type":"ImageObject","inLanguage":"es","@id":"https:\/\/dev6.erresse-shop.it\/#\/schema\/logo\/image\/","url":"https:\/\/dev6.erresse-shop.it\/wp-content\/uploads\/2025\/01\/LOGO-ERRESSE-CLASSICO.svg","contentUrl":"https:\/\/dev6.erresse-shop.it\/wp-content\/uploads\/2025\/01\/LOGO-ERRESSE-CLASSICO.svg","caption":"Erresse Shop"},"image":{"@id":"https:\/\/dev6.erresse-shop.it\/#\/schema\/logo\/image\/"}}]}},"df_price":619,"df_sale_price":619,"df_regular_price":699,"df_image_link":"https:\/\/i0.wp.com\/interpim.erresse-shop.it\/img-catalogo\/smeg\/smeg-macchina-da-caffe-automatica-con-lancia-vapore-bianco.png?resize=300,300&ssl=1","fifu_image_url":"https:\/\/interpim.erresse-shop.it\/img-catalogo\/smeg\/smeg-macchina-da-caffe-automatica-con-lancia-vapore-bianco.png","_links":{"self":[{"href":"https:\/\/dev6.erresse-shop.it\/es\/wp-json\/wp\/v2\/product\/1881275","targetHints":{"allow":["GET"]}}],"collection":[{"href":"https:\/\/dev6.erresse-shop.it\/es\/wp-json\/wp\/v2\/product"}],"about":[{"href":"https:\/\/dev6.erresse-shop.it\/es\/wp-json\/wp\/v2\/types\/product"}],"wp:featuredmedia":[{"embeddable":true,"href":"https:\/\/dev6.erresse-shop.it\/es\/wp-json\/wp\/v2\/media\/6367775"}],"wp:attachment":[{"href":"https:\/\/dev6.erresse-shop.it\/es\/wp-json\/wp\/v2\/media?parent=1881275"}],"wp:term":[{"taxonomy":"product_cat","embeddable":true,"href":"https:\/\/dev6.erresse-shop.it\/es\/wp-json\/wp\/v2\/product_cat?post=1881275"},{"taxonomy":"product_tag","embeddable":true,"href":"https:\/\/dev6.erresse-shop.it\/es\/wp-json\/wp\/v2\/product_tag?post=1881275"}],"curies":[{"name":"wp","href":"https:\/\/api.w.org\/{rel}","templated":true}]}}