{"id":1881251,"date":"2026-04-04T10:52:53","date_gmt":"2026-04-04T08:52:53","guid":{"rendered":"https:\/\/dev6.erresse-shop.it\/shop\/sin%20categor\u00eda\/ga-ma-gp-phon-iq-lite-rojo\/"},"modified":"2025-09-14T09:05:36","modified_gmt":"2025-09-14T07:05:36","slug":"ga-ma-gp-phon-iq-lite-rojo","status":"publish","type":"product","link":"https:\/\/dev6.erresse-shop.it\/es\/shop\/pequenos-electrodomesticos\/secadores-y-planchas-de-pelo\/ga-ma-gp-phon-iq-lite-rojo\/","title":{"rendered":"GA.MA GP Phon IQ Lite Rojo"},"content":{"rendered":"<p>La nueva iQ Lite incorpora las caracter\u00edsticas esenciales de innovaci\u00f3n y excelencia de su galardonada l\u00ednea iQ Perfetto. Con un dise\u00f1o italiano elegante y ultracompacto, combina ligereza, s\u00f3lo 316 gramos, y potencia<\/p>\n<p>SECADOR DE PELO IQ LITE RED<\/p>\n<p>El iQ Lite Red se caracteriza por su dise\u00f1o, su extrema ligereza y su innovadora tecnolog\u00eda. Con un peso de s\u00f3lo 316 gramos, el secador de pelo iQ Lite est\u00e1 equipado con un innovador motor sin escobillas de larga duraci\u00f3n. La velocidad del motor de 110.000 rpm, la potencia de 1500 W y la presi\u00f3n de 600 mmH20 garantizan un alto rendimiento.<\/p>\n<p>Est\u00e1 equipado con la tecnolog\u00eda Oxy-Active, que mejora la duraci\u00f3n y la viveza del color: esta tecnolog\u00eda garantiza un cabello de aspecto sano, hidratado, sin encrespamiento, brillante y realzado y permite el efecto Color Lock.<\/p>\n<p>Cuando se utiliza sin boquilla ni difusor, el innovador dise\u00f1o de la salida de aire recrea el efecto Venturi, es decir, multiplica el caudal de aire suministrado por el motor sin consumir energ\u00eda adicional, reduciendo el tiempo de secado.<\/p>\n<p>Las 6 combinaciones diferentes de 3 temperaturas y 2 velocidades te permiten elegir la que mejor se adapte a tus necesidades de peinado y el bot\u00f3n Cool Shot te permite fijar el peinado durante mucho tiempo.<\/p>\n<p>El iQ Lite incorpora un filtro externo magnetizado dise\u00f1ado para evitar que la suciedad y los productos qu\u00edmicos entren en el motor y lleguen al cabello, y un filtro interno de tela para atrapar las part\u00edculas ambientales m\u00e1s peque\u00f1as. Los dos filtros facilitan la limpieza y el mantenimiento del secador con el paso del tiempo.<\/p>\n","protected":false},"excerpt":{"rendered":"<p>La nueva iQ Lite incorpora las caracter\u00edsticas esenciales de innovaci\u00f3n y excelencia de su galardonada l\u00ednea iQ Perfetto. Con un dise\u00f1o italiano elegante y ultracompacto, combina ligereza, s\u00f3lo 316 gramos, y potencia SECADOR DE PELO IQ LITE RED El iQ Lite Red se caracteriza por su dise\u00f1o, su extrema ligereza y su innovadora tecnolog\u00eda. Con [&hellip;]<\/p>\n","protected":false},"featured_media":6284450,"template":"","meta":{"_acf_changed":false},"product_cat":[11947,11984],"product_tag":[],"class_list":{"0":"post-1881251","1":"product","2":"type-product","3":"status-publish","4":"has-post-thumbnail","6":"product_cat-pequenos-electrodomesticos","7":"product_cat-secadores-y-planchas-de-pelo","9":"first","10":"instock","11":"sale","12":"taxable","13":"shipping-taxable","14":"purchasable","15":"product-type-simple","swatches":"rey-swatches","show_selected":"","stretch_labels":"rey-swatches--stretch-labels"},"acf":[],"yoast_head":"<!-- This site is optimized with the Yoast SEO plugin v25.4 - https:\/\/yoast.com\/wordpress\/plugins\/seo\/ -->\n<title>GA.MA GP Phon IQ Lite Rojo - dev6 Erresse<\/title>\n<meta name=\"description\" content=\"La nueva iQ Lite incorpora las caracter\u00edsticas esenciales de innovaci\u00f3n y excelencia de su galardonada l\u00ednea iQ Perfetto. Con un dise\u00f1o italiano elegante\" \/>\n<meta name=\"robots\" content=\"noindex, follow, max-snippet:-1, max-image-preview:large, max-video-preview:-1\" \/>\n<meta property=\"og:locale\" content=\"es_ES\" \/>\n<meta property=\"og:type\" content=\"article\" \/>\n<meta property=\"og:title\" content=\"GA.MA GP Phon IQ Lite Rojo - dev6 Erresse\" \/>\n<meta property=\"og:description\" content=\"La nueva iQ Lite incorpora las caracter\u00edsticas esenciales de innovaci\u00f3n y excelencia de su galardonada l\u00ednea iQ Perfetto. Con un dise\u00f1o italiano elegante\" \/>\n<meta property=\"og:url\" content=\"https:\/\/dev6.erresse-shop.it\/es\/shop\/pequenos-electrodomesticos\/secadores-y-planchas-de-pelo\/ga-ma-gp-phon-iq-lite-rojo\/\" \/>\n<meta property=\"og:site_name\" content=\"dev6 Erresse\" \/>\n<meta property=\"og:image\" content=\"https:\/\/interpim.erresse-shop.it\/Import\/Prodotti\/ga.ma-gp-phon-iq-lite-rosso.jpg\" \/><meta property=\"og:image\" content=\"https:\/\/interpim.erresse-shop.it\/Import\/Prodotti\/ga.ma-gp-phon-iq-lite-rosso.jpg\" \/>\n\t<meta property=\"og:image:width\" content=\"1024\" \/>\n\t<meta property=\"og:image:height\" content=\"1024\" \/>\n\t<meta property=\"og:image:type\" content=\"image\/jpeg\" \/>\n<meta name=\"twitter:card\" content=\"summary_large_image\" \/>\n<meta name=\"twitter:image\" content=\"https:\/\/interpim.erresse-shop.it\/Import\/Prodotti\/ga.ma-gp-phon-iq-lite-rosso.jpg\" \/>\n<script type=\"application\/ld+json\" class=\"yoast-schema-graph\">{\"@context\":\"https:\/\/schema.org\",\"@graph\":[{\"@type\":\"WebPage\",\"@id\":\"https:\/\/dev6.erresse-shop.it\/es\/shop\/pequenos-electrodomesticos\/secadores-y-planchas-de-pelo\/ga-ma-gp-phon-iq-lite-rojo\/\",\"url\":\"https:\/\/dev6.erresse-shop.it\/es\/shop\/pequenos-electrodomesticos\/secadores-y-planchas-de-pelo\/ga-ma-gp-phon-iq-lite-rojo\/\",\"name\":\"GA.MA GP Phon IQ Lite Rojo - dev6 Erresse\",\"isPartOf\":{\"@id\":\"https:\/\/dev6.erresse-shop.it\/#website\"},\"primaryImageOfPage\":{\"@id\":\"https:\/\/dev6.erresse-shop.it\/es\/shop\/pequenos-electrodomesticos\/secadores-y-planchas-de-pelo\/ga-ma-gp-phon-iq-lite-rojo\/#primaryimage\"},\"image\":{\"@id\":\"https:\/\/dev6.erresse-shop.it\/es\/shop\/pequenos-electrodomesticos\/secadores-y-planchas-de-pelo\/ga-ma-gp-phon-iq-lite-rojo\/#primaryimage\"},\"thumbnailUrl\":\"https:\/\/i0.wp.com\/interpim.erresse-shop.it\/Import\/Prodotti\/ga.ma-gp-phon-iq-lite-rosso.jpg?ssl=1\",\"datePublished\":\"2026-04-04T08:52:53+00:00\",\"description\":\"La nueva iQ Lite incorpora las caracter\u00edsticas esenciales de innovaci\u00f3n y excelencia de su galardonada l\u00ednea iQ Perfetto. Con un dise\u00f1o italiano elegante\",\"breadcrumb\":{\"@id\":\"https:\/\/dev6.erresse-shop.it\/es\/shop\/pequenos-electrodomesticos\/secadores-y-planchas-de-pelo\/ga-ma-gp-phon-iq-lite-rojo\/#breadcrumb\"},\"inLanguage\":\"es\",\"potentialAction\":[{\"@type\":\"ReadAction\",\"target\":[\"https:\/\/dev6.erresse-shop.it\/es\/shop\/pequenos-electrodomesticos\/secadores-y-planchas-de-pelo\/ga-ma-gp-phon-iq-lite-rojo\/\"]}]},{\"@type\":\"ImageObject\",\"inLanguage\":\"es\",\"@id\":\"https:\/\/dev6.erresse-shop.it\/es\/shop\/pequenos-electrodomesticos\/secadores-y-planchas-de-pelo\/ga-ma-gp-phon-iq-lite-rojo\/#primaryimage\",\"url\":\"https:\/\/i0.wp.com\/interpim.erresse-shop.it\/Import\/Prodotti\/ga.ma-gp-phon-iq-lite-rosso.jpg?ssl=1\",\"contentUrl\":\"https:\/\/i0.wp.com\/interpim.erresse-shop.it\/Import\/Prodotti\/ga.ma-gp-phon-iq-lite-rosso.jpg?ssl=1\"},{\"@type\":\"BreadcrumbList\",\"@id\":\"https:\/\/dev6.erresse-shop.it\/es\/shop\/pequenos-electrodomesticos\/secadores-y-planchas-de-pelo\/ga-ma-gp-phon-iq-lite-rojo\/#breadcrumb\",\"itemListElement\":[{\"@type\":\"ListItem\",\"position\":1,\"name\":\"Home\",\"item\":\"https:\/\/dev6.erresse-shop.it\/\"},{\"@type\":\"ListItem\",\"position\":2,\"name\":\"Tienda\",\"item\":\"https:\/\/dev6.erresse-shop.it\/shop\/\"},{\"@type\":\"ListItem\",\"position\":3,\"name\":\"GA.MA GP Phon IQ Lite Rojo\"}]},{\"@type\":\"WebSite\",\"@id\":\"https:\/\/dev6.erresse-shop.it\/#website\",\"url\":\"https:\/\/dev6.erresse-shop.it\/\",\"name\":\"Erresse Shop\",\"description\":\"\",\"publisher\":{\"@id\":\"https:\/\/dev6.erresse-shop.it\/#organization\"},\"potentialAction\":[{\"@type\":\"SearchAction\",\"target\":{\"@type\":\"EntryPoint\",\"urlTemplate\":\"https:\/\/dev6.erresse-shop.it\/?s={search_term_string}\"},\"query-input\":{\"@type\":\"PropertyValueSpecification\",\"valueRequired\":true,\"valueName\":\"search_term_string\"}}],\"inLanguage\":\"es\"},{\"@type\":\"Organization\",\"@id\":\"https:\/\/dev6.erresse-shop.it\/#organization\",\"name\":\"Erresse Shop\",\"url\":\"https:\/\/dev6.erresse-shop.it\/\",\"logo\":{\"@type\":\"ImageObject\",\"inLanguage\":\"es\",\"@id\":\"https:\/\/dev6.erresse-shop.it\/#\/schema\/logo\/image\/\",\"url\":\"https:\/\/dev6.erresse-shop.it\/wp-content\/uploads\/2025\/01\/LOGO-ERRESSE-CLASSICO.svg\",\"contentUrl\":\"https:\/\/dev6.erresse-shop.it\/wp-content\/uploads\/2025\/01\/LOGO-ERRESSE-CLASSICO.svg\",\"caption\":\"Erresse Shop\"},\"image\":{\"@id\":\"https:\/\/dev6.erresse-shop.it\/#\/schema\/logo\/image\/\"}}]}<\/script>\n<!-- \/ Yoast SEO plugin. -->","yoast_head_json":{"title":"GA.MA GP Phon IQ Lite Rojo - dev6 Erresse","description":"La nueva iQ Lite incorpora las caracter\u00edsticas esenciales de innovaci\u00f3n y excelencia de su galardonada l\u00ednea iQ Perfetto. Con un dise\u00f1o italiano elegante","robots":{"index":"noindex","follow":"follow","max-snippet":"max-snippet:-1","max-image-preview":"max-image-preview:large","max-video-preview":"max-video-preview:-1"},"og_locale":"es_ES","og_type":"article","og_title":"GA.MA GP Phon IQ Lite Rojo - dev6 Erresse","og_description":"La nueva iQ Lite incorpora las caracter\u00edsticas esenciales de innovaci\u00f3n y excelencia de su galardonada l\u00ednea iQ Perfetto. Con un dise\u00f1o italiano elegante","og_url":"https:\/\/dev6.erresse-shop.it\/es\/shop\/pequenos-electrodomesticos\/secadores-y-planchas-de-pelo\/ga-ma-gp-phon-iq-lite-rojo\/","og_site_name":"dev6 Erresse","og_image":[{"url":"https:\/\/interpim.erresse-shop.it\/Import\/Prodotti\/ga.ma-gp-phon-iq-lite-rosso.jpg","type":"","width":"","height":""},{"url":"https:\/\/interpim.erresse-shop.it\/Import\/Prodotti\/ga.ma-gp-phon-iq-lite-rosso.jpg","width":1024,"height":1024,"type":"image\/jpeg"}],"twitter_card":"summary_large_image","twitter_image":"https:\/\/interpim.erresse-shop.it\/Import\/Prodotti\/ga.ma-gp-phon-iq-lite-rosso.jpg","schema":{"@context":"https:\/\/schema.org","@graph":[{"@type":"WebPage","@id":"https:\/\/dev6.erresse-shop.it\/es\/shop\/pequenos-electrodomesticos\/secadores-y-planchas-de-pelo\/ga-ma-gp-phon-iq-lite-rojo\/","url":"https:\/\/dev6.erresse-shop.it\/es\/shop\/pequenos-electrodomesticos\/secadores-y-planchas-de-pelo\/ga-ma-gp-phon-iq-lite-rojo\/","name":"GA.MA GP Phon IQ Lite Rojo - dev6 Erresse","isPartOf":{"@id":"https:\/\/dev6.erresse-shop.it\/#website"},"primaryImageOfPage":{"@id":"https:\/\/dev6.erresse-shop.it\/es\/shop\/pequenos-electrodomesticos\/secadores-y-planchas-de-pelo\/ga-ma-gp-phon-iq-lite-rojo\/#primaryimage"},"image":{"@id":"https:\/\/dev6.erresse-shop.it\/es\/shop\/pequenos-electrodomesticos\/secadores-y-planchas-de-pelo\/ga-ma-gp-phon-iq-lite-rojo\/#primaryimage"},"thumbnailUrl":"https:\/\/i0.wp.com\/interpim.erresse-shop.it\/Import\/Prodotti\/ga.ma-gp-phon-iq-lite-rosso.jpg?ssl=1","datePublished":"2026-04-04T08:52:53+00:00","description":"La nueva iQ Lite incorpora las caracter\u00edsticas esenciales de innovaci\u00f3n y excelencia de su galardonada l\u00ednea iQ Perfetto. Con un dise\u00f1o italiano elegante","breadcrumb":{"@id":"https:\/\/dev6.erresse-shop.it\/es\/shop\/pequenos-electrodomesticos\/secadores-y-planchas-de-pelo\/ga-ma-gp-phon-iq-lite-rojo\/#breadcrumb"},"inLanguage":"es","potentialAction":[{"@type":"ReadAction","target":["https:\/\/dev6.erresse-shop.it\/es\/shop\/pequenos-electrodomesticos\/secadores-y-planchas-de-pelo\/ga-ma-gp-phon-iq-lite-rojo\/"]}]},{"@type":"ImageObject","inLanguage":"es","@id":"https:\/\/dev6.erresse-shop.it\/es\/shop\/pequenos-electrodomesticos\/secadores-y-planchas-de-pelo\/ga-ma-gp-phon-iq-lite-rojo\/#primaryimage","url":"https:\/\/i0.wp.com\/interpim.erresse-shop.it\/Import\/Prodotti\/ga.ma-gp-phon-iq-lite-rosso.jpg?ssl=1","contentUrl":"https:\/\/i0.wp.com\/interpim.erresse-shop.it\/Import\/Prodotti\/ga.ma-gp-phon-iq-lite-rosso.jpg?ssl=1"},{"@type":"BreadcrumbList","@id":"https:\/\/dev6.erresse-shop.it\/es\/shop\/pequenos-electrodomesticos\/secadores-y-planchas-de-pelo\/ga-ma-gp-phon-iq-lite-rojo\/#breadcrumb","itemListElement":[{"@type":"ListItem","position":1,"name":"Home","item":"https:\/\/dev6.erresse-shop.it\/"},{"@type":"ListItem","position":2,"name":"Tienda","item":"https:\/\/dev6.erresse-shop.it\/shop\/"},{"@type":"ListItem","position":3,"name":"GA.MA GP Phon IQ Lite Rojo"}]},{"@type":"WebSite","@id":"https:\/\/dev6.erresse-shop.it\/#website","url":"https:\/\/dev6.erresse-shop.it\/","name":"Erresse Shop","description":"","publisher":{"@id":"https:\/\/dev6.erresse-shop.it\/#organization"},"potentialAction":[{"@type":"SearchAction","target":{"@type":"EntryPoint","urlTemplate":"https:\/\/dev6.erresse-shop.it\/?s={search_term_string}"},"query-input":{"@type":"PropertyValueSpecification","valueRequired":true,"valueName":"search_term_string"}}],"inLanguage":"es"},{"@type":"Organization","@id":"https:\/\/dev6.erresse-shop.it\/#organization","name":"Erresse Shop","url":"https:\/\/dev6.erresse-shop.it\/","logo":{"@type":"ImageObject","inLanguage":"es","@id":"https:\/\/dev6.erresse-shop.it\/#\/schema\/logo\/image\/","url":"https:\/\/dev6.erresse-shop.it\/wp-content\/uploads\/2025\/01\/LOGO-ERRESSE-CLASSICO.svg","contentUrl":"https:\/\/dev6.erresse-shop.it\/wp-content\/uploads\/2025\/01\/LOGO-ERRESSE-CLASSICO.svg","caption":"Erresse Shop"},"image":{"@id":"https:\/\/dev6.erresse-shop.it\/#\/schema\/logo\/image\/"}}]}},"df_price":109,"df_sale_price":109,"df_regular_price":129,"df_image_link":"https:\/\/i0.wp.com\/interpim.erresse-shop.it\/Import\/Prodotti\/ga.ma-gp-phon-iq-lite-rosso.jpg?resize=300,300&ssl=1","fifu_image_url":"https:\/\/interpim.erresse-shop.it\/Import\/Prodotti\/ga.ma-gp-phon-iq-lite-rosso.jpg","_links":{"self":[{"href":"https:\/\/dev6.erresse-shop.it\/es\/wp-json\/wp\/v2\/product\/1881251","targetHints":{"allow":["GET"]}}],"collection":[{"href":"https:\/\/dev6.erresse-shop.it\/es\/wp-json\/wp\/v2\/product"}],"about":[{"href":"https:\/\/dev6.erresse-shop.it\/es\/wp-json\/wp\/v2\/types\/product"}],"wp:featuredmedia":[{"embeddable":true,"href":"https:\/\/dev6.erresse-shop.it\/es\/wp-json\/wp\/v2\/media\/6284450"}],"wp:attachment":[{"href":"https:\/\/dev6.erresse-shop.it\/es\/wp-json\/wp\/v2\/media?parent=1881251"}],"wp:term":[{"taxonomy":"product_cat","embeddable":true,"href":"https:\/\/dev6.erresse-shop.it\/es\/wp-json\/wp\/v2\/product_cat?post=1881251"},{"taxonomy":"product_tag","embeddable":true,"href":"https:\/\/dev6.erresse-shop.it\/es\/wp-json\/wp\/v2\/product_tag?post=1881251"}],"curies":[{"name":"wp","href":"https:\/\/api.w.org\/{rel}","templated":true}]}}