{"id":1881221,"date":"2026-04-12T10:53:39","date_gmt":"2026-04-12T08:53:39","guid":{"rendered":"https:\/\/dev6.erresse-shop.it\/shop\/sin%20categor\u00eda\/villeroy-boch-vieux-luxembourg-brindille-lote-de-6-platos-de-postre-22-cm-blanco\/"},"modified":"2025-09-14T09:04:18","modified_gmt":"2025-09-14T07:04:18","slug":"villeroy-boch-vieux-luxembourg-brindille-lote-de-6-platos-de-postre-22-cm-blanco","status":"publish","type":"product","link":"https:\/\/dev6.erresse-shop.it\/es\/shop\/tabla\/platos\/villeroy-boch-vieux-luxembourg-brindille-lote-de-6-platos-de-postre-22-cm-blanco\/","title":{"rendered":"VILLEROY &#038; BOCH Vieux Luxembourg Brindille Lote de 6 Platos de Postre 22 cm Blanco"},"content":{"rendered":"<p>Plato peque\u00f1o para dulces y delicias de desayuno<br \/>\nVieux Luxembourg Brindille es una nueva y moderna reinterpretaci\u00f3n de la colecci\u00f3n Vieux Luxembourg. Los grandes motivos en azul y blanco sobre una forma sencilla y sin florituras recuerdan los elementos de la decoraci\u00f3n cl\u00e1sica y le confieren un aspecto joven y moderno. El dise\u00f1o combina tradici\u00f3n y modernidad, aportando una calidez especial a su hogar cada d\u00eda. El vers\u00e1til plato de desayuno es ideal para el desayuno, el brunch o una tarta de aperitivo. Empiece el d\u00eda con estilo.<\/p>\n<p>Material: porcelana de primera calidad<br \/>\nDi\u00e1metro: aprox. 216 mm<br \/>\nApto para lavavajillas: s\u00ed<br \/>\nApto para microondas: s\u00ed<\/p>\n","protected":false},"excerpt":{"rendered":"<p>Plato peque\u00f1o para dulces y delicias de desayuno Vieux Luxembourg Brindille es una nueva y moderna reinterpretaci\u00f3n de la colecci\u00f3n Vieux Luxembourg. Los grandes motivos en azul y blanco sobre una forma sencilla y sin florituras recuerdan los elementos de la decoraci\u00f3n cl\u00e1sica y le confieren un aspecto joven y moderno. El dise\u00f1o combina tradici\u00f3n [&hellip;]<\/p>\n","protected":false},"featured_media":6367659,"template":"","meta":{"_acf_changed":false},"product_cat":[11906,11887,11671],"product_tag":[],"class_list":{"0":"post-1881221","1":"product","2":"type-product","3":"status-publish","4":"has-post-thumbnail","6":"product_cat-platos","7":"product_cat-tabla","8":"product_cat-tavola","10":"first","11":"instock","12":"sale","13":"taxable","14":"shipping-taxable","15":"purchasable","16":"product-type-simple","swatches":"rey-swatches","show_selected":"","stretch_labels":"rey-swatches--stretch-labels"},"acf":[],"yoast_head":"<!-- This site is optimized with the Yoast SEO plugin v25.4 - https:\/\/yoast.com\/wordpress\/plugins\/seo\/ -->\n<title>VILLEROY &#038; BOCH Vieux Luxembourg Brindille Lote de 6 Platos de Postre 22 cm Blanco - dev6 Erresse<\/title>\n<meta name=\"description\" content=\"Plato peque\u00f1o para dulces y delicias de desayuno Vieux Luxembourg Brindille es una nueva y moderna reinterpretaci\u00f3n de la colecci\u00f3n Vieux Luxembourg. Los\" \/>\n<meta name=\"robots\" content=\"noindex, follow, max-snippet:-1, max-image-preview:large, max-video-preview:-1\" \/>\n<meta property=\"og:locale\" content=\"es_ES\" \/>\n<meta property=\"og:type\" content=\"article\" \/>\n<meta property=\"og:title\" content=\"VILLEROY &#038; BOCH Vieux Luxembourg Brindille Lote de 6 Platos de Postre 22 cm Blanco - dev6 Erresse\" \/>\n<meta property=\"og:description\" content=\"Plato peque\u00f1o para dulces y delicias de desayuno Vieux Luxembourg Brindille es una nueva y moderna reinterpretaci\u00f3n de la colecci\u00f3n Vieux Luxembourg. Los\" \/>\n<meta property=\"og:url\" content=\"https:\/\/dev6.erresse-shop.it\/es\/shop\/tabla\/platos\/villeroy-boch-vieux-luxembourg-brindille-lote-de-6-platos-de-postre-22-cm-blanco\/\" \/>\n<meta property=\"og:site_name\" content=\"dev6 Erresse\" \/>\n<meta property=\"og:image\" content=\"https:\/\/interpim.erresse-shop.it\/wp-content\/uploads\/2024\/05\/VILLEROY-BOCH-Vieux-Luxembourg-Brindille-Set-6-Piatti-Dessert-22-cm-Bianco.jpg\/villeroy-boch-vieux-luxembourg-brindille-set-6-piatti-dessert-22-cm-bianco.jpg\" \/><meta property=\"og:image\" content=\"https:\/\/interpim.erresse-shop.it\/wp-content\/uploads\/2024\/05\/VILLEROY-BOCH-Vieux-Luxembourg-Brindille-Set-6-Piatti-Dessert-22-cm-Bianco.jpg\/villeroy-boch-vieux-luxembourg-brindille-set-6-piatti-dessert-22-cm-bianco.jpg\" \/>\n\t<meta property=\"og:image:width\" content=\"1024\" \/>\n\t<meta property=\"og:image:height\" content=\"1024\" \/>\n\t<meta property=\"og:image:type\" content=\"image\/jpeg\" \/>\n<meta name=\"twitter:card\" content=\"summary_large_image\" \/>\n<meta name=\"twitter:image\" content=\"https:\/\/interpim.erresse-shop.it\/wp-content\/uploads\/2024\/05\/VILLEROY-BOCH-Vieux-Luxembourg-Brindille-Set-6-Piatti-Dessert-22-cm-Bianco.jpg\/villeroy-boch-vieux-luxembourg-brindille-set-6-piatti-dessert-22-cm-bianco.jpg\" \/>\n<script type=\"application\/ld+json\" class=\"yoast-schema-graph\">{\"@context\":\"https:\/\/schema.org\",\"@graph\":[{\"@type\":\"WebPage\",\"@id\":\"https:\/\/dev6.erresse-shop.it\/es\/shop\/tabla\/platos\/villeroy-boch-vieux-luxembourg-brindille-lote-de-6-platos-de-postre-22-cm-blanco\/\",\"url\":\"https:\/\/dev6.erresse-shop.it\/es\/shop\/tabla\/platos\/villeroy-boch-vieux-luxembourg-brindille-lote-de-6-platos-de-postre-22-cm-blanco\/\",\"name\":\"VILLEROY &#038; BOCH Vieux Luxembourg Brindille Lote de 6 Platos de Postre 22 cm Blanco - dev6 Erresse\",\"isPartOf\":{\"@id\":\"https:\/\/dev6.erresse-shop.it\/#website\"},\"primaryImageOfPage\":{\"@id\":\"https:\/\/dev6.erresse-shop.it\/es\/shop\/tabla\/platos\/villeroy-boch-vieux-luxembourg-brindille-lote-de-6-platos-de-postre-22-cm-blanco\/#primaryimage\"},\"image\":{\"@id\":\"https:\/\/dev6.erresse-shop.it\/es\/shop\/tabla\/platos\/villeroy-boch-vieux-luxembourg-brindille-lote-de-6-platos-de-postre-22-cm-blanco\/#primaryimage\"},\"thumbnailUrl\":\"https:\/\/i1.wp.com\/interpim.erresse-shop.it\/wp-content\/uploads\/2024\/05\/VILLEROY-BOCH-Vieux-Luxembourg-Brindille-Set-6-Piatti-Dessert-22-cm-Bianco.jpg\/villeroy-boch-vieux-luxembourg-brindille-set-6-piatti-dessert-22-cm-bianco.jpg?ssl=1\",\"datePublished\":\"2026-04-12T08:53:39+00:00\",\"description\":\"Plato peque\u00f1o para dulces y delicias de desayuno Vieux Luxembourg Brindille es una nueva y moderna reinterpretaci\u00f3n de la colecci\u00f3n Vieux Luxembourg. Los\",\"breadcrumb\":{\"@id\":\"https:\/\/dev6.erresse-shop.it\/es\/shop\/tabla\/platos\/villeroy-boch-vieux-luxembourg-brindille-lote-de-6-platos-de-postre-22-cm-blanco\/#breadcrumb\"},\"inLanguage\":\"es\",\"potentialAction\":[{\"@type\":\"ReadAction\",\"target\":[\"https:\/\/dev6.erresse-shop.it\/es\/shop\/tabla\/platos\/villeroy-boch-vieux-luxembourg-brindille-lote-de-6-platos-de-postre-22-cm-blanco\/\"]}]},{\"@type\":\"ImageObject\",\"inLanguage\":\"es\",\"@id\":\"https:\/\/dev6.erresse-shop.it\/es\/shop\/tabla\/platos\/villeroy-boch-vieux-luxembourg-brindille-lote-de-6-platos-de-postre-22-cm-blanco\/#primaryimage\",\"url\":\"https:\/\/i1.wp.com\/interpim.erresse-shop.it\/wp-content\/uploads\/2024\/05\/VILLEROY-BOCH-Vieux-Luxembourg-Brindille-Set-6-Piatti-Dessert-22-cm-Bianco.jpg\/villeroy-boch-vieux-luxembourg-brindille-set-6-piatti-dessert-22-cm-bianco.jpg?ssl=1\",\"contentUrl\":\"https:\/\/i1.wp.com\/interpim.erresse-shop.it\/wp-content\/uploads\/2024\/05\/VILLEROY-BOCH-Vieux-Luxembourg-Brindille-Set-6-Piatti-Dessert-22-cm-Bianco.jpg\/villeroy-boch-vieux-luxembourg-brindille-set-6-piatti-dessert-22-cm-bianco.jpg?ssl=1\"},{\"@type\":\"BreadcrumbList\",\"@id\":\"https:\/\/dev6.erresse-shop.it\/es\/shop\/tabla\/platos\/villeroy-boch-vieux-luxembourg-brindille-lote-de-6-platos-de-postre-22-cm-blanco\/#breadcrumb\",\"itemListElement\":[{\"@type\":\"ListItem\",\"position\":1,\"name\":\"Home\",\"item\":\"https:\/\/dev6.erresse-shop.it\/\"},{\"@type\":\"ListItem\",\"position\":2,\"name\":\"Tienda\",\"item\":\"https:\/\/dev6.erresse-shop.it\/shop\/\"},{\"@type\":\"ListItem\",\"position\":3,\"name\":\"VILLEROY &#038; BOCH Vieux Luxembourg Brindille Lote de 6 Platos de Postre 22 cm Blanco\"}]},{\"@type\":\"WebSite\",\"@id\":\"https:\/\/dev6.erresse-shop.it\/#website\",\"url\":\"https:\/\/dev6.erresse-shop.it\/\",\"name\":\"Erresse Shop\",\"description\":\"\",\"publisher\":{\"@id\":\"https:\/\/dev6.erresse-shop.it\/#organization\"},\"potentialAction\":[{\"@type\":\"SearchAction\",\"target\":{\"@type\":\"EntryPoint\",\"urlTemplate\":\"https:\/\/dev6.erresse-shop.it\/?s={search_term_string}\"},\"query-input\":{\"@type\":\"PropertyValueSpecification\",\"valueRequired\":true,\"valueName\":\"search_term_string\"}}],\"inLanguage\":\"es\"},{\"@type\":\"Organization\",\"@id\":\"https:\/\/dev6.erresse-shop.it\/#organization\",\"name\":\"Erresse Shop\",\"url\":\"https:\/\/dev6.erresse-shop.it\/\",\"logo\":{\"@type\":\"ImageObject\",\"inLanguage\":\"es\",\"@id\":\"https:\/\/dev6.erresse-shop.it\/#\/schema\/logo\/image\/\",\"url\":\"https:\/\/dev6.erresse-shop.it\/wp-content\/uploads\/2025\/01\/LOGO-ERRESSE-CLASSICO.svg\",\"contentUrl\":\"https:\/\/dev6.erresse-shop.it\/wp-content\/uploads\/2025\/01\/LOGO-ERRESSE-CLASSICO.svg\",\"caption\":\"Erresse Shop\"},\"image\":{\"@id\":\"https:\/\/dev6.erresse-shop.it\/#\/schema\/logo\/image\/\"}}]}<\/script>\n<!-- \/ Yoast SEO plugin. -->","yoast_head_json":{"title":"VILLEROY &#038; BOCH Vieux Luxembourg Brindille Lote de 6 Platos de Postre 22 cm Blanco - dev6 Erresse","description":"Plato peque\u00f1o para dulces y delicias de desayuno Vieux Luxembourg Brindille es una nueva y moderna reinterpretaci\u00f3n de la colecci\u00f3n Vieux Luxembourg. Los","robots":{"index":"noindex","follow":"follow","max-snippet":"max-snippet:-1","max-image-preview":"max-image-preview:large","max-video-preview":"max-video-preview:-1"},"og_locale":"es_ES","og_type":"article","og_title":"VILLEROY &#038; BOCH Vieux Luxembourg Brindille Lote de 6 Platos de Postre 22 cm Blanco - dev6 Erresse","og_description":"Plato peque\u00f1o para dulces y delicias de desayuno Vieux Luxembourg Brindille es una nueva y moderna reinterpretaci\u00f3n de la colecci\u00f3n Vieux Luxembourg. Los","og_url":"https:\/\/dev6.erresse-shop.it\/es\/shop\/tabla\/platos\/villeroy-boch-vieux-luxembourg-brindille-lote-de-6-platos-de-postre-22-cm-blanco\/","og_site_name":"dev6 Erresse","og_image":[{"url":"https:\/\/interpim.erresse-shop.it\/wp-content\/uploads\/2024\/05\/VILLEROY-BOCH-Vieux-Luxembourg-Brindille-Set-6-Piatti-Dessert-22-cm-Bianco.jpg\/villeroy-boch-vieux-luxembourg-brindille-set-6-piatti-dessert-22-cm-bianco.jpg","type":"","width":"","height":""},{"url":"https:\/\/interpim.erresse-shop.it\/wp-content\/uploads\/2024\/05\/VILLEROY-BOCH-Vieux-Luxembourg-Brindille-Set-6-Piatti-Dessert-22-cm-Bianco.jpg\/villeroy-boch-vieux-luxembourg-brindille-set-6-piatti-dessert-22-cm-bianco.jpg","width":1024,"height":1024,"type":"image\/jpeg"}],"twitter_card":"summary_large_image","twitter_image":"https:\/\/interpim.erresse-shop.it\/wp-content\/uploads\/2024\/05\/VILLEROY-BOCH-Vieux-Luxembourg-Brindille-Set-6-Piatti-Dessert-22-cm-Bianco.jpg\/villeroy-boch-vieux-luxembourg-brindille-set-6-piatti-dessert-22-cm-bianco.jpg","schema":{"@context":"https:\/\/schema.org","@graph":[{"@type":"WebPage","@id":"https:\/\/dev6.erresse-shop.it\/es\/shop\/tabla\/platos\/villeroy-boch-vieux-luxembourg-brindille-lote-de-6-platos-de-postre-22-cm-blanco\/","url":"https:\/\/dev6.erresse-shop.it\/es\/shop\/tabla\/platos\/villeroy-boch-vieux-luxembourg-brindille-lote-de-6-platos-de-postre-22-cm-blanco\/","name":"VILLEROY &#038; BOCH Vieux Luxembourg Brindille Lote de 6 Platos de Postre 22 cm Blanco - dev6 Erresse","isPartOf":{"@id":"https:\/\/dev6.erresse-shop.it\/#website"},"primaryImageOfPage":{"@id":"https:\/\/dev6.erresse-shop.it\/es\/shop\/tabla\/platos\/villeroy-boch-vieux-luxembourg-brindille-lote-de-6-platos-de-postre-22-cm-blanco\/#primaryimage"},"image":{"@id":"https:\/\/dev6.erresse-shop.it\/es\/shop\/tabla\/platos\/villeroy-boch-vieux-luxembourg-brindille-lote-de-6-platos-de-postre-22-cm-blanco\/#primaryimage"},"thumbnailUrl":"https:\/\/i1.wp.com\/interpim.erresse-shop.it\/wp-content\/uploads\/2024\/05\/VILLEROY-BOCH-Vieux-Luxembourg-Brindille-Set-6-Piatti-Dessert-22-cm-Bianco.jpg\/villeroy-boch-vieux-luxembourg-brindille-set-6-piatti-dessert-22-cm-bianco.jpg?ssl=1","datePublished":"2026-04-12T08:53:39+00:00","description":"Plato peque\u00f1o para dulces y delicias de desayuno Vieux Luxembourg Brindille es una nueva y moderna reinterpretaci\u00f3n de la colecci\u00f3n Vieux Luxembourg. Los","breadcrumb":{"@id":"https:\/\/dev6.erresse-shop.it\/es\/shop\/tabla\/platos\/villeroy-boch-vieux-luxembourg-brindille-lote-de-6-platos-de-postre-22-cm-blanco\/#breadcrumb"},"inLanguage":"es","potentialAction":[{"@type":"ReadAction","target":["https:\/\/dev6.erresse-shop.it\/es\/shop\/tabla\/platos\/villeroy-boch-vieux-luxembourg-brindille-lote-de-6-platos-de-postre-22-cm-blanco\/"]}]},{"@type":"ImageObject","inLanguage":"es","@id":"https:\/\/dev6.erresse-shop.it\/es\/shop\/tabla\/platos\/villeroy-boch-vieux-luxembourg-brindille-lote-de-6-platos-de-postre-22-cm-blanco\/#primaryimage","url":"https:\/\/i1.wp.com\/interpim.erresse-shop.it\/wp-content\/uploads\/2024\/05\/VILLEROY-BOCH-Vieux-Luxembourg-Brindille-Set-6-Piatti-Dessert-22-cm-Bianco.jpg\/villeroy-boch-vieux-luxembourg-brindille-set-6-piatti-dessert-22-cm-bianco.jpg?ssl=1","contentUrl":"https:\/\/i1.wp.com\/interpim.erresse-shop.it\/wp-content\/uploads\/2024\/05\/VILLEROY-BOCH-Vieux-Luxembourg-Brindille-Set-6-Piatti-Dessert-22-cm-Bianco.jpg\/villeroy-boch-vieux-luxembourg-brindille-set-6-piatti-dessert-22-cm-bianco.jpg?ssl=1"},{"@type":"BreadcrumbList","@id":"https:\/\/dev6.erresse-shop.it\/es\/shop\/tabla\/platos\/villeroy-boch-vieux-luxembourg-brindille-lote-de-6-platos-de-postre-22-cm-blanco\/#breadcrumb","itemListElement":[{"@type":"ListItem","position":1,"name":"Home","item":"https:\/\/dev6.erresse-shop.it\/"},{"@type":"ListItem","position":2,"name":"Tienda","item":"https:\/\/dev6.erresse-shop.it\/shop\/"},{"@type":"ListItem","position":3,"name":"VILLEROY &#038; BOCH Vieux Luxembourg Brindille Lote de 6 Platos de Postre 22 cm Blanco"}]},{"@type":"WebSite","@id":"https:\/\/dev6.erresse-shop.it\/#website","url":"https:\/\/dev6.erresse-shop.it\/","name":"Erresse Shop","description":"","publisher":{"@id":"https:\/\/dev6.erresse-shop.it\/#organization"},"potentialAction":[{"@type":"SearchAction","target":{"@type":"EntryPoint","urlTemplate":"https:\/\/dev6.erresse-shop.it\/?s={search_term_string}"},"query-input":{"@type":"PropertyValueSpecification","valueRequired":true,"valueName":"search_term_string"}}],"inLanguage":"es"},{"@type":"Organization","@id":"https:\/\/dev6.erresse-shop.it\/#organization","name":"Erresse Shop","url":"https:\/\/dev6.erresse-shop.it\/","logo":{"@type":"ImageObject","inLanguage":"es","@id":"https:\/\/dev6.erresse-shop.it\/#\/schema\/logo\/image\/","url":"https:\/\/dev6.erresse-shop.it\/wp-content\/uploads\/2025\/01\/LOGO-ERRESSE-CLASSICO.svg","contentUrl":"https:\/\/dev6.erresse-shop.it\/wp-content\/uploads\/2025\/01\/LOGO-ERRESSE-CLASSICO.svg","caption":"Erresse Shop"},"image":{"@id":"https:\/\/dev6.erresse-shop.it\/#\/schema\/logo\/image\/"}}]}},"df_price":129.95,"df_sale_price":129.95,"df_regular_price":167.4,"df_image_link":"https:\/\/i1.wp.com\/interpim.erresse-shop.it\/wp-content\/uploads\/2024\/05\/VILLEROY-BOCH-Vieux-Luxembourg-Brindille-Set-6-Piatti-Dessert-22-cm-Bianco.jpg\/villeroy-boch-vieux-luxembourg-brindille-set-6-piatti-dessert-22-cm-bianco.jpg?resize=300,300&ssl=1","fifu_image_url":"https:\/\/interpim.erresse-shop.it\/wp-content\/uploads\/2024\/05\/VILLEROY-BOCH-Vieux-Luxembourg-Brindille-Set-6-Piatti-Dessert-22-cm-Bianco.jpg\/villeroy-boch-vieux-luxembourg-brindille-set-6-piatti-dessert-22-cm-bianco.jpg","_links":{"self":[{"href":"https:\/\/dev6.erresse-shop.it\/es\/wp-json\/wp\/v2\/product\/1881221","targetHints":{"allow":["GET"]}}],"collection":[{"href":"https:\/\/dev6.erresse-shop.it\/es\/wp-json\/wp\/v2\/product"}],"about":[{"href":"https:\/\/dev6.erresse-shop.it\/es\/wp-json\/wp\/v2\/types\/product"}],"wp:featuredmedia":[{"embeddable":true,"href":"https:\/\/dev6.erresse-shop.it\/es\/wp-json\/wp\/v2\/media\/6367659"}],"wp:attachment":[{"href":"https:\/\/dev6.erresse-shop.it\/es\/wp-json\/wp\/v2\/media?parent=1881221"}],"wp:term":[{"taxonomy":"product_cat","embeddable":true,"href":"https:\/\/dev6.erresse-shop.it\/es\/wp-json\/wp\/v2\/product_cat?post=1881221"},{"taxonomy":"product_tag","embeddable":true,"href":"https:\/\/dev6.erresse-shop.it\/es\/wp-json\/wp\/v2\/product_tag?post=1881221"}],"curies":[{"name":"wp","href":"https:\/\/api.w.org\/{rel}","templated":true}]}}