{"id":1881157,"date":"2026-04-12T10:49:56","date_gmt":"2026-04-12T08:49:56","guid":{"rendered":"https:\/\/dev6.erresse-shop.it\/shop\/sin%20categor\u00eda\/instant-pot-multicooker-duo-plus-silenciosa-57-l-negro\/"},"modified":"2025-09-14T09:02:36","modified_gmt":"2025-09-14T07:02:36","slug":"instant-pot-multicooker-duo-plus-silenciosa-57-l-negro","status":"publish","type":"product","link":"https:\/\/dev6.erresse-shop.it\/es\/shop\/pequenos-electrodomesticos\/procesadores-de-alimentos\/instant-pot-multicooker-duo-plus-silenciosa-57-l-negro\/","title":{"rendered":"INSTANT POT Multicooker Duo Plus Silenciosa 5,7 L Negro"},"content":{"rendered":"<p>La olla Instant Pot Duo Plus Whisper Quiet son 9 aparatos en 1: cocci\u00f3n a presi\u00f3n, olla de cocci\u00f3n lenta, arroz, vapor, salteado, yogur, sous vide, pasteles y mantener caliente con cocci\u00f3n guiada con 25 funciones inteligentes que se pueden personalizar con instrucciones paso a paso para simplificar las recetas.<\/p>\n<p>La olla Instant Pot\u00ae Duo\u2122 Plus est\u00e1 dise\u00f1ada para cocinar de forma sencilla, f\u00e1cil y c\u00f3moda sin preocupaciones, gracias a una liberaci\u00f3n de vapor silenciosa, un pr\u00e1ctico aviso cuando es seguro abrir la tapa y un interruptor de liberaci\u00f3n de vapor remoto que mantiene tus manos seguras.<\/p>\n<p>La Duo Plus Whisper Quiet es 9 aparatos en 1:<br \/>\ncocci\u00f3n a presi\u00f3n, cocci\u00f3n lenta, arroz, vapor, saltear, yogur, sous vide, postres y mantener caliente con opciones de cocci\u00f3n guiadas<\/p>\n<p>9 programas est\u00e1ndar Smart one-touch:<br \/>\n\u2013 arroz\/grano<br \/>\n\u2013 cocci\u00f3n a presi\u00f3n<br \/>\n\u2013 salteado\/parrilla<br \/>\n\u2013 cocci\u00f3n lenta<br \/>\n\u2013 cocci\u00f3n al vapor<br \/>\n\u2013 yogur<br \/>\n\u2013 al vac\u00edo<br \/>\n\u2013 tartas<br \/>\n\u2013 mantener caliente<\/p>\n<p>CARACTER\u00cdSTICAS T\u00c9CNICAS<\/p>\n<p>Capacidad: 5,7 litros<br \/>\nPotencia: 1000W<br \/>\nAlimentaci\u00f3n: 220V<br \/>\nMaterial Tapa y olla interior acero inoxidable, olla exterior acero inoxidable cepillado<\/p>\n<p>No a la venta fuera de Europa<\/p>\n","protected":false},"excerpt":{"rendered":"<p>La olla Instant Pot Duo Plus Whisper Quiet son 9 aparatos en 1: cocci\u00f3n a presi\u00f3n, olla de cocci\u00f3n lenta, arroz, vapor, salteado, yogur, sous vide, pasteles y mantener caliente con cocci\u00f3n guiada con 25 funciones inteligentes que se pueden personalizar con instrucciones paso a paso para simplificar las recetas. La olla Instant Pot\u00ae Duo\u2122 [&hellip;]<\/p>\n","protected":false},"featured_media":6367459,"template":"","meta":{"_acf_changed":false},"product_cat":[11947,11958],"product_tag":[],"class_list":{"0":"post-1881157","1":"product","2":"type-product","3":"status-publish","4":"has-post-thumbnail","6":"product_cat-pequenos-electrodomesticos","7":"product_cat-procesadores-de-alimentos","9":"first","10":"instock","11":"taxable","12":"shipping-taxable","13":"purchasable","14":"product-type-simple","swatches":"rey-swatches","show_selected":"","stretch_labels":"rey-swatches--stretch-labels"},"acf":[],"yoast_head":"<!-- This site is optimized with the Yoast SEO plugin v25.4 - https:\/\/yoast.com\/wordpress\/plugins\/seo\/ -->\n<title>INSTANT POT Multicooker Duo Plus Silenciosa 5,7 L Negro - dev6 Erresse<\/title>\n<meta name=\"description\" content=\"La olla Instant Pot Duo Plus Whisper Quiet son 9 aparatos en 1: cocci\u00f3n a presi\u00f3n, olla de cocci\u00f3n lenta, arroz, vapor, salteado, yogur, sous vide,\" \/>\n<meta name=\"robots\" content=\"noindex, follow, max-snippet:-1, max-image-preview:large, max-video-preview:-1\" \/>\n<meta property=\"og:locale\" content=\"es_ES\" \/>\n<meta property=\"og:type\" content=\"article\" \/>\n<meta property=\"og:title\" content=\"INSTANT POT Multicooker Duo Plus Silenciosa 5,7 L Negro - dev6 Erresse\" \/>\n<meta property=\"og:description\" content=\"La olla Instant Pot Duo Plus Whisper Quiet son 9 aparatos en 1: cocci\u00f3n a presi\u00f3n, olla de cocci\u00f3n lenta, arroz, vapor, salteado, yogur, sous vide,\" \/>\n<meta property=\"og:url\" content=\"https:\/\/dev6.erresse-shop.it\/es\/shop\/pequenos-electrodomesticos\/procesadores-de-alimentos\/instant-pot-multicooker-duo-plus-silenciosa-57-l-negro\/\" \/>\n<meta property=\"og:site_name\" content=\"dev6 Erresse\" \/>\n<meta property=\"og:image\" content=\"https:\/\/interpim.erresse-shop.it\/Import\/Prodotti\/instant-pot-multicooker-duo-plus-whisper-quiet-57-l-nero.jpg\" \/><meta property=\"og:image\" content=\"https:\/\/interpim.erresse-shop.it\/Import\/Prodotti\/instant-pot-multicooker-duo-plus-whisper-quiet-57-l-nero.jpg\" \/>\n\t<meta property=\"og:image:width\" content=\"1024\" \/>\n\t<meta property=\"og:image:height\" content=\"1024\" \/>\n\t<meta property=\"og:image:type\" content=\"image\/jpeg\" \/>\n<meta name=\"twitter:card\" content=\"summary_large_image\" \/>\n<meta name=\"twitter:image\" content=\"https:\/\/interpim.erresse-shop.it\/Import\/Prodotti\/instant-pot-multicooker-duo-plus-whisper-quiet-57-l-nero.jpg\" \/>\n<script type=\"application\/ld+json\" class=\"yoast-schema-graph\">{\"@context\":\"https:\/\/schema.org\",\"@graph\":[{\"@type\":\"WebPage\",\"@id\":\"https:\/\/dev6.erresse-shop.it\/es\/shop\/pequenos-electrodomesticos\/procesadores-de-alimentos\/instant-pot-multicooker-duo-plus-silenciosa-57-l-negro\/\",\"url\":\"https:\/\/dev6.erresse-shop.it\/es\/shop\/pequenos-electrodomesticos\/procesadores-de-alimentos\/instant-pot-multicooker-duo-plus-silenciosa-57-l-negro\/\",\"name\":\"INSTANT POT Multicooker Duo Plus Silenciosa 5,7 L Negro - dev6 Erresse\",\"isPartOf\":{\"@id\":\"https:\/\/dev6.erresse-shop.it\/#website\"},\"primaryImageOfPage\":{\"@id\":\"https:\/\/dev6.erresse-shop.it\/es\/shop\/pequenos-electrodomesticos\/procesadores-de-alimentos\/instant-pot-multicooker-duo-plus-silenciosa-57-l-negro\/#primaryimage\"},\"image\":{\"@id\":\"https:\/\/dev6.erresse-shop.it\/es\/shop\/pequenos-electrodomesticos\/procesadores-de-alimentos\/instant-pot-multicooker-duo-plus-silenciosa-57-l-negro\/#primaryimage\"},\"thumbnailUrl\":\"https:\/\/i2.wp.com\/interpim.erresse-shop.it\/Import\/Prodotti\/instant-pot-multicooker-duo-plus-whisper-quiet-57-l-nero.jpg?ssl=1\",\"datePublished\":\"2026-04-12T08:49:56+00:00\",\"description\":\"La olla Instant Pot Duo Plus Whisper Quiet son 9 aparatos en 1: cocci\u00f3n a presi\u00f3n, olla de cocci\u00f3n lenta, arroz, vapor, salteado, yogur, sous vide,\",\"breadcrumb\":{\"@id\":\"https:\/\/dev6.erresse-shop.it\/es\/shop\/pequenos-electrodomesticos\/procesadores-de-alimentos\/instant-pot-multicooker-duo-plus-silenciosa-57-l-negro\/#breadcrumb\"},\"inLanguage\":\"es\",\"potentialAction\":[{\"@type\":\"ReadAction\",\"target\":[\"https:\/\/dev6.erresse-shop.it\/es\/shop\/pequenos-electrodomesticos\/procesadores-de-alimentos\/instant-pot-multicooker-duo-plus-silenciosa-57-l-negro\/\"]}]},{\"@type\":\"ImageObject\",\"inLanguage\":\"es\",\"@id\":\"https:\/\/dev6.erresse-shop.it\/es\/shop\/pequenos-electrodomesticos\/procesadores-de-alimentos\/instant-pot-multicooker-duo-plus-silenciosa-57-l-negro\/#primaryimage\",\"url\":\"https:\/\/i2.wp.com\/interpim.erresse-shop.it\/Import\/Prodotti\/instant-pot-multicooker-duo-plus-whisper-quiet-57-l-nero.jpg?ssl=1\",\"contentUrl\":\"https:\/\/i2.wp.com\/interpim.erresse-shop.it\/Import\/Prodotti\/instant-pot-multicooker-duo-plus-whisper-quiet-57-l-nero.jpg?ssl=1\"},{\"@type\":\"BreadcrumbList\",\"@id\":\"https:\/\/dev6.erresse-shop.it\/es\/shop\/pequenos-electrodomesticos\/procesadores-de-alimentos\/instant-pot-multicooker-duo-plus-silenciosa-57-l-negro\/#breadcrumb\",\"itemListElement\":[{\"@type\":\"ListItem\",\"position\":1,\"name\":\"Home\",\"item\":\"https:\/\/dev6.erresse-shop.it\/\"},{\"@type\":\"ListItem\",\"position\":2,\"name\":\"Tienda\",\"item\":\"https:\/\/dev6.erresse-shop.it\/shop\/\"},{\"@type\":\"ListItem\",\"position\":3,\"name\":\"INSTANT POT Multicooker Duo Plus Silenciosa 5,7 L Negro\"}]},{\"@type\":\"WebSite\",\"@id\":\"https:\/\/dev6.erresse-shop.it\/#website\",\"url\":\"https:\/\/dev6.erresse-shop.it\/\",\"name\":\"Erresse Shop\",\"description\":\"\",\"publisher\":{\"@id\":\"https:\/\/dev6.erresse-shop.it\/#organization\"},\"potentialAction\":[{\"@type\":\"SearchAction\",\"target\":{\"@type\":\"EntryPoint\",\"urlTemplate\":\"https:\/\/dev6.erresse-shop.it\/?s={search_term_string}\"},\"query-input\":{\"@type\":\"PropertyValueSpecification\",\"valueRequired\":true,\"valueName\":\"search_term_string\"}}],\"inLanguage\":\"es\"},{\"@type\":\"Organization\",\"@id\":\"https:\/\/dev6.erresse-shop.it\/#organization\",\"name\":\"Erresse Shop\",\"url\":\"https:\/\/dev6.erresse-shop.it\/\",\"logo\":{\"@type\":\"ImageObject\",\"inLanguage\":\"es\",\"@id\":\"https:\/\/dev6.erresse-shop.it\/#\/schema\/logo\/image\/\",\"url\":\"https:\/\/dev6.erresse-shop.it\/wp-content\/uploads\/2025\/01\/LOGO-ERRESSE-CLASSICO.svg\",\"contentUrl\":\"https:\/\/dev6.erresse-shop.it\/wp-content\/uploads\/2025\/01\/LOGO-ERRESSE-CLASSICO.svg\",\"caption\":\"Erresse Shop\"},\"image\":{\"@id\":\"https:\/\/dev6.erresse-shop.it\/#\/schema\/logo\/image\/\"}}]}<\/script>\n<!-- \/ Yoast SEO plugin. -->","yoast_head_json":{"title":"INSTANT POT Multicooker Duo Plus Silenciosa 5,7 L Negro - dev6 Erresse","description":"La olla Instant Pot Duo Plus Whisper Quiet son 9 aparatos en 1: cocci\u00f3n a presi\u00f3n, olla de cocci\u00f3n lenta, arroz, vapor, salteado, yogur, sous vide,","robots":{"index":"noindex","follow":"follow","max-snippet":"max-snippet:-1","max-image-preview":"max-image-preview:large","max-video-preview":"max-video-preview:-1"},"og_locale":"es_ES","og_type":"article","og_title":"INSTANT POT Multicooker Duo Plus Silenciosa 5,7 L Negro - dev6 Erresse","og_description":"La olla Instant Pot Duo Plus Whisper Quiet son 9 aparatos en 1: cocci\u00f3n a presi\u00f3n, olla de cocci\u00f3n lenta, arroz, vapor, salteado, yogur, sous vide,","og_url":"https:\/\/dev6.erresse-shop.it\/es\/shop\/pequenos-electrodomesticos\/procesadores-de-alimentos\/instant-pot-multicooker-duo-plus-silenciosa-57-l-negro\/","og_site_name":"dev6 Erresse","og_image":[{"url":"https:\/\/interpim.erresse-shop.it\/Import\/Prodotti\/instant-pot-multicooker-duo-plus-whisper-quiet-57-l-nero.jpg","type":"","width":"","height":""},{"url":"https:\/\/interpim.erresse-shop.it\/Import\/Prodotti\/instant-pot-multicooker-duo-plus-whisper-quiet-57-l-nero.jpg","width":1024,"height":1024,"type":"image\/jpeg"}],"twitter_card":"summary_large_image","twitter_image":"https:\/\/interpim.erresse-shop.it\/Import\/Prodotti\/instant-pot-multicooker-duo-plus-whisper-quiet-57-l-nero.jpg","schema":{"@context":"https:\/\/schema.org","@graph":[{"@type":"WebPage","@id":"https:\/\/dev6.erresse-shop.it\/es\/shop\/pequenos-electrodomesticos\/procesadores-de-alimentos\/instant-pot-multicooker-duo-plus-silenciosa-57-l-negro\/","url":"https:\/\/dev6.erresse-shop.it\/es\/shop\/pequenos-electrodomesticos\/procesadores-de-alimentos\/instant-pot-multicooker-duo-plus-silenciosa-57-l-negro\/","name":"INSTANT POT Multicooker Duo Plus Silenciosa 5,7 L Negro - dev6 Erresse","isPartOf":{"@id":"https:\/\/dev6.erresse-shop.it\/#website"},"primaryImageOfPage":{"@id":"https:\/\/dev6.erresse-shop.it\/es\/shop\/pequenos-electrodomesticos\/procesadores-de-alimentos\/instant-pot-multicooker-duo-plus-silenciosa-57-l-negro\/#primaryimage"},"image":{"@id":"https:\/\/dev6.erresse-shop.it\/es\/shop\/pequenos-electrodomesticos\/procesadores-de-alimentos\/instant-pot-multicooker-duo-plus-silenciosa-57-l-negro\/#primaryimage"},"thumbnailUrl":"https:\/\/i2.wp.com\/interpim.erresse-shop.it\/Import\/Prodotti\/instant-pot-multicooker-duo-plus-whisper-quiet-57-l-nero.jpg?ssl=1","datePublished":"2026-04-12T08:49:56+00:00","description":"La olla Instant Pot Duo Plus Whisper Quiet son 9 aparatos en 1: cocci\u00f3n a presi\u00f3n, olla de cocci\u00f3n lenta, arroz, vapor, salteado, yogur, sous vide,","breadcrumb":{"@id":"https:\/\/dev6.erresse-shop.it\/es\/shop\/pequenos-electrodomesticos\/procesadores-de-alimentos\/instant-pot-multicooker-duo-plus-silenciosa-57-l-negro\/#breadcrumb"},"inLanguage":"es","potentialAction":[{"@type":"ReadAction","target":["https:\/\/dev6.erresse-shop.it\/es\/shop\/pequenos-electrodomesticos\/procesadores-de-alimentos\/instant-pot-multicooker-duo-plus-silenciosa-57-l-negro\/"]}]},{"@type":"ImageObject","inLanguage":"es","@id":"https:\/\/dev6.erresse-shop.it\/es\/shop\/pequenos-electrodomesticos\/procesadores-de-alimentos\/instant-pot-multicooker-duo-plus-silenciosa-57-l-negro\/#primaryimage","url":"https:\/\/i2.wp.com\/interpim.erresse-shop.it\/Import\/Prodotti\/instant-pot-multicooker-duo-plus-whisper-quiet-57-l-nero.jpg?ssl=1","contentUrl":"https:\/\/i2.wp.com\/interpim.erresse-shop.it\/Import\/Prodotti\/instant-pot-multicooker-duo-plus-whisper-quiet-57-l-nero.jpg?ssl=1"},{"@type":"BreadcrumbList","@id":"https:\/\/dev6.erresse-shop.it\/es\/shop\/pequenos-electrodomesticos\/procesadores-de-alimentos\/instant-pot-multicooker-duo-plus-silenciosa-57-l-negro\/#breadcrumb","itemListElement":[{"@type":"ListItem","position":1,"name":"Home","item":"https:\/\/dev6.erresse-shop.it\/"},{"@type":"ListItem","position":2,"name":"Tienda","item":"https:\/\/dev6.erresse-shop.it\/shop\/"},{"@type":"ListItem","position":3,"name":"INSTANT POT Multicooker Duo Plus Silenciosa 5,7 L Negro"}]},{"@type":"WebSite","@id":"https:\/\/dev6.erresse-shop.it\/#website","url":"https:\/\/dev6.erresse-shop.it\/","name":"Erresse Shop","description":"","publisher":{"@id":"https:\/\/dev6.erresse-shop.it\/#organization"},"potentialAction":[{"@type":"SearchAction","target":{"@type":"EntryPoint","urlTemplate":"https:\/\/dev6.erresse-shop.it\/?s={search_term_string}"},"query-input":{"@type":"PropertyValueSpecification","valueRequired":true,"valueName":"search_term_string"}}],"inLanguage":"es"},{"@type":"Organization","@id":"https:\/\/dev6.erresse-shop.it\/#organization","name":"Erresse Shop","url":"https:\/\/dev6.erresse-shop.it\/","logo":{"@type":"ImageObject","inLanguage":"es","@id":"https:\/\/dev6.erresse-shop.it\/#\/schema\/logo\/image\/","url":"https:\/\/dev6.erresse-shop.it\/wp-content\/uploads\/2025\/01\/LOGO-ERRESSE-CLASSICO.svg","contentUrl":"https:\/\/dev6.erresse-shop.it\/wp-content\/uploads\/2025\/01\/LOGO-ERRESSE-CLASSICO.svg","caption":"Erresse Shop"},"image":{"@id":"https:\/\/dev6.erresse-shop.it\/#\/schema\/logo\/image\/"}}]}},"df_price":149.99,"df_sale_price":"","df_regular_price":149.99,"df_image_link":"https:\/\/i2.wp.com\/interpim.erresse-shop.it\/Import\/Prodotti\/instant-pot-multicooker-duo-plus-whisper-quiet-57-l-nero.jpg?resize=300,300&ssl=1","fifu_image_url":"https:\/\/interpim.erresse-shop.it\/Import\/Prodotti\/instant-pot-multicooker-duo-plus-whisper-quiet-57-l-nero.jpg","_links":{"self":[{"href":"https:\/\/dev6.erresse-shop.it\/es\/wp-json\/wp\/v2\/product\/1881157","targetHints":{"allow":["GET"]}}],"collection":[{"href":"https:\/\/dev6.erresse-shop.it\/es\/wp-json\/wp\/v2\/product"}],"about":[{"href":"https:\/\/dev6.erresse-shop.it\/es\/wp-json\/wp\/v2\/types\/product"}],"wp:featuredmedia":[{"embeddable":true,"href":"https:\/\/dev6.erresse-shop.it\/es\/wp-json\/wp\/v2\/media\/6367459"}],"wp:attachment":[{"href":"https:\/\/dev6.erresse-shop.it\/es\/wp-json\/wp\/v2\/media?parent=1881157"}],"wp:term":[{"taxonomy":"product_cat","embeddable":true,"href":"https:\/\/dev6.erresse-shop.it\/es\/wp-json\/wp\/v2\/product_cat?post=1881157"},{"taxonomy":"product_tag","embeddable":true,"href":"https:\/\/dev6.erresse-shop.it\/es\/wp-json\/wp\/v2\/product_tag?post=1881157"}],"curies":[{"name":"wp","href":"https:\/\/api.w.org\/{rel}","templated":true}]}}