{"id":1881153,"date":"2026-04-12T10:49:56","date_gmt":"2026-04-12T08:49:56","guid":{"rendered":"https:\/\/dev6.erresse-shop.it\/shop\/sin%20categor\u00eda\/weber-barbacoa-lumin-compact-nero\/"},"modified":"2025-07-04T23:23:32","modified_gmt":"2025-07-04T21:23:32","slug":"weber-barbacoa-lumin-compact-nero","status":"publish","type":"product","link":"https:\/\/dev6.erresse-shop.it\/es\/shop\/pequenos-electrodomesticos\/parrillas-y-barbacoas\/weber-barbacoa-lumin-compact-nero\/","title":{"rendered":"WEBER Barbacoa Lumin Compact Nero"},"content":{"rendered":"<p>Con alto calor y gran versatilidad, la barbacoa el\u00e9ctrica Lumin* de Weber lleva la cocina al aire libre en la ciudad a nuevos niveles. Esta barbacoa el\u00e9ctrica multiusos alcanza temperaturas superiores a 315 \u00b0C y permite a los entusiastas de la barbacoa conseguir un dorado de alta calidad, mientras que la adici\u00f3n de ahumado realza a\u00fan m\u00e1s el sabor que tanto desean los invitados. Y hablando de invitados satisfechos, la barbacoa el\u00e9ctrica Lumin Compact puede mantener la comida caliente para que todos puedan servirse (y volver a por m\u00e1s). Moderna y pr\u00e1ctica, la nueva barbacoa el\u00e9ctrica Lumin Compact de Weber est\u00e1 dise\u00f1ada para adaptarse a sus gustos y a su espacio exterior. *LUMIN es una marca registrada de Weber-Stephen Products LLC y est\u00e1 siendo examinada en Estados Unidos y otros pa\u00edses.<\/p>\n<p>\u2013 Alcanza temperaturas muy altas de m\u00e1s de 315 \u00b0C<br \/>\n\u2013 Dora, ahuma, cuece al vapor o hierve con diferentes ajustes de cocci\u00f3n<br \/>\n\u2013 Mantiene la comida caliente para que los comensales puedan servirse<br \/>\n\u2013 Asa alimentos congelados descongel\u00e1ndolos mientras la barbacoa se precalienta<br \/>\n\u2013 F\u00e1cil de guardar gracias a su dise\u00f1o compacto que ahorra espacio<\/p>\n<p>ESPECIFICACIONES T\u00c9CNICAS<\/p>\n<p>Dimensiones con la tapa abierta: 57,2 cm de alto x 58,6 cm de ancho x 46,2 cm de fondo<br \/>\nDimensiones con la tapa cerrada: 33 cm de alto x 61 cm de ancho x 54 cm de fondo<br \/>\nSuperficie total de cocci\u00f3n: 34,14 x 34,14 cm<br \/>\nTipo de combustible: el\u00e9ctrico<br \/>\nPeso: 12 kg<\/p>\n","protected":false},"excerpt":{"rendered":"<p>Con alto calor y gran versatilidad, la barbacoa el\u00e9ctrica Lumin* de Weber lleva la cocina al aire libre en la ciudad a nuevos niveles. Esta barbacoa el\u00e9ctrica multiusos alcanza temperaturas superiores a 315 \u00b0C y permite a los entusiastas de la barbacoa conseguir un dorado de alta calidad, mientras que la adici\u00f3n de ahumado realza [&hellip;]<\/p>\n","protected":false},"featured_media":6367445,"template":"","meta":{"_acf_changed":false},"product_cat":[11979,11947],"product_tag":[],"class_list":{"0":"post-1881153","1":"product","2":"type-product","3":"status-publish","4":"has-post-thumbnail","6":"product_cat-parrillas-y-barbacoas","7":"product_cat-pequenos-electrodomesticos","9":"first","10":"instock","11":"sale","12":"taxable","13":"shipping-taxable","14":"purchasable","15":"product-type-simple","swatches":"rey-swatches","show_selected":"","stretch_labels":"rey-swatches--stretch-labels"},"acf":[],"yoast_head":"<!-- This site is optimized with the Yoast SEO plugin v25.4 - https:\/\/yoast.com\/wordpress\/plugins\/seo\/ -->\n<title>WEBER Barbacoa Lumin Compact Nero - dev6 Erresse<\/title>\n<meta name=\"description\" content=\"Con alto calor y gran versatilidad, la barbacoa el\u00e9ctrica Lumin* de Weber lleva la cocina al aire libre en la ciudad a nuevos niveles. Esta barbacoa\" \/>\n<meta name=\"robots\" content=\"noindex, follow, max-snippet:-1, max-image-preview:large, max-video-preview:-1\" \/>\n<meta property=\"og:locale\" content=\"es_ES\" \/>\n<meta property=\"og:type\" content=\"article\" \/>\n<meta property=\"og:title\" content=\"WEBER Barbacoa Lumin Compact Nero - dev6 Erresse\" \/>\n<meta property=\"og:description\" content=\"Con alto calor y gran versatilidad, la barbacoa el\u00e9ctrica Lumin* de Weber lleva la cocina al aire libre en la ciudad a nuevos niveles. Esta barbacoa\" \/>\n<meta property=\"og:url\" content=\"https:\/\/dev6.erresse-shop.it\/es\/shop\/pequenos-electrodomesticos\/parrillas-y-barbacoas\/weber-barbacoa-lumin-compact-nero\/\" \/>\n<meta property=\"og:site_name\" content=\"dev6 Erresse\" \/>\n<meta property=\"og:image\" content=\"https:\/\/interpim.erresse-shop.it\/wp-content\/uploads\/2024\/05\/WEBER-Barbecue-Lumin-Compact-Nero.jpg\/weber-barbecue-lumin-compact-nero.jpg\" \/><meta property=\"og:image\" content=\"https:\/\/interpim.erresse-shop.it\/wp-content\/uploads\/2024\/05\/WEBER-Barbecue-Lumin-Compact-Nero.jpg\/weber-barbecue-lumin-compact-nero.jpg\" \/>\n\t<meta property=\"og:image:width\" content=\"1024\" \/>\n\t<meta property=\"og:image:height\" content=\"1024\" \/>\n\t<meta property=\"og:image:type\" content=\"image\/jpeg\" \/>\n<meta name=\"twitter:card\" content=\"summary_large_image\" \/>\n<meta name=\"twitter:image\" content=\"https:\/\/interpim.erresse-shop.it\/wp-content\/uploads\/2024\/05\/WEBER-Barbecue-Lumin-Compact-Nero.jpg\/weber-barbecue-lumin-compact-nero.jpg\" \/>\n<script type=\"application\/ld+json\" class=\"yoast-schema-graph\">{\"@context\":\"https:\/\/schema.org\",\"@graph\":[{\"@type\":\"WebPage\",\"@id\":\"https:\/\/dev6.erresse-shop.it\/es\/shop\/pequenos-electrodomesticos\/parrillas-y-barbacoas\/weber-barbacoa-lumin-compact-nero\/\",\"url\":\"https:\/\/dev6.erresse-shop.it\/es\/shop\/pequenos-electrodomesticos\/parrillas-y-barbacoas\/weber-barbacoa-lumin-compact-nero\/\",\"name\":\"WEBER Barbacoa Lumin Compact Nero - dev6 Erresse\",\"isPartOf\":{\"@id\":\"https:\/\/dev6.erresse-shop.it\/#website\"},\"primaryImageOfPage\":{\"@id\":\"https:\/\/dev6.erresse-shop.it\/es\/shop\/pequenos-electrodomesticos\/parrillas-y-barbacoas\/weber-barbacoa-lumin-compact-nero\/#primaryimage\"},\"image\":{\"@id\":\"https:\/\/dev6.erresse-shop.it\/es\/shop\/pequenos-electrodomesticos\/parrillas-y-barbacoas\/weber-barbacoa-lumin-compact-nero\/#primaryimage\"},\"thumbnailUrl\":\"https:\/\/i3.wp.com\/interpim.erresse-shop.it\/wp-content\/uploads\/2024\/05\/WEBER-Barbecue-Lumin-Compact-Nero.jpg\/weber-barbecue-lumin-compact-nero.jpg?ssl=1\",\"datePublished\":\"2026-04-12T08:49:56+00:00\",\"description\":\"Con alto calor y gran versatilidad, la barbacoa el\u00e9ctrica Lumin* de Weber lleva la cocina al aire libre en la ciudad a nuevos niveles. Esta barbacoa\",\"breadcrumb\":{\"@id\":\"https:\/\/dev6.erresse-shop.it\/es\/shop\/pequenos-electrodomesticos\/parrillas-y-barbacoas\/weber-barbacoa-lumin-compact-nero\/#breadcrumb\"},\"inLanguage\":\"es\",\"potentialAction\":[{\"@type\":\"ReadAction\",\"target\":[\"https:\/\/dev6.erresse-shop.it\/es\/shop\/pequenos-electrodomesticos\/parrillas-y-barbacoas\/weber-barbacoa-lumin-compact-nero\/\"]}]},{\"@type\":\"ImageObject\",\"inLanguage\":\"es\",\"@id\":\"https:\/\/dev6.erresse-shop.it\/es\/shop\/pequenos-electrodomesticos\/parrillas-y-barbacoas\/weber-barbacoa-lumin-compact-nero\/#primaryimage\",\"url\":\"https:\/\/i3.wp.com\/interpim.erresse-shop.it\/wp-content\/uploads\/2024\/05\/WEBER-Barbecue-Lumin-Compact-Nero.jpg\/weber-barbecue-lumin-compact-nero.jpg?ssl=1\",\"contentUrl\":\"https:\/\/i3.wp.com\/interpim.erresse-shop.it\/wp-content\/uploads\/2024\/05\/WEBER-Barbecue-Lumin-Compact-Nero.jpg\/weber-barbecue-lumin-compact-nero.jpg?ssl=1\"},{\"@type\":\"BreadcrumbList\",\"@id\":\"https:\/\/dev6.erresse-shop.it\/es\/shop\/pequenos-electrodomesticos\/parrillas-y-barbacoas\/weber-barbacoa-lumin-compact-nero\/#breadcrumb\",\"itemListElement\":[{\"@type\":\"ListItem\",\"position\":1,\"name\":\"Home\",\"item\":\"https:\/\/dev6.erresse-shop.it\/\"},{\"@type\":\"ListItem\",\"position\":2,\"name\":\"Tienda\",\"item\":\"https:\/\/dev6.erresse-shop.it\/shop\/\"},{\"@type\":\"ListItem\",\"position\":3,\"name\":\"WEBER Barbacoa Lumin Compact Nero\"}]},{\"@type\":\"WebSite\",\"@id\":\"https:\/\/dev6.erresse-shop.it\/#website\",\"url\":\"https:\/\/dev6.erresse-shop.it\/\",\"name\":\"Erresse Shop\",\"description\":\"\",\"publisher\":{\"@id\":\"https:\/\/dev6.erresse-shop.it\/#organization\"},\"potentialAction\":[{\"@type\":\"SearchAction\",\"target\":{\"@type\":\"EntryPoint\",\"urlTemplate\":\"https:\/\/dev6.erresse-shop.it\/?s={search_term_string}\"},\"query-input\":{\"@type\":\"PropertyValueSpecification\",\"valueRequired\":true,\"valueName\":\"search_term_string\"}}],\"inLanguage\":\"es\"},{\"@type\":\"Organization\",\"@id\":\"https:\/\/dev6.erresse-shop.it\/#organization\",\"name\":\"Erresse Shop\",\"url\":\"https:\/\/dev6.erresse-shop.it\/\",\"logo\":{\"@type\":\"ImageObject\",\"inLanguage\":\"es\",\"@id\":\"https:\/\/dev6.erresse-shop.it\/#\/schema\/logo\/image\/\",\"url\":\"https:\/\/dev6.erresse-shop.it\/wp-content\/uploads\/2025\/01\/LOGO-ERRESSE-CLASSICO.svg\",\"contentUrl\":\"https:\/\/dev6.erresse-shop.it\/wp-content\/uploads\/2025\/01\/LOGO-ERRESSE-CLASSICO.svg\",\"caption\":\"Erresse Shop\"},\"image\":{\"@id\":\"https:\/\/dev6.erresse-shop.it\/#\/schema\/logo\/image\/\"}}]}<\/script>\n<!-- \/ Yoast SEO plugin. -->","yoast_head_json":{"title":"WEBER Barbacoa Lumin Compact Nero - dev6 Erresse","description":"Con alto calor y gran versatilidad, la barbacoa el\u00e9ctrica Lumin* de Weber lleva la cocina al aire libre en la ciudad a nuevos niveles. Esta barbacoa","robots":{"index":"noindex","follow":"follow","max-snippet":"max-snippet:-1","max-image-preview":"max-image-preview:large","max-video-preview":"max-video-preview:-1"},"og_locale":"es_ES","og_type":"article","og_title":"WEBER Barbacoa Lumin Compact Nero - dev6 Erresse","og_description":"Con alto calor y gran versatilidad, la barbacoa el\u00e9ctrica Lumin* de Weber lleva la cocina al aire libre en la ciudad a nuevos niveles. Esta barbacoa","og_url":"https:\/\/dev6.erresse-shop.it\/es\/shop\/pequenos-electrodomesticos\/parrillas-y-barbacoas\/weber-barbacoa-lumin-compact-nero\/","og_site_name":"dev6 Erresse","og_image":[{"url":"https:\/\/interpim.erresse-shop.it\/wp-content\/uploads\/2024\/05\/WEBER-Barbecue-Lumin-Compact-Nero.jpg\/weber-barbecue-lumin-compact-nero.jpg","type":"","width":"","height":""},{"url":"https:\/\/interpim.erresse-shop.it\/wp-content\/uploads\/2024\/05\/WEBER-Barbecue-Lumin-Compact-Nero.jpg\/weber-barbecue-lumin-compact-nero.jpg","width":1024,"height":1024,"type":"image\/jpeg"}],"twitter_card":"summary_large_image","twitter_image":"https:\/\/interpim.erresse-shop.it\/wp-content\/uploads\/2024\/05\/WEBER-Barbecue-Lumin-Compact-Nero.jpg\/weber-barbecue-lumin-compact-nero.jpg","schema":{"@context":"https:\/\/schema.org","@graph":[{"@type":"WebPage","@id":"https:\/\/dev6.erresse-shop.it\/es\/shop\/pequenos-electrodomesticos\/parrillas-y-barbacoas\/weber-barbacoa-lumin-compact-nero\/","url":"https:\/\/dev6.erresse-shop.it\/es\/shop\/pequenos-electrodomesticos\/parrillas-y-barbacoas\/weber-barbacoa-lumin-compact-nero\/","name":"WEBER Barbacoa Lumin Compact Nero - dev6 Erresse","isPartOf":{"@id":"https:\/\/dev6.erresse-shop.it\/#website"},"primaryImageOfPage":{"@id":"https:\/\/dev6.erresse-shop.it\/es\/shop\/pequenos-electrodomesticos\/parrillas-y-barbacoas\/weber-barbacoa-lumin-compact-nero\/#primaryimage"},"image":{"@id":"https:\/\/dev6.erresse-shop.it\/es\/shop\/pequenos-electrodomesticos\/parrillas-y-barbacoas\/weber-barbacoa-lumin-compact-nero\/#primaryimage"},"thumbnailUrl":"https:\/\/i3.wp.com\/interpim.erresse-shop.it\/wp-content\/uploads\/2024\/05\/WEBER-Barbecue-Lumin-Compact-Nero.jpg\/weber-barbecue-lumin-compact-nero.jpg?ssl=1","datePublished":"2026-04-12T08:49:56+00:00","description":"Con alto calor y gran versatilidad, la barbacoa el\u00e9ctrica Lumin* de Weber lleva la cocina al aire libre en la ciudad a nuevos niveles. Esta barbacoa","breadcrumb":{"@id":"https:\/\/dev6.erresse-shop.it\/es\/shop\/pequenos-electrodomesticos\/parrillas-y-barbacoas\/weber-barbacoa-lumin-compact-nero\/#breadcrumb"},"inLanguage":"es","potentialAction":[{"@type":"ReadAction","target":["https:\/\/dev6.erresse-shop.it\/es\/shop\/pequenos-electrodomesticos\/parrillas-y-barbacoas\/weber-barbacoa-lumin-compact-nero\/"]}]},{"@type":"ImageObject","inLanguage":"es","@id":"https:\/\/dev6.erresse-shop.it\/es\/shop\/pequenos-electrodomesticos\/parrillas-y-barbacoas\/weber-barbacoa-lumin-compact-nero\/#primaryimage","url":"https:\/\/i3.wp.com\/interpim.erresse-shop.it\/wp-content\/uploads\/2024\/05\/WEBER-Barbecue-Lumin-Compact-Nero.jpg\/weber-barbecue-lumin-compact-nero.jpg?ssl=1","contentUrl":"https:\/\/i3.wp.com\/interpim.erresse-shop.it\/wp-content\/uploads\/2024\/05\/WEBER-Barbecue-Lumin-Compact-Nero.jpg\/weber-barbecue-lumin-compact-nero.jpg?ssl=1"},{"@type":"BreadcrumbList","@id":"https:\/\/dev6.erresse-shop.it\/es\/shop\/pequenos-electrodomesticos\/parrillas-y-barbacoas\/weber-barbacoa-lumin-compact-nero\/#breadcrumb","itemListElement":[{"@type":"ListItem","position":1,"name":"Home","item":"https:\/\/dev6.erresse-shop.it\/"},{"@type":"ListItem","position":2,"name":"Tienda","item":"https:\/\/dev6.erresse-shop.it\/shop\/"},{"@type":"ListItem","position":3,"name":"WEBER Barbacoa Lumin Compact Nero"}]},{"@type":"WebSite","@id":"https:\/\/dev6.erresse-shop.it\/#website","url":"https:\/\/dev6.erresse-shop.it\/","name":"Erresse Shop","description":"","publisher":{"@id":"https:\/\/dev6.erresse-shop.it\/#organization"},"potentialAction":[{"@type":"SearchAction","target":{"@type":"EntryPoint","urlTemplate":"https:\/\/dev6.erresse-shop.it\/?s={search_term_string}"},"query-input":{"@type":"PropertyValueSpecification","valueRequired":true,"valueName":"search_term_string"}}],"inLanguage":"es"},{"@type":"Organization","@id":"https:\/\/dev6.erresse-shop.it\/#organization","name":"Erresse Shop","url":"https:\/\/dev6.erresse-shop.it\/","logo":{"@type":"ImageObject","inLanguage":"es","@id":"https:\/\/dev6.erresse-shop.it\/#\/schema\/logo\/image\/","url":"https:\/\/dev6.erresse-shop.it\/wp-content\/uploads\/2025\/01\/LOGO-ERRESSE-CLASSICO.svg","contentUrl":"https:\/\/dev6.erresse-shop.it\/wp-content\/uploads\/2025\/01\/LOGO-ERRESSE-CLASSICO.svg","caption":"Erresse Shop"},"image":{"@id":"https:\/\/dev6.erresse-shop.it\/#\/schema\/logo\/image\/"}}]}},"df_price":396.6,"df_sale_price":396.6,"df_regular_price":429.9,"df_image_link":"https:\/\/i3.wp.com\/interpim.erresse-shop.it\/wp-content\/uploads\/2024\/05\/WEBER-Barbecue-Lumin-Compact-Nero.jpg\/weber-barbecue-lumin-compact-nero.jpg?resize=300,300&ssl=1","fifu_image_url":"https:\/\/interpim.erresse-shop.it\/wp-content\/uploads\/2024\/05\/WEBER-Barbecue-Lumin-Compact-Nero.jpg\/weber-barbecue-lumin-compact-nero.jpg","_links":{"self":[{"href":"https:\/\/dev6.erresse-shop.it\/es\/wp-json\/wp\/v2\/product\/1881153","targetHints":{"allow":["GET"]}}],"collection":[{"href":"https:\/\/dev6.erresse-shop.it\/es\/wp-json\/wp\/v2\/product"}],"about":[{"href":"https:\/\/dev6.erresse-shop.it\/es\/wp-json\/wp\/v2\/types\/product"}],"wp:featuredmedia":[{"embeddable":true,"href":"https:\/\/dev6.erresse-shop.it\/es\/wp-json\/wp\/v2\/media\/6367445"}],"wp:attachment":[{"href":"https:\/\/dev6.erresse-shop.it\/es\/wp-json\/wp\/v2\/media?parent=1881153"}],"wp:term":[{"taxonomy":"product_cat","embeddable":true,"href":"https:\/\/dev6.erresse-shop.it\/es\/wp-json\/wp\/v2\/product_cat?post=1881153"},{"taxonomy":"product_tag","embeddable":true,"href":"https:\/\/dev6.erresse-shop.it\/es\/wp-json\/wp\/v2\/product_tag?post=1881153"}],"curies":[{"name":"wp","href":"https:\/\/api.w.org\/{rel}","templated":true}]}}