{"id":1881150,"date":"2026-04-12T10:49:56","date_gmt":"2026-04-12T08:49:56","guid":{"rendered":"https:\/\/dev6.erresse-shop.it\/shop\/sin%20categor\u00eda\/victorinox-cuchillo-de-cocina-swiss-classic-19-cm\/"},"modified":"2025-09-14T09:02:25","modified_gmt":"2025-09-14T07:02:25","slug":"victorinox-cuchillo-de-cocina-swiss-classic-19-cm","status":"publish","type":"product","link":"https:\/\/dev6.erresse-shop.it\/es\/shop\/cocina\/cuchillos\/cuchillos-de-cocina\/victorinox-cuchillo-de-cocina-swiss-classic-19-cm\/","title":{"rendered":"VICTORINOX Cuchillo de cocina Swiss Classic 19 cm"},"content":{"rendered":"<p>Navaja de cocina Swiss Classic con mango negro<\/p>\n<p>La colecci\u00f3n de cuchillos Swiss Classic de Victorinox est\u00e1 dise\u00f1ada para hacer frente a todo lo que se puede hacer en la cocina, desde la tarea m\u00e1s peque\u00f1a hasta la m\u00e1s exigente. Son cuchillos ligeros con mangos de colores aptos para el lavavajillas, 100% Swiss Made. En una colecci\u00f3n en la que la funcionalidad se une a la alegr\u00eda, no pod\u00edan faltar los \u00fatiles bloques de cuchillos y varios sets de regalo.<br \/>\nEn esta colecci\u00f3n no falta de nada. La funcionalidad se une al color para un uso cotidiano con alegr\u00eda.<\/p>\n<p>\u2013 Mango negro de material sint\u00e9tico (TPE)<br \/>\n\u2013 Longitud de la hoja: 19 cm<br \/>\n\u2013 Fabricado en Suiza<\/p>\n<p>Longitud de la hoja 19 cm<br \/>\nGarant\u00eda de por vida contra defectos de fabricaci\u00f3n<br \/>\nDimensiones 31,5 x 1,7 x 4,8 cm<br \/>\nPeso 92 g<\/p>\n","protected":false},"excerpt":{"rendered":"<p>Navaja de cocina Swiss Classic con mango negro La colecci\u00f3n de cuchillos Swiss Classic de Victorinox est\u00e1 dise\u00f1ada para hacer frente a todo lo que se puede hacer en la cocina, desde la tarea m\u00e1s peque\u00f1a hasta la m\u00e1s exigente. Son cuchillos ligeros con mangos de colores aptos para el lavavajillas, 100% Swiss Made. En [&hellip;]<\/p>\n","protected":false},"featured_media":0,"template":"","meta":{"_acf_changed":false},"product_cat":[11889],"product_tag":[],"class_list":{"0":"post-1881150","1":"product","2":"type-product","3":"status-publish","5":"product_cat-cuchillos-de-cocina","7":"first","8":"instock","9":"taxable","10":"shipping-taxable","11":"purchasable","12":"product-type-simple","swatches":"rey-swatches","show_selected":"","stretch_labels":"rey-swatches--stretch-labels"},"acf":[],"yoast_head":"<!-- This site is optimized with the Yoast SEO plugin v25.4 - https:\/\/yoast.com\/wordpress\/plugins\/seo\/ -->\n<title>VICTORINOX Cuchillo de cocina Swiss Classic 19 cm - dev6 Erresse<\/title>\n<meta name=\"description\" content=\"Navaja de cocina Swiss Classic con mango negro La colecci\u00f3n de cuchillos Swiss Classic de Victorinox est\u00e1 dise\u00f1ada para hacer frente a todo lo que se\" \/>\n<meta name=\"robots\" content=\"noindex, follow, max-snippet:-1, max-image-preview:large, max-video-preview:-1\" \/>\n<meta property=\"og:locale\" content=\"es_ES\" \/>\n<meta property=\"og:type\" content=\"article\" \/>\n<meta property=\"og:title\" content=\"VICTORINOX Cuchillo de cocina Swiss Classic 19 cm - dev6 Erresse\" \/>\n<meta property=\"og:description\" content=\"Navaja de cocina Swiss Classic con mango negro La colecci\u00f3n de cuchillos Swiss Classic de Victorinox est\u00e1 dise\u00f1ada para hacer frente a todo lo que se\" \/>\n<meta property=\"og:url\" content=\"https:\/\/dev6.erresse-shop.it\/es\/shop\/cocina\/cuchillos\/cuchillos-de-cocina\/victorinox-cuchillo-de-cocina-swiss-classic-19-cm\/\" \/>\n<meta property=\"og:site_name\" content=\"dev6 Erresse\" \/>\n<meta name=\"twitter:card\" content=\"summary_large_image\" \/>\n<script type=\"application\/ld+json\" class=\"yoast-schema-graph\">{\"@context\":\"https:\/\/schema.org\",\"@graph\":[{\"@type\":\"WebPage\",\"@id\":\"https:\/\/dev6.erresse-shop.it\/es\/shop\/cocina\/cuchillos\/cuchillos-de-cocina\/victorinox-cuchillo-de-cocina-swiss-classic-19-cm\/\",\"url\":\"https:\/\/dev6.erresse-shop.it\/es\/shop\/cocina\/cuchillos\/cuchillos-de-cocina\/victorinox-cuchillo-de-cocina-swiss-classic-19-cm\/\",\"name\":\"VICTORINOX Cuchillo de cocina Swiss Classic 19 cm - dev6 Erresse\",\"isPartOf\":{\"@id\":\"https:\/\/dev6.erresse-shop.it\/#website\"},\"datePublished\":\"2026-04-12T08:49:56+00:00\",\"description\":\"Navaja de cocina Swiss Classic con mango negro La colecci\u00f3n de cuchillos Swiss Classic de Victorinox est\u00e1 dise\u00f1ada para hacer frente a todo lo que se\",\"breadcrumb\":{\"@id\":\"https:\/\/dev6.erresse-shop.it\/es\/shop\/cocina\/cuchillos\/cuchillos-de-cocina\/victorinox-cuchillo-de-cocina-swiss-classic-19-cm\/#breadcrumb\"},\"inLanguage\":\"es\",\"potentialAction\":[{\"@type\":\"ReadAction\",\"target\":[\"https:\/\/dev6.erresse-shop.it\/es\/shop\/cocina\/cuchillos\/cuchillos-de-cocina\/victorinox-cuchillo-de-cocina-swiss-classic-19-cm\/\"]}]},{\"@type\":\"BreadcrumbList\",\"@id\":\"https:\/\/dev6.erresse-shop.it\/es\/shop\/cocina\/cuchillos\/cuchillos-de-cocina\/victorinox-cuchillo-de-cocina-swiss-classic-19-cm\/#breadcrumb\",\"itemListElement\":[{\"@type\":\"ListItem\",\"position\":1,\"name\":\"Home\",\"item\":\"https:\/\/dev6.erresse-shop.it\/\"},{\"@type\":\"ListItem\",\"position\":2,\"name\":\"Tienda\",\"item\":\"https:\/\/dev6.erresse-shop.it\/shop\/\"},{\"@type\":\"ListItem\",\"position\":3,\"name\":\"VICTORINOX Cuchillo de cocina Swiss Classic 19 cm\"}]},{\"@type\":\"WebSite\",\"@id\":\"https:\/\/dev6.erresse-shop.it\/#website\",\"url\":\"https:\/\/dev6.erresse-shop.it\/\",\"name\":\"Erresse Shop\",\"description\":\"\",\"publisher\":{\"@id\":\"https:\/\/dev6.erresse-shop.it\/#organization\"},\"potentialAction\":[{\"@type\":\"SearchAction\",\"target\":{\"@type\":\"EntryPoint\",\"urlTemplate\":\"https:\/\/dev6.erresse-shop.it\/?s={search_term_string}\"},\"query-input\":{\"@type\":\"PropertyValueSpecification\",\"valueRequired\":true,\"valueName\":\"search_term_string\"}}],\"inLanguage\":\"es\"},{\"@type\":\"Organization\",\"@id\":\"https:\/\/dev6.erresse-shop.it\/#organization\",\"name\":\"Erresse Shop\",\"url\":\"https:\/\/dev6.erresse-shop.it\/\",\"logo\":{\"@type\":\"ImageObject\",\"inLanguage\":\"es\",\"@id\":\"https:\/\/dev6.erresse-shop.it\/#\/schema\/logo\/image\/\",\"url\":\"https:\/\/dev6.erresse-shop.it\/wp-content\/uploads\/2025\/01\/LOGO-ERRESSE-CLASSICO.svg\",\"contentUrl\":\"https:\/\/dev6.erresse-shop.it\/wp-content\/uploads\/2025\/01\/LOGO-ERRESSE-CLASSICO.svg\",\"caption\":\"Erresse Shop\"},\"image\":{\"@id\":\"https:\/\/dev6.erresse-shop.it\/#\/schema\/logo\/image\/\"}}]}<\/script>\n<!-- \/ Yoast SEO plugin. -->","yoast_head_json":{"title":"VICTORINOX Cuchillo de cocina Swiss Classic 19 cm - dev6 Erresse","description":"Navaja de cocina Swiss Classic con mango negro La colecci\u00f3n de cuchillos Swiss Classic de Victorinox est\u00e1 dise\u00f1ada para hacer frente a todo lo que se","robots":{"index":"noindex","follow":"follow","max-snippet":"max-snippet:-1","max-image-preview":"max-image-preview:large","max-video-preview":"max-video-preview:-1"},"og_locale":"es_ES","og_type":"article","og_title":"VICTORINOX Cuchillo de cocina Swiss Classic 19 cm - dev6 Erresse","og_description":"Navaja de cocina Swiss Classic con mango negro La colecci\u00f3n de cuchillos Swiss Classic de Victorinox est\u00e1 dise\u00f1ada para hacer frente a todo lo que se","og_url":"https:\/\/dev6.erresse-shop.it\/es\/shop\/cocina\/cuchillos\/cuchillos-de-cocina\/victorinox-cuchillo-de-cocina-swiss-classic-19-cm\/","og_site_name":"dev6 Erresse","twitter_card":"summary_large_image","schema":{"@context":"https:\/\/schema.org","@graph":[{"@type":"WebPage","@id":"https:\/\/dev6.erresse-shop.it\/es\/shop\/cocina\/cuchillos\/cuchillos-de-cocina\/victorinox-cuchillo-de-cocina-swiss-classic-19-cm\/","url":"https:\/\/dev6.erresse-shop.it\/es\/shop\/cocina\/cuchillos\/cuchillos-de-cocina\/victorinox-cuchillo-de-cocina-swiss-classic-19-cm\/","name":"VICTORINOX Cuchillo de cocina Swiss Classic 19 cm - dev6 Erresse","isPartOf":{"@id":"https:\/\/dev6.erresse-shop.it\/#website"},"datePublished":"2026-04-12T08:49:56+00:00","description":"Navaja de cocina Swiss Classic con mango negro La colecci\u00f3n de cuchillos Swiss Classic de Victorinox est\u00e1 dise\u00f1ada para hacer frente a todo lo que se","breadcrumb":{"@id":"https:\/\/dev6.erresse-shop.it\/es\/shop\/cocina\/cuchillos\/cuchillos-de-cocina\/victorinox-cuchillo-de-cocina-swiss-classic-19-cm\/#breadcrumb"},"inLanguage":"es","potentialAction":[{"@type":"ReadAction","target":["https:\/\/dev6.erresse-shop.it\/es\/shop\/cocina\/cuchillos\/cuchillos-de-cocina\/victorinox-cuchillo-de-cocina-swiss-classic-19-cm\/"]}]},{"@type":"BreadcrumbList","@id":"https:\/\/dev6.erresse-shop.it\/es\/shop\/cocina\/cuchillos\/cuchillos-de-cocina\/victorinox-cuchillo-de-cocina-swiss-classic-19-cm\/#breadcrumb","itemListElement":[{"@type":"ListItem","position":1,"name":"Home","item":"https:\/\/dev6.erresse-shop.it\/"},{"@type":"ListItem","position":2,"name":"Tienda","item":"https:\/\/dev6.erresse-shop.it\/shop\/"},{"@type":"ListItem","position":3,"name":"VICTORINOX Cuchillo de cocina Swiss Classic 19 cm"}]},{"@type":"WebSite","@id":"https:\/\/dev6.erresse-shop.it\/#website","url":"https:\/\/dev6.erresse-shop.it\/","name":"Erresse Shop","description":"","publisher":{"@id":"https:\/\/dev6.erresse-shop.it\/#organization"},"potentialAction":[{"@type":"SearchAction","target":{"@type":"EntryPoint","urlTemplate":"https:\/\/dev6.erresse-shop.it\/?s={search_term_string}"},"query-input":{"@type":"PropertyValueSpecification","valueRequired":true,"valueName":"search_term_string"}}],"inLanguage":"es"},{"@type":"Organization","@id":"https:\/\/dev6.erresse-shop.it\/#organization","name":"Erresse Shop","url":"https:\/\/dev6.erresse-shop.it\/","logo":{"@type":"ImageObject","inLanguage":"es","@id":"https:\/\/dev6.erresse-shop.it\/#\/schema\/logo\/image\/","url":"https:\/\/dev6.erresse-shop.it\/wp-content\/uploads\/2025\/01\/LOGO-ERRESSE-CLASSICO.svg","contentUrl":"https:\/\/dev6.erresse-shop.it\/wp-content\/uploads\/2025\/01\/LOGO-ERRESSE-CLASSICO.svg","caption":"Erresse Shop"},"image":{"@id":"https:\/\/dev6.erresse-shop.it\/#\/schema\/logo\/image\/"}}]}},"df_price":34.9,"df_sale_price":"","df_regular_price":34.9,"df_image_link":"https:\/\/dev6.erresse-shop.it\/wp-content\/uploads\/woocommerce-placeholder-300x300.png","_links":{"self":[{"href":"https:\/\/dev6.erresse-shop.it\/es\/wp-json\/wp\/v2\/product\/1881150","targetHints":{"allow":["GET"]}}],"collection":[{"href":"https:\/\/dev6.erresse-shop.it\/es\/wp-json\/wp\/v2\/product"}],"about":[{"href":"https:\/\/dev6.erresse-shop.it\/es\/wp-json\/wp\/v2\/types\/product"}],"wp:attachment":[{"href":"https:\/\/dev6.erresse-shop.it\/es\/wp-json\/wp\/v2\/media?parent=1881150"}],"wp:term":[{"taxonomy":"product_cat","embeddable":true,"href":"https:\/\/dev6.erresse-shop.it\/es\/wp-json\/wp\/v2\/product_cat?post=1881150"},{"taxonomy":"product_tag","embeddable":true,"href":"https:\/\/dev6.erresse-shop.it\/es\/wp-json\/wp\/v2\/product_tag?post=1881150"}],"curies":[{"name":"wp","href":"https:\/\/api.w.org\/{rel}","templated":true}]}}