{"id":1881148,"date":"2026-04-12T10:49:56","date_gmt":"2026-04-12T08:49:56","guid":{"rendered":"https:\/\/dev6.erresse-shop.it\/shop\/sin%20categor\u00eda\/bordallo-pinheiro-elemento-de-pared-hoja-de-arce-amarillo-gudrun\/"},"modified":"2026-01-09T02:22:13","modified_gmt":"2026-01-09T01:22:13","slug":"bordallo-pinheiro-elemento-de-pared-hoja-de-arce-amarillo-gudrun","status":"publish","type":"product","link":"https:\/\/dev6.erresse-shop.it\/es\/shop\/tabla\/platos\/bordallo-pinheiro-elemento-de-pared-hoja-de-arce-amarillo-gudrun\/","title":{"rendered":"BORDALLO PINHEIRO Elemento de Pared Hoja de Arce Amarillo GUDRUN"},"content":{"rendered":"<p>La colecci\u00f3n Gudrun de Claudia Schiffer se inspira en el oto\u00f1o, con sus hojas ca\u00eddas y bellotas, y ocupa un lugar especial en su coraz\u00f3n. De ni\u00f1a, a Claudia le encantaba observar la transformaci\u00f3n de los colores y saltar sobre los montones de hojas que su madre recog\u00eda meticulosamente en su jard\u00edn. Despu\u00e9s, al secarlas, esas hojas creaban hermosas obras de arte.<\/p>\n<p>\u201cLas cer\u00e1micas que hice est\u00e1n dise\u00f1adas para mis mesas de madera de mediados de siglo y ayudan a infundir a mi casa los tonos c\u00e1lidos del oto\u00f1o. Tambi\u00e9n tienen cabida en mis retiros campestres de fin de semana, donde aportan colores acogedores junto a un fuego crepitante. Me regocijo en la forma en que estas cer\u00e1micas introducen un toque sutil en el espacio vital, combinando maravillosamente con hortensias verdes, un cl\u00e1sico del oto\u00f1o\u201d. Dice Claudia Schiffer sobre esta hermosa y original colecci\u00f3n.<\/p>\n<p>Dimensiones: 21 cm x 17,5 cm x 4,8 cm<br \/>\nMaterial: terracota<\/p>\n","protected":false},"excerpt":{"rendered":"<p>La colecci\u00f3n Gudrun de Claudia Schiffer se inspira en el oto\u00f1o, con sus hojas ca\u00eddas y bellotas, y ocupa un lugar especial en su coraz\u00f3n. De ni\u00f1a, a Claudia le encantaba observar la transformaci\u00f3n de los colores y saltar sobre los montones de hojas que su madre recog\u00eda meticulosamente en su jard\u00edn. Despu\u00e9s, al secarlas, [&hellip;]<\/p>\n","protected":false},"featured_media":6367441,"template":"","meta":{"_acf_changed":false},"product_cat":[11913,11882,11697,11906],"product_tag":[],"class_list":{"0":"post-1881148","1":"product","2":"type-product","3":"status-publish","4":"has-post-thumbnail","6":"product_cat-articulos-de-decoracion","7":"product_cat-mobiliario","8":"product_cat-oggettistica","9":"product_cat-platos","11":"first","12":"instock","13":"sale","14":"taxable","15":"shipping-taxable","16":"purchasable","17":"product-type-simple","swatches":"rey-swatches","show_selected":"","stretch_labels":"rey-swatches--stretch-labels"},"acf":[],"yoast_head":"<!-- This site is optimized with the Yoast SEO plugin v25.4 - https:\/\/yoast.com\/wordpress\/plugins\/seo\/ -->\n<title>BORDALLO PINHEIRO Elemento de Pared Hoja de Arce Amarillo GUDRUN - dev6 Erresse<\/title>\n<meta name=\"description\" content=\"La colecci\u00f3n Gudrun de Claudia Schiffer se inspira en el oto\u00f1o, con sus hojas ca\u00eddas y bellotas, y ocupa un lugar especial en su coraz\u00f3n. De ni\u00f1a, a\" \/>\n<meta name=\"robots\" content=\"noindex, follow, max-snippet:-1, max-image-preview:large, max-video-preview:-1\" \/>\n<meta property=\"og:locale\" content=\"es_ES\" \/>\n<meta property=\"og:type\" content=\"article\" \/>\n<meta property=\"og:title\" content=\"BORDALLO PINHEIRO Elemento de Pared Hoja de Arce Amarillo GUDRUN - dev6 Erresse\" \/>\n<meta property=\"og:description\" content=\"La colecci\u00f3n Gudrun de Claudia Schiffer se inspira en el oto\u00f1o, con sus hojas ca\u00eddas y bellotas, y ocupa un lugar especial en su coraz\u00f3n. De ni\u00f1a, a\" \/>\n<meta property=\"og:url\" content=\"https:\/\/dev6.erresse-shop.it\/es\/shop\/tabla\/platos\/bordallo-pinheiro-elemento-de-pared-hoja-de-arce-amarillo-gudrun\/\" \/>\n<meta property=\"og:site_name\" content=\"dev6 Erresse\" \/>\n<meta property=\"og:image\" content=\"https:\/\/interpim.erresse-shop.it\/Import\/Prodotti\/bordallo-pinheiro-gudrun-pezzo-da-parete-foglia-acero-giallo.jpg\" \/><meta property=\"og:image\" content=\"https:\/\/interpim.erresse-shop.it\/Import\/Prodotti\/bordallo-pinheiro-gudrun-pezzo-da-parete-foglia-acero-giallo.jpg\" \/>\n\t<meta property=\"og:image:width\" content=\"1024\" \/>\n\t<meta property=\"og:image:height\" content=\"1024\" \/>\n\t<meta property=\"og:image:type\" content=\"image\/jpeg\" \/>\n<meta name=\"twitter:card\" content=\"summary_large_image\" \/>\n<meta name=\"twitter:image\" content=\"https:\/\/interpim.erresse-shop.it\/Import\/Prodotti\/bordallo-pinheiro-gudrun-pezzo-da-parete-foglia-acero-giallo.jpg\" \/>\n<script type=\"application\/ld+json\" class=\"yoast-schema-graph\">{\"@context\":\"https:\/\/schema.org\",\"@graph\":[{\"@type\":\"WebPage\",\"@id\":\"https:\/\/dev6.erresse-shop.it\/es\/shop\/tabla\/platos\/bordallo-pinheiro-elemento-de-pared-hoja-de-arce-amarillo-gudrun\/\",\"url\":\"https:\/\/dev6.erresse-shop.it\/es\/shop\/tabla\/platos\/bordallo-pinheiro-elemento-de-pared-hoja-de-arce-amarillo-gudrun\/\",\"name\":\"BORDALLO PINHEIRO Elemento de Pared Hoja de Arce Amarillo GUDRUN - dev6 Erresse\",\"isPartOf\":{\"@id\":\"https:\/\/dev6.erresse-shop.it\/#website\"},\"primaryImageOfPage\":{\"@id\":\"https:\/\/dev6.erresse-shop.it\/es\/shop\/tabla\/platos\/bordallo-pinheiro-elemento-de-pared-hoja-de-arce-amarillo-gudrun\/#primaryimage\"},\"image\":{\"@id\":\"https:\/\/dev6.erresse-shop.it\/es\/shop\/tabla\/platos\/bordallo-pinheiro-elemento-de-pared-hoja-de-arce-amarillo-gudrun\/#primaryimage\"},\"thumbnailUrl\":\"https:\/\/i1.wp.com\/interpim.erresse-shop.it\/Import\/Prodotti\/bordallo-pinheiro-gudrun-pezzo-da-parete-foglia-acero-giallo.jpg?ssl=1\",\"datePublished\":\"2026-04-12T08:49:56+00:00\",\"description\":\"La colecci\u00f3n Gudrun de Claudia Schiffer se inspira en el oto\u00f1o, con sus hojas ca\u00eddas y bellotas, y ocupa un lugar especial en su coraz\u00f3n. De ni\u00f1a, a\",\"breadcrumb\":{\"@id\":\"https:\/\/dev6.erresse-shop.it\/es\/shop\/tabla\/platos\/bordallo-pinheiro-elemento-de-pared-hoja-de-arce-amarillo-gudrun\/#breadcrumb\"},\"inLanguage\":\"es\",\"potentialAction\":[{\"@type\":\"ReadAction\",\"target\":[\"https:\/\/dev6.erresse-shop.it\/es\/shop\/tabla\/platos\/bordallo-pinheiro-elemento-de-pared-hoja-de-arce-amarillo-gudrun\/\"]}]},{\"@type\":\"ImageObject\",\"inLanguage\":\"es\",\"@id\":\"https:\/\/dev6.erresse-shop.it\/es\/shop\/tabla\/platos\/bordallo-pinheiro-elemento-de-pared-hoja-de-arce-amarillo-gudrun\/#primaryimage\",\"url\":\"https:\/\/i1.wp.com\/interpim.erresse-shop.it\/Import\/Prodotti\/bordallo-pinheiro-gudrun-pezzo-da-parete-foglia-acero-giallo.jpg?ssl=1\",\"contentUrl\":\"https:\/\/i1.wp.com\/interpim.erresse-shop.it\/Import\/Prodotti\/bordallo-pinheiro-gudrun-pezzo-da-parete-foglia-acero-giallo.jpg?ssl=1\"},{\"@type\":\"BreadcrumbList\",\"@id\":\"https:\/\/dev6.erresse-shop.it\/es\/shop\/tabla\/platos\/bordallo-pinheiro-elemento-de-pared-hoja-de-arce-amarillo-gudrun\/#breadcrumb\",\"itemListElement\":[{\"@type\":\"ListItem\",\"position\":1,\"name\":\"Home\",\"item\":\"https:\/\/dev6.erresse-shop.it\/\"},{\"@type\":\"ListItem\",\"position\":2,\"name\":\"Tienda\",\"item\":\"https:\/\/dev6.erresse-shop.it\/shop\/\"},{\"@type\":\"ListItem\",\"position\":3,\"name\":\"BORDALLO PINHEIRO Elemento de Pared Hoja de Arce Amarillo GUDRUN\"}]},{\"@type\":\"WebSite\",\"@id\":\"https:\/\/dev6.erresse-shop.it\/#website\",\"url\":\"https:\/\/dev6.erresse-shop.it\/\",\"name\":\"Erresse Shop\",\"description\":\"\",\"publisher\":{\"@id\":\"https:\/\/dev6.erresse-shop.it\/#organization\"},\"potentialAction\":[{\"@type\":\"SearchAction\",\"target\":{\"@type\":\"EntryPoint\",\"urlTemplate\":\"https:\/\/dev6.erresse-shop.it\/?s={search_term_string}\"},\"query-input\":{\"@type\":\"PropertyValueSpecification\",\"valueRequired\":true,\"valueName\":\"search_term_string\"}}],\"inLanguage\":\"es\"},{\"@type\":\"Organization\",\"@id\":\"https:\/\/dev6.erresse-shop.it\/#organization\",\"name\":\"Erresse Shop\",\"url\":\"https:\/\/dev6.erresse-shop.it\/\",\"logo\":{\"@type\":\"ImageObject\",\"inLanguage\":\"es\",\"@id\":\"https:\/\/dev6.erresse-shop.it\/#\/schema\/logo\/image\/\",\"url\":\"https:\/\/dev6.erresse-shop.it\/wp-content\/uploads\/2025\/01\/LOGO-ERRESSE-CLASSICO.svg\",\"contentUrl\":\"https:\/\/dev6.erresse-shop.it\/wp-content\/uploads\/2025\/01\/LOGO-ERRESSE-CLASSICO.svg\",\"caption\":\"Erresse Shop\"},\"image\":{\"@id\":\"https:\/\/dev6.erresse-shop.it\/#\/schema\/logo\/image\/\"}}]}<\/script>\n<!-- \/ Yoast SEO plugin. -->","yoast_head_json":{"title":"BORDALLO PINHEIRO Elemento de Pared Hoja de Arce Amarillo GUDRUN - dev6 Erresse","description":"La colecci\u00f3n Gudrun de Claudia Schiffer se inspira en el oto\u00f1o, con sus hojas ca\u00eddas y bellotas, y ocupa un lugar especial en su coraz\u00f3n. De ni\u00f1a, a","robots":{"index":"noindex","follow":"follow","max-snippet":"max-snippet:-1","max-image-preview":"max-image-preview:large","max-video-preview":"max-video-preview:-1"},"og_locale":"es_ES","og_type":"article","og_title":"BORDALLO PINHEIRO Elemento de Pared Hoja de Arce Amarillo GUDRUN - dev6 Erresse","og_description":"La colecci\u00f3n Gudrun de Claudia Schiffer se inspira en el oto\u00f1o, con sus hojas ca\u00eddas y bellotas, y ocupa un lugar especial en su coraz\u00f3n. De ni\u00f1a, a","og_url":"https:\/\/dev6.erresse-shop.it\/es\/shop\/tabla\/platos\/bordallo-pinheiro-elemento-de-pared-hoja-de-arce-amarillo-gudrun\/","og_site_name":"dev6 Erresse","og_image":[{"url":"https:\/\/interpim.erresse-shop.it\/Import\/Prodotti\/bordallo-pinheiro-gudrun-pezzo-da-parete-foglia-acero-giallo.jpg","type":"","width":"","height":""},{"url":"https:\/\/interpim.erresse-shop.it\/Import\/Prodotti\/bordallo-pinheiro-gudrun-pezzo-da-parete-foglia-acero-giallo.jpg","width":1024,"height":1024,"type":"image\/jpeg"}],"twitter_card":"summary_large_image","twitter_image":"https:\/\/interpim.erresse-shop.it\/Import\/Prodotti\/bordallo-pinheiro-gudrun-pezzo-da-parete-foglia-acero-giallo.jpg","schema":{"@context":"https:\/\/schema.org","@graph":[{"@type":"WebPage","@id":"https:\/\/dev6.erresse-shop.it\/es\/shop\/tabla\/platos\/bordallo-pinheiro-elemento-de-pared-hoja-de-arce-amarillo-gudrun\/","url":"https:\/\/dev6.erresse-shop.it\/es\/shop\/tabla\/platos\/bordallo-pinheiro-elemento-de-pared-hoja-de-arce-amarillo-gudrun\/","name":"BORDALLO PINHEIRO Elemento de Pared Hoja de Arce Amarillo GUDRUN - dev6 Erresse","isPartOf":{"@id":"https:\/\/dev6.erresse-shop.it\/#website"},"primaryImageOfPage":{"@id":"https:\/\/dev6.erresse-shop.it\/es\/shop\/tabla\/platos\/bordallo-pinheiro-elemento-de-pared-hoja-de-arce-amarillo-gudrun\/#primaryimage"},"image":{"@id":"https:\/\/dev6.erresse-shop.it\/es\/shop\/tabla\/platos\/bordallo-pinheiro-elemento-de-pared-hoja-de-arce-amarillo-gudrun\/#primaryimage"},"thumbnailUrl":"https:\/\/i1.wp.com\/interpim.erresse-shop.it\/Import\/Prodotti\/bordallo-pinheiro-gudrun-pezzo-da-parete-foglia-acero-giallo.jpg?ssl=1","datePublished":"2026-04-12T08:49:56+00:00","description":"La colecci\u00f3n Gudrun de Claudia Schiffer se inspira en el oto\u00f1o, con sus hojas ca\u00eddas y bellotas, y ocupa un lugar especial en su coraz\u00f3n. De ni\u00f1a, a","breadcrumb":{"@id":"https:\/\/dev6.erresse-shop.it\/es\/shop\/tabla\/platos\/bordallo-pinheiro-elemento-de-pared-hoja-de-arce-amarillo-gudrun\/#breadcrumb"},"inLanguage":"es","potentialAction":[{"@type":"ReadAction","target":["https:\/\/dev6.erresse-shop.it\/es\/shop\/tabla\/platos\/bordallo-pinheiro-elemento-de-pared-hoja-de-arce-amarillo-gudrun\/"]}]},{"@type":"ImageObject","inLanguage":"es","@id":"https:\/\/dev6.erresse-shop.it\/es\/shop\/tabla\/platos\/bordallo-pinheiro-elemento-de-pared-hoja-de-arce-amarillo-gudrun\/#primaryimage","url":"https:\/\/i1.wp.com\/interpim.erresse-shop.it\/Import\/Prodotti\/bordallo-pinheiro-gudrun-pezzo-da-parete-foglia-acero-giallo.jpg?ssl=1","contentUrl":"https:\/\/i1.wp.com\/interpim.erresse-shop.it\/Import\/Prodotti\/bordallo-pinheiro-gudrun-pezzo-da-parete-foglia-acero-giallo.jpg?ssl=1"},{"@type":"BreadcrumbList","@id":"https:\/\/dev6.erresse-shop.it\/es\/shop\/tabla\/platos\/bordallo-pinheiro-elemento-de-pared-hoja-de-arce-amarillo-gudrun\/#breadcrumb","itemListElement":[{"@type":"ListItem","position":1,"name":"Home","item":"https:\/\/dev6.erresse-shop.it\/"},{"@type":"ListItem","position":2,"name":"Tienda","item":"https:\/\/dev6.erresse-shop.it\/shop\/"},{"@type":"ListItem","position":3,"name":"BORDALLO PINHEIRO Elemento de Pared Hoja de Arce Amarillo GUDRUN"}]},{"@type":"WebSite","@id":"https:\/\/dev6.erresse-shop.it\/#website","url":"https:\/\/dev6.erresse-shop.it\/","name":"Erresse Shop","description":"","publisher":{"@id":"https:\/\/dev6.erresse-shop.it\/#organization"},"potentialAction":[{"@type":"SearchAction","target":{"@type":"EntryPoint","urlTemplate":"https:\/\/dev6.erresse-shop.it\/?s={search_term_string}"},"query-input":{"@type":"PropertyValueSpecification","valueRequired":true,"valueName":"search_term_string"}}],"inLanguage":"es"},{"@type":"Organization","@id":"https:\/\/dev6.erresse-shop.it\/#organization","name":"Erresse Shop","url":"https:\/\/dev6.erresse-shop.it\/","logo":{"@type":"ImageObject","inLanguage":"es","@id":"https:\/\/dev6.erresse-shop.it\/#\/schema\/logo\/image\/","url":"https:\/\/dev6.erresse-shop.it\/wp-content\/uploads\/2025\/01\/LOGO-ERRESSE-CLASSICO.svg","contentUrl":"https:\/\/dev6.erresse-shop.it\/wp-content\/uploads\/2025\/01\/LOGO-ERRESSE-CLASSICO.svg","caption":"Erresse Shop"},"image":{"@id":"https:\/\/dev6.erresse-shop.it\/#\/schema\/logo\/image\/"}}]}},"df_price":46,"df_sale_price":46,"df_regular_price":48,"df_image_link":"https:\/\/i1.wp.com\/interpim.erresse-shop.it\/Import\/Prodotti\/bordallo-pinheiro-gudrun-pezzo-da-parete-foglia-acero-giallo.jpg?resize=300,300&ssl=1","fifu_image_url":"https:\/\/interpim.erresse-shop.it\/Import\/Prodotti\/bordallo-pinheiro-gudrun-pezzo-da-parete-foglia-acero-giallo.jpg","_links":{"self":[{"href":"https:\/\/dev6.erresse-shop.it\/es\/wp-json\/wp\/v2\/product\/1881148","targetHints":{"allow":["GET"]}}],"collection":[{"href":"https:\/\/dev6.erresse-shop.it\/es\/wp-json\/wp\/v2\/product"}],"about":[{"href":"https:\/\/dev6.erresse-shop.it\/es\/wp-json\/wp\/v2\/types\/product"}],"wp:featuredmedia":[{"embeddable":true,"href":"https:\/\/dev6.erresse-shop.it\/es\/wp-json\/wp\/v2\/media\/6367441"}],"wp:attachment":[{"href":"https:\/\/dev6.erresse-shop.it\/es\/wp-json\/wp\/v2\/media?parent=1881148"}],"wp:term":[{"taxonomy":"product_cat","embeddable":true,"href":"https:\/\/dev6.erresse-shop.it\/es\/wp-json\/wp\/v2\/product_cat?post=1881148"},{"taxonomy":"product_tag","embeddable":true,"href":"https:\/\/dev6.erresse-shop.it\/es\/wp-json\/wp\/v2\/product_tag?post=1881148"}],"curies":[{"name":"wp","href":"https:\/\/api.w.org\/{rel}","templated":true}]}}