{"id":1881120,"date":"2026-04-12T10:47:59","date_gmt":"2026-04-12T08:47:59","guid":{"rendered":"https:\/\/dev6.erresse-shop.it\/shop\/sin%20categor\u00eda\/weber-barbacoa-electrica-pulse-1000-negro\/"},"modified":"2025-07-04T23:22:05","modified_gmt":"2025-07-04T21:22:05","slug":"weber-barbacoa-electrica-pulse-1000-negro","status":"publish","type":"product","link":"https:\/\/dev6.erresse-shop.it\/es\/shop\/pequenos-electrodomesticos\/parrillas-y-barbacoas\/weber-barbacoa-electrica-pulse-1000-negro\/","title":{"rendered":"WEBER Barbacoa El\u00e9ctrica Pulse 1000 Negro"},"content":{"rendered":"<p>Hemos reinventado la barbacoa el\u00e9ctrica, el futuro de la nueva cocina urbana, garant\u00eda de resultados siempre aut\u00e9nticos. La barbacoa el\u00e9ctrica Pulse 1000 es la primera de su clase que combina tecnolog\u00eda inteligente con rendimiento digital de vanguardia, revolucionando la cocci\u00f3n en la parrilla tradicional, c\u00f3modamente sentado en su balc\u00f3n.<\/p>\n<p>ESPECIFICACIONES T\u00c9CNICAS<\/p>\n<p>Dimensiones \u2013 tapa abierta: 68 cm alto x 61 cm ancho x 65 cm profundidad<br \/>\nDimensiones \u2013 tapa cerrada: 33 cm alto x 61 cm ancho x 54 cm profundidad<br \/>\n\u00c1rea total de cocci\u00f3n: 41\u00d731 cm<br \/>\nTipo de combustible: el\u00e9ctrico<br \/>\nPeso: 13,92 kg<\/p>\n","protected":false},"excerpt":{"rendered":"<p>Hemos reinventado la barbacoa el\u00e9ctrica, el futuro de la nueva cocina urbana, garant\u00eda de resultados siempre aut\u00e9nticos. La barbacoa el\u00e9ctrica Pulse 1000 es la primera de su clase que combina tecnolog\u00eda inteligente con rendimiento digital de vanguardia, revolucionando la cocci\u00f3n en la parrilla tradicional, c\u00f3modamente sentado en su balc\u00f3n. ESPECIFICACIONES T\u00c9CNICAS Dimensiones \u2013 tapa abierta: [&hellip;]<\/p>\n","protected":false},"featured_media":6367385,"template":"","meta":{"_acf_changed":false},"product_cat":[11979,11947],"product_tag":[],"class_list":{"0":"post-1881120","1":"product","2":"type-product","3":"status-publish","4":"has-post-thumbnail","6":"product_cat-parrillas-y-barbacoas","7":"product_cat-pequenos-electrodomesticos","9":"first","10":"instock","11":"sale","12":"taxable","13":"shipping-taxable","14":"purchasable","15":"product-type-simple","swatches":"rey-swatches","show_selected":"","stretch_labels":"rey-swatches--stretch-labels"},"acf":[],"yoast_head":"<!-- This site is optimized with the Yoast SEO plugin v25.4 - https:\/\/yoast.com\/wordpress\/plugins\/seo\/ -->\n<title>WEBER Barbacoa El\u00e9ctrica Pulse 1000 Negro - dev6 Erresse<\/title>\n<meta name=\"description\" content=\"Hemos reinventado la barbacoa el\u00e9ctrica, el futuro de la nueva cocina urbana, garant\u00eda de resultados siempre aut\u00e9nticos. La barbacoa el\u00e9ctrica Pulse 1000\" \/>\n<meta name=\"robots\" content=\"noindex, follow, max-snippet:-1, max-image-preview:large, max-video-preview:-1\" \/>\n<meta property=\"og:locale\" content=\"es_ES\" \/>\n<meta property=\"og:type\" content=\"article\" \/>\n<meta property=\"og:title\" content=\"WEBER Barbacoa El\u00e9ctrica Pulse 1000 Negro - dev6 Erresse\" \/>\n<meta property=\"og:description\" content=\"Hemos reinventado la barbacoa el\u00e9ctrica, el futuro de la nueva cocina urbana, garant\u00eda de resultados siempre aut\u00e9nticos. La barbacoa el\u00e9ctrica Pulse 1000\" \/>\n<meta property=\"og:url\" content=\"https:\/\/dev6.erresse-shop.it\/es\/shop\/pequenos-electrodomesticos\/parrillas-y-barbacoas\/weber-barbacoa-electrica-pulse-1000-negro\/\" \/>\n<meta property=\"og:site_name\" content=\"dev6 Erresse\" \/>\n<meta property=\"og:image\" content=\"https:\/\/interpim.erresse-shop.it\/wp-content\/uploads\/2024\/05\/WEBER-Barbecue-Elettrico-Pulse-1000-Nero.jpg\/weber-barbecue-elettrico-pulse-1000-nero.jpg\" \/><meta property=\"og:image\" content=\"https:\/\/interpim.erresse-shop.it\/wp-content\/uploads\/2024\/05\/WEBER-Barbecue-Elettrico-Pulse-1000-Nero.jpg\/weber-barbecue-elettrico-pulse-1000-nero.jpg\" \/>\n\t<meta property=\"og:image:width\" content=\"1024\" \/>\n\t<meta property=\"og:image:height\" content=\"1024\" \/>\n\t<meta property=\"og:image:type\" content=\"image\/jpeg\" \/>\n<meta name=\"twitter:card\" content=\"summary_large_image\" \/>\n<meta name=\"twitter:image\" content=\"https:\/\/interpim.erresse-shop.it\/wp-content\/uploads\/2024\/05\/WEBER-Barbecue-Elettrico-Pulse-1000-Nero.jpg\/weber-barbecue-elettrico-pulse-1000-nero.jpg\" \/>\n<script type=\"application\/ld+json\" class=\"yoast-schema-graph\">{\"@context\":\"https:\/\/schema.org\",\"@graph\":[{\"@type\":\"WebPage\",\"@id\":\"https:\/\/dev6.erresse-shop.it\/es\/shop\/pequenos-electrodomesticos\/parrillas-y-barbacoas\/weber-barbacoa-electrica-pulse-1000-negro\/\",\"url\":\"https:\/\/dev6.erresse-shop.it\/es\/shop\/pequenos-electrodomesticos\/parrillas-y-barbacoas\/weber-barbacoa-electrica-pulse-1000-negro\/\",\"name\":\"WEBER Barbacoa El\u00e9ctrica Pulse 1000 Negro - dev6 Erresse\",\"isPartOf\":{\"@id\":\"https:\/\/dev6.erresse-shop.it\/#website\"},\"primaryImageOfPage\":{\"@id\":\"https:\/\/dev6.erresse-shop.it\/es\/shop\/pequenos-electrodomesticos\/parrillas-y-barbacoas\/weber-barbacoa-electrica-pulse-1000-negro\/#primaryimage\"},\"image\":{\"@id\":\"https:\/\/dev6.erresse-shop.it\/es\/shop\/pequenos-electrodomesticos\/parrillas-y-barbacoas\/weber-barbacoa-electrica-pulse-1000-negro\/#primaryimage\"},\"thumbnailUrl\":\"https:\/\/i2.wp.com\/interpim.erresse-shop.it\/wp-content\/uploads\/2024\/05\/WEBER-Barbecue-Elettrico-Pulse-1000-Nero.jpg\/weber-barbecue-elettrico-pulse-1000-nero.jpg?ssl=1\",\"datePublished\":\"2026-04-12T08:47:59+00:00\",\"description\":\"Hemos reinventado la barbacoa el\u00e9ctrica, el futuro de la nueva cocina urbana, garant\u00eda de resultados siempre aut\u00e9nticos. La barbacoa el\u00e9ctrica Pulse 1000\",\"breadcrumb\":{\"@id\":\"https:\/\/dev6.erresse-shop.it\/es\/shop\/pequenos-electrodomesticos\/parrillas-y-barbacoas\/weber-barbacoa-electrica-pulse-1000-negro\/#breadcrumb\"},\"inLanguage\":\"es\",\"potentialAction\":[{\"@type\":\"ReadAction\",\"target\":[\"https:\/\/dev6.erresse-shop.it\/es\/shop\/pequenos-electrodomesticos\/parrillas-y-barbacoas\/weber-barbacoa-electrica-pulse-1000-negro\/\"]}]},{\"@type\":\"ImageObject\",\"inLanguage\":\"es\",\"@id\":\"https:\/\/dev6.erresse-shop.it\/es\/shop\/pequenos-electrodomesticos\/parrillas-y-barbacoas\/weber-barbacoa-electrica-pulse-1000-negro\/#primaryimage\",\"url\":\"https:\/\/i2.wp.com\/interpim.erresse-shop.it\/wp-content\/uploads\/2024\/05\/WEBER-Barbecue-Elettrico-Pulse-1000-Nero.jpg\/weber-barbecue-elettrico-pulse-1000-nero.jpg?ssl=1\",\"contentUrl\":\"https:\/\/i2.wp.com\/interpim.erresse-shop.it\/wp-content\/uploads\/2024\/05\/WEBER-Barbecue-Elettrico-Pulse-1000-Nero.jpg\/weber-barbecue-elettrico-pulse-1000-nero.jpg?ssl=1\"},{\"@type\":\"BreadcrumbList\",\"@id\":\"https:\/\/dev6.erresse-shop.it\/es\/shop\/pequenos-electrodomesticos\/parrillas-y-barbacoas\/weber-barbacoa-electrica-pulse-1000-negro\/#breadcrumb\",\"itemListElement\":[{\"@type\":\"ListItem\",\"position\":1,\"name\":\"Home\",\"item\":\"https:\/\/dev6.erresse-shop.it\/\"},{\"@type\":\"ListItem\",\"position\":2,\"name\":\"Tienda\",\"item\":\"https:\/\/dev6.erresse-shop.it\/shop\/\"},{\"@type\":\"ListItem\",\"position\":3,\"name\":\"WEBER Barbacoa El\u00e9ctrica Pulse 1000 Negro\"}]},{\"@type\":\"WebSite\",\"@id\":\"https:\/\/dev6.erresse-shop.it\/#website\",\"url\":\"https:\/\/dev6.erresse-shop.it\/\",\"name\":\"Erresse Shop\",\"description\":\"\",\"publisher\":{\"@id\":\"https:\/\/dev6.erresse-shop.it\/#organization\"},\"potentialAction\":[{\"@type\":\"SearchAction\",\"target\":{\"@type\":\"EntryPoint\",\"urlTemplate\":\"https:\/\/dev6.erresse-shop.it\/?s={search_term_string}\"},\"query-input\":{\"@type\":\"PropertyValueSpecification\",\"valueRequired\":true,\"valueName\":\"search_term_string\"}}],\"inLanguage\":\"es\"},{\"@type\":\"Organization\",\"@id\":\"https:\/\/dev6.erresse-shop.it\/#organization\",\"name\":\"Erresse Shop\",\"url\":\"https:\/\/dev6.erresse-shop.it\/\",\"logo\":{\"@type\":\"ImageObject\",\"inLanguage\":\"es\",\"@id\":\"https:\/\/dev6.erresse-shop.it\/#\/schema\/logo\/image\/\",\"url\":\"https:\/\/dev6.erresse-shop.it\/wp-content\/uploads\/2025\/01\/LOGO-ERRESSE-CLASSICO.svg\",\"contentUrl\":\"https:\/\/dev6.erresse-shop.it\/wp-content\/uploads\/2025\/01\/LOGO-ERRESSE-CLASSICO.svg\",\"caption\":\"Erresse Shop\"},\"image\":{\"@id\":\"https:\/\/dev6.erresse-shop.it\/#\/schema\/logo\/image\/\"}}]}<\/script>\n<!-- \/ Yoast SEO plugin. -->","yoast_head_json":{"title":"WEBER Barbacoa El\u00e9ctrica Pulse 1000 Negro - dev6 Erresse","description":"Hemos reinventado la barbacoa el\u00e9ctrica, el futuro de la nueva cocina urbana, garant\u00eda de resultados siempre aut\u00e9nticos. La barbacoa el\u00e9ctrica Pulse 1000","robots":{"index":"noindex","follow":"follow","max-snippet":"max-snippet:-1","max-image-preview":"max-image-preview:large","max-video-preview":"max-video-preview:-1"},"og_locale":"es_ES","og_type":"article","og_title":"WEBER Barbacoa El\u00e9ctrica Pulse 1000 Negro - dev6 Erresse","og_description":"Hemos reinventado la barbacoa el\u00e9ctrica, el futuro de la nueva cocina urbana, garant\u00eda de resultados siempre aut\u00e9nticos. La barbacoa el\u00e9ctrica Pulse 1000","og_url":"https:\/\/dev6.erresse-shop.it\/es\/shop\/pequenos-electrodomesticos\/parrillas-y-barbacoas\/weber-barbacoa-electrica-pulse-1000-negro\/","og_site_name":"dev6 Erresse","og_image":[{"url":"https:\/\/interpim.erresse-shop.it\/wp-content\/uploads\/2024\/05\/WEBER-Barbecue-Elettrico-Pulse-1000-Nero.jpg\/weber-barbecue-elettrico-pulse-1000-nero.jpg","type":"","width":"","height":""},{"url":"https:\/\/interpim.erresse-shop.it\/wp-content\/uploads\/2024\/05\/WEBER-Barbecue-Elettrico-Pulse-1000-Nero.jpg\/weber-barbecue-elettrico-pulse-1000-nero.jpg","width":1024,"height":1024,"type":"image\/jpeg"}],"twitter_card":"summary_large_image","twitter_image":"https:\/\/interpim.erresse-shop.it\/wp-content\/uploads\/2024\/05\/WEBER-Barbecue-Elettrico-Pulse-1000-Nero.jpg\/weber-barbecue-elettrico-pulse-1000-nero.jpg","schema":{"@context":"https:\/\/schema.org","@graph":[{"@type":"WebPage","@id":"https:\/\/dev6.erresse-shop.it\/es\/shop\/pequenos-electrodomesticos\/parrillas-y-barbacoas\/weber-barbacoa-electrica-pulse-1000-negro\/","url":"https:\/\/dev6.erresse-shop.it\/es\/shop\/pequenos-electrodomesticos\/parrillas-y-barbacoas\/weber-barbacoa-electrica-pulse-1000-negro\/","name":"WEBER Barbacoa El\u00e9ctrica Pulse 1000 Negro - dev6 Erresse","isPartOf":{"@id":"https:\/\/dev6.erresse-shop.it\/#website"},"primaryImageOfPage":{"@id":"https:\/\/dev6.erresse-shop.it\/es\/shop\/pequenos-electrodomesticos\/parrillas-y-barbacoas\/weber-barbacoa-electrica-pulse-1000-negro\/#primaryimage"},"image":{"@id":"https:\/\/dev6.erresse-shop.it\/es\/shop\/pequenos-electrodomesticos\/parrillas-y-barbacoas\/weber-barbacoa-electrica-pulse-1000-negro\/#primaryimage"},"thumbnailUrl":"https:\/\/i2.wp.com\/interpim.erresse-shop.it\/wp-content\/uploads\/2024\/05\/WEBER-Barbecue-Elettrico-Pulse-1000-Nero.jpg\/weber-barbecue-elettrico-pulse-1000-nero.jpg?ssl=1","datePublished":"2026-04-12T08:47:59+00:00","description":"Hemos reinventado la barbacoa el\u00e9ctrica, el futuro de la nueva cocina urbana, garant\u00eda de resultados siempre aut\u00e9nticos. La barbacoa el\u00e9ctrica Pulse 1000","breadcrumb":{"@id":"https:\/\/dev6.erresse-shop.it\/es\/shop\/pequenos-electrodomesticos\/parrillas-y-barbacoas\/weber-barbacoa-electrica-pulse-1000-negro\/#breadcrumb"},"inLanguage":"es","potentialAction":[{"@type":"ReadAction","target":["https:\/\/dev6.erresse-shop.it\/es\/shop\/pequenos-electrodomesticos\/parrillas-y-barbacoas\/weber-barbacoa-electrica-pulse-1000-negro\/"]}]},{"@type":"ImageObject","inLanguage":"es","@id":"https:\/\/dev6.erresse-shop.it\/es\/shop\/pequenos-electrodomesticos\/parrillas-y-barbacoas\/weber-barbacoa-electrica-pulse-1000-negro\/#primaryimage","url":"https:\/\/i2.wp.com\/interpim.erresse-shop.it\/wp-content\/uploads\/2024\/05\/WEBER-Barbecue-Elettrico-Pulse-1000-Nero.jpg\/weber-barbecue-elettrico-pulse-1000-nero.jpg?ssl=1","contentUrl":"https:\/\/i2.wp.com\/interpim.erresse-shop.it\/wp-content\/uploads\/2024\/05\/WEBER-Barbecue-Elettrico-Pulse-1000-Nero.jpg\/weber-barbecue-elettrico-pulse-1000-nero.jpg?ssl=1"},{"@type":"BreadcrumbList","@id":"https:\/\/dev6.erresse-shop.it\/es\/shop\/pequenos-electrodomesticos\/parrillas-y-barbacoas\/weber-barbacoa-electrica-pulse-1000-negro\/#breadcrumb","itemListElement":[{"@type":"ListItem","position":1,"name":"Home","item":"https:\/\/dev6.erresse-shop.it\/"},{"@type":"ListItem","position":2,"name":"Tienda","item":"https:\/\/dev6.erresse-shop.it\/shop\/"},{"@type":"ListItem","position":3,"name":"WEBER Barbacoa El\u00e9ctrica Pulse 1000 Negro"}]},{"@type":"WebSite","@id":"https:\/\/dev6.erresse-shop.it\/#website","url":"https:\/\/dev6.erresse-shop.it\/","name":"Erresse Shop","description":"","publisher":{"@id":"https:\/\/dev6.erresse-shop.it\/#organization"},"potentialAction":[{"@type":"SearchAction","target":{"@type":"EntryPoint","urlTemplate":"https:\/\/dev6.erresse-shop.it\/?s={search_term_string}"},"query-input":{"@type":"PropertyValueSpecification","valueRequired":true,"valueName":"search_term_string"}}],"inLanguage":"es"},{"@type":"Organization","@id":"https:\/\/dev6.erresse-shop.it\/#organization","name":"Erresse Shop","url":"https:\/\/dev6.erresse-shop.it\/","logo":{"@type":"ImageObject","inLanguage":"es","@id":"https:\/\/dev6.erresse-shop.it\/#\/schema\/logo\/image\/","url":"https:\/\/dev6.erresse-shop.it\/wp-content\/uploads\/2025\/01\/LOGO-ERRESSE-CLASSICO.svg","contentUrl":"https:\/\/dev6.erresse-shop.it\/wp-content\/uploads\/2025\/01\/LOGO-ERRESSE-CLASSICO.svg","caption":"Erresse Shop"},"image":{"@id":"https:\/\/dev6.erresse-shop.it\/#\/schema\/logo\/image\/"}}]}},"df_price":738.9,"df_sale_price":738.9,"df_regular_price":799.99,"df_image_link":"https:\/\/i2.wp.com\/interpim.erresse-shop.it\/wp-content\/uploads\/2024\/05\/WEBER-Barbecue-Elettrico-Pulse-1000-Nero.jpg\/weber-barbecue-elettrico-pulse-1000-nero.jpg?resize=300,300&ssl=1","fifu_image_url":"https:\/\/interpim.erresse-shop.it\/wp-content\/uploads\/2024\/05\/WEBER-Barbecue-Elettrico-Pulse-1000-Nero.jpg\/weber-barbecue-elettrico-pulse-1000-nero.jpg","_links":{"self":[{"href":"https:\/\/dev6.erresse-shop.it\/es\/wp-json\/wp\/v2\/product\/1881120","targetHints":{"allow":["GET"]}}],"collection":[{"href":"https:\/\/dev6.erresse-shop.it\/es\/wp-json\/wp\/v2\/product"}],"about":[{"href":"https:\/\/dev6.erresse-shop.it\/es\/wp-json\/wp\/v2\/types\/product"}],"wp:featuredmedia":[{"embeddable":true,"href":"https:\/\/dev6.erresse-shop.it\/es\/wp-json\/wp\/v2\/media\/6367385"}],"wp:attachment":[{"href":"https:\/\/dev6.erresse-shop.it\/es\/wp-json\/wp\/v2\/media?parent=1881120"}],"wp:term":[{"taxonomy":"product_cat","embeddable":true,"href":"https:\/\/dev6.erresse-shop.it\/es\/wp-json\/wp\/v2\/product_cat?post=1881120"},{"taxonomy":"product_tag","embeddable":true,"href":"https:\/\/dev6.erresse-shop.it\/es\/wp-json\/wp\/v2\/product_tag?post=1881120"}],"curies":[{"name":"wp","href":"https:\/\/api.w.org\/{rel}","templated":true}]}}