{"id":1881118,"date":"2026-04-12T10:47:59","date_gmt":"2026-04-12T08:47:59","guid":{"rendered":"https:\/\/dev6.erresse-shop.it\/shop\/sin%20categor\u00eda\/barbacoa-de-gas-portatil-weber-traveller\/"},"modified":"2025-07-04T23:22:00","modified_gmt":"2025-07-04T21:22:00","slug":"barbacoa-de-gas-portatil-weber-traveller","status":"publish","type":"product","link":"https:\/\/dev6.erresse-shop.it\/es\/shop\/pequenos-electrodomesticos\/parrillas-y-barbacoas\/barbacoa-de-gas-portatil-weber-traveller\/","title":{"rendered":"Barbacoa de gas port\u00e1til WEBER Traveller"},"content":{"rendered":"<p>La barbacoa de gas Weber Traveler* es ideal para quienes aman cocinar mientras viajan, fuera de casa. Perfecto para acampar y hacer picnics, su dise\u00f1o robusto y compacto garantiza una experiencia siempre placentera, desde la instalaci\u00f3n hasta el almacenamiento. Disfrute de platos de barbacoa de calidad mientras viaja, independientemente de su destino. *WEBER TRAVELER es una marca registrada de Weber-Stephen Products LLC.<\/p>\n<p>\u2022 Se pliega de forma compacta para guardarlo f\u00e1cilmente en el maletero de su autom\u00f3vil o en el garaje.<br \/>\n\u2022 Dispone de una amplia zona de cocci\u00f3n para la preparaci\u00f3n simult\u00e1nea de todos los alimentos de una comida completa<br \/>\n\u2022 Ha sido dise\u00f1ado espec\u00edficamente para optimizar el uso del gas.<br \/>\n\u2022 Amplio rango de temperatura para panqueques, filetes chamuscados y m\u00e1s<br \/>\n\u2022 F\u00e1cil de transportar, para que pueda seguirte a donde quiera que vayas<br \/>\n\u2022 La parrilla est\u00e1 adjunta al carrito para que pueda comenzar a cocinar inmediatamente<\/p>\n<p>ESPECIFICACIONES T\u00c9CNICAS<\/p>\n<p>POTENCIA QUEMADORES: (KW)3.8<\/p>\n<p>Dimensiones: tapa cerrada (cent\u00edmetros) 94,5 cm de alto x 110,8 cm de ancho x 58,4 cm de profundidad<\/p>\n<p>Superficie de cocci\u00f3n (cent\u00edmetros) 45,43 x 45,43<\/p>\n<p>Peso (kg)21,12<\/p>\n<p>Quemadores de acero inoxidable1<br \/>\nTipo de combustible: GAS LPG (el cilindro recargable se vende por separado)<\/p>\n","protected":false},"excerpt":{"rendered":"<p>La barbacoa de gas Weber Traveler* es ideal para quienes aman cocinar mientras viajan, fuera de casa. Perfecto para acampar y hacer picnics, su dise\u00f1o robusto y compacto garantiza una experiencia siempre placentera, desde la instalaci\u00f3n hasta el almacenamiento. Disfrute de platos de barbacoa de calidad mientras viaja, independientemente de su destino. *WEBER TRAVELER es [&hellip;]<\/p>\n","protected":false},"featured_media":6367375,"template":"","meta":{"_acf_changed":false},"product_cat":[11979,11947],"product_tag":[],"class_list":{"0":"post-1881118","1":"product","2":"type-product","3":"status-publish","4":"has-post-thumbnail","6":"product_cat-parrillas-y-barbacoas","7":"product_cat-pequenos-electrodomesticos","9":"first","10":"instock","11":"sale","12":"taxable","13":"shipping-taxable","14":"purchasable","15":"product-type-simple","swatches":"rey-swatches","show_selected":"","stretch_labels":"rey-swatches--stretch-labels"},"acf":[],"yoast_head":"<!-- This site is optimized with the Yoast SEO plugin v25.4 - https:\/\/yoast.com\/wordpress\/plugins\/seo\/ -->\n<title>Barbacoa de gas port\u00e1til WEBER Traveller - dev6 Erresse<\/title>\n<meta name=\"description\" content=\"La barbacoa de gas Weber Traveler* es ideal para quienes aman cocinar mientras viajan, fuera de casa. Perfecto para acampar y hacer picnics, su dise\u00f1o\" \/>\n<meta name=\"robots\" content=\"noindex, follow, max-snippet:-1, max-image-preview:large, max-video-preview:-1\" \/>\n<meta property=\"og:locale\" content=\"es_ES\" \/>\n<meta property=\"og:type\" content=\"article\" \/>\n<meta property=\"og:title\" content=\"Barbacoa de gas port\u00e1til WEBER Traveller - dev6 Erresse\" \/>\n<meta property=\"og:description\" content=\"La barbacoa de gas Weber Traveler* es ideal para quienes aman cocinar mientras viajan, fuera de casa. Perfecto para acampar y hacer picnics, su dise\u00f1o\" \/>\n<meta property=\"og:url\" content=\"https:\/\/dev6.erresse-shop.it\/es\/shop\/pequenos-electrodomesticos\/parrillas-y-barbacoas\/barbacoa-de-gas-portatil-weber-traveller\/\" \/>\n<meta property=\"og:site_name\" content=\"dev6 Erresse\" \/>\n<meta property=\"og:image\" content=\"https:\/\/interpim.erresse-shop.it\/Import\/Prodotti\/weber-traveler-barbecue-a-gas-portatile.jpg\" \/><meta property=\"og:image\" content=\"https:\/\/interpim.erresse-shop.it\/Import\/Prodotti\/weber-traveler-barbecue-a-gas-portatile.jpg\" \/>\n\t<meta property=\"og:image:width\" content=\"1024\" \/>\n\t<meta property=\"og:image:height\" content=\"1024\" \/>\n\t<meta property=\"og:image:type\" content=\"image\/jpeg\" \/>\n<meta name=\"twitter:card\" content=\"summary_large_image\" \/>\n<meta name=\"twitter:image\" content=\"https:\/\/interpim.erresse-shop.it\/Import\/Prodotti\/weber-traveler-barbecue-a-gas-portatile.jpg\" \/>\n<script type=\"application\/ld+json\" class=\"yoast-schema-graph\">{\"@context\":\"https:\/\/schema.org\",\"@graph\":[{\"@type\":\"WebPage\",\"@id\":\"https:\/\/dev6.erresse-shop.it\/es\/shop\/pequenos-electrodomesticos\/parrillas-y-barbacoas\/barbacoa-de-gas-portatil-weber-traveller\/\",\"url\":\"https:\/\/dev6.erresse-shop.it\/es\/shop\/pequenos-electrodomesticos\/parrillas-y-barbacoas\/barbacoa-de-gas-portatil-weber-traveller\/\",\"name\":\"Barbacoa de gas port\u00e1til WEBER Traveller - dev6 Erresse\",\"isPartOf\":{\"@id\":\"https:\/\/dev6.erresse-shop.it\/#website\"},\"primaryImageOfPage\":{\"@id\":\"https:\/\/dev6.erresse-shop.it\/es\/shop\/pequenos-electrodomesticos\/parrillas-y-barbacoas\/barbacoa-de-gas-portatil-weber-traveller\/#primaryimage\"},\"image\":{\"@id\":\"https:\/\/dev6.erresse-shop.it\/es\/shop\/pequenos-electrodomesticos\/parrillas-y-barbacoas\/barbacoa-de-gas-portatil-weber-traveller\/#primaryimage\"},\"thumbnailUrl\":\"https:\/\/i2.wp.com\/interpim.erresse-shop.it\/Import\/Prodotti\/weber-traveler-barbecue-a-gas-portatile.jpg?ssl=1\",\"datePublished\":\"2026-04-12T08:47:59+00:00\",\"description\":\"La barbacoa de gas Weber Traveler* es ideal para quienes aman cocinar mientras viajan, fuera de casa. Perfecto para acampar y hacer picnics, su dise\u00f1o\",\"breadcrumb\":{\"@id\":\"https:\/\/dev6.erresse-shop.it\/es\/shop\/pequenos-electrodomesticos\/parrillas-y-barbacoas\/barbacoa-de-gas-portatil-weber-traveller\/#breadcrumb\"},\"inLanguage\":\"es\",\"potentialAction\":[{\"@type\":\"ReadAction\",\"target\":[\"https:\/\/dev6.erresse-shop.it\/es\/shop\/pequenos-electrodomesticos\/parrillas-y-barbacoas\/barbacoa-de-gas-portatil-weber-traveller\/\"]}]},{\"@type\":\"ImageObject\",\"inLanguage\":\"es\",\"@id\":\"https:\/\/dev6.erresse-shop.it\/es\/shop\/pequenos-electrodomesticos\/parrillas-y-barbacoas\/barbacoa-de-gas-portatil-weber-traveller\/#primaryimage\",\"url\":\"https:\/\/i2.wp.com\/interpim.erresse-shop.it\/Import\/Prodotti\/weber-traveler-barbecue-a-gas-portatile.jpg?ssl=1\",\"contentUrl\":\"https:\/\/i2.wp.com\/interpim.erresse-shop.it\/Import\/Prodotti\/weber-traveler-barbecue-a-gas-portatile.jpg?ssl=1\"},{\"@type\":\"BreadcrumbList\",\"@id\":\"https:\/\/dev6.erresse-shop.it\/es\/shop\/pequenos-electrodomesticos\/parrillas-y-barbacoas\/barbacoa-de-gas-portatil-weber-traveller\/#breadcrumb\",\"itemListElement\":[{\"@type\":\"ListItem\",\"position\":1,\"name\":\"Home\",\"item\":\"https:\/\/dev6.erresse-shop.it\/\"},{\"@type\":\"ListItem\",\"position\":2,\"name\":\"Tienda\",\"item\":\"https:\/\/dev6.erresse-shop.it\/shop\/\"},{\"@type\":\"ListItem\",\"position\":3,\"name\":\"Barbacoa de gas port\u00e1til WEBER Traveller\"}]},{\"@type\":\"WebSite\",\"@id\":\"https:\/\/dev6.erresse-shop.it\/#website\",\"url\":\"https:\/\/dev6.erresse-shop.it\/\",\"name\":\"Erresse Shop\",\"description\":\"\",\"publisher\":{\"@id\":\"https:\/\/dev6.erresse-shop.it\/#organization\"},\"potentialAction\":[{\"@type\":\"SearchAction\",\"target\":{\"@type\":\"EntryPoint\",\"urlTemplate\":\"https:\/\/dev6.erresse-shop.it\/?s={search_term_string}\"},\"query-input\":{\"@type\":\"PropertyValueSpecification\",\"valueRequired\":true,\"valueName\":\"search_term_string\"}}],\"inLanguage\":\"es\"},{\"@type\":\"Organization\",\"@id\":\"https:\/\/dev6.erresse-shop.it\/#organization\",\"name\":\"Erresse Shop\",\"url\":\"https:\/\/dev6.erresse-shop.it\/\",\"logo\":{\"@type\":\"ImageObject\",\"inLanguage\":\"es\",\"@id\":\"https:\/\/dev6.erresse-shop.it\/#\/schema\/logo\/image\/\",\"url\":\"https:\/\/dev6.erresse-shop.it\/wp-content\/uploads\/2025\/01\/LOGO-ERRESSE-CLASSICO.svg\",\"contentUrl\":\"https:\/\/dev6.erresse-shop.it\/wp-content\/uploads\/2025\/01\/LOGO-ERRESSE-CLASSICO.svg\",\"caption\":\"Erresse Shop\"},\"image\":{\"@id\":\"https:\/\/dev6.erresse-shop.it\/#\/schema\/logo\/image\/\"}}]}<\/script>\n<!-- \/ Yoast SEO plugin. -->","yoast_head_json":{"title":"Barbacoa de gas port\u00e1til WEBER Traveller - dev6 Erresse","description":"La barbacoa de gas Weber Traveler* es ideal para quienes aman cocinar mientras viajan, fuera de casa. Perfecto para acampar y hacer picnics, su dise\u00f1o","robots":{"index":"noindex","follow":"follow","max-snippet":"max-snippet:-1","max-image-preview":"max-image-preview:large","max-video-preview":"max-video-preview:-1"},"og_locale":"es_ES","og_type":"article","og_title":"Barbacoa de gas port\u00e1til WEBER Traveller - dev6 Erresse","og_description":"La barbacoa de gas Weber Traveler* es ideal para quienes aman cocinar mientras viajan, fuera de casa. Perfecto para acampar y hacer picnics, su dise\u00f1o","og_url":"https:\/\/dev6.erresse-shop.it\/es\/shop\/pequenos-electrodomesticos\/parrillas-y-barbacoas\/barbacoa-de-gas-portatil-weber-traveller\/","og_site_name":"dev6 Erresse","og_image":[{"url":"https:\/\/interpim.erresse-shop.it\/Import\/Prodotti\/weber-traveler-barbecue-a-gas-portatile.jpg","type":"","width":"","height":""},{"url":"https:\/\/interpim.erresse-shop.it\/Import\/Prodotti\/weber-traveler-barbecue-a-gas-portatile.jpg","width":1024,"height":1024,"type":"image\/jpeg"}],"twitter_card":"summary_large_image","twitter_image":"https:\/\/interpim.erresse-shop.it\/Import\/Prodotti\/weber-traveler-barbecue-a-gas-portatile.jpg","schema":{"@context":"https:\/\/schema.org","@graph":[{"@type":"WebPage","@id":"https:\/\/dev6.erresse-shop.it\/es\/shop\/pequenos-electrodomesticos\/parrillas-y-barbacoas\/barbacoa-de-gas-portatil-weber-traveller\/","url":"https:\/\/dev6.erresse-shop.it\/es\/shop\/pequenos-electrodomesticos\/parrillas-y-barbacoas\/barbacoa-de-gas-portatil-weber-traveller\/","name":"Barbacoa de gas port\u00e1til WEBER Traveller - dev6 Erresse","isPartOf":{"@id":"https:\/\/dev6.erresse-shop.it\/#website"},"primaryImageOfPage":{"@id":"https:\/\/dev6.erresse-shop.it\/es\/shop\/pequenos-electrodomesticos\/parrillas-y-barbacoas\/barbacoa-de-gas-portatil-weber-traveller\/#primaryimage"},"image":{"@id":"https:\/\/dev6.erresse-shop.it\/es\/shop\/pequenos-electrodomesticos\/parrillas-y-barbacoas\/barbacoa-de-gas-portatil-weber-traveller\/#primaryimage"},"thumbnailUrl":"https:\/\/i2.wp.com\/interpim.erresse-shop.it\/Import\/Prodotti\/weber-traveler-barbecue-a-gas-portatile.jpg?ssl=1","datePublished":"2026-04-12T08:47:59+00:00","description":"La barbacoa de gas Weber Traveler* es ideal para quienes aman cocinar mientras viajan, fuera de casa. Perfecto para acampar y hacer picnics, su dise\u00f1o","breadcrumb":{"@id":"https:\/\/dev6.erresse-shop.it\/es\/shop\/pequenos-electrodomesticos\/parrillas-y-barbacoas\/barbacoa-de-gas-portatil-weber-traveller\/#breadcrumb"},"inLanguage":"es","potentialAction":[{"@type":"ReadAction","target":["https:\/\/dev6.erresse-shop.it\/es\/shop\/pequenos-electrodomesticos\/parrillas-y-barbacoas\/barbacoa-de-gas-portatil-weber-traveller\/"]}]},{"@type":"ImageObject","inLanguage":"es","@id":"https:\/\/dev6.erresse-shop.it\/es\/shop\/pequenos-electrodomesticos\/parrillas-y-barbacoas\/barbacoa-de-gas-portatil-weber-traveller\/#primaryimage","url":"https:\/\/i2.wp.com\/interpim.erresse-shop.it\/Import\/Prodotti\/weber-traveler-barbecue-a-gas-portatile.jpg?ssl=1","contentUrl":"https:\/\/i2.wp.com\/interpim.erresse-shop.it\/Import\/Prodotti\/weber-traveler-barbecue-a-gas-portatile.jpg?ssl=1"},{"@type":"BreadcrumbList","@id":"https:\/\/dev6.erresse-shop.it\/es\/shop\/pequenos-electrodomesticos\/parrillas-y-barbacoas\/barbacoa-de-gas-portatil-weber-traveller\/#breadcrumb","itemListElement":[{"@type":"ListItem","position":1,"name":"Home","item":"https:\/\/dev6.erresse-shop.it\/"},{"@type":"ListItem","position":2,"name":"Tienda","item":"https:\/\/dev6.erresse-shop.it\/shop\/"},{"@type":"ListItem","position":3,"name":"Barbacoa de gas port\u00e1til WEBER Traveller"}]},{"@type":"WebSite","@id":"https:\/\/dev6.erresse-shop.it\/#website","url":"https:\/\/dev6.erresse-shop.it\/","name":"Erresse Shop","description":"","publisher":{"@id":"https:\/\/dev6.erresse-shop.it\/#organization"},"potentialAction":[{"@type":"SearchAction","target":{"@type":"EntryPoint","urlTemplate":"https:\/\/dev6.erresse-shop.it\/?s={search_term_string}"},"query-input":{"@type":"PropertyValueSpecification","valueRequired":true,"valueName":"search_term_string"}}],"inLanguage":"es"},{"@type":"Organization","@id":"https:\/\/dev6.erresse-shop.it\/#organization","name":"Erresse Shop","url":"https:\/\/dev6.erresse-shop.it\/","logo":{"@type":"ImageObject","inLanguage":"es","@id":"https:\/\/dev6.erresse-shop.it\/#\/schema\/logo\/image\/","url":"https:\/\/dev6.erresse-shop.it\/wp-content\/uploads\/2025\/01\/LOGO-ERRESSE-CLASSICO.svg","contentUrl":"https:\/\/dev6.erresse-shop.it\/wp-content\/uploads\/2025\/01\/LOGO-ERRESSE-CLASSICO.svg","caption":"Erresse Shop"},"image":{"@id":"https:\/\/dev6.erresse-shop.it\/#\/schema\/logo\/image\/"}}]}},"df_price":484.18,"df_sale_price":484.18,"df_regular_price":529.99,"df_image_link":"https:\/\/i2.wp.com\/interpim.erresse-shop.it\/Import\/Prodotti\/weber-traveler-barbecue-a-gas-portatile.jpg?resize=300,300&ssl=1","fifu_image_url":"https:\/\/interpim.erresse-shop.it\/Import\/Prodotti\/weber-traveler-barbecue-a-gas-portatile.jpg","_links":{"self":[{"href":"https:\/\/dev6.erresse-shop.it\/es\/wp-json\/wp\/v2\/product\/1881118","targetHints":{"allow":["GET"]}}],"collection":[{"href":"https:\/\/dev6.erresse-shop.it\/es\/wp-json\/wp\/v2\/product"}],"about":[{"href":"https:\/\/dev6.erresse-shop.it\/es\/wp-json\/wp\/v2\/types\/product"}],"wp:featuredmedia":[{"embeddable":true,"href":"https:\/\/dev6.erresse-shop.it\/es\/wp-json\/wp\/v2\/media\/6367375"}],"wp:attachment":[{"href":"https:\/\/dev6.erresse-shop.it\/es\/wp-json\/wp\/v2\/media?parent=1881118"}],"wp:term":[{"taxonomy":"product_cat","embeddable":true,"href":"https:\/\/dev6.erresse-shop.it\/es\/wp-json\/wp\/v2\/product_cat?post=1881118"},{"taxonomy":"product_tag","embeddable":true,"href":"https:\/\/dev6.erresse-shop.it\/es\/wp-json\/wp\/v2\/product_tag?post=1881118"}],"curies":[{"name":"wp","href":"https:\/\/api.w.org\/{rel}","templated":true}]}}