{"id":1880996,"date":"2026-04-12T10:42:34","date_gmt":"2026-04-12T08:42:34","guid":{"rendered":"https:\/\/dev6.erresse-shop.it\/shop\/sin%20categor\u00eda\/venini-balloton-lampara-azul-claro\/"},"modified":"2026-02-05T18:39:02","modified_gmt":"2026-02-05T17:39:02","slug":"venini-balloton-lampara-azul-claro","status":"publish","type":"product","link":"https:\/\/dev6.erresse-shop.it\/es\/shop\/mobiliario\/lamparas\/venini-balloton-lampara-azul-claro\/","title":{"rendered":"VENINI Balloton L\u00e1mpara Azul Claro"},"content":{"rendered":"<p>Se une a la colecci\u00f3n y renueva el concepto con su tecnolog\u00eda LED regulable al tacto. Al encender la nueva l\u00e1mpara de sobremesa Balloton, el efecto caleidosc\u00f3pico que se crea a trav\u00e9s del cristal es sencillamente encantador. La luz se difunde de forma m\u00e1gica, transformando.<\/p>\n<p>FABRICADA EN ITALIA<br \/>\nAltura 19 CM<br \/>\nDi\u00e1metro 17,50 CM<br \/>\nA\u00f1o 2023<br \/>\nColecci\u00f3n BALLOTON LIGHT<br \/>\nT\u00e9cnica Balloton, arenado, soplado<br \/>\nFuente de luz 1 x max 1,5W LED 5V \u2013 Dimmer<\/p>\n","protected":false},"excerpt":{"rendered":"<p>Se une a la colecci\u00f3n y renueva el concepto con su tecnolog\u00eda LED regulable al tacto. Al encender la nueva l\u00e1mpara de sobremesa Balloton, el efecto caleidosc\u00f3pico que se crea a trav\u00e9s del cristal es sencillamente encantador. La luz se difunde de forma m\u00e1gica, transformando. FABRICADA EN ITALIA Altura 19 CM Di\u00e1metro 17,50 CM A\u00f1o [&hellip;]<\/p>\n","protected":false},"featured_media":6367200,"template":"","meta":{"_acf_changed":false},"product_cat":[11666,11911,11882],"product_tag":[],"class_list":{"0":"post-1880996","1":"product","2":"type-product","3":"status-publish","4":"has-post-thumbnail","6":"product_cat-arredamento-casa","7":"product_cat-lamparas","8":"product_cat-mobiliario","10":"first","11":"instock","12":"sale","13":"taxable","14":"shipping-taxable","15":"purchasable","16":"product-type-simple","swatches":"rey-swatches","show_selected":"","stretch_labels":"rey-swatches--stretch-labels"},"acf":[],"yoast_head":"<!-- This site is optimized with the Yoast SEO plugin v25.4 - https:\/\/yoast.com\/wordpress\/plugins\/seo\/ -->\n<title>VENINI Balloton L\u00e1mpara Azul Claro - dev6 Erresse<\/title>\n<meta name=\"description\" content=\"Se une a la colecci\u00f3n y renueva el concepto con su tecnolog\u00eda LED regulable al tacto. Al encender la nueva l\u00e1mpara de sobremesa Balloton, el efecto\" \/>\n<meta name=\"robots\" content=\"noindex, follow, max-snippet:-1, max-image-preview:large, max-video-preview:-1\" \/>\n<meta property=\"og:locale\" content=\"es_ES\" \/>\n<meta property=\"og:type\" content=\"article\" \/>\n<meta property=\"og:title\" content=\"VENINI Balloton L\u00e1mpara Azul Claro - dev6 Erresse\" \/>\n<meta property=\"og:description\" content=\"Se une a la colecci\u00f3n y renueva el concepto con su tecnolog\u00eda LED regulable al tacto. Al encender la nueva l\u00e1mpara de sobremesa Balloton, el efecto\" \/>\n<meta property=\"og:url\" content=\"https:\/\/dev6.erresse-shop.it\/es\/shop\/mobiliario\/lamparas\/venini-balloton-lampara-azul-claro\/\" \/>\n<meta property=\"og:site_name\" content=\"dev6 Erresse\" \/>\n<meta property=\"og:image\" content=\"https:\/\/interpim.erresse-shop.it\/img-catalogo\/venini\/venini-balloton-lamp.jpg\" \/><meta property=\"og:image\" content=\"https:\/\/interpim.erresse-shop.it\/img-catalogo\/venini\/venini-balloton-lamp.jpg\" \/>\n\t<meta property=\"og:image:width\" content=\"1024\" \/>\n\t<meta property=\"og:image:height\" content=\"1024\" \/>\n\t<meta property=\"og:image:type\" content=\"image\/jpeg\" \/>\n<meta name=\"twitter:card\" content=\"summary_large_image\" \/>\n<meta name=\"twitter:image\" content=\"https:\/\/interpim.erresse-shop.it\/img-catalogo\/venini\/venini-balloton-lamp.jpg\" \/>\n<script type=\"application\/ld+json\" class=\"yoast-schema-graph\">{\"@context\":\"https:\/\/schema.org\",\"@graph\":[{\"@type\":\"WebPage\",\"@id\":\"https:\/\/dev6.erresse-shop.it\/es\/shop\/mobiliario\/lamparas\/venini-balloton-lampara-azul-claro\/\",\"url\":\"https:\/\/dev6.erresse-shop.it\/es\/shop\/mobiliario\/lamparas\/venini-balloton-lampara-azul-claro\/\",\"name\":\"VENINI Balloton L\u00e1mpara Azul Claro - dev6 Erresse\",\"isPartOf\":{\"@id\":\"https:\/\/dev6.erresse-shop.it\/#website\"},\"primaryImageOfPage\":{\"@id\":\"https:\/\/dev6.erresse-shop.it\/es\/shop\/mobiliario\/lamparas\/venini-balloton-lampara-azul-claro\/#primaryimage\"},\"image\":{\"@id\":\"https:\/\/dev6.erresse-shop.it\/es\/shop\/mobiliario\/lamparas\/venini-balloton-lampara-azul-claro\/#primaryimage\"},\"thumbnailUrl\":\"https:\/\/i1.wp.com\/interpim.erresse-shop.it\/img-catalogo\/venini\/venini-balloton-lamp.jpg?ssl=1\",\"datePublished\":\"2026-04-12T08:42:34+00:00\",\"description\":\"Se une a la colecci\u00f3n y renueva el concepto con su tecnolog\u00eda LED regulable al tacto. Al encender la nueva l\u00e1mpara de sobremesa Balloton, el efecto\",\"breadcrumb\":{\"@id\":\"https:\/\/dev6.erresse-shop.it\/es\/shop\/mobiliario\/lamparas\/venini-balloton-lampara-azul-claro\/#breadcrumb\"},\"inLanguage\":\"es\",\"potentialAction\":[{\"@type\":\"ReadAction\",\"target\":[\"https:\/\/dev6.erresse-shop.it\/es\/shop\/mobiliario\/lamparas\/venini-balloton-lampara-azul-claro\/\"]}]},{\"@type\":\"ImageObject\",\"inLanguage\":\"es\",\"@id\":\"https:\/\/dev6.erresse-shop.it\/es\/shop\/mobiliario\/lamparas\/venini-balloton-lampara-azul-claro\/#primaryimage\",\"url\":\"https:\/\/i1.wp.com\/interpim.erresse-shop.it\/img-catalogo\/venini\/venini-balloton-lamp.jpg?ssl=1\",\"contentUrl\":\"https:\/\/i1.wp.com\/interpim.erresse-shop.it\/img-catalogo\/venini\/venini-balloton-lamp.jpg?ssl=1\"},{\"@type\":\"BreadcrumbList\",\"@id\":\"https:\/\/dev6.erresse-shop.it\/es\/shop\/mobiliario\/lamparas\/venini-balloton-lampara-azul-claro\/#breadcrumb\",\"itemListElement\":[{\"@type\":\"ListItem\",\"position\":1,\"name\":\"Home\",\"item\":\"https:\/\/dev6.erresse-shop.it\/\"},{\"@type\":\"ListItem\",\"position\":2,\"name\":\"Tienda\",\"item\":\"https:\/\/dev6.erresse-shop.it\/shop\/\"},{\"@type\":\"ListItem\",\"position\":3,\"name\":\"VENINI Balloton L\u00e1mpara Azul Claro\"}]},{\"@type\":\"WebSite\",\"@id\":\"https:\/\/dev6.erresse-shop.it\/#website\",\"url\":\"https:\/\/dev6.erresse-shop.it\/\",\"name\":\"Erresse Shop\",\"description\":\"\",\"publisher\":{\"@id\":\"https:\/\/dev6.erresse-shop.it\/#organization\"},\"potentialAction\":[{\"@type\":\"SearchAction\",\"target\":{\"@type\":\"EntryPoint\",\"urlTemplate\":\"https:\/\/dev6.erresse-shop.it\/?s={search_term_string}\"},\"query-input\":{\"@type\":\"PropertyValueSpecification\",\"valueRequired\":true,\"valueName\":\"search_term_string\"}}],\"inLanguage\":\"es\"},{\"@type\":\"Organization\",\"@id\":\"https:\/\/dev6.erresse-shop.it\/#organization\",\"name\":\"Erresse Shop\",\"url\":\"https:\/\/dev6.erresse-shop.it\/\",\"logo\":{\"@type\":\"ImageObject\",\"inLanguage\":\"es\",\"@id\":\"https:\/\/dev6.erresse-shop.it\/#\/schema\/logo\/image\/\",\"url\":\"https:\/\/dev6.erresse-shop.it\/wp-content\/uploads\/2025\/01\/LOGO-ERRESSE-CLASSICO.svg\",\"contentUrl\":\"https:\/\/dev6.erresse-shop.it\/wp-content\/uploads\/2025\/01\/LOGO-ERRESSE-CLASSICO.svg\",\"caption\":\"Erresse Shop\"},\"image\":{\"@id\":\"https:\/\/dev6.erresse-shop.it\/#\/schema\/logo\/image\/\"}}]}<\/script>\n<!-- \/ Yoast SEO plugin. -->","yoast_head_json":{"title":"VENINI Balloton L\u00e1mpara Azul Claro - dev6 Erresse","description":"Se une a la colecci\u00f3n y renueva el concepto con su tecnolog\u00eda LED regulable al tacto. Al encender la nueva l\u00e1mpara de sobremesa Balloton, el efecto","robots":{"index":"noindex","follow":"follow","max-snippet":"max-snippet:-1","max-image-preview":"max-image-preview:large","max-video-preview":"max-video-preview:-1"},"og_locale":"es_ES","og_type":"article","og_title":"VENINI Balloton L\u00e1mpara Azul Claro - dev6 Erresse","og_description":"Se une a la colecci\u00f3n y renueva el concepto con su tecnolog\u00eda LED regulable al tacto. Al encender la nueva l\u00e1mpara de sobremesa Balloton, el efecto","og_url":"https:\/\/dev6.erresse-shop.it\/es\/shop\/mobiliario\/lamparas\/venini-balloton-lampara-azul-claro\/","og_site_name":"dev6 Erresse","og_image":[{"url":"https:\/\/interpim.erresse-shop.it\/img-catalogo\/venini\/venini-balloton-lamp.jpg","type":"","width":"","height":""},{"url":"https:\/\/interpim.erresse-shop.it\/img-catalogo\/venini\/venini-balloton-lamp.jpg","width":1024,"height":1024,"type":"image\/jpeg"}],"twitter_card":"summary_large_image","twitter_image":"https:\/\/interpim.erresse-shop.it\/img-catalogo\/venini\/venini-balloton-lamp.jpg","schema":{"@context":"https:\/\/schema.org","@graph":[{"@type":"WebPage","@id":"https:\/\/dev6.erresse-shop.it\/es\/shop\/mobiliario\/lamparas\/venini-balloton-lampara-azul-claro\/","url":"https:\/\/dev6.erresse-shop.it\/es\/shop\/mobiliario\/lamparas\/venini-balloton-lampara-azul-claro\/","name":"VENINI Balloton L\u00e1mpara Azul Claro - dev6 Erresse","isPartOf":{"@id":"https:\/\/dev6.erresse-shop.it\/#website"},"primaryImageOfPage":{"@id":"https:\/\/dev6.erresse-shop.it\/es\/shop\/mobiliario\/lamparas\/venini-balloton-lampara-azul-claro\/#primaryimage"},"image":{"@id":"https:\/\/dev6.erresse-shop.it\/es\/shop\/mobiliario\/lamparas\/venini-balloton-lampara-azul-claro\/#primaryimage"},"thumbnailUrl":"https:\/\/i1.wp.com\/interpim.erresse-shop.it\/img-catalogo\/venini\/venini-balloton-lamp.jpg?ssl=1","datePublished":"2026-04-12T08:42:34+00:00","description":"Se une a la colecci\u00f3n y renueva el concepto con su tecnolog\u00eda LED regulable al tacto. Al encender la nueva l\u00e1mpara de sobremesa Balloton, el efecto","breadcrumb":{"@id":"https:\/\/dev6.erresse-shop.it\/es\/shop\/mobiliario\/lamparas\/venini-balloton-lampara-azul-claro\/#breadcrumb"},"inLanguage":"es","potentialAction":[{"@type":"ReadAction","target":["https:\/\/dev6.erresse-shop.it\/es\/shop\/mobiliario\/lamparas\/venini-balloton-lampara-azul-claro\/"]}]},{"@type":"ImageObject","inLanguage":"es","@id":"https:\/\/dev6.erresse-shop.it\/es\/shop\/mobiliario\/lamparas\/venini-balloton-lampara-azul-claro\/#primaryimage","url":"https:\/\/i1.wp.com\/interpim.erresse-shop.it\/img-catalogo\/venini\/venini-balloton-lamp.jpg?ssl=1","contentUrl":"https:\/\/i1.wp.com\/interpim.erresse-shop.it\/img-catalogo\/venini\/venini-balloton-lamp.jpg?ssl=1"},{"@type":"BreadcrumbList","@id":"https:\/\/dev6.erresse-shop.it\/es\/shop\/mobiliario\/lamparas\/venini-balloton-lampara-azul-claro\/#breadcrumb","itemListElement":[{"@type":"ListItem","position":1,"name":"Home","item":"https:\/\/dev6.erresse-shop.it\/"},{"@type":"ListItem","position":2,"name":"Tienda","item":"https:\/\/dev6.erresse-shop.it\/shop\/"},{"@type":"ListItem","position":3,"name":"VENINI Balloton L\u00e1mpara Azul Claro"}]},{"@type":"WebSite","@id":"https:\/\/dev6.erresse-shop.it\/#website","url":"https:\/\/dev6.erresse-shop.it\/","name":"Erresse Shop","description":"","publisher":{"@id":"https:\/\/dev6.erresse-shop.it\/#organization"},"potentialAction":[{"@type":"SearchAction","target":{"@type":"EntryPoint","urlTemplate":"https:\/\/dev6.erresse-shop.it\/?s={search_term_string}"},"query-input":{"@type":"PropertyValueSpecification","valueRequired":true,"valueName":"search_term_string"}}],"inLanguage":"es"},{"@type":"Organization","@id":"https:\/\/dev6.erresse-shop.it\/#organization","name":"Erresse Shop","url":"https:\/\/dev6.erresse-shop.it\/","logo":{"@type":"ImageObject","inLanguage":"es","@id":"https:\/\/dev6.erresse-shop.it\/#\/schema\/logo\/image\/","url":"https:\/\/dev6.erresse-shop.it\/wp-content\/uploads\/2025\/01\/LOGO-ERRESSE-CLASSICO.svg","contentUrl":"https:\/\/dev6.erresse-shop.it\/wp-content\/uploads\/2025\/01\/LOGO-ERRESSE-CLASSICO.svg","caption":"Erresse Shop"},"image":{"@id":"https:\/\/dev6.erresse-shop.it\/#\/schema\/logo\/image\/"}}]}},"df_price":499,"df_sale_price":499,"df_regular_price":640,"df_image_link":"https:\/\/i1.wp.com\/interpim.erresse-shop.it\/img-catalogo\/venini\/venini-balloton-lamp.jpg?resize=300,300&ssl=1","fifu_image_url":"https:\/\/interpim.erresse-shop.it\/img-catalogo\/venini\/venini-balloton-lamp.jpg","_links":{"self":[{"href":"https:\/\/dev6.erresse-shop.it\/es\/wp-json\/wp\/v2\/product\/1880996","targetHints":{"allow":["GET"]}}],"collection":[{"href":"https:\/\/dev6.erresse-shop.it\/es\/wp-json\/wp\/v2\/product"}],"about":[{"href":"https:\/\/dev6.erresse-shop.it\/es\/wp-json\/wp\/v2\/types\/product"}],"wp:featuredmedia":[{"embeddable":true,"href":"https:\/\/dev6.erresse-shop.it\/es\/wp-json\/wp\/v2\/media\/6367200"}],"wp:attachment":[{"href":"https:\/\/dev6.erresse-shop.it\/es\/wp-json\/wp\/v2\/media?parent=1880996"}],"wp:term":[{"taxonomy":"product_cat","embeddable":true,"href":"https:\/\/dev6.erresse-shop.it\/es\/wp-json\/wp\/v2\/product_cat?post=1880996"},{"taxonomy":"product_tag","embeddable":true,"href":"https:\/\/dev6.erresse-shop.it\/es\/wp-json\/wp\/v2\/product_tag?post=1880996"}],"curies":[{"name":"wp","href":"https:\/\/api.w.org\/{rel}","templated":true}]}}