{"id":1880988,"date":"2026-04-12T10:42:34","date_gmt":"2026-04-12T08:42:34","guid":{"rendered":"https:\/\/dev6.erresse-shop.it\/shop\/sin%20categor\u00eda\/berkel-tribute-cortadora-de-volantes-negro\/"},"modified":"2025-09-14T08:59:31","modified_gmt":"2025-09-14T06:59:31","slug":"berkel-tribute-cortadora-de-volantes-negro","status":"publish","type":"product","link":"https:\/\/dev6.erresse-shop.it\/es\/shop\/pequenos-electrodomesticos\/cortadoras\/berkel-tribute-cortadora-de-volantes-negro\/","title":{"rendered":"BERKEL Tribute Cortadora de volantes Negro"},"content":{"rendered":"<p>La Berkel Tribute es una cortadora manual con volante de inercia, una reedici\u00f3n del hist\u00f3rico modelo B de Berkel de los a\u00f1os 20, fabricado en su d\u00eda en Indiana (EEUU). Esta cortadora con volante, equipada con detalles de acero inoxidable cromado y etiqueta NFC para el certificado de autenticidad, est\u00e1 disponible en rojo y es un homenaje a la tradici\u00f3n y la elegancia que se unen a la \u00faltima tecnolog\u00eda. Ideal para aquellos que necesitan un producto apto para un uso intensivo, tanto para la hosteler\u00eda como para el hogar, este modelo de cortadora de fiambre con una cuchilla de 300 mm de di\u00e1metro y afilador incorporado permite obtener un corte uniforme y profesional de los embutidos, sin renunciar a un dise\u00f1o precioso.<\/p>\n<p>RENDIMIENTO<\/p>\n<p>Estructura de la caja en aleaci\u00f3n especial de aluminio y acero inoxidable y pies de goma para una m\u00e1xima estabilidad durante el uso<br \/>\nLos pies se pueden montar en diferentes configuraciones<br \/>\nCuchilla de 300 mm de acero cromado 100cr6 con perfil profesional: reduce el desperdicio y garantiza cortes uniformes<br \/>\nSistema de alimentaci\u00f3n r\u00e1pida y pomo de ajuste milim\u00e9trico de la placa para un perfecto posicionamiento del producto<br \/>\nDise\u00f1o cl\u00e1sico de torre Berkel, construcci\u00f3n s\u00f3lida y elegancia combinadas<br \/>\nLas decoraciones doradas embellecen todas las partes pintadas<br \/>\nVolante cl\u00e1sico de Berkel con perfil cuadrado y equilibrado internamente para bloquear la rotaci\u00f3n en cualquier posici\u00f3n<br \/>\nAfilador extra\u00edble ya incluido con sistema de afilado en dos pasos para una m\u00e1xima precisi\u00f3n<br \/>\nPomo de ajuste del grosor de las lonchas con 11 posiciones que ajustan el grosor de las lonchas entre 0 mm y 1,5 mm<br \/>\nEspesor m\u00ednimo de la \u00faltima rebanada para minimizar el desperdicio de producto<br \/>\nGran protector de rebanada de acero con f\u00e1cil enganche para facilitar el desprendimiento de la rebanada<br \/>\nTAG NFC no extra\u00edble en la caja para garantizar la originalidad<\/p>\n<p>LIMPIEZA E HIGIENE<\/p>\n<p>Placa y bajoplato de acero inoxidable profesional con sistema de liberaci\u00f3n para una m\u00e1xima limpieza<br \/>\nEmpujador asistido de acero cromado para un \u00f3ptimo bloqueo del producto<br \/>\nAmplio espacio para la limpieza y recept\u00e1culo trasero para los desechos<br \/>\nSistema de extracci\u00f3n r\u00e1pida de la solapa para facilitar la limpieza<br \/>\nGuantes de acero inoxidable extra\u00edbles y aptos para el lavavajillas<\/p>\n<p>SEGURIDAD<\/p>\n<p>Anillo de protecci\u00f3n total de la hoja en acero cromado<br \/>\nSistema de liberaci\u00f3n manual del anillo de protecci\u00f3n de la cuchilla para un funcionamiento seguro<br \/>\nMandos ergon\u00f3micos de aluminio anodizado negro para facilitar el agarre y minimizar el esfuerzo del operario<\/p>\n<p>ESPECIFICACIONES T\u00c9CNICAS<br \/>\nPeso 52 kg<br \/>\nAltura [B] 700 mm<br \/>\nProfundidad [C] 805 mm<br \/>\nAncho [A] 670 mm<br \/>\nDi\u00e1metro de la cuchilla 300 mm<br \/>\nMaterial de la cuchilla de corte 100Cr6<br \/>\nEspesor de corte 0 \u2013 1,5 mm<br \/>\nCapacidad de corte (circular) 210 mm<br \/>\nCapacidad de corte (rectangular) 270\u00d7210 mm<br \/>\nDetalles: Mecanismo de tornillo para el movimiento de la protecci\u00f3n de la hoja; decoraci\u00f3n de berkel pintada y firma<br \/>\nPiezas desmontables: protector de la cuchilla; guantera; placa superpuesta<br \/>\nAfilador: incluido, dos movimientos<\/p>\n<p>No se vende fuera de Europa<\/p>\n","protected":false},"excerpt":{"rendered":"<p>La Berkel Tribute es una cortadora manual con volante de inercia, una reedici\u00f3n del hist\u00f3rico modelo B de Berkel de los a\u00f1os 20, fabricado en su d\u00eda en Indiana (EEUU). Esta cortadora con volante, equipada con detalles de acero inoxidable cromado y etiqueta NFC para el certificado de autenticidad, est\u00e1 disponible en rojo y es [&hellip;]<\/p>\n","protected":false},"featured_media":6367185,"template":"","meta":{"_acf_changed":false},"product_cat":[11965,11947],"product_tag":[],"class_list":{"0":"post-1880988","1":"product","2":"type-product","3":"status-publish","4":"has-post-thumbnail","6":"product_cat-cortadoras","7":"product_cat-pequenos-electrodomesticos","9":"first","10":"instock","11":"sale","12":"taxable","13":"shipping-taxable","14":"purchasable","15":"product-type-simple","swatches":"rey-swatches","show_selected":"","stretch_labels":"rey-swatches--stretch-labels"},"acf":[],"yoast_head":"<!-- This site is optimized with the Yoast SEO plugin v25.4 - https:\/\/yoast.com\/wordpress\/plugins\/seo\/ -->\n<title>BERKEL Tribute Cortadora de volantes Negro - dev6 Erresse<\/title>\n<meta name=\"description\" content=\"La Berkel Tribute es una cortadora manual con volante de inercia, una reedici\u00f3n del hist\u00f3rico modelo B de Berkel de los a\u00f1os 20, fabricado en su d\u00eda en\" \/>\n<meta name=\"robots\" content=\"noindex, follow, max-snippet:-1, max-image-preview:large, max-video-preview:-1\" \/>\n<meta property=\"og:locale\" content=\"es_ES\" \/>\n<meta property=\"og:type\" content=\"article\" \/>\n<meta property=\"og:title\" content=\"BERKEL Tribute Cortadora de volantes Negro - dev6 Erresse\" \/>\n<meta property=\"og:description\" content=\"La Berkel Tribute es una cortadora manual con volante de inercia, una reedici\u00f3n del hist\u00f3rico modelo B de Berkel de los a\u00f1os 20, fabricado en su d\u00eda en\" \/>\n<meta property=\"og:url\" content=\"https:\/\/dev6.erresse-shop.it\/es\/shop\/pequenos-electrodomesticos\/cortadoras\/berkel-tribute-cortadora-de-volantes-negro\/\" \/>\n<meta property=\"og:site_name\" content=\"dev6 Erresse\" \/>\n<meta property=\"og:image\" content=\"https:\/\/interpim.erresse-shop.it\/Import\/Prodotti\/berkel-tribute-nero-1.jpg\" \/><meta property=\"og:image\" content=\"https:\/\/interpim.erresse-shop.it\/Import\/Prodotti\/berkel-tribute-nero-1.jpg\" \/>\n\t<meta property=\"og:image:width\" content=\"1024\" \/>\n\t<meta property=\"og:image:height\" content=\"1024\" \/>\n\t<meta property=\"og:image:type\" content=\"image\/jpeg\" \/>\n<meta name=\"twitter:card\" content=\"summary_large_image\" \/>\n<meta name=\"twitter:image\" content=\"https:\/\/interpim.erresse-shop.it\/Import\/Prodotti\/berkel-tribute-nero-1.jpg\" \/>\n<script type=\"application\/ld+json\" class=\"yoast-schema-graph\">{\"@context\":\"https:\/\/schema.org\",\"@graph\":[{\"@type\":\"WebPage\",\"@id\":\"https:\/\/dev6.erresse-shop.it\/es\/shop\/pequenos-electrodomesticos\/cortadoras\/berkel-tribute-cortadora-de-volantes-negro\/\",\"url\":\"https:\/\/dev6.erresse-shop.it\/es\/shop\/pequenos-electrodomesticos\/cortadoras\/berkel-tribute-cortadora-de-volantes-negro\/\",\"name\":\"BERKEL Tribute Cortadora de volantes Negro - dev6 Erresse\",\"isPartOf\":{\"@id\":\"https:\/\/dev6.erresse-shop.it\/#website\"},\"primaryImageOfPage\":{\"@id\":\"https:\/\/dev6.erresse-shop.it\/es\/shop\/pequenos-electrodomesticos\/cortadoras\/berkel-tribute-cortadora-de-volantes-negro\/#primaryimage\"},\"image\":{\"@id\":\"https:\/\/dev6.erresse-shop.it\/es\/shop\/pequenos-electrodomesticos\/cortadoras\/berkel-tribute-cortadora-de-volantes-negro\/#primaryimage\"},\"thumbnailUrl\":\"https:\/\/i3.wp.com\/interpim.erresse-shop.it\/Import\/Prodotti\/berkel-tribute-nero-1.jpg?ssl=1\",\"datePublished\":\"2026-04-12T08:42:34+00:00\",\"description\":\"La Berkel Tribute es una cortadora manual con volante de inercia, una reedici\u00f3n del hist\u00f3rico modelo B de Berkel de los a\u00f1os 20, fabricado en su d\u00eda en\",\"breadcrumb\":{\"@id\":\"https:\/\/dev6.erresse-shop.it\/es\/shop\/pequenos-electrodomesticos\/cortadoras\/berkel-tribute-cortadora-de-volantes-negro\/#breadcrumb\"},\"inLanguage\":\"es\",\"potentialAction\":[{\"@type\":\"ReadAction\",\"target\":[\"https:\/\/dev6.erresse-shop.it\/es\/shop\/pequenos-electrodomesticos\/cortadoras\/berkel-tribute-cortadora-de-volantes-negro\/\"]}]},{\"@type\":\"ImageObject\",\"inLanguage\":\"es\",\"@id\":\"https:\/\/dev6.erresse-shop.it\/es\/shop\/pequenos-electrodomesticos\/cortadoras\/berkel-tribute-cortadora-de-volantes-negro\/#primaryimage\",\"url\":\"https:\/\/i3.wp.com\/interpim.erresse-shop.it\/Import\/Prodotti\/berkel-tribute-nero-1.jpg?ssl=1\",\"contentUrl\":\"https:\/\/i3.wp.com\/interpim.erresse-shop.it\/Import\/Prodotti\/berkel-tribute-nero-1.jpg?ssl=1\"},{\"@type\":\"BreadcrumbList\",\"@id\":\"https:\/\/dev6.erresse-shop.it\/es\/shop\/pequenos-electrodomesticos\/cortadoras\/berkel-tribute-cortadora-de-volantes-negro\/#breadcrumb\",\"itemListElement\":[{\"@type\":\"ListItem\",\"position\":1,\"name\":\"Home\",\"item\":\"https:\/\/dev6.erresse-shop.it\/\"},{\"@type\":\"ListItem\",\"position\":2,\"name\":\"Tienda\",\"item\":\"https:\/\/dev6.erresse-shop.it\/shop\/\"},{\"@type\":\"ListItem\",\"position\":3,\"name\":\"BERKEL Tribute Cortadora de volantes Negro\"}]},{\"@type\":\"WebSite\",\"@id\":\"https:\/\/dev6.erresse-shop.it\/#website\",\"url\":\"https:\/\/dev6.erresse-shop.it\/\",\"name\":\"Erresse Shop\",\"description\":\"\",\"publisher\":{\"@id\":\"https:\/\/dev6.erresse-shop.it\/#organization\"},\"potentialAction\":[{\"@type\":\"SearchAction\",\"target\":{\"@type\":\"EntryPoint\",\"urlTemplate\":\"https:\/\/dev6.erresse-shop.it\/?s={search_term_string}\"},\"query-input\":{\"@type\":\"PropertyValueSpecification\",\"valueRequired\":true,\"valueName\":\"search_term_string\"}}],\"inLanguage\":\"es\"},{\"@type\":\"Organization\",\"@id\":\"https:\/\/dev6.erresse-shop.it\/#organization\",\"name\":\"Erresse Shop\",\"url\":\"https:\/\/dev6.erresse-shop.it\/\",\"logo\":{\"@type\":\"ImageObject\",\"inLanguage\":\"es\",\"@id\":\"https:\/\/dev6.erresse-shop.it\/#\/schema\/logo\/image\/\",\"url\":\"https:\/\/dev6.erresse-shop.it\/wp-content\/uploads\/2025\/01\/LOGO-ERRESSE-CLASSICO.svg\",\"contentUrl\":\"https:\/\/dev6.erresse-shop.it\/wp-content\/uploads\/2025\/01\/LOGO-ERRESSE-CLASSICO.svg\",\"caption\":\"Erresse Shop\"},\"image\":{\"@id\":\"https:\/\/dev6.erresse-shop.it\/#\/schema\/logo\/image\/\"}}]}<\/script>\n<!-- \/ Yoast SEO plugin. -->","yoast_head_json":{"title":"BERKEL Tribute Cortadora de volantes Negro - dev6 Erresse","description":"La Berkel Tribute es una cortadora manual con volante de inercia, una reedici\u00f3n del hist\u00f3rico modelo B de Berkel de los a\u00f1os 20, fabricado en su d\u00eda en","robots":{"index":"noindex","follow":"follow","max-snippet":"max-snippet:-1","max-image-preview":"max-image-preview:large","max-video-preview":"max-video-preview:-1"},"og_locale":"es_ES","og_type":"article","og_title":"BERKEL Tribute Cortadora de volantes Negro - dev6 Erresse","og_description":"La Berkel Tribute es una cortadora manual con volante de inercia, una reedici\u00f3n del hist\u00f3rico modelo B de Berkel de los a\u00f1os 20, fabricado en su d\u00eda en","og_url":"https:\/\/dev6.erresse-shop.it\/es\/shop\/pequenos-electrodomesticos\/cortadoras\/berkel-tribute-cortadora-de-volantes-negro\/","og_site_name":"dev6 Erresse","og_image":[{"url":"https:\/\/interpim.erresse-shop.it\/Import\/Prodotti\/berkel-tribute-nero-1.jpg","type":"","width":"","height":""},{"url":"https:\/\/interpim.erresse-shop.it\/Import\/Prodotti\/berkel-tribute-nero-1.jpg","width":1024,"height":1024,"type":"image\/jpeg"}],"twitter_card":"summary_large_image","twitter_image":"https:\/\/interpim.erresse-shop.it\/Import\/Prodotti\/berkel-tribute-nero-1.jpg","schema":{"@context":"https:\/\/schema.org","@graph":[{"@type":"WebPage","@id":"https:\/\/dev6.erresse-shop.it\/es\/shop\/pequenos-electrodomesticos\/cortadoras\/berkel-tribute-cortadora-de-volantes-negro\/","url":"https:\/\/dev6.erresse-shop.it\/es\/shop\/pequenos-electrodomesticos\/cortadoras\/berkel-tribute-cortadora-de-volantes-negro\/","name":"BERKEL Tribute Cortadora de volantes Negro - dev6 Erresse","isPartOf":{"@id":"https:\/\/dev6.erresse-shop.it\/#website"},"primaryImageOfPage":{"@id":"https:\/\/dev6.erresse-shop.it\/es\/shop\/pequenos-electrodomesticos\/cortadoras\/berkel-tribute-cortadora-de-volantes-negro\/#primaryimage"},"image":{"@id":"https:\/\/dev6.erresse-shop.it\/es\/shop\/pequenos-electrodomesticos\/cortadoras\/berkel-tribute-cortadora-de-volantes-negro\/#primaryimage"},"thumbnailUrl":"https:\/\/i3.wp.com\/interpim.erresse-shop.it\/Import\/Prodotti\/berkel-tribute-nero-1.jpg?ssl=1","datePublished":"2026-04-12T08:42:34+00:00","description":"La Berkel Tribute es una cortadora manual con volante de inercia, una reedici\u00f3n del hist\u00f3rico modelo B de Berkel de los a\u00f1os 20, fabricado en su d\u00eda en","breadcrumb":{"@id":"https:\/\/dev6.erresse-shop.it\/es\/shop\/pequenos-electrodomesticos\/cortadoras\/berkel-tribute-cortadora-de-volantes-negro\/#breadcrumb"},"inLanguage":"es","potentialAction":[{"@type":"ReadAction","target":["https:\/\/dev6.erresse-shop.it\/es\/shop\/pequenos-electrodomesticos\/cortadoras\/berkel-tribute-cortadora-de-volantes-negro\/"]}]},{"@type":"ImageObject","inLanguage":"es","@id":"https:\/\/dev6.erresse-shop.it\/es\/shop\/pequenos-electrodomesticos\/cortadoras\/berkel-tribute-cortadora-de-volantes-negro\/#primaryimage","url":"https:\/\/i3.wp.com\/interpim.erresse-shop.it\/Import\/Prodotti\/berkel-tribute-nero-1.jpg?ssl=1","contentUrl":"https:\/\/i3.wp.com\/interpim.erresse-shop.it\/Import\/Prodotti\/berkel-tribute-nero-1.jpg?ssl=1"},{"@type":"BreadcrumbList","@id":"https:\/\/dev6.erresse-shop.it\/es\/shop\/pequenos-electrodomesticos\/cortadoras\/berkel-tribute-cortadora-de-volantes-negro\/#breadcrumb","itemListElement":[{"@type":"ListItem","position":1,"name":"Home","item":"https:\/\/dev6.erresse-shop.it\/"},{"@type":"ListItem","position":2,"name":"Tienda","item":"https:\/\/dev6.erresse-shop.it\/shop\/"},{"@type":"ListItem","position":3,"name":"BERKEL Tribute Cortadora de volantes Negro"}]},{"@type":"WebSite","@id":"https:\/\/dev6.erresse-shop.it\/#website","url":"https:\/\/dev6.erresse-shop.it\/","name":"Erresse Shop","description":"","publisher":{"@id":"https:\/\/dev6.erresse-shop.it\/#organization"},"potentialAction":[{"@type":"SearchAction","target":{"@type":"EntryPoint","urlTemplate":"https:\/\/dev6.erresse-shop.it\/?s={search_term_string}"},"query-input":{"@type":"PropertyValueSpecification","valueRequired":true,"valueName":"search_term_string"}}],"inLanguage":"es"},{"@type":"Organization","@id":"https:\/\/dev6.erresse-shop.it\/#organization","name":"Erresse Shop","url":"https:\/\/dev6.erresse-shop.it\/","logo":{"@type":"ImageObject","inLanguage":"es","@id":"https:\/\/dev6.erresse-shop.it\/#\/schema\/logo\/image\/","url":"https:\/\/dev6.erresse-shop.it\/wp-content\/uploads\/2025\/01\/LOGO-ERRESSE-CLASSICO.svg","contentUrl":"https:\/\/dev6.erresse-shop.it\/wp-content\/uploads\/2025\/01\/LOGO-ERRESSE-CLASSICO.svg","caption":"Erresse Shop"},"image":{"@id":"https:\/\/dev6.erresse-shop.it\/#\/schema\/logo\/image\/"}}]}},"df_price":6699,"df_sale_price":6699,"df_regular_price":8559,"df_image_link":"https:\/\/i3.wp.com\/interpim.erresse-shop.it\/Import\/Prodotti\/berkel-tribute-nero-1.jpg?resize=300,300&ssl=1","fifu_image_url":"https:\/\/interpim.erresse-shop.it\/Import\/Prodotti\/berkel-tribute-nero-1.jpg","_links":{"self":[{"href":"https:\/\/dev6.erresse-shop.it\/es\/wp-json\/wp\/v2\/product\/1880988","targetHints":{"allow":["GET"]}}],"collection":[{"href":"https:\/\/dev6.erresse-shop.it\/es\/wp-json\/wp\/v2\/product"}],"about":[{"href":"https:\/\/dev6.erresse-shop.it\/es\/wp-json\/wp\/v2\/types\/product"}],"wp:featuredmedia":[{"embeddable":true,"href":"https:\/\/dev6.erresse-shop.it\/es\/wp-json\/wp\/v2\/media\/6367185"}],"wp:attachment":[{"href":"https:\/\/dev6.erresse-shop.it\/es\/wp-json\/wp\/v2\/media?parent=1880988"}],"wp:term":[{"taxonomy":"product_cat","embeddable":true,"href":"https:\/\/dev6.erresse-shop.it\/es\/wp-json\/wp\/v2\/product_cat?post=1880988"},{"taxonomy":"product_tag","embeddable":true,"href":"https:\/\/dev6.erresse-shop.it\/es\/wp-json\/wp\/v2\/product_tag?post=1880988"}],"curies":[{"name":"wp","href":"https:\/\/api.w.org\/{rel}","templated":true}]}}