{"id":1880986,"date":"2026-04-10T11:21:03","date_gmt":"2026-04-10T09:21:03","guid":{"rendered":"https:\/\/dev6.erresse-shop.it\/shop\/sin%20categor\u00eda\/berkel-rebanadora-de-volantes-domesticos-b2-negro\/"},"modified":"2025-09-14T08:59:27","modified_gmt":"2025-09-14T06:59:27","slug":"berkel-rebanadora-de-volantes-domesticos-b2-negro","status":"publish","type":"product","link":"https:\/\/dev6.erresse-shop.it\/es\/shop\/pequenos-electrodomesticos\/cortadoras\/berkel-rebanadora-de-volantes-domesticos-b2-negro\/","title":{"rendered":"BERKEL Rebanadora de volantes dom\u00e9sticos B2 Negro"},"content":{"rendered":"<p>La \u00faltima incorporaci\u00f3n a la familia Berkel Volano, es tambi\u00e9n la cortadora m\u00e1s compacta de la era moderna. A pesar de tener una cuchilla de 265 mm de di\u00e1metro, claramente superior a la categor\u00eda, la nueva Volano B2 tiene unas dimensiones s\u00faper compactas que permiten una f\u00e1cil colocaci\u00f3n en la cocina. El volante sobresale por debajo de las patas apenas 33 mm, lo que permite abrir los cajones de debajo de la encimera; la habitual atenci\u00f3n al detalle de los productos Berkel en este caso marca a\u00fan m\u00e1s la diferencia. Armonioso y bien proporcionado, conserva toda la elegancia distintiva de nuestros volantes, a la vez que proporciona el corte perfecto, largamente buscado por nuestro fundador Wilhelmus van Berkel.<\/p>\n<p>RENDIMIENTO<\/p>\n<p>\u2013 Construcci\u00f3n de la caja en aleaci\u00f3n especial de aluminio y acero inoxidable ABS y pies de goma para una m\u00e1xima estabilidad durante el uso<br \/>\n\u2013 El volante s\u00f3lo sobresale 33 mm (el m\u00ednimo del mercado) de la superficie de apoyo para facilitar la apertura de los cajones por debajo<br \/>\n\u2013 Kit de modificaci\u00f3n del pie para elevar la m\u00e1quina 22 mm m\u00e1s si es necesario<br \/>\n\u2013 Cuchilla de acero cromado de 265 mm con perfil profesional: reduce el desperdicio y garantiza cortes uniformes<br \/>\n\u2013 Sistema de alimentaci\u00f3n r\u00e1pida y pomo de ajuste milim\u00e9trico de la placa para un perfecto posicionamiento del producto<br \/>\n\u2013 Dise\u00f1o cl\u00e1sico de torre Berkel, construcci\u00f3n s\u00f3lida y elegancia combinadas<br \/>\n\u2013 Las decoraciones doradas embellecen todas las partes pintadas<br \/>\n\u2013 Volante cl\u00e1sico de Berkel con perfil cuadrado y equilibrado internamente para bloquear la rotaci\u00f3n en cualquier posici\u00f3n<br \/>\n\u2013 Afilador extra\u00edble ya suministrado con sistema de afilado de movimiento independiente para una m\u00e1xima precisi\u00f3n<br \/>\n\u2013 Pomo de ajuste del grosor de las lonchas con 8 posiciones que ajustan el grosor de las lonchas entre 0,15 mm y 1,3 mm<br \/>\n\u2013 Espesor m\u00ednimo de la \u00faltima rebanada para minimizar el desperdicio de producto<br \/>\n\u2013 Solapa de acero con f\u00e1cil enganche magn\u00e9tico para facilitar el desprendimiento de las rodajas<br \/>\n\u2013 TAG NFC incrustado en la fundici\u00f3n de la caja para garantizar la originalidad<\/p>\n<p>LIMPIEZA E HIGIENE<\/p>\n<p>\u2013 Placa profesional de acero inoxidable y placa inferior con sistema de liberaci\u00f3n para una m\u00e1xima limpieza y almohadillas de bloqueo de goma entre ellas para minimizar el movimiento durante el corte<br \/>\n\u2013 Empujador asistido de aluminio anodizado con puntas de acero para una \u00f3ptima sujeci\u00f3n del producto<br \/>\n\u2013 Amplias instalaciones de limpieza y recept\u00e1culo trasero para desechos<br \/>\n\u2013 Sistema de extracci\u00f3n r\u00e1pida del cuerpo de fijaci\u00f3n de la protecci\u00f3n para facilitar la limpieza<br \/>\n\u2013 Guantes de acero inoxidable extra\u00edbles y aptos para el lavavajillas<\/p>\n<p>SEGURIDAD<\/p>\n<p>\u2013 Anillo de protecci\u00f3n de la hoja de acero completo con sistema de liberaci\u00f3n manual para una m\u00e1xima seguridad<br \/>\n\u2013 Anillo de protecci\u00f3n de la cuchilla trasera de aluminio de calidad alimentaria para mayor seguridad<br \/>\n\u2013 Mandos ergon\u00f3micos de aluminio anodizado negro para facilitar el agarre y minimizar el esfuerzo del operario<\/p>\n<p>ESPECIFICACIONES T\u00c9CNICAS<\/p>\n<p>Peso 33 kg<br \/>\nAltura [B] 570 mm<br \/>\nProfundidad [C] 675 mm<br \/>\nAncho [A] 530 mm<br \/>\nDi\u00e1metro de la hoja 265 mm<br \/>\nMaterial de la cuchilla de corte 100Cr6<br \/>\nEspesor de corte 0 \u2013 1,35 mm<br \/>\nCapacidad de corte (circular) 176 mm<br \/>\nCapacidad de corte (rectangular) 190\u00d7165 mm<br \/>\nDetalles: Mecanismo de tornillo para el movimiento de la guarda de la hoja; decoraci\u00f3n de berkel pintada y firma<br \/>\nPiezas desmontables: protector de la cuchilla; guantera; placa superpuesta<br \/>\nAfilador incluido, dos movimientos<\/p>\n<p>No se vende fuera de Europa<\/p>\n","protected":false},"excerpt":{"rendered":"<p>La \u00faltima incorporaci\u00f3n a la familia Berkel Volano, es tambi\u00e9n la cortadora m\u00e1s compacta de la era moderna. A pesar de tener una cuchilla de 265 mm de di\u00e1metro, claramente superior a la categor\u00eda, la nueva Volano B2 tiene unas dimensiones s\u00faper compactas que permiten una f\u00e1cil colocaci\u00f3n en la cocina. El volante sobresale por [&hellip;]<\/p>\n","protected":false},"featured_media":6325540,"template":"","meta":{"_acf_changed":false},"product_cat":[11965,11947],"product_tag":[],"class_list":{"0":"post-1880986","1":"product","2":"type-product","3":"status-publish","4":"has-post-thumbnail","6":"product_cat-cortadoras","7":"product_cat-pequenos-electrodomesticos","9":"first","10":"instock","11":"sale","12":"taxable","13":"shipping-taxable","14":"purchasable","15":"product-type-simple","swatches":"rey-swatches","show_selected":"","stretch_labels":"rey-swatches--stretch-labels"},"acf":[],"yoast_head":"<!-- This site is optimized with the Yoast SEO plugin v25.4 - https:\/\/yoast.com\/wordpress\/plugins\/seo\/ -->\n<title>BERKEL Rebanadora de volantes dom\u00e9sticos B2 Negro - dev6 Erresse<\/title>\n<meta name=\"description\" content=\"La \u00faltima incorporaci\u00f3n a la familia Berkel Volano, es tambi\u00e9n la cortadora m\u00e1s compacta de la era moderna. A pesar de tener una cuchilla de 265 mm de\" \/>\n<meta name=\"robots\" content=\"noindex, follow, max-snippet:-1, max-image-preview:large, max-video-preview:-1\" \/>\n<meta property=\"og:locale\" content=\"es_ES\" \/>\n<meta property=\"og:type\" content=\"article\" \/>\n<meta property=\"og:title\" content=\"BERKEL Rebanadora de volantes dom\u00e9sticos B2 Negro - dev6 Erresse\" \/>\n<meta property=\"og:description\" content=\"La \u00faltima incorporaci\u00f3n a la familia Berkel Volano, es tambi\u00e9n la cortadora m\u00e1s compacta de la era moderna. A pesar de tener una cuchilla de 265 mm de\" \/>\n<meta property=\"og:url\" content=\"https:\/\/dev6.erresse-shop.it\/es\/shop\/pequenos-electrodomesticos\/cortadoras\/berkel-rebanadora-de-volantes-domesticos-b2-negro\/\" \/>\n<meta property=\"og:site_name\" content=\"dev6 Erresse\" \/>\n<meta property=\"og:image\" content=\"https:\/\/interpim.erresse-shop.it\/Import\/Prodotti\/berkel-volano-b2-1.jpg\" \/><meta property=\"og:image\" content=\"https:\/\/interpim.erresse-shop.it\/Import\/Prodotti\/berkel-volano-b2-1.jpg\" \/>\n\t<meta property=\"og:image:width\" content=\"1024\" \/>\n\t<meta property=\"og:image:height\" content=\"1024\" \/>\n\t<meta property=\"og:image:type\" content=\"image\/jpeg\" \/>\n<meta name=\"twitter:card\" content=\"summary_large_image\" \/>\n<meta name=\"twitter:image\" content=\"https:\/\/interpim.erresse-shop.it\/Import\/Prodotti\/berkel-volano-b2-1.jpg\" \/>\n<script type=\"application\/ld+json\" class=\"yoast-schema-graph\">{\"@context\":\"https:\/\/schema.org\",\"@graph\":[{\"@type\":\"WebPage\",\"@id\":\"https:\/\/dev6.erresse-shop.it\/es\/shop\/pequenos-electrodomesticos\/cortadoras\/berkel-rebanadora-de-volantes-domesticos-b2-negro\/\",\"url\":\"https:\/\/dev6.erresse-shop.it\/es\/shop\/pequenos-electrodomesticos\/cortadoras\/berkel-rebanadora-de-volantes-domesticos-b2-negro\/\",\"name\":\"BERKEL Rebanadora de volantes dom\u00e9sticos B2 Negro - dev6 Erresse\",\"isPartOf\":{\"@id\":\"https:\/\/dev6.erresse-shop.it\/#website\"},\"primaryImageOfPage\":{\"@id\":\"https:\/\/dev6.erresse-shop.it\/es\/shop\/pequenos-electrodomesticos\/cortadoras\/berkel-rebanadora-de-volantes-domesticos-b2-negro\/#primaryimage\"},\"image\":{\"@id\":\"https:\/\/dev6.erresse-shop.it\/es\/shop\/pequenos-electrodomesticos\/cortadoras\/berkel-rebanadora-de-volantes-domesticos-b2-negro\/#primaryimage\"},\"thumbnailUrl\":\"https:\/\/i3.wp.com\/interpim.erresse-shop.it\/Import\/Prodotti\/berkel-volano-b2-1.jpg?ssl=1\",\"datePublished\":\"2026-04-10T09:21:03+00:00\",\"description\":\"La \u00faltima incorporaci\u00f3n a la familia Berkel Volano, es tambi\u00e9n la cortadora m\u00e1s compacta de la era moderna. A pesar de tener una cuchilla de 265 mm de\",\"breadcrumb\":{\"@id\":\"https:\/\/dev6.erresse-shop.it\/es\/shop\/pequenos-electrodomesticos\/cortadoras\/berkel-rebanadora-de-volantes-domesticos-b2-negro\/#breadcrumb\"},\"inLanguage\":\"es\",\"potentialAction\":[{\"@type\":\"ReadAction\",\"target\":[\"https:\/\/dev6.erresse-shop.it\/es\/shop\/pequenos-electrodomesticos\/cortadoras\/berkel-rebanadora-de-volantes-domesticos-b2-negro\/\"]}]},{\"@type\":\"ImageObject\",\"inLanguage\":\"es\",\"@id\":\"https:\/\/dev6.erresse-shop.it\/es\/shop\/pequenos-electrodomesticos\/cortadoras\/berkel-rebanadora-de-volantes-domesticos-b2-negro\/#primaryimage\",\"url\":\"https:\/\/i3.wp.com\/interpim.erresse-shop.it\/Import\/Prodotti\/berkel-volano-b2-1.jpg?ssl=1\",\"contentUrl\":\"https:\/\/i3.wp.com\/interpim.erresse-shop.it\/Import\/Prodotti\/berkel-volano-b2-1.jpg?ssl=1\"},{\"@type\":\"BreadcrumbList\",\"@id\":\"https:\/\/dev6.erresse-shop.it\/es\/shop\/pequenos-electrodomesticos\/cortadoras\/berkel-rebanadora-de-volantes-domesticos-b2-negro\/#breadcrumb\",\"itemListElement\":[{\"@type\":\"ListItem\",\"position\":1,\"name\":\"Home\",\"item\":\"https:\/\/dev6.erresse-shop.it\/\"},{\"@type\":\"ListItem\",\"position\":2,\"name\":\"Tienda\",\"item\":\"https:\/\/dev6.erresse-shop.it\/shop\/\"},{\"@type\":\"ListItem\",\"position\":3,\"name\":\"BERKEL Rebanadora de volantes dom\u00e9sticos B2 Negro\"}]},{\"@type\":\"WebSite\",\"@id\":\"https:\/\/dev6.erresse-shop.it\/#website\",\"url\":\"https:\/\/dev6.erresse-shop.it\/\",\"name\":\"Erresse Shop\",\"description\":\"\",\"publisher\":{\"@id\":\"https:\/\/dev6.erresse-shop.it\/#organization\"},\"potentialAction\":[{\"@type\":\"SearchAction\",\"target\":{\"@type\":\"EntryPoint\",\"urlTemplate\":\"https:\/\/dev6.erresse-shop.it\/?s={search_term_string}\"},\"query-input\":{\"@type\":\"PropertyValueSpecification\",\"valueRequired\":true,\"valueName\":\"search_term_string\"}}],\"inLanguage\":\"es\"},{\"@type\":\"Organization\",\"@id\":\"https:\/\/dev6.erresse-shop.it\/#organization\",\"name\":\"Erresse Shop\",\"url\":\"https:\/\/dev6.erresse-shop.it\/\",\"logo\":{\"@type\":\"ImageObject\",\"inLanguage\":\"es\",\"@id\":\"https:\/\/dev6.erresse-shop.it\/#\/schema\/logo\/image\/\",\"url\":\"https:\/\/dev6.erresse-shop.it\/wp-content\/uploads\/2025\/01\/LOGO-ERRESSE-CLASSICO.svg\",\"contentUrl\":\"https:\/\/dev6.erresse-shop.it\/wp-content\/uploads\/2025\/01\/LOGO-ERRESSE-CLASSICO.svg\",\"caption\":\"Erresse Shop\"},\"image\":{\"@id\":\"https:\/\/dev6.erresse-shop.it\/#\/schema\/logo\/image\/\"}}]}<\/script>\n<!-- \/ Yoast SEO plugin. -->","yoast_head_json":{"title":"BERKEL Rebanadora de volantes dom\u00e9sticos B2 Negro - dev6 Erresse","description":"La \u00faltima incorporaci\u00f3n a la familia Berkel Volano, es tambi\u00e9n la cortadora m\u00e1s compacta de la era moderna. A pesar de tener una cuchilla de 265 mm de","robots":{"index":"noindex","follow":"follow","max-snippet":"max-snippet:-1","max-image-preview":"max-image-preview:large","max-video-preview":"max-video-preview:-1"},"og_locale":"es_ES","og_type":"article","og_title":"BERKEL Rebanadora de volantes dom\u00e9sticos B2 Negro - dev6 Erresse","og_description":"La \u00faltima incorporaci\u00f3n a la familia Berkel Volano, es tambi\u00e9n la cortadora m\u00e1s compacta de la era moderna. A pesar de tener una cuchilla de 265 mm de","og_url":"https:\/\/dev6.erresse-shop.it\/es\/shop\/pequenos-electrodomesticos\/cortadoras\/berkel-rebanadora-de-volantes-domesticos-b2-negro\/","og_site_name":"dev6 Erresse","og_image":[{"url":"https:\/\/interpim.erresse-shop.it\/Import\/Prodotti\/berkel-volano-b2-1.jpg","type":"","width":"","height":""},{"url":"https:\/\/interpim.erresse-shop.it\/Import\/Prodotti\/berkel-volano-b2-1.jpg","width":1024,"height":1024,"type":"image\/jpeg"}],"twitter_card":"summary_large_image","twitter_image":"https:\/\/interpim.erresse-shop.it\/Import\/Prodotti\/berkel-volano-b2-1.jpg","schema":{"@context":"https:\/\/schema.org","@graph":[{"@type":"WebPage","@id":"https:\/\/dev6.erresse-shop.it\/es\/shop\/pequenos-electrodomesticos\/cortadoras\/berkel-rebanadora-de-volantes-domesticos-b2-negro\/","url":"https:\/\/dev6.erresse-shop.it\/es\/shop\/pequenos-electrodomesticos\/cortadoras\/berkel-rebanadora-de-volantes-domesticos-b2-negro\/","name":"BERKEL Rebanadora de volantes dom\u00e9sticos B2 Negro - dev6 Erresse","isPartOf":{"@id":"https:\/\/dev6.erresse-shop.it\/#website"},"primaryImageOfPage":{"@id":"https:\/\/dev6.erresse-shop.it\/es\/shop\/pequenos-electrodomesticos\/cortadoras\/berkel-rebanadora-de-volantes-domesticos-b2-negro\/#primaryimage"},"image":{"@id":"https:\/\/dev6.erresse-shop.it\/es\/shop\/pequenos-electrodomesticos\/cortadoras\/berkel-rebanadora-de-volantes-domesticos-b2-negro\/#primaryimage"},"thumbnailUrl":"https:\/\/i3.wp.com\/interpim.erresse-shop.it\/Import\/Prodotti\/berkel-volano-b2-1.jpg?ssl=1","datePublished":"2026-04-10T09:21:03+00:00","description":"La \u00faltima incorporaci\u00f3n a la familia Berkel Volano, es tambi\u00e9n la cortadora m\u00e1s compacta de la era moderna. A pesar de tener una cuchilla de 265 mm de","breadcrumb":{"@id":"https:\/\/dev6.erresse-shop.it\/es\/shop\/pequenos-electrodomesticos\/cortadoras\/berkel-rebanadora-de-volantes-domesticos-b2-negro\/#breadcrumb"},"inLanguage":"es","potentialAction":[{"@type":"ReadAction","target":["https:\/\/dev6.erresse-shop.it\/es\/shop\/pequenos-electrodomesticos\/cortadoras\/berkel-rebanadora-de-volantes-domesticos-b2-negro\/"]}]},{"@type":"ImageObject","inLanguage":"es","@id":"https:\/\/dev6.erresse-shop.it\/es\/shop\/pequenos-electrodomesticos\/cortadoras\/berkel-rebanadora-de-volantes-domesticos-b2-negro\/#primaryimage","url":"https:\/\/i3.wp.com\/interpim.erresse-shop.it\/Import\/Prodotti\/berkel-volano-b2-1.jpg?ssl=1","contentUrl":"https:\/\/i3.wp.com\/interpim.erresse-shop.it\/Import\/Prodotti\/berkel-volano-b2-1.jpg?ssl=1"},{"@type":"BreadcrumbList","@id":"https:\/\/dev6.erresse-shop.it\/es\/shop\/pequenos-electrodomesticos\/cortadoras\/berkel-rebanadora-de-volantes-domesticos-b2-negro\/#breadcrumb","itemListElement":[{"@type":"ListItem","position":1,"name":"Home","item":"https:\/\/dev6.erresse-shop.it\/"},{"@type":"ListItem","position":2,"name":"Tienda","item":"https:\/\/dev6.erresse-shop.it\/shop\/"},{"@type":"ListItem","position":3,"name":"BERKEL Rebanadora de volantes dom\u00e9sticos B2 Negro"}]},{"@type":"WebSite","@id":"https:\/\/dev6.erresse-shop.it\/#website","url":"https:\/\/dev6.erresse-shop.it\/","name":"Erresse Shop","description":"","publisher":{"@id":"https:\/\/dev6.erresse-shop.it\/#organization"},"potentialAction":[{"@type":"SearchAction","target":{"@type":"EntryPoint","urlTemplate":"https:\/\/dev6.erresse-shop.it\/?s={search_term_string}"},"query-input":{"@type":"PropertyValueSpecification","valueRequired":true,"valueName":"search_term_string"}}],"inLanguage":"es"},{"@type":"Organization","@id":"https:\/\/dev6.erresse-shop.it\/#organization","name":"Erresse Shop","url":"https:\/\/dev6.erresse-shop.it\/","logo":{"@type":"ImageObject","inLanguage":"es","@id":"https:\/\/dev6.erresse-shop.it\/#\/schema\/logo\/image\/","url":"https:\/\/dev6.erresse-shop.it\/wp-content\/uploads\/2025\/01\/LOGO-ERRESSE-CLASSICO.svg","contentUrl":"https:\/\/dev6.erresse-shop.it\/wp-content\/uploads\/2025\/01\/LOGO-ERRESSE-CLASSICO.svg","caption":"Erresse Shop"},"image":{"@id":"https:\/\/dev6.erresse-shop.it\/#\/schema\/logo\/image\/"}}]}},"df_price":5799,"df_sale_price":5799,"df_regular_price":7299,"df_image_link":"https:\/\/i3.wp.com\/interpim.erresse-shop.it\/Import\/Prodotti\/berkel-volano-b2-1.jpg?resize=300,300&ssl=1","fifu_image_url":"https:\/\/interpim.erresse-shop.it\/Import\/Prodotti\/berkel-volano-b2-1.jpg","_links":{"self":[{"href":"https:\/\/dev6.erresse-shop.it\/es\/wp-json\/wp\/v2\/product\/1880986","targetHints":{"allow":["GET"]}}],"collection":[{"href":"https:\/\/dev6.erresse-shop.it\/es\/wp-json\/wp\/v2\/product"}],"about":[{"href":"https:\/\/dev6.erresse-shop.it\/es\/wp-json\/wp\/v2\/types\/product"}],"wp:featuredmedia":[{"embeddable":true,"href":"https:\/\/dev6.erresse-shop.it\/es\/wp-json\/wp\/v2\/media\/6325540"}],"wp:attachment":[{"href":"https:\/\/dev6.erresse-shop.it\/es\/wp-json\/wp\/v2\/media?parent=1880986"}],"wp:term":[{"taxonomy":"product_cat","embeddable":true,"href":"https:\/\/dev6.erresse-shop.it\/es\/wp-json\/wp\/v2\/product_cat?post=1880986"},{"taxonomy":"product_tag","embeddable":true,"href":"https:\/\/dev6.erresse-shop.it\/es\/wp-json\/wp\/v2\/product_tag?post=1880986"}],"curies":[{"name":"wp","href":"https:\/\/api.w.org\/{rel}","templated":true}]}}