{"id":1880980,"date":"2026-04-12T10:42:34","date_gmt":"2026-04-12T08:42:34","guid":{"rendered":"https:\/\/dev6.erresse-shop.it\/shop\/sin%20categor\u00eda\/bamix-swissline-batidora-de-inmersion-negro\/"},"modified":"2025-11-27T17:01:49","modified_gmt":"2025-11-27T16:01:49","slug":"bamix-swissline-batidora-de-inmersion-negro","status":"publish","type":"product","link":"https:\/\/dev6.erresse-shop.it\/es\/shop\/pequenos-electrodomesticos\/licuadoras\/bamix-swissline-batidora-de-inmersion-negro\/","title":{"rendered":"BAMIX Swissline Batidora de inmersi\u00f3n Negro"},"content":{"rendered":"<p>Bamix\u00ae SwissLine es m\u00e1s que un simple ayudante de cocina. Es un aparato todo en uno que puede sustituir a los procesadores de alimentos convencionales con un rendimiento extraordinario.<\/p>\n<p>Gracias a sus diversos accesorios puede utilizarse de forma multifuncional, con un dise\u00f1o \u00fanico y atractivos colores.<\/p>\n<p>CARACTER\u00cdSTICAS<\/p>\n<p>Cuchilla multifunci\u00f3n<br \/>\nBatidor<br \/>\nBatidora<br \/>\nSoporte de mesa<br \/>\nJarra de 1,0 l<br \/>\nProcesador (sin disco de polvo)<br \/>\nMotor de CA<br \/>\nDoble aislamiento<br \/>\nLongitud de la varilla: 14 cm<\/p>\n<p>NO A LA VENTA FUERA DE EUROPA<\/p>\n","protected":false},"excerpt":{"rendered":"<p>Bamix\u00ae SwissLine es m\u00e1s que un simple ayudante de cocina. Es un aparato todo en uno que puede sustituir a los procesadores de alimentos convencionales con un rendimiento extraordinario. Gracias a sus diversos accesorios puede utilizarse de forma multifuncional, con un dise\u00f1o \u00fanico y atractivos colores. CARACTER\u00cdSTICAS Cuchilla multifunci\u00f3n Batidor Batidora Soporte de mesa Jarra [&hellip;]<\/p>\n","protected":false},"featured_media":6367151,"template":"","meta":{"_acf_changed":false},"product_cat":[11953,11947],"product_tag":[],"class_list":{"0":"post-1880980","1":"product","2":"type-product","3":"status-publish","4":"has-post-thumbnail","6":"product_cat-licuadoras","7":"product_cat-pequenos-electrodomesticos","9":"first","10":"instock","11":"taxable","12":"shipping-taxable","13":"purchasable","14":"product-type-simple","swatches":"rey-swatches","show_selected":"","stretch_labels":"rey-swatches--stretch-labels"},"acf":[],"yoast_head":"<!-- This site is optimized with the Yoast SEO plugin v25.4 - https:\/\/yoast.com\/wordpress\/plugins\/seo\/ -->\n<title>BAMIX Swissline Batidora de inmersi\u00f3n Negro - dev6 Erresse<\/title>\n<meta name=\"description\" content=\"Bamix\u00ae SwissLine es m\u00e1s que un simple ayudante de cocina. Es un aparato todo en uno que puede sustituir a los procesadores de alimentos convencionales con\" \/>\n<meta name=\"robots\" content=\"noindex, follow, max-snippet:-1, max-image-preview:large, max-video-preview:-1\" \/>\n<meta property=\"og:locale\" content=\"es_ES\" \/>\n<meta property=\"og:type\" content=\"article\" \/>\n<meta property=\"og:title\" content=\"BAMIX Swissline Batidora de inmersi\u00f3n Negro - dev6 Erresse\" \/>\n<meta property=\"og:description\" content=\"Bamix\u00ae SwissLine es m\u00e1s que un simple ayudante de cocina. Es un aparato todo en uno que puede sustituir a los procesadores de alimentos convencionales con\" \/>\n<meta property=\"og:url\" content=\"https:\/\/dev6.erresse-shop.it\/es\/shop\/pequenos-electrodomesticos\/licuadoras\/bamix-swissline-batidora-de-inmersion-negro\/\" \/>\n<meta property=\"og:site_name\" content=\"dev6 Erresse\" \/>\n<meta property=\"og:image\" content=\"https:\/\/interpim.erresse-shop.it\/Import\/Prodotti\/bamix-swiss-line-black.jpg\" \/><meta property=\"og:image\" content=\"https:\/\/interpim.erresse-shop.it\/Import\/Prodotti\/bamix-swiss-line-black.jpg\" \/>\n\t<meta property=\"og:image:width\" content=\"1024\" \/>\n\t<meta property=\"og:image:height\" content=\"1024\" \/>\n\t<meta property=\"og:image:type\" content=\"image\/jpeg\" \/>\n<meta name=\"twitter:card\" content=\"summary_large_image\" \/>\n<meta name=\"twitter:image\" content=\"https:\/\/interpim.erresse-shop.it\/Import\/Prodotti\/bamix-swiss-line-black.jpg\" \/>\n<script type=\"application\/ld+json\" class=\"yoast-schema-graph\">{\"@context\":\"https:\/\/schema.org\",\"@graph\":[{\"@type\":\"WebPage\",\"@id\":\"https:\/\/dev6.erresse-shop.it\/es\/shop\/pequenos-electrodomesticos\/licuadoras\/bamix-swissline-batidora-de-inmersion-negro\/\",\"url\":\"https:\/\/dev6.erresse-shop.it\/es\/shop\/pequenos-electrodomesticos\/licuadoras\/bamix-swissline-batidora-de-inmersion-negro\/\",\"name\":\"BAMIX Swissline Batidora de inmersi\u00f3n Negro - dev6 Erresse\",\"isPartOf\":{\"@id\":\"https:\/\/dev6.erresse-shop.it\/#website\"},\"primaryImageOfPage\":{\"@id\":\"https:\/\/dev6.erresse-shop.it\/es\/shop\/pequenos-electrodomesticos\/licuadoras\/bamix-swissline-batidora-de-inmersion-negro\/#primaryimage\"},\"image\":{\"@id\":\"https:\/\/dev6.erresse-shop.it\/es\/shop\/pequenos-electrodomesticos\/licuadoras\/bamix-swissline-batidora-de-inmersion-negro\/#primaryimage\"},\"thumbnailUrl\":\"https:\/\/i2.wp.com\/interpim.erresse-shop.it\/Import\/Prodotti\/bamix-swiss-line-black.jpg?ssl=1\",\"datePublished\":\"2026-04-12T08:42:34+00:00\",\"description\":\"Bamix\u00ae SwissLine es m\u00e1s que un simple ayudante de cocina. Es un aparato todo en uno que puede sustituir a los procesadores de alimentos convencionales con\",\"breadcrumb\":{\"@id\":\"https:\/\/dev6.erresse-shop.it\/es\/shop\/pequenos-electrodomesticos\/licuadoras\/bamix-swissline-batidora-de-inmersion-negro\/#breadcrumb\"},\"inLanguage\":\"es\",\"potentialAction\":[{\"@type\":\"ReadAction\",\"target\":[\"https:\/\/dev6.erresse-shop.it\/es\/shop\/pequenos-electrodomesticos\/licuadoras\/bamix-swissline-batidora-de-inmersion-negro\/\"]}]},{\"@type\":\"ImageObject\",\"inLanguage\":\"es\",\"@id\":\"https:\/\/dev6.erresse-shop.it\/es\/shop\/pequenos-electrodomesticos\/licuadoras\/bamix-swissline-batidora-de-inmersion-negro\/#primaryimage\",\"url\":\"https:\/\/i2.wp.com\/interpim.erresse-shop.it\/Import\/Prodotti\/bamix-swiss-line-black.jpg?ssl=1\",\"contentUrl\":\"https:\/\/i2.wp.com\/interpim.erresse-shop.it\/Import\/Prodotti\/bamix-swiss-line-black.jpg?ssl=1\"},{\"@type\":\"BreadcrumbList\",\"@id\":\"https:\/\/dev6.erresse-shop.it\/es\/shop\/pequenos-electrodomesticos\/licuadoras\/bamix-swissline-batidora-de-inmersion-negro\/#breadcrumb\",\"itemListElement\":[{\"@type\":\"ListItem\",\"position\":1,\"name\":\"Home\",\"item\":\"https:\/\/dev6.erresse-shop.it\/\"},{\"@type\":\"ListItem\",\"position\":2,\"name\":\"Tienda\",\"item\":\"https:\/\/dev6.erresse-shop.it\/shop\/\"},{\"@type\":\"ListItem\",\"position\":3,\"name\":\"BAMIX Swissline Batidora de inmersi\u00f3n Negro\"}]},{\"@type\":\"WebSite\",\"@id\":\"https:\/\/dev6.erresse-shop.it\/#website\",\"url\":\"https:\/\/dev6.erresse-shop.it\/\",\"name\":\"Erresse Shop\",\"description\":\"\",\"publisher\":{\"@id\":\"https:\/\/dev6.erresse-shop.it\/#organization\"},\"potentialAction\":[{\"@type\":\"SearchAction\",\"target\":{\"@type\":\"EntryPoint\",\"urlTemplate\":\"https:\/\/dev6.erresse-shop.it\/?s={search_term_string}\"},\"query-input\":{\"@type\":\"PropertyValueSpecification\",\"valueRequired\":true,\"valueName\":\"search_term_string\"}}],\"inLanguage\":\"es\"},{\"@type\":\"Organization\",\"@id\":\"https:\/\/dev6.erresse-shop.it\/#organization\",\"name\":\"Erresse Shop\",\"url\":\"https:\/\/dev6.erresse-shop.it\/\",\"logo\":{\"@type\":\"ImageObject\",\"inLanguage\":\"es\",\"@id\":\"https:\/\/dev6.erresse-shop.it\/#\/schema\/logo\/image\/\",\"url\":\"https:\/\/dev6.erresse-shop.it\/wp-content\/uploads\/2025\/01\/LOGO-ERRESSE-CLASSICO.svg\",\"contentUrl\":\"https:\/\/dev6.erresse-shop.it\/wp-content\/uploads\/2025\/01\/LOGO-ERRESSE-CLASSICO.svg\",\"caption\":\"Erresse Shop\"},\"image\":{\"@id\":\"https:\/\/dev6.erresse-shop.it\/#\/schema\/logo\/image\/\"}}]}<\/script>\n<!-- \/ Yoast SEO plugin. -->","yoast_head_json":{"title":"BAMIX Swissline Batidora de inmersi\u00f3n Negro - dev6 Erresse","description":"Bamix\u00ae SwissLine es m\u00e1s que un simple ayudante de cocina. Es un aparato todo en uno que puede sustituir a los procesadores de alimentos convencionales con","robots":{"index":"noindex","follow":"follow","max-snippet":"max-snippet:-1","max-image-preview":"max-image-preview:large","max-video-preview":"max-video-preview:-1"},"og_locale":"es_ES","og_type":"article","og_title":"BAMIX Swissline Batidora de inmersi\u00f3n Negro - dev6 Erresse","og_description":"Bamix\u00ae SwissLine es m\u00e1s que un simple ayudante de cocina. Es un aparato todo en uno que puede sustituir a los procesadores de alimentos convencionales con","og_url":"https:\/\/dev6.erresse-shop.it\/es\/shop\/pequenos-electrodomesticos\/licuadoras\/bamix-swissline-batidora-de-inmersion-negro\/","og_site_name":"dev6 Erresse","og_image":[{"url":"https:\/\/interpim.erresse-shop.it\/Import\/Prodotti\/bamix-swiss-line-black.jpg","type":"","width":"","height":""},{"url":"https:\/\/interpim.erresse-shop.it\/Import\/Prodotti\/bamix-swiss-line-black.jpg","width":1024,"height":1024,"type":"image\/jpeg"}],"twitter_card":"summary_large_image","twitter_image":"https:\/\/interpim.erresse-shop.it\/Import\/Prodotti\/bamix-swiss-line-black.jpg","schema":{"@context":"https:\/\/schema.org","@graph":[{"@type":"WebPage","@id":"https:\/\/dev6.erresse-shop.it\/es\/shop\/pequenos-electrodomesticos\/licuadoras\/bamix-swissline-batidora-de-inmersion-negro\/","url":"https:\/\/dev6.erresse-shop.it\/es\/shop\/pequenos-electrodomesticos\/licuadoras\/bamix-swissline-batidora-de-inmersion-negro\/","name":"BAMIX Swissline Batidora de inmersi\u00f3n Negro - dev6 Erresse","isPartOf":{"@id":"https:\/\/dev6.erresse-shop.it\/#website"},"primaryImageOfPage":{"@id":"https:\/\/dev6.erresse-shop.it\/es\/shop\/pequenos-electrodomesticos\/licuadoras\/bamix-swissline-batidora-de-inmersion-negro\/#primaryimage"},"image":{"@id":"https:\/\/dev6.erresse-shop.it\/es\/shop\/pequenos-electrodomesticos\/licuadoras\/bamix-swissline-batidora-de-inmersion-negro\/#primaryimage"},"thumbnailUrl":"https:\/\/i2.wp.com\/interpim.erresse-shop.it\/Import\/Prodotti\/bamix-swiss-line-black.jpg?ssl=1","datePublished":"2026-04-12T08:42:34+00:00","description":"Bamix\u00ae SwissLine es m\u00e1s que un simple ayudante de cocina. Es un aparato todo en uno que puede sustituir a los procesadores de alimentos convencionales con","breadcrumb":{"@id":"https:\/\/dev6.erresse-shop.it\/es\/shop\/pequenos-electrodomesticos\/licuadoras\/bamix-swissline-batidora-de-inmersion-negro\/#breadcrumb"},"inLanguage":"es","potentialAction":[{"@type":"ReadAction","target":["https:\/\/dev6.erresse-shop.it\/es\/shop\/pequenos-electrodomesticos\/licuadoras\/bamix-swissline-batidora-de-inmersion-negro\/"]}]},{"@type":"ImageObject","inLanguage":"es","@id":"https:\/\/dev6.erresse-shop.it\/es\/shop\/pequenos-electrodomesticos\/licuadoras\/bamix-swissline-batidora-de-inmersion-negro\/#primaryimage","url":"https:\/\/i2.wp.com\/interpim.erresse-shop.it\/Import\/Prodotti\/bamix-swiss-line-black.jpg?ssl=1","contentUrl":"https:\/\/i2.wp.com\/interpim.erresse-shop.it\/Import\/Prodotti\/bamix-swiss-line-black.jpg?ssl=1"},{"@type":"BreadcrumbList","@id":"https:\/\/dev6.erresse-shop.it\/es\/shop\/pequenos-electrodomesticos\/licuadoras\/bamix-swissline-batidora-de-inmersion-negro\/#breadcrumb","itemListElement":[{"@type":"ListItem","position":1,"name":"Home","item":"https:\/\/dev6.erresse-shop.it\/"},{"@type":"ListItem","position":2,"name":"Tienda","item":"https:\/\/dev6.erresse-shop.it\/shop\/"},{"@type":"ListItem","position":3,"name":"BAMIX Swissline Batidora de inmersi\u00f3n Negro"}]},{"@type":"WebSite","@id":"https:\/\/dev6.erresse-shop.it\/#website","url":"https:\/\/dev6.erresse-shop.it\/","name":"Erresse Shop","description":"","publisher":{"@id":"https:\/\/dev6.erresse-shop.it\/#organization"},"potentialAction":[{"@type":"SearchAction","target":{"@type":"EntryPoint","urlTemplate":"https:\/\/dev6.erresse-shop.it\/?s={search_term_string}"},"query-input":{"@type":"PropertyValueSpecification","valueRequired":true,"valueName":"search_term_string"}}],"inLanguage":"es"},{"@type":"Organization","@id":"https:\/\/dev6.erresse-shop.it\/#organization","name":"Erresse Shop","url":"https:\/\/dev6.erresse-shop.it\/","logo":{"@type":"ImageObject","inLanguage":"es","@id":"https:\/\/dev6.erresse-shop.it\/#\/schema\/logo\/image\/","url":"https:\/\/dev6.erresse-shop.it\/wp-content\/uploads\/2025\/01\/LOGO-ERRESSE-CLASSICO.svg","contentUrl":"https:\/\/dev6.erresse-shop.it\/wp-content\/uploads\/2025\/01\/LOGO-ERRESSE-CLASSICO.svg","caption":"Erresse Shop"},"image":{"@id":"https:\/\/dev6.erresse-shop.it\/#\/schema\/logo\/image\/"}}]}},"df_price":279.9,"df_sale_price":"","df_regular_price":279.9,"df_image_link":"https:\/\/i2.wp.com\/interpim.erresse-shop.it\/Import\/Prodotti\/bamix-swiss-line-black.jpg?resize=300,300&ssl=1","fifu_image_url":"https:\/\/interpim.erresse-shop.it\/Import\/Prodotti\/bamix-swiss-line-black.jpg","_links":{"self":[{"href":"https:\/\/dev6.erresse-shop.it\/es\/wp-json\/wp\/v2\/product\/1880980","targetHints":{"allow":["GET"]}}],"collection":[{"href":"https:\/\/dev6.erresse-shop.it\/es\/wp-json\/wp\/v2\/product"}],"about":[{"href":"https:\/\/dev6.erresse-shop.it\/es\/wp-json\/wp\/v2\/types\/product"}],"wp:featuredmedia":[{"embeddable":true,"href":"https:\/\/dev6.erresse-shop.it\/es\/wp-json\/wp\/v2\/media\/6367151"}],"wp:attachment":[{"href":"https:\/\/dev6.erresse-shop.it\/es\/wp-json\/wp\/v2\/media?parent=1880980"}],"wp:term":[{"taxonomy":"product_cat","embeddable":true,"href":"https:\/\/dev6.erresse-shop.it\/es\/wp-json\/wp\/v2\/product_cat?post=1880980"},{"taxonomy":"product_tag","embeddable":true,"href":"https:\/\/dev6.erresse-shop.it\/es\/wp-json\/wp\/v2\/product_tag?post=1880980"}],"curies":[{"name":"wp","href":"https:\/\/api.w.org\/{rel}","templated":true}]}}