{"id":1880900,"date":"2026-04-12T10:38:44","date_gmt":"2026-04-12T08:38:44","guid":{"rendered":"https:\/\/dev6.erresse-shop.it\/shop\/sin%20categor\u00eda\/cilio-plaid-picnic-weekend\/"},"modified":"2025-09-14T08:56:09","modified_gmt":"2025-09-14T06:56:09","slug":"cilio-plaid-picnic-weekend","status":"publish","type":"product","link":"https:\/\/dev6.erresse-shop.it\/es\/shop\/tabla\/cestas-de-picnic\/cilio-plaid-picnic-weekend\/","title":{"rendered":"CILIO Plaid Picnic Weekend"},"content":{"rendered":"<p>\u00a1Llega el ambiente de fin de semana! La manta de picnic WEEKEND de cilio te invita a mirar las nubes, dejar vagar tus pensamientos y desconectar. La parte inferior repelente al agua mantiene la humedad fuera, mientras que la suave franela con un atractivo estampado de cuadros calienta la parte superior. Disfruta de tu tiempo lejos del ajetreo cotidiano en el bosque, en el jard\u00edn de la ciudad o en el lago. La superficie para tumbarse es suficientemente amplia e insensible a la suciedad, lo que tambi\u00e9n contribuye a la relajaci\u00f3n. Para el transporte, la cubierta se hace peque\u00f1a con la pr\u00e1ctica asa de transporte y el cierre de velcro y cabe en la bolsa de la bicicleta.<\/p>\n<p>Con asa de transporte y cierre de velcro.<\/p>\n<p>Dimensiones: 145 x 130 cm<br \/>\nMaterial: Poli\u00e9ster, base engomada e hidr\u00f3fuga<\/p>\n<p>Cilio se fund\u00f3 en 1993 en Solingen, donde sigue teniendo su sede en la actualidad. Desde el principio, Cilio ha concedido gran importancia a la combinaci\u00f3n de materiales de alta calidad, dise\u00f1o distintivo, excelente artesan\u00eda y mano de obra industrial con una utilidad perfecta. Esta filosof\u00eda se extiende a todos los sectores.<\/p>\n","protected":false},"excerpt":{"rendered":"<p>\u00a1Llega el ambiente de fin de semana! La manta de picnic WEEKEND de cilio te invita a mirar las nubes, dejar vagar tus pensamientos y desconectar. La parte inferior repelente al agua mantiene la humedad fuera, mientras que la suave franela con un atractivo estampado de cuadros calienta la parte superior. Disfruta de tu tiempo [&hellip;]<\/p>\n","protected":false},"featured_media":6366989,"template":"","meta":{"_acf_changed":false},"product_cat":[11924,11887,11671],"product_tag":[],"class_list":{"0":"post-1880900","1":"product","2":"type-product","3":"status-publish","4":"has-post-thumbnail","6":"product_cat-cestas-de-picnic","7":"product_cat-tabla","8":"product_cat-tavola","10":"first","11":"instock","12":"taxable","13":"shipping-taxable","14":"purchasable","15":"product-type-simple","swatches":"rey-swatches","show_selected":"","stretch_labels":"rey-swatches--stretch-labels"},"acf":[],"yoast_head":"<!-- This site is optimized with the Yoast SEO plugin v25.4 - https:\/\/yoast.com\/wordpress\/plugins\/seo\/ -->\n<title>CILIO Plaid Picnic Weekend - dev6 Erresse<\/title>\n<meta name=\"description\" content=\"\u00a1Llega el ambiente de fin de semana! La manta de picnic WEEKEND de cilio te invita a mirar las nubes, dejar vagar tus pensamientos y desconectar. La parte\" \/>\n<meta name=\"robots\" content=\"noindex, follow, max-snippet:-1, max-image-preview:large, max-video-preview:-1\" \/>\n<meta property=\"og:locale\" content=\"es_ES\" \/>\n<meta property=\"og:type\" content=\"article\" \/>\n<meta property=\"og:title\" content=\"CILIO Plaid Picnic Weekend - dev6 Erresse\" \/>\n<meta property=\"og:description\" content=\"\u00a1Llega el ambiente de fin de semana! La manta de picnic WEEKEND de cilio te invita a mirar las nubes, dejar vagar tus pensamientos y desconectar. La parte\" \/>\n<meta property=\"og:url\" content=\"https:\/\/dev6.erresse-shop.it\/es\/shop\/tabla\/cestas-de-picnic\/cilio-plaid-picnic-weekend\/\" \/>\n<meta property=\"og:site_name\" content=\"dev6 Erresse\" \/>\n<meta property=\"og:image\" content=\"https:\/\/interpim.erresse-shop.it\/Import\/Prodotti\/cilio-plaid-picnic-weekend.jpg\" \/><meta property=\"og:image\" content=\"https:\/\/interpim.erresse-shop.it\/Import\/Prodotti\/cilio-plaid-picnic-weekend.jpg\" \/>\n\t<meta property=\"og:image:width\" content=\"1024\" \/>\n\t<meta property=\"og:image:height\" content=\"1024\" \/>\n\t<meta property=\"og:image:type\" content=\"image\/jpeg\" \/>\n<meta name=\"twitter:card\" content=\"summary_large_image\" \/>\n<meta name=\"twitter:image\" content=\"https:\/\/interpim.erresse-shop.it\/Import\/Prodotti\/cilio-plaid-picnic-weekend.jpg\" \/>\n<script type=\"application\/ld+json\" class=\"yoast-schema-graph\">{\"@context\":\"https:\/\/schema.org\",\"@graph\":[{\"@type\":\"WebPage\",\"@id\":\"https:\/\/dev6.erresse-shop.it\/es\/shop\/tabla\/cestas-de-picnic\/cilio-plaid-picnic-weekend\/\",\"url\":\"https:\/\/dev6.erresse-shop.it\/es\/shop\/tabla\/cestas-de-picnic\/cilio-plaid-picnic-weekend\/\",\"name\":\"CILIO Plaid Picnic Weekend - dev6 Erresse\",\"isPartOf\":{\"@id\":\"https:\/\/dev6.erresse-shop.it\/#website\"},\"primaryImageOfPage\":{\"@id\":\"https:\/\/dev6.erresse-shop.it\/es\/shop\/tabla\/cestas-de-picnic\/cilio-plaid-picnic-weekend\/#primaryimage\"},\"image\":{\"@id\":\"https:\/\/dev6.erresse-shop.it\/es\/shop\/tabla\/cestas-de-picnic\/cilio-plaid-picnic-weekend\/#primaryimage\"},\"thumbnailUrl\":\"https:\/\/i1.wp.com\/interpim.erresse-shop.it\/Import\/Prodotti\/cilio-plaid-picnic-weekend.jpg?ssl=1\",\"datePublished\":\"2026-04-12T08:38:44+00:00\",\"description\":\"\u00a1Llega el ambiente de fin de semana! La manta de picnic WEEKEND de cilio te invita a mirar las nubes, dejar vagar tus pensamientos y desconectar. La parte\",\"breadcrumb\":{\"@id\":\"https:\/\/dev6.erresse-shop.it\/es\/shop\/tabla\/cestas-de-picnic\/cilio-plaid-picnic-weekend\/#breadcrumb\"},\"inLanguage\":\"es\",\"potentialAction\":[{\"@type\":\"ReadAction\",\"target\":[\"https:\/\/dev6.erresse-shop.it\/es\/shop\/tabla\/cestas-de-picnic\/cilio-plaid-picnic-weekend\/\"]}]},{\"@type\":\"ImageObject\",\"inLanguage\":\"es\",\"@id\":\"https:\/\/dev6.erresse-shop.it\/es\/shop\/tabla\/cestas-de-picnic\/cilio-plaid-picnic-weekend\/#primaryimage\",\"url\":\"https:\/\/i1.wp.com\/interpim.erresse-shop.it\/Import\/Prodotti\/cilio-plaid-picnic-weekend.jpg?ssl=1\",\"contentUrl\":\"https:\/\/i1.wp.com\/interpim.erresse-shop.it\/Import\/Prodotti\/cilio-plaid-picnic-weekend.jpg?ssl=1\"},{\"@type\":\"BreadcrumbList\",\"@id\":\"https:\/\/dev6.erresse-shop.it\/es\/shop\/tabla\/cestas-de-picnic\/cilio-plaid-picnic-weekend\/#breadcrumb\",\"itemListElement\":[{\"@type\":\"ListItem\",\"position\":1,\"name\":\"Home\",\"item\":\"https:\/\/dev6.erresse-shop.it\/\"},{\"@type\":\"ListItem\",\"position\":2,\"name\":\"Tienda\",\"item\":\"https:\/\/dev6.erresse-shop.it\/shop\/\"},{\"@type\":\"ListItem\",\"position\":3,\"name\":\"CILIO Plaid Picnic Weekend\"}]},{\"@type\":\"WebSite\",\"@id\":\"https:\/\/dev6.erresse-shop.it\/#website\",\"url\":\"https:\/\/dev6.erresse-shop.it\/\",\"name\":\"Erresse Shop\",\"description\":\"\",\"publisher\":{\"@id\":\"https:\/\/dev6.erresse-shop.it\/#organization\"},\"potentialAction\":[{\"@type\":\"SearchAction\",\"target\":{\"@type\":\"EntryPoint\",\"urlTemplate\":\"https:\/\/dev6.erresse-shop.it\/?s={search_term_string}\"},\"query-input\":{\"@type\":\"PropertyValueSpecification\",\"valueRequired\":true,\"valueName\":\"search_term_string\"}}],\"inLanguage\":\"es\"},{\"@type\":\"Organization\",\"@id\":\"https:\/\/dev6.erresse-shop.it\/#organization\",\"name\":\"Erresse Shop\",\"url\":\"https:\/\/dev6.erresse-shop.it\/\",\"logo\":{\"@type\":\"ImageObject\",\"inLanguage\":\"es\",\"@id\":\"https:\/\/dev6.erresse-shop.it\/#\/schema\/logo\/image\/\",\"url\":\"https:\/\/dev6.erresse-shop.it\/wp-content\/uploads\/2025\/01\/LOGO-ERRESSE-CLASSICO.svg\",\"contentUrl\":\"https:\/\/dev6.erresse-shop.it\/wp-content\/uploads\/2025\/01\/LOGO-ERRESSE-CLASSICO.svg\",\"caption\":\"Erresse Shop\"},\"image\":{\"@id\":\"https:\/\/dev6.erresse-shop.it\/#\/schema\/logo\/image\/\"}}]}<\/script>\n<!-- \/ Yoast SEO plugin. -->","yoast_head_json":{"title":"CILIO Plaid Picnic Weekend - dev6 Erresse","description":"\u00a1Llega el ambiente de fin de semana! La manta de picnic WEEKEND de cilio te invita a mirar las nubes, dejar vagar tus pensamientos y desconectar. La parte","robots":{"index":"noindex","follow":"follow","max-snippet":"max-snippet:-1","max-image-preview":"max-image-preview:large","max-video-preview":"max-video-preview:-1"},"og_locale":"es_ES","og_type":"article","og_title":"CILIO Plaid Picnic Weekend - dev6 Erresse","og_description":"\u00a1Llega el ambiente de fin de semana! La manta de picnic WEEKEND de cilio te invita a mirar las nubes, dejar vagar tus pensamientos y desconectar. La parte","og_url":"https:\/\/dev6.erresse-shop.it\/es\/shop\/tabla\/cestas-de-picnic\/cilio-plaid-picnic-weekend\/","og_site_name":"dev6 Erresse","og_image":[{"url":"https:\/\/interpim.erresse-shop.it\/Import\/Prodotti\/cilio-plaid-picnic-weekend.jpg","type":"","width":"","height":""},{"url":"https:\/\/interpim.erresse-shop.it\/Import\/Prodotti\/cilio-plaid-picnic-weekend.jpg","width":1024,"height":1024,"type":"image\/jpeg"}],"twitter_card":"summary_large_image","twitter_image":"https:\/\/interpim.erresse-shop.it\/Import\/Prodotti\/cilio-plaid-picnic-weekend.jpg","schema":{"@context":"https:\/\/schema.org","@graph":[{"@type":"WebPage","@id":"https:\/\/dev6.erresse-shop.it\/es\/shop\/tabla\/cestas-de-picnic\/cilio-plaid-picnic-weekend\/","url":"https:\/\/dev6.erresse-shop.it\/es\/shop\/tabla\/cestas-de-picnic\/cilio-plaid-picnic-weekend\/","name":"CILIO Plaid Picnic Weekend - dev6 Erresse","isPartOf":{"@id":"https:\/\/dev6.erresse-shop.it\/#website"},"primaryImageOfPage":{"@id":"https:\/\/dev6.erresse-shop.it\/es\/shop\/tabla\/cestas-de-picnic\/cilio-plaid-picnic-weekend\/#primaryimage"},"image":{"@id":"https:\/\/dev6.erresse-shop.it\/es\/shop\/tabla\/cestas-de-picnic\/cilio-plaid-picnic-weekend\/#primaryimage"},"thumbnailUrl":"https:\/\/i1.wp.com\/interpim.erresse-shop.it\/Import\/Prodotti\/cilio-plaid-picnic-weekend.jpg?ssl=1","datePublished":"2026-04-12T08:38:44+00:00","description":"\u00a1Llega el ambiente de fin de semana! La manta de picnic WEEKEND de cilio te invita a mirar las nubes, dejar vagar tus pensamientos y desconectar. La parte","breadcrumb":{"@id":"https:\/\/dev6.erresse-shop.it\/es\/shop\/tabla\/cestas-de-picnic\/cilio-plaid-picnic-weekend\/#breadcrumb"},"inLanguage":"es","potentialAction":[{"@type":"ReadAction","target":["https:\/\/dev6.erresse-shop.it\/es\/shop\/tabla\/cestas-de-picnic\/cilio-plaid-picnic-weekend\/"]}]},{"@type":"ImageObject","inLanguage":"es","@id":"https:\/\/dev6.erresse-shop.it\/es\/shop\/tabla\/cestas-de-picnic\/cilio-plaid-picnic-weekend\/#primaryimage","url":"https:\/\/i1.wp.com\/interpim.erresse-shop.it\/Import\/Prodotti\/cilio-plaid-picnic-weekend.jpg?ssl=1","contentUrl":"https:\/\/i1.wp.com\/interpim.erresse-shop.it\/Import\/Prodotti\/cilio-plaid-picnic-weekend.jpg?ssl=1"},{"@type":"BreadcrumbList","@id":"https:\/\/dev6.erresse-shop.it\/es\/shop\/tabla\/cestas-de-picnic\/cilio-plaid-picnic-weekend\/#breadcrumb","itemListElement":[{"@type":"ListItem","position":1,"name":"Home","item":"https:\/\/dev6.erresse-shop.it\/"},{"@type":"ListItem","position":2,"name":"Tienda","item":"https:\/\/dev6.erresse-shop.it\/shop\/"},{"@type":"ListItem","position":3,"name":"CILIO Plaid Picnic Weekend"}]},{"@type":"WebSite","@id":"https:\/\/dev6.erresse-shop.it\/#website","url":"https:\/\/dev6.erresse-shop.it\/","name":"Erresse Shop","description":"","publisher":{"@id":"https:\/\/dev6.erresse-shop.it\/#organization"},"potentialAction":[{"@type":"SearchAction","target":{"@type":"EntryPoint","urlTemplate":"https:\/\/dev6.erresse-shop.it\/?s={search_term_string}"},"query-input":{"@type":"PropertyValueSpecification","valueRequired":true,"valueName":"search_term_string"}}],"inLanguage":"es"},{"@type":"Organization","@id":"https:\/\/dev6.erresse-shop.it\/#organization","name":"Erresse Shop","url":"https:\/\/dev6.erresse-shop.it\/","logo":{"@type":"ImageObject","inLanguage":"es","@id":"https:\/\/dev6.erresse-shop.it\/#\/schema\/logo\/image\/","url":"https:\/\/dev6.erresse-shop.it\/wp-content\/uploads\/2025\/01\/LOGO-ERRESSE-CLASSICO.svg","contentUrl":"https:\/\/dev6.erresse-shop.it\/wp-content\/uploads\/2025\/01\/LOGO-ERRESSE-CLASSICO.svg","caption":"Erresse Shop"},"image":{"@id":"https:\/\/dev6.erresse-shop.it\/#\/schema\/logo\/image\/"}}]}},"df_price":26.9,"df_sale_price":"","df_regular_price":26.9,"df_image_link":"https:\/\/i1.wp.com\/interpim.erresse-shop.it\/Import\/Prodotti\/cilio-plaid-picnic-weekend.jpg?resize=300,300&ssl=1","fifu_image_url":"https:\/\/interpim.erresse-shop.it\/Import\/Prodotti\/cilio-plaid-picnic-weekend.jpg","_links":{"self":[{"href":"https:\/\/dev6.erresse-shop.it\/es\/wp-json\/wp\/v2\/product\/1880900","targetHints":{"allow":["GET"]}}],"collection":[{"href":"https:\/\/dev6.erresse-shop.it\/es\/wp-json\/wp\/v2\/product"}],"about":[{"href":"https:\/\/dev6.erresse-shop.it\/es\/wp-json\/wp\/v2\/types\/product"}],"wp:featuredmedia":[{"embeddable":true,"href":"https:\/\/dev6.erresse-shop.it\/es\/wp-json\/wp\/v2\/media\/6366989"}],"wp:attachment":[{"href":"https:\/\/dev6.erresse-shop.it\/es\/wp-json\/wp\/v2\/media?parent=1880900"}],"wp:term":[{"taxonomy":"product_cat","embeddable":true,"href":"https:\/\/dev6.erresse-shop.it\/es\/wp-json\/wp\/v2\/product_cat?post=1880900"},{"taxonomy":"product_tag","embeddable":true,"href":"https:\/\/dev6.erresse-shop.it\/es\/wp-json\/wp\/v2\/product_tag?post=1880900"}],"curies":[{"name":"wp","href":"https:\/\/api.w.org\/{rel}","templated":true}]}}