{"id":1880878,"date":"2026-04-12T14:52:25","date_gmt":"2026-04-12T12:52:25","guid":{"rendered":"https:\/\/dev6.erresse-shop.it\/shop\/sin%20categor\u00eda\/berkel-pinza-de-madera-para-jamon\/"},"modified":"2025-09-14T11:00:16","modified_gmt":"2025-09-14T09:00:16","slug":"berkel-pinza-de-madera-para-jamon","status":"publish","type":"product","link":"https:\/\/dev6.erresse-shop.it\/es\/shop\/cocina\/accesorios\/berkel-pinza-de-madera-para-jamon\/","title":{"rendered":"BERKEL Pinza de Madera Para Jam\u00f3n"},"content":{"rendered":"<p>BELLEZA Y SABOR DEL JAM\u00d3N CORTADO A MANO.<br \/>\nEl prosciutto italiano expresa toda su fragancia cort\u00e1ndolo a mano con un cuchillo. Con el soporte Berkel, los embutidos con hueso pueden cortarse f\u00e1cilmente. Apretado en la mordaza, no sufrir\u00e1 ninguna oscilaci\u00f3n, permitiendo el corte perfecto de la carne con la sola ayuda de un cuchillo bien afilado. Berkel ofrece un objeto funcional con materiales f\u00e1cilmente lavables (acero y madera) y un dise\u00f1o moderno.<\/p>\n<p>MORDAZA JAMONERA DE MADERA OSCURA<br \/>\nMateriales: base de madera oscura, marco de acero inoxidable, embellecedor de madera<br \/>\nDimensiones m\u00e1ximas totales: 24 x 56 x 16h cm<br \/>\nPeso: 4 kg<br \/>\nCaracter\u00edsticas: pies de goma de silicona<\/p>\n","protected":false},"excerpt":{"rendered":"<p>BELLEZA Y SABOR DEL JAM\u00d3N CORTADO A MANO. El prosciutto italiano expresa toda su fragancia cort\u00e1ndolo a mano con un cuchillo. Con el soporte Berkel, los embutidos con hueso pueden cortarse f\u00e1cilmente. Apretado en la mordaza, no sufrir\u00e1 ninguna oscilaci\u00f3n, permitiendo el corte perfecto de la carne con la sola ayuda de un cuchillo bien [&hellip;]<\/p>\n","protected":false},"featured_media":6381410,"template":"","meta":{"_acf_changed":false},"product_cat":[11949,11733,11884,11668],"product_tag":[],"class_list":{"0":"post-1880878","1":"product","2":"type-product","3":"status-publish","4":"has-post-thumbnail","6":"product_cat-accesorios","7":"product_cat-accessori-cucina","8":"product_cat-cocina","9":"product_cat-cucina","11":"first","12":"instock","13":"sale","14":"taxable","15":"shipping-taxable","16":"purchasable","17":"product-type-simple","swatches":"rey-swatches","show_selected":"","stretch_labels":"rey-swatches--stretch-labels"},"acf":[],"yoast_head":"<!-- This site is optimized with the Yoast SEO plugin v25.4 - https:\/\/yoast.com\/wordpress\/plugins\/seo\/ -->\n<title>BERKEL Pinza de Madera Para Jam\u00f3n - dev6 Erresse<\/title>\n<meta name=\"description\" content=\"BELLEZA Y SABOR DEL JAM\u00d3N CORTADO A MANO. El prosciutto italiano expresa toda su fragancia cort\u00e1ndolo a mano con un cuchillo. Con el soporte Berkel, los\" \/>\n<meta name=\"robots\" content=\"noindex, follow, max-snippet:-1, max-image-preview:large, max-video-preview:-1\" \/>\n<meta property=\"og:locale\" content=\"es_ES\" \/>\n<meta property=\"og:type\" content=\"article\" \/>\n<meta property=\"og:title\" content=\"BERKEL Pinza de Madera Para Jam\u00f3n - dev6 Erresse\" \/>\n<meta property=\"og:description\" content=\"BELLEZA Y SABOR DEL JAM\u00d3N CORTADO A MANO. El prosciutto italiano expresa toda su fragancia cort\u00e1ndolo a mano con un cuchillo. Con el soporte Berkel, los\" \/>\n<meta property=\"og:url\" content=\"https:\/\/dev6.erresse-shop.it\/es\/shop\/cocina\/accesorios\/berkel-pinza-de-madera-para-jamon\/\" \/>\n<meta property=\"og:site_name\" content=\"dev6 Erresse\" \/>\n<meta property=\"og:image\" content=\"https:\/\/interpim.erresse-shop.it\/Import\/Prodotti\/berkel-morsa.jpg\" \/><meta property=\"og:image\" content=\"https:\/\/interpim.erresse-shop.it\/Import\/Prodotti\/berkel-morsa.jpg\" \/>\n\t<meta property=\"og:image:width\" content=\"1024\" \/>\n\t<meta property=\"og:image:height\" content=\"1024\" \/>\n\t<meta property=\"og:image:type\" content=\"image\/jpeg\" \/>\n<meta name=\"twitter:card\" content=\"summary_large_image\" \/>\n<meta name=\"twitter:image\" content=\"https:\/\/interpim.erresse-shop.it\/Import\/Prodotti\/berkel-morsa.jpg\" \/>\n<script type=\"application\/ld+json\" class=\"yoast-schema-graph\">{\"@context\":\"https:\/\/schema.org\",\"@graph\":[{\"@type\":\"WebPage\",\"@id\":\"https:\/\/dev6.erresse-shop.it\/es\/shop\/cocina\/accesorios\/berkel-pinza-de-madera-para-jamon\/\",\"url\":\"https:\/\/dev6.erresse-shop.it\/es\/shop\/cocina\/accesorios\/berkel-pinza-de-madera-para-jamon\/\",\"name\":\"BERKEL Pinza de Madera Para Jam\u00f3n - dev6 Erresse\",\"isPartOf\":{\"@id\":\"https:\/\/dev6.erresse-shop.it\/#website\"},\"primaryImageOfPage\":{\"@id\":\"https:\/\/dev6.erresse-shop.it\/es\/shop\/cocina\/accesorios\/berkel-pinza-de-madera-para-jamon\/#primaryimage\"},\"image\":{\"@id\":\"https:\/\/dev6.erresse-shop.it\/es\/shop\/cocina\/accesorios\/berkel-pinza-de-madera-para-jamon\/#primaryimage\"},\"thumbnailUrl\":\"https:\/\/i0.wp.com\/interpim.erresse-shop.it\/Import\/Prodotti\/berkel-morsa.jpg?ssl=1\",\"datePublished\":\"2026-04-12T12:52:25+00:00\",\"description\":\"BELLEZA Y SABOR DEL JAM\u00d3N CORTADO A MANO. El prosciutto italiano expresa toda su fragancia cort\u00e1ndolo a mano con un cuchillo. Con el soporte Berkel, los\",\"breadcrumb\":{\"@id\":\"https:\/\/dev6.erresse-shop.it\/es\/shop\/cocina\/accesorios\/berkel-pinza-de-madera-para-jamon\/#breadcrumb\"},\"inLanguage\":\"es\",\"potentialAction\":[{\"@type\":\"ReadAction\",\"target\":[\"https:\/\/dev6.erresse-shop.it\/es\/shop\/cocina\/accesorios\/berkel-pinza-de-madera-para-jamon\/\"]}]},{\"@type\":\"ImageObject\",\"inLanguage\":\"es\",\"@id\":\"https:\/\/dev6.erresse-shop.it\/es\/shop\/cocina\/accesorios\/berkel-pinza-de-madera-para-jamon\/#primaryimage\",\"url\":\"https:\/\/i0.wp.com\/interpim.erresse-shop.it\/Import\/Prodotti\/berkel-morsa.jpg?ssl=1\",\"contentUrl\":\"https:\/\/i0.wp.com\/interpim.erresse-shop.it\/Import\/Prodotti\/berkel-morsa.jpg?ssl=1\"},{\"@type\":\"BreadcrumbList\",\"@id\":\"https:\/\/dev6.erresse-shop.it\/es\/shop\/cocina\/accesorios\/berkel-pinza-de-madera-para-jamon\/#breadcrumb\",\"itemListElement\":[{\"@type\":\"ListItem\",\"position\":1,\"name\":\"Home\",\"item\":\"https:\/\/dev6.erresse-shop.it\/\"},{\"@type\":\"ListItem\",\"position\":2,\"name\":\"Tienda\",\"item\":\"https:\/\/dev6.erresse-shop.it\/shop\/\"},{\"@type\":\"ListItem\",\"position\":3,\"name\":\"BERKEL Pinza de Madera Para Jam\u00f3n\"}]},{\"@type\":\"WebSite\",\"@id\":\"https:\/\/dev6.erresse-shop.it\/#website\",\"url\":\"https:\/\/dev6.erresse-shop.it\/\",\"name\":\"Erresse Shop\",\"description\":\"\",\"publisher\":{\"@id\":\"https:\/\/dev6.erresse-shop.it\/#organization\"},\"potentialAction\":[{\"@type\":\"SearchAction\",\"target\":{\"@type\":\"EntryPoint\",\"urlTemplate\":\"https:\/\/dev6.erresse-shop.it\/?s={search_term_string}\"},\"query-input\":{\"@type\":\"PropertyValueSpecification\",\"valueRequired\":true,\"valueName\":\"search_term_string\"}}],\"inLanguage\":\"es\"},{\"@type\":\"Organization\",\"@id\":\"https:\/\/dev6.erresse-shop.it\/#organization\",\"name\":\"Erresse Shop\",\"url\":\"https:\/\/dev6.erresse-shop.it\/\",\"logo\":{\"@type\":\"ImageObject\",\"inLanguage\":\"es\",\"@id\":\"https:\/\/dev6.erresse-shop.it\/#\/schema\/logo\/image\/\",\"url\":\"https:\/\/dev6.erresse-shop.it\/wp-content\/uploads\/2025\/01\/LOGO-ERRESSE-CLASSICO.svg\",\"contentUrl\":\"https:\/\/dev6.erresse-shop.it\/wp-content\/uploads\/2025\/01\/LOGO-ERRESSE-CLASSICO.svg\",\"caption\":\"Erresse Shop\"},\"image\":{\"@id\":\"https:\/\/dev6.erresse-shop.it\/#\/schema\/logo\/image\/\"}}]}<\/script>\n<!-- \/ Yoast SEO plugin. -->","yoast_head_json":{"title":"BERKEL Pinza de Madera Para Jam\u00f3n - dev6 Erresse","description":"BELLEZA Y SABOR DEL JAM\u00d3N CORTADO A MANO. El prosciutto italiano expresa toda su fragancia cort\u00e1ndolo a mano con un cuchillo. Con el soporte Berkel, los","robots":{"index":"noindex","follow":"follow","max-snippet":"max-snippet:-1","max-image-preview":"max-image-preview:large","max-video-preview":"max-video-preview:-1"},"og_locale":"es_ES","og_type":"article","og_title":"BERKEL Pinza de Madera Para Jam\u00f3n - dev6 Erresse","og_description":"BELLEZA Y SABOR DEL JAM\u00d3N CORTADO A MANO. El prosciutto italiano expresa toda su fragancia cort\u00e1ndolo a mano con un cuchillo. Con el soporte Berkel, los","og_url":"https:\/\/dev6.erresse-shop.it\/es\/shop\/cocina\/accesorios\/berkel-pinza-de-madera-para-jamon\/","og_site_name":"dev6 Erresse","og_image":[{"url":"https:\/\/interpim.erresse-shop.it\/Import\/Prodotti\/berkel-morsa.jpg","type":"","width":"","height":""},{"url":"https:\/\/interpim.erresse-shop.it\/Import\/Prodotti\/berkel-morsa.jpg","width":1024,"height":1024,"type":"image\/jpeg"}],"twitter_card":"summary_large_image","twitter_image":"https:\/\/interpim.erresse-shop.it\/Import\/Prodotti\/berkel-morsa.jpg","schema":{"@context":"https:\/\/schema.org","@graph":[{"@type":"WebPage","@id":"https:\/\/dev6.erresse-shop.it\/es\/shop\/cocina\/accesorios\/berkel-pinza-de-madera-para-jamon\/","url":"https:\/\/dev6.erresse-shop.it\/es\/shop\/cocina\/accesorios\/berkel-pinza-de-madera-para-jamon\/","name":"BERKEL Pinza de Madera Para Jam\u00f3n - dev6 Erresse","isPartOf":{"@id":"https:\/\/dev6.erresse-shop.it\/#website"},"primaryImageOfPage":{"@id":"https:\/\/dev6.erresse-shop.it\/es\/shop\/cocina\/accesorios\/berkel-pinza-de-madera-para-jamon\/#primaryimage"},"image":{"@id":"https:\/\/dev6.erresse-shop.it\/es\/shop\/cocina\/accesorios\/berkel-pinza-de-madera-para-jamon\/#primaryimage"},"thumbnailUrl":"https:\/\/i0.wp.com\/interpim.erresse-shop.it\/Import\/Prodotti\/berkel-morsa.jpg?ssl=1","datePublished":"2026-04-12T12:52:25+00:00","description":"BELLEZA Y SABOR DEL JAM\u00d3N CORTADO A MANO. El prosciutto italiano expresa toda su fragancia cort\u00e1ndolo a mano con un cuchillo. Con el soporte Berkel, los","breadcrumb":{"@id":"https:\/\/dev6.erresse-shop.it\/es\/shop\/cocina\/accesorios\/berkel-pinza-de-madera-para-jamon\/#breadcrumb"},"inLanguage":"es","potentialAction":[{"@type":"ReadAction","target":["https:\/\/dev6.erresse-shop.it\/es\/shop\/cocina\/accesorios\/berkel-pinza-de-madera-para-jamon\/"]}]},{"@type":"ImageObject","inLanguage":"es","@id":"https:\/\/dev6.erresse-shop.it\/es\/shop\/cocina\/accesorios\/berkel-pinza-de-madera-para-jamon\/#primaryimage","url":"https:\/\/i0.wp.com\/interpim.erresse-shop.it\/Import\/Prodotti\/berkel-morsa.jpg?ssl=1","contentUrl":"https:\/\/i0.wp.com\/interpim.erresse-shop.it\/Import\/Prodotti\/berkel-morsa.jpg?ssl=1"},{"@type":"BreadcrumbList","@id":"https:\/\/dev6.erresse-shop.it\/es\/shop\/cocina\/accesorios\/berkel-pinza-de-madera-para-jamon\/#breadcrumb","itemListElement":[{"@type":"ListItem","position":1,"name":"Home","item":"https:\/\/dev6.erresse-shop.it\/"},{"@type":"ListItem","position":2,"name":"Tienda","item":"https:\/\/dev6.erresse-shop.it\/shop\/"},{"@type":"ListItem","position":3,"name":"BERKEL Pinza de Madera Para Jam\u00f3n"}]},{"@type":"WebSite","@id":"https:\/\/dev6.erresse-shop.it\/#website","url":"https:\/\/dev6.erresse-shop.it\/","name":"Erresse Shop","description":"","publisher":{"@id":"https:\/\/dev6.erresse-shop.it\/#organization"},"potentialAction":[{"@type":"SearchAction","target":{"@type":"EntryPoint","urlTemplate":"https:\/\/dev6.erresse-shop.it\/?s={search_term_string}"},"query-input":{"@type":"PropertyValueSpecification","valueRequired":true,"valueName":"search_term_string"}}],"inLanguage":"es"},{"@type":"Organization","@id":"https:\/\/dev6.erresse-shop.it\/#organization","name":"Erresse Shop","url":"https:\/\/dev6.erresse-shop.it\/","logo":{"@type":"ImageObject","inLanguage":"es","@id":"https:\/\/dev6.erresse-shop.it\/#\/schema\/logo\/image\/","url":"https:\/\/dev6.erresse-shop.it\/wp-content\/uploads\/2025\/01\/LOGO-ERRESSE-CLASSICO.svg","contentUrl":"https:\/\/dev6.erresse-shop.it\/wp-content\/uploads\/2025\/01\/LOGO-ERRESSE-CLASSICO.svg","caption":"Erresse Shop"},"image":{"@id":"https:\/\/dev6.erresse-shop.it\/#\/schema\/logo\/image\/"}}]}},"df_price":219,"df_sale_price":219,"df_regular_price":329,"df_image_link":"https:\/\/i0.wp.com\/interpim.erresse-shop.it\/Import\/Prodotti\/berkel-morsa.jpg?resize=300,300&ssl=1","fifu_image_url":"https:\/\/interpim.erresse-shop.it\/Import\/Prodotti\/berkel-morsa.jpg","_links":{"self":[{"href":"https:\/\/dev6.erresse-shop.it\/es\/wp-json\/wp\/v2\/product\/1880878","targetHints":{"allow":["GET"]}}],"collection":[{"href":"https:\/\/dev6.erresse-shop.it\/es\/wp-json\/wp\/v2\/product"}],"about":[{"href":"https:\/\/dev6.erresse-shop.it\/es\/wp-json\/wp\/v2\/types\/product"}],"wp:featuredmedia":[{"embeddable":true,"href":"https:\/\/dev6.erresse-shop.it\/es\/wp-json\/wp\/v2\/media\/6381410"}],"wp:attachment":[{"href":"https:\/\/dev6.erresse-shop.it\/es\/wp-json\/wp\/v2\/media?parent=1880878"}],"wp:term":[{"taxonomy":"product_cat","embeddable":true,"href":"https:\/\/dev6.erresse-shop.it\/es\/wp-json\/wp\/v2\/product_cat?post=1880878"},{"taxonomy":"product_tag","embeddable":true,"href":"https:\/\/dev6.erresse-shop.it\/es\/wp-json\/wp\/v2\/product_tag?post=1880878"}],"curies":[{"name":"wp","href":"https:\/\/api.w.org\/{rel}","templated":true}]}}