{"id":1880876,"date":"2026-04-12T10:36:52","date_gmt":"2026-04-12T08:36:52","guid":{"rendered":"https:\/\/dev6.erresse-shop.it\/shop\/sin%20categor\u00eda\/ga-ma-gp-phon-iq2-perfetto-negro\/"},"modified":"2025-09-14T08:55:54","modified_gmt":"2025-09-14T06:55:54","slug":"ga-ma-gp-phon-iq2-perfetto-negro","status":"publish","type":"product","link":"https:\/\/dev6.erresse-shop.it\/es\/shop\/pequenos-electrodomesticos\/secadores-y-planchas-de-pelo\/ga-ma-gp-phon-iq2-perfetto-negro\/","title":{"rendered":"GA.MA GP Phon IQ2 Perfetto Negro"},"content":{"rendered":"<p>La evoluci\u00f3n de una revoluci\u00f3n en el mundo de los secadores de pelo<\/p>\n<p>iQ2, el nuevo secador de pelo profesional de GAMA, es la nueva generaci\u00f3n del galardonado iQ Perfetto.<br \/>\nCombinando ligereza, potencia y alto rendimiento, iQ2 est\u00e1 destinado a generar un salto cualitativo en la forma de trabajar de los salones de peluquer\u00eda.<\/p>\n<p>En 2022, iQ2 gan\u00f3 el Premio Cosmoprof, en la categor\u00eda de Producto Capilar.<\/p>\n<p>MINI LIGEREZA. MAXI POTENCIA<\/p>\n<p>En s\u00f3lo 294 gramos, 1600 vatios de potencia<br \/>\nLa funci\u00f3n TURBO potencia el flujo de aire llevando el motor de una velocidad ordinaria de 110.00rpm a una velocidad m\u00e1xima de 120.000rpm durante 30 segundos.<\/p>\n<p>EFECTO VENTURI<\/p>\n<p>Multiplica el flujo de aire sin consumo de energ\u00eda adicional, reduciendo el tiempo de secado.<\/p>\n<p>SECADOR ULTRAEFICIENTE<\/p>\n<p>Gracias al motor Brushless de larga duraci\u00f3n<\/p>\n<p>EL SECADOR DE PELO INTELIGENTE CON SMART PAD<\/p>\n<p>El \u00fanico secador de pelo profesional con \u201ciQ Standby Technology\u201d: se desactiva autom\u00e1ticamente al colocarlo sobre el GAMA Smart Pad. Dise\u00f1ado para reducir el gasto de energ\u00eda y hacer el trabajo del estilista m\u00e1s f\u00e1cil y eficiente. La almohadilla se incluye dentro de la caja.<\/p>\n<p>LIMPIEZA QUE ALARGA LA VIDA<\/p>\n<p>En el Q2, los filtros microperforados pasan a ser 2, magn\u00e9ticos, extra\u00edbles y lavables, para evitar que incluso las part\u00edculas de suciedad m\u00e1s peque\u00f1as se depositen en el motor y lleguen al cuero cabelludo, garantizando adem\u00e1s una mayor vida \u00fatil del motor.<\/p>\n<p>El nuevo dise\u00f1o magn\u00e9tico, lavable y f\u00e1cil de extraer, est\u00e1 pensado para facilitar la limpieza y el mantenimiento diarios y garantizar el m\u00e1ximo rendimiento tras un uso prolongado en el sal\u00f3n.<br \/>\nLa tecnolog\u00eda Auto-Clean presente en toda la l\u00ednea iQ permite una autolimpieza profunda del secador expulsando la suciedad, gracias a la rotaci\u00f3n de la turbina del motor en sentido contrario.<\/p>\n<p>Kit de limpieza incluido en la caja.<\/p>\n<p>TECNOLOG\u00cdA OXY-ACTIVE<\/p>\n<p>iQ2 emite Ox\u00edgeno Activo que act\u00faa como un potente antibacteriano para proteger el cuero cabelludo al tiempo que permite una mejor fijaci\u00f3n del color.<\/p>\n<p>EFECTO FIJADOR DEL COLOR<br \/>\nELIMINA EL ENCRESPAMIENTO<br \/>\nHIDRATA EL CABELLO Y LO DEJA FLEXIBLE Y REJUVENECIDO<\/p>\n<p>eSystem-C<\/p>\n<p>eSystem-C es una nueva tecnolog\u00eda que permite al iQ Perfetto detectar cu\u00e1ndo las condiciones de uso no son adecuadas. De este modo, no se interrumpe el trabajo de peinado y se garantiza una larga vida \u00fatil del secador.<\/p>\n<p>\u00bfCu\u00e1ndo y por qu\u00e9 se activa? Cuando las luces indicadoras de temperatura se apagan y la luz indicadora de velocidad intermedia comienza a parpadear, su iQ se\u00f1ala que el filtro trasero est\u00e1 obstruido y\/o que el aire est\u00e1 obstruyendo el flujo de aire de las boquillas. \u00a1Es hora de limpiar tu secador!<\/p>\n<p>La limpieza de los filtros es esencial para prolongar la vida de tu secador de pelo y garantizar el mejor rendimiento: dentro de la caja encontrar\u00e1s 9 filtros de tela para sustituir los sucios.<\/p>\n<p>Efecto rampa<\/p>\n<p>Al encender y apagar el secador, se activa el Efecto Rampa, que consiste en un cambio gradual de la potencia. El objetivo principal de esta funci\u00f3n es regular eficazmente la temperatura interna del secador.<\/p>\n<p>\u00bfC\u00f3mo funciona?<\/p>\n<p>Cuando el secador se apaga, el sistema desactiva la resistencia y permite que el motor siga funcionando durante 2 segundos m\u00e1s para disipar el calor residual y reducir la temperatura. En el caso del encendido, el proceso es similar pero a la inversa. Esta secuencia de operaciones garantiza un arranque seguro y controlado de su iQ.<\/p>\n<p>Enchufe: EU<br \/>\nNo se vende fuera de Europa<\/p>\n","protected":false},"excerpt":{"rendered":"<p>La evoluci\u00f3n de una revoluci\u00f3n en el mundo de los secadores de pelo iQ2, el nuevo secador de pelo profesional de GAMA, es la nueva generaci\u00f3n del galardonado iQ Perfetto. Combinando ligereza, potencia y alto rendimiento, iQ2 est\u00e1 destinado a generar un salto cualitativo en la forma de trabajar de los salones de peluquer\u00eda. En [&hellip;]<\/p>\n","protected":false},"featured_media":6366921,"template":"","meta":{"_acf_changed":false},"product_cat":[11947,11984],"product_tag":[],"class_list":{"0":"post-1880876","1":"product","2":"type-product","3":"status-publish","4":"has-post-thumbnail","6":"product_cat-pequenos-electrodomesticos","7":"product_cat-secadores-y-planchas-de-pelo","9":"first","10":"instock","11":"sale","12":"taxable","13":"shipping-taxable","14":"purchasable","15":"product-type-simple","swatches":"rey-swatches","show_selected":"","stretch_labels":"rey-swatches--stretch-labels"},"acf":[],"yoast_head":"<!-- This site is optimized with the Yoast SEO plugin v25.4 - https:\/\/yoast.com\/wordpress\/plugins\/seo\/ -->\n<title>GA.MA GP Phon IQ2 Perfetto Negro - dev6 Erresse<\/title>\n<meta name=\"description\" content=\"La evoluci\u00f3n de una revoluci\u00f3n en el mundo de los secadores de pelo iQ2, el nuevo secador de pelo profesional de GAMA, es la nueva generaci\u00f3n del\" \/>\n<meta name=\"robots\" content=\"noindex, follow, max-snippet:-1, max-image-preview:large, max-video-preview:-1\" \/>\n<meta property=\"og:locale\" content=\"es_ES\" \/>\n<meta property=\"og:type\" content=\"article\" \/>\n<meta property=\"og:title\" content=\"GA.MA GP Phon IQ2 Perfetto Negro - dev6 Erresse\" \/>\n<meta property=\"og:description\" content=\"La evoluci\u00f3n de una revoluci\u00f3n en el mundo de los secadores de pelo iQ2, el nuevo secador de pelo profesional de GAMA, es la nueva generaci\u00f3n del\" \/>\n<meta property=\"og:url\" content=\"https:\/\/dev6.erresse-shop.it\/es\/shop\/pequenos-electrodomesticos\/secadores-y-planchas-de-pelo\/ga-ma-gp-phon-iq2-perfetto-negro\/\" \/>\n<meta property=\"og:site_name\" content=\"dev6 Erresse\" \/>\n<meta property=\"og:image\" content=\"https:\/\/interpim.erresse-shop.it\/Import\/Prodotti\/ga.ma-iq2.jpg\" \/><meta property=\"og:image\" content=\"https:\/\/interpim.erresse-shop.it\/Import\/Prodotti\/ga.ma-iq2.jpg\" \/>\n\t<meta property=\"og:image:width\" content=\"1024\" \/>\n\t<meta property=\"og:image:height\" content=\"1024\" \/>\n\t<meta property=\"og:image:type\" content=\"image\/jpeg\" \/>\n<meta name=\"twitter:card\" content=\"summary_large_image\" \/>\n<meta name=\"twitter:image\" content=\"https:\/\/interpim.erresse-shop.it\/Import\/Prodotti\/ga.ma-iq2.jpg\" \/>\n<script type=\"application\/ld+json\" class=\"yoast-schema-graph\">{\"@context\":\"https:\/\/schema.org\",\"@graph\":[{\"@type\":\"WebPage\",\"@id\":\"https:\/\/dev6.erresse-shop.it\/es\/shop\/pequenos-electrodomesticos\/secadores-y-planchas-de-pelo\/ga-ma-gp-phon-iq2-perfetto-negro\/\",\"url\":\"https:\/\/dev6.erresse-shop.it\/es\/shop\/pequenos-electrodomesticos\/secadores-y-planchas-de-pelo\/ga-ma-gp-phon-iq2-perfetto-negro\/\",\"name\":\"GA.MA GP Phon IQ2 Perfetto Negro - dev6 Erresse\",\"isPartOf\":{\"@id\":\"https:\/\/dev6.erresse-shop.it\/#website\"},\"primaryImageOfPage\":{\"@id\":\"https:\/\/dev6.erresse-shop.it\/es\/shop\/pequenos-electrodomesticos\/secadores-y-planchas-de-pelo\/ga-ma-gp-phon-iq2-perfetto-negro\/#primaryimage\"},\"image\":{\"@id\":\"https:\/\/dev6.erresse-shop.it\/es\/shop\/pequenos-electrodomesticos\/secadores-y-planchas-de-pelo\/ga-ma-gp-phon-iq2-perfetto-negro\/#primaryimage\"},\"thumbnailUrl\":\"https:\/\/i1.wp.com\/interpim.erresse-shop.it\/Import\/Prodotti\/ga.ma-iq2.jpg?ssl=1\",\"datePublished\":\"2026-04-12T08:36:52+00:00\",\"description\":\"La evoluci\u00f3n de una revoluci\u00f3n en el mundo de los secadores de pelo iQ2, el nuevo secador de pelo profesional de GAMA, es la nueva generaci\u00f3n del\",\"breadcrumb\":{\"@id\":\"https:\/\/dev6.erresse-shop.it\/es\/shop\/pequenos-electrodomesticos\/secadores-y-planchas-de-pelo\/ga-ma-gp-phon-iq2-perfetto-negro\/#breadcrumb\"},\"inLanguage\":\"es\",\"potentialAction\":[{\"@type\":\"ReadAction\",\"target\":[\"https:\/\/dev6.erresse-shop.it\/es\/shop\/pequenos-electrodomesticos\/secadores-y-planchas-de-pelo\/ga-ma-gp-phon-iq2-perfetto-negro\/\"]}]},{\"@type\":\"ImageObject\",\"inLanguage\":\"es\",\"@id\":\"https:\/\/dev6.erresse-shop.it\/es\/shop\/pequenos-electrodomesticos\/secadores-y-planchas-de-pelo\/ga-ma-gp-phon-iq2-perfetto-negro\/#primaryimage\",\"url\":\"https:\/\/i1.wp.com\/interpim.erresse-shop.it\/Import\/Prodotti\/ga.ma-iq2.jpg?ssl=1\",\"contentUrl\":\"https:\/\/i1.wp.com\/interpim.erresse-shop.it\/Import\/Prodotti\/ga.ma-iq2.jpg?ssl=1\"},{\"@type\":\"BreadcrumbList\",\"@id\":\"https:\/\/dev6.erresse-shop.it\/es\/shop\/pequenos-electrodomesticos\/secadores-y-planchas-de-pelo\/ga-ma-gp-phon-iq2-perfetto-negro\/#breadcrumb\",\"itemListElement\":[{\"@type\":\"ListItem\",\"position\":1,\"name\":\"Home\",\"item\":\"https:\/\/dev6.erresse-shop.it\/\"},{\"@type\":\"ListItem\",\"position\":2,\"name\":\"Tienda\",\"item\":\"https:\/\/dev6.erresse-shop.it\/shop\/\"},{\"@type\":\"ListItem\",\"position\":3,\"name\":\"GA.MA GP Phon IQ2 Perfetto Negro\"}]},{\"@type\":\"WebSite\",\"@id\":\"https:\/\/dev6.erresse-shop.it\/#website\",\"url\":\"https:\/\/dev6.erresse-shop.it\/\",\"name\":\"Erresse Shop\",\"description\":\"\",\"publisher\":{\"@id\":\"https:\/\/dev6.erresse-shop.it\/#organization\"},\"potentialAction\":[{\"@type\":\"SearchAction\",\"target\":{\"@type\":\"EntryPoint\",\"urlTemplate\":\"https:\/\/dev6.erresse-shop.it\/?s={search_term_string}\"},\"query-input\":{\"@type\":\"PropertyValueSpecification\",\"valueRequired\":true,\"valueName\":\"search_term_string\"}}],\"inLanguage\":\"es\"},{\"@type\":\"Organization\",\"@id\":\"https:\/\/dev6.erresse-shop.it\/#organization\",\"name\":\"Erresse Shop\",\"url\":\"https:\/\/dev6.erresse-shop.it\/\",\"logo\":{\"@type\":\"ImageObject\",\"inLanguage\":\"es\",\"@id\":\"https:\/\/dev6.erresse-shop.it\/#\/schema\/logo\/image\/\",\"url\":\"https:\/\/dev6.erresse-shop.it\/wp-content\/uploads\/2025\/01\/LOGO-ERRESSE-CLASSICO.svg\",\"contentUrl\":\"https:\/\/dev6.erresse-shop.it\/wp-content\/uploads\/2025\/01\/LOGO-ERRESSE-CLASSICO.svg\",\"caption\":\"Erresse Shop\"},\"image\":{\"@id\":\"https:\/\/dev6.erresse-shop.it\/#\/schema\/logo\/image\/\"}}]}<\/script>\n<!-- \/ Yoast SEO plugin. -->","yoast_head_json":{"title":"GA.MA GP Phon IQ2 Perfetto Negro - dev6 Erresse","description":"La evoluci\u00f3n de una revoluci\u00f3n en el mundo de los secadores de pelo iQ2, el nuevo secador de pelo profesional de GAMA, es la nueva generaci\u00f3n del","robots":{"index":"noindex","follow":"follow","max-snippet":"max-snippet:-1","max-image-preview":"max-image-preview:large","max-video-preview":"max-video-preview:-1"},"og_locale":"es_ES","og_type":"article","og_title":"GA.MA GP Phon IQ2 Perfetto Negro - dev6 Erresse","og_description":"La evoluci\u00f3n de una revoluci\u00f3n en el mundo de los secadores de pelo iQ2, el nuevo secador de pelo profesional de GAMA, es la nueva generaci\u00f3n del","og_url":"https:\/\/dev6.erresse-shop.it\/es\/shop\/pequenos-electrodomesticos\/secadores-y-planchas-de-pelo\/ga-ma-gp-phon-iq2-perfetto-negro\/","og_site_name":"dev6 Erresse","og_image":[{"url":"https:\/\/interpim.erresse-shop.it\/Import\/Prodotti\/ga.ma-iq2.jpg","type":"","width":"","height":""},{"url":"https:\/\/interpim.erresse-shop.it\/Import\/Prodotti\/ga.ma-iq2.jpg","width":1024,"height":1024,"type":"image\/jpeg"}],"twitter_card":"summary_large_image","twitter_image":"https:\/\/interpim.erresse-shop.it\/Import\/Prodotti\/ga.ma-iq2.jpg","schema":{"@context":"https:\/\/schema.org","@graph":[{"@type":"WebPage","@id":"https:\/\/dev6.erresse-shop.it\/es\/shop\/pequenos-electrodomesticos\/secadores-y-planchas-de-pelo\/ga-ma-gp-phon-iq2-perfetto-negro\/","url":"https:\/\/dev6.erresse-shop.it\/es\/shop\/pequenos-electrodomesticos\/secadores-y-planchas-de-pelo\/ga-ma-gp-phon-iq2-perfetto-negro\/","name":"GA.MA GP Phon IQ2 Perfetto Negro - dev6 Erresse","isPartOf":{"@id":"https:\/\/dev6.erresse-shop.it\/#website"},"primaryImageOfPage":{"@id":"https:\/\/dev6.erresse-shop.it\/es\/shop\/pequenos-electrodomesticos\/secadores-y-planchas-de-pelo\/ga-ma-gp-phon-iq2-perfetto-negro\/#primaryimage"},"image":{"@id":"https:\/\/dev6.erresse-shop.it\/es\/shop\/pequenos-electrodomesticos\/secadores-y-planchas-de-pelo\/ga-ma-gp-phon-iq2-perfetto-negro\/#primaryimage"},"thumbnailUrl":"https:\/\/i1.wp.com\/interpim.erresse-shop.it\/Import\/Prodotti\/ga.ma-iq2.jpg?ssl=1","datePublished":"2026-04-12T08:36:52+00:00","description":"La evoluci\u00f3n de una revoluci\u00f3n en el mundo de los secadores de pelo iQ2, el nuevo secador de pelo profesional de GAMA, es la nueva generaci\u00f3n del","breadcrumb":{"@id":"https:\/\/dev6.erresse-shop.it\/es\/shop\/pequenos-electrodomesticos\/secadores-y-planchas-de-pelo\/ga-ma-gp-phon-iq2-perfetto-negro\/#breadcrumb"},"inLanguage":"es","potentialAction":[{"@type":"ReadAction","target":["https:\/\/dev6.erresse-shop.it\/es\/shop\/pequenos-electrodomesticos\/secadores-y-planchas-de-pelo\/ga-ma-gp-phon-iq2-perfetto-negro\/"]}]},{"@type":"ImageObject","inLanguage":"es","@id":"https:\/\/dev6.erresse-shop.it\/es\/shop\/pequenos-electrodomesticos\/secadores-y-planchas-de-pelo\/ga-ma-gp-phon-iq2-perfetto-negro\/#primaryimage","url":"https:\/\/i1.wp.com\/interpim.erresse-shop.it\/Import\/Prodotti\/ga.ma-iq2.jpg?ssl=1","contentUrl":"https:\/\/i1.wp.com\/interpim.erresse-shop.it\/Import\/Prodotti\/ga.ma-iq2.jpg?ssl=1"},{"@type":"BreadcrumbList","@id":"https:\/\/dev6.erresse-shop.it\/es\/shop\/pequenos-electrodomesticos\/secadores-y-planchas-de-pelo\/ga-ma-gp-phon-iq2-perfetto-negro\/#breadcrumb","itemListElement":[{"@type":"ListItem","position":1,"name":"Home","item":"https:\/\/dev6.erresse-shop.it\/"},{"@type":"ListItem","position":2,"name":"Tienda","item":"https:\/\/dev6.erresse-shop.it\/shop\/"},{"@type":"ListItem","position":3,"name":"GA.MA GP Phon IQ2 Perfetto Negro"}]},{"@type":"WebSite","@id":"https:\/\/dev6.erresse-shop.it\/#website","url":"https:\/\/dev6.erresse-shop.it\/","name":"Erresse Shop","description":"","publisher":{"@id":"https:\/\/dev6.erresse-shop.it\/#organization"},"potentialAction":[{"@type":"SearchAction","target":{"@type":"EntryPoint","urlTemplate":"https:\/\/dev6.erresse-shop.it\/?s={search_term_string}"},"query-input":{"@type":"PropertyValueSpecification","valueRequired":true,"valueName":"search_term_string"}}],"inLanguage":"es"},{"@type":"Organization","@id":"https:\/\/dev6.erresse-shop.it\/#organization","name":"Erresse Shop","url":"https:\/\/dev6.erresse-shop.it\/","logo":{"@type":"ImageObject","inLanguage":"es","@id":"https:\/\/dev6.erresse-shop.it\/#\/schema\/logo\/image\/","url":"https:\/\/dev6.erresse-shop.it\/wp-content\/uploads\/2025\/01\/LOGO-ERRESSE-CLASSICO.svg","contentUrl":"https:\/\/dev6.erresse-shop.it\/wp-content\/uploads\/2025\/01\/LOGO-ERRESSE-CLASSICO.svg","caption":"Erresse Shop"},"image":{"@id":"https:\/\/dev6.erresse-shop.it\/#\/schema\/logo\/image\/"}}]}},"df_price":249,"df_sale_price":249,"df_regular_price":329.9,"df_image_link":"https:\/\/i1.wp.com\/interpim.erresse-shop.it\/Import\/Prodotti\/ga.ma-iq2.jpg?resize=300,300&ssl=1","fifu_image_url":"https:\/\/interpim.erresse-shop.it\/Import\/Prodotti\/ga.ma-iq2.jpg","_links":{"self":[{"href":"https:\/\/dev6.erresse-shop.it\/es\/wp-json\/wp\/v2\/product\/1880876","targetHints":{"allow":["GET"]}}],"collection":[{"href":"https:\/\/dev6.erresse-shop.it\/es\/wp-json\/wp\/v2\/product"}],"about":[{"href":"https:\/\/dev6.erresse-shop.it\/es\/wp-json\/wp\/v2\/types\/product"}],"wp:featuredmedia":[{"embeddable":true,"href":"https:\/\/dev6.erresse-shop.it\/es\/wp-json\/wp\/v2\/media\/6366921"}],"wp:attachment":[{"href":"https:\/\/dev6.erresse-shop.it\/es\/wp-json\/wp\/v2\/media?parent=1880876"}],"wp:term":[{"taxonomy":"product_cat","embeddable":true,"href":"https:\/\/dev6.erresse-shop.it\/es\/wp-json\/wp\/v2\/product_cat?post=1880876"},{"taxonomy":"product_tag","embeddable":true,"href":"https:\/\/dev6.erresse-shop.it\/es\/wp-json\/wp\/v2\/product_tag?post=1880876"}],"curies":[{"name":"wp","href":"https:\/\/api.w.org\/{rel}","templated":true}]}}