{"id":1880872,"date":"2026-04-12T10:36:52","date_gmt":"2026-04-12T08:36:52","guid":{"rendered":"https:\/\/dev6.erresse-shop.it\/shop\/sin%20categor\u00eda\/ga-ma-gp-phon-iq1-perfetto-negro\/"},"modified":"2025-09-14T08:55:47","modified_gmt":"2025-09-14T06:55:47","slug":"ga-ma-gp-phon-iq1-perfetto-negro","status":"publish","type":"product","link":"https:\/\/dev6.erresse-shop.it\/es\/shop\/pequenos-electrodomesticos\/secadores-y-planchas-de-pelo\/ga-ma-gp-phon-iq1-perfetto-negro\/","title":{"rendered":"GA.MA GP Phon IQ1 Perfetto Negro"},"content":{"rendered":"<p>iQ1 Perfetto es la primera evoluci\u00f3n del secador de pelo profesional tan ligero como un smartphone. Compacto, ergon\u00f3mico, revolucionario. Ahora con doble filtro lavable para facilitar la limpieza y alargar la vida del secador.<\/p>\n<p>IQ1 SECADOR DE PELO PERFECTO<\/p>\n<p>El iQ1 es la primera evoluci\u00f3n de la l\u00ednea de secadores de pelo profesionales iQ Perfect. Con un peso de s\u00f3lo 294 gramos, es ergon\u00f3mico y compacto para satisfacer las necesidades diarias de los profesionales.<\/p>\n<p>Al igual que su predecesor, est\u00e1 dise\u00f1ado con un motor que alcanza una velocidad de 110.000 rpm, lo que permite secar el cabello m\u00e1s r\u00e1pido que la media de secadores profesionales del mercado.<\/p>\n<p>En comparaci\u00f3n con su predecesor, est\u00e1 equipado con los innovadores filtros dobles microperforados, extra\u00edbles y lavables que garantizan una mayor duraci\u00f3n del motor, evitando que las part\u00edculas de suciedad se depositen en el motor y lleguen al cuero cabelludo.<\/p>\n<p>La tecnolog\u00eda Auto-Clean permite una autolimpieza profunda del filtro, gracias a la rotaci\u00f3n de la turbina del motor en sentido contrario. La emisi\u00f3n de Ox\u00edgeno Activo proporciona al cabello bienestar, brillo y color duradero, gracias a su acci\u00f3n como potente antibacteriano que protege el cuero cabelludo y permite adem\u00e1s una mejor fijaci\u00f3n del color. El Efecto Venturi multiplica el caudal de aire emitido por el motor del iQ1, sin utilizar potencia extra.<\/p>\n<p>Tambi\u00e9n puedes memorizar la velocidad y la temperatura deseadas gracias a la tecnolog\u00eda Memory Function. Todas las funciones del secador se gestionan f\u00e1cilmente desde su pantalla LED. iQ1 es la soluci\u00f3n a los deseos de cualquier peluquero.<\/p>\n<p>Soporte dedicado de la l\u00ednea iQ<br \/>\nProfesional S\u00ed<br \/>\nEfecto deseado Antiencrespamiento, Brillo<br \/>\nTecnolog\u00eda Oxy-Active<br \/>\nPotencia 1600 W<br \/>\nMotor sin escobillas<br \/>\nVelocidad del motor 110.000 rpm<br \/>\nPantalla LED<br \/>\nTemperatura 4<br \/>\nVelocidad 3<br \/>\nSoplado de aire fr\u00edo S\u00ed<br \/>\nFiltro extra\u00edble S\u00ed<br \/>\nLongitud del cable 3,00 m<br \/>\nAccesorios incluidos 2 Boquillas profesionales, Difusor<br \/>\nPeso sin cable 294 g<br \/>\nNivel de ruido 78 dB<br \/>\nCaudal de aire 74 m3\/H<br \/>\nPresi\u00f3n 650 mmH2O<br \/>\nColor Negro<br \/>\nRango de voltaje 220-240V~<\/p>\n<p>Enchufe: EU<br \/>\nNo se vende fuera de Europa<\/p>\n","protected":false},"excerpt":{"rendered":"<p>iQ1 Perfetto es la primera evoluci\u00f3n del secador de pelo profesional tan ligero como un smartphone. Compacto, ergon\u00f3mico, revolucionario. Ahora con doble filtro lavable para facilitar la limpieza y alargar la vida del secador. IQ1 SECADOR DE PELO PERFECTO El iQ1 es la primera evoluci\u00f3n de la l\u00ednea de secadores de pelo profesionales iQ Perfect. [&hellip;]<\/p>\n","protected":false},"featured_media":6366911,"template":"","meta":{"_acf_changed":false},"product_cat":[11947,11984],"product_tag":[],"class_list":{"0":"post-1880872","1":"product","2":"type-product","3":"status-publish","4":"has-post-thumbnail","6":"product_cat-pequenos-electrodomesticos","7":"product_cat-secadores-y-planchas-de-pelo","9":"first","10":"instock","11":"sale","12":"taxable","13":"shipping-taxable","14":"purchasable","15":"product-type-simple","swatches":"rey-swatches","show_selected":"","stretch_labels":"rey-swatches--stretch-labels"},"acf":[],"yoast_head":"<!-- This site is optimized with the Yoast SEO plugin v25.4 - https:\/\/yoast.com\/wordpress\/plugins\/seo\/ -->\n<title>GA.MA GP Phon IQ1 Perfetto Negro - dev6 Erresse<\/title>\n<meta name=\"description\" content=\"iQ1 Perfetto es la primera evoluci\u00f3n del secador de pelo profesional tan ligero como un smartphone. Compacto, ergon\u00f3mico, revolucionario. Ahora con doble\" \/>\n<meta name=\"robots\" content=\"noindex, follow, max-snippet:-1, max-image-preview:large, max-video-preview:-1\" \/>\n<meta property=\"og:locale\" content=\"es_ES\" \/>\n<meta property=\"og:type\" content=\"article\" \/>\n<meta property=\"og:title\" content=\"GA.MA GP Phon IQ1 Perfetto Negro - dev6 Erresse\" \/>\n<meta property=\"og:description\" content=\"iQ1 Perfetto es la primera evoluci\u00f3n del secador de pelo profesional tan ligero como un smartphone. Compacto, ergon\u00f3mico, revolucionario. Ahora con doble\" \/>\n<meta property=\"og:url\" content=\"https:\/\/dev6.erresse-shop.it\/es\/shop\/pequenos-electrodomesticos\/secadores-y-planchas-de-pelo\/ga-ma-gp-phon-iq1-perfetto-negro\/\" \/>\n<meta property=\"og:site_name\" content=\"dev6 Erresse\" \/>\n<meta property=\"og:image\" content=\"https:\/\/interpim.erresse-shop.it\/Import\/Prodotti\/ga.ma-iq1-nero.jpg\" \/><meta property=\"og:image\" content=\"https:\/\/interpim.erresse-shop.it\/Import\/Prodotti\/ga.ma-iq1-nero.jpg\" \/>\n\t<meta property=\"og:image:width\" content=\"1024\" \/>\n\t<meta property=\"og:image:height\" content=\"1024\" \/>\n\t<meta property=\"og:image:type\" content=\"image\/jpeg\" \/>\n<meta name=\"twitter:card\" content=\"summary_large_image\" \/>\n<meta name=\"twitter:image\" content=\"https:\/\/interpim.erresse-shop.it\/Import\/Prodotti\/ga.ma-iq1-nero.jpg\" \/>\n<script type=\"application\/ld+json\" class=\"yoast-schema-graph\">{\"@context\":\"https:\/\/schema.org\",\"@graph\":[{\"@type\":\"WebPage\",\"@id\":\"https:\/\/dev6.erresse-shop.it\/es\/shop\/pequenos-electrodomesticos\/secadores-y-planchas-de-pelo\/ga-ma-gp-phon-iq1-perfetto-negro\/\",\"url\":\"https:\/\/dev6.erresse-shop.it\/es\/shop\/pequenos-electrodomesticos\/secadores-y-planchas-de-pelo\/ga-ma-gp-phon-iq1-perfetto-negro\/\",\"name\":\"GA.MA GP Phon IQ1 Perfetto Negro - dev6 Erresse\",\"isPartOf\":{\"@id\":\"https:\/\/dev6.erresse-shop.it\/#website\"},\"primaryImageOfPage\":{\"@id\":\"https:\/\/dev6.erresse-shop.it\/es\/shop\/pequenos-electrodomesticos\/secadores-y-planchas-de-pelo\/ga-ma-gp-phon-iq1-perfetto-negro\/#primaryimage\"},\"image\":{\"@id\":\"https:\/\/dev6.erresse-shop.it\/es\/shop\/pequenos-electrodomesticos\/secadores-y-planchas-de-pelo\/ga-ma-gp-phon-iq1-perfetto-negro\/#primaryimage\"},\"thumbnailUrl\":\"https:\/\/i0.wp.com\/interpim.erresse-shop.it\/Import\/Prodotti\/ga.ma-iq1-nero.jpg?ssl=1\",\"datePublished\":\"2026-04-12T08:36:52+00:00\",\"description\":\"iQ1 Perfetto es la primera evoluci\u00f3n del secador de pelo profesional tan ligero como un smartphone. Compacto, ergon\u00f3mico, revolucionario. Ahora con doble\",\"breadcrumb\":{\"@id\":\"https:\/\/dev6.erresse-shop.it\/es\/shop\/pequenos-electrodomesticos\/secadores-y-planchas-de-pelo\/ga-ma-gp-phon-iq1-perfetto-negro\/#breadcrumb\"},\"inLanguage\":\"es\",\"potentialAction\":[{\"@type\":\"ReadAction\",\"target\":[\"https:\/\/dev6.erresse-shop.it\/es\/shop\/pequenos-electrodomesticos\/secadores-y-planchas-de-pelo\/ga-ma-gp-phon-iq1-perfetto-negro\/\"]}]},{\"@type\":\"ImageObject\",\"inLanguage\":\"es\",\"@id\":\"https:\/\/dev6.erresse-shop.it\/es\/shop\/pequenos-electrodomesticos\/secadores-y-planchas-de-pelo\/ga-ma-gp-phon-iq1-perfetto-negro\/#primaryimage\",\"url\":\"https:\/\/i0.wp.com\/interpim.erresse-shop.it\/Import\/Prodotti\/ga.ma-iq1-nero.jpg?ssl=1\",\"contentUrl\":\"https:\/\/i0.wp.com\/interpim.erresse-shop.it\/Import\/Prodotti\/ga.ma-iq1-nero.jpg?ssl=1\"},{\"@type\":\"BreadcrumbList\",\"@id\":\"https:\/\/dev6.erresse-shop.it\/es\/shop\/pequenos-electrodomesticos\/secadores-y-planchas-de-pelo\/ga-ma-gp-phon-iq1-perfetto-negro\/#breadcrumb\",\"itemListElement\":[{\"@type\":\"ListItem\",\"position\":1,\"name\":\"Home\",\"item\":\"https:\/\/dev6.erresse-shop.it\/\"},{\"@type\":\"ListItem\",\"position\":2,\"name\":\"Tienda\",\"item\":\"https:\/\/dev6.erresse-shop.it\/shop\/\"},{\"@type\":\"ListItem\",\"position\":3,\"name\":\"GA.MA GP Phon IQ1 Perfetto Negro\"}]},{\"@type\":\"WebSite\",\"@id\":\"https:\/\/dev6.erresse-shop.it\/#website\",\"url\":\"https:\/\/dev6.erresse-shop.it\/\",\"name\":\"Erresse Shop\",\"description\":\"\",\"publisher\":{\"@id\":\"https:\/\/dev6.erresse-shop.it\/#organization\"},\"potentialAction\":[{\"@type\":\"SearchAction\",\"target\":{\"@type\":\"EntryPoint\",\"urlTemplate\":\"https:\/\/dev6.erresse-shop.it\/?s={search_term_string}\"},\"query-input\":{\"@type\":\"PropertyValueSpecification\",\"valueRequired\":true,\"valueName\":\"search_term_string\"}}],\"inLanguage\":\"es\"},{\"@type\":\"Organization\",\"@id\":\"https:\/\/dev6.erresse-shop.it\/#organization\",\"name\":\"Erresse Shop\",\"url\":\"https:\/\/dev6.erresse-shop.it\/\",\"logo\":{\"@type\":\"ImageObject\",\"inLanguage\":\"es\",\"@id\":\"https:\/\/dev6.erresse-shop.it\/#\/schema\/logo\/image\/\",\"url\":\"https:\/\/dev6.erresse-shop.it\/wp-content\/uploads\/2025\/01\/LOGO-ERRESSE-CLASSICO.svg\",\"contentUrl\":\"https:\/\/dev6.erresse-shop.it\/wp-content\/uploads\/2025\/01\/LOGO-ERRESSE-CLASSICO.svg\",\"caption\":\"Erresse Shop\"},\"image\":{\"@id\":\"https:\/\/dev6.erresse-shop.it\/#\/schema\/logo\/image\/\"}}]}<\/script>\n<!-- \/ Yoast SEO plugin. -->","yoast_head_json":{"title":"GA.MA GP Phon IQ1 Perfetto Negro - dev6 Erresse","description":"iQ1 Perfetto es la primera evoluci\u00f3n del secador de pelo profesional tan ligero como un smartphone. Compacto, ergon\u00f3mico, revolucionario. Ahora con doble","robots":{"index":"noindex","follow":"follow","max-snippet":"max-snippet:-1","max-image-preview":"max-image-preview:large","max-video-preview":"max-video-preview:-1"},"og_locale":"es_ES","og_type":"article","og_title":"GA.MA GP Phon IQ1 Perfetto Negro - dev6 Erresse","og_description":"iQ1 Perfetto es la primera evoluci\u00f3n del secador de pelo profesional tan ligero como un smartphone. Compacto, ergon\u00f3mico, revolucionario. Ahora con doble","og_url":"https:\/\/dev6.erresse-shop.it\/es\/shop\/pequenos-electrodomesticos\/secadores-y-planchas-de-pelo\/ga-ma-gp-phon-iq1-perfetto-negro\/","og_site_name":"dev6 Erresse","og_image":[{"url":"https:\/\/interpim.erresse-shop.it\/Import\/Prodotti\/ga.ma-iq1-nero.jpg","type":"","width":"","height":""},{"url":"https:\/\/interpim.erresse-shop.it\/Import\/Prodotti\/ga.ma-iq1-nero.jpg","width":1024,"height":1024,"type":"image\/jpeg"}],"twitter_card":"summary_large_image","twitter_image":"https:\/\/interpim.erresse-shop.it\/Import\/Prodotti\/ga.ma-iq1-nero.jpg","schema":{"@context":"https:\/\/schema.org","@graph":[{"@type":"WebPage","@id":"https:\/\/dev6.erresse-shop.it\/es\/shop\/pequenos-electrodomesticos\/secadores-y-planchas-de-pelo\/ga-ma-gp-phon-iq1-perfetto-negro\/","url":"https:\/\/dev6.erresse-shop.it\/es\/shop\/pequenos-electrodomesticos\/secadores-y-planchas-de-pelo\/ga-ma-gp-phon-iq1-perfetto-negro\/","name":"GA.MA GP Phon IQ1 Perfetto Negro - dev6 Erresse","isPartOf":{"@id":"https:\/\/dev6.erresse-shop.it\/#website"},"primaryImageOfPage":{"@id":"https:\/\/dev6.erresse-shop.it\/es\/shop\/pequenos-electrodomesticos\/secadores-y-planchas-de-pelo\/ga-ma-gp-phon-iq1-perfetto-negro\/#primaryimage"},"image":{"@id":"https:\/\/dev6.erresse-shop.it\/es\/shop\/pequenos-electrodomesticos\/secadores-y-planchas-de-pelo\/ga-ma-gp-phon-iq1-perfetto-negro\/#primaryimage"},"thumbnailUrl":"https:\/\/i0.wp.com\/interpim.erresse-shop.it\/Import\/Prodotti\/ga.ma-iq1-nero.jpg?ssl=1","datePublished":"2026-04-12T08:36:52+00:00","description":"iQ1 Perfetto es la primera evoluci\u00f3n del secador de pelo profesional tan ligero como un smartphone. Compacto, ergon\u00f3mico, revolucionario. Ahora con doble","breadcrumb":{"@id":"https:\/\/dev6.erresse-shop.it\/es\/shop\/pequenos-electrodomesticos\/secadores-y-planchas-de-pelo\/ga-ma-gp-phon-iq1-perfetto-negro\/#breadcrumb"},"inLanguage":"es","potentialAction":[{"@type":"ReadAction","target":["https:\/\/dev6.erresse-shop.it\/es\/shop\/pequenos-electrodomesticos\/secadores-y-planchas-de-pelo\/ga-ma-gp-phon-iq1-perfetto-negro\/"]}]},{"@type":"ImageObject","inLanguage":"es","@id":"https:\/\/dev6.erresse-shop.it\/es\/shop\/pequenos-electrodomesticos\/secadores-y-planchas-de-pelo\/ga-ma-gp-phon-iq1-perfetto-negro\/#primaryimage","url":"https:\/\/i0.wp.com\/interpim.erresse-shop.it\/Import\/Prodotti\/ga.ma-iq1-nero.jpg?ssl=1","contentUrl":"https:\/\/i0.wp.com\/interpim.erresse-shop.it\/Import\/Prodotti\/ga.ma-iq1-nero.jpg?ssl=1"},{"@type":"BreadcrumbList","@id":"https:\/\/dev6.erresse-shop.it\/es\/shop\/pequenos-electrodomesticos\/secadores-y-planchas-de-pelo\/ga-ma-gp-phon-iq1-perfetto-negro\/#breadcrumb","itemListElement":[{"@type":"ListItem","position":1,"name":"Home","item":"https:\/\/dev6.erresse-shop.it\/"},{"@type":"ListItem","position":2,"name":"Tienda","item":"https:\/\/dev6.erresse-shop.it\/shop\/"},{"@type":"ListItem","position":3,"name":"GA.MA GP Phon IQ1 Perfetto Negro"}]},{"@type":"WebSite","@id":"https:\/\/dev6.erresse-shop.it\/#website","url":"https:\/\/dev6.erresse-shop.it\/","name":"Erresse Shop","description":"","publisher":{"@id":"https:\/\/dev6.erresse-shop.it\/#organization"},"potentialAction":[{"@type":"SearchAction","target":{"@type":"EntryPoint","urlTemplate":"https:\/\/dev6.erresse-shop.it\/?s={search_term_string}"},"query-input":{"@type":"PropertyValueSpecification","valueRequired":true,"valueName":"search_term_string"}}],"inLanguage":"es"},{"@type":"Organization","@id":"https:\/\/dev6.erresse-shop.it\/#organization","name":"Erresse Shop","url":"https:\/\/dev6.erresse-shop.it\/","logo":{"@type":"ImageObject","inLanguage":"es","@id":"https:\/\/dev6.erresse-shop.it\/#\/schema\/logo\/image\/","url":"https:\/\/dev6.erresse-shop.it\/wp-content\/uploads\/2025\/01\/LOGO-ERRESSE-CLASSICO.svg","contentUrl":"https:\/\/dev6.erresse-shop.it\/wp-content\/uploads\/2025\/01\/LOGO-ERRESSE-CLASSICO.svg","caption":"Erresse Shop"},"image":{"@id":"https:\/\/dev6.erresse-shop.it\/#\/schema\/logo\/image\/"}}]}},"df_price":179,"df_sale_price":179,"df_regular_price":229.9,"df_image_link":"https:\/\/i0.wp.com\/interpim.erresse-shop.it\/Import\/Prodotti\/ga.ma-iq1-nero.jpg?resize=300,300&ssl=1","fifu_image_url":"https:\/\/interpim.erresse-shop.it\/Import\/Prodotti\/ga.ma-iq1-nero.jpg","_links":{"self":[{"href":"https:\/\/dev6.erresse-shop.it\/es\/wp-json\/wp\/v2\/product\/1880872","targetHints":{"allow":["GET"]}}],"collection":[{"href":"https:\/\/dev6.erresse-shop.it\/es\/wp-json\/wp\/v2\/product"}],"about":[{"href":"https:\/\/dev6.erresse-shop.it\/es\/wp-json\/wp\/v2\/types\/product"}],"wp:featuredmedia":[{"embeddable":true,"href":"https:\/\/dev6.erresse-shop.it\/es\/wp-json\/wp\/v2\/media\/6366911"}],"wp:attachment":[{"href":"https:\/\/dev6.erresse-shop.it\/es\/wp-json\/wp\/v2\/media?parent=1880872"}],"wp:term":[{"taxonomy":"product_cat","embeddable":true,"href":"https:\/\/dev6.erresse-shop.it\/es\/wp-json\/wp\/v2\/product_cat?post=1880872"},{"taxonomy":"product_tag","embeddable":true,"href":"https:\/\/dev6.erresse-shop.it\/es\/wp-json\/wp\/v2\/product_tag?post=1880872"}],"curies":[{"name":"wp","href":"https:\/\/api.w.org\/{rel}","templated":true}]}}