{"id":1880842,"date":"2026-04-12T10:35:02","date_gmt":"2026-04-12T08:35:02","guid":{"rendered":"https:\/\/dev6.erresse-shop.it\/shop\/sin%20categor\u00eda\/boska-pala-pequena-para-pizza\/"},"modified":"2025-09-14T08:54:50","modified_gmt":"2025-09-14T06:54:50","slug":"boska-pala-pequena-para-pizza","status":"publish","type":"product","link":"https:\/\/dev6.erresse-shop.it\/es\/shop\/pequenos-electrodomesticos\/hornos\/boska-pala-pequena-para-pizza\/","title":{"rendered":"BOSKA Pala Peque\u00f1a Para Pizza"},"content":{"rendered":"<p>Saque con seguridad su pizza casera del horno o de la barbacoa con esta pr\u00e1ctica pala para pizza. Este elegante utensilio para pizza est\u00e1 fabricado en aluminio de alta calidad y madera de roble. El mango \u00fanico ofrece un agarre estable. Tambi\u00e9n es \u00fatil para hornear pizzas o pan sin hornear. \u00a1Disfrute de su comida!<\/p>\n<p>Pala de pizza para barbacoa u horno (para pizza).<\/p>\n<p>Si\u00e9ntase como un aut\u00e9ntico pizzero con esta pr\u00e1ctica pala para pizza. La propia pala est\u00e1 fabricada en aluminio de alta calidad. Adecuada para pizzas de hasta 30 cm de di\u00e1metro. Con esta pala para pizza obtendr\u00e1 un aut\u00e9ntico ganador de premios. La pala para pizza ha sido galardonada con el Red Dot Design Award.<\/p>\n<p>Pala para pizza con mango de madera<\/p>\n<p>El mango patentado de esta pala para pizza es de madera de roble y tiene forma de pala de jard\u00edn. Es estable y perfecta para utilizarla con una sola mano, ya que el mango descansa contra el brazo durante su uso. Despu\u00e9s de usarla, cuelgue la pala a la vista del propio mango o del cord\u00f3n de cuero.<\/p>\n<p>Perfecta para la hosteler\u00eda y el hogar.<\/p>\n<p>Esta pala para pizza es adecuada para los amantes de la pizza que quieran trabajar en casa, pero tambi\u00e9n es perfecta para su uso en el sector de la restauraci\u00f3n. Aseg\u00farese de lavarla a mano despu\u00e9s de usarla. As\u00ed podr\u00e1 preparar las pizzas m\u00e1s sabrosas durante a\u00f1os.<\/p>\n<p>Consejo de usuario: as\u00ed la pizza no se pega a la c\u00e1scara<\/p>\n<p>\u00bfVa a poner la pizza cruda en el horno o en la barbacoa (de piedra)? Entonces espolvorea primero una fina capa de harina sobre la pala para pizza BOSKA. De este modo, la pizza se desliza por la pala con facilidad y sin problemas.<\/p>\n<p>Perfecto como regalo<\/p>\n<p>\u00bfBusca un regalo original para el D\u00eda del Padre o de la Madre? \u00bfO un regalo para Navidad, una boda, San Valent\u00edn o un cumplea\u00f1os? Entonces no tendr\u00e1 que buscar m\u00e1s. La pala para pizza es el regalo perfecto para \u00e9l o ella. Algo completamente diferente a un vale regalo al uso, \u00bfno crees? Envu\u00e9lvela en papel de regalo y listo.<\/p>\n<p>Especificaciones t\u00e9cnicas<\/p>\n<p>Apta para: pizzas y pan (sin hornear)<br \/>\nApto para lavavajillas: no<br \/>\nGarant\u00eda: 10 a\u00f1os<br \/>\nColor: marr\u00f3n\/plata<br \/>\nMaterial: madera\/aluminio<br \/>\nTipo de madera: roble europeo<br \/>\nDimensiones del producto (mm): 760 x 300 x 30 mm<br \/>\nPeso del producto (kg): 0,8<br \/>\nTipo de embalaje: etiqueta<br \/>\nDimensiones del producto embalado (mm): 780 x 310 x 60 mm<br \/>\nPeso del producto embalado (kg): 1<\/p>\n","protected":false},"excerpt":{"rendered":"<p>Saque con seguridad su pizza casera del horno o de la barbacoa con esta pr\u00e1ctica pala para pizza. Este elegante utensilio para pizza est\u00e1 fabricado en aluminio de alta calidad y madera de roble. El mango \u00fanico ofrece un agarre estable. Tambi\u00e9n es \u00fatil para hornear pizzas o pan sin hornear. \u00a1Disfrute de su comida! [&hellip;]<\/p>\n","protected":false},"featured_media":6366778,"template":"","meta":{"_acf_changed":false},"product_cat":[11977,11947],"product_tag":[],"class_list":{"0":"post-1880842","1":"product","2":"type-product","3":"status-publish","4":"has-post-thumbnail","6":"product_cat-hornos","7":"product_cat-pequenos-electrodomesticos","9":"first","10":"instock","11":"taxable","12":"shipping-taxable","13":"purchasable","14":"product-type-simple","swatches":"rey-swatches","show_selected":"","stretch_labels":"rey-swatches--stretch-labels"},"acf":[],"yoast_head":"<!-- This site is optimized with the Yoast SEO plugin v25.4 - https:\/\/yoast.com\/wordpress\/plugins\/seo\/ -->\n<title>BOSKA Pala Peque\u00f1a Para Pizza - dev6 Erresse<\/title>\n<meta name=\"description\" content=\"Saque con seguridad su pizza casera del horno o de la barbacoa con esta pr\u00e1ctica pala para pizza. Este elegante utensilio para pizza est\u00e1 fabricado en\" \/>\n<meta name=\"robots\" content=\"noindex, follow, max-snippet:-1, max-image-preview:large, max-video-preview:-1\" \/>\n<meta property=\"og:locale\" content=\"es_ES\" \/>\n<meta property=\"og:type\" content=\"article\" \/>\n<meta property=\"og:title\" content=\"BOSKA Pala Peque\u00f1a Para Pizza - dev6 Erresse\" \/>\n<meta property=\"og:description\" content=\"Saque con seguridad su pizza casera del horno o de la barbacoa con esta pr\u00e1ctica pala para pizza. Este elegante utensilio para pizza est\u00e1 fabricado en\" \/>\n<meta property=\"og:url\" content=\"https:\/\/dev6.erresse-shop.it\/es\/shop\/pequenos-electrodomesticos\/hornos\/boska-pala-pequena-para-pizza\/\" \/>\n<meta property=\"og:site_name\" content=\"dev6 Erresse\" \/>\n<meta property=\"og:image\" content=\"https:\/\/interpim.erresse-shop.it\/Import\/Prodotti\/boska-pala-pizza.jpg\" \/><meta property=\"og:image\" content=\"https:\/\/interpim.erresse-shop.it\/Import\/Prodotti\/boska-pala-pizza.jpg\" \/>\n\t<meta property=\"og:image:width\" content=\"1024\" \/>\n\t<meta property=\"og:image:height\" content=\"1024\" \/>\n\t<meta property=\"og:image:type\" content=\"image\/jpeg\" \/>\n<meta name=\"twitter:card\" content=\"summary_large_image\" \/>\n<meta name=\"twitter:image\" content=\"https:\/\/interpim.erresse-shop.it\/Import\/Prodotti\/boska-pala-pizza.jpg\" \/>\n<script type=\"application\/ld+json\" class=\"yoast-schema-graph\">{\"@context\":\"https:\/\/schema.org\",\"@graph\":[{\"@type\":\"WebPage\",\"@id\":\"https:\/\/dev6.erresse-shop.it\/es\/shop\/pequenos-electrodomesticos\/hornos\/boska-pala-pequena-para-pizza\/\",\"url\":\"https:\/\/dev6.erresse-shop.it\/es\/shop\/pequenos-electrodomesticos\/hornos\/boska-pala-pequena-para-pizza\/\",\"name\":\"BOSKA Pala Peque\u00f1a Para Pizza - dev6 Erresse\",\"isPartOf\":{\"@id\":\"https:\/\/dev6.erresse-shop.it\/#website\"},\"primaryImageOfPage\":{\"@id\":\"https:\/\/dev6.erresse-shop.it\/es\/shop\/pequenos-electrodomesticos\/hornos\/boska-pala-pequena-para-pizza\/#primaryimage\"},\"image\":{\"@id\":\"https:\/\/dev6.erresse-shop.it\/es\/shop\/pequenos-electrodomesticos\/hornos\/boska-pala-pequena-para-pizza\/#primaryimage\"},\"thumbnailUrl\":\"https:\/\/i3.wp.com\/interpim.erresse-shop.it\/Import\/Prodotti\/boska-pala-pizza.jpg?ssl=1\",\"datePublished\":\"2026-04-12T08:35:02+00:00\",\"description\":\"Saque con seguridad su pizza casera del horno o de la barbacoa con esta pr\u00e1ctica pala para pizza. Este elegante utensilio para pizza est\u00e1 fabricado en\",\"breadcrumb\":{\"@id\":\"https:\/\/dev6.erresse-shop.it\/es\/shop\/pequenos-electrodomesticos\/hornos\/boska-pala-pequena-para-pizza\/#breadcrumb\"},\"inLanguage\":\"es\",\"potentialAction\":[{\"@type\":\"ReadAction\",\"target\":[\"https:\/\/dev6.erresse-shop.it\/es\/shop\/pequenos-electrodomesticos\/hornos\/boska-pala-pequena-para-pizza\/\"]}]},{\"@type\":\"ImageObject\",\"inLanguage\":\"es\",\"@id\":\"https:\/\/dev6.erresse-shop.it\/es\/shop\/pequenos-electrodomesticos\/hornos\/boska-pala-pequena-para-pizza\/#primaryimage\",\"url\":\"https:\/\/i3.wp.com\/interpim.erresse-shop.it\/Import\/Prodotti\/boska-pala-pizza.jpg?ssl=1\",\"contentUrl\":\"https:\/\/i3.wp.com\/interpim.erresse-shop.it\/Import\/Prodotti\/boska-pala-pizza.jpg?ssl=1\"},{\"@type\":\"BreadcrumbList\",\"@id\":\"https:\/\/dev6.erresse-shop.it\/es\/shop\/pequenos-electrodomesticos\/hornos\/boska-pala-pequena-para-pizza\/#breadcrumb\",\"itemListElement\":[{\"@type\":\"ListItem\",\"position\":1,\"name\":\"Home\",\"item\":\"https:\/\/dev6.erresse-shop.it\/\"},{\"@type\":\"ListItem\",\"position\":2,\"name\":\"Tienda\",\"item\":\"https:\/\/dev6.erresse-shop.it\/shop\/\"},{\"@type\":\"ListItem\",\"position\":3,\"name\":\"BOSKA Pala Peque\u00f1a Para Pizza\"}]},{\"@type\":\"WebSite\",\"@id\":\"https:\/\/dev6.erresse-shop.it\/#website\",\"url\":\"https:\/\/dev6.erresse-shop.it\/\",\"name\":\"Erresse Shop\",\"description\":\"\",\"publisher\":{\"@id\":\"https:\/\/dev6.erresse-shop.it\/#organization\"},\"potentialAction\":[{\"@type\":\"SearchAction\",\"target\":{\"@type\":\"EntryPoint\",\"urlTemplate\":\"https:\/\/dev6.erresse-shop.it\/?s={search_term_string}\"},\"query-input\":{\"@type\":\"PropertyValueSpecification\",\"valueRequired\":true,\"valueName\":\"search_term_string\"}}],\"inLanguage\":\"es\"},{\"@type\":\"Organization\",\"@id\":\"https:\/\/dev6.erresse-shop.it\/#organization\",\"name\":\"Erresse Shop\",\"url\":\"https:\/\/dev6.erresse-shop.it\/\",\"logo\":{\"@type\":\"ImageObject\",\"inLanguage\":\"es\",\"@id\":\"https:\/\/dev6.erresse-shop.it\/#\/schema\/logo\/image\/\",\"url\":\"https:\/\/dev6.erresse-shop.it\/wp-content\/uploads\/2025\/01\/LOGO-ERRESSE-CLASSICO.svg\",\"contentUrl\":\"https:\/\/dev6.erresse-shop.it\/wp-content\/uploads\/2025\/01\/LOGO-ERRESSE-CLASSICO.svg\",\"caption\":\"Erresse Shop\"},\"image\":{\"@id\":\"https:\/\/dev6.erresse-shop.it\/#\/schema\/logo\/image\/\"}}]}<\/script>\n<!-- \/ Yoast SEO plugin. -->","yoast_head_json":{"title":"BOSKA Pala Peque\u00f1a Para Pizza - dev6 Erresse","description":"Saque con seguridad su pizza casera del horno o de la barbacoa con esta pr\u00e1ctica pala para pizza. Este elegante utensilio para pizza est\u00e1 fabricado en","robots":{"index":"noindex","follow":"follow","max-snippet":"max-snippet:-1","max-image-preview":"max-image-preview:large","max-video-preview":"max-video-preview:-1"},"og_locale":"es_ES","og_type":"article","og_title":"BOSKA Pala Peque\u00f1a Para Pizza - dev6 Erresse","og_description":"Saque con seguridad su pizza casera del horno o de la barbacoa con esta pr\u00e1ctica pala para pizza. Este elegante utensilio para pizza est\u00e1 fabricado en","og_url":"https:\/\/dev6.erresse-shop.it\/es\/shop\/pequenos-electrodomesticos\/hornos\/boska-pala-pequena-para-pizza\/","og_site_name":"dev6 Erresse","og_image":[{"url":"https:\/\/interpim.erresse-shop.it\/Import\/Prodotti\/boska-pala-pizza.jpg","type":"","width":"","height":""},{"url":"https:\/\/interpim.erresse-shop.it\/Import\/Prodotti\/boska-pala-pizza.jpg","width":1024,"height":1024,"type":"image\/jpeg"}],"twitter_card":"summary_large_image","twitter_image":"https:\/\/interpim.erresse-shop.it\/Import\/Prodotti\/boska-pala-pizza.jpg","schema":{"@context":"https:\/\/schema.org","@graph":[{"@type":"WebPage","@id":"https:\/\/dev6.erresse-shop.it\/es\/shop\/pequenos-electrodomesticos\/hornos\/boska-pala-pequena-para-pizza\/","url":"https:\/\/dev6.erresse-shop.it\/es\/shop\/pequenos-electrodomesticos\/hornos\/boska-pala-pequena-para-pizza\/","name":"BOSKA Pala Peque\u00f1a Para Pizza - dev6 Erresse","isPartOf":{"@id":"https:\/\/dev6.erresse-shop.it\/#website"},"primaryImageOfPage":{"@id":"https:\/\/dev6.erresse-shop.it\/es\/shop\/pequenos-electrodomesticos\/hornos\/boska-pala-pequena-para-pizza\/#primaryimage"},"image":{"@id":"https:\/\/dev6.erresse-shop.it\/es\/shop\/pequenos-electrodomesticos\/hornos\/boska-pala-pequena-para-pizza\/#primaryimage"},"thumbnailUrl":"https:\/\/i3.wp.com\/interpim.erresse-shop.it\/Import\/Prodotti\/boska-pala-pizza.jpg?ssl=1","datePublished":"2026-04-12T08:35:02+00:00","description":"Saque con seguridad su pizza casera del horno o de la barbacoa con esta pr\u00e1ctica pala para pizza. Este elegante utensilio para pizza est\u00e1 fabricado en","breadcrumb":{"@id":"https:\/\/dev6.erresse-shop.it\/es\/shop\/pequenos-electrodomesticos\/hornos\/boska-pala-pequena-para-pizza\/#breadcrumb"},"inLanguage":"es","potentialAction":[{"@type":"ReadAction","target":["https:\/\/dev6.erresse-shop.it\/es\/shop\/pequenos-electrodomesticos\/hornos\/boska-pala-pequena-para-pizza\/"]}]},{"@type":"ImageObject","inLanguage":"es","@id":"https:\/\/dev6.erresse-shop.it\/es\/shop\/pequenos-electrodomesticos\/hornos\/boska-pala-pequena-para-pizza\/#primaryimage","url":"https:\/\/i3.wp.com\/interpim.erresse-shop.it\/Import\/Prodotti\/boska-pala-pizza.jpg?ssl=1","contentUrl":"https:\/\/i3.wp.com\/interpim.erresse-shop.it\/Import\/Prodotti\/boska-pala-pizza.jpg?ssl=1"},{"@type":"BreadcrumbList","@id":"https:\/\/dev6.erresse-shop.it\/es\/shop\/pequenos-electrodomesticos\/hornos\/boska-pala-pequena-para-pizza\/#breadcrumb","itemListElement":[{"@type":"ListItem","position":1,"name":"Home","item":"https:\/\/dev6.erresse-shop.it\/"},{"@type":"ListItem","position":2,"name":"Tienda","item":"https:\/\/dev6.erresse-shop.it\/shop\/"},{"@type":"ListItem","position":3,"name":"BOSKA Pala Peque\u00f1a Para Pizza"}]},{"@type":"WebSite","@id":"https:\/\/dev6.erresse-shop.it\/#website","url":"https:\/\/dev6.erresse-shop.it\/","name":"Erresse Shop","description":"","publisher":{"@id":"https:\/\/dev6.erresse-shop.it\/#organization"},"potentialAction":[{"@type":"SearchAction","target":{"@type":"EntryPoint","urlTemplate":"https:\/\/dev6.erresse-shop.it\/?s={search_term_string}"},"query-input":{"@type":"PropertyValueSpecification","valueRequired":true,"valueName":"search_term_string"}}],"inLanguage":"es"},{"@type":"Organization","@id":"https:\/\/dev6.erresse-shop.it\/#organization","name":"Erresse Shop","url":"https:\/\/dev6.erresse-shop.it\/","logo":{"@type":"ImageObject","inLanguage":"es","@id":"https:\/\/dev6.erresse-shop.it\/#\/schema\/logo\/image\/","url":"https:\/\/dev6.erresse-shop.it\/wp-content\/uploads\/2025\/01\/LOGO-ERRESSE-CLASSICO.svg","contentUrl":"https:\/\/dev6.erresse-shop.it\/wp-content\/uploads\/2025\/01\/LOGO-ERRESSE-CLASSICO.svg","caption":"Erresse Shop"},"image":{"@id":"https:\/\/dev6.erresse-shop.it\/#\/schema\/logo\/image\/"}}]}},"df_price":39,"df_sale_price":"","df_regular_price":39,"df_image_link":"https:\/\/i3.wp.com\/interpim.erresse-shop.it\/Import\/Prodotti\/boska-pala-pizza.jpg?resize=300,300&ssl=1","fifu_image_url":"https:\/\/interpim.erresse-shop.it\/Import\/Prodotti\/boska-pala-pizza.jpg","_links":{"self":[{"href":"https:\/\/dev6.erresse-shop.it\/es\/wp-json\/wp\/v2\/product\/1880842","targetHints":{"allow":["GET"]}}],"collection":[{"href":"https:\/\/dev6.erresse-shop.it\/es\/wp-json\/wp\/v2\/product"}],"about":[{"href":"https:\/\/dev6.erresse-shop.it\/es\/wp-json\/wp\/v2\/types\/product"}],"wp:featuredmedia":[{"embeddable":true,"href":"https:\/\/dev6.erresse-shop.it\/es\/wp-json\/wp\/v2\/media\/6366778"}],"wp:attachment":[{"href":"https:\/\/dev6.erresse-shop.it\/es\/wp-json\/wp\/v2\/media?parent=1880842"}],"wp:term":[{"taxonomy":"product_cat","embeddable":true,"href":"https:\/\/dev6.erresse-shop.it\/es\/wp-json\/wp\/v2\/product_cat?post=1880842"},{"taxonomy":"product_tag","embeddable":true,"href":"https:\/\/dev6.erresse-shop.it\/es\/wp-json\/wp\/v2\/product_tag?post=1880842"}],"curies":[{"name":"wp","href":"https:\/\/api.w.org\/{rel}","templated":true}]}}