{"id":1880836,"date":"2026-04-12T10:35:02","date_gmt":"2026-04-12T08:35:02","guid":{"rendered":"https:\/\/dev6.erresse-shop.it\/shop\/sin%20categor\u00eda\/shark-flexstyle-complete-set-secador-de-pelo-ottanio-edicion-limitada\/"},"modified":"2025-07-04T23:10:13","modified_gmt":"2025-07-04T21:10:13","slug":"shark-flexstyle-complete-set-secador-de-pelo-ottanio-edicion-limitada","status":"publish","type":"product","link":"https:\/\/dev6.erresse-shop.it\/es\/shop\/pequenos-electrodomesticos\/secadores-y-planchas-de-pelo\/shark-flexstyle-complete-set-secador-de-pelo-ottanio-edicion-limitada\/","title":{"rendered":"SHARK Flexstyle Complete Set Secador de pelo Ottanio Edici\u00f3n Limitada"},"content":{"rendered":"<p>A\u00f1ade un toque de glamour a tu rutina capilar con la edici\u00f3n limitada Shark FlexStyle en el inimitable tono verde azulado.<\/p>\n<p>Este set de regalo tambi\u00e9n incluye nuestros innovadores accesorios para peinar todo tipo de cabellos sin da\u00f1arlos con el calor.<\/p>\n<p>Cambia tu rutina, flexibiliza tu estilo: con un simple giro, Shark FlexStyle se transforma de potente secador de pelo a vers\u00e1til moldeador de aire 5 en 1.<\/p>\n<p>Riza, da volumen, alisa y seca con los 5 accesorios de styling:<\/p>\n<p>Accesorio de acabado FrizzFighter: atrae autom\u00e1ticamente el pelo, combate el encrespamiento y domestica los mechones rebeldes para un cabello incre\u00edblemente brillante y suave. Util\u00edzalo sobre el cabello seco para dar brillo sin da\u00f1arlo con el calor. Utiliza la tecnolog\u00eda Coanda, que aprovecha la fuerza de dos chorros de aire para atraer el cabello, eliminar el encrespamiento y domar los mechones rebeldes.<\/p>\n<p>Cilindros rizadores de aire (32 mm y 24 mm): cambia la forma de definir tus rizos. La tecnolog\u00eda Coanda utiliza la fuerza del aire para enrollar el cabello, rizarlo y fijar el peinado. Acerca el mech\u00f3n al cilindro y deja que el aire haga el resto: conseguir\u00e1s rizos perfectos en segundos.<\/p>\n<p>Cilindros de aire de 32 mm: perfectos para crear rizos m\u00e1s anchos en cabellos largos.<\/p>\n<p>Cilindros de aire de 24 mm: Ideales para crear rizos m\u00e1s marcados en cabellos cortos.<\/p>\n<p>Cepillo ovalado: Aporta elasticidad y volumen al peinado. La combinaci\u00f3n de cerdas de jabal\u00ed y pl\u00e1stico alisa y elimina el encrespamiento, aportando un nuevo brillo al cabello.<\/p>\n<p>Concentrador: cabello seco y peinado en un abrir y cerrar de ojos. Seca y alisa f\u00e1cilmente tu cabello con la boquilla concentradora giratoria para peinar sin esfuerzo desde todos los \u00e1ngulos.<\/p>\n<p>Este set de regalo tambi\u00e9n incluye pinzas de cocodrilo para dividir c\u00f3modamente el cabello en mechones durante el peinado, as\u00ed como un estuche protector perfecto para viajar y mantener tus accesorios ordenados.<\/p>\n<p>Seca y peina sin da\u00f1ar el calor: Shark FlexStyle mide la temperatura 1.000 veces por segundo para garantizar un calor uniforme sin da\u00f1ar el cabello.<\/p>\n<p>Sin calor extremo: seca y peina suavemente todo tipo de cabellos con 3 ajustes de calor y flujo de aire, para que siempre tengas todo el control.<\/p>\n<p>Secado r\u00e1pido: secador y moldeador de dise\u00f1o compacto y ligero que ofrece un alto rendimiento para un secado r\u00e1pido. Perfecto para acelerar tu rutina matutina.<\/p>\n<p>Resultados profesionales en casa: cabello m\u00e1s suave y brillante, con menos encrespamiento y mechones rebeldes*.<\/p>\n<p>Fija el peinado con el ajuste Cool Shot para un look que dura todo el d\u00eda.<\/p>\n<p>El pack incluye una pr\u00e1ctica gu\u00eda de peinado llena de consejos, trucos y sugerencias para ayudarte a conseguir resultados perfectos.<\/p>\n<p>Peinar y secar como nunca: con un peso inferior a 700 g, Shark FlexStyle es ligero y muy c\u00f3modo de usar. Su dise\u00f1o compacto lo hace perfecto incluso para viajar.<\/p>\n<p>Estamos impacientes por conocer tu opini\u00f3n: \u00a1echa un vistazo a los comentarios a continuaci\u00f3n!<\/p>\n<p>*Aire seco.<\/p>\n<p>FICHA T\u00c9CNICA:<\/p>\n<p>Peso del producto 0,7 kg<\/p>\n<p>Garant\u00eda 2 a\u00f1os<\/p>\n<p>Longitud del cable 2,5 m<\/p>\n<p>Tensi\u00f3n (V) 230 V<\/p>\n<p>CONTIENE:<\/p>\n<p>1 secador FlexStyle<\/p>\n<p>1 cepillo ovalado<\/p>\n<p>2 cilindros autom\u00e1ticos de 24 mm<\/p>\n<p>2 cilindros autom\u00e1ticos de 32 mm<\/p>\n<p>1 concentrador<\/p>\n<p>1 accesorio de acabado FrizzFighter<\/p>\n<p>1 estuche<\/p>\n<p>pinzas de cocodrilo<\/p>\n<p>Gu\u00eda de peinado<\/p>\n<p>Manual de instrucciones<\/p>\n<p>No a la venta fuera de Europa<\/p>\n","protected":false},"excerpt":{"rendered":"<p>A\u00f1ade un toque de glamour a tu rutina capilar con la edici\u00f3n limitada Shark FlexStyle en el inimitable tono verde azulado. Este set de regalo tambi\u00e9n incluye nuestros innovadores accesorios para peinar todo tipo de cabellos sin da\u00f1arlos con el calor. Cambia tu rutina, flexibiliza tu estilo: con un simple giro, Shark FlexStyle se transforma [&hellip;]<\/p>\n","protected":false},"featured_media":6366740,"template":"","meta":{"_acf_changed":false},"product_cat":[11947,11984],"product_tag":[],"class_list":{"0":"post-1880836","1":"product","2":"type-product","3":"status-publish","4":"has-post-thumbnail","6":"product_cat-pequenos-electrodomesticos","7":"product_cat-secadores-y-planchas-de-pelo","9":"first","10":"instock","11":"taxable","12":"shipping-taxable","13":"purchasable","14":"product-type-simple","swatches":"rey-swatches","show_selected":"","stretch_labels":"rey-swatches--stretch-labels"},"acf":[],"yoast_head":"<!-- This site is optimized with the Yoast SEO plugin v25.4 - https:\/\/yoast.com\/wordpress\/plugins\/seo\/ -->\n<title>SHARK Flexstyle Complete Set Secador de pelo Ottanio Edici\u00f3n Limitada - dev6 Erresse<\/title>\n<meta name=\"description\" content=\"A\u00f1ade un toque de glamour a tu rutina capilar con la edici\u00f3n limitada Shark FlexStyle en el inimitable tono verde azulado. Este set de regalo tambi\u00e9n\" \/>\n<meta name=\"robots\" content=\"noindex, follow, max-snippet:-1, max-image-preview:large, max-video-preview:-1\" \/>\n<meta property=\"og:locale\" content=\"es_ES\" \/>\n<meta property=\"og:type\" content=\"article\" \/>\n<meta property=\"og:title\" content=\"SHARK Flexstyle Complete Set Secador de pelo Ottanio Edici\u00f3n Limitada - dev6 Erresse\" \/>\n<meta property=\"og:description\" content=\"A\u00f1ade un toque de glamour a tu rutina capilar con la edici\u00f3n limitada Shark FlexStyle en el inimitable tono verde azulado. Este set de regalo tambi\u00e9n\" \/>\n<meta property=\"og:url\" content=\"https:\/\/dev6.erresse-shop.it\/es\/shop\/pequenos-electrodomesticos\/secadores-y-planchas-de-pelo\/shark-flexstyle-complete-set-secador-de-pelo-ottanio-edicion-limitada\/\" \/>\n<meta property=\"og:site_name\" content=\"dev6 Erresse\" \/>\n<meta property=\"og:image\" content=\"https:\/\/interpim.erresse-shop.it\/Import\/Prodotti\/shark-flexstyle-complete-set-asciugacapelli-ottanio-limited-edition.jpg\" \/><meta property=\"og:image\" content=\"https:\/\/interpim.erresse-shop.it\/Import\/Prodotti\/shark-flexstyle-complete-set-asciugacapelli-ottanio-limited-edition.jpg\" \/>\n\t<meta property=\"og:image:width\" content=\"1024\" \/>\n\t<meta property=\"og:image:height\" content=\"1024\" \/>\n\t<meta property=\"og:image:type\" content=\"image\/jpeg\" \/>\n<meta name=\"twitter:card\" content=\"summary_large_image\" \/>\n<meta name=\"twitter:image\" content=\"https:\/\/interpim.erresse-shop.it\/Import\/Prodotti\/shark-flexstyle-complete-set-asciugacapelli-ottanio-limited-edition.jpg\" \/>\n<script type=\"application\/ld+json\" class=\"yoast-schema-graph\">{\"@context\":\"https:\/\/schema.org\",\"@graph\":[{\"@type\":\"WebPage\",\"@id\":\"https:\/\/dev6.erresse-shop.it\/es\/shop\/pequenos-electrodomesticos\/secadores-y-planchas-de-pelo\/shark-flexstyle-complete-set-secador-de-pelo-ottanio-edicion-limitada\/\",\"url\":\"https:\/\/dev6.erresse-shop.it\/es\/shop\/pequenos-electrodomesticos\/secadores-y-planchas-de-pelo\/shark-flexstyle-complete-set-secador-de-pelo-ottanio-edicion-limitada\/\",\"name\":\"SHARK Flexstyle Complete Set Secador de pelo Ottanio Edici\u00f3n Limitada - dev6 Erresse\",\"isPartOf\":{\"@id\":\"https:\/\/dev6.erresse-shop.it\/#website\"},\"primaryImageOfPage\":{\"@id\":\"https:\/\/dev6.erresse-shop.it\/es\/shop\/pequenos-electrodomesticos\/secadores-y-planchas-de-pelo\/shark-flexstyle-complete-set-secador-de-pelo-ottanio-edicion-limitada\/#primaryimage\"},\"image\":{\"@id\":\"https:\/\/dev6.erresse-shop.it\/es\/shop\/pequenos-electrodomesticos\/secadores-y-planchas-de-pelo\/shark-flexstyle-complete-set-secador-de-pelo-ottanio-edicion-limitada\/#primaryimage\"},\"thumbnailUrl\":\"https:\/\/i3.wp.com\/interpim.erresse-shop.it\/Import\/Prodotti\/shark-flexstyle-complete-set-asciugacapelli-ottanio-limited-edition.jpg?ssl=1\",\"datePublished\":\"2026-04-12T08:35:02+00:00\",\"description\":\"A\u00f1ade un toque de glamour a tu rutina capilar con la edici\u00f3n limitada Shark FlexStyle en el inimitable tono verde azulado. Este set de regalo tambi\u00e9n\",\"breadcrumb\":{\"@id\":\"https:\/\/dev6.erresse-shop.it\/es\/shop\/pequenos-electrodomesticos\/secadores-y-planchas-de-pelo\/shark-flexstyle-complete-set-secador-de-pelo-ottanio-edicion-limitada\/#breadcrumb\"},\"inLanguage\":\"es\",\"potentialAction\":[{\"@type\":\"ReadAction\",\"target\":[\"https:\/\/dev6.erresse-shop.it\/es\/shop\/pequenos-electrodomesticos\/secadores-y-planchas-de-pelo\/shark-flexstyle-complete-set-secador-de-pelo-ottanio-edicion-limitada\/\"]}]},{\"@type\":\"ImageObject\",\"inLanguage\":\"es\",\"@id\":\"https:\/\/dev6.erresse-shop.it\/es\/shop\/pequenos-electrodomesticos\/secadores-y-planchas-de-pelo\/shark-flexstyle-complete-set-secador-de-pelo-ottanio-edicion-limitada\/#primaryimage\",\"url\":\"https:\/\/i3.wp.com\/interpim.erresse-shop.it\/Import\/Prodotti\/shark-flexstyle-complete-set-asciugacapelli-ottanio-limited-edition.jpg?ssl=1\",\"contentUrl\":\"https:\/\/i3.wp.com\/interpim.erresse-shop.it\/Import\/Prodotti\/shark-flexstyle-complete-set-asciugacapelli-ottanio-limited-edition.jpg?ssl=1\"},{\"@type\":\"BreadcrumbList\",\"@id\":\"https:\/\/dev6.erresse-shop.it\/es\/shop\/pequenos-electrodomesticos\/secadores-y-planchas-de-pelo\/shark-flexstyle-complete-set-secador-de-pelo-ottanio-edicion-limitada\/#breadcrumb\",\"itemListElement\":[{\"@type\":\"ListItem\",\"position\":1,\"name\":\"Home\",\"item\":\"https:\/\/dev6.erresse-shop.it\/\"},{\"@type\":\"ListItem\",\"position\":2,\"name\":\"Tienda\",\"item\":\"https:\/\/dev6.erresse-shop.it\/shop\/\"},{\"@type\":\"ListItem\",\"position\":3,\"name\":\"SHARK Flexstyle Complete Set Secador de pelo Ottanio Edici\u00f3n Limitada\"}]},{\"@type\":\"WebSite\",\"@id\":\"https:\/\/dev6.erresse-shop.it\/#website\",\"url\":\"https:\/\/dev6.erresse-shop.it\/\",\"name\":\"Erresse Shop\",\"description\":\"\",\"publisher\":{\"@id\":\"https:\/\/dev6.erresse-shop.it\/#organization\"},\"potentialAction\":[{\"@type\":\"SearchAction\",\"target\":{\"@type\":\"EntryPoint\",\"urlTemplate\":\"https:\/\/dev6.erresse-shop.it\/?s={search_term_string}\"},\"query-input\":{\"@type\":\"PropertyValueSpecification\",\"valueRequired\":true,\"valueName\":\"search_term_string\"}}],\"inLanguage\":\"es\"},{\"@type\":\"Organization\",\"@id\":\"https:\/\/dev6.erresse-shop.it\/#organization\",\"name\":\"Erresse Shop\",\"url\":\"https:\/\/dev6.erresse-shop.it\/\",\"logo\":{\"@type\":\"ImageObject\",\"inLanguage\":\"es\",\"@id\":\"https:\/\/dev6.erresse-shop.it\/#\/schema\/logo\/image\/\",\"url\":\"https:\/\/dev6.erresse-shop.it\/wp-content\/uploads\/2025\/01\/LOGO-ERRESSE-CLASSICO.svg\",\"contentUrl\":\"https:\/\/dev6.erresse-shop.it\/wp-content\/uploads\/2025\/01\/LOGO-ERRESSE-CLASSICO.svg\",\"caption\":\"Erresse Shop\"},\"image\":{\"@id\":\"https:\/\/dev6.erresse-shop.it\/#\/schema\/logo\/image\/\"}}]}<\/script>\n<!-- \/ Yoast SEO plugin. -->","yoast_head_json":{"title":"SHARK Flexstyle Complete Set Secador de pelo Ottanio Edici\u00f3n Limitada - dev6 Erresse","description":"A\u00f1ade un toque de glamour a tu rutina capilar con la edici\u00f3n limitada Shark FlexStyle en el inimitable tono verde azulado. Este set de regalo tambi\u00e9n","robots":{"index":"noindex","follow":"follow","max-snippet":"max-snippet:-1","max-image-preview":"max-image-preview:large","max-video-preview":"max-video-preview:-1"},"og_locale":"es_ES","og_type":"article","og_title":"SHARK Flexstyle Complete Set Secador de pelo Ottanio Edici\u00f3n Limitada - dev6 Erresse","og_description":"A\u00f1ade un toque de glamour a tu rutina capilar con la edici\u00f3n limitada Shark FlexStyle en el inimitable tono verde azulado. Este set de regalo tambi\u00e9n","og_url":"https:\/\/dev6.erresse-shop.it\/es\/shop\/pequenos-electrodomesticos\/secadores-y-planchas-de-pelo\/shark-flexstyle-complete-set-secador-de-pelo-ottanio-edicion-limitada\/","og_site_name":"dev6 Erresse","og_image":[{"url":"https:\/\/interpim.erresse-shop.it\/Import\/Prodotti\/shark-flexstyle-complete-set-asciugacapelli-ottanio-limited-edition.jpg","type":"","width":"","height":""},{"url":"https:\/\/interpim.erresse-shop.it\/Import\/Prodotti\/shark-flexstyle-complete-set-asciugacapelli-ottanio-limited-edition.jpg","width":1024,"height":1024,"type":"image\/jpeg"}],"twitter_card":"summary_large_image","twitter_image":"https:\/\/interpim.erresse-shop.it\/Import\/Prodotti\/shark-flexstyle-complete-set-asciugacapelli-ottanio-limited-edition.jpg","schema":{"@context":"https:\/\/schema.org","@graph":[{"@type":"WebPage","@id":"https:\/\/dev6.erresse-shop.it\/es\/shop\/pequenos-electrodomesticos\/secadores-y-planchas-de-pelo\/shark-flexstyle-complete-set-secador-de-pelo-ottanio-edicion-limitada\/","url":"https:\/\/dev6.erresse-shop.it\/es\/shop\/pequenos-electrodomesticos\/secadores-y-planchas-de-pelo\/shark-flexstyle-complete-set-secador-de-pelo-ottanio-edicion-limitada\/","name":"SHARK Flexstyle Complete Set Secador de pelo Ottanio Edici\u00f3n Limitada - dev6 Erresse","isPartOf":{"@id":"https:\/\/dev6.erresse-shop.it\/#website"},"primaryImageOfPage":{"@id":"https:\/\/dev6.erresse-shop.it\/es\/shop\/pequenos-electrodomesticos\/secadores-y-planchas-de-pelo\/shark-flexstyle-complete-set-secador-de-pelo-ottanio-edicion-limitada\/#primaryimage"},"image":{"@id":"https:\/\/dev6.erresse-shop.it\/es\/shop\/pequenos-electrodomesticos\/secadores-y-planchas-de-pelo\/shark-flexstyle-complete-set-secador-de-pelo-ottanio-edicion-limitada\/#primaryimage"},"thumbnailUrl":"https:\/\/i3.wp.com\/interpim.erresse-shop.it\/Import\/Prodotti\/shark-flexstyle-complete-set-asciugacapelli-ottanio-limited-edition.jpg?ssl=1","datePublished":"2026-04-12T08:35:02+00:00","description":"A\u00f1ade un toque de glamour a tu rutina capilar con la edici\u00f3n limitada Shark FlexStyle en el inimitable tono verde azulado. Este set de regalo tambi\u00e9n","breadcrumb":{"@id":"https:\/\/dev6.erresse-shop.it\/es\/shop\/pequenos-electrodomesticos\/secadores-y-planchas-de-pelo\/shark-flexstyle-complete-set-secador-de-pelo-ottanio-edicion-limitada\/#breadcrumb"},"inLanguage":"es","potentialAction":[{"@type":"ReadAction","target":["https:\/\/dev6.erresse-shop.it\/es\/shop\/pequenos-electrodomesticos\/secadores-y-planchas-de-pelo\/shark-flexstyle-complete-set-secador-de-pelo-ottanio-edicion-limitada\/"]}]},{"@type":"ImageObject","inLanguage":"es","@id":"https:\/\/dev6.erresse-shop.it\/es\/shop\/pequenos-electrodomesticos\/secadores-y-planchas-de-pelo\/shark-flexstyle-complete-set-secador-de-pelo-ottanio-edicion-limitada\/#primaryimage","url":"https:\/\/i3.wp.com\/interpim.erresse-shop.it\/Import\/Prodotti\/shark-flexstyle-complete-set-asciugacapelli-ottanio-limited-edition.jpg?ssl=1","contentUrl":"https:\/\/i3.wp.com\/interpim.erresse-shop.it\/Import\/Prodotti\/shark-flexstyle-complete-set-asciugacapelli-ottanio-limited-edition.jpg?ssl=1"},{"@type":"BreadcrumbList","@id":"https:\/\/dev6.erresse-shop.it\/es\/shop\/pequenos-electrodomesticos\/secadores-y-planchas-de-pelo\/shark-flexstyle-complete-set-secador-de-pelo-ottanio-edicion-limitada\/#breadcrumb","itemListElement":[{"@type":"ListItem","position":1,"name":"Home","item":"https:\/\/dev6.erresse-shop.it\/"},{"@type":"ListItem","position":2,"name":"Tienda","item":"https:\/\/dev6.erresse-shop.it\/shop\/"},{"@type":"ListItem","position":3,"name":"SHARK Flexstyle Complete Set Secador de pelo Ottanio Edici\u00f3n Limitada"}]},{"@type":"WebSite","@id":"https:\/\/dev6.erresse-shop.it\/#website","url":"https:\/\/dev6.erresse-shop.it\/","name":"Erresse Shop","description":"","publisher":{"@id":"https:\/\/dev6.erresse-shop.it\/#organization"},"potentialAction":[{"@type":"SearchAction","target":{"@type":"EntryPoint","urlTemplate":"https:\/\/dev6.erresse-shop.it\/?s={search_term_string}"},"query-input":{"@type":"PropertyValueSpecification","valueRequired":true,"valueName":"search_term_string"}}],"inLanguage":"es"},{"@type":"Organization","@id":"https:\/\/dev6.erresse-shop.it\/#organization","name":"Erresse Shop","url":"https:\/\/dev6.erresse-shop.it\/","logo":{"@type":"ImageObject","inLanguage":"es","@id":"https:\/\/dev6.erresse-shop.it\/#\/schema\/logo\/image\/","url":"https:\/\/dev6.erresse-shop.it\/wp-content\/uploads\/2025\/01\/LOGO-ERRESSE-CLASSICO.svg","contentUrl":"https:\/\/dev6.erresse-shop.it\/wp-content\/uploads\/2025\/01\/LOGO-ERRESSE-CLASSICO.svg","caption":"Erresse Shop"},"image":{"@id":"https:\/\/dev6.erresse-shop.it\/#\/schema\/logo\/image\/"}}]}},"df_price":299.99,"df_sale_price":"","df_regular_price":299.99,"df_image_link":"https:\/\/i3.wp.com\/interpim.erresse-shop.it\/Import\/Prodotti\/shark-flexstyle-complete-set-asciugacapelli-ottanio-limited-edition.jpg?resize=300,300&ssl=1","fifu_image_url":"https:\/\/interpim.erresse-shop.it\/Import\/Prodotti\/shark-flexstyle-complete-set-asciugacapelli-ottanio-limited-edition.jpg","_links":{"self":[{"href":"https:\/\/dev6.erresse-shop.it\/es\/wp-json\/wp\/v2\/product\/1880836","targetHints":{"allow":["GET"]}}],"collection":[{"href":"https:\/\/dev6.erresse-shop.it\/es\/wp-json\/wp\/v2\/product"}],"about":[{"href":"https:\/\/dev6.erresse-shop.it\/es\/wp-json\/wp\/v2\/types\/product"}],"wp:featuredmedia":[{"embeddable":true,"href":"https:\/\/dev6.erresse-shop.it\/es\/wp-json\/wp\/v2\/media\/6366740"}],"wp:attachment":[{"href":"https:\/\/dev6.erresse-shop.it\/es\/wp-json\/wp\/v2\/media?parent=1880836"}],"wp:term":[{"taxonomy":"product_cat","embeddable":true,"href":"https:\/\/dev6.erresse-shop.it\/es\/wp-json\/wp\/v2\/product_cat?post=1880836"},{"taxonomy":"product_tag","embeddable":true,"href":"https:\/\/dev6.erresse-shop.it\/es\/wp-json\/wp\/v2\/product_tag?post=1880836"}],"curies":[{"name":"wp","href":"https:\/\/api.w.org\/{rel}","templated":true}]}}