{"id":1880826,"date":"2026-04-12T10:35:02","date_gmt":"2026-04-12T08:35:02","guid":{"rendered":"https:\/\/dev6.erresse-shop.it\/shop\/sin%20categor\u00eda\/shark-aspirador-sin-cable-detect-pro\/"},"modified":"2025-07-04T23:09:48","modified_gmt":"2025-07-04T21:09:48","slug":"shark-aspirador-sin-cable-detect-pro","status":"publish","type":"product","link":"https:\/\/dev6.erresse-shop.it\/es\/shop\/pequenos-electrodomesticos\/aspiradoras\/shark-aspirador-sin-cable-detect-pro\/","title":{"rendered":"SHARK Aspirador sin cable Detect Pro"},"content":{"rendered":"<p>Presentamos Detect Pro, la gama de escobas el\u00e9ctricas m\u00e1s inteligente de Shark.<\/p>\n<p>La escoba el\u00e9ctrica sin cable m\u00e1s ligera para una limpieza en profundidad<\/p>\n<p>Recoge hasta un 50% m\u00e1s de suciedad*.<\/p>\n<p>Hasta la suciedad m\u00e1s dif\u00edcil<\/p>\n<p>25% m\u00e1s ligera**.<\/p>\n<p>Limpia en profundidad alfombras y suelos gracias a la tecnolog\u00eda del cabezal Anti Hair Wrap<\/p>\n<p>El palo flexible se dobla para limpiar incluso los rincones m\u00e1s dif\u00edciles de alcanzar<\/p>\n<p>Recoge hasta un 50% m\u00e1s de suciedad:<\/p>\n<p>Las 4 tecnolog\u00edas de limpieza en profundidad detectan y reaccionan en funci\u00f3n del entorno, desenterrando la suciedad oculta de tu hogar:<\/p>\n<p>DirtDetect: detecta la suciedad invisible y aumenta autom\u00e1ticamente la potencia de succi\u00f3n para una limpieza profunda de la alfombra.<\/p>\n<p>EdgeDetect: detecta los bordes y duplica la potencia de succi\u00f3n para una limpieza perfecta de bordes y esquinas.<\/p>\n<p>FloorDetect: detecta autom\u00e1ticamente el tipo de suelo y optimiza el rendimiento duplicando la velocidad del cepillo para una limpieza en profundidad de las alfombras.<\/p>\n<p>LightDetect: funciona en zonas con poca luz iluminando autom\u00e1ticamente los residuos y la suciedad ocultos.<\/p>\n<p>El Sello Completo Antial\u00e9rgenos captura el 99,9% del polvo, los al\u00e9rgenos y los irritantes2 en la escoba el\u00e9ctrica sin liberarlos en el hogar. Perfecto para quienes tienen mascotas o sufren alergias.<\/p>\n<p>Descubra la comodidad de tener hasta 60 minutos de autonom\u00eda3 y poder recargar la bater\u00eda extra\u00edble en cualquier lugar.<\/p>\n<p>Limpieza en profundidad de alfombras y suelos:<\/p>\n<p>El cepillo multisuperficies QuadClean limpia a fondo todo tipo de suelos, sin necesidad de sustituirlo.<\/p>\n<p>Su excepcional dise\u00f1o cuenta con una cubierta frontal elevada para hacer frente a grandes cantidades de suciedad, aletas para alfombras para levantar los residuos y el pelo de mascotas atrapado, un movimiento de acci\u00f3n profunda para extraer las part\u00edculas de suciedad m\u00e1s finas y microfibra suave para capturar el polvo.<\/p>\n<p>La tecnolog\u00eda Anti Hair Wrap retira el pelo y los pelos del cepillo durante la limpieza, evitando los molestos enredos \u2013 perfecto para los due\u00f1os de mascotas.<\/p>\n<p>Potente rendimiento, un 25% m\u00e1s ligera:<\/p>\n<p>El compacto motor turbo re\u00fane un potente rendimiento de limpieza en una escoba el\u00e9ctrica sin cable ligera y autovaciante.<\/p>\n<p>La pantalla LED muestra en tiempo real el estado de la bater\u00eda, la detecci\u00f3n de suciedad y el modo de funcionamiento.<\/p>\n<p>Limpieza en toda la casa:<\/p>\n<p>El palo Flexology es plegable, por lo que no tendr\u00e1 que agacharse y podr\u00e1 limpiar f\u00e1cilmente debajo de muebles bajos.<\/p>\n<p>No s\u00f3lo para suelos: Desenganche el aspirador para limpiar f\u00e1cilmente escaleras, tapicer\u00edas, interiores de coches y lugares de dif\u00edcil acceso con la boquilla para hendiduras.<\/p>\n<p>Garant\u00eda Shark:<\/p>\n<p>Shark ofrece una garant\u00eda de 5 a\u00f1os (2 a\u00f1os para las bater\u00edas) para una limpieza segura.<\/p>\n<p>No a la venta fuera de Europa<\/p>\n","protected":false},"excerpt":{"rendered":"<p>Presentamos Detect Pro, la gama de escobas el\u00e9ctricas m\u00e1s inteligente de Shark. La escoba el\u00e9ctrica sin cable m\u00e1s ligera para una limpieza en profundidad Recoge hasta un 50% m\u00e1s de suciedad*. Hasta la suciedad m\u00e1s dif\u00edcil 25% m\u00e1s ligera**. Limpia en profundidad alfombras y suelos gracias a la tecnolog\u00eda del cabezal Anti Hair Wrap El [&hellip;]<\/p>\n","protected":false},"featured_media":6366715,"template":"","meta":{"_acf_changed":false},"product_cat":[11967,11947],"product_tag":[],"class_list":{"0":"post-1880826","1":"product","2":"type-product","3":"status-publish","4":"has-post-thumbnail","6":"product_cat-aspiradoras","7":"product_cat-pequenos-electrodomesticos","9":"first","10":"instock","11":"taxable","12":"shipping-taxable","13":"product-type-simple","swatches":"rey-swatches","show_selected":"","stretch_labels":"rey-swatches--stretch-labels"},"acf":[],"yoast_head":"<!-- This site is optimized with the Yoast SEO plugin v25.4 - https:\/\/yoast.com\/wordpress\/plugins\/seo\/ -->\n<title>SHARK Aspirador sin cable Detect Pro - dev6 Erresse<\/title>\n<meta name=\"description\" content=\"Presentamos Detect Pro, la gama de escobas el\u00e9ctricas m\u00e1s inteligente de Shark. La escoba el\u00e9ctrica sin cable m\u00e1s ligera para una limpieza en profundidad\" \/>\n<meta name=\"robots\" content=\"noindex, follow, max-snippet:-1, max-image-preview:large, max-video-preview:-1\" \/>\n<meta property=\"og:locale\" content=\"es_ES\" \/>\n<meta property=\"og:type\" content=\"article\" \/>\n<meta property=\"og:title\" content=\"SHARK Aspirador sin cable Detect Pro - dev6 Erresse\" \/>\n<meta property=\"og:description\" content=\"Presentamos Detect Pro, la gama de escobas el\u00e9ctricas m\u00e1s inteligente de Shark. La escoba el\u00e9ctrica sin cable m\u00e1s ligera para una limpieza en profundidad\" \/>\n<meta property=\"og:url\" content=\"https:\/\/dev6.erresse-shop.it\/es\/shop\/pequenos-electrodomesticos\/aspiradoras\/shark-aspirador-sin-cable-detect-pro\/\" \/>\n<meta property=\"og:site_name\" content=\"dev6 Erresse\" \/>\n<meta property=\"og:image\" content=\"https:\/\/interpim.erresse-shop.it\/img-catalogo\/shark\/shark-aspirapolvere-senza-filo-shark-detect-pro-iw1611eu.png\" \/><meta property=\"og:image\" content=\"https:\/\/interpim.erresse-shop.it\/img-catalogo\/shark\/shark-aspirapolvere-senza-filo-shark-detect-pro-iw1611eu.png\" \/>\n\t<meta property=\"og:image:width\" content=\"1024\" \/>\n\t<meta property=\"og:image:height\" content=\"1024\" \/>\n\t<meta property=\"og:image:type\" content=\"image\/jpeg\" \/>\n<meta name=\"twitter:card\" content=\"summary_large_image\" \/>\n<meta name=\"twitter:image\" content=\"https:\/\/interpim.erresse-shop.it\/img-catalogo\/shark\/shark-aspirapolvere-senza-filo-shark-detect-pro-iw1611eu.png\" \/>\n<script type=\"application\/ld+json\" class=\"yoast-schema-graph\">{\"@context\":\"https:\/\/schema.org\",\"@graph\":[{\"@type\":\"WebPage\",\"@id\":\"https:\/\/dev6.erresse-shop.it\/es\/shop\/pequenos-electrodomesticos\/aspiradoras\/shark-aspirador-sin-cable-detect-pro\/\",\"url\":\"https:\/\/dev6.erresse-shop.it\/es\/shop\/pequenos-electrodomesticos\/aspiradoras\/shark-aspirador-sin-cable-detect-pro\/\",\"name\":\"SHARK Aspirador sin cable Detect Pro - dev6 Erresse\",\"isPartOf\":{\"@id\":\"https:\/\/dev6.erresse-shop.it\/#website\"},\"primaryImageOfPage\":{\"@id\":\"https:\/\/dev6.erresse-shop.it\/es\/shop\/pequenos-electrodomesticos\/aspiradoras\/shark-aspirador-sin-cable-detect-pro\/#primaryimage\"},\"image\":{\"@id\":\"https:\/\/dev6.erresse-shop.it\/es\/shop\/pequenos-electrodomesticos\/aspiradoras\/shark-aspirador-sin-cable-detect-pro\/#primaryimage\"},\"thumbnailUrl\":\"https:\/\/i2.wp.com\/interpim.erresse-shop.it\/img-catalogo\/shark\/shark-aspirapolvere-senza-filo-shark-detect-pro-iw1611eu.png?ssl=1\",\"datePublished\":\"2026-04-12T08:35:02+00:00\",\"description\":\"Presentamos Detect Pro, la gama de escobas el\u00e9ctricas m\u00e1s inteligente de Shark. La escoba el\u00e9ctrica sin cable m\u00e1s ligera para una limpieza en profundidad\",\"breadcrumb\":{\"@id\":\"https:\/\/dev6.erresse-shop.it\/es\/shop\/pequenos-electrodomesticos\/aspiradoras\/shark-aspirador-sin-cable-detect-pro\/#breadcrumb\"},\"inLanguage\":\"es\",\"potentialAction\":[{\"@type\":\"ReadAction\",\"target\":[\"https:\/\/dev6.erresse-shop.it\/es\/shop\/pequenos-electrodomesticos\/aspiradoras\/shark-aspirador-sin-cable-detect-pro\/\"]}]},{\"@type\":\"ImageObject\",\"inLanguage\":\"es\",\"@id\":\"https:\/\/dev6.erresse-shop.it\/es\/shop\/pequenos-electrodomesticos\/aspiradoras\/shark-aspirador-sin-cable-detect-pro\/#primaryimage\",\"url\":\"https:\/\/i2.wp.com\/interpim.erresse-shop.it\/img-catalogo\/shark\/shark-aspirapolvere-senza-filo-shark-detect-pro-iw1611eu.png?ssl=1\",\"contentUrl\":\"https:\/\/i2.wp.com\/interpim.erresse-shop.it\/img-catalogo\/shark\/shark-aspirapolvere-senza-filo-shark-detect-pro-iw1611eu.png?ssl=1\"},{\"@type\":\"BreadcrumbList\",\"@id\":\"https:\/\/dev6.erresse-shop.it\/es\/shop\/pequenos-electrodomesticos\/aspiradoras\/shark-aspirador-sin-cable-detect-pro\/#breadcrumb\",\"itemListElement\":[{\"@type\":\"ListItem\",\"position\":1,\"name\":\"Home\",\"item\":\"https:\/\/dev6.erresse-shop.it\/\"},{\"@type\":\"ListItem\",\"position\":2,\"name\":\"Tienda\",\"item\":\"https:\/\/dev6.erresse-shop.it\/shop\/\"},{\"@type\":\"ListItem\",\"position\":3,\"name\":\"SHARK Aspirador sin cable Detect Pro\"}]},{\"@type\":\"WebSite\",\"@id\":\"https:\/\/dev6.erresse-shop.it\/#website\",\"url\":\"https:\/\/dev6.erresse-shop.it\/\",\"name\":\"Erresse Shop\",\"description\":\"\",\"publisher\":{\"@id\":\"https:\/\/dev6.erresse-shop.it\/#organization\"},\"potentialAction\":[{\"@type\":\"SearchAction\",\"target\":{\"@type\":\"EntryPoint\",\"urlTemplate\":\"https:\/\/dev6.erresse-shop.it\/?s={search_term_string}\"},\"query-input\":{\"@type\":\"PropertyValueSpecification\",\"valueRequired\":true,\"valueName\":\"search_term_string\"}}],\"inLanguage\":\"es\"},{\"@type\":\"Organization\",\"@id\":\"https:\/\/dev6.erresse-shop.it\/#organization\",\"name\":\"Erresse Shop\",\"url\":\"https:\/\/dev6.erresse-shop.it\/\",\"logo\":{\"@type\":\"ImageObject\",\"inLanguage\":\"es\",\"@id\":\"https:\/\/dev6.erresse-shop.it\/#\/schema\/logo\/image\/\",\"url\":\"https:\/\/dev6.erresse-shop.it\/wp-content\/uploads\/2025\/01\/LOGO-ERRESSE-CLASSICO.svg\",\"contentUrl\":\"https:\/\/dev6.erresse-shop.it\/wp-content\/uploads\/2025\/01\/LOGO-ERRESSE-CLASSICO.svg\",\"caption\":\"Erresse Shop\"},\"image\":{\"@id\":\"https:\/\/dev6.erresse-shop.it\/#\/schema\/logo\/image\/\"}}]}<\/script>\n<!-- \/ Yoast SEO plugin. -->","yoast_head_json":{"title":"SHARK Aspirador sin cable Detect Pro - dev6 Erresse","description":"Presentamos Detect Pro, la gama de escobas el\u00e9ctricas m\u00e1s inteligente de Shark. La escoba el\u00e9ctrica sin cable m\u00e1s ligera para una limpieza en profundidad","robots":{"index":"noindex","follow":"follow","max-snippet":"max-snippet:-1","max-image-preview":"max-image-preview:large","max-video-preview":"max-video-preview:-1"},"og_locale":"es_ES","og_type":"article","og_title":"SHARK Aspirador sin cable Detect Pro - dev6 Erresse","og_description":"Presentamos Detect Pro, la gama de escobas el\u00e9ctricas m\u00e1s inteligente de Shark. La escoba el\u00e9ctrica sin cable m\u00e1s ligera para una limpieza en profundidad","og_url":"https:\/\/dev6.erresse-shop.it\/es\/shop\/pequenos-electrodomesticos\/aspiradoras\/shark-aspirador-sin-cable-detect-pro\/","og_site_name":"dev6 Erresse","og_image":[{"url":"https:\/\/interpim.erresse-shop.it\/img-catalogo\/shark\/shark-aspirapolvere-senza-filo-shark-detect-pro-iw1611eu.png","type":"","width":"","height":""},{"url":"https:\/\/interpim.erresse-shop.it\/img-catalogo\/shark\/shark-aspirapolvere-senza-filo-shark-detect-pro-iw1611eu.png","width":1024,"height":1024,"type":"image\/jpeg"}],"twitter_card":"summary_large_image","twitter_image":"https:\/\/interpim.erresse-shop.it\/img-catalogo\/shark\/shark-aspirapolvere-senza-filo-shark-detect-pro-iw1611eu.png","schema":{"@context":"https:\/\/schema.org","@graph":[{"@type":"WebPage","@id":"https:\/\/dev6.erresse-shop.it\/es\/shop\/pequenos-electrodomesticos\/aspiradoras\/shark-aspirador-sin-cable-detect-pro\/","url":"https:\/\/dev6.erresse-shop.it\/es\/shop\/pequenos-electrodomesticos\/aspiradoras\/shark-aspirador-sin-cable-detect-pro\/","name":"SHARK Aspirador sin cable Detect Pro - dev6 Erresse","isPartOf":{"@id":"https:\/\/dev6.erresse-shop.it\/#website"},"primaryImageOfPage":{"@id":"https:\/\/dev6.erresse-shop.it\/es\/shop\/pequenos-electrodomesticos\/aspiradoras\/shark-aspirador-sin-cable-detect-pro\/#primaryimage"},"image":{"@id":"https:\/\/dev6.erresse-shop.it\/es\/shop\/pequenos-electrodomesticos\/aspiradoras\/shark-aspirador-sin-cable-detect-pro\/#primaryimage"},"thumbnailUrl":"https:\/\/i2.wp.com\/interpim.erresse-shop.it\/img-catalogo\/shark\/shark-aspirapolvere-senza-filo-shark-detect-pro-iw1611eu.png?ssl=1","datePublished":"2026-04-12T08:35:02+00:00","description":"Presentamos Detect Pro, la gama de escobas el\u00e9ctricas m\u00e1s inteligente de Shark. La escoba el\u00e9ctrica sin cable m\u00e1s ligera para una limpieza en profundidad","breadcrumb":{"@id":"https:\/\/dev6.erresse-shop.it\/es\/shop\/pequenos-electrodomesticos\/aspiradoras\/shark-aspirador-sin-cable-detect-pro\/#breadcrumb"},"inLanguage":"es","potentialAction":[{"@type":"ReadAction","target":["https:\/\/dev6.erresse-shop.it\/es\/shop\/pequenos-electrodomesticos\/aspiradoras\/shark-aspirador-sin-cable-detect-pro\/"]}]},{"@type":"ImageObject","inLanguage":"es","@id":"https:\/\/dev6.erresse-shop.it\/es\/shop\/pequenos-electrodomesticos\/aspiradoras\/shark-aspirador-sin-cable-detect-pro\/#primaryimage","url":"https:\/\/i2.wp.com\/interpim.erresse-shop.it\/img-catalogo\/shark\/shark-aspirapolvere-senza-filo-shark-detect-pro-iw1611eu.png?ssl=1","contentUrl":"https:\/\/i2.wp.com\/interpim.erresse-shop.it\/img-catalogo\/shark\/shark-aspirapolvere-senza-filo-shark-detect-pro-iw1611eu.png?ssl=1"},{"@type":"BreadcrumbList","@id":"https:\/\/dev6.erresse-shop.it\/es\/shop\/pequenos-electrodomesticos\/aspiradoras\/shark-aspirador-sin-cable-detect-pro\/#breadcrumb","itemListElement":[{"@type":"ListItem","position":1,"name":"Home","item":"https:\/\/dev6.erresse-shop.it\/"},{"@type":"ListItem","position":2,"name":"Tienda","item":"https:\/\/dev6.erresse-shop.it\/shop\/"},{"@type":"ListItem","position":3,"name":"SHARK Aspirador sin cable Detect Pro"}]},{"@type":"WebSite","@id":"https:\/\/dev6.erresse-shop.it\/#website","url":"https:\/\/dev6.erresse-shop.it\/","name":"Erresse Shop","description":"","publisher":{"@id":"https:\/\/dev6.erresse-shop.it\/#organization"},"potentialAction":[{"@type":"SearchAction","target":{"@type":"EntryPoint","urlTemplate":"https:\/\/dev6.erresse-shop.it\/?s={search_term_string}"},"query-input":{"@type":"PropertyValueSpecification","valueRequired":true,"valueName":"search_term_string"}}],"inLanguage":"es"},{"@type":"Organization","@id":"https:\/\/dev6.erresse-shop.it\/#organization","name":"Erresse Shop","url":"https:\/\/dev6.erresse-shop.it\/","logo":{"@type":"ImageObject","inLanguage":"es","@id":"https:\/\/dev6.erresse-shop.it\/#\/schema\/logo\/image\/","url":"https:\/\/dev6.erresse-shop.it\/wp-content\/uploads\/2025\/01\/LOGO-ERRESSE-CLASSICO.svg","contentUrl":"https:\/\/dev6.erresse-shop.it\/wp-content\/uploads\/2025\/01\/LOGO-ERRESSE-CLASSICO.svg","caption":"Erresse Shop"},"image":{"@id":"https:\/\/dev6.erresse-shop.it\/#\/schema\/logo\/image\/"}}]}},"df_price":"","df_sale_price":"","df_regular_price":"","df_image_link":"https:\/\/i2.wp.com\/interpim.erresse-shop.it\/img-catalogo\/shark\/shark-aspirapolvere-senza-filo-shark-detect-pro-iw1611eu.png?resize=300,300&ssl=1","fifu_image_url":"https:\/\/interpim.erresse-shop.it\/img-catalogo\/shark\/shark-aspirapolvere-senza-filo-shark-detect-pro-iw1611eu.png","_links":{"self":[{"href":"https:\/\/dev6.erresse-shop.it\/es\/wp-json\/wp\/v2\/product\/1880826","targetHints":{"allow":["GET"]}}],"collection":[{"href":"https:\/\/dev6.erresse-shop.it\/es\/wp-json\/wp\/v2\/product"}],"about":[{"href":"https:\/\/dev6.erresse-shop.it\/es\/wp-json\/wp\/v2\/types\/product"}],"wp:featuredmedia":[{"embeddable":true,"href":"https:\/\/dev6.erresse-shop.it\/es\/wp-json\/wp\/v2\/media\/6366715"}],"wp:attachment":[{"href":"https:\/\/dev6.erresse-shop.it\/es\/wp-json\/wp\/v2\/media?parent=1880826"}],"wp:term":[{"taxonomy":"product_cat","embeddable":true,"href":"https:\/\/dev6.erresse-shop.it\/es\/wp-json\/wp\/v2\/product_cat?post=1880826"},{"taxonomy":"product_tag","embeddable":true,"href":"https:\/\/dev6.erresse-shop.it\/es\/wp-json\/wp\/v2\/product_tag?post=1880826"}],"curies":[{"name":"wp","href":"https:\/\/api.w.org\/{rel}","templated":true}]}}