{"id":1880822,"date":"2026-04-04T10:32:29","date_gmt":"2026-04-04T08:32:29","guid":{"rendered":"https:\/\/dev6.erresse-shop.it\/shop\/sin%20categor\u00eda\/ninja-foodi-grill-y-freidora-de-aire\/"},"modified":"2025-07-04T23:09:38","modified_gmt":"2025-07-04T21:09:38","slug":"ninja-foodi-grill-y-freidora-de-aire","status":"publish","type":"product","link":"https:\/\/dev6.erresse-shop.it\/es\/shop\/pequenos-electrodomesticos\/procesadores-de-alimentos\/ninja-foodi-grill-y-freidora-de-aire\/","title":{"rendered":"NINJA Foodi grill y freidora de aire"},"content":{"rendered":"<p>Grill y freidora de aire con tecnolog\u00eda Cyclonic Air para hacer circular aire caliente hasta 265 \u00b0C. La plancha con control de temperatura, la protecci\u00f3n contra salpicaduras y la zona de aire fr\u00edo reducen los humos durante la cocci\u00f3n. 5 funciones de cocci\u00f3n personalizables.<\/p>\n<p>Desde filetes a brochetas, asa tus platos favoritos con ingredientes frescos o congelados de forma r\u00e1pida y uniforme con la parrilla y freidora de aire Ninja Foodi, usando poco o nada de aceite a\u00f1adido.<\/p>\n<p>Disfrute de un asado al estilo chef gracias a la tecnolog\u00eda Cyclonic Air y temperaturas de hasta 265 \u00b0C. Sirva frituras deliciosas pero mucho m\u00e1s ligeras con la freidora de aire. Prepare deliciosos aperitivos y comidas enteras con el asador y el horno o con el secador.<\/p>\n<p>FICHA T\u00c9CNICA:<\/p>\n<p>Peso del producto: 8,1 kg<\/p>\n<p>Dimensiones del producto (cm): 23,5 x 35,6 x 45 cm<\/p>\n<p>Potencia nominal: 1750W<\/p>\n<p>N\u00famero de velocidades: 5<\/p>\n<p>Garant\u00eda: 2 a\u00f1os<\/p>\n<p>Componentes aptos para lavavajillas: S\u00ed<\/p>\n<p>Longitud del cable: 0,9 m<\/p>\n<p>Sin BPA: S\u00ed<\/p>\n<p>Pies antideslizantes: S\u00ed<\/p>\n<p>Capacidad: 5.8 L<\/p>\n<p>Temporizador: S\u00ed<\/p>\n<p>CONTIENE:<\/p>\n<p>1 parrilla<\/p>\n<p>1 olla con revestimiento cer\u00e1mico<\/p>\n<p>1 cesta para fre\u00edr con revestimiento cer\u00e1mico<\/p>\n<p>1 parrilla con revestimiento cer\u00e1mico<\/p>\n<p>1 cepillo de limpieza con rascador<\/p>\n<p>1 protector contra salpicaduras<\/p>\n<p>Manual de instrucciones<\/p>\n<p>Gu\u00eda de recetas<\/p>\n<p>Gu\u00eda r\u00e1pida<\/p>\n<p>No se vende fuera de Europa<\/p>\n","protected":false},"excerpt":{"rendered":"<p>Grill y freidora de aire con tecnolog\u00eda Cyclonic Air para hacer circular aire caliente hasta 265 \u00b0C. La plancha con control de temperatura, la protecci\u00f3n contra salpicaduras y la zona de aire fr\u00edo reducen los humos durante la cocci\u00f3n. 5 funciones de cocci\u00f3n personalizables. Desde filetes a brochetas, asa tus platos favoritos con ingredientes frescos [&hellip;]<\/p>\n","protected":false},"featured_media":6283437,"template":"","meta":{"_acf_changed":false},"product_cat":[11978,11947,11958],"product_tag":[],"class_list":{"0":"post-1880822","1":"product","2":"type-product","3":"status-publish","4":"has-post-thumbnail","6":"product_cat-freidora-de-aire","7":"product_cat-pequenos-electrodomesticos","8":"product_cat-procesadores-de-alimentos","10":"first","11":"instock","12":"taxable","13":"shipping-taxable","14":"purchasable","15":"product-type-simple","swatches":"rey-swatches","show_selected":"","stretch_labels":"rey-swatches--stretch-labels"},"acf":[],"yoast_head":"<!-- This site is optimized with the Yoast SEO plugin v25.4 - https:\/\/yoast.com\/wordpress\/plugins\/seo\/ -->\n<title>NINJA Foodi grill y freidora de aire - dev6 Erresse<\/title>\n<meta name=\"description\" content=\"Grill y freidora de aire con tecnolog\u00eda Cyclonic Air para hacer circular aire caliente hasta 265 \u00b0C. La plancha con control de temperatura, la protecci\u00f3n\" \/>\n<meta name=\"robots\" content=\"noindex, follow, max-snippet:-1, max-image-preview:large, max-video-preview:-1\" \/>\n<meta property=\"og:locale\" content=\"es_ES\" \/>\n<meta property=\"og:type\" content=\"article\" \/>\n<meta property=\"og:title\" content=\"NINJA Foodi grill y freidora de aire - dev6 Erresse\" \/>\n<meta property=\"og:description\" content=\"Grill y freidora de aire con tecnolog\u00eda Cyclonic Air para hacer circular aire caliente hasta 265 \u00b0C. La plancha con control de temperatura, la protecci\u00f3n\" \/>\n<meta property=\"og:url\" content=\"https:\/\/dev6.erresse-shop.it\/es\/shop\/pequenos-electrodomesticos\/procesadores-de-alimentos\/ninja-foodi-grill-y-freidora-de-aire\/\" \/>\n<meta property=\"og:site_name\" content=\"dev6 Erresse\" \/>\n<meta property=\"og:image\" content=\"https:\/\/interpim.erresse-shop.it\/Import\/Prodotti\/ninja-foodi-griglia-e-friggitrice-ad-aria.jpg\" \/><meta property=\"og:image\" content=\"https:\/\/interpim.erresse-shop.it\/Import\/Prodotti\/ninja-foodi-griglia-e-friggitrice-ad-aria.jpg\" \/>\n\t<meta property=\"og:image:width\" content=\"1024\" \/>\n\t<meta property=\"og:image:height\" content=\"1024\" \/>\n\t<meta property=\"og:image:type\" content=\"image\/jpeg\" \/>\n<meta name=\"twitter:card\" content=\"summary_large_image\" \/>\n<meta name=\"twitter:image\" content=\"https:\/\/interpim.erresse-shop.it\/Import\/Prodotti\/ninja-foodi-griglia-e-friggitrice-ad-aria.jpg\" \/>\n<script type=\"application\/ld+json\" class=\"yoast-schema-graph\">{\"@context\":\"https:\/\/schema.org\",\"@graph\":[{\"@type\":\"WebPage\",\"@id\":\"https:\/\/dev6.erresse-shop.it\/es\/shop\/pequenos-electrodomesticos\/procesadores-de-alimentos\/ninja-foodi-grill-y-freidora-de-aire\/\",\"url\":\"https:\/\/dev6.erresse-shop.it\/es\/shop\/pequenos-electrodomesticos\/procesadores-de-alimentos\/ninja-foodi-grill-y-freidora-de-aire\/\",\"name\":\"NINJA Foodi grill y freidora de aire - dev6 Erresse\",\"isPartOf\":{\"@id\":\"https:\/\/dev6.erresse-shop.it\/#website\"},\"primaryImageOfPage\":{\"@id\":\"https:\/\/dev6.erresse-shop.it\/es\/shop\/pequenos-electrodomesticos\/procesadores-de-alimentos\/ninja-foodi-grill-y-freidora-de-aire\/#primaryimage\"},\"image\":{\"@id\":\"https:\/\/dev6.erresse-shop.it\/es\/shop\/pequenos-electrodomesticos\/procesadores-de-alimentos\/ninja-foodi-grill-y-freidora-de-aire\/#primaryimage\"},\"thumbnailUrl\":\"https:\/\/i0.wp.com\/interpim.erresse-shop.it\/Import\/Prodotti\/ninja-foodi-griglia-e-friggitrice-ad-aria.jpg?ssl=1\",\"datePublished\":\"2026-04-04T08:32:29+00:00\",\"description\":\"Grill y freidora de aire con tecnolog\u00eda Cyclonic Air para hacer circular aire caliente hasta 265 \u00b0C. La plancha con control de temperatura, la protecci\u00f3n\",\"breadcrumb\":{\"@id\":\"https:\/\/dev6.erresse-shop.it\/es\/shop\/pequenos-electrodomesticos\/procesadores-de-alimentos\/ninja-foodi-grill-y-freidora-de-aire\/#breadcrumb\"},\"inLanguage\":\"es\",\"potentialAction\":[{\"@type\":\"ReadAction\",\"target\":[\"https:\/\/dev6.erresse-shop.it\/es\/shop\/pequenos-electrodomesticos\/procesadores-de-alimentos\/ninja-foodi-grill-y-freidora-de-aire\/\"]}]},{\"@type\":\"ImageObject\",\"inLanguage\":\"es\",\"@id\":\"https:\/\/dev6.erresse-shop.it\/es\/shop\/pequenos-electrodomesticos\/procesadores-de-alimentos\/ninja-foodi-grill-y-freidora-de-aire\/#primaryimage\",\"url\":\"https:\/\/i0.wp.com\/interpim.erresse-shop.it\/Import\/Prodotti\/ninja-foodi-griglia-e-friggitrice-ad-aria.jpg?ssl=1\",\"contentUrl\":\"https:\/\/i0.wp.com\/interpim.erresse-shop.it\/Import\/Prodotti\/ninja-foodi-griglia-e-friggitrice-ad-aria.jpg?ssl=1\"},{\"@type\":\"BreadcrumbList\",\"@id\":\"https:\/\/dev6.erresse-shop.it\/es\/shop\/pequenos-electrodomesticos\/procesadores-de-alimentos\/ninja-foodi-grill-y-freidora-de-aire\/#breadcrumb\",\"itemListElement\":[{\"@type\":\"ListItem\",\"position\":1,\"name\":\"Home\",\"item\":\"https:\/\/dev6.erresse-shop.it\/\"},{\"@type\":\"ListItem\",\"position\":2,\"name\":\"Tienda\",\"item\":\"https:\/\/dev6.erresse-shop.it\/shop\/\"},{\"@type\":\"ListItem\",\"position\":3,\"name\":\"NINJA Foodi grill y freidora de aire\"}]},{\"@type\":\"WebSite\",\"@id\":\"https:\/\/dev6.erresse-shop.it\/#website\",\"url\":\"https:\/\/dev6.erresse-shop.it\/\",\"name\":\"Erresse Shop\",\"description\":\"\",\"publisher\":{\"@id\":\"https:\/\/dev6.erresse-shop.it\/#organization\"},\"potentialAction\":[{\"@type\":\"SearchAction\",\"target\":{\"@type\":\"EntryPoint\",\"urlTemplate\":\"https:\/\/dev6.erresse-shop.it\/?s={search_term_string}\"},\"query-input\":{\"@type\":\"PropertyValueSpecification\",\"valueRequired\":true,\"valueName\":\"search_term_string\"}}],\"inLanguage\":\"es\"},{\"@type\":\"Organization\",\"@id\":\"https:\/\/dev6.erresse-shop.it\/#organization\",\"name\":\"Erresse Shop\",\"url\":\"https:\/\/dev6.erresse-shop.it\/\",\"logo\":{\"@type\":\"ImageObject\",\"inLanguage\":\"es\",\"@id\":\"https:\/\/dev6.erresse-shop.it\/#\/schema\/logo\/image\/\",\"url\":\"https:\/\/dev6.erresse-shop.it\/wp-content\/uploads\/2025\/01\/LOGO-ERRESSE-CLASSICO.svg\",\"contentUrl\":\"https:\/\/dev6.erresse-shop.it\/wp-content\/uploads\/2025\/01\/LOGO-ERRESSE-CLASSICO.svg\",\"caption\":\"Erresse Shop\"},\"image\":{\"@id\":\"https:\/\/dev6.erresse-shop.it\/#\/schema\/logo\/image\/\"}}]}<\/script>\n<!-- \/ Yoast SEO plugin. -->","yoast_head_json":{"title":"NINJA Foodi grill y freidora de aire - dev6 Erresse","description":"Grill y freidora de aire con tecnolog\u00eda Cyclonic Air para hacer circular aire caliente hasta 265 \u00b0C. La plancha con control de temperatura, la protecci\u00f3n","robots":{"index":"noindex","follow":"follow","max-snippet":"max-snippet:-1","max-image-preview":"max-image-preview:large","max-video-preview":"max-video-preview:-1"},"og_locale":"es_ES","og_type":"article","og_title":"NINJA Foodi grill y freidora de aire - dev6 Erresse","og_description":"Grill y freidora de aire con tecnolog\u00eda Cyclonic Air para hacer circular aire caliente hasta 265 \u00b0C. La plancha con control de temperatura, la protecci\u00f3n","og_url":"https:\/\/dev6.erresse-shop.it\/es\/shop\/pequenos-electrodomesticos\/procesadores-de-alimentos\/ninja-foodi-grill-y-freidora-de-aire\/","og_site_name":"dev6 Erresse","og_image":[{"url":"https:\/\/interpim.erresse-shop.it\/Import\/Prodotti\/ninja-foodi-griglia-e-friggitrice-ad-aria.jpg","type":"","width":"","height":""},{"url":"https:\/\/interpim.erresse-shop.it\/Import\/Prodotti\/ninja-foodi-griglia-e-friggitrice-ad-aria.jpg","width":1024,"height":1024,"type":"image\/jpeg"}],"twitter_card":"summary_large_image","twitter_image":"https:\/\/interpim.erresse-shop.it\/Import\/Prodotti\/ninja-foodi-griglia-e-friggitrice-ad-aria.jpg","schema":{"@context":"https:\/\/schema.org","@graph":[{"@type":"WebPage","@id":"https:\/\/dev6.erresse-shop.it\/es\/shop\/pequenos-electrodomesticos\/procesadores-de-alimentos\/ninja-foodi-grill-y-freidora-de-aire\/","url":"https:\/\/dev6.erresse-shop.it\/es\/shop\/pequenos-electrodomesticos\/procesadores-de-alimentos\/ninja-foodi-grill-y-freidora-de-aire\/","name":"NINJA Foodi grill y freidora de aire - dev6 Erresse","isPartOf":{"@id":"https:\/\/dev6.erresse-shop.it\/#website"},"primaryImageOfPage":{"@id":"https:\/\/dev6.erresse-shop.it\/es\/shop\/pequenos-electrodomesticos\/procesadores-de-alimentos\/ninja-foodi-grill-y-freidora-de-aire\/#primaryimage"},"image":{"@id":"https:\/\/dev6.erresse-shop.it\/es\/shop\/pequenos-electrodomesticos\/procesadores-de-alimentos\/ninja-foodi-grill-y-freidora-de-aire\/#primaryimage"},"thumbnailUrl":"https:\/\/i0.wp.com\/interpim.erresse-shop.it\/Import\/Prodotti\/ninja-foodi-griglia-e-friggitrice-ad-aria.jpg?ssl=1","datePublished":"2026-04-04T08:32:29+00:00","description":"Grill y freidora de aire con tecnolog\u00eda Cyclonic Air para hacer circular aire caliente hasta 265 \u00b0C. La plancha con control de temperatura, la protecci\u00f3n","breadcrumb":{"@id":"https:\/\/dev6.erresse-shop.it\/es\/shop\/pequenos-electrodomesticos\/procesadores-de-alimentos\/ninja-foodi-grill-y-freidora-de-aire\/#breadcrumb"},"inLanguage":"es","potentialAction":[{"@type":"ReadAction","target":["https:\/\/dev6.erresse-shop.it\/es\/shop\/pequenos-electrodomesticos\/procesadores-de-alimentos\/ninja-foodi-grill-y-freidora-de-aire\/"]}]},{"@type":"ImageObject","inLanguage":"es","@id":"https:\/\/dev6.erresse-shop.it\/es\/shop\/pequenos-electrodomesticos\/procesadores-de-alimentos\/ninja-foodi-grill-y-freidora-de-aire\/#primaryimage","url":"https:\/\/i0.wp.com\/interpim.erresse-shop.it\/Import\/Prodotti\/ninja-foodi-griglia-e-friggitrice-ad-aria.jpg?ssl=1","contentUrl":"https:\/\/i0.wp.com\/interpim.erresse-shop.it\/Import\/Prodotti\/ninja-foodi-griglia-e-friggitrice-ad-aria.jpg?ssl=1"},{"@type":"BreadcrumbList","@id":"https:\/\/dev6.erresse-shop.it\/es\/shop\/pequenos-electrodomesticos\/procesadores-de-alimentos\/ninja-foodi-grill-y-freidora-de-aire\/#breadcrumb","itemListElement":[{"@type":"ListItem","position":1,"name":"Home","item":"https:\/\/dev6.erresse-shop.it\/"},{"@type":"ListItem","position":2,"name":"Tienda","item":"https:\/\/dev6.erresse-shop.it\/shop\/"},{"@type":"ListItem","position":3,"name":"NINJA Foodi grill y freidora de aire"}]},{"@type":"WebSite","@id":"https:\/\/dev6.erresse-shop.it\/#website","url":"https:\/\/dev6.erresse-shop.it\/","name":"Erresse Shop","description":"","publisher":{"@id":"https:\/\/dev6.erresse-shop.it\/#organization"},"potentialAction":[{"@type":"SearchAction","target":{"@type":"EntryPoint","urlTemplate":"https:\/\/dev6.erresse-shop.it\/?s={search_term_string}"},"query-input":{"@type":"PropertyValueSpecification","valueRequired":true,"valueName":"search_term_string"}}],"inLanguage":"es"},{"@type":"Organization","@id":"https:\/\/dev6.erresse-shop.it\/#organization","name":"Erresse Shop","url":"https:\/\/dev6.erresse-shop.it\/","logo":{"@type":"ImageObject","inLanguage":"es","@id":"https:\/\/dev6.erresse-shop.it\/#\/schema\/logo\/image\/","url":"https:\/\/dev6.erresse-shop.it\/wp-content\/uploads\/2025\/01\/LOGO-ERRESSE-CLASSICO.svg","contentUrl":"https:\/\/dev6.erresse-shop.it\/wp-content\/uploads\/2025\/01\/LOGO-ERRESSE-CLASSICO.svg","caption":"Erresse Shop"},"image":{"@id":"https:\/\/dev6.erresse-shop.it\/#\/schema\/logo\/image\/"}}]}},"df_price":229.99,"df_sale_price":"","df_regular_price":229.99,"df_image_link":"https:\/\/i0.wp.com\/interpim.erresse-shop.it\/Import\/Prodotti\/ninja-foodi-griglia-e-friggitrice-ad-aria.jpg?resize=300,300&ssl=1","fifu_image_url":"https:\/\/interpim.erresse-shop.it\/Import\/Prodotti\/ninja-foodi-griglia-e-friggitrice-ad-aria.jpg","_links":{"self":[{"href":"https:\/\/dev6.erresse-shop.it\/es\/wp-json\/wp\/v2\/product\/1880822","targetHints":{"allow":["GET"]}}],"collection":[{"href":"https:\/\/dev6.erresse-shop.it\/es\/wp-json\/wp\/v2\/product"}],"about":[{"href":"https:\/\/dev6.erresse-shop.it\/es\/wp-json\/wp\/v2\/types\/product"}],"wp:featuredmedia":[{"embeddable":true,"href":"https:\/\/dev6.erresse-shop.it\/es\/wp-json\/wp\/v2\/media\/6283437"}],"wp:attachment":[{"href":"https:\/\/dev6.erresse-shop.it\/es\/wp-json\/wp\/v2\/media?parent=1880822"}],"wp:term":[{"taxonomy":"product_cat","embeddable":true,"href":"https:\/\/dev6.erresse-shop.it\/es\/wp-json\/wp\/v2\/product_cat?post=1880822"},{"taxonomy":"product_tag","embeddable":true,"href":"https:\/\/dev6.erresse-shop.it\/es\/wp-json\/wp\/v2\/product_tag?post=1880822"}],"curies":[{"name":"wp","href":"https:\/\/api.w.org\/{rel}","templated":true}]}}