{"id":1880820,"date":"2026-04-12T10:35:02","date_gmt":"2026-04-12T08:35:02","guid":{"rendered":"https:\/\/dev6.erresse-shop.it\/shop\/sin%20categor\u00eda\/ninja-rapid-cooker-y-freidora-de-aire-speedi\/"},"modified":"2025-07-04T23:09:33","modified_gmt":"2025-07-04T21:09:33","slug":"ninja-rapid-cooker-y-freidora-de-aire-speedi","status":"publish","type":"product","link":"https:\/\/dev6.erresse-shop.it\/es\/shop\/pequenos-electrodomesticos\/procesadores-de-alimentos\/ninja-rapid-cooker-y-freidora-de-aire-speedi\/","title":{"rendered":"NINJA Rapid Cooker y freidora de aire Speedi"},"content":{"rendered":"<p>El sistema de cocci\u00f3n r\u00e1pida que cocina al vapor y fr\u00ede al aire simult\u00e1neamente para preparar comidas r\u00e1pidas<\/p>\n<p>10 funciones: comida r\u00e1pida, fre\u00edr al vapor, cocinar al vapor, hornear, asar, fre\u00edr al aire, hornear\/asar, secar, dorar\/saltear, cocci\u00f3n lenta<\/p>\n<p>Fritura por aire: hasta un 75% menos de grasa que los m\u00e9todos de fritura tradicionales<\/p>\n<p>Cocina r\u00e1pidamente hasta 4 raciones<\/p>\n<p>Incluye una cacerola antiadherente de 5,7 l apta para el lavavajillas, una bandeja Cook and Crisp y un libro de cocina<\/p>\n<p>FICHA T\u00c9CNICA:<\/p>\n<p>Color: Gris<\/p>\n<p>Potencia: 1760 W<\/p>\n<p>Longitud del cable: 0,9 m<\/p>\n<p>Capacidad: 5,7 l<\/p>\n<p>Hasta 4 raciones<\/p>\n<p>No a la venta fuera de Europa<\/p>\n","protected":false},"excerpt":{"rendered":"<p>El sistema de cocci\u00f3n r\u00e1pida que cocina al vapor y fr\u00ede al aire simult\u00e1neamente para preparar comidas r\u00e1pidas 10 funciones: comida r\u00e1pida, fre\u00edr al vapor, cocinar al vapor, hornear, asar, fre\u00edr al aire, hornear\/asar, secar, dorar\/saltear, cocci\u00f3n lenta Fritura por aire: hasta un 75% menos de grasa que los m\u00e9todos de fritura tradicionales Cocina r\u00e1pidamente [&hellip;]<\/p>\n","protected":false},"featured_media":6366697,"template":"","meta":{"_acf_changed":false},"product_cat":[11978,11947,11958],"product_tag":[],"class_list":{"0":"post-1880820","1":"product","2":"type-product","3":"status-publish","4":"has-post-thumbnail","6":"product_cat-freidora-de-aire","7":"product_cat-pequenos-electrodomesticos","8":"product_cat-procesadores-de-alimentos","10":"first","11":"instock","12":"taxable","13":"shipping-taxable","14":"purchasable","15":"product-type-simple","swatches":"rey-swatches","show_selected":"","stretch_labels":"rey-swatches--stretch-labels"},"acf":[],"yoast_head":"<!-- This site is optimized with the Yoast SEO plugin v25.4 - https:\/\/yoast.com\/wordpress\/plugins\/seo\/ -->\n<title>NINJA Rapid Cooker y freidora de aire Speedi - dev6 Erresse<\/title>\n<meta name=\"description\" content=\"El sistema de cocci\u00f3n r\u00e1pida que cocina al vapor y fr\u00ede al aire simult\u00e1neamente para preparar comidas r\u00e1pidas 10 funciones: comida r\u00e1pida, fre\u00edr al vapor,\" \/>\n<meta name=\"robots\" content=\"noindex, follow, max-snippet:-1, max-image-preview:large, max-video-preview:-1\" \/>\n<meta property=\"og:locale\" content=\"es_ES\" \/>\n<meta property=\"og:type\" content=\"article\" \/>\n<meta property=\"og:title\" content=\"NINJA Rapid Cooker y freidora de aire Speedi - dev6 Erresse\" \/>\n<meta property=\"og:description\" content=\"El sistema de cocci\u00f3n r\u00e1pida que cocina al vapor y fr\u00ede al aire simult\u00e1neamente para preparar comidas r\u00e1pidas 10 funciones: comida r\u00e1pida, fre\u00edr al vapor,\" \/>\n<meta property=\"og:url\" content=\"https:\/\/dev6.erresse-shop.it\/es\/shop\/pequenos-electrodomesticos\/procesadores-de-alimentos\/ninja-rapid-cooker-y-freidora-de-aire-speedi\/\" \/>\n<meta property=\"og:site_name\" content=\"dev6 Erresse\" \/>\n<meta property=\"og:image\" content=\"https:\/\/interpim.erresse-shop.it\/Import\/Prodotti\/ninja-speedi-rapid-cooker-e-friggitrice-ad-aria.jpg\" \/><meta property=\"og:image\" content=\"https:\/\/interpim.erresse-shop.it\/Import\/Prodotti\/ninja-speedi-rapid-cooker-e-friggitrice-ad-aria.jpg\" \/>\n\t<meta property=\"og:image:width\" content=\"1024\" \/>\n\t<meta property=\"og:image:height\" content=\"1024\" \/>\n\t<meta property=\"og:image:type\" content=\"image\/jpeg\" \/>\n<meta name=\"twitter:card\" content=\"summary_large_image\" \/>\n<meta name=\"twitter:image\" content=\"https:\/\/interpim.erresse-shop.it\/Import\/Prodotti\/ninja-speedi-rapid-cooker-e-friggitrice-ad-aria.jpg\" \/>\n<script type=\"application\/ld+json\" class=\"yoast-schema-graph\">{\"@context\":\"https:\/\/schema.org\",\"@graph\":[{\"@type\":\"WebPage\",\"@id\":\"https:\/\/dev6.erresse-shop.it\/es\/shop\/pequenos-electrodomesticos\/procesadores-de-alimentos\/ninja-rapid-cooker-y-freidora-de-aire-speedi\/\",\"url\":\"https:\/\/dev6.erresse-shop.it\/es\/shop\/pequenos-electrodomesticos\/procesadores-de-alimentos\/ninja-rapid-cooker-y-freidora-de-aire-speedi\/\",\"name\":\"NINJA Rapid Cooker y freidora de aire Speedi - dev6 Erresse\",\"isPartOf\":{\"@id\":\"https:\/\/dev6.erresse-shop.it\/#website\"},\"primaryImageOfPage\":{\"@id\":\"https:\/\/dev6.erresse-shop.it\/es\/shop\/pequenos-electrodomesticos\/procesadores-de-alimentos\/ninja-rapid-cooker-y-freidora-de-aire-speedi\/#primaryimage\"},\"image\":{\"@id\":\"https:\/\/dev6.erresse-shop.it\/es\/shop\/pequenos-electrodomesticos\/procesadores-de-alimentos\/ninja-rapid-cooker-y-freidora-de-aire-speedi\/#primaryimage\"},\"thumbnailUrl\":\"https:\/\/i0.wp.com\/interpim.erresse-shop.it\/Import\/Prodotti\/ninja-speedi-rapid-cooker-e-friggitrice-ad-aria.jpg?ssl=1\",\"datePublished\":\"2026-04-12T08:35:02+00:00\",\"description\":\"El sistema de cocci\u00f3n r\u00e1pida que cocina al vapor y fr\u00ede al aire simult\u00e1neamente para preparar comidas r\u00e1pidas 10 funciones: comida r\u00e1pida, fre\u00edr al vapor,\",\"breadcrumb\":{\"@id\":\"https:\/\/dev6.erresse-shop.it\/es\/shop\/pequenos-electrodomesticos\/procesadores-de-alimentos\/ninja-rapid-cooker-y-freidora-de-aire-speedi\/#breadcrumb\"},\"inLanguage\":\"es\",\"potentialAction\":[{\"@type\":\"ReadAction\",\"target\":[\"https:\/\/dev6.erresse-shop.it\/es\/shop\/pequenos-electrodomesticos\/procesadores-de-alimentos\/ninja-rapid-cooker-y-freidora-de-aire-speedi\/\"]}]},{\"@type\":\"ImageObject\",\"inLanguage\":\"es\",\"@id\":\"https:\/\/dev6.erresse-shop.it\/es\/shop\/pequenos-electrodomesticos\/procesadores-de-alimentos\/ninja-rapid-cooker-y-freidora-de-aire-speedi\/#primaryimage\",\"url\":\"https:\/\/i0.wp.com\/interpim.erresse-shop.it\/Import\/Prodotti\/ninja-speedi-rapid-cooker-e-friggitrice-ad-aria.jpg?ssl=1\",\"contentUrl\":\"https:\/\/i0.wp.com\/interpim.erresse-shop.it\/Import\/Prodotti\/ninja-speedi-rapid-cooker-e-friggitrice-ad-aria.jpg?ssl=1\"},{\"@type\":\"BreadcrumbList\",\"@id\":\"https:\/\/dev6.erresse-shop.it\/es\/shop\/pequenos-electrodomesticos\/procesadores-de-alimentos\/ninja-rapid-cooker-y-freidora-de-aire-speedi\/#breadcrumb\",\"itemListElement\":[{\"@type\":\"ListItem\",\"position\":1,\"name\":\"Home\",\"item\":\"https:\/\/dev6.erresse-shop.it\/\"},{\"@type\":\"ListItem\",\"position\":2,\"name\":\"Tienda\",\"item\":\"https:\/\/dev6.erresse-shop.it\/shop\/\"},{\"@type\":\"ListItem\",\"position\":3,\"name\":\"NINJA Rapid Cooker y freidora de aire Speedi\"}]},{\"@type\":\"WebSite\",\"@id\":\"https:\/\/dev6.erresse-shop.it\/#website\",\"url\":\"https:\/\/dev6.erresse-shop.it\/\",\"name\":\"Erresse Shop\",\"description\":\"\",\"publisher\":{\"@id\":\"https:\/\/dev6.erresse-shop.it\/#organization\"},\"potentialAction\":[{\"@type\":\"SearchAction\",\"target\":{\"@type\":\"EntryPoint\",\"urlTemplate\":\"https:\/\/dev6.erresse-shop.it\/?s={search_term_string}\"},\"query-input\":{\"@type\":\"PropertyValueSpecification\",\"valueRequired\":true,\"valueName\":\"search_term_string\"}}],\"inLanguage\":\"es\"},{\"@type\":\"Organization\",\"@id\":\"https:\/\/dev6.erresse-shop.it\/#organization\",\"name\":\"Erresse Shop\",\"url\":\"https:\/\/dev6.erresse-shop.it\/\",\"logo\":{\"@type\":\"ImageObject\",\"inLanguage\":\"es\",\"@id\":\"https:\/\/dev6.erresse-shop.it\/#\/schema\/logo\/image\/\",\"url\":\"https:\/\/dev6.erresse-shop.it\/wp-content\/uploads\/2025\/01\/LOGO-ERRESSE-CLASSICO.svg\",\"contentUrl\":\"https:\/\/dev6.erresse-shop.it\/wp-content\/uploads\/2025\/01\/LOGO-ERRESSE-CLASSICO.svg\",\"caption\":\"Erresse Shop\"},\"image\":{\"@id\":\"https:\/\/dev6.erresse-shop.it\/#\/schema\/logo\/image\/\"}}]}<\/script>\n<!-- \/ Yoast SEO plugin. -->","yoast_head_json":{"title":"NINJA Rapid Cooker y freidora de aire Speedi - dev6 Erresse","description":"El sistema de cocci\u00f3n r\u00e1pida que cocina al vapor y fr\u00ede al aire simult\u00e1neamente para preparar comidas r\u00e1pidas 10 funciones: comida r\u00e1pida, fre\u00edr al vapor,","robots":{"index":"noindex","follow":"follow","max-snippet":"max-snippet:-1","max-image-preview":"max-image-preview:large","max-video-preview":"max-video-preview:-1"},"og_locale":"es_ES","og_type":"article","og_title":"NINJA Rapid Cooker y freidora de aire Speedi - dev6 Erresse","og_description":"El sistema de cocci\u00f3n r\u00e1pida que cocina al vapor y fr\u00ede al aire simult\u00e1neamente para preparar comidas r\u00e1pidas 10 funciones: comida r\u00e1pida, fre\u00edr al vapor,","og_url":"https:\/\/dev6.erresse-shop.it\/es\/shop\/pequenos-electrodomesticos\/procesadores-de-alimentos\/ninja-rapid-cooker-y-freidora-de-aire-speedi\/","og_site_name":"dev6 Erresse","og_image":[{"url":"https:\/\/interpim.erresse-shop.it\/Import\/Prodotti\/ninja-speedi-rapid-cooker-e-friggitrice-ad-aria.jpg","type":"","width":"","height":""},{"url":"https:\/\/interpim.erresse-shop.it\/Import\/Prodotti\/ninja-speedi-rapid-cooker-e-friggitrice-ad-aria.jpg","width":1024,"height":1024,"type":"image\/jpeg"}],"twitter_card":"summary_large_image","twitter_image":"https:\/\/interpim.erresse-shop.it\/Import\/Prodotti\/ninja-speedi-rapid-cooker-e-friggitrice-ad-aria.jpg","schema":{"@context":"https:\/\/schema.org","@graph":[{"@type":"WebPage","@id":"https:\/\/dev6.erresse-shop.it\/es\/shop\/pequenos-electrodomesticos\/procesadores-de-alimentos\/ninja-rapid-cooker-y-freidora-de-aire-speedi\/","url":"https:\/\/dev6.erresse-shop.it\/es\/shop\/pequenos-electrodomesticos\/procesadores-de-alimentos\/ninja-rapid-cooker-y-freidora-de-aire-speedi\/","name":"NINJA Rapid Cooker y freidora de aire Speedi - dev6 Erresse","isPartOf":{"@id":"https:\/\/dev6.erresse-shop.it\/#website"},"primaryImageOfPage":{"@id":"https:\/\/dev6.erresse-shop.it\/es\/shop\/pequenos-electrodomesticos\/procesadores-de-alimentos\/ninja-rapid-cooker-y-freidora-de-aire-speedi\/#primaryimage"},"image":{"@id":"https:\/\/dev6.erresse-shop.it\/es\/shop\/pequenos-electrodomesticos\/procesadores-de-alimentos\/ninja-rapid-cooker-y-freidora-de-aire-speedi\/#primaryimage"},"thumbnailUrl":"https:\/\/i0.wp.com\/interpim.erresse-shop.it\/Import\/Prodotti\/ninja-speedi-rapid-cooker-e-friggitrice-ad-aria.jpg?ssl=1","datePublished":"2026-04-12T08:35:02+00:00","description":"El sistema de cocci\u00f3n r\u00e1pida que cocina al vapor y fr\u00ede al aire simult\u00e1neamente para preparar comidas r\u00e1pidas 10 funciones: comida r\u00e1pida, fre\u00edr al vapor,","breadcrumb":{"@id":"https:\/\/dev6.erresse-shop.it\/es\/shop\/pequenos-electrodomesticos\/procesadores-de-alimentos\/ninja-rapid-cooker-y-freidora-de-aire-speedi\/#breadcrumb"},"inLanguage":"es","potentialAction":[{"@type":"ReadAction","target":["https:\/\/dev6.erresse-shop.it\/es\/shop\/pequenos-electrodomesticos\/procesadores-de-alimentos\/ninja-rapid-cooker-y-freidora-de-aire-speedi\/"]}]},{"@type":"ImageObject","inLanguage":"es","@id":"https:\/\/dev6.erresse-shop.it\/es\/shop\/pequenos-electrodomesticos\/procesadores-de-alimentos\/ninja-rapid-cooker-y-freidora-de-aire-speedi\/#primaryimage","url":"https:\/\/i0.wp.com\/interpim.erresse-shop.it\/Import\/Prodotti\/ninja-speedi-rapid-cooker-e-friggitrice-ad-aria.jpg?ssl=1","contentUrl":"https:\/\/i0.wp.com\/interpim.erresse-shop.it\/Import\/Prodotti\/ninja-speedi-rapid-cooker-e-friggitrice-ad-aria.jpg?ssl=1"},{"@type":"BreadcrumbList","@id":"https:\/\/dev6.erresse-shop.it\/es\/shop\/pequenos-electrodomesticos\/procesadores-de-alimentos\/ninja-rapid-cooker-y-freidora-de-aire-speedi\/#breadcrumb","itemListElement":[{"@type":"ListItem","position":1,"name":"Home","item":"https:\/\/dev6.erresse-shop.it\/"},{"@type":"ListItem","position":2,"name":"Tienda","item":"https:\/\/dev6.erresse-shop.it\/shop\/"},{"@type":"ListItem","position":3,"name":"NINJA Rapid Cooker y freidora de aire Speedi"}]},{"@type":"WebSite","@id":"https:\/\/dev6.erresse-shop.it\/#website","url":"https:\/\/dev6.erresse-shop.it\/","name":"Erresse Shop","description":"","publisher":{"@id":"https:\/\/dev6.erresse-shop.it\/#organization"},"potentialAction":[{"@type":"SearchAction","target":{"@type":"EntryPoint","urlTemplate":"https:\/\/dev6.erresse-shop.it\/?s={search_term_string}"},"query-input":{"@type":"PropertyValueSpecification","valueRequired":true,"valueName":"search_term_string"}}],"inLanguage":"es"},{"@type":"Organization","@id":"https:\/\/dev6.erresse-shop.it\/#organization","name":"Erresse Shop","url":"https:\/\/dev6.erresse-shop.it\/","logo":{"@type":"ImageObject","inLanguage":"es","@id":"https:\/\/dev6.erresse-shop.it\/#\/schema\/logo\/image\/","url":"https:\/\/dev6.erresse-shop.it\/wp-content\/uploads\/2025\/01\/LOGO-ERRESSE-CLASSICO.svg","contentUrl":"https:\/\/dev6.erresse-shop.it\/wp-content\/uploads\/2025\/01\/LOGO-ERRESSE-CLASSICO.svg","caption":"Erresse Shop"},"image":{"@id":"https:\/\/dev6.erresse-shop.it\/#\/schema\/logo\/image\/"}}]}},"df_price":249.99,"df_sale_price":"","df_regular_price":249.99,"df_image_link":"https:\/\/i0.wp.com\/interpim.erresse-shop.it\/Import\/Prodotti\/ninja-speedi-rapid-cooker-e-friggitrice-ad-aria.jpg?resize=300,300&ssl=1","fifu_image_url":"https:\/\/interpim.erresse-shop.it\/Import\/Prodotti\/ninja-speedi-rapid-cooker-e-friggitrice-ad-aria.jpg","_links":{"self":[{"href":"https:\/\/dev6.erresse-shop.it\/es\/wp-json\/wp\/v2\/product\/1880820","targetHints":{"allow":["GET"]}}],"collection":[{"href":"https:\/\/dev6.erresse-shop.it\/es\/wp-json\/wp\/v2\/product"}],"about":[{"href":"https:\/\/dev6.erresse-shop.it\/es\/wp-json\/wp\/v2\/types\/product"}],"wp:featuredmedia":[{"embeddable":true,"href":"https:\/\/dev6.erresse-shop.it\/es\/wp-json\/wp\/v2\/media\/6366697"}],"wp:attachment":[{"href":"https:\/\/dev6.erresse-shop.it\/es\/wp-json\/wp\/v2\/media?parent=1880820"}],"wp:term":[{"taxonomy":"product_cat","embeddable":true,"href":"https:\/\/dev6.erresse-shop.it\/es\/wp-json\/wp\/v2\/product_cat?post=1880820"},{"taxonomy":"product_tag","embeddable":true,"href":"https:\/\/dev6.erresse-shop.it\/es\/wp-json\/wp\/v2\/product_tag?post=1880820"}],"curies":[{"name":"wp","href":"https:\/\/api.w.org\/{rel}","templated":true}]}}