{"id":1880802,"date":"2026-04-04T10:30:46","date_gmt":"2026-04-04T08:30:46","guid":{"rendered":"https:\/\/dev6.erresse-shop.it\/shop\/sin%20categor\u00eda\/mauviel-1830-cacerola-baja-2-asas-24-cm-con-tapa\/"},"modified":"2025-07-04T23:08:59","modified_gmt":"2025-07-04T21:08:59","slug":"mauviel-1830-cacerola-baja-2-asas-24-cm-con-tapa","status":"publish","type":"product","link":"https:\/\/dev6.erresse-shop.it\/es\/shop\/sartenes-y-ollas\/cazuelas\/mauviel-1830-cacerola-baja-2-asas-24-cm-con-tapa\/","title":{"rendered":"MAUVIEL 1830 Cacerola Baja 2 Asas 24 cm Con Tapa"},"content":{"rendered":"<p>Sart\u00e9n con tapa de cobre, interior de acero inoxidable bilaminado, marco de acero inoxidable fundido de la colecci\u00f3n M\u2019150S.El rondo es un utensilio de cocina redondo con lados verticales bajos. Equipado con una tapa y dos asas remachadas firmadas Mauviel1830, puede pasar de la cocina a la mesa para un servicio instant\u00e1neo gracias a su dise\u00f1o chic. El rondo ofrece los mismos usos que el Saut\u00e9: dorar todas las preparaciones, saltear sin riesgo de desbordamiento\u2026 Es un excelente complemento en la cocina, que enriquece los horizontes culinarios de todos los chefs, aficionados y profesionales.<\/p>\n<p>La colecci\u00f3n M\u2019H\u00e9ritage es la sutil fusi\u00f3n de dos materiales tradicionales y de alto rendimiento. El cobre pulido combinado con el acero inoxidable renueva el placer de cocinar. Su interior de acero inoxidable 18\/10 es ideal para cocinar a diario. El cobre garantiza una excelente conducci\u00f3n del calor de forma r\u00e1pida y uniforme, lo que confiere a la l\u00ednea una excelente calidad de cocci\u00f3n. La colecci\u00f3n, compuesta por un 90% de cobre y un 10% de acero inoxidable, se ofrece en diferentes marcos y en dos grosores, para que todos puedan encontrar el utensilio culinario que se adapte a sus usos y gustos.<\/p>\n<p>CARACTER\u00cdSTICAS T\u00c9CNICAS:<\/p>\n<p>Di\u00e1metro: 24 cm<\/p>\n<p>Altura: 7,5 cm<\/p>\n<p>Capacidad: 3,3 L<\/p>\n<p>Dimensiones: 36,5\u00d725,5 cm<\/p>\n<p>Uso:<\/p>\n<p>Todos los quemadores excepto inducci\u00f3n \u2013 Compatible con horno \u2013 No apta para lavavajillas<\/p>\n<p>Todos los productos se fabrican en Normand\u00eda, en Villedieu-les-Po\u00eales.<\/p>\n","protected":false},"excerpt":{"rendered":"<p>Sart\u00e9n con tapa de cobre, interior de acero inoxidable bilaminado, marco de acero inoxidable fundido de la colecci\u00f3n M\u2019150S.El rondo es un utensilio de cocina redondo con lados verticales bajos. Equipado con una tapa y dos asas remachadas firmadas Mauviel1830, puede pasar de la cocina a la mesa para un servicio instant\u00e1neo gracias a su [&hellip;]<\/p>\n","protected":false},"featured_media":6283419,"template":"","meta":{"_acf_changed":false},"product_cat":[11904,11667,11883],"product_tag":[],"class_list":{"0":"post-1880802","1":"product","2":"type-product","3":"status-publish","4":"has-post-thumbnail","6":"product_cat-cazuelas","7":"product_cat-padelle-pentole","8":"product_cat-sartenes-y-ollas","10":"first","11":"instock","12":"taxable","13":"shipping-taxable","14":"product-type-simple","swatches":"rey-swatches","show_selected":"","stretch_labels":"rey-swatches--stretch-labels"},"acf":[],"yoast_head":"<!-- This site is optimized with the Yoast SEO plugin v25.4 - https:\/\/yoast.com\/wordpress\/plugins\/seo\/ -->\n<title>MAUVIEL 1830 Cacerola Baja 2 Asas 24 cm Con Tapa - dev6 Erresse<\/title>\n<meta name=\"description\" content=\"Sart\u00e9n con tapa de cobre, interior de acero inoxidable bilaminado, marco de acero inoxidable fundido de la colecci\u00f3n M\u2019150S.El rondo es un utensilio de\" \/>\n<meta name=\"robots\" content=\"noindex, follow, max-snippet:-1, max-image-preview:large, max-video-preview:-1\" \/>\n<meta property=\"og:locale\" content=\"es_ES\" \/>\n<meta property=\"og:type\" content=\"article\" \/>\n<meta property=\"og:title\" content=\"MAUVIEL 1830 Cacerola Baja 2 Asas 24 cm Con Tapa - dev6 Erresse\" \/>\n<meta property=\"og:description\" content=\"Sart\u00e9n con tapa de cobre, interior de acero inoxidable bilaminado, marco de acero inoxidable fundido de la colecci\u00f3n M\u2019150S.El rondo es un utensilio de\" \/>\n<meta property=\"og:url\" content=\"https:\/\/dev6.erresse-shop.it\/es\/shop\/sartenes-y-ollas\/cazuelas\/mauviel-1830-cacerola-baja-2-asas-24-cm-con-tapa\/\" \/>\n<meta property=\"og:site_name\" content=\"dev6 Erresse\" \/>\n<meta property=\"og:image\" content=\"https:\/\/interpim.erresse-shop.it\/Import\/Prodotti\/mauviel-1830-casseruola-bassa-2-manici-28-cm-con-coperchio.jpg\" \/><meta property=\"og:image\" content=\"https:\/\/interpim.erresse-shop.it\/Import\/Prodotti\/mauviel-1830-casseruola-bassa-2-manici-28-cm-con-coperchio.jpg\" \/>\n\t<meta property=\"og:image:width\" content=\"1024\" \/>\n\t<meta property=\"og:image:height\" content=\"1024\" \/>\n\t<meta property=\"og:image:type\" content=\"image\/jpeg\" \/>\n<meta name=\"twitter:card\" content=\"summary_large_image\" \/>\n<meta name=\"twitter:image\" content=\"https:\/\/interpim.erresse-shop.it\/Import\/Prodotti\/mauviel-1830-casseruola-bassa-2-manici-28-cm-con-coperchio.jpg\" \/>\n<script type=\"application\/ld+json\" class=\"yoast-schema-graph\">{\"@context\":\"https:\/\/schema.org\",\"@graph\":[{\"@type\":\"WebPage\",\"@id\":\"https:\/\/dev6.erresse-shop.it\/es\/shop\/sartenes-y-ollas\/cazuelas\/mauviel-1830-cacerola-baja-2-asas-24-cm-con-tapa\/\",\"url\":\"https:\/\/dev6.erresse-shop.it\/es\/shop\/sartenes-y-ollas\/cazuelas\/mauviel-1830-cacerola-baja-2-asas-24-cm-con-tapa\/\",\"name\":\"MAUVIEL 1830 Cacerola Baja 2 Asas 24 cm Con Tapa - dev6 Erresse\",\"isPartOf\":{\"@id\":\"https:\/\/dev6.erresse-shop.it\/#website\"},\"primaryImageOfPage\":{\"@id\":\"https:\/\/dev6.erresse-shop.it\/es\/shop\/sartenes-y-ollas\/cazuelas\/mauviel-1830-cacerola-baja-2-asas-24-cm-con-tapa\/#primaryimage\"},\"image\":{\"@id\":\"https:\/\/dev6.erresse-shop.it\/es\/shop\/sartenes-y-ollas\/cazuelas\/mauviel-1830-cacerola-baja-2-asas-24-cm-con-tapa\/#primaryimage\"},\"thumbnailUrl\":\"https:\/\/i3.wp.com\/interpim.erresse-shop.it\/Import\/Prodotti\/mauviel-1830-casseruola-bassa-2-manici-28-cm-con-coperchio.jpg?ssl=1\",\"datePublished\":\"2026-04-04T08:30:46+00:00\",\"description\":\"Sart\u00e9n con tapa de cobre, interior de acero inoxidable bilaminado, marco de acero inoxidable fundido de la colecci\u00f3n M\u2019150S.El rondo es un utensilio de\",\"breadcrumb\":{\"@id\":\"https:\/\/dev6.erresse-shop.it\/es\/shop\/sartenes-y-ollas\/cazuelas\/mauviel-1830-cacerola-baja-2-asas-24-cm-con-tapa\/#breadcrumb\"},\"inLanguage\":\"es\",\"potentialAction\":[{\"@type\":\"ReadAction\",\"target\":[\"https:\/\/dev6.erresse-shop.it\/es\/shop\/sartenes-y-ollas\/cazuelas\/mauviel-1830-cacerola-baja-2-asas-24-cm-con-tapa\/\"]}]},{\"@type\":\"ImageObject\",\"inLanguage\":\"es\",\"@id\":\"https:\/\/dev6.erresse-shop.it\/es\/shop\/sartenes-y-ollas\/cazuelas\/mauviel-1830-cacerola-baja-2-asas-24-cm-con-tapa\/#primaryimage\",\"url\":\"https:\/\/i3.wp.com\/interpim.erresse-shop.it\/Import\/Prodotti\/mauviel-1830-casseruola-bassa-2-manici-28-cm-con-coperchio.jpg?ssl=1\",\"contentUrl\":\"https:\/\/i3.wp.com\/interpim.erresse-shop.it\/Import\/Prodotti\/mauviel-1830-casseruola-bassa-2-manici-28-cm-con-coperchio.jpg?ssl=1\"},{\"@type\":\"BreadcrumbList\",\"@id\":\"https:\/\/dev6.erresse-shop.it\/es\/shop\/sartenes-y-ollas\/cazuelas\/mauviel-1830-cacerola-baja-2-asas-24-cm-con-tapa\/#breadcrumb\",\"itemListElement\":[{\"@type\":\"ListItem\",\"position\":1,\"name\":\"Home\",\"item\":\"https:\/\/dev6.erresse-shop.it\/\"},{\"@type\":\"ListItem\",\"position\":2,\"name\":\"Tienda\",\"item\":\"https:\/\/dev6.erresse-shop.it\/shop\/\"},{\"@type\":\"ListItem\",\"position\":3,\"name\":\"MAUVIEL 1830 Cacerola Baja 2 Asas 24 cm Con Tapa\"}]},{\"@type\":\"WebSite\",\"@id\":\"https:\/\/dev6.erresse-shop.it\/#website\",\"url\":\"https:\/\/dev6.erresse-shop.it\/\",\"name\":\"Erresse Shop\",\"description\":\"\",\"publisher\":{\"@id\":\"https:\/\/dev6.erresse-shop.it\/#organization\"},\"potentialAction\":[{\"@type\":\"SearchAction\",\"target\":{\"@type\":\"EntryPoint\",\"urlTemplate\":\"https:\/\/dev6.erresse-shop.it\/?s={search_term_string}\"},\"query-input\":{\"@type\":\"PropertyValueSpecification\",\"valueRequired\":true,\"valueName\":\"search_term_string\"}}],\"inLanguage\":\"es\"},{\"@type\":\"Organization\",\"@id\":\"https:\/\/dev6.erresse-shop.it\/#organization\",\"name\":\"Erresse Shop\",\"url\":\"https:\/\/dev6.erresse-shop.it\/\",\"logo\":{\"@type\":\"ImageObject\",\"inLanguage\":\"es\",\"@id\":\"https:\/\/dev6.erresse-shop.it\/#\/schema\/logo\/image\/\",\"url\":\"https:\/\/dev6.erresse-shop.it\/wp-content\/uploads\/2025\/01\/LOGO-ERRESSE-CLASSICO.svg\",\"contentUrl\":\"https:\/\/dev6.erresse-shop.it\/wp-content\/uploads\/2025\/01\/LOGO-ERRESSE-CLASSICO.svg\",\"caption\":\"Erresse Shop\"},\"image\":{\"@id\":\"https:\/\/dev6.erresse-shop.it\/#\/schema\/logo\/image\/\"}}]}<\/script>\n<!-- \/ Yoast SEO plugin. -->","yoast_head_json":{"title":"MAUVIEL 1830 Cacerola Baja 2 Asas 24 cm Con Tapa - dev6 Erresse","description":"Sart\u00e9n con tapa de cobre, interior de acero inoxidable bilaminado, marco de acero inoxidable fundido de la colecci\u00f3n M\u2019150S.El rondo es un utensilio de","robots":{"index":"noindex","follow":"follow","max-snippet":"max-snippet:-1","max-image-preview":"max-image-preview:large","max-video-preview":"max-video-preview:-1"},"og_locale":"es_ES","og_type":"article","og_title":"MAUVIEL 1830 Cacerola Baja 2 Asas 24 cm Con Tapa - dev6 Erresse","og_description":"Sart\u00e9n con tapa de cobre, interior de acero inoxidable bilaminado, marco de acero inoxidable fundido de la colecci\u00f3n M\u2019150S.El rondo es un utensilio de","og_url":"https:\/\/dev6.erresse-shop.it\/es\/shop\/sartenes-y-ollas\/cazuelas\/mauviel-1830-cacerola-baja-2-asas-24-cm-con-tapa\/","og_site_name":"dev6 Erresse","og_image":[{"url":"https:\/\/interpim.erresse-shop.it\/Import\/Prodotti\/mauviel-1830-casseruola-bassa-2-manici-28-cm-con-coperchio.jpg","type":"","width":"","height":""},{"url":"https:\/\/interpim.erresse-shop.it\/Import\/Prodotti\/mauviel-1830-casseruola-bassa-2-manici-28-cm-con-coperchio.jpg","width":1024,"height":1024,"type":"image\/jpeg"}],"twitter_card":"summary_large_image","twitter_image":"https:\/\/interpim.erresse-shop.it\/Import\/Prodotti\/mauviel-1830-casseruola-bassa-2-manici-28-cm-con-coperchio.jpg","schema":{"@context":"https:\/\/schema.org","@graph":[{"@type":"WebPage","@id":"https:\/\/dev6.erresse-shop.it\/es\/shop\/sartenes-y-ollas\/cazuelas\/mauviel-1830-cacerola-baja-2-asas-24-cm-con-tapa\/","url":"https:\/\/dev6.erresse-shop.it\/es\/shop\/sartenes-y-ollas\/cazuelas\/mauviel-1830-cacerola-baja-2-asas-24-cm-con-tapa\/","name":"MAUVIEL 1830 Cacerola Baja 2 Asas 24 cm Con Tapa - dev6 Erresse","isPartOf":{"@id":"https:\/\/dev6.erresse-shop.it\/#website"},"primaryImageOfPage":{"@id":"https:\/\/dev6.erresse-shop.it\/es\/shop\/sartenes-y-ollas\/cazuelas\/mauviel-1830-cacerola-baja-2-asas-24-cm-con-tapa\/#primaryimage"},"image":{"@id":"https:\/\/dev6.erresse-shop.it\/es\/shop\/sartenes-y-ollas\/cazuelas\/mauviel-1830-cacerola-baja-2-asas-24-cm-con-tapa\/#primaryimage"},"thumbnailUrl":"https:\/\/i3.wp.com\/interpim.erresse-shop.it\/Import\/Prodotti\/mauviel-1830-casseruola-bassa-2-manici-28-cm-con-coperchio.jpg?ssl=1","datePublished":"2026-04-04T08:30:46+00:00","description":"Sart\u00e9n con tapa de cobre, interior de acero inoxidable bilaminado, marco de acero inoxidable fundido de la colecci\u00f3n M\u2019150S.El rondo es un utensilio de","breadcrumb":{"@id":"https:\/\/dev6.erresse-shop.it\/es\/shop\/sartenes-y-ollas\/cazuelas\/mauviel-1830-cacerola-baja-2-asas-24-cm-con-tapa\/#breadcrumb"},"inLanguage":"es","potentialAction":[{"@type":"ReadAction","target":["https:\/\/dev6.erresse-shop.it\/es\/shop\/sartenes-y-ollas\/cazuelas\/mauviel-1830-cacerola-baja-2-asas-24-cm-con-tapa\/"]}]},{"@type":"ImageObject","inLanguage":"es","@id":"https:\/\/dev6.erresse-shop.it\/es\/shop\/sartenes-y-ollas\/cazuelas\/mauviel-1830-cacerola-baja-2-asas-24-cm-con-tapa\/#primaryimage","url":"https:\/\/i3.wp.com\/interpim.erresse-shop.it\/Import\/Prodotti\/mauviel-1830-casseruola-bassa-2-manici-28-cm-con-coperchio.jpg?ssl=1","contentUrl":"https:\/\/i3.wp.com\/interpim.erresse-shop.it\/Import\/Prodotti\/mauviel-1830-casseruola-bassa-2-manici-28-cm-con-coperchio.jpg?ssl=1"},{"@type":"BreadcrumbList","@id":"https:\/\/dev6.erresse-shop.it\/es\/shop\/sartenes-y-ollas\/cazuelas\/mauviel-1830-cacerola-baja-2-asas-24-cm-con-tapa\/#breadcrumb","itemListElement":[{"@type":"ListItem","position":1,"name":"Home","item":"https:\/\/dev6.erresse-shop.it\/"},{"@type":"ListItem","position":2,"name":"Tienda","item":"https:\/\/dev6.erresse-shop.it\/shop\/"},{"@type":"ListItem","position":3,"name":"MAUVIEL 1830 Cacerola Baja 2 Asas 24 cm Con Tapa"}]},{"@type":"WebSite","@id":"https:\/\/dev6.erresse-shop.it\/#website","url":"https:\/\/dev6.erresse-shop.it\/","name":"Erresse Shop","description":"","publisher":{"@id":"https:\/\/dev6.erresse-shop.it\/#organization"},"potentialAction":[{"@type":"SearchAction","target":{"@type":"EntryPoint","urlTemplate":"https:\/\/dev6.erresse-shop.it\/?s={search_term_string}"},"query-input":{"@type":"PropertyValueSpecification","valueRequired":true,"valueName":"search_term_string"}}],"inLanguage":"es"},{"@type":"Organization","@id":"https:\/\/dev6.erresse-shop.it\/#organization","name":"Erresse Shop","url":"https:\/\/dev6.erresse-shop.it\/","logo":{"@type":"ImageObject","inLanguage":"es","@id":"https:\/\/dev6.erresse-shop.it\/#\/schema\/logo\/image\/","url":"https:\/\/dev6.erresse-shop.it\/wp-content\/uploads\/2025\/01\/LOGO-ERRESSE-CLASSICO.svg","contentUrl":"https:\/\/dev6.erresse-shop.it\/wp-content\/uploads\/2025\/01\/LOGO-ERRESSE-CLASSICO.svg","caption":"Erresse Shop"},"image":{"@id":"https:\/\/dev6.erresse-shop.it\/#\/schema\/logo\/image\/"}}]}},"df_price":"","df_sale_price":"","df_regular_price":"","df_image_link":"https:\/\/i3.wp.com\/interpim.erresse-shop.it\/Import\/Prodotti\/mauviel-1830-casseruola-bassa-2-manici-28-cm-con-coperchio.jpg?resize=300,300&ssl=1","fifu_image_url":"https:\/\/interpim.erresse-shop.it\/Import\/Prodotti\/mauviel-1830-casseruola-bassa-2-manici-28-cm-con-coperchio.jpg","_links":{"self":[{"href":"https:\/\/dev6.erresse-shop.it\/es\/wp-json\/wp\/v2\/product\/1880802","targetHints":{"allow":["GET"]}}],"collection":[{"href":"https:\/\/dev6.erresse-shop.it\/es\/wp-json\/wp\/v2\/product"}],"about":[{"href":"https:\/\/dev6.erresse-shop.it\/es\/wp-json\/wp\/v2\/types\/product"}],"wp:featuredmedia":[{"embeddable":true,"href":"https:\/\/dev6.erresse-shop.it\/es\/wp-json\/wp\/v2\/media\/6283419"}],"wp:attachment":[{"href":"https:\/\/dev6.erresse-shop.it\/es\/wp-json\/wp\/v2\/media?parent=1880802"}],"wp:term":[{"taxonomy":"product_cat","embeddable":true,"href":"https:\/\/dev6.erresse-shop.it\/es\/wp-json\/wp\/v2\/product_cat?post=1880802"},{"taxonomy":"product_tag","embeddable":true,"href":"https:\/\/dev6.erresse-shop.it\/es\/wp-json\/wp\/v2\/product_tag?post=1880802"}],"curies":[{"name":"wp","href":"https:\/\/api.w.org\/{rel}","templated":true}]}}