{"id":1880792,"date":"2026-04-04T10:30:46","date_gmt":"2026-04-04T08:30:46","guid":{"rendered":"https:\/\/dev6.erresse-shop.it\/shop\/sin%20categor\u00eda\/mauviel-1830-cacerola-1-asa-14-cm\/"},"modified":"2025-07-04T23:08:43","modified_gmt":"2025-07-04T21:08:43","slug":"mauviel-1830-cacerola-1-asa-14-cm","status":"publish","type":"product","link":"https:\/\/dev6.erresse-shop.it\/es\/shop\/sartenes-y-ollas\/ollas-y-cacerolas\/mauviel-1830-cacerola-1-asa-14-cm\/","title":{"rendered":"MAUVIEL 1830 Cacerola 1 asa 14 cm"},"content":{"rendered":"<p>Maceta de cobre con interior de acero inoxidable bilaminado y marco de acero inoxidable fundido de la colecci\u00f3n M\u2019150S.<\/p>\n<p>Todos los productos se fabrican en Normand\u00eda, en Villedieu-les-Po\u00eales.<\/p>\n<p>La bater\u00eda de cocina es el utensilio de cocina m\u00e1s cl\u00e1sico; imprescindible, debe ofrecer las mejores prestaciones en la cocina para un uso \u00f3ptimo.<\/p>\n<p>Por ello, Mauviel1830 ha dise\u00f1ado con sumo cuidado sus l\u00edneas de utensilios de cocina, prestando especial atenci\u00f3n a la conductividad t\u00e9rmica y a la durabilidad.<\/p>\n<p>Generalmente utilizada para cocinar recetas a base de l\u00edquidos en grandes cantidades de agua, la olla tambi\u00e9n se utiliza para cocinar carnes, salsas\u2026<\/p>\n<p>La colecci\u00f3n M\u2019H\u00e9ritage es la sutil fusi\u00f3n de dos materiales tradicionales y de alto rendimiento. El cobre pulido combinado con el acero inoxidable renueva el placer de cocinar.<\/p>\n<p>Su interior de acero inoxidable 18\/10 es ideal para cocinar a diario. El cobre garantiza una excelente conducci\u00f3n del calor de forma r\u00e1pida y uniforme, lo que confiere a la l\u00ednea una excelente calidad de cocci\u00f3n.<\/p>\n<p>La colecci\u00f3n, compuesta por un 90% de cobre y un 10% de acero inoxidable, se ofrece en diferentes marcos y en dos grosores, para que todos puedan encontrar el utensilio culinario que se adapte a sus usos y gustos.<\/p>\n<p>CARACTER\u00cdSTICAS T\u00c9CNICAS:<\/p>\n<p>Di\u00e1metro: 14 cm<\/p>\n<p>Altura: 7,9 cm<\/p>\n<p>Capacidad: 1,2 L<\/p>\n<p>Dimensiones: 31\u00d714,5 cm<\/p>\n<p>Uso:<\/p>\n<p>Todos los quemadores excepto inducci\u00f3n \u2013 Compatible con horno \u2013 No apto para lavavajillas<\/p>\n","protected":false},"excerpt":{"rendered":"<p>Maceta de cobre con interior de acero inoxidable bilaminado y marco de acero inoxidable fundido de la colecci\u00f3n M\u2019150S. Todos los productos se fabrican en Normand\u00eda, en Villedieu-les-Po\u00eales. La bater\u00eda de cocina es el utensilio de cocina m\u00e1s cl\u00e1sico; imprescindible, debe ofrecer las mejores prestaciones en la cocina para un uso \u00f3ptimo. Por ello, Mauviel1830 [&hellip;]<\/p>\n","protected":false},"featured_media":6283408,"template":"","meta":{"_acf_changed":false},"product_cat":[11893,11667,11883],"product_tag":[],"class_list":{"0":"post-1880792","1":"product","2":"type-product","3":"status-publish","4":"has-post-thumbnail","6":"product_cat-ollas-y-cacerolas","7":"product_cat-padelle-pentole","8":"product_cat-sartenes-y-ollas","10":"first","11":"instock","12":"taxable","13":"shipping-taxable","14":"product-type-simple","swatches":"rey-swatches","show_selected":"","stretch_labels":"rey-swatches--stretch-labels"},"acf":[],"yoast_head":"<!-- This site is optimized with the Yoast SEO plugin v25.4 - https:\/\/yoast.com\/wordpress\/plugins\/seo\/ -->\n<title>MAUVIEL 1830 Cacerola 1 asa 14 cm - dev6 Erresse<\/title>\n<meta name=\"description\" content=\"Maceta de cobre con interior de acero inoxidable bilaminado y marco de acero inoxidable fundido de la colecci\u00f3n M\u2019150S. Todos los productos se fabrican en\" \/>\n<meta name=\"robots\" content=\"noindex, follow, max-snippet:-1, max-image-preview:large, max-video-preview:-1\" \/>\n<meta property=\"og:locale\" content=\"es_ES\" \/>\n<meta property=\"og:type\" content=\"article\" \/>\n<meta property=\"og:title\" content=\"MAUVIEL 1830 Cacerola 1 asa 14 cm - dev6 Erresse\" \/>\n<meta property=\"og:description\" content=\"Maceta de cobre con interior de acero inoxidable bilaminado y marco de acero inoxidable fundido de la colecci\u00f3n M\u2019150S. Todos los productos se fabrican en\" \/>\n<meta property=\"og:url\" content=\"https:\/\/dev6.erresse-shop.it\/es\/shop\/sartenes-y-ollas\/ollas-y-cacerolas\/mauviel-1830-cacerola-1-asa-14-cm\/\" \/>\n<meta property=\"og:site_name\" content=\"dev6 Erresse\" \/>\n<meta property=\"og:image\" content=\"https:\/\/interpim.erresse-shop.it\/Import\/Prodotti\/mauviel-1830-casseruola-1-manico-14-cm.jpg\" \/><meta property=\"og:image\" content=\"https:\/\/interpim.erresse-shop.it\/Import\/Prodotti\/mauviel-1830-casseruola-1-manico-14-cm.jpg\" \/>\n\t<meta property=\"og:image:width\" content=\"1024\" \/>\n\t<meta property=\"og:image:height\" content=\"1024\" \/>\n\t<meta property=\"og:image:type\" content=\"image\/jpeg\" \/>\n<meta name=\"twitter:card\" content=\"summary_large_image\" \/>\n<meta name=\"twitter:image\" content=\"https:\/\/interpim.erresse-shop.it\/Import\/Prodotti\/mauviel-1830-casseruola-1-manico-14-cm.jpg\" \/>\n<script type=\"application\/ld+json\" class=\"yoast-schema-graph\">{\"@context\":\"https:\/\/schema.org\",\"@graph\":[{\"@type\":\"WebPage\",\"@id\":\"https:\/\/dev6.erresse-shop.it\/es\/shop\/sartenes-y-ollas\/ollas-y-cacerolas\/mauviel-1830-cacerola-1-asa-14-cm\/\",\"url\":\"https:\/\/dev6.erresse-shop.it\/es\/shop\/sartenes-y-ollas\/ollas-y-cacerolas\/mauviel-1830-cacerola-1-asa-14-cm\/\",\"name\":\"MAUVIEL 1830 Cacerola 1 asa 14 cm - dev6 Erresse\",\"isPartOf\":{\"@id\":\"https:\/\/dev6.erresse-shop.it\/#website\"},\"primaryImageOfPage\":{\"@id\":\"https:\/\/dev6.erresse-shop.it\/es\/shop\/sartenes-y-ollas\/ollas-y-cacerolas\/mauviel-1830-cacerola-1-asa-14-cm\/#primaryimage\"},\"image\":{\"@id\":\"https:\/\/dev6.erresse-shop.it\/es\/shop\/sartenes-y-ollas\/ollas-y-cacerolas\/mauviel-1830-cacerola-1-asa-14-cm\/#primaryimage\"},\"thumbnailUrl\":\"https:\/\/i2.wp.com\/interpim.erresse-shop.it\/Import\/Prodotti\/mauviel-1830-casseruola-1-manico-14-cm.jpg?ssl=1\",\"datePublished\":\"2026-04-04T08:30:46+00:00\",\"description\":\"Maceta de cobre con interior de acero inoxidable bilaminado y marco de acero inoxidable fundido de la colecci\u00f3n M\u2019150S. Todos los productos se fabrican en\",\"breadcrumb\":{\"@id\":\"https:\/\/dev6.erresse-shop.it\/es\/shop\/sartenes-y-ollas\/ollas-y-cacerolas\/mauviel-1830-cacerola-1-asa-14-cm\/#breadcrumb\"},\"inLanguage\":\"es\",\"potentialAction\":[{\"@type\":\"ReadAction\",\"target\":[\"https:\/\/dev6.erresse-shop.it\/es\/shop\/sartenes-y-ollas\/ollas-y-cacerolas\/mauviel-1830-cacerola-1-asa-14-cm\/\"]}]},{\"@type\":\"ImageObject\",\"inLanguage\":\"es\",\"@id\":\"https:\/\/dev6.erresse-shop.it\/es\/shop\/sartenes-y-ollas\/ollas-y-cacerolas\/mauviel-1830-cacerola-1-asa-14-cm\/#primaryimage\",\"url\":\"https:\/\/i2.wp.com\/interpim.erresse-shop.it\/Import\/Prodotti\/mauviel-1830-casseruola-1-manico-14-cm.jpg?ssl=1\",\"contentUrl\":\"https:\/\/i2.wp.com\/interpim.erresse-shop.it\/Import\/Prodotti\/mauviel-1830-casseruola-1-manico-14-cm.jpg?ssl=1\"},{\"@type\":\"BreadcrumbList\",\"@id\":\"https:\/\/dev6.erresse-shop.it\/es\/shop\/sartenes-y-ollas\/ollas-y-cacerolas\/mauviel-1830-cacerola-1-asa-14-cm\/#breadcrumb\",\"itemListElement\":[{\"@type\":\"ListItem\",\"position\":1,\"name\":\"Home\",\"item\":\"https:\/\/dev6.erresse-shop.it\/\"},{\"@type\":\"ListItem\",\"position\":2,\"name\":\"Tienda\",\"item\":\"https:\/\/dev6.erresse-shop.it\/shop\/\"},{\"@type\":\"ListItem\",\"position\":3,\"name\":\"MAUVIEL 1830 Cacerola 1 asa 14 cm\"}]},{\"@type\":\"WebSite\",\"@id\":\"https:\/\/dev6.erresse-shop.it\/#website\",\"url\":\"https:\/\/dev6.erresse-shop.it\/\",\"name\":\"Erresse Shop\",\"description\":\"\",\"publisher\":{\"@id\":\"https:\/\/dev6.erresse-shop.it\/#organization\"},\"potentialAction\":[{\"@type\":\"SearchAction\",\"target\":{\"@type\":\"EntryPoint\",\"urlTemplate\":\"https:\/\/dev6.erresse-shop.it\/?s={search_term_string}\"},\"query-input\":{\"@type\":\"PropertyValueSpecification\",\"valueRequired\":true,\"valueName\":\"search_term_string\"}}],\"inLanguage\":\"es\"},{\"@type\":\"Organization\",\"@id\":\"https:\/\/dev6.erresse-shop.it\/#organization\",\"name\":\"Erresse Shop\",\"url\":\"https:\/\/dev6.erresse-shop.it\/\",\"logo\":{\"@type\":\"ImageObject\",\"inLanguage\":\"es\",\"@id\":\"https:\/\/dev6.erresse-shop.it\/#\/schema\/logo\/image\/\",\"url\":\"https:\/\/dev6.erresse-shop.it\/wp-content\/uploads\/2025\/01\/LOGO-ERRESSE-CLASSICO.svg\",\"contentUrl\":\"https:\/\/dev6.erresse-shop.it\/wp-content\/uploads\/2025\/01\/LOGO-ERRESSE-CLASSICO.svg\",\"caption\":\"Erresse Shop\"},\"image\":{\"@id\":\"https:\/\/dev6.erresse-shop.it\/#\/schema\/logo\/image\/\"}}]}<\/script>\n<!-- \/ Yoast SEO plugin. -->","yoast_head_json":{"title":"MAUVIEL 1830 Cacerola 1 asa 14 cm - dev6 Erresse","description":"Maceta de cobre con interior de acero inoxidable bilaminado y marco de acero inoxidable fundido de la colecci\u00f3n M\u2019150S. Todos los productos se fabrican en","robots":{"index":"noindex","follow":"follow","max-snippet":"max-snippet:-1","max-image-preview":"max-image-preview:large","max-video-preview":"max-video-preview:-1"},"og_locale":"es_ES","og_type":"article","og_title":"MAUVIEL 1830 Cacerola 1 asa 14 cm - dev6 Erresse","og_description":"Maceta de cobre con interior de acero inoxidable bilaminado y marco de acero inoxidable fundido de la colecci\u00f3n M\u2019150S. Todos los productos se fabrican en","og_url":"https:\/\/dev6.erresse-shop.it\/es\/shop\/sartenes-y-ollas\/ollas-y-cacerolas\/mauviel-1830-cacerola-1-asa-14-cm\/","og_site_name":"dev6 Erresse","og_image":[{"url":"https:\/\/interpim.erresse-shop.it\/Import\/Prodotti\/mauviel-1830-casseruola-1-manico-14-cm.jpg","type":"","width":"","height":""},{"url":"https:\/\/interpim.erresse-shop.it\/Import\/Prodotti\/mauviel-1830-casseruola-1-manico-14-cm.jpg","width":1024,"height":1024,"type":"image\/jpeg"}],"twitter_card":"summary_large_image","twitter_image":"https:\/\/interpim.erresse-shop.it\/Import\/Prodotti\/mauviel-1830-casseruola-1-manico-14-cm.jpg","schema":{"@context":"https:\/\/schema.org","@graph":[{"@type":"WebPage","@id":"https:\/\/dev6.erresse-shop.it\/es\/shop\/sartenes-y-ollas\/ollas-y-cacerolas\/mauviel-1830-cacerola-1-asa-14-cm\/","url":"https:\/\/dev6.erresse-shop.it\/es\/shop\/sartenes-y-ollas\/ollas-y-cacerolas\/mauviel-1830-cacerola-1-asa-14-cm\/","name":"MAUVIEL 1830 Cacerola 1 asa 14 cm - dev6 Erresse","isPartOf":{"@id":"https:\/\/dev6.erresse-shop.it\/#website"},"primaryImageOfPage":{"@id":"https:\/\/dev6.erresse-shop.it\/es\/shop\/sartenes-y-ollas\/ollas-y-cacerolas\/mauviel-1830-cacerola-1-asa-14-cm\/#primaryimage"},"image":{"@id":"https:\/\/dev6.erresse-shop.it\/es\/shop\/sartenes-y-ollas\/ollas-y-cacerolas\/mauviel-1830-cacerola-1-asa-14-cm\/#primaryimage"},"thumbnailUrl":"https:\/\/i2.wp.com\/interpim.erresse-shop.it\/Import\/Prodotti\/mauviel-1830-casseruola-1-manico-14-cm.jpg?ssl=1","datePublished":"2026-04-04T08:30:46+00:00","description":"Maceta de cobre con interior de acero inoxidable bilaminado y marco de acero inoxidable fundido de la colecci\u00f3n M\u2019150S. Todos los productos se fabrican en","breadcrumb":{"@id":"https:\/\/dev6.erresse-shop.it\/es\/shop\/sartenes-y-ollas\/ollas-y-cacerolas\/mauviel-1830-cacerola-1-asa-14-cm\/#breadcrumb"},"inLanguage":"es","potentialAction":[{"@type":"ReadAction","target":["https:\/\/dev6.erresse-shop.it\/es\/shop\/sartenes-y-ollas\/ollas-y-cacerolas\/mauviel-1830-cacerola-1-asa-14-cm\/"]}]},{"@type":"ImageObject","inLanguage":"es","@id":"https:\/\/dev6.erresse-shop.it\/es\/shop\/sartenes-y-ollas\/ollas-y-cacerolas\/mauviel-1830-cacerola-1-asa-14-cm\/#primaryimage","url":"https:\/\/i2.wp.com\/interpim.erresse-shop.it\/Import\/Prodotti\/mauviel-1830-casseruola-1-manico-14-cm.jpg?ssl=1","contentUrl":"https:\/\/i2.wp.com\/interpim.erresse-shop.it\/Import\/Prodotti\/mauviel-1830-casseruola-1-manico-14-cm.jpg?ssl=1"},{"@type":"BreadcrumbList","@id":"https:\/\/dev6.erresse-shop.it\/es\/shop\/sartenes-y-ollas\/ollas-y-cacerolas\/mauviel-1830-cacerola-1-asa-14-cm\/#breadcrumb","itemListElement":[{"@type":"ListItem","position":1,"name":"Home","item":"https:\/\/dev6.erresse-shop.it\/"},{"@type":"ListItem","position":2,"name":"Tienda","item":"https:\/\/dev6.erresse-shop.it\/shop\/"},{"@type":"ListItem","position":3,"name":"MAUVIEL 1830 Cacerola 1 asa 14 cm"}]},{"@type":"WebSite","@id":"https:\/\/dev6.erresse-shop.it\/#website","url":"https:\/\/dev6.erresse-shop.it\/","name":"Erresse Shop","description":"","publisher":{"@id":"https:\/\/dev6.erresse-shop.it\/#organization"},"potentialAction":[{"@type":"SearchAction","target":{"@type":"EntryPoint","urlTemplate":"https:\/\/dev6.erresse-shop.it\/?s={search_term_string}"},"query-input":{"@type":"PropertyValueSpecification","valueRequired":true,"valueName":"search_term_string"}}],"inLanguage":"es"},{"@type":"Organization","@id":"https:\/\/dev6.erresse-shop.it\/#organization","name":"Erresse Shop","url":"https:\/\/dev6.erresse-shop.it\/","logo":{"@type":"ImageObject","inLanguage":"es","@id":"https:\/\/dev6.erresse-shop.it\/#\/schema\/logo\/image\/","url":"https:\/\/dev6.erresse-shop.it\/wp-content\/uploads\/2025\/01\/LOGO-ERRESSE-CLASSICO.svg","contentUrl":"https:\/\/dev6.erresse-shop.it\/wp-content\/uploads\/2025\/01\/LOGO-ERRESSE-CLASSICO.svg","caption":"Erresse Shop"},"image":{"@id":"https:\/\/dev6.erresse-shop.it\/#\/schema\/logo\/image\/"}}]}},"df_price":"","df_sale_price":"","df_regular_price":"","df_image_link":"https:\/\/i2.wp.com\/interpim.erresse-shop.it\/Import\/Prodotti\/mauviel-1830-casseruola-1-manico-14-cm.jpg?resize=300,300&ssl=1","fifu_image_url":"https:\/\/interpim.erresse-shop.it\/Import\/Prodotti\/mauviel-1830-casseruola-1-manico-14-cm.jpg","_links":{"self":[{"href":"https:\/\/dev6.erresse-shop.it\/es\/wp-json\/wp\/v2\/product\/1880792","targetHints":{"allow":["GET"]}}],"collection":[{"href":"https:\/\/dev6.erresse-shop.it\/es\/wp-json\/wp\/v2\/product"}],"about":[{"href":"https:\/\/dev6.erresse-shop.it\/es\/wp-json\/wp\/v2\/types\/product"}],"wp:featuredmedia":[{"embeddable":true,"href":"https:\/\/dev6.erresse-shop.it\/es\/wp-json\/wp\/v2\/media\/6283408"}],"wp:attachment":[{"href":"https:\/\/dev6.erresse-shop.it\/es\/wp-json\/wp\/v2\/media?parent=1880792"}],"wp:term":[{"taxonomy":"product_cat","embeddable":true,"href":"https:\/\/dev6.erresse-shop.it\/es\/wp-json\/wp\/v2\/product_cat?post=1880792"},{"taxonomy":"product_tag","embeddable":true,"href":"https:\/\/dev6.erresse-shop.it\/es\/wp-json\/wp\/v2\/product_tag?post=1880792"}],"curies":[{"name":"wp","href":"https:\/\/api.w.org\/{rel}","templated":true}]}}