{"id":1880790,"date":"2026-04-12T10:33:22","date_gmt":"2026-04-12T08:33:22","guid":{"rendered":"https:\/\/dev6.erresse-shop.it\/shop\/sin%20categor\u00eda\/bialetti-juego-moka-2-tazas-con-tazas-y-espatulas-dolce-e-gabbana\/"},"modified":"2025-09-14T08:54:37","modified_gmt":"2025-09-14T06:54:37","slug":"bialetti-juego-moka-2-tazas-con-tazas-y-espatulas-dolce-e-gabbana","status":"publish","type":"product","link":"https:\/\/dev6.erresse-shop.it\/es\/shop\/cocina\/cafeteras\/bialetti-juego-moka-2-tazas-con-tazas-y-espatulas-dolce-e-gabbana\/","title":{"rendered":"BIALETTI Juego Moka 2 Tazas con Tazas y Esp\u00e1tulas Dolce e Gabbana"},"content":{"rendered":"<p>Dos iconos del Made in Italy se unen para celebrar la belleza del ritual italiano del caf\u00e9. As\u00ed nace la preciosa caja Bialetti Dolce&amp;Gabbana compuesta por la Moka Express Carretto Siciliano 2 tz, dos vasitos de porcelana y dos paletinas doradas.<br \/>\nProductos exclusivos que evocan los motivos decorativos del Carretto Siciliano: un elemento del folclore de un lugar que, con sus tradiciones, siempre ha estado en el coraz\u00f3n de la est\u00e9tica Dolce&amp;Gabbana.<br \/>\nEl set Bialetti Dolce&amp;Gabbana es una verdadera obra maestra de estilo y sabor y constituye una idea de regalo perfecta.<br \/>\n1. Empiece vertiendo agua a temperatura ambiente en la caldera de la cafetera y ll\u00e9nela hasta el nivel de la v\u00e1lvula de seguridad. No sobrepase este nivel para evitar un caf\u00e9 demasiado aguado.<br \/>\n2. A continuaci\u00f3n, elija la mezcla de caf\u00e9 molido que prefiera. Atenci\u00f3n. La mezcla debe estar molida espec\u00edficamente para Moka, no demasiado fina. Llena generosamente el embudo de la cafetera, sin presionar el caf\u00e9 hacia abajo.<br \/>\n3. \u00bfUn peque\u00f1o secreto? Pon el fuego al m\u00ednimo y t\u00f3mate tu tiempo; merece la pena esperar unos minutos m\u00e1s para disfrutar de un caf\u00e9 excelente. Cuando el caf\u00e9 haya subido completamente en la bandeja de goteo, apague el fuego.<\/p>\n<p>4 Ahora llega el momento decisivo: el aroma. Para disfrutar de todos los aromas liberados, recomendamos beber el caf\u00e9 inmediatamente despu\u00e9s de verterlo en la taza.<\/p>\n<p>Dimensiones de la caja: 33 x 26 x 17 cm<\/p>\n<p>Capacidad de la tetera: 90 ML \u2013 3 OZ, equivalente a 2 tazas de caf\u00e9 colado<\/p>\n<p>Fabricada en Italia<\/p>\n<p>CARRO SICILIANO MOKA EXPRESS<\/p>\n<p>Material del cuerpo: aluminio.<\/p>\n<p>Mango y pomo: termopl\u00e1stico.<\/p>\n<p>V\u00e1lvula de seguridad f\u00e1cil de limpiar.<\/p>\n<p>Apto para placas de gas, el\u00e9ctricas y vitrocer\u00e1micas.<\/p>\n<p>S\u00f3lo apto para placas de inducci\u00f3n y s\u00f3lo en combinaci\u00f3n con una placa de inducci\u00f3n Bialetti.<\/p>\n<p>Cada Bialetti Dolce&amp;Gabbana Moka Express individual presenta elementos distintivos relacionados con la diferente posici\u00f3n de los motivos decorativos en el colector.<\/p>\n<p>Despu\u00e9s de cada uso, lavar con agua tibia sin utilizar detergentes y\/o abrasivos.<\/p>\n<p>No utilizar en placas de inducci\u00f3n.<\/p>\n","protected":false},"excerpt":{"rendered":"<p>Dos iconos del Made in Italy se unen para celebrar la belleza del ritual italiano del caf\u00e9. As\u00ed nace la preciosa caja Bialetti Dolce&amp;Gabbana compuesta por la Moka Express Carretto Siciliano 2 tz, dos vasitos de porcelana y dos paletinas doradas. Productos exclusivos que evocan los motivos decorativos del Carretto Siciliano: un elemento del folclore [&hellip;]<\/p>\n","protected":false},"featured_media":6366667,"template":"","meta":{"_acf_changed":false},"product_cat":[11894,11884,11668],"product_tag":[],"class_list":{"0":"post-1880790","1":"product","2":"type-product","3":"status-publish","4":"has-post-thumbnail","6":"product_cat-cafeteras","7":"product_cat-cocina","8":"product_cat-cucina","10":"first","11":"instock","12":"sale","13":"taxable","14":"shipping-taxable","15":"purchasable","16":"product-type-simple","swatches":"rey-swatches","show_selected":"","stretch_labels":"rey-swatches--stretch-labels"},"acf":[],"yoast_head":"<!-- This site is optimized with the Yoast SEO plugin v25.4 - https:\/\/yoast.com\/wordpress\/plugins\/seo\/ -->\n<title>BIALETTI Juego Moka 2 Tazas con Tazas y Esp\u00e1tulas Dolce e Gabbana - dev6 Erresse<\/title>\n<meta name=\"description\" content=\"Dos iconos del Made in Italy se unen para celebrar la belleza del ritual italiano del caf\u00e9. As\u00ed nace la preciosa caja Bialetti Dolce&amp;Gabbana compuesta\" \/>\n<meta name=\"robots\" content=\"noindex, follow, max-snippet:-1, max-image-preview:large, max-video-preview:-1\" \/>\n<meta property=\"og:locale\" content=\"es_ES\" \/>\n<meta property=\"og:type\" content=\"article\" \/>\n<meta property=\"og:title\" content=\"BIALETTI Juego Moka 2 Tazas con Tazas y Esp\u00e1tulas Dolce e Gabbana - dev6 Erresse\" \/>\n<meta property=\"og:description\" content=\"Dos iconos del Made in Italy se unen para celebrar la belleza del ritual italiano del caf\u00e9. As\u00ed nace la preciosa caja Bialetti Dolce&amp;Gabbana compuesta\" \/>\n<meta property=\"og:url\" content=\"https:\/\/dev6.erresse-shop.it\/es\/shop\/cocina\/cafeteras\/bialetti-juego-moka-2-tazas-con-tazas-y-espatulas-dolce-e-gabbana\/\" \/>\n<meta property=\"og:site_name\" content=\"dev6 Erresse\" \/>\n<meta property=\"og:image\" content=\"https:\/\/interpim.erresse-shop.it\/Import\/Prodotti\/bialetti-set-moka-2-tazze-con-tazzine-e-palettine-dolce-e-gabbana.jpg\" \/><meta property=\"og:image\" content=\"https:\/\/interpim.erresse-shop.it\/Import\/Prodotti\/bialetti-set-moka-2-tazze-con-tazzine-e-palettine-dolce-e-gabbana.jpg\" \/>\n\t<meta property=\"og:image:width\" content=\"1024\" \/>\n\t<meta property=\"og:image:height\" content=\"1024\" \/>\n\t<meta property=\"og:image:type\" content=\"image\/jpeg\" \/>\n<meta name=\"twitter:card\" content=\"summary_large_image\" \/>\n<meta name=\"twitter:image\" content=\"https:\/\/interpim.erresse-shop.it\/Import\/Prodotti\/bialetti-set-moka-2-tazze-con-tazzine-e-palettine-dolce-e-gabbana.jpg\" \/>\n<script type=\"application\/ld+json\" class=\"yoast-schema-graph\">{\"@context\":\"https:\/\/schema.org\",\"@graph\":[{\"@type\":\"WebPage\",\"@id\":\"https:\/\/dev6.erresse-shop.it\/es\/shop\/cocina\/cafeteras\/bialetti-juego-moka-2-tazas-con-tazas-y-espatulas-dolce-e-gabbana\/\",\"url\":\"https:\/\/dev6.erresse-shop.it\/es\/shop\/cocina\/cafeteras\/bialetti-juego-moka-2-tazas-con-tazas-y-espatulas-dolce-e-gabbana\/\",\"name\":\"BIALETTI Juego Moka 2 Tazas con Tazas y Esp\u00e1tulas Dolce e Gabbana - dev6 Erresse\",\"isPartOf\":{\"@id\":\"https:\/\/dev6.erresse-shop.it\/#website\"},\"primaryImageOfPage\":{\"@id\":\"https:\/\/dev6.erresse-shop.it\/es\/shop\/cocina\/cafeteras\/bialetti-juego-moka-2-tazas-con-tazas-y-espatulas-dolce-e-gabbana\/#primaryimage\"},\"image\":{\"@id\":\"https:\/\/dev6.erresse-shop.it\/es\/shop\/cocina\/cafeteras\/bialetti-juego-moka-2-tazas-con-tazas-y-espatulas-dolce-e-gabbana\/#primaryimage\"},\"thumbnailUrl\":\"https:\/\/i1.wp.com\/interpim.erresse-shop.it\/Import\/Prodotti\/bialetti-set-moka-2-tazze-con-tazzine-e-palettine-dolce-e-gabbana.jpg?ssl=1\",\"datePublished\":\"2026-04-12T08:33:22+00:00\",\"description\":\"Dos iconos del Made in Italy se unen para celebrar la belleza del ritual italiano del caf\u00e9. As\u00ed nace la preciosa caja Bialetti Dolce&amp;Gabbana compuesta\",\"breadcrumb\":{\"@id\":\"https:\/\/dev6.erresse-shop.it\/es\/shop\/cocina\/cafeteras\/bialetti-juego-moka-2-tazas-con-tazas-y-espatulas-dolce-e-gabbana\/#breadcrumb\"},\"inLanguage\":\"es\",\"potentialAction\":[{\"@type\":\"ReadAction\",\"target\":[\"https:\/\/dev6.erresse-shop.it\/es\/shop\/cocina\/cafeteras\/bialetti-juego-moka-2-tazas-con-tazas-y-espatulas-dolce-e-gabbana\/\"]}]},{\"@type\":\"ImageObject\",\"inLanguage\":\"es\",\"@id\":\"https:\/\/dev6.erresse-shop.it\/es\/shop\/cocina\/cafeteras\/bialetti-juego-moka-2-tazas-con-tazas-y-espatulas-dolce-e-gabbana\/#primaryimage\",\"url\":\"https:\/\/i1.wp.com\/interpim.erresse-shop.it\/Import\/Prodotti\/bialetti-set-moka-2-tazze-con-tazzine-e-palettine-dolce-e-gabbana.jpg?ssl=1\",\"contentUrl\":\"https:\/\/i1.wp.com\/interpim.erresse-shop.it\/Import\/Prodotti\/bialetti-set-moka-2-tazze-con-tazzine-e-palettine-dolce-e-gabbana.jpg?ssl=1\"},{\"@type\":\"BreadcrumbList\",\"@id\":\"https:\/\/dev6.erresse-shop.it\/es\/shop\/cocina\/cafeteras\/bialetti-juego-moka-2-tazas-con-tazas-y-espatulas-dolce-e-gabbana\/#breadcrumb\",\"itemListElement\":[{\"@type\":\"ListItem\",\"position\":1,\"name\":\"Home\",\"item\":\"https:\/\/dev6.erresse-shop.it\/\"},{\"@type\":\"ListItem\",\"position\":2,\"name\":\"Tienda\",\"item\":\"https:\/\/dev6.erresse-shop.it\/shop\/\"},{\"@type\":\"ListItem\",\"position\":3,\"name\":\"BIALETTI Juego Moka 2 Tazas con Tazas y Esp\u00e1tulas Dolce e Gabbana\"}]},{\"@type\":\"WebSite\",\"@id\":\"https:\/\/dev6.erresse-shop.it\/#website\",\"url\":\"https:\/\/dev6.erresse-shop.it\/\",\"name\":\"Erresse Shop\",\"description\":\"\",\"publisher\":{\"@id\":\"https:\/\/dev6.erresse-shop.it\/#organization\"},\"potentialAction\":[{\"@type\":\"SearchAction\",\"target\":{\"@type\":\"EntryPoint\",\"urlTemplate\":\"https:\/\/dev6.erresse-shop.it\/?s={search_term_string}\"},\"query-input\":{\"@type\":\"PropertyValueSpecification\",\"valueRequired\":true,\"valueName\":\"search_term_string\"}}],\"inLanguage\":\"es\"},{\"@type\":\"Organization\",\"@id\":\"https:\/\/dev6.erresse-shop.it\/#organization\",\"name\":\"Erresse Shop\",\"url\":\"https:\/\/dev6.erresse-shop.it\/\",\"logo\":{\"@type\":\"ImageObject\",\"inLanguage\":\"es\",\"@id\":\"https:\/\/dev6.erresse-shop.it\/#\/schema\/logo\/image\/\",\"url\":\"https:\/\/dev6.erresse-shop.it\/wp-content\/uploads\/2025\/01\/LOGO-ERRESSE-CLASSICO.svg\",\"contentUrl\":\"https:\/\/dev6.erresse-shop.it\/wp-content\/uploads\/2025\/01\/LOGO-ERRESSE-CLASSICO.svg\",\"caption\":\"Erresse Shop\"},\"image\":{\"@id\":\"https:\/\/dev6.erresse-shop.it\/#\/schema\/logo\/image\/\"}}]}<\/script>\n<!-- \/ Yoast SEO plugin. -->","yoast_head_json":{"title":"BIALETTI Juego Moka 2 Tazas con Tazas y Esp\u00e1tulas Dolce e Gabbana - dev6 Erresse","description":"Dos iconos del Made in Italy se unen para celebrar la belleza del ritual italiano del caf\u00e9. As\u00ed nace la preciosa caja Bialetti Dolce&amp;Gabbana compuesta","robots":{"index":"noindex","follow":"follow","max-snippet":"max-snippet:-1","max-image-preview":"max-image-preview:large","max-video-preview":"max-video-preview:-1"},"og_locale":"es_ES","og_type":"article","og_title":"BIALETTI Juego Moka 2 Tazas con Tazas y Esp\u00e1tulas Dolce e Gabbana - dev6 Erresse","og_description":"Dos iconos del Made in Italy se unen para celebrar la belleza del ritual italiano del caf\u00e9. As\u00ed nace la preciosa caja Bialetti Dolce&amp;Gabbana compuesta","og_url":"https:\/\/dev6.erresse-shop.it\/es\/shop\/cocina\/cafeteras\/bialetti-juego-moka-2-tazas-con-tazas-y-espatulas-dolce-e-gabbana\/","og_site_name":"dev6 Erresse","og_image":[{"url":"https:\/\/interpim.erresse-shop.it\/Import\/Prodotti\/bialetti-set-moka-2-tazze-con-tazzine-e-palettine-dolce-e-gabbana.jpg","type":"","width":"","height":""},{"url":"https:\/\/interpim.erresse-shop.it\/Import\/Prodotti\/bialetti-set-moka-2-tazze-con-tazzine-e-palettine-dolce-e-gabbana.jpg","width":1024,"height":1024,"type":"image\/jpeg"}],"twitter_card":"summary_large_image","twitter_image":"https:\/\/interpim.erresse-shop.it\/Import\/Prodotti\/bialetti-set-moka-2-tazze-con-tazzine-e-palettine-dolce-e-gabbana.jpg","schema":{"@context":"https:\/\/schema.org","@graph":[{"@type":"WebPage","@id":"https:\/\/dev6.erresse-shop.it\/es\/shop\/cocina\/cafeteras\/bialetti-juego-moka-2-tazas-con-tazas-y-espatulas-dolce-e-gabbana\/","url":"https:\/\/dev6.erresse-shop.it\/es\/shop\/cocina\/cafeteras\/bialetti-juego-moka-2-tazas-con-tazas-y-espatulas-dolce-e-gabbana\/","name":"BIALETTI Juego Moka 2 Tazas con Tazas y Esp\u00e1tulas Dolce e Gabbana - dev6 Erresse","isPartOf":{"@id":"https:\/\/dev6.erresse-shop.it\/#website"},"primaryImageOfPage":{"@id":"https:\/\/dev6.erresse-shop.it\/es\/shop\/cocina\/cafeteras\/bialetti-juego-moka-2-tazas-con-tazas-y-espatulas-dolce-e-gabbana\/#primaryimage"},"image":{"@id":"https:\/\/dev6.erresse-shop.it\/es\/shop\/cocina\/cafeteras\/bialetti-juego-moka-2-tazas-con-tazas-y-espatulas-dolce-e-gabbana\/#primaryimage"},"thumbnailUrl":"https:\/\/i1.wp.com\/interpim.erresse-shop.it\/Import\/Prodotti\/bialetti-set-moka-2-tazze-con-tazzine-e-palettine-dolce-e-gabbana.jpg?ssl=1","datePublished":"2026-04-12T08:33:22+00:00","description":"Dos iconos del Made in Italy se unen para celebrar la belleza del ritual italiano del caf\u00e9. As\u00ed nace la preciosa caja Bialetti Dolce&amp;Gabbana compuesta","breadcrumb":{"@id":"https:\/\/dev6.erresse-shop.it\/es\/shop\/cocina\/cafeteras\/bialetti-juego-moka-2-tazas-con-tazas-y-espatulas-dolce-e-gabbana\/#breadcrumb"},"inLanguage":"es","potentialAction":[{"@type":"ReadAction","target":["https:\/\/dev6.erresse-shop.it\/es\/shop\/cocina\/cafeteras\/bialetti-juego-moka-2-tazas-con-tazas-y-espatulas-dolce-e-gabbana\/"]}]},{"@type":"ImageObject","inLanguage":"es","@id":"https:\/\/dev6.erresse-shop.it\/es\/shop\/cocina\/cafeteras\/bialetti-juego-moka-2-tazas-con-tazas-y-espatulas-dolce-e-gabbana\/#primaryimage","url":"https:\/\/i1.wp.com\/interpim.erresse-shop.it\/Import\/Prodotti\/bialetti-set-moka-2-tazze-con-tazzine-e-palettine-dolce-e-gabbana.jpg?ssl=1","contentUrl":"https:\/\/i1.wp.com\/interpim.erresse-shop.it\/Import\/Prodotti\/bialetti-set-moka-2-tazze-con-tazzine-e-palettine-dolce-e-gabbana.jpg?ssl=1"},{"@type":"BreadcrumbList","@id":"https:\/\/dev6.erresse-shop.it\/es\/shop\/cocina\/cafeteras\/bialetti-juego-moka-2-tazas-con-tazas-y-espatulas-dolce-e-gabbana\/#breadcrumb","itemListElement":[{"@type":"ListItem","position":1,"name":"Home","item":"https:\/\/dev6.erresse-shop.it\/"},{"@type":"ListItem","position":2,"name":"Tienda","item":"https:\/\/dev6.erresse-shop.it\/shop\/"},{"@type":"ListItem","position":3,"name":"BIALETTI Juego Moka 2 Tazas con Tazas y Esp\u00e1tulas Dolce e Gabbana"}]},{"@type":"WebSite","@id":"https:\/\/dev6.erresse-shop.it\/#website","url":"https:\/\/dev6.erresse-shop.it\/","name":"Erresse Shop","description":"","publisher":{"@id":"https:\/\/dev6.erresse-shop.it\/#organization"},"potentialAction":[{"@type":"SearchAction","target":{"@type":"EntryPoint","urlTemplate":"https:\/\/dev6.erresse-shop.it\/?s={search_term_string}"},"query-input":{"@type":"PropertyValueSpecification","valueRequired":true,"valueName":"search_term_string"}}],"inLanguage":"es"},{"@type":"Organization","@id":"https:\/\/dev6.erresse-shop.it\/#organization","name":"Erresse Shop","url":"https:\/\/dev6.erresse-shop.it\/","logo":{"@type":"ImageObject","inLanguage":"es","@id":"https:\/\/dev6.erresse-shop.it\/#\/schema\/logo\/image\/","url":"https:\/\/dev6.erresse-shop.it\/wp-content\/uploads\/2025\/01\/LOGO-ERRESSE-CLASSICO.svg","contentUrl":"https:\/\/dev6.erresse-shop.it\/wp-content\/uploads\/2025\/01\/LOGO-ERRESSE-CLASSICO.svg","caption":"Erresse Shop"},"image":{"@id":"https:\/\/dev6.erresse-shop.it\/#\/schema\/logo\/image\/"}}]}},"df_price":129.95,"df_sale_price":129.95,"df_regular_price":180,"df_image_link":"https:\/\/i1.wp.com\/interpim.erresse-shop.it\/Import\/Prodotti\/bialetti-set-moka-2-tazze-con-tazzine-e-palettine-dolce-e-gabbana.jpg?resize=300,300&ssl=1","fifu_image_url":"https:\/\/interpim.erresse-shop.it\/Import\/Prodotti\/bialetti-set-moka-2-tazze-con-tazzine-e-palettine-dolce-e-gabbana.jpg","_links":{"self":[{"href":"https:\/\/dev6.erresse-shop.it\/es\/wp-json\/wp\/v2\/product\/1880790","targetHints":{"allow":["GET"]}}],"collection":[{"href":"https:\/\/dev6.erresse-shop.it\/es\/wp-json\/wp\/v2\/product"}],"about":[{"href":"https:\/\/dev6.erresse-shop.it\/es\/wp-json\/wp\/v2\/types\/product"}],"wp:featuredmedia":[{"embeddable":true,"href":"https:\/\/dev6.erresse-shop.it\/es\/wp-json\/wp\/v2\/media\/6366667"}],"wp:attachment":[{"href":"https:\/\/dev6.erresse-shop.it\/es\/wp-json\/wp\/v2\/media?parent=1880790"}],"wp:term":[{"taxonomy":"product_cat","embeddable":true,"href":"https:\/\/dev6.erresse-shop.it\/es\/wp-json\/wp\/v2\/product_cat?post=1880790"},{"taxonomy":"product_tag","embeddable":true,"href":"https:\/\/dev6.erresse-shop.it\/es\/wp-json\/wp\/v2\/product_tag?post=1880790"}],"curies":[{"name":"wp","href":"https:\/\/api.w.org\/{rel}","templated":true}]}}