{"id":1880768,"date":"2026-04-12T10:33:22","date_gmt":"2026-04-12T08:33:22","guid":{"rendered":"https:\/\/dev6.erresse-shop.it\/shop\/sin%20categor\u00eda\/bialetti-moka-exclusive-3-copas-de-crema\/"},"modified":"2025-09-14T08:54:22","modified_gmt":"2025-09-14T06:54:22","slug":"bialetti-moka-exclusive-3-copas-de-crema","status":"publish","type":"product","link":"https:\/\/dev6.erresse-shop.it\/es\/shop\/cocina\/cafeteras\/bialetti-moka-exclusive-3-copas-de-crema\/","title":{"rendered":"BIALETTI Moka Exclusive 3 Copas de Crema"},"content":{"rendered":"<p>Moka Exclusive nace del estudio minucioso de cada detalle. Acabados que recuerdan el estilo vintage para un nuevo icono del Made in Italy. Colores superbrillantes, junta de silicona y revestimiento protector en el interior de la caldera. El pomo en forma de diamante y la forma del asa recuerdan, con modernidad y elegancia, a la Moka de los a\u00f1os 60.<br \/>\n1. Empiece vertiendo agua a temperatura ambiente en la caldera de la cafetera y ll\u00e9nela hasta el nivel de la v\u00e1lvula de seguridad. No sobrepases este nivel para evitar obtener un caf\u00e9 demasiado aguado.<br \/>\n2. A continuaci\u00f3n, elija la mezcla de caf\u00e9 molido que prefiera. Atenci\u00f3n. La mezcla debe estar molida espec\u00edficamente para Moka, no demasiado fina. Llene generosamente el embudo de la cafetera, sin presionar el caf\u00e9 hacia abajo.<br \/>\n3. \u00bfUn peque\u00f1o secreto? Pon el fuego al m\u00ednimo y t\u00f3mate tu tiempo; merece la pena esperar unos minutos m\u00e1s para disfrutar de un caf\u00e9 excelente. Cuando el caf\u00e9 haya subido completamente en la bandeja de goteo, apaga el fuego.<br \/>\n4. Ahora llega el momento crucial: el sabor. Para saborear mejor todos los aromas que desprende, recomendamos tomar el caf\u00e9 nada m\u00e1s verterlo en la taza.<br \/>\nMaterial del cuerpo: aluminio<br \/>\nMaterial del mango: termopl\u00e1stico<br \/>\nMaterial del pomo: termopl\u00e1stico<br \/>\nV\u00e1lvula de seguridad de f\u00e1cil limpieza<br \/>\nApta para su uso en placas de inducci\u00f3n con la placa de inducci\u00f3n Bialetti.<br \/>\nNo apto para lavavajillas<\/p>\n","protected":false},"excerpt":{"rendered":"<p>Moka Exclusive nace del estudio minucioso de cada detalle. Acabados que recuerdan el estilo vintage para un nuevo icono del Made in Italy. Colores superbrillantes, junta de silicona y revestimiento protector en el interior de la caldera. El pomo en forma de diamante y la forma del asa recuerdan, con modernidad y elegancia, a la [&hellip;]<\/p>\n","protected":false},"featured_media":6366603,"template":"","meta":{"_acf_changed":false},"product_cat":[11894,11884,11668],"product_tag":[],"class_list":{"0":"post-1880768","1":"product","2":"type-product","3":"status-publish","4":"has-post-thumbnail","6":"product_cat-cafeteras","7":"product_cat-cocina","8":"product_cat-cucina","10":"first","11":"instock","12":"taxable","13":"shipping-taxable","14":"purchasable","15":"product-type-simple","swatches":"rey-swatches","show_selected":"","stretch_labels":"rey-swatches--stretch-labels"},"acf":[],"yoast_head":"<!-- This site is optimized with the Yoast SEO plugin v25.4 - https:\/\/yoast.com\/wordpress\/plugins\/seo\/ -->\n<title>BIALETTI Moka Exclusive 3 Copas de Crema - dev6 Erresse<\/title>\n<meta name=\"description\" content=\"Moka Exclusive nace del estudio minucioso de cada detalle. Acabados que recuerdan el estilo vintage para un nuevo icono del Made in Italy. Colores\" \/>\n<meta name=\"robots\" content=\"noindex, follow, max-snippet:-1, max-image-preview:large, max-video-preview:-1\" \/>\n<meta property=\"og:locale\" content=\"es_ES\" \/>\n<meta property=\"og:type\" content=\"article\" \/>\n<meta property=\"og:title\" content=\"BIALETTI Moka Exclusive 3 Copas de Crema - dev6 Erresse\" \/>\n<meta property=\"og:description\" content=\"Moka Exclusive nace del estudio minucioso de cada detalle. Acabados que recuerdan el estilo vintage para un nuevo icono del Made in Italy. Colores\" \/>\n<meta property=\"og:url\" content=\"https:\/\/dev6.erresse-shop.it\/es\/shop\/cocina\/cafeteras\/bialetti-moka-exclusive-3-copas-de-crema\/\" \/>\n<meta property=\"og:site_name\" content=\"dev6 Erresse\" \/>\n<meta property=\"og:image\" content=\"https:\/\/interpim.erresse-shop.it\/wp-content\/uploads\/2024\/03\/BIALETTI-Moka-Exclusive-3-Tazze-Crema.jpg\/bialetti-moka-exclusive-3-tazze-crema.jpg\" \/><meta property=\"og:image\" content=\"https:\/\/interpim.erresse-shop.it\/wp-content\/uploads\/2024\/03\/BIALETTI-Moka-Exclusive-3-Tazze-Crema.jpg\/bialetti-moka-exclusive-3-tazze-crema.jpg\" \/>\n\t<meta property=\"og:image:width\" content=\"1024\" \/>\n\t<meta property=\"og:image:height\" content=\"1024\" \/>\n\t<meta property=\"og:image:type\" content=\"image\/jpeg\" \/>\n<meta name=\"twitter:card\" content=\"summary_large_image\" \/>\n<meta name=\"twitter:image\" content=\"https:\/\/interpim.erresse-shop.it\/wp-content\/uploads\/2024\/03\/BIALETTI-Moka-Exclusive-3-Tazze-Crema.jpg\/bialetti-moka-exclusive-3-tazze-crema.jpg\" \/>\n<script type=\"application\/ld+json\" class=\"yoast-schema-graph\">{\"@context\":\"https:\/\/schema.org\",\"@graph\":[{\"@type\":\"WebPage\",\"@id\":\"https:\/\/dev6.erresse-shop.it\/es\/shop\/cocina\/cafeteras\/bialetti-moka-exclusive-3-copas-de-crema\/\",\"url\":\"https:\/\/dev6.erresse-shop.it\/es\/shop\/cocina\/cafeteras\/bialetti-moka-exclusive-3-copas-de-crema\/\",\"name\":\"BIALETTI Moka Exclusive 3 Copas de Crema - dev6 Erresse\",\"isPartOf\":{\"@id\":\"https:\/\/dev6.erresse-shop.it\/#website\"},\"primaryImageOfPage\":{\"@id\":\"https:\/\/dev6.erresse-shop.it\/es\/shop\/cocina\/cafeteras\/bialetti-moka-exclusive-3-copas-de-crema\/#primaryimage\"},\"image\":{\"@id\":\"https:\/\/dev6.erresse-shop.it\/es\/shop\/cocina\/cafeteras\/bialetti-moka-exclusive-3-copas-de-crema\/#primaryimage\"},\"thumbnailUrl\":\"https:\/\/i0.wp.com\/interpim.erresse-shop.it\/wp-content\/uploads\/2024\/03\/BIALETTI-Moka-Exclusive-3-Tazze-Crema.jpg\/bialetti-moka-exclusive-3-tazze-crema.jpg?ssl=1\",\"datePublished\":\"2026-04-12T08:33:22+00:00\",\"description\":\"Moka Exclusive nace del estudio minucioso de cada detalle. Acabados que recuerdan el estilo vintage para un nuevo icono del Made in Italy. Colores\",\"breadcrumb\":{\"@id\":\"https:\/\/dev6.erresse-shop.it\/es\/shop\/cocina\/cafeteras\/bialetti-moka-exclusive-3-copas-de-crema\/#breadcrumb\"},\"inLanguage\":\"es\",\"potentialAction\":[{\"@type\":\"ReadAction\",\"target\":[\"https:\/\/dev6.erresse-shop.it\/es\/shop\/cocina\/cafeteras\/bialetti-moka-exclusive-3-copas-de-crema\/\"]}]},{\"@type\":\"ImageObject\",\"inLanguage\":\"es\",\"@id\":\"https:\/\/dev6.erresse-shop.it\/es\/shop\/cocina\/cafeteras\/bialetti-moka-exclusive-3-copas-de-crema\/#primaryimage\",\"url\":\"https:\/\/i0.wp.com\/interpim.erresse-shop.it\/wp-content\/uploads\/2024\/03\/BIALETTI-Moka-Exclusive-3-Tazze-Crema.jpg\/bialetti-moka-exclusive-3-tazze-crema.jpg?ssl=1\",\"contentUrl\":\"https:\/\/i0.wp.com\/interpim.erresse-shop.it\/wp-content\/uploads\/2024\/03\/BIALETTI-Moka-Exclusive-3-Tazze-Crema.jpg\/bialetti-moka-exclusive-3-tazze-crema.jpg?ssl=1\"},{\"@type\":\"BreadcrumbList\",\"@id\":\"https:\/\/dev6.erresse-shop.it\/es\/shop\/cocina\/cafeteras\/bialetti-moka-exclusive-3-copas-de-crema\/#breadcrumb\",\"itemListElement\":[{\"@type\":\"ListItem\",\"position\":1,\"name\":\"Home\",\"item\":\"https:\/\/dev6.erresse-shop.it\/\"},{\"@type\":\"ListItem\",\"position\":2,\"name\":\"Tienda\",\"item\":\"https:\/\/dev6.erresse-shop.it\/shop\/\"},{\"@type\":\"ListItem\",\"position\":3,\"name\":\"BIALETTI Moka Exclusive 3 Copas de Crema\"}]},{\"@type\":\"WebSite\",\"@id\":\"https:\/\/dev6.erresse-shop.it\/#website\",\"url\":\"https:\/\/dev6.erresse-shop.it\/\",\"name\":\"Erresse Shop\",\"description\":\"\",\"publisher\":{\"@id\":\"https:\/\/dev6.erresse-shop.it\/#organization\"},\"potentialAction\":[{\"@type\":\"SearchAction\",\"target\":{\"@type\":\"EntryPoint\",\"urlTemplate\":\"https:\/\/dev6.erresse-shop.it\/?s={search_term_string}\"},\"query-input\":{\"@type\":\"PropertyValueSpecification\",\"valueRequired\":true,\"valueName\":\"search_term_string\"}}],\"inLanguage\":\"es\"},{\"@type\":\"Organization\",\"@id\":\"https:\/\/dev6.erresse-shop.it\/#organization\",\"name\":\"Erresse Shop\",\"url\":\"https:\/\/dev6.erresse-shop.it\/\",\"logo\":{\"@type\":\"ImageObject\",\"inLanguage\":\"es\",\"@id\":\"https:\/\/dev6.erresse-shop.it\/#\/schema\/logo\/image\/\",\"url\":\"https:\/\/dev6.erresse-shop.it\/wp-content\/uploads\/2025\/01\/LOGO-ERRESSE-CLASSICO.svg\",\"contentUrl\":\"https:\/\/dev6.erresse-shop.it\/wp-content\/uploads\/2025\/01\/LOGO-ERRESSE-CLASSICO.svg\",\"caption\":\"Erresse Shop\"},\"image\":{\"@id\":\"https:\/\/dev6.erresse-shop.it\/#\/schema\/logo\/image\/\"}}]}<\/script>\n<!-- \/ Yoast SEO plugin. -->","yoast_head_json":{"title":"BIALETTI Moka Exclusive 3 Copas de Crema - dev6 Erresse","description":"Moka Exclusive nace del estudio minucioso de cada detalle. Acabados que recuerdan el estilo vintage para un nuevo icono del Made in Italy. Colores","robots":{"index":"noindex","follow":"follow","max-snippet":"max-snippet:-1","max-image-preview":"max-image-preview:large","max-video-preview":"max-video-preview:-1"},"og_locale":"es_ES","og_type":"article","og_title":"BIALETTI Moka Exclusive 3 Copas de Crema - dev6 Erresse","og_description":"Moka Exclusive nace del estudio minucioso de cada detalle. Acabados que recuerdan el estilo vintage para un nuevo icono del Made in Italy. Colores","og_url":"https:\/\/dev6.erresse-shop.it\/es\/shop\/cocina\/cafeteras\/bialetti-moka-exclusive-3-copas-de-crema\/","og_site_name":"dev6 Erresse","og_image":[{"url":"https:\/\/interpim.erresse-shop.it\/wp-content\/uploads\/2024\/03\/BIALETTI-Moka-Exclusive-3-Tazze-Crema.jpg\/bialetti-moka-exclusive-3-tazze-crema.jpg","type":"","width":"","height":""},{"url":"https:\/\/interpim.erresse-shop.it\/wp-content\/uploads\/2024\/03\/BIALETTI-Moka-Exclusive-3-Tazze-Crema.jpg\/bialetti-moka-exclusive-3-tazze-crema.jpg","width":1024,"height":1024,"type":"image\/jpeg"}],"twitter_card":"summary_large_image","twitter_image":"https:\/\/interpim.erresse-shop.it\/wp-content\/uploads\/2024\/03\/BIALETTI-Moka-Exclusive-3-Tazze-Crema.jpg\/bialetti-moka-exclusive-3-tazze-crema.jpg","schema":{"@context":"https:\/\/schema.org","@graph":[{"@type":"WebPage","@id":"https:\/\/dev6.erresse-shop.it\/es\/shop\/cocina\/cafeteras\/bialetti-moka-exclusive-3-copas-de-crema\/","url":"https:\/\/dev6.erresse-shop.it\/es\/shop\/cocina\/cafeteras\/bialetti-moka-exclusive-3-copas-de-crema\/","name":"BIALETTI Moka Exclusive 3 Copas de Crema - dev6 Erresse","isPartOf":{"@id":"https:\/\/dev6.erresse-shop.it\/#website"},"primaryImageOfPage":{"@id":"https:\/\/dev6.erresse-shop.it\/es\/shop\/cocina\/cafeteras\/bialetti-moka-exclusive-3-copas-de-crema\/#primaryimage"},"image":{"@id":"https:\/\/dev6.erresse-shop.it\/es\/shop\/cocina\/cafeteras\/bialetti-moka-exclusive-3-copas-de-crema\/#primaryimage"},"thumbnailUrl":"https:\/\/i0.wp.com\/interpim.erresse-shop.it\/wp-content\/uploads\/2024\/03\/BIALETTI-Moka-Exclusive-3-Tazze-Crema.jpg\/bialetti-moka-exclusive-3-tazze-crema.jpg?ssl=1","datePublished":"2026-04-12T08:33:22+00:00","description":"Moka Exclusive nace del estudio minucioso de cada detalle. Acabados que recuerdan el estilo vintage para un nuevo icono del Made in Italy. Colores","breadcrumb":{"@id":"https:\/\/dev6.erresse-shop.it\/es\/shop\/cocina\/cafeteras\/bialetti-moka-exclusive-3-copas-de-crema\/#breadcrumb"},"inLanguage":"es","potentialAction":[{"@type":"ReadAction","target":["https:\/\/dev6.erresse-shop.it\/es\/shop\/cocina\/cafeteras\/bialetti-moka-exclusive-3-copas-de-crema\/"]}]},{"@type":"ImageObject","inLanguage":"es","@id":"https:\/\/dev6.erresse-shop.it\/es\/shop\/cocina\/cafeteras\/bialetti-moka-exclusive-3-copas-de-crema\/#primaryimage","url":"https:\/\/i0.wp.com\/interpim.erresse-shop.it\/wp-content\/uploads\/2024\/03\/BIALETTI-Moka-Exclusive-3-Tazze-Crema.jpg\/bialetti-moka-exclusive-3-tazze-crema.jpg?ssl=1","contentUrl":"https:\/\/i0.wp.com\/interpim.erresse-shop.it\/wp-content\/uploads\/2024\/03\/BIALETTI-Moka-Exclusive-3-Tazze-Crema.jpg\/bialetti-moka-exclusive-3-tazze-crema.jpg?ssl=1"},{"@type":"BreadcrumbList","@id":"https:\/\/dev6.erresse-shop.it\/es\/shop\/cocina\/cafeteras\/bialetti-moka-exclusive-3-copas-de-crema\/#breadcrumb","itemListElement":[{"@type":"ListItem","position":1,"name":"Home","item":"https:\/\/dev6.erresse-shop.it\/"},{"@type":"ListItem","position":2,"name":"Tienda","item":"https:\/\/dev6.erresse-shop.it\/shop\/"},{"@type":"ListItem","position":3,"name":"BIALETTI Moka Exclusive 3 Copas de Crema"}]},{"@type":"WebSite","@id":"https:\/\/dev6.erresse-shop.it\/#website","url":"https:\/\/dev6.erresse-shop.it\/","name":"Erresse Shop","description":"","publisher":{"@id":"https:\/\/dev6.erresse-shop.it\/#organization"},"potentialAction":[{"@type":"SearchAction","target":{"@type":"EntryPoint","urlTemplate":"https:\/\/dev6.erresse-shop.it\/?s={search_term_string}"},"query-input":{"@type":"PropertyValueSpecification","valueRequired":true,"valueName":"search_term_string"}}],"inLanguage":"es"},{"@type":"Organization","@id":"https:\/\/dev6.erresse-shop.it\/#organization","name":"Erresse Shop","url":"https:\/\/dev6.erresse-shop.it\/","logo":{"@type":"ImageObject","inLanguage":"es","@id":"https:\/\/dev6.erresse-shop.it\/#\/schema\/logo\/image\/","url":"https:\/\/dev6.erresse-shop.it\/wp-content\/uploads\/2025\/01\/LOGO-ERRESSE-CLASSICO.svg","contentUrl":"https:\/\/dev6.erresse-shop.it\/wp-content\/uploads\/2025\/01\/LOGO-ERRESSE-CLASSICO.svg","caption":"Erresse Shop"},"image":{"@id":"https:\/\/dev6.erresse-shop.it\/#\/schema\/logo\/image\/"}}]}},"df_price":45,"df_sale_price":"","df_regular_price":45,"df_image_link":"https:\/\/i0.wp.com\/interpim.erresse-shop.it\/wp-content\/uploads\/2024\/03\/BIALETTI-Moka-Exclusive-3-Tazze-Crema.jpg\/bialetti-moka-exclusive-3-tazze-crema.jpg?resize=300,300&ssl=1","fifu_image_url":"https:\/\/interpim.erresse-shop.it\/wp-content\/uploads\/2024\/03\/BIALETTI-Moka-Exclusive-3-Tazze-Crema.jpg\/bialetti-moka-exclusive-3-tazze-crema.jpg","_links":{"self":[{"href":"https:\/\/dev6.erresse-shop.it\/es\/wp-json\/wp\/v2\/product\/1880768","targetHints":{"allow":["GET"]}}],"collection":[{"href":"https:\/\/dev6.erresse-shop.it\/es\/wp-json\/wp\/v2\/product"}],"about":[{"href":"https:\/\/dev6.erresse-shop.it\/es\/wp-json\/wp\/v2\/types\/product"}],"wp:featuredmedia":[{"embeddable":true,"href":"https:\/\/dev6.erresse-shop.it\/es\/wp-json\/wp\/v2\/media\/6366603"}],"wp:attachment":[{"href":"https:\/\/dev6.erresse-shop.it\/es\/wp-json\/wp\/v2\/media?parent=1880768"}],"wp:term":[{"taxonomy":"product_cat","embeddable":true,"href":"https:\/\/dev6.erresse-shop.it\/es\/wp-json\/wp\/v2\/product_cat?post=1880768"},{"taxonomy":"product_tag","embeddable":true,"href":"https:\/\/dev6.erresse-shop.it\/es\/wp-json\/wp\/v2\/product_tag?post=1880768"}],"curies":[{"name":"wp","href":"https:\/\/api.w.org\/{rel}","templated":true}]}}