{"id":1880750,"date":"2026-04-12T10:31:27","date_gmt":"2026-04-12T08:31:27","guid":{"rendered":"https:\/\/dev6.erresse-shop.it\/shop\/sin%20categor\u00eda\/bialetti-moka-induccion-2-tazas-dolce-e-gabbana\/"},"modified":"2025-07-04T23:07:18","modified_gmt":"2025-07-04T21:07:18","slug":"bialetti-moka-induccion-2-tazas-dolce-e-gabbana","status":"publish","type":"product","link":"https:\/\/dev6.erresse-shop.it\/es\/shop\/cocina\/cafeteras\/bialetti-moka-induccion-2-tazas-dolce-e-gabbana\/","title":{"rendered":"BIALETTI Moka Inducci\u00f3n 2 Tazas Dolce e Gabbana"},"content":{"rendered":"<p>Moka Inducci\u00f3n Bialetti Dolce&amp;Gabbana | Carro siciliano<\/p>\n<p>Dos iconos de la tradici\u00f3n Made in Italy se unen para celebrar la belleza del ritual italiano del caf\u00e9. As\u00ed nace la exquisita Moka Induction Bialetti Dolce&amp;Gabbana, una innovadora cafetera apta para su uso en placas de inducci\u00f3n. Gracias a la tecnolog\u00eda de caldera de doble capa, este producto ofrece un alto rendimiento: una capa exterior de acero permite su uso en placas de inducci\u00f3n, mientras que una capa interior de aluminio garantiza una distribuci\u00f3n uniforme del calor.<\/p>\n<p>La Moka Induction es una aut\u00e9ntica obra maestra de estilo y constituye una idea de regalo perfecta. Transforma el sencillo ritual del caf\u00e9 en una celebraci\u00f3n de la excelencia italiana, invit\u00e1ndonos a saborear el arte y la pasi\u00f3n de Dolce&amp;Gabbana en cada taza.<\/p>\n<p>C\u00f3mo preparar el caf\u00e9:<\/p>\n<p>Para preparar un excelente caf\u00e9, basta con verter el agua en la caldera hasta la v\u00e1lvula de seguridad, introducir el embudo y a\u00f1adir el caf\u00e9 molido para la moka sin presionarlo.<\/p>\n<p>Cierra bien la moka y col\u00f3cala en el fuego a temperatura media.<\/p>\n<p>Espera a que el caf\u00e9 burbujee al subir al colector (c\u00e1mara superior), apaga el fog\u00f3n y \u00a1disfruta de un buen caf\u00e9!<\/p>\n<p>Instrucciones de limpieza:<\/p>\n<p>La Bialetti Moka Induction s\u00f3lo debe enjuagarse con agua despu\u00e9s de cada uso.<\/p>\n<p>No utilice detergentes.<\/p>\n<p>El producto no debe lavarse en el lavavajillas, ya que podr\u00eda da\u00f1arse y alterar el sabor del caf\u00e9.<\/p>\n<p>Siciliana Inducci\u00f3n Moka Trolley 2 tazas:<\/p>\n<p>\u2013 Dimensiones: 10,5 cm x 16 cm x 12,5 cm<\/p>\n<p>\u2013 Dimensiones en pulgadas: 4,1\u2033 x 6,2\u2033 x 4,9<\/p>\n<p>\u2013 Capacidad: 90 ML \u2013 3 OZ, equivalente a 2 tazas de caf\u00e9 colado<\/p>\n<p>Moka Inducci\u00f3n Siciliana Trolley 4 tazas:<\/p>\n<p>\u2013 Dimensiones: 11,5 cm x 17,5 cm x 14 cm<\/p>\n<p>\u2013 Dimensiones en pulgadas: 4,5\u2033 x 6,8\u2033 x 5,5<\/p>\n<p>\u2013 Capacidad: 190 ML \u2013 6.4 OZ, equivalente a 4 tazas de caf\u00e9 colado<\/p>\n<p>Fabricada en Italia<\/p>\n<p>Material de la caldera bicapa (3,5 mm\/0,13\u2033 de grosor) que garantiza una perfecta distribuci\u00f3n del calor: interior de aluminio, exterior de acero.<\/p>\n<p>Mango y pomo de pl\u00e1stico PA66 pintado suave al tacto.<\/p>\n<p>V\u00e1lvula de seguridad f\u00e1cil de limpiar.<\/p>\n<p>Compatible con placas el\u00e9ctricas, de gas y de inducci\u00f3n.<\/p>\n<p>Cada Bialetti Dolce&amp;Gabbana Moka Induction tiene caracter\u00edsticas distintivas relacionadas con las variaciones en la posici\u00f3n de los motivos decorativos del colector.<\/p>\n<p>Aclarar despu\u00e9s de cada uso con agua tibia, evitando detergentes y materiales abrasivos.<\/p>\n<p>No apto para lavavajillas.<\/p>\n","protected":false},"excerpt":{"rendered":"<p>Moka Inducci\u00f3n Bialetti Dolce&amp;Gabbana | Carro siciliano Dos iconos de la tradici\u00f3n Made in Italy se unen para celebrar la belleza del ritual italiano del caf\u00e9. As\u00ed nace la exquisita Moka Induction Bialetti Dolce&amp;Gabbana, una innovadora cafetera apta para su uso en placas de inducci\u00f3n. Gracias a la tecnolog\u00eda de caldera de doble capa, este [&hellip;]<\/p>\n","protected":false},"featured_media":6366537,"template":"","meta":{"_acf_changed":false},"product_cat":[11894,11884,11668],"product_tag":[],"class_list":{"0":"post-1880750","1":"product","2":"type-product","3":"status-publish","4":"has-post-thumbnail","6":"product_cat-cafeteras","7":"product_cat-cocina","8":"product_cat-cucina","10":"first","11":"instock","12":"sale","13":"taxable","14":"shipping-taxable","15":"purchasable","16":"product-type-simple","swatches":"rey-swatches","show_selected":"","stretch_labels":"rey-swatches--stretch-labels"},"acf":[],"yoast_head":"<!-- This site is optimized with the Yoast SEO plugin v25.4 - https:\/\/yoast.com\/wordpress\/plugins\/seo\/ -->\n<title>BIALETTI Moka Inducci\u00f3n 2 Tazas Dolce e Gabbana - dev6 Erresse<\/title>\n<meta name=\"description\" content=\"Moka Inducci\u00f3n Bialetti Dolce&amp;Gabbana | Carro siciliano Dos iconos de la tradici\u00f3n Made in Italy se unen para celebrar la belleza del ritual italiano\" \/>\n<meta name=\"robots\" content=\"noindex, follow, max-snippet:-1, max-image-preview:large, max-video-preview:-1\" \/>\n<meta property=\"og:locale\" content=\"es_ES\" \/>\n<meta property=\"og:type\" content=\"article\" \/>\n<meta property=\"og:title\" content=\"BIALETTI Moka Inducci\u00f3n 2 Tazas Dolce e Gabbana - dev6 Erresse\" \/>\n<meta property=\"og:description\" content=\"Moka Inducci\u00f3n Bialetti Dolce&amp;Gabbana | Carro siciliano Dos iconos de la tradici\u00f3n Made in Italy se unen para celebrar la belleza del ritual italiano\" \/>\n<meta property=\"og:url\" content=\"https:\/\/dev6.erresse-shop.it\/es\/shop\/cocina\/cafeteras\/bialetti-moka-induccion-2-tazas-dolce-e-gabbana\/\" \/>\n<meta property=\"og:site_name\" content=\"dev6 Erresse\" \/>\n<meta property=\"og:image\" content=\"https:\/\/interpim.erresse-shop.it\/Import\/Prodotti\/bialetti-dolce-e-gabbana-2-tz-induzione.jpg\" \/><meta property=\"og:image\" content=\"https:\/\/interpim.erresse-shop.it\/Import\/Prodotti\/bialetti-dolce-e-gabbana-2-tz-induzione.jpg\" \/>\n\t<meta property=\"og:image:width\" content=\"1024\" \/>\n\t<meta property=\"og:image:height\" content=\"1024\" \/>\n\t<meta property=\"og:image:type\" content=\"image\/jpeg\" \/>\n<meta name=\"twitter:card\" content=\"summary_large_image\" \/>\n<meta name=\"twitter:image\" content=\"https:\/\/interpim.erresse-shop.it\/Import\/Prodotti\/bialetti-dolce-e-gabbana-2-tz-induzione.jpg\" \/>\n<script type=\"application\/ld+json\" class=\"yoast-schema-graph\">{\"@context\":\"https:\/\/schema.org\",\"@graph\":[{\"@type\":\"WebPage\",\"@id\":\"https:\/\/dev6.erresse-shop.it\/es\/shop\/cocina\/cafeteras\/bialetti-moka-induccion-2-tazas-dolce-e-gabbana\/\",\"url\":\"https:\/\/dev6.erresse-shop.it\/es\/shop\/cocina\/cafeteras\/bialetti-moka-induccion-2-tazas-dolce-e-gabbana\/\",\"name\":\"BIALETTI Moka Inducci\u00f3n 2 Tazas Dolce e Gabbana - dev6 Erresse\",\"isPartOf\":{\"@id\":\"https:\/\/dev6.erresse-shop.it\/#website\"},\"primaryImageOfPage\":{\"@id\":\"https:\/\/dev6.erresse-shop.it\/es\/shop\/cocina\/cafeteras\/bialetti-moka-induccion-2-tazas-dolce-e-gabbana\/#primaryimage\"},\"image\":{\"@id\":\"https:\/\/dev6.erresse-shop.it\/es\/shop\/cocina\/cafeteras\/bialetti-moka-induccion-2-tazas-dolce-e-gabbana\/#primaryimage\"},\"thumbnailUrl\":\"https:\/\/i0.wp.com\/interpim.erresse-shop.it\/Import\/Prodotti\/bialetti-dolce-e-gabbana-2-tz-induzione.jpg?ssl=1\",\"datePublished\":\"2026-04-12T08:31:27+00:00\",\"description\":\"Moka Inducci\u00f3n Bialetti Dolce&amp;Gabbana | Carro siciliano Dos iconos de la tradici\u00f3n Made in Italy se unen para celebrar la belleza del ritual italiano\",\"breadcrumb\":{\"@id\":\"https:\/\/dev6.erresse-shop.it\/es\/shop\/cocina\/cafeteras\/bialetti-moka-induccion-2-tazas-dolce-e-gabbana\/#breadcrumb\"},\"inLanguage\":\"es\",\"potentialAction\":[{\"@type\":\"ReadAction\",\"target\":[\"https:\/\/dev6.erresse-shop.it\/es\/shop\/cocina\/cafeteras\/bialetti-moka-induccion-2-tazas-dolce-e-gabbana\/\"]}]},{\"@type\":\"ImageObject\",\"inLanguage\":\"es\",\"@id\":\"https:\/\/dev6.erresse-shop.it\/es\/shop\/cocina\/cafeteras\/bialetti-moka-induccion-2-tazas-dolce-e-gabbana\/#primaryimage\",\"url\":\"https:\/\/i0.wp.com\/interpim.erresse-shop.it\/Import\/Prodotti\/bialetti-dolce-e-gabbana-2-tz-induzione.jpg?ssl=1\",\"contentUrl\":\"https:\/\/i0.wp.com\/interpim.erresse-shop.it\/Import\/Prodotti\/bialetti-dolce-e-gabbana-2-tz-induzione.jpg?ssl=1\"},{\"@type\":\"BreadcrumbList\",\"@id\":\"https:\/\/dev6.erresse-shop.it\/es\/shop\/cocina\/cafeteras\/bialetti-moka-induccion-2-tazas-dolce-e-gabbana\/#breadcrumb\",\"itemListElement\":[{\"@type\":\"ListItem\",\"position\":1,\"name\":\"Home\",\"item\":\"https:\/\/dev6.erresse-shop.it\/\"},{\"@type\":\"ListItem\",\"position\":2,\"name\":\"Tienda\",\"item\":\"https:\/\/dev6.erresse-shop.it\/shop\/\"},{\"@type\":\"ListItem\",\"position\":3,\"name\":\"BIALETTI Moka Inducci\u00f3n 2 Tazas Dolce e Gabbana\"}]},{\"@type\":\"WebSite\",\"@id\":\"https:\/\/dev6.erresse-shop.it\/#website\",\"url\":\"https:\/\/dev6.erresse-shop.it\/\",\"name\":\"Erresse Shop\",\"description\":\"\",\"publisher\":{\"@id\":\"https:\/\/dev6.erresse-shop.it\/#organization\"},\"potentialAction\":[{\"@type\":\"SearchAction\",\"target\":{\"@type\":\"EntryPoint\",\"urlTemplate\":\"https:\/\/dev6.erresse-shop.it\/?s={search_term_string}\"},\"query-input\":{\"@type\":\"PropertyValueSpecification\",\"valueRequired\":true,\"valueName\":\"search_term_string\"}}],\"inLanguage\":\"es\"},{\"@type\":\"Organization\",\"@id\":\"https:\/\/dev6.erresse-shop.it\/#organization\",\"name\":\"Erresse Shop\",\"url\":\"https:\/\/dev6.erresse-shop.it\/\",\"logo\":{\"@type\":\"ImageObject\",\"inLanguage\":\"es\",\"@id\":\"https:\/\/dev6.erresse-shop.it\/#\/schema\/logo\/image\/\",\"url\":\"https:\/\/dev6.erresse-shop.it\/wp-content\/uploads\/2025\/01\/LOGO-ERRESSE-CLASSICO.svg\",\"contentUrl\":\"https:\/\/dev6.erresse-shop.it\/wp-content\/uploads\/2025\/01\/LOGO-ERRESSE-CLASSICO.svg\",\"caption\":\"Erresse Shop\"},\"image\":{\"@id\":\"https:\/\/dev6.erresse-shop.it\/#\/schema\/logo\/image\/\"}}]}<\/script>\n<!-- \/ Yoast SEO plugin. -->","yoast_head_json":{"title":"BIALETTI Moka Inducci\u00f3n 2 Tazas Dolce e Gabbana - dev6 Erresse","description":"Moka Inducci\u00f3n Bialetti Dolce&amp;Gabbana | Carro siciliano Dos iconos de la tradici\u00f3n Made in Italy se unen para celebrar la belleza del ritual italiano","robots":{"index":"noindex","follow":"follow","max-snippet":"max-snippet:-1","max-image-preview":"max-image-preview:large","max-video-preview":"max-video-preview:-1"},"og_locale":"es_ES","og_type":"article","og_title":"BIALETTI Moka Inducci\u00f3n 2 Tazas Dolce e Gabbana - dev6 Erresse","og_description":"Moka Inducci\u00f3n Bialetti Dolce&amp;Gabbana | Carro siciliano Dos iconos de la tradici\u00f3n Made in Italy se unen para celebrar la belleza del ritual italiano","og_url":"https:\/\/dev6.erresse-shop.it\/es\/shop\/cocina\/cafeteras\/bialetti-moka-induccion-2-tazas-dolce-e-gabbana\/","og_site_name":"dev6 Erresse","og_image":[{"url":"https:\/\/interpim.erresse-shop.it\/Import\/Prodotti\/bialetti-dolce-e-gabbana-2-tz-induzione.jpg","type":"","width":"","height":""},{"url":"https:\/\/interpim.erresse-shop.it\/Import\/Prodotti\/bialetti-dolce-e-gabbana-2-tz-induzione.jpg","width":1024,"height":1024,"type":"image\/jpeg"}],"twitter_card":"summary_large_image","twitter_image":"https:\/\/interpim.erresse-shop.it\/Import\/Prodotti\/bialetti-dolce-e-gabbana-2-tz-induzione.jpg","schema":{"@context":"https:\/\/schema.org","@graph":[{"@type":"WebPage","@id":"https:\/\/dev6.erresse-shop.it\/es\/shop\/cocina\/cafeteras\/bialetti-moka-induccion-2-tazas-dolce-e-gabbana\/","url":"https:\/\/dev6.erresse-shop.it\/es\/shop\/cocina\/cafeteras\/bialetti-moka-induccion-2-tazas-dolce-e-gabbana\/","name":"BIALETTI Moka Inducci\u00f3n 2 Tazas Dolce e Gabbana - dev6 Erresse","isPartOf":{"@id":"https:\/\/dev6.erresse-shop.it\/#website"},"primaryImageOfPage":{"@id":"https:\/\/dev6.erresse-shop.it\/es\/shop\/cocina\/cafeteras\/bialetti-moka-induccion-2-tazas-dolce-e-gabbana\/#primaryimage"},"image":{"@id":"https:\/\/dev6.erresse-shop.it\/es\/shop\/cocina\/cafeteras\/bialetti-moka-induccion-2-tazas-dolce-e-gabbana\/#primaryimage"},"thumbnailUrl":"https:\/\/i0.wp.com\/interpim.erresse-shop.it\/Import\/Prodotti\/bialetti-dolce-e-gabbana-2-tz-induzione.jpg?ssl=1","datePublished":"2026-04-12T08:31:27+00:00","description":"Moka Inducci\u00f3n Bialetti Dolce&amp;Gabbana | Carro siciliano Dos iconos de la tradici\u00f3n Made in Italy se unen para celebrar la belleza del ritual italiano","breadcrumb":{"@id":"https:\/\/dev6.erresse-shop.it\/es\/shop\/cocina\/cafeteras\/bialetti-moka-induccion-2-tazas-dolce-e-gabbana\/#breadcrumb"},"inLanguage":"es","potentialAction":[{"@type":"ReadAction","target":["https:\/\/dev6.erresse-shop.it\/es\/shop\/cocina\/cafeteras\/bialetti-moka-induccion-2-tazas-dolce-e-gabbana\/"]}]},{"@type":"ImageObject","inLanguage":"es","@id":"https:\/\/dev6.erresse-shop.it\/es\/shop\/cocina\/cafeteras\/bialetti-moka-induccion-2-tazas-dolce-e-gabbana\/#primaryimage","url":"https:\/\/i0.wp.com\/interpim.erresse-shop.it\/Import\/Prodotti\/bialetti-dolce-e-gabbana-2-tz-induzione.jpg?ssl=1","contentUrl":"https:\/\/i0.wp.com\/interpim.erresse-shop.it\/Import\/Prodotti\/bialetti-dolce-e-gabbana-2-tz-induzione.jpg?ssl=1"},{"@type":"BreadcrumbList","@id":"https:\/\/dev6.erresse-shop.it\/es\/shop\/cocina\/cafeteras\/bialetti-moka-induccion-2-tazas-dolce-e-gabbana\/#breadcrumb","itemListElement":[{"@type":"ListItem","position":1,"name":"Home","item":"https:\/\/dev6.erresse-shop.it\/"},{"@type":"ListItem","position":2,"name":"Tienda","item":"https:\/\/dev6.erresse-shop.it\/shop\/"},{"@type":"ListItem","position":3,"name":"BIALETTI Moka Inducci\u00f3n 2 Tazas Dolce e Gabbana"}]},{"@type":"WebSite","@id":"https:\/\/dev6.erresse-shop.it\/#website","url":"https:\/\/dev6.erresse-shop.it\/","name":"Erresse Shop","description":"","publisher":{"@id":"https:\/\/dev6.erresse-shop.it\/#organization"},"potentialAction":[{"@type":"SearchAction","target":{"@type":"EntryPoint","urlTemplate":"https:\/\/dev6.erresse-shop.it\/?s={search_term_string}"},"query-input":{"@type":"PropertyValueSpecification","valueRequired":true,"valueName":"search_term_string"}}],"inLanguage":"es"},{"@type":"Organization","@id":"https:\/\/dev6.erresse-shop.it\/#organization","name":"Erresse Shop","url":"https:\/\/dev6.erresse-shop.it\/","logo":{"@type":"ImageObject","inLanguage":"es","@id":"https:\/\/dev6.erresse-shop.it\/#\/schema\/logo\/image\/","url":"https:\/\/dev6.erresse-shop.it\/wp-content\/uploads\/2025\/01\/LOGO-ERRESSE-CLASSICO.svg","contentUrl":"https:\/\/dev6.erresse-shop.it\/wp-content\/uploads\/2025\/01\/LOGO-ERRESSE-CLASSICO.svg","caption":"Erresse Shop"},"image":{"@id":"https:\/\/dev6.erresse-shop.it\/#\/schema\/logo\/image\/"}}]}},"df_price":79.95,"df_sale_price":79.95,"df_regular_price":100,"df_image_link":"https:\/\/i0.wp.com\/interpim.erresse-shop.it\/Import\/Prodotti\/bialetti-dolce-e-gabbana-2-tz-induzione.jpg?resize=300,300&ssl=1","fifu_image_url":"https:\/\/interpim.erresse-shop.it\/Import\/Prodotti\/bialetti-dolce-e-gabbana-2-tz-induzione.jpg","_links":{"self":[{"href":"https:\/\/dev6.erresse-shop.it\/es\/wp-json\/wp\/v2\/product\/1880750","targetHints":{"allow":["GET"]}}],"collection":[{"href":"https:\/\/dev6.erresse-shop.it\/es\/wp-json\/wp\/v2\/product"}],"about":[{"href":"https:\/\/dev6.erresse-shop.it\/es\/wp-json\/wp\/v2\/types\/product"}],"wp:featuredmedia":[{"embeddable":true,"href":"https:\/\/dev6.erresse-shop.it\/es\/wp-json\/wp\/v2\/media\/6366537"}],"wp:attachment":[{"href":"https:\/\/dev6.erresse-shop.it\/es\/wp-json\/wp\/v2\/media?parent=1880750"}],"wp:term":[{"taxonomy":"product_cat","embeddable":true,"href":"https:\/\/dev6.erresse-shop.it\/es\/wp-json\/wp\/v2\/product_cat?post=1880750"},{"taxonomy":"product_tag","embeddable":true,"href":"https:\/\/dev6.erresse-shop.it\/es\/wp-json\/wp\/v2\/product_tag?post=1880750"}],"curies":[{"name":"wp","href":"https:\/\/api.w.org\/{rel}","templated":true}]}}