{"id":1880744,"date":"2026-04-12T10:31:27","date_gmt":"2026-04-12T08:31:27","guid":{"rendered":"https:\/\/dev6.erresse-shop.it\/shop\/sin%20categor\u00eda\/joseph-joseph-glide-compact-tabla-de-planchar-verde\/"},"modified":"2025-12-08T17:54:42","modified_gmt":"2025-12-08T16:54:42","slug":"joseph-joseph-glide-compact-tabla-de-planchar-verde","status":"publish","type":"product","link":"https:\/\/dev6.erresse-shop.it\/es\/shop\/mobiliario\/tablas-de-planchar\/joseph-joseph-glide-compact-tabla-de-planchar-verde\/","title":{"rendered":"JOSEPH JOSEPH Glide Compact Tabla de planchar verde"},"content":{"rendered":"<p>Compacto y delgado cuando est\u00e1 plegado<\/p>\n<p>F\u00e1cil y r\u00e1pida de montar y ajustable en seis posiciones de altura, desde 81 cm (32 pulgadas) hasta un m\u00e1ximo de 96 cm (38 pulgadas)<\/p>\n<p>Alfombrilla de plancha de silicona extra\u00edble y resistente al calor<\/p>\n<p>Se incluye un gancho independiente para colgarla y guardarla f\u00e1cilmente<\/p>\n<p>Cubierta f\u00e1cil de cambiar con palanca de cable<\/p>\n<p>Cuidado y uso<\/p>\n<p>Forro: limpiar s\u00f3lo con un pa\u00f1o, no lavar a m\u00e1quina<\/p>\n<p>Armaz\u00f3n: limpiar con un pa\u00f1o h\u00famedo, no utilizar pa\u00f1os abrasivos ni limpiadores qu\u00edmicos fuertes<\/p>\n<p>Precauci\u00f3n: no deje la plancha caliente sin vigilancia sobre el reposaplanchas de silicona<\/p>\n<p>Mantenga a los ni\u00f1os alejados de la tabla de planchar durante su uso y gu\u00e1rdela de forma segura despu\u00e9s de utilizarla<\/p>\n<p>Marco garantizado durante 3 a\u00f1os contra defectos de fabricaci\u00f3n, todos los detalles se pueden encontrar en nuestra p\u00e1gina de garant\u00eda aqu\u00ed , todas las dem\u00e1s partes garantizadas por 2 a\u00f1os<\/p>\n<p>Encuentre el v\u00eddeo completo sobre la sustituci\u00f3n de la cubierta aqu\u00ed<\/p>\n<p>Encuentre el folleto de instrucciones completo aqu\u00ed<\/p>\n<p>Dimensiones<\/p>\n<p>Dimensiones del tablero: Alto 110 x Ancho 33 cm (43,3 x 13 pulgadas)<\/p>\n<p>Cerrado (patas incluidas): H131 x A42 x P10 cm (H51,5 x A16,5 x P4 pulgadas)<\/p>\n<p>Peso: 4,65 kg<\/p>\n","protected":false},"excerpt":{"rendered":"<p>Compacto y delgado cuando est\u00e1 plegado F\u00e1cil y r\u00e1pida de montar y ajustable en seis posiciones de altura, desde 81 cm (32 pulgadas) hasta un m\u00e1ximo de 96 cm (38 pulgadas) Alfombrilla de plancha de silicona extra\u00edble y resistente al calor Se incluye un gancho independiente para colgarla y guardarla f\u00e1cilmente Cubierta f\u00e1cil de cambiar [&hellip;]<\/p>\n","protected":false},"featured_media":6366507,"template":"","meta":{"_acf_changed":false},"product_cat":[11666,11882,11923],"product_tag":[],"class_list":{"0":"post-1880744","1":"product","2":"type-product","3":"status-publish","4":"has-post-thumbnail","6":"product_cat-arredamento-casa","7":"product_cat-mobiliario","8":"product_cat-tablas-de-planchar","10":"first","11":"instock","12":"sale","13":"taxable","14":"shipping-taxable","15":"purchasable","16":"product-type-simple","swatches":"rey-swatches","show_selected":"","stretch_labels":"rey-swatches--stretch-labels"},"acf":[],"yoast_head":"<!-- This site is optimized with the Yoast SEO plugin v25.4 - https:\/\/yoast.com\/wordpress\/plugins\/seo\/ -->\n<title>JOSEPH JOSEPH Glide Compact Tabla de planchar verde - dev6 Erresse<\/title>\n<meta name=\"description\" content=\"Compacto y delgado cuando est\u00e1 plegado F\u00e1cil y r\u00e1pida de montar y ajustable en seis posiciones de altura, desde 81 cm (32 pulgadas) hasta un m\u00e1ximo de 96\" \/>\n<meta name=\"robots\" content=\"noindex, follow, max-snippet:-1, max-image-preview:large, max-video-preview:-1\" \/>\n<meta property=\"og:locale\" content=\"es_ES\" \/>\n<meta property=\"og:type\" content=\"article\" \/>\n<meta property=\"og:title\" content=\"JOSEPH JOSEPH Glide Compact Tabla de planchar verde - dev6 Erresse\" \/>\n<meta property=\"og:description\" content=\"Compacto y delgado cuando est\u00e1 plegado F\u00e1cil y r\u00e1pida de montar y ajustable en seis posiciones de altura, desde 81 cm (32 pulgadas) hasta un m\u00e1ximo de 96\" \/>\n<meta property=\"og:url\" content=\"https:\/\/dev6.erresse-shop.it\/es\/shop\/mobiliario\/tablas-de-planchar\/joseph-joseph-glide-compact-tabla-de-planchar-verde\/\" \/>\n<meta property=\"og:site_name\" content=\"dev6 Erresse\" \/>\n<meta property=\"og:image\" content=\"https:\/\/interpim.erresse-shop.it\/wp-content\/uploads\/2024\/03\/JOSEPH-JOSEPH-Glide-Compact-Asse-da-Stiro-Verde.jpg\/joseph-joseph-glide-compact-asse-da-stiro-verde.jpg\" \/><meta property=\"og:image\" content=\"https:\/\/interpim.erresse-shop.it\/wp-content\/uploads\/2024\/03\/JOSEPH-JOSEPH-Glide-Compact-Asse-da-Stiro-Verde.jpg\/joseph-joseph-glide-compact-asse-da-stiro-verde.jpg\" \/>\n\t<meta property=\"og:image:width\" content=\"1024\" \/>\n\t<meta property=\"og:image:height\" content=\"1024\" \/>\n\t<meta property=\"og:image:type\" content=\"image\/jpeg\" \/>\n<meta name=\"twitter:card\" content=\"summary_large_image\" \/>\n<meta name=\"twitter:image\" content=\"https:\/\/interpim.erresse-shop.it\/wp-content\/uploads\/2024\/03\/JOSEPH-JOSEPH-Glide-Compact-Asse-da-Stiro-Verde.jpg\/joseph-joseph-glide-compact-asse-da-stiro-verde.jpg\" \/>\n<script type=\"application\/ld+json\" class=\"yoast-schema-graph\">{\"@context\":\"https:\/\/schema.org\",\"@graph\":[{\"@type\":\"WebPage\",\"@id\":\"https:\/\/dev6.erresse-shop.it\/es\/shop\/mobiliario\/tablas-de-planchar\/joseph-joseph-glide-compact-tabla-de-planchar-verde\/\",\"url\":\"https:\/\/dev6.erresse-shop.it\/es\/shop\/mobiliario\/tablas-de-planchar\/joseph-joseph-glide-compact-tabla-de-planchar-verde\/\",\"name\":\"JOSEPH JOSEPH Glide Compact Tabla de planchar verde - dev6 Erresse\",\"isPartOf\":{\"@id\":\"https:\/\/dev6.erresse-shop.it\/#website\"},\"primaryImageOfPage\":{\"@id\":\"https:\/\/dev6.erresse-shop.it\/es\/shop\/mobiliario\/tablas-de-planchar\/joseph-joseph-glide-compact-tabla-de-planchar-verde\/#primaryimage\"},\"image\":{\"@id\":\"https:\/\/dev6.erresse-shop.it\/es\/shop\/mobiliario\/tablas-de-planchar\/joseph-joseph-glide-compact-tabla-de-planchar-verde\/#primaryimage\"},\"thumbnailUrl\":\"https:\/\/i3.wp.com\/interpim.erresse-shop.it\/wp-content\/uploads\/2024\/03\/JOSEPH-JOSEPH-Glide-Compact-Asse-da-Stiro-Verde.jpg\/joseph-joseph-glide-compact-asse-da-stiro-verde.jpg?ssl=1\",\"datePublished\":\"2026-04-12T08:31:27+00:00\",\"description\":\"Compacto y delgado cuando est\u00e1 plegado F\u00e1cil y r\u00e1pida de montar y ajustable en seis posiciones de altura, desde 81 cm (32 pulgadas) hasta un m\u00e1ximo de 96\",\"breadcrumb\":{\"@id\":\"https:\/\/dev6.erresse-shop.it\/es\/shop\/mobiliario\/tablas-de-planchar\/joseph-joseph-glide-compact-tabla-de-planchar-verde\/#breadcrumb\"},\"inLanguage\":\"es\",\"potentialAction\":[{\"@type\":\"ReadAction\",\"target\":[\"https:\/\/dev6.erresse-shop.it\/es\/shop\/mobiliario\/tablas-de-planchar\/joseph-joseph-glide-compact-tabla-de-planchar-verde\/\"]}]},{\"@type\":\"ImageObject\",\"inLanguage\":\"es\",\"@id\":\"https:\/\/dev6.erresse-shop.it\/es\/shop\/mobiliario\/tablas-de-planchar\/joseph-joseph-glide-compact-tabla-de-planchar-verde\/#primaryimage\",\"url\":\"https:\/\/i3.wp.com\/interpim.erresse-shop.it\/wp-content\/uploads\/2024\/03\/JOSEPH-JOSEPH-Glide-Compact-Asse-da-Stiro-Verde.jpg\/joseph-joseph-glide-compact-asse-da-stiro-verde.jpg?ssl=1\",\"contentUrl\":\"https:\/\/i3.wp.com\/interpim.erresse-shop.it\/wp-content\/uploads\/2024\/03\/JOSEPH-JOSEPH-Glide-Compact-Asse-da-Stiro-Verde.jpg\/joseph-joseph-glide-compact-asse-da-stiro-verde.jpg?ssl=1\"},{\"@type\":\"BreadcrumbList\",\"@id\":\"https:\/\/dev6.erresse-shop.it\/es\/shop\/mobiliario\/tablas-de-planchar\/joseph-joseph-glide-compact-tabla-de-planchar-verde\/#breadcrumb\",\"itemListElement\":[{\"@type\":\"ListItem\",\"position\":1,\"name\":\"Home\",\"item\":\"https:\/\/dev6.erresse-shop.it\/\"},{\"@type\":\"ListItem\",\"position\":2,\"name\":\"Tienda\",\"item\":\"https:\/\/dev6.erresse-shop.it\/shop\/\"},{\"@type\":\"ListItem\",\"position\":3,\"name\":\"JOSEPH JOSEPH Glide Compact Tabla de planchar verde\"}]},{\"@type\":\"WebSite\",\"@id\":\"https:\/\/dev6.erresse-shop.it\/#website\",\"url\":\"https:\/\/dev6.erresse-shop.it\/\",\"name\":\"Erresse Shop\",\"description\":\"\",\"publisher\":{\"@id\":\"https:\/\/dev6.erresse-shop.it\/#organization\"},\"potentialAction\":[{\"@type\":\"SearchAction\",\"target\":{\"@type\":\"EntryPoint\",\"urlTemplate\":\"https:\/\/dev6.erresse-shop.it\/?s={search_term_string}\"},\"query-input\":{\"@type\":\"PropertyValueSpecification\",\"valueRequired\":true,\"valueName\":\"search_term_string\"}}],\"inLanguage\":\"es\"},{\"@type\":\"Organization\",\"@id\":\"https:\/\/dev6.erresse-shop.it\/#organization\",\"name\":\"Erresse Shop\",\"url\":\"https:\/\/dev6.erresse-shop.it\/\",\"logo\":{\"@type\":\"ImageObject\",\"inLanguage\":\"es\",\"@id\":\"https:\/\/dev6.erresse-shop.it\/#\/schema\/logo\/image\/\",\"url\":\"https:\/\/dev6.erresse-shop.it\/wp-content\/uploads\/2025\/01\/LOGO-ERRESSE-CLASSICO.svg\",\"contentUrl\":\"https:\/\/dev6.erresse-shop.it\/wp-content\/uploads\/2025\/01\/LOGO-ERRESSE-CLASSICO.svg\",\"caption\":\"Erresse Shop\"},\"image\":{\"@id\":\"https:\/\/dev6.erresse-shop.it\/#\/schema\/logo\/image\/\"}}]}<\/script>\n<!-- \/ Yoast SEO plugin. -->","yoast_head_json":{"title":"JOSEPH JOSEPH Glide Compact Tabla de planchar verde - dev6 Erresse","description":"Compacto y delgado cuando est\u00e1 plegado F\u00e1cil y r\u00e1pida de montar y ajustable en seis posiciones de altura, desde 81 cm (32 pulgadas) hasta un m\u00e1ximo de 96","robots":{"index":"noindex","follow":"follow","max-snippet":"max-snippet:-1","max-image-preview":"max-image-preview:large","max-video-preview":"max-video-preview:-1"},"og_locale":"es_ES","og_type":"article","og_title":"JOSEPH JOSEPH Glide Compact Tabla de planchar verde - dev6 Erresse","og_description":"Compacto y delgado cuando est\u00e1 plegado F\u00e1cil y r\u00e1pida de montar y ajustable en seis posiciones de altura, desde 81 cm (32 pulgadas) hasta un m\u00e1ximo de 96","og_url":"https:\/\/dev6.erresse-shop.it\/es\/shop\/mobiliario\/tablas-de-planchar\/joseph-joseph-glide-compact-tabla-de-planchar-verde\/","og_site_name":"dev6 Erresse","og_image":[{"url":"https:\/\/interpim.erresse-shop.it\/wp-content\/uploads\/2024\/03\/JOSEPH-JOSEPH-Glide-Compact-Asse-da-Stiro-Verde.jpg\/joseph-joseph-glide-compact-asse-da-stiro-verde.jpg","type":"","width":"","height":""},{"url":"https:\/\/interpim.erresse-shop.it\/wp-content\/uploads\/2024\/03\/JOSEPH-JOSEPH-Glide-Compact-Asse-da-Stiro-Verde.jpg\/joseph-joseph-glide-compact-asse-da-stiro-verde.jpg","width":1024,"height":1024,"type":"image\/jpeg"}],"twitter_card":"summary_large_image","twitter_image":"https:\/\/interpim.erresse-shop.it\/wp-content\/uploads\/2024\/03\/JOSEPH-JOSEPH-Glide-Compact-Asse-da-Stiro-Verde.jpg\/joseph-joseph-glide-compact-asse-da-stiro-verde.jpg","schema":{"@context":"https:\/\/schema.org","@graph":[{"@type":"WebPage","@id":"https:\/\/dev6.erresse-shop.it\/es\/shop\/mobiliario\/tablas-de-planchar\/joseph-joseph-glide-compact-tabla-de-planchar-verde\/","url":"https:\/\/dev6.erresse-shop.it\/es\/shop\/mobiliario\/tablas-de-planchar\/joseph-joseph-glide-compact-tabla-de-planchar-verde\/","name":"JOSEPH JOSEPH Glide Compact Tabla de planchar verde - dev6 Erresse","isPartOf":{"@id":"https:\/\/dev6.erresse-shop.it\/#website"},"primaryImageOfPage":{"@id":"https:\/\/dev6.erresse-shop.it\/es\/shop\/mobiliario\/tablas-de-planchar\/joseph-joseph-glide-compact-tabla-de-planchar-verde\/#primaryimage"},"image":{"@id":"https:\/\/dev6.erresse-shop.it\/es\/shop\/mobiliario\/tablas-de-planchar\/joseph-joseph-glide-compact-tabla-de-planchar-verde\/#primaryimage"},"thumbnailUrl":"https:\/\/i3.wp.com\/interpim.erresse-shop.it\/wp-content\/uploads\/2024\/03\/JOSEPH-JOSEPH-Glide-Compact-Asse-da-Stiro-Verde.jpg\/joseph-joseph-glide-compact-asse-da-stiro-verde.jpg?ssl=1","datePublished":"2026-04-12T08:31:27+00:00","description":"Compacto y delgado cuando est\u00e1 plegado F\u00e1cil y r\u00e1pida de montar y ajustable en seis posiciones de altura, desde 81 cm (32 pulgadas) hasta un m\u00e1ximo de 96","breadcrumb":{"@id":"https:\/\/dev6.erresse-shop.it\/es\/shop\/mobiliario\/tablas-de-planchar\/joseph-joseph-glide-compact-tabla-de-planchar-verde\/#breadcrumb"},"inLanguage":"es","potentialAction":[{"@type":"ReadAction","target":["https:\/\/dev6.erresse-shop.it\/es\/shop\/mobiliario\/tablas-de-planchar\/joseph-joseph-glide-compact-tabla-de-planchar-verde\/"]}]},{"@type":"ImageObject","inLanguage":"es","@id":"https:\/\/dev6.erresse-shop.it\/es\/shop\/mobiliario\/tablas-de-planchar\/joseph-joseph-glide-compact-tabla-de-planchar-verde\/#primaryimage","url":"https:\/\/i3.wp.com\/interpim.erresse-shop.it\/wp-content\/uploads\/2024\/03\/JOSEPH-JOSEPH-Glide-Compact-Asse-da-Stiro-Verde.jpg\/joseph-joseph-glide-compact-asse-da-stiro-verde.jpg?ssl=1","contentUrl":"https:\/\/i3.wp.com\/interpim.erresse-shop.it\/wp-content\/uploads\/2024\/03\/JOSEPH-JOSEPH-Glide-Compact-Asse-da-Stiro-Verde.jpg\/joseph-joseph-glide-compact-asse-da-stiro-verde.jpg?ssl=1"},{"@type":"BreadcrumbList","@id":"https:\/\/dev6.erresse-shop.it\/es\/shop\/mobiliario\/tablas-de-planchar\/joseph-joseph-glide-compact-tabla-de-planchar-verde\/#breadcrumb","itemListElement":[{"@type":"ListItem","position":1,"name":"Home","item":"https:\/\/dev6.erresse-shop.it\/"},{"@type":"ListItem","position":2,"name":"Tienda","item":"https:\/\/dev6.erresse-shop.it\/shop\/"},{"@type":"ListItem","position":3,"name":"JOSEPH JOSEPH Glide Compact Tabla de planchar verde"}]},{"@type":"WebSite","@id":"https:\/\/dev6.erresse-shop.it\/#website","url":"https:\/\/dev6.erresse-shop.it\/","name":"Erresse Shop","description":"","publisher":{"@id":"https:\/\/dev6.erresse-shop.it\/#organization"},"potentialAction":[{"@type":"SearchAction","target":{"@type":"EntryPoint","urlTemplate":"https:\/\/dev6.erresse-shop.it\/?s={search_term_string}"},"query-input":{"@type":"PropertyValueSpecification","valueRequired":true,"valueName":"search_term_string"}}],"inLanguage":"es"},{"@type":"Organization","@id":"https:\/\/dev6.erresse-shop.it\/#organization","name":"Erresse Shop","url":"https:\/\/dev6.erresse-shop.it\/","logo":{"@type":"ImageObject","inLanguage":"es","@id":"https:\/\/dev6.erresse-shop.it\/#\/schema\/logo\/image\/","url":"https:\/\/dev6.erresse-shop.it\/wp-content\/uploads\/2025\/01\/LOGO-ERRESSE-CLASSICO.svg","contentUrl":"https:\/\/dev6.erresse-shop.it\/wp-content\/uploads\/2025\/01\/LOGO-ERRESSE-CLASSICO.svg","caption":"Erresse Shop"},"image":{"@id":"https:\/\/dev6.erresse-shop.it\/#\/schema\/logo\/image\/"}}]}},"df_price":112.95,"df_sale_price":112.95,"df_regular_price":129.99,"df_image_link":"https:\/\/i3.wp.com\/interpim.erresse-shop.it\/wp-content\/uploads\/2024\/03\/JOSEPH-JOSEPH-Glide-Compact-Asse-da-Stiro-Verde.jpg\/joseph-joseph-glide-compact-asse-da-stiro-verde.jpg?resize=300,300&ssl=1","fifu_image_url":"https:\/\/interpim.erresse-shop.it\/wp-content\/uploads\/2024\/03\/JOSEPH-JOSEPH-Glide-Compact-Asse-da-Stiro-Verde.jpg\/joseph-joseph-glide-compact-asse-da-stiro-verde.jpg","_links":{"self":[{"href":"https:\/\/dev6.erresse-shop.it\/es\/wp-json\/wp\/v2\/product\/1880744","targetHints":{"allow":["GET"]}}],"collection":[{"href":"https:\/\/dev6.erresse-shop.it\/es\/wp-json\/wp\/v2\/product"}],"about":[{"href":"https:\/\/dev6.erresse-shop.it\/es\/wp-json\/wp\/v2\/types\/product"}],"wp:featuredmedia":[{"embeddable":true,"href":"https:\/\/dev6.erresse-shop.it\/es\/wp-json\/wp\/v2\/media\/6366507"}],"wp:attachment":[{"href":"https:\/\/dev6.erresse-shop.it\/es\/wp-json\/wp\/v2\/media?parent=1880744"}],"wp:term":[{"taxonomy":"product_cat","embeddable":true,"href":"https:\/\/dev6.erresse-shop.it\/es\/wp-json\/wp\/v2\/product_cat?post=1880744"},{"taxonomy":"product_tag","embeddable":true,"href":"https:\/\/dev6.erresse-shop.it\/es\/wp-json\/wp\/v2\/product_tag?post=1880744"}],"curies":[{"name":"wp","href":"https:\/\/api.w.org\/{rel}","templated":true}]}}